{"id":3093,"date":"2025-08-02T09:30:51","date_gmt":"2025-08-02T09:30:51","guid":{"rendered":"https:\/\/allwintheme.com\/?post_type=product&#038;p=3093"},"modified":"2025-08-02T14:02:30","modified_gmt":"2025-08-02T14:02:30","slug":"elementor-pro","status":"publish","type":"product","link":"https:\/\/allwintheme.com\/es\/producto\/elementor-pro\/","title":{"rendered":"Elementor PRO"},"content":{"rendered":"<div data-elementor-type=\"wp-post\" data-elementor-id=\"3093\" class=\"elementor elementor-3093\" data-elementor-settings=\"{&quot;element_pack_global_tooltip_width&quot;:{&quot;unit&quot;:&quot;px&quot;,&quot;size&quot;:&quot;&quot;,&quot;sizes&quot;:[]},&quot;element_pack_global_tooltip_width_tablet&quot;:{&quot;unit&quot;:&quot;px&quot;,&quot;size&quot;:&quot;&quot;,&quot;sizes&quot;:[]},&quot;element_pack_global_tooltip_width_mobile&quot;:{&quot;unit&quot;:&quot;px&quot;,&quot;size&quot;:&quot;&quot;,&quot;sizes&quot;:[]},&quot;element_pack_global_tooltip_padding&quot;:{&quot;unit&quot;:&quot;px&quot;,&quot;top&quot;:&quot;&quot;,&quot;right&quot;:&quot;&quot;,&quot;bottom&quot;:&quot;&quot;,&quot;left&quot;:&quot;&quot;,&quot;isLinked&quot;:true},&quot;element_pack_global_tooltip_padding_tablet&quot;:{&quot;unit&quot;:&quot;px&quot;,&quot;top&quot;:&quot;&quot;,&quot;right&quot;:&quot;&quot;,&quot;bottom&quot;:&quot;&quot;,&quot;left&quot;:&quot;&quot;,&quot;isLinked&quot;:true},&quot;element_pack_global_tooltip_padding_mobile&quot;:{&quot;unit&quot;:&quot;px&quot;,&quot;top&quot;:&quot;&quot;,&quot;right&quot;:&quot;&quot;,&quot;bottom&quot;:&quot;&quot;,&quot;left&quot;:&quot;&quot;,&quot;isLinked&quot;:true},&quot;element_pack_global_tooltip_border_radius&quot;:{&quot;unit&quot;:&quot;px&quot;,&quot;top&quot;:&quot;&quot;,&quot;right&quot;:&quot;&quot;,&quot;bottom&quot;:&quot;&quot;,&quot;left&quot;:&quot;&quot;,&quot;isLinked&quot;:true},&quot;element_pack_global_tooltip_border_radius_tablet&quot;:{&quot;unit&quot;:&quot;px&quot;,&quot;top&quot;:&quot;&quot;,&quot;right&quot;:&quot;&quot;,&quot;bottom&quot;:&quot;&quot;,&quot;left&quot;:&quot;&quot;,&quot;isLinked&quot;:true},&quot;element_pack_global_tooltip_border_radius_mobile&quot;:{&quot;unit&quot;:&quot;px&quot;,&quot;top&quot;:&quot;&quot;,&quot;right&quot;:&quot;&quot;,&quot;bottom&quot;:&quot;&quot;,&quot;left&quot;:&quot;&quot;,&quot;isLinked&quot;:true}}\" data-elementor-post-type=\"product\">\n\t\t\t\t<div class=\"elementor-element elementor-element-29e0558 e-flex e-con-boxed e-con e-parent\" data-id=\"29e0558\" data-element_type=\"container\" data-e-type=\"container\">\n\t\t\t\t\t<div class=\"e-con-inner\">\n\t\t\t\t<div class=\"elementor-element elementor-element-22b3cc5 elementor-widget elementor-widget-wd_text_block\" data-id=\"22b3cc5\" data-element_type=\"widget\" data-e-type=\"widget\" data-widget_type=\"wd_text_block.default\">\n\t\t\t\t<div class=\"elementor-widget-container\">\n\t\t\t\t\t\t\t<div class=\"wd-text-block reset-last-child text-left\">\n\t\t\t\n\t\t\t<section>\n  <h2>Aviso importante<\/h2>\n  <p>Para utilizar <strong>Elementor Pro<\/strong>primero debe instalar la versi\u00f3n oficial gratuita de Elementor. Est\u00e1 disponible en el directorio de plugins de WordPress en: \n    <a href=\"https:\/\/wordpress.org\/plugins\/elementor\/\" target=\"_blank\" rel=\"nofollow\">https:\/\/wordpress.org\/plugins\/elementor\/<\/a>\n  <\/p>\n<\/section>\n\n<section>\n  <h2>Visi\u00f3n general del plugin<\/h2>\n  <p>Elementor Pro es un constructor de p\u00e1ginas premium desarrollado para WordPress. Mejora la versi\u00f3n gratuita a\u00f1adiendo una amplia gama de potentes funciones que permiten a los usuarios crear sitios web altamente personalizados y visualmente atractivos sin necesidad de tener conocimientos de codificaci\u00f3n.<\/p>\n  <p>Con una interfaz de arrastrar y soltar, Elementor Pro es ampliamente utilizado para la construcci\u00f3n de sitios web de negocios, tiendas de comercio electr\u00f3nico, p\u00e1ginas de marketing, y mucho m\u00e1s. Es la herramienta preferida tanto de dise\u00f1adores como de desarrolladores que buscan un control creativo total y eficiencia en el flujo de trabajo.<\/p>\n<\/section>\n\n<section>\n  <h2>Caracter\u00edsticas principales<\/h2>\n  <ul>\n    <li><strong>Creador de temas<\/strong> Personaliza encabezados, pies de p\u00e1gina, plantillas de entradas individuales y otras secciones clave del dise\u00f1o.<\/li>\n    <li><strong>Integraci\u00f3n con WooCommerce<\/strong> Dise\u00f1ar visualmente p\u00e1ginas de productos, carros de la compra y experiencias de pago.<\/li>\n    <li><strong>Widgets avanzados<\/strong> Acceda a elementos premium como formularios, sliders, testimonios y m\u00f3dulos de inicio de sesi\u00f3n.<\/li>\n    <li><strong>Contenido din\u00e1mico<\/strong> Mostrar contenido de campos y tipos de entrada personalizados para una mayor flexibilidad<\/li>\n    <li><strong>Creador de ventanas emergentes<\/strong> Cree ventanas emergentes espec\u00edficas para captar clientes potenciales, promociones y captaci\u00f3n de usuarios<\/li>\n    <li><strong>Widgets globales<\/strong> Reutilizaci\u00f3n y gesti\u00f3n centralizada de widgets en varias p\u00e1ginas<\/li>\n    <li><strong>CSS personalizado<\/strong> A\u00f1ade y gestiona estilos personalizados directamente en el editor de Elementor<\/li>\n    <li><strong>Director<\/strong> Controlar el acceso y los permisos de los miembros del equipo que trabajan en el sitio<\/li>\n  <\/ul>\n<\/section>\n\n<section>\n  <h2>Qu\u00e9 ofrece Elementor Pro<\/h2>\n  <ul>\n    <li>Acceso a todos los widgets profesionales y funciones avanzadas<\/li>\n    <li>Capacidad para dise\u00f1ar plantillas y dise\u00f1os de p\u00e1gina totalmente personalizados<\/li>\n    <li>Integraci\u00f3n con herramientas populares de marketing y CRM<\/li>\n    <li>Generador de formularios integrado con validaci\u00f3n, notificaciones por correo electr\u00f3nico y compatibilidad con webhooks.<\/li>\n    <li>Capacidades de contenido din\u00e1mico para una gesti\u00f3n de datos m\u00e1s flexible<\/li>\n    <li>Amplia colecci\u00f3n de plantillas para diversos sectores<\/li>\n    <li>Actualizaciones premium peri\u00f3dicas y asistencia t\u00e9cnica<\/li>\n    <li>Uso ilimitado en varios sitios web con una sola licencia<\/li>\n  <\/ul>\n<\/section>\n\n<section>\n  <h2>Experiencia profesional en dise\u00f1o<\/h2>\n  <ul>\n    <li><strong>M\u00f3dulos completos<\/strong> Incluye elementos como t\u00edtulos, im\u00e1genes, p\u00e1rrafos, v\u00eddeos, botones, iconos, galer\u00edas, testimonios, iconos de redes sociales y c\u00f3digos cortos.<\/li>\n    <li><strong>Edici\u00f3n visual<\/strong> La interfaz de arrastrar y soltar facilita la creaci\u00f3n de p\u00e1ginas sin escribir c\u00f3digo<\/li>\n    <li><strong>Plantillas predise\u00f1adas<\/strong> Incluye m\u00e1s de 150 plantillas en la versi\u00f3n gratuita y m\u00e1s de 300 en la Pro, listas para su uso directo<\/li>\n    <li><strong>Compatibilidad de temas<\/strong> Totalmente compatible con temas como Astra, GeneratePress y otros, con control sobre los colores, el espaciado y la tipograf\u00eda.<\/li>\n    <li><strong>Integraciones de terceros<\/strong> Compatible con herramientas como Mailchimp, Zapier, HubSpot, ConvertKit, Slack, Drip y GetResponse.<\/li>\n  <\/ul>\n<\/section>\n\n\t\t\t\t\t<\/div>\n\t\t\t\t\t\t<\/div>\n\t\t\t\t<\/div>\n\t\t<div class=\"elementor-element elementor-element-0414224 e-con-full e-flex e-con e-child\" data-id=\"0414224\" data-element_type=\"container\" data-e-type=\"container\">\n\t\t\t\t<\/div>\n\t\t\t\t\t<\/div>\n\t\t\t\t<\/div>\n\t\t\t\t<\/div>","protected":false},"excerpt":{"rendered":"<p>Aviso importante Para utilizar Elementor Pro, primero debe instalar la versi\u00f3n gratuita oficial de Elementor. Est\u00e1 disponible en<\/p>","protected":false},"featured_media":3094,"comment_status":"open","ping_status":"closed","template":"","meta":{"_acf_changed":false},"product_brand":[],"product_cat":[49],"product_tag":[],"class_list":{"0":"post-3093","1":"product","2":"type-product","3":"status-publish","4":"has-post-thumbnail","6":"product_cat-plugins","8":"first","9":"instock","10":"downloadable","11":"shipping-taxable","12":"purchasable","13":"product-type-simple"},"acf":[],"yoast_head":"<!-- This site is optimized with the Yoast SEO Premium plugin v25.6 (Yoast SEO v27.1.1) - https:\/\/yoast.com\/product\/yoast-seo-premium-wordpress\/ -->\n<title>Elementor PRO - AllWin Theme \u2013 Free WordPress Themes Download<\/title>\n<meta name=\"robots\" content=\"index, follow, max-snippet:-1, max-image-preview:large, max-video-preview:-1\" \/>\n<link rel=\"canonical\" href=\"https:\/\/allwintheme.com\/es\/producto\/elementor-pro\/\" \/>\n<meta property=\"og:locale\" content=\"es_ES\" \/>\n<meta property=\"og:type\" content=\"article\" \/>\n<meta property=\"og:title\" content=\"Elementor PRO\" \/>\n<meta property=\"og:description\" content=\"Important Notice To use Elementor Pro, you must first install the official free version of Elementor. It is available on\" \/>\n<meta property=\"og:url\" content=\"https:\/\/allwintheme.com\/es\/producto\/elementor-pro\/\" \/>\n<meta property=\"og:site_name\" content=\"AllWin Theme \u2013 Free WordPress Themes Download\" \/>\n<meta property=\"article:modified_time\" content=\"2025-08-02T14:02:30+00:00\" \/>\n<meta property=\"og:image\" content=\"https:\/\/allwintheme.com\/wp-content\/uploads\/2025\/08\/elementor-pro-1024x576.jpg.webp\" \/>\n\t<meta property=\"og:image:width\" content=\"1024\" \/>\n\t<meta property=\"og:image:height\" content=\"576\" \/>\n\t<meta property=\"og:image:type\" content=\"image\/webp\" \/>\n<meta name=\"twitter:card\" content=\"summary_large_image\" \/>\n<meta name=\"twitter:label1\" content=\"Tiempo estimado de lectura\" \/>\n\t<meta name=\"twitter:data1\" content=\"2 minutos\" \/>\n<script type=\"application\/ld+json\" class=\"yoast-schema-graph\">{\"@context\":\"https:\/\/schema.org\",\"@graph\":[{\"@type\":\"WebPage\",\"@id\":\"https:\/\/allwintheme.com\/product\/elementor-pro\/\",\"url\":\"https:\/\/allwintheme.com\/product\/elementor-pro\/\",\"name\":\"Elementor PRO - AllWin Theme \u2013 Free WordPress Themes Download\",\"isPartOf\":{\"@id\":\"https:\/\/allwintheme.com\/#website\"},\"primaryImageOfPage\":{\"@id\":\"https:\/\/allwintheme.com\/product\/elementor-pro\/#primaryimage\"},\"image\":{\"@id\":\"https:\/\/allwintheme.com\/product\/elementor-pro\/#primaryimage\"},\"thumbnailUrl\":\"https:\/\/allwintheme.com\/wp-content\/uploads\/2025\/08\/elementor-pro-1024x576.jpg.webp\",\"datePublished\":\"2025-08-02T09:30:51+00:00\",\"dateModified\":\"2025-08-02T14:02:30+00:00\",\"breadcrumb\":{\"@id\":\"https:\/\/allwintheme.com\/product\/elementor-pro\/#breadcrumb\"},\"inLanguage\":\"es-CL\",\"potentialAction\":[{\"@type\":\"ReadAction\",\"target\":[\"https:\/\/allwintheme.com\/product\/elementor-pro\/\"]}]},{\"@type\":\"ImageObject\",\"inLanguage\":\"es-CL\",\"@id\":\"https:\/\/allwintheme.com\/product\/elementor-pro\/#primaryimage\",\"url\":\"https:\/\/allwintheme.com\/wp-content\/uploads\/2025\/08\/elementor-pro-1024x576.jpg.webp\",\"contentUrl\":\"https:\/\/allwintheme.com\/wp-content\/uploads\/2025\/08\/elementor-pro-1024x576.jpg.webp\",\"width\":1024,\"height\":576},{\"@type\":\"BreadcrumbList\",\"@id\":\"https:\/\/allwintheme.com\/product\/elementor-pro\/#breadcrumb\",\"itemListElement\":[{\"@type\":\"ListItem\",\"position\":1,\"name\":\"Home\",\"item\":\"https:\/\/allwintheme.com\/\"},{\"@type\":\"ListItem\",\"position\":2,\"name\":\"Shop\",\"item\":\"https:\/\/allwintheme.com\/shop\/\"},{\"@type\":\"ListItem\",\"position\":3,\"name\":\"Elementor PRO\"}]},{\"@type\":\"WebSite\",\"@id\":\"https:\/\/allwintheme.com\/#website\",\"url\":\"https:\/\/allwintheme.com\/\",\"name\":\"Allwintheme\",\"description\":\"Download free WordPress themes for every niche. Blogs, business, eCommerce, portfolio, restaurant and more. All themes are GPL licensed and mobile-ready.\",\"potentialAction\":[{\"@type\":\"SearchAction\",\"target\":{\"@type\":\"EntryPoint\",\"urlTemplate\":\"https:\/\/allwintheme.com\/?s={search_term_string}\"},\"query-input\":{\"@type\":\"PropertyValueSpecification\",\"valueRequired\":true,\"valueName\":\"search_term_string\"}}],\"inLanguage\":\"es-CL\"}]}<\/script>\n<!-- \/ Yoast SEO Premium plugin. -->","yoast_head_json":{"title":"Elementor PRO - AllWin Theme - Free WordPress Themes Download","robots":{"index":"index","follow":"follow","max-snippet":"max-snippet:-1","max-image-preview":"max-image-preview:large","max-video-preview":"max-video-preview:-1"},"canonical":"https:\/\/allwintheme.com\/es\/producto\/elementor-pro\/","og_locale":"es_ES","og_type":"article","og_title":"Elementor PRO","og_description":"Important Notice To use Elementor Pro, you must first install the official free version of Elementor. It is available on","og_url":"https:\/\/allwintheme.com\/es\/producto\/elementor-pro\/","og_site_name":"AllWin Theme \u2013 Free WordPress Themes Download","article_modified_time":"2025-08-02T14:02:30+00:00","og_image":[{"width":1024,"height":576,"url":"https:\/\/allwintheme.com\/wp-content\/uploads\/2025\/08\/elementor-pro-1024x576.jpg.webp","type":"image\/webp"}],"twitter_card":"summary_large_image","twitter_misc":{"Tiempo estimado de lectura":"2 minutos"},"schema":{"@context":"https:\/\/schema.org","@graph":[{"@type":"WebPage","@id":"https:\/\/allwintheme.com\/product\/elementor-pro\/","url":"https:\/\/allwintheme.com\/product\/elementor-pro\/","name":"Elementor PRO - AllWin Theme - Free WordPress Themes Download","isPartOf":{"@id":"https:\/\/allwintheme.com\/#website"},"primaryImageOfPage":{"@id":"https:\/\/allwintheme.com\/product\/elementor-pro\/#primaryimage"},"image":{"@id":"https:\/\/allwintheme.com\/product\/elementor-pro\/#primaryimage"},"thumbnailUrl":"https:\/\/allwintheme.com\/wp-content\/uploads\/2025\/08\/elementor-pro-1024x576.jpg.webp","datePublished":"2025-08-02T09:30:51+00:00","dateModified":"2025-08-02T14:02:30+00:00","breadcrumb":{"@id":"https:\/\/allwintheme.com\/product\/elementor-pro\/#breadcrumb"},"inLanguage":"es-CL","potentialAction":[{"@type":"ReadAction","target":["https:\/\/allwintheme.com\/product\/elementor-pro\/"]}]},{"@type":"ImageObject","inLanguage":"es-CL","@id":"https:\/\/allwintheme.com\/product\/elementor-pro\/#primaryimage","url":"https:\/\/allwintheme.com\/wp-content\/uploads\/2025\/08\/elementor-pro-1024x576.jpg.webp","contentUrl":"https:\/\/allwintheme.com\/wp-content\/uploads\/2025\/08\/elementor-pro-1024x576.jpg.webp","width":1024,"height":576},{"@type":"BreadcrumbList","@id":"https:\/\/allwintheme.com\/product\/elementor-pro\/#breadcrumb","itemListElement":[{"@type":"ListItem","position":1,"name":"Home","item":"https:\/\/allwintheme.com\/"},{"@type":"ListItem","position":2,"name":"Shop","item":"https:\/\/allwintheme.com\/shop\/"},{"@type":"ListItem","position":3,"name":"Elementor PRO"}]},{"@type":"WebSite","@id":"https:\/\/allwintheme.com\/#website","url":"https:\/\/allwintheme.com\/","name":"Allwintheme","description":"Descarga gratis temas de WordPress para todos los nichos. Blogs, negocios, comercio electr\u00f3nico, portafolio, restaurante y m\u00e1s. Todos los temas tienen licencia GPL y est\u00e1n preparados para dispositivos m\u00f3viles.","potentialAction":[{"@type":"SearchAction","target":{"@type":"EntryPoint","urlTemplate":"https:\/\/allwintheme.com\/?s={search_term_string}"},"query-input":{"@type":"PropertyValueSpecification","valueRequired":true,"valueName":"search_term_string"}}],"inLanguage":"es-CL"}]}},"_links":{"self":[{"href":"https:\/\/allwintheme.com\/es\/wp-json\/wp\/v2\/product\/3093","targetHints":{"allow":["GET"]}}],"collection":[{"href":"https:\/\/allwintheme.com\/es\/wp-json\/wp\/v2\/product"}],"about":[{"href":"https:\/\/allwintheme.com\/es\/wp-json\/wp\/v2\/types\/product"}],"replies":[{"embeddable":true,"href":"https:\/\/allwintheme.com\/es\/wp-json\/wp\/v2\/comments?post=3093"}],"version-history":[{"count":0,"href":"https:\/\/allwintheme.com\/es\/wp-json\/wp\/v2\/product\/3093\/revisions"}],"wp:featuredmedia":[{"embeddable":true,"href":"https:\/\/allwintheme.com\/es\/wp-json\/wp\/v2\/media\/3094"}],"wp:attachment":[{"href":"https:\/\/allwintheme.com\/es\/wp-json\/wp\/v2\/media?parent=3093"}],"wp:term":[{"taxonomy":"product_brand","embeddable":true,"href":"https:\/\/allwintheme.com\/es\/wp-json\/wp\/v2\/product_brand?post=3093"},{"taxonomy":"product_cat","embeddable":true,"href":"https:\/\/allwintheme.com\/es\/wp-json\/wp\/v2\/product_cat?post=3093"},{"taxonomy":"product_tag","embeddable":true,"href":"https:\/\/allwintheme.com\/es\/wp-json\/wp\/v2\/product_tag?post=3093"}],"curies":[{"name":"wp","href":"https:\/\/api.w.org\/{rel}","templated":true}]}}