{"id":3118,"date":"2025-08-02T09:52:24","date_gmt":"2025-08-02T09:52:24","guid":{"rendered":"https:\/\/allwintheme.com\/?post_type=product&#038;p=3118"},"modified":"2025-08-02T14:02:24","modified_gmt":"2025-08-02T14:02:24","slug":"cohete-wp","status":"publish","type":"product","link":"https:\/\/allwintheme.com\/es\/producto\/cohete-wp\/","title":{"rendered":"Cohete WP"},"content":{"rendered":"<div data-elementor-type=\"wp-post\" data-elementor-id=\"3118\" class=\"elementor elementor-3118\" data-elementor-settings=\"{&quot;element_pack_global_tooltip_width&quot;:{&quot;unit&quot;:&quot;px&quot;,&quot;size&quot;:&quot;&quot;,&quot;sizes&quot;:[]},&quot;element_pack_global_tooltip_width_tablet&quot;:{&quot;unit&quot;:&quot;px&quot;,&quot;size&quot;:&quot;&quot;,&quot;sizes&quot;:[]},&quot;element_pack_global_tooltip_width_mobile&quot;:{&quot;unit&quot;:&quot;px&quot;,&quot;size&quot;:&quot;&quot;,&quot;sizes&quot;:[]},&quot;element_pack_global_tooltip_padding&quot;:{&quot;unit&quot;:&quot;px&quot;,&quot;top&quot;:&quot;&quot;,&quot;right&quot;:&quot;&quot;,&quot;bottom&quot;:&quot;&quot;,&quot;left&quot;:&quot;&quot;,&quot;isLinked&quot;:true},&quot;element_pack_global_tooltip_padding_tablet&quot;:{&quot;unit&quot;:&quot;px&quot;,&quot;top&quot;:&quot;&quot;,&quot;right&quot;:&quot;&quot;,&quot;bottom&quot;:&quot;&quot;,&quot;left&quot;:&quot;&quot;,&quot;isLinked&quot;:true},&quot;element_pack_global_tooltip_padding_mobile&quot;:{&quot;unit&quot;:&quot;px&quot;,&quot;top&quot;:&quot;&quot;,&quot;right&quot;:&quot;&quot;,&quot;bottom&quot;:&quot;&quot;,&quot;left&quot;:&quot;&quot;,&quot;isLinked&quot;:true},&quot;element_pack_global_tooltip_border_radius&quot;:{&quot;unit&quot;:&quot;px&quot;,&quot;top&quot;:&quot;&quot;,&quot;right&quot;:&quot;&quot;,&quot;bottom&quot;:&quot;&quot;,&quot;left&quot;:&quot;&quot;,&quot;isLinked&quot;:true},&quot;element_pack_global_tooltip_border_radius_tablet&quot;:{&quot;unit&quot;:&quot;px&quot;,&quot;top&quot;:&quot;&quot;,&quot;right&quot;:&quot;&quot;,&quot;bottom&quot;:&quot;&quot;,&quot;left&quot;:&quot;&quot;,&quot;isLinked&quot;:true},&quot;element_pack_global_tooltip_border_radius_mobile&quot;:{&quot;unit&quot;:&quot;px&quot;,&quot;top&quot;:&quot;&quot;,&quot;right&quot;:&quot;&quot;,&quot;bottom&quot;:&quot;&quot;,&quot;left&quot;:&quot;&quot;,&quot;isLinked&quot;:true}}\" data-elementor-post-type=\"product\">\n\t\t\t\t<div class=\"elementor-element elementor-element-29e0558 e-flex e-con-boxed e-con e-parent\" data-id=\"29e0558\" data-element_type=\"container\" data-e-type=\"container\">\n\t\t\t\t\t<div class=\"e-con-inner\">\n\t\t\t\t<div class=\"elementor-element elementor-element-22b3cc5 miaoshu elementor-widget elementor-widget-wd_text_block\" data-id=\"22b3cc5\" data-element_type=\"widget\" data-e-type=\"widget\" data-widget_type=\"wd_text_block.default\">\n\t\t\t\t<div class=\"elementor-widget-container\">\n\t\t\t\t\t\t\t<div class=\"wd-text-block reset-last-child text-left\">\n\t\t\t\n\t\t\t<section>\n  <h2>WP Rocket - El plugin de cach\u00e9 #1 para WordPress<\/h2>\n  <p>WP Rocket es m\u00e1s que un plugin de cach\u00e9. Es una soluci\u00f3n de rendimiento todo en uno dise\u00f1ada para mejorar significativamente tu velocidad de carga, aumentar tu puntuaci\u00f3n PageSpeed y optimizar tu Core Web Vitals.<\/p>\n<\/section>\n\n<section>\n  <h2>Optimizaci\u00f3n del rendimiento de WordPress todo en uno<\/h2>\n  <p>Recomendado por profesionales de WordPress de todo el mundo, WP Rocket ofrece potentes mejoras de velocidad con una configuraci\u00f3n m\u00ednima. Est\u00e1 ampliamente considerado como el plugin de cach\u00e9 m\u00e1s eficaz para optimizar Core Web Vitals y el rendimiento general del sitio.<\/p>\n<\/section>\n\n<section>\n  <h2>Mejora instant\u00e1nea del rendimiento de PageSpeed Insights<\/h2>\n  <p>Experimenta excepcionales mejoras de rendimiento justo despu\u00e9s de la activaci\u00f3n. WP Rocket te ayuda a aumentar instant\u00e1neamente tus puntuaciones de Google PageSpeed Insights, incluyendo las m\u00e9tricas de Core Web Vitals.<\/p>\n  <p>Continuamente actualizado para alinearse con los \u00faltimos est\u00e1ndares de rendimiento web, WP Rocket no s\u00f3lo reduce los tiempos de carga sino que tambi\u00e9n le ayuda a cumplir las recomendaciones PageSpeed m\u00e1s cr\u00edticas.<\/p>\n<\/section>\n\n<section>\n  <h2>Resultados r\u00e1pidos sin conocimientos t\u00e9cnicos<\/h2>\n  <p>WP Rocket aplica 80% de las mejores pr\u00e1cticas de rendimiento web m\u00e1s eficaces de forma autom\u00e1tica tras la activaci\u00f3n. Su sitio web se beneficia inmediatamente despu\u00e9s de la instalaci\u00f3n, sin necesidad de configuraci\u00f3n avanzada o codificaci\u00f3n.<\/p>\n  <p>La instalaci\u00f3n tarda menos de 3 minutos, y la configuraci\u00f3n por defecto est\u00e1 optimizada para ofrecer resultados al instante-haciendo WP Rocket la forma m\u00e1s r\u00e1pida de mejorar la velocidad de su sitio web sin dolores de cabeza t\u00e9cnicos.<\/p>\n<\/section>\n\n<section>\n  <h2>Tecnolog\u00eda avanzada para una velocidad de vanguardia<\/h2>\n  <p>Adem\u00e1s de funciones esenciales como la cach\u00e9 de p\u00e1gina, la cach\u00e9 de navegador y la compresi\u00f3n GZIP, WP Rocket incluye herramientas avanzadas de rendimiento como:<\/p>\n  <ul>\n    <li>Ejecuci\u00f3n diferida de JavaScript<\/li>\n    <li>Eliminaci\u00f3n de CSS no utilizados<\/li>\n    <li>Minificaci\u00f3n de archivos CSS y JS<\/li>\n    <li>LazyLoad para im\u00e1genes y v\u00eddeos<\/li>\n  <\/ul>\n  <p>Estas funciones suelen estar repartidas entre 3 y 5 plugins distintos, pero con WP Rocket las tienes todas en un paquete optimizado.<\/p>\n<\/section>\n\n<section>\n  <h2>Mejorar la experiencia del usuario y la clasificaci\u00f3n en las b\u00fasquedas<\/h2>\n  <p>Tiempos de carga r\u00e1pidos contribuyen a una mejor experiencia de usuario y un mayor compromiso. Dado que la velocidad del sitio web es un factor SEO crucial, WP Rocket te ayuda a cumplir con las expectativas de rendimiento de Google y lograr un mejor posicionamiento en los motores de b\u00fasqueda.<\/p>\n  <p>Tanto si dirige un sitio empresarial, un blog o una tienda de comercio electr\u00f3nico, WP Rocket le equipa con las herramientas necesarias para ofrecer experiencias de alta velocidad que retengan a los usuarios y mejoren las conversiones.<\/p>\n<\/section>\n\n<section>\n  <h2>Adel\u00e1ntese a las normas de rendimiento<\/h2>\n  <p>\u00bfPreocupado por las recomendaciones de PageSpeed Insights? WP Rocket te da todo lo que necesitas para pasar Core Web Vitals y cumplir con los \u00faltimos est\u00e1ndares de rendimiento.<\/p>\n  <p>Gracias a las actualizaciones continuas y a las mejores pr\u00e1cticas del sector, su sitio web se mantiene optimizado y preparado para el futuro, sin necesidad de intervenci\u00f3n manual ni de complementos de terceros.<\/p>\n<\/section>\n\n\t\t\t\t\t<\/div>\n\t\t\t\t\t\t<\/div>\n\t\t\t\t<\/div>\n\t\t<div class=\"elementor-element elementor-element-0414224 e-con-full e-flex e-con e-child\" data-id=\"0414224\" data-element_type=\"container\" data-e-type=\"container\">\n\t\t\t\t<\/div>\n\t\t\t\t\t<\/div>\n\t\t\t\t<\/div>\n\t\t\t\t<\/div>","protected":false},"excerpt":{"rendered":"<p>WP Rocket - El plugin de cach\u00e9 #1 para WordPress WP Rocket es m\u00e1s que un plugin de cach\u00e9. Es un<\/p>","protected":false},"featured_media":3119,"comment_status":"open","ping_status":"closed","template":"","meta":{"_acf_changed":false},"product_brand":[],"product_cat":[49],"product_tag":[],"class_list":{"0":"post-3118","1":"product","2":"type-product","3":"status-publish","4":"has-post-thumbnail","6":"product_cat-plugins","8":"first","9":"instock","10":"downloadable","11":"shipping-taxable","12":"purchasable","13":"product-type-simple"},"acf":[],"yoast_head":"<!-- This site is optimized with the Yoast SEO Premium plugin v25.6 (Yoast SEO v27.1.1) - https:\/\/yoast.com\/product\/yoast-seo-premium-wordpress\/ -->\n<title>WP Rocket - AllWin Theme \u2013 Free WordPress Themes Download<\/title>\n<meta name=\"robots\" content=\"index, follow, max-snippet:-1, max-image-preview:large, max-video-preview:-1\" \/>\n<link rel=\"canonical\" href=\"https:\/\/allwintheme.com\/es\/producto\/cohete-wp\/\" \/>\n<meta property=\"og:locale\" content=\"es_ES\" \/>\n<meta property=\"og:type\" content=\"article\" \/>\n<meta property=\"og:title\" content=\"WP Rocket\" \/>\n<meta property=\"og:description\" content=\"WP Rocket \u2013 The #1 Caching Plugin for WordPress WP Rocket is more than just a caching plugin. It\u2019s an\" \/>\n<meta property=\"og:url\" content=\"https:\/\/allwintheme.com\/es\/producto\/cohete-wp\/\" \/>\n<meta property=\"og:site_name\" content=\"AllWin Theme \u2013 Free WordPress Themes Download\" \/>\n<meta property=\"article:modified_time\" content=\"2025-08-02T14:02:24+00:00\" \/>\n<meta property=\"og:image\" content=\"https:\/\/allwintheme.com\/wp-content\/uploads\/2025\/08\/wprocket.png.webp\" \/>\n\t<meta property=\"og:image:width\" content=\"616\" \/>\n\t<meta property=\"og:image:height\" content=\"340\" \/>\n\t<meta property=\"og:image:type\" content=\"image\/webp\" \/>\n<meta name=\"twitter:card\" content=\"summary_large_image\" \/>\n<meta name=\"twitter:label1\" content=\"Tiempo estimado de lectura\" \/>\n\t<meta name=\"twitter:data1\" content=\"2 minutos\" \/>\n<script type=\"application\/ld+json\" class=\"yoast-schema-graph\">{\"@context\":\"https:\/\/schema.org\",\"@graph\":[{\"@type\":\"WebPage\",\"@id\":\"https:\/\/allwintheme.com\/product\/wp-rocket\/\",\"url\":\"https:\/\/allwintheme.com\/product\/wp-rocket\/\",\"name\":\"WP Rocket - AllWin Theme \u2013 Free WordPress Themes Download\",\"isPartOf\":{\"@id\":\"https:\/\/allwintheme.com\/#website\"},\"primaryImageOfPage\":{\"@id\":\"https:\/\/allwintheme.com\/product\/wp-rocket\/#primaryimage\"},\"image\":{\"@id\":\"https:\/\/allwintheme.com\/product\/wp-rocket\/#primaryimage\"},\"thumbnailUrl\":\"https:\/\/allwintheme.com\/wp-content\/uploads\/2025\/08\/wprocket.png.webp\",\"datePublished\":\"2025-08-02T09:52:24+00:00\",\"dateModified\":\"2025-08-02T14:02:24+00:00\",\"breadcrumb\":{\"@id\":\"https:\/\/allwintheme.com\/product\/wp-rocket\/#breadcrumb\"},\"inLanguage\":\"es-CL\",\"potentialAction\":[{\"@type\":\"ReadAction\",\"target\":[\"https:\/\/allwintheme.com\/product\/wp-rocket\/\"]}]},{\"@type\":\"ImageObject\",\"inLanguage\":\"es-CL\",\"@id\":\"https:\/\/allwintheme.com\/product\/wp-rocket\/#primaryimage\",\"url\":\"https:\/\/allwintheme.com\/wp-content\/uploads\/2025\/08\/wprocket.png.webp\",\"contentUrl\":\"https:\/\/allwintheme.com\/wp-content\/uploads\/2025\/08\/wprocket.png.webp\",\"width\":616,\"height\":340},{\"@type\":\"BreadcrumbList\",\"@id\":\"https:\/\/allwintheme.com\/product\/wp-rocket\/#breadcrumb\",\"itemListElement\":[{\"@type\":\"ListItem\",\"position\":1,\"name\":\"Home\",\"item\":\"https:\/\/allwintheme.com\/\"},{\"@type\":\"ListItem\",\"position\":2,\"name\":\"Shop\",\"item\":\"https:\/\/allwintheme.com\/shop\/\"},{\"@type\":\"ListItem\",\"position\":3,\"name\":\"WP Rocket\"}]},{\"@type\":\"WebSite\",\"@id\":\"https:\/\/allwintheme.com\/#website\",\"url\":\"https:\/\/allwintheme.com\/\",\"name\":\"Allwintheme\",\"description\":\"Download free WordPress themes for every niche. Blogs, business, eCommerce, portfolio, restaurant and more. All themes are GPL licensed and mobile-ready.\",\"potentialAction\":[{\"@type\":\"SearchAction\",\"target\":{\"@type\":\"EntryPoint\",\"urlTemplate\":\"https:\/\/allwintheme.com\/?s={search_term_string}\"},\"query-input\":{\"@type\":\"PropertyValueSpecification\",\"valueRequired\":true,\"valueName\":\"search_term_string\"}}],\"inLanguage\":\"es-CL\"}]}<\/script>\n<!-- \/ Yoast SEO Premium plugin. -->","yoast_head_json":{"title":"WP Rocket - AllWin Theme \u2013 Free WordPress Themes Download","robots":{"index":"index","follow":"follow","max-snippet":"max-snippet:-1","max-image-preview":"max-image-preview:large","max-video-preview":"max-video-preview:-1"},"canonical":"https:\/\/allwintheme.com\/es\/producto\/cohete-wp\/","og_locale":"es_ES","og_type":"article","og_title":"WP Rocket","og_description":"WP Rocket \u2013 The #1 Caching Plugin for WordPress WP Rocket is more than just a caching plugin. It\u2019s an","og_url":"https:\/\/allwintheme.com\/es\/producto\/cohete-wp\/","og_site_name":"AllWin Theme \u2013 Free WordPress Themes Download","article_modified_time":"2025-08-02T14:02:24+00:00","og_image":[{"width":616,"height":340,"url":"https:\/\/allwintheme.com\/wp-content\/uploads\/2025\/08\/wprocket.png.webp","type":"image\/webp"}],"twitter_card":"summary_large_image","twitter_misc":{"Tiempo estimado de lectura":"2 minutos"},"schema":{"@context":"https:\/\/schema.org","@graph":[{"@type":"WebPage","@id":"https:\/\/allwintheme.com\/product\/wp-rocket\/","url":"https:\/\/allwintheme.com\/product\/wp-rocket\/","name":"WP Rocket - AllWin Theme \u2013 Free WordPress Themes Download","isPartOf":{"@id":"https:\/\/allwintheme.com\/#website"},"primaryImageOfPage":{"@id":"https:\/\/allwintheme.com\/product\/wp-rocket\/#primaryimage"},"image":{"@id":"https:\/\/allwintheme.com\/product\/wp-rocket\/#primaryimage"},"thumbnailUrl":"https:\/\/allwintheme.com\/wp-content\/uploads\/2025\/08\/wprocket.png.webp","datePublished":"2025-08-02T09:52:24+00:00","dateModified":"2025-08-02T14:02:24+00:00","breadcrumb":{"@id":"https:\/\/allwintheme.com\/product\/wp-rocket\/#breadcrumb"},"inLanguage":"es-CL","potentialAction":[{"@type":"ReadAction","target":["https:\/\/allwintheme.com\/product\/wp-rocket\/"]}]},{"@type":"ImageObject","inLanguage":"es-CL","@id":"https:\/\/allwintheme.com\/product\/wp-rocket\/#primaryimage","url":"https:\/\/allwintheme.com\/wp-content\/uploads\/2025\/08\/wprocket.png.webp","contentUrl":"https:\/\/allwintheme.com\/wp-content\/uploads\/2025\/08\/wprocket.png.webp","width":616,"height":340},{"@type":"BreadcrumbList","@id":"https:\/\/allwintheme.com\/product\/wp-rocket\/#breadcrumb","itemListElement":[{"@type":"ListItem","position":1,"name":"Home","item":"https:\/\/allwintheme.com\/"},{"@type":"ListItem","position":2,"name":"Shop","item":"https:\/\/allwintheme.com\/shop\/"},{"@type":"ListItem","position":3,"name":"WP Rocket"}]},{"@type":"WebSite","@id":"https:\/\/allwintheme.com\/#website","url":"https:\/\/allwintheme.com\/","name":"Allwintheme","description":"Descarga gratis temas de WordPress para todos los nichos. Blogs, negocios, comercio electr\u00f3nico, portafolio, restaurante y m\u00e1s. Todos los temas tienen licencia GPL y est\u00e1n preparados para dispositivos m\u00f3viles.","potentialAction":[{"@type":"SearchAction","target":{"@type":"EntryPoint","urlTemplate":"https:\/\/allwintheme.com\/?s={search_term_string}"},"query-input":{"@type":"PropertyValueSpecification","valueRequired":true,"valueName":"search_term_string"}}],"inLanguage":"es-CL"}]}},"_links":{"self":[{"href":"https:\/\/allwintheme.com\/es\/wp-json\/wp\/v2\/product\/3118","targetHints":{"allow":["GET"]}}],"collection":[{"href":"https:\/\/allwintheme.com\/es\/wp-json\/wp\/v2\/product"}],"about":[{"href":"https:\/\/allwintheme.com\/es\/wp-json\/wp\/v2\/types\/product"}],"replies":[{"embeddable":true,"href":"https:\/\/allwintheme.com\/es\/wp-json\/wp\/v2\/comments?post=3118"}],"version-history":[{"count":0,"href":"https:\/\/allwintheme.com\/es\/wp-json\/wp\/v2\/product\/3118\/revisions"}],"wp:featuredmedia":[{"embeddable":true,"href":"https:\/\/allwintheme.com\/es\/wp-json\/wp\/v2\/media\/3119"}],"wp:attachment":[{"href":"https:\/\/allwintheme.com\/es\/wp-json\/wp\/v2\/media?parent=3118"}],"wp:term":[{"taxonomy":"product_brand","embeddable":true,"href":"https:\/\/allwintheme.com\/es\/wp-json\/wp\/v2\/product_brand?post=3118"},{"taxonomy":"product_cat","embeddable":true,"href":"https:\/\/allwintheme.com\/es\/wp-json\/wp\/v2\/product_cat?post=3118"},{"taxonomy":"product_tag","embeddable":true,"href":"https:\/\/allwintheme.com\/es\/wp-json\/wp\/v2\/product_tag?post=3118"}],"curies":[{"name":"wp","href":"https:\/\/api.w.org\/{rel}","templated":true}]}}