{"id":3134,"date":"2025-08-02T10:10:03","date_gmt":"2025-08-02T10:10:03","guid":{"rendered":"https:\/\/allwintheme.com\/?post_type=product&#038;p=3134"},"modified":"2025-09-12T13:36:21","modified_gmt":"2025-09-12T13:36:21","slug":"astra-pro","status":"publish","type":"product","link":"https:\/\/allwintheme.com\/es\/producto\/astra-pro\/","title":{"rendered":"Astra PRO"},"content":{"rendered":"<div data-elementor-type=\"wp-post\" data-elementor-id=\"3134\" class=\"elementor elementor-3134\" data-elementor-settings=\"{&quot;element_pack_global_tooltip_width&quot;:{&quot;unit&quot;:&quot;px&quot;,&quot;size&quot;:&quot;&quot;,&quot;sizes&quot;:[]},&quot;element_pack_global_tooltip_width_tablet&quot;:{&quot;unit&quot;:&quot;px&quot;,&quot;size&quot;:&quot;&quot;,&quot;sizes&quot;:[]},&quot;element_pack_global_tooltip_width_mobile&quot;:{&quot;unit&quot;:&quot;px&quot;,&quot;size&quot;:&quot;&quot;,&quot;sizes&quot;:[]},&quot;element_pack_global_tooltip_padding&quot;:{&quot;unit&quot;:&quot;px&quot;,&quot;top&quot;:&quot;&quot;,&quot;right&quot;:&quot;&quot;,&quot;bottom&quot;:&quot;&quot;,&quot;left&quot;:&quot;&quot;,&quot;isLinked&quot;:true},&quot;element_pack_global_tooltip_padding_tablet&quot;:{&quot;unit&quot;:&quot;px&quot;,&quot;top&quot;:&quot;&quot;,&quot;right&quot;:&quot;&quot;,&quot;bottom&quot;:&quot;&quot;,&quot;left&quot;:&quot;&quot;,&quot;isLinked&quot;:true},&quot;element_pack_global_tooltip_padding_mobile&quot;:{&quot;unit&quot;:&quot;px&quot;,&quot;top&quot;:&quot;&quot;,&quot;right&quot;:&quot;&quot;,&quot;bottom&quot;:&quot;&quot;,&quot;left&quot;:&quot;&quot;,&quot;isLinked&quot;:true},&quot;element_pack_global_tooltip_border_radius&quot;:{&quot;unit&quot;:&quot;px&quot;,&quot;top&quot;:&quot;&quot;,&quot;right&quot;:&quot;&quot;,&quot;bottom&quot;:&quot;&quot;,&quot;left&quot;:&quot;&quot;,&quot;isLinked&quot;:true},&quot;element_pack_global_tooltip_border_radius_tablet&quot;:{&quot;unit&quot;:&quot;px&quot;,&quot;top&quot;:&quot;&quot;,&quot;right&quot;:&quot;&quot;,&quot;bottom&quot;:&quot;&quot;,&quot;left&quot;:&quot;&quot;,&quot;isLinked&quot;:true},&quot;element_pack_global_tooltip_border_radius_mobile&quot;:{&quot;unit&quot;:&quot;px&quot;,&quot;top&quot;:&quot;&quot;,&quot;right&quot;:&quot;&quot;,&quot;bottom&quot;:&quot;&quot;,&quot;left&quot;:&quot;&quot;,&quot;isLinked&quot;:true}}\" data-elementor-post-type=\"product\">\n\t\t\t\t<div class=\"elementor-element elementor-element-29e0558 e-flex e-con-boxed e-con e-parent\" data-id=\"29e0558\" data-element_type=\"container\" data-e-type=\"container\">\n\t\t\t\t\t<div class=\"e-con-inner\">\n\t\t\t\t<div class=\"elementor-element elementor-element-22b3cc5 miaoshu elementor-widget elementor-widget-wd_text_block\" data-id=\"22b3cc5\" data-element_type=\"widget\" data-e-type=\"widget\" data-widget_type=\"wd_text_block.default\">\n\t\t\t\t<div class=\"elementor-widget-container\">\n\t\t\t\t\t\t\t<div class=\"wd-text-block reset-last-child text-left\">\n\t\t\t\n\t\t\t<h2>Astra Pro - El tema de WordPress potente y vers\u00e1til<\/h2>\n\n<p><strong>Astra Pro<\/strong> es un tema de WordPress popular y muy flexible dise\u00f1ado para ayudarle a crear sitios web profesionales de forma eficaz. Centrado en la velocidad, la personalizaci\u00f3n y la facilidad de uso, Astra se ha convertido en la mejor opci\u00f3n entre dise\u00f1adores y desarrolladores de todo el mundo.<\/p>\n\n<h3>Caracter\u00edsticas principales de Astra Pro<\/h3>\n\n<h4>Ligereza y rapidez<\/h4>\n<p>Astra est\u00e1 dise\u00f1ado para ser r\u00e1pido. Su estructura ligera garantiza que su sitio web se cargue r\u00e1pidamente, mejorando la experiencia del usuario e influyendo positivamente en su SEO.<\/p>\n\n<h4>Personalizaci\u00f3n ilimitada<\/h4>\n<p>Con un panel de personalizaci\u00f3n potente y f\u00e1cil de usar, Astra le permite modificar f\u00e1cilmente dise\u00f1os, colores, fuentes y otros elementos visuales, sin necesidad de codificaci\u00f3n.<\/p>\n\n<h4>Integraci\u00f3n perfecta con Page Builder<\/h4>\n<p>Astra funciona perfectamente con los principales constructores de p\u00e1ginas de arrastrar y soltar como <strong>Elementor<\/strong>, <strong>Castor Constructor<\/strong>y el nativo <strong>Gutenberg<\/strong> editor. Esto le permite crear p\u00e1ginas din\u00e1micas y visualmente impresionantes con facilidad.<\/p>\n\n<h4>Dise\u00f1o totalmente adaptable<\/h4>\n<p>Su sitio web tendr\u00e1 un aspecto impecable en todos los dispositivos (ordenadores de sobremesa, tabletas y tel\u00e9fonos inteligentes), lo que garantiza una experiencia de usuario coherente y moderna en todos los \u00e1mbitos.<\/p>\n\n<h4>Optimizado para SEO<\/h4>\n<p>Astra se desarrolla siguiendo las mejores pr\u00e1cticas SEO, lo que le proporciona una base s\u00f3lida para mejorar la visibilidad y el posicionamiento de su sitio en los motores de b\u00fasqueda.<\/p>\n\n<h4>Amplia compatibilidad de plugins<\/h4>\n<p>Astra es compatible con una amplia gama de plugins y extensiones de WordPress, lo que le permite ampliar la funcionalidad de su sitio seg\u00fan sus necesidades.<\/p>\n\n<h4>Apoyo profesional y comunidad activa<\/h4>\n<p>Acceda a un servicio de asistencia t\u00e9cnica eficaz y a una comunidad de usuarios que le ayudar\u00e1n a resolver cualquier duda o problema.<\/p>\n\n<h4>Plantillas de inicio predise\u00f1adas<\/h4>\n<p>Elija entre una amplia biblioteca de demos de sitios web listos para usar dise\u00f1ados para diversos sectores y nichos: lance su sitio r\u00e1pidamente con s\u00f3lo unos clics.<\/p>\n\n<h3>Conclusi\u00f3n<\/h3>\n\n<p><strong>Astra Pro<\/strong> es un tema de WordPress rico en funciones y altamente personalizable, ideal para una amplia gama de proyectos web. Tanto si est\u00e1s creando un portafolio, un sitio de negocios, un blog o una tienda online, la velocidad, flexibilidad y facilidad de uso de Astra lo convierten en una soluci\u00f3n destacada para crear sitios web profesionales de alta calidad con el m\u00ednimo esfuerzo.<\/p>\n\n\t\t\t\t\t<\/div>\n\t\t\t\t\t\t<\/div>\n\t\t\t\t<\/div>\n\t\t<div class=\"elementor-element elementor-element-0414224 e-con-full e-flex e-con e-child\" data-id=\"0414224\" data-element_type=\"container\" data-e-type=\"container\">\n\t\t\t\t<\/div>\n\t\t\t\t\t<\/div>\n\t\t\t\t<\/div>\n\t\t\t\t<\/div>","protected":false},"excerpt":{"rendered":"<p>Astra Pro - The Powerful and Versatile WordPress Theme Astra Pro es un tema de WordPress popular y altamente flexible dise\u00f1ado<\/p>","protected":false},"featured_media":3138,"comment_status":"open","ping_status":"closed","template":"","meta":{"_acf_changed":false},"product_brand":[],"product_cat":[49],"product_tag":[],"class_list":{"0":"post-3134","1":"product","2":"type-product","3":"status-publish","4":"has-post-thumbnail","6":"product_cat-plugins","8":"first","9":"instock","10":"sale","11":"downloadable","12":"shipping-taxable","13":"purchasable","14":"product-type-simple"},"acf":[],"yoast_head":"<!-- This site is optimized with the Yoast SEO Premium plugin v25.6 (Yoast SEO v27.1.1) - https:\/\/yoast.com\/product\/yoast-seo-premium-wordpress\/ -->\n<title>Astra PRO - AllWin Theme \u2013 Free WordPress Themes Download<\/title>\n<meta name=\"robots\" content=\"index, follow, max-snippet:-1, max-image-preview:large, max-video-preview:-1\" \/>\n<link rel=\"canonical\" href=\"https:\/\/allwintheme.com\/es\/producto\/astra-pro\/\" \/>\n<meta property=\"og:locale\" content=\"es_ES\" \/>\n<meta property=\"og:type\" content=\"article\" \/>\n<meta property=\"og:title\" content=\"Astra PRO\" \/>\n<meta property=\"og:description\" content=\"Astra Pro \u2013 The Powerful and Versatile WordPress Theme Astra Pro is a popular and highly flexible WordPress theme designed\" \/>\n<meta property=\"og:url\" content=\"https:\/\/allwintheme.com\/es\/producto\/astra-pro\/\" \/>\n<meta property=\"og:site_name\" content=\"AllWin Theme \u2013 Free WordPress Themes Download\" \/>\n<meta property=\"article:modified_time\" content=\"2025-09-12T13:36:21+00:00\" \/>\n<meta property=\"og:image\" content=\"https:\/\/allwintheme.com\/wp-content\/uploads\/2025\/08\/Astra-Pro-WordPress-Page-Builder.jpg-1-1024x538-1.webp\" \/>\n\t<meta property=\"og:image:width\" content=\"1024\" \/>\n\t<meta property=\"og:image:height\" content=\"538\" \/>\n\t<meta property=\"og:image:type\" content=\"image\/webp\" \/>\n<meta name=\"twitter:card\" content=\"summary_large_image\" \/>\n<meta name=\"twitter:label1\" content=\"Tiempo estimado de lectura\" \/>\n\t<meta name=\"twitter:data1\" content=\"2 minutos\" \/>\n<script type=\"application\/ld+json\" class=\"yoast-schema-graph\">{\"@context\":\"https:\/\/schema.org\",\"@graph\":[{\"@type\":\"WebPage\",\"@id\":\"https:\/\/allwintheme.com\/product\/astra-pro\/\",\"url\":\"https:\/\/allwintheme.com\/product\/astra-pro\/\",\"name\":\"Astra PRO - AllWin Theme \u2013 Free WordPress Themes Download\",\"isPartOf\":{\"@id\":\"https:\/\/allwintheme.com\/#website\"},\"primaryImageOfPage\":{\"@id\":\"https:\/\/allwintheme.com\/product\/astra-pro\/#primaryimage\"},\"image\":{\"@id\":\"https:\/\/allwintheme.com\/product\/astra-pro\/#primaryimage\"},\"thumbnailUrl\":\"https:\/\/allwintheme.com\/wp-content\/uploads\/2025\/08\/Astra-Pro-WordPress-Page-Builder.jpg-1-1024x538-1.webp\",\"datePublished\":\"2025-08-02T10:10:03+00:00\",\"dateModified\":\"2025-09-12T13:36:21+00:00\",\"breadcrumb\":{\"@id\":\"https:\/\/allwintheme.com\/product\/astra-pro\/#breadcrumb\"},\"inLanguage\":\"es-CL\",\"potentialAction\":[{\"@type\":\"ReadAction\",\"target\":[\"https:\/\/allwintheme.com\/product\/astra-pro\/\"]}]},{\"@type\":\"ImageObject\",\"inLanguage\":\"es-CL\",\"@id\":\"https:\/\/allwintheme.com\/product\/astra-pro\/#primaryimage\",\"url\":\"https:\/\/allwintheme.com\/wp-content\/uploads\/2025\/08\/Astra-Pro-WordPress-Page-Builder.jpg-1-1024x538-1.webp\",\"contentUrl\":\"https:\/\/allwintheme.com\/wp-content\/uploads\/2025\/08\/Astra-Pro-WordPress-Page-Builder.jpg-1-1024x538-1.webp\",\"width\":1024,\"height\":538},{\"@type\":\"BreadcrumbList\",\"@id\":\"https:\/\/allwintheme.com\/product\/astra-pro\/#breadcrumb\",\"itemListElement\":[{\"@type\":\"ListItem\",\"position\":1,\"name\":\"Home\",\"item\":\"https:\/\/allwintheme.com\/\"},{\"@type\":\"ListItem\",\"position\":2,\"name\":\"Shop\",\"item\":\"https:\/\/allwintheme.com\/shop\/\"},{\"@type\":\"ListItem\",\"position\":3,\"name\":\"Astra PRO\"}]},{\"@type\":\"WebSite\",\"@id\":\"https:\/\/allwintheme.com\/#website\",\"url\":\"https:\/\/allwintheme.com\/\",\"name\":\"Allwintheme\",\"description\":\"Download free WordPress themes for every niche. Blogs, business, eCommerce, portfolio, restaurant and more. All themes are GPL licensed and mobile-ready.\",\"potentialAction\":[{\"@type\":\"SearchAction\",\"target\":{\"@type\":\"EntryPoint\",\"urlTemplate\":\"https:\/\/allwintheme.com\/?s={search_term_string}\"},\"query-input\":{\"@type\":\"PropertyValueSpecification\",\"valueRequired\":true,\"valueName\":\"search_term_string\"}}],\"inLanguage\":\"es-CL\"}]}<\/script>\n<!-- \/ Yoast SEO Premium plugin. -->","yoast_head_json":{"title":"Astra PRO - AllWin Theme - Free WordPress Themes Download","robots":{"index":"index","follow":"follow","max-snippet":"max-snippet:-1","max-image-preview":"max-image-preview:large","max-video-preview":"max-video-preview:-1"},"canonical":"https:\/\/allwintheme.com\/es\/producto\/astra-pro\/","og_locale":"es_ES","og_type":"article","og_title":"Astra PRO","og_description":"Astra Pro \u2013 The Powerful and Versatile WordPress Theme Astra Pro is a popular and highly flexible WordPress theme designed","og_url":"https:\/\/allwintheme.com\/es\/producto\/astra-pro\/","og_site_name":"AllWin Theme \u2013 Free WordPress Themes Download","article_modified_time":"2025-09-12T13:36:21+00:00","og_image":[{"width":1024,"height":538,"url":"https:\/\/allwintheme.com\/wp-content\/uploads\/2025\/08\/Astra-Pro-WordPress-Page-Builder.jpg-1-1024x538-1.webp","type":"image\/webp"}],"twitter_card":"summary_large_image","twitter_misc":{"Tiempo estimado de lectura":"2 minutos"},"schema":{"@context":"https:\/\/schema.org","@graph":[{"@type":"WebPage","@id":"https:\/\/allwintheme.com\/product\/astra-pro\/","url":"https:\/\/allwintheme.com\/product\/astra-pro\/","name":"Astra PRO - AllWin Theme - Free WordPress Themes Download","isPartOf":{"@id":"https:\/\/allwintheme.com\/#website"},"primaryImageOfPage":{"@id":"https:\/\/allwintheme.com\/product\/astra-pro\/#primaryimage"},"image":{"@id":"https:\/\/allwintheme.com\/product\/astra-pro\/#primaryimage"},"thumbnailUrl":"https:\/\/allwintheme.com\/wp-content\/uploads\/2025\/08\/Astra-Pro-WordPress-Page-Builder.jpg-1-1024x538-1.webp","datePublished":"2025-08-02T10:10:03+00:00","dateModified":"2025-09-12T13:36:21+00:00","breadcrumb":{"@id":"https:\/\/allwintheme.com\/product\/astra-pro\/#breadcrumb"},"inLanguage":"es-CL","potentialAction":[{"@type":"ReadAction","target":["https:\/\/allwintheme.com\/product\/astra-pro\/"]}]},{"@type":"ImageObject","inLanguage":"es-CL","@id":"https:\/\/allwintheme.com\/product\/astra-pro\/#primaryimage","url":"https:\/\/allwintheme.com\/wp-content\/uploads\/2025\/08\/Astra-Pro-WordPress-Page-Builder.jpg-1-1024x538-1.webp","contentUrl":"https:\/\/allwintheme.com\/wp-content\/uploads\/2025\/08\/Astra-Pro-WordPress-Page-Builder.jpg-1-1024x538-1.webp","width":1024,"height":538},{"@type":"BreadcrumbList","@id":"https:\/\/allwintheme.com\/product\/astra-pro\/#breadcrumb","itemListElement":[{"@type":"ListItem","position":1,"name":"Home","item":"https:\/\/allwintheme.com\/"},{"@type":"ListItem","position":2,"name":"Shop","item":"https:\/\/allwintheme.com\/shop\/"},{"@type":"ListItem","position":3,"name":"Astra PRO"}]},{"@type":"WebSite","@id":"https:\/\/allwintheme.com\/#website","url":"https:\/\/allwintheme.com\/","name":"Allwintheme","description":"Descarga gratis temas de WordPress para todos los nichos. Blogs, negocios, comercio electr\u00f3nico, portafolio, restaurante y m\u00e1s. Todos los temas tienen licencia GPL y est\u00e1n preparados para dispositivos m\u00f3viles.","potentialAction":[{"@type":"SearchAction","target":{"@type":"EntryPoint","urlTemplate":"https:\/\/allwintheme.com\/?s={search_term_string}"},"query-input":{"@type":"PropertyValueSpecification","valueRequired":true,"valueName":"search_term_string"}}],"inLanguage":"es-CL"}]}},"_links":{"self":[{"href":"https:\/\/allwintheme.com\/es\/wp-json\/wp\/v2\/product\/3134","targetHints":{"allow":["GET"]}}],"collection":[{"href":"https:\/\/allwintheme.com\/es\/wp-json\/wp\/v2\/product"}],"about":[{"href":"https:\/\/allwintheme.com\/es\/wp-json\/wp\/v2\/types\/product"}],"replies":[{"embeddable":true,"href":"https:\/\/allwintheme.com\/es\/wp-json\/wp\/v2\/comments?post=3134"}],"version-history":[{"count":0,"href":"https:\/\/allwintheme.com\/es\/wp-json\/wp\/v2\/product\/3134\/revisions"}],"wp:featuredmedia":[{"embeddable":true,"href":"https:\/\/allwintheme.com\/es\/wp-json\/wp\/v2\/media\/3138"}],"wp:attachment":[{"href":"https:\/\/allwintheme.com\/es\/wp-json\/wp\/v2\/media?parent=3134"}],"wp:term":[{"taxonomy":"product_brand","embeddable":true,"href":"https:\/\/allwintheme.com\/es\/wp-json\/wp\/v2\/product_brand?post=3134"},{"taxonomy":"product_cat","embeddable":true,"href":"https:\/\/allwintheme.com\/es\/wp-json\/wp\/v2\/product_cat?post=3134"},{"taxonomy":"product_tag","embeddable":true,"href":"https:\/\/allwintheme.com\/es\/wp-json\/wp\/v2\/product_tag?post=3134"}],"curies":[{"name":"wp","href":"https:\/\/api.w.org\/{rel}","templated":true}]}}