{"id":3172,"date":"2025-08-02T10:37:23","date_gmt":"2025-08-02T10:37:23","guid":{"rendered":"https:\/\/allwintheme.com\/?post_type=product&#038;p=3172"},"modified":"2025-09-25T14:12:45","modified_gmt":"2025-09-25T14:12:45","slug":"rank-math-seo-pro","status":"publish","type":"product","link":"https:\/\/allwintheme.com\/es\/producto\/rank-math-seo-pro\/","title":{"rendered":"Rank Math SEO PRO"},"content":{"rendered":"<div data-elementor-type=\"wp-post\" data-elementor-id=\"3172\" class=\"elementor elementor-3172\" data-elementor-settings=\"{&quot;element_pack_global_tooltip_width&quot;:{&quot;unit&quot;:&quot;px&quot;,&quot;size&quot;:&quot;&quot;,&quot;sizes&quot;:[]},&quot;element_pack_global_tooltip_width_tablet&quot;:{&quot;unit&quot;:&quot;px&quot;,&quot;size&quot;:&quot;&quot;,&quot;sizes&quot;:[]},&quot;element_pack_global_tooltip_width_mobile&quot;:{&quot;unit&quot;:&quot;px&quot;,&quot;size&quot;:&quot;&quot;,&quot;sizes&quot;:[]},&quot;element_pack_global_tooltip_padding&quot;:{&quot;unit&quot;:&quot;px&quot;,&quot;top&quot;:&quot;&quot;,&quot;right&quot;:&quot;&quot;,&quot;bottom&quot;:&quot;&quot;,&quot;left&quot;:&quot;&quot;,&quot;isLinked&quot;:true},&quot;element_pack_global_tooltip_padding_tablet&quot;:{&quot;unit&quot;:&quot;px&quot;,&quot;top&quot;:&quot;&quot;,&quot;right&quot;:&quot;&quot;,&quot;bottom&quot;:&quot;&quot;,&quot;left&quot;:&quot;&quot;,&quot;isLinked&quot;:true},&quot;element_pack_global_tooltip_padding_mobile&quot;:{&quot;unit&quot;:&quot;px&quot;,&quot;top&quot;:&quot;&quot;,&quot;right&quot;:&quot;&quot;,&quot;bottom&quot;:&quot;&quot;,&quot;left&quot;:&quot;&quot;,&quot;isLinked&quot;:true},&quot;element_pack_global_tooltip_border_radius&quot;:{&quot;unit&quot;:&quot;px&quot;,&quot;top&quot;:&quot;&quot;,&quot;right&quot;:&quot;&quot;,&quot;bottom&quot;:&quot;&quot;,&quot;left&quot;:&quot;&quot;,&quot;isLinked&quot;:true},&quot;element_pack_global_tooltip_border_radius_tablet&quot;:{&quot;unit&quot;:&quot;px&quot;,&quot;top&quot;:&quot;&quot;,&quot;right&quot;:&quot;&quot;,&quot;bottom&quot;:&quot;&quot;,&quot;left&quot;:&quot;&quot;,&quot;isLinked&quot;:true},&quot;element_pack_global_tooltip_border_radius_mobile&quot;:{&quot;unit&quot;:&quot;px&quot;,&quot;top&quot;:&quot;&quot;,&quot;right&quot;:&quot;&quot;,&quot;bottom&quot;:&quot;&quot;,&quot;left&quot;:&quot;&quot;,&quot;isLinked&quot;:true}}\" data-elementor-post-type=\"product\">\n\t\t\t\t<div class=\"elementor-element elementor-element-93aa4a8 e-flex e-con-boxed e-con e-parent\" data-id=\"93aa4a8\" data-element_type=\"container\" data-e-type=\"container\">\n\t\t\t\t\t<div class=\"e-con-inner\">\n\t\t\t\t<div class=\"elementor-element elementor-element-2c3f760 miaoshu elementor-widget elementor-widget-wd_text_block\" data-id=\"2c3f760\" data-element_type=\"widget\" data-e-type=\"widget\" data-widget_type=\"wd_text_block.default\">\n\t\t\t\t<div class=\"elementor-widget-container\">\n\t\t\t\t\t\t\t<div class=\"wd-text-block reset-last-child text-left\">\n\t\t\t\n\t\t\t<h2>Rank Math SEO PRO: Potencie el SEO de su WordPress<\/h2>\n<p><strong>Rank Math SEO PRO<\/strong> es un plugin SEO premium para WordPress dise\u00f1ado para mejorar el posicionamiento de su sitio web en los motores de b\u00fasqueda e impulsar el tr\u00e1fico org\u00e1nico. Esta potente herramienta, dise\u00f1ada para profesionales del marketing, empresas y entusiastas del SEO, ofrece funciones avanzadas para optimizar el contenido, analizar el rendimiento y mejorar la visibilidad del sitio en motores de b\u00fasqueda como Google, todo ello desde la comodidad del panel de control de WordPress.<\/p>\n\n<h3>\u00bfPor qu\u00e9 elegir Rank Math SEO PRO?<\/h3>\n<p>Rank Math PRO lleva el SEO al siguiente nivel con un conjunto de herramientas de vanguardia que simplifican la optimizaci\u00f3n y ofrecen resultados medibles. Tanto si est\u00e1s afinando el SEO en la p\u00e1gina como si est\u00e1s haciendo un seguimiento del rendimiento de las palabras clave, este plugin te ofrece todo lo que necesitas para tener \u00e9xito en un panorama digital competitivo.<\/p>\n\n<h3>Caracter\u00edsticas principales<\/h3>\n<ul>\n    <li><strong>SEO avanzado en la p\u00e1gina:<\/strong> Optimice sus contenidos con precisi\u00f3n para mejorar las clasificaciones y la participaci\u00f3n de los usuarios.<\/li>\n    <li><strong>Seguimiento del rendimiento de las palabras clave:<\/strong> Supervise el rendimiento de sus palabras clave e identifique oportunidades de crecimiento.<\/li>\n    <li><strong>An\u00e1lisis exhaustivo del emplazamiento:<\/strong> Eval\u00fae la salud SEO de su sitio web para garantizar el m\u00e1ximo rendimiento.<\/li>\n    <li><strong>Panel de control f\u00e1cil de usar:<\/strong> Gestione todas las tareas de SEO sin problemas desde WordPress.<\/li>\n    <li><strong>Dise\u00f1ado para profesionales:<\/strong> Repleto de funciones adaptadas a profesionales del marketing, empresas y expertos en SEO.<\/li>\n    <li><strong>Aumento del tr\u00e1fico org\u00e1nico:<\/strong> Atraiga m\u00e1s visitantes a su sitio web con herramientas dise\u00f1adas para aumentar la visibilidad en los motores de b\u00fasqueda.<\/li>\n<\/ul>\n\n<h3>Gesti\u00f3n SEO sin esfuerzo<\/h3>\n<p>Con Rank Math SEO PRO, puede agilizar las tareas complejas de SEO sin necesidad de conocimientos t\u00e9cnicos. Desde analizar la efectividad de las palabras clave hasta monitorizar la calidad SEO de tu sitio, este plugin te permite tomar decisiones basadas en datos que mejoran tu presencia online. Su interfaz intuitiva garantiza que tanto los principiantes como los profesionales experimentados puedan maximizar el potencial de su sitio.<\/p>\n\n<h3>Mejore su SEO<\/h3>\n<p>Controle el rendimiento de su sitio web en los motores de b\u00fasqueda con <strong>Rank Math SEO PRO<\/strong>. Tanto si quieres escalar posiciones en Google, atraer m\u00e1s tr\u00e1fico org\u00e1nico u optimizar tu contenido como un profesional, este plugin te ayudar\u00e1. Empieza hoy mismo y libera todo el potencial de tu sitio WordPress.<\/p>\n\t\t\t\t\t<\/div>\n\t\t\t\t\t\t<\/div>\n\t\t\t\t<\/div>\n\t\t\t\t\t<\/div>\n\t\t\t\t<\/div>\n\t\t\t\t<\/div>","protected":false},"excerpt":{"rendered":"<p>Rank Math SEO PRO: Supercharge Your WordPress SEO Rank Math SEO PRO is a premium WordPress SEO plugin designed to<\/p>","protected":false},"featured_media":3173,"comment_status":"open","ping_status":"closed","template":"","meta":{"_acf_changed":false},"product_brand":[],"product_cat":[49],"product_tag":[],"class_list":{"0":"post-3172","1":"product","2":"type-product","3":"status-publish","4":"has-post-thumbnail","6":"product_cat-plugins","8":"first","9":"instock","10":"downloadable","11":"shipping-taxable","12":"purchasable","13":"product-type-simple"},"acf":[],"yoast_head":"<!-- This site is optimized with the Yoast SEO Premium plugin v25.6 (Yoast SEO v27.1.1) - https:\/\/yoast.com\/product\/yoast-seo-premium-wordpress\/ -->\n<title>Rank Math SEO PRO - AllWin Theme \u2013 Free WordPress Themes Download<\/title>\n<meta name=\"description\" content=\"Boost your WordPress site\u2019s SEO with Rank Math PRO. Optimize content, track keywords, and drive organic traffic with advanced tools.\" \/>\n<meta name=\"robots\" content=\"index, follow, max-snippet:-1, max-image-preview:large, max-video-preview:-1\" \/>\n<link rel=\"canonical\" href=\"https:\/\/allwintheme.com\/es\/producto\/rank-math-seo-pro\/\" \/>\n<meta property=\"og:locale\" content=\"es_ES\" \/>\n<meta property=\"og:type\" content=\"article\" \/>\n<meta property=\"og:title\" content=\"Rank Math SEO PRO\" \/>\n<meta property=\"og:description\" content=\"Boost your WordPress site\u2019s SEO with Rank Math PRO. Optimize content, track keywords, and drive organic traffic with advanced tools.\" \/>\n<meta property=\"og:url\" content=\"https:\/\/allwintheme.com\/es\/producto\/rank-math-seo-pro\/\" \/>\n<meta property=\"og:site_name\" content=\"AllWin Theme \u2013 Free WordPress Themes Download\" \/>\n<meta property=\"article:modified_time\" content=\"2025-09-25T14:12:45+00:00\" \/>\n<meta property=\"og:image\" content=\"https:\/\/allwintheme.com\/wp-content\/uploads\/2025\/08\/Rank-Math-SEO.jpg-1024x511-1.webp\" \/>\n\t<meta property=\"og:image:width\" content=\"1024\" \/>\n\t<meta property=\"og:image:height\" content=\"511\" \/>\n\t<meta property=\"og:image:type\" content=\"image\/webp\" \/>\n<meta name=\"twitter:card\" content=\"summary_large_image\" \/>\n<meta name=\"twitter:label1\" content=\"Tiempo estimado de lectura\" \/>\n\t<meta name=\"twitter:data1\" content=\"2 minutos\" \/>\n<script type=\"application\/ld+json\" class=\"yoast-schema-graph\">{\"@context\":\"https:\/\/schema.org\",\"@graph\":[{\"@type\":\"WebPage\",\"@id\":\"https:\/\/allwintheme.com\/product\/rank-math-seo-pro\/\",\"url\":\"https:\/\/allwintheme.com\/product\/rank-math-seo-pro\/\",\"name\":\"Rank Math SEO PRO - AllWin Theme \u2013 Free WordPress Themes Download\",\"isPartOf\":{\"@id\":\"https:\/\/allwintheme.com\/#website\"},\"primaryImageOfPage\":{\"@id\":\"https:\/\/allwintheme.com\/product\/rank-math-seo-pro\/#primaryimage\"},\"image\":{\"@id\":\"https:\/\/allwintheme.com\/product\/rank-math-seo-pro\/#primaryimage\"},\"thumbnailUrl\":\"https:\/\/allwintheme.com\/wp-content\/uploads\/2025\/08\/Rank-Math-SEO.jpg-1024x511-1.webp\",\"datePublished\":\"2025-08-02T10:37:23+00:00\",\"dateModified\":\"2025-09-25T14:12:45+00:00\",\"description\":\"Boost your WordPress site\u2019s SEO with Rank Math PRO. Optimize content, track keywords, and drive organic traffic with advanced tools.\",\"breadcrumb\":{\"@id\":\"https:\/\/allwintheme.com\/product\/rank-math-seo-pro\/#breadcrumb\"},\"inLanguage\":\"es-CL\",\"potentialAction\":[{\"@type\":\"ReadAction\",\"target\":[\"https:\/\/allwintheme.com\/product\/rank-math-seo-pro\/\"]}]},{\"@type\":\"ImageObject\",\"inLanguage\":\"es-CL\",\"@id\":\"https:\/\/allwintheme.com\/product\/rank-math-seo-pro\/#primaryimage\",\"url\":\"https:\/\/allwintheme.com\/wp-content\/uploads\/2025\/08\/Rank-Math-SEO.jpg-1024x511-1.webp\",\"contentUrl\":\"https:\/\/allwintheme.com\/wp-content\/uploads\/2025\/08\/Rank-Math-SEO.jpg-1024x511-1.webp\",\"width\":1024,\"height\":511},{\"@type\":\"BreadcrumbList\",\"@id\":\"https:\/\/allwintheme.com\/product\/rank-math-seo-pro\/#breadcrumb\",\"itemListElement\":[{\"@type\":\"ListItem\",\"position\":1,\"name\":\"Home\",\"item\":\"https:\/\/allwintheme.com\/\"},{\"@type\":\"ListItem\",\"position\":2,\"name\":\"Shop\",\"item\":\"https:\/\/allwintheme.com\/shop\/\"},{\"@type\":\"ListItem\",\"position\":3,\"name\":\"Rank Math SEO PRO\"}]},{\"@type\":\"WebSite\",\"@id\":\"https:\/\/allwintheme.com\/#website\",\"url\":\"https:\/\/allwintheme.com\/\",\"name\":\"Allwintheme\",\"description\":\"Download free WordPress themes for every niche. Blogs, business, eCommerce, portfolio, restaurant and more. All themes are GPL licensed and mobile-ready.\",\"potentialAction\":[{\"@type\":\"SearchAction\",\"target\":{\"@type\":\"EntryPoint\",\"urlTemplate\":\"https:\/\/allwintheme.com\/?s={search_term_string}\"},\"query-input\":{\"@type\":\"PropertyValueSpecification\",\"valueRequired\":true,\"valueName\":\"search_term_string\"}}],\"inLanguage\":\"es-CL\"}]}<\/script>\n<!-- \/ Yoast SEO Premium plugin. -->","yoast_head_json":{"title":"Rank Math SEO PRO - AllWin Theme \u2013 Free WordPress Themes Download","description":"Mejora el SEO de tu sitio WordPress con Rank Math PRO. Optimiza el contenido, rastrea palabras clave e impulsa el tr\u00e1fico org\u00e1nico con herramientas avanzadas.","robots":{"index":"index","follow":"follow","max-snippet":"max-snippet:-1","max-image-preview":"max-image-preview:large","max-video-preview":"max-video-preview:-1"},"canonical":"https:\/\/allwintheme.com\/es\/producto\/rank-math-seo-pro\/","og_locale":"es_ES","og_type":"article","og_title":"Rank Math SEO PRO","og_description":"Boost your WordPress site\u2019s SEO with Rank Math PRO. Optimize content, track keywords, and drive organic traffic with advanced tools.","og_url":"https:\/\/allwintheme.com\/es\/producto\/rank-math-seo-pro\/","og_site_name":"AllWin Theme \u2013 Free WordPress Themes Download","article_modified_time":"2025-09-25T14:12:45+00:00","og_image":[{"width":1024,"height":511,"url":"https:\/\/allwintheme.com\/wp-content\/uploads\/2025\/08\/Rank-Math-SEO.jpg-1024x511-1.webp","type":"image\/webp"}],"twitter_card":"summary_large_image","twitter_misc":{"Tiempo estimado de lectura":"2 minutos"},"schema":{"@context":"https:\/\/schema.org","@graph":[{"@type":"WebPage","@id":"https:\/\/allwintheme.com\/product\/rank-math-seo-pro\/","url":"https:\/\/allwintheme.com\/product\/rank-math-seo-pro\/","name":"Rank Math SEO PRO - AllWin Theme \u2013 Free WordPress Themes Download","isPartOf":{"@id":"https:\/\/allwintheme.com\/#website"},"primaryImageOfPage":{"@id":"https:\/\/allwintheme.com\/product\/rank-math-seo-pro\/#primaryimage"},"image":{"@id":"https:\/\/allwintheme.com\/product\/rank-math-seo-pro\/#primaryimage"},"thumbnailUrl":"https:\/\/allwintheme.com\/wp-content\/uploads\/2025\/08\/Rank-Math-SEO.jpg-1024x511-1.webp","datePublished":"2025-08-02T10:37:23+00:00","dateModified":"2025-09-25T14:12:45+00:00","description":"Mejora el SEO de tu sitio WordPress con Rank Math PRO. Optimiza el contenido, rastrea palabras clave e impulsa el tr\u00e1fico org\u00e1nico con herramientas avanzadas.","breadcrumb":{"@id":"https:\/\/allwintheme.com\/product\/rank-math-seo-pro\/#breadcrumb"},"inLanguage":"es-CL","potentialAction":[{"@type":"ReadAction","target":["https:\/\/allwintheme.com\/product\/rank-math-seo-pro\/"]}]},{"@type":"ImageObject","inLanguage":"es-CL","@id":"https:\/\/allwintheme.com\/product\/rank-math-seo-pro\/#primaryimage","url":"https:\/\/allwintheme.com\/wp-content\/uploads\/2025\/08\/Rank-Math-SEO.jpg-1024x511-1.webp","contentUrl":"https:\/\/allwintheme.com\/wp-content\/uploads\/2025\/08\/Rank-Math-SEO.jpg-1024x511-1.webp","width":1024,"height":511},{"@type":"BreadcrumbList","@id":"https:\/\/allwintheme.com\/product\/rank-math-seo-pro\/#breadcrumb","itemListElement":[{"@type":"ListItem","position":1,"name":"Home","item":"https:\/\/allwintheme.com\/"},{"@type":"ListItem","position":2,"name":"Shop","item":"https:\/\/allwintheme.com\/shop\/"},{"@type":"ListItem","position":3,"name":"Rank Math SEO PRO"}]},{"@type":"WebSite","@id":"https:\/\/allwintheme.com\/#website","url":"https:\/\/allwintheme.com\/","name":"Allwintheme","description":"Descarga gratis temas de WordPress para todos los nichos. Blogs, negocios, comercio electr\u00f3nico, portafolio, restaurante y m\u00e1s. Todos los temas tienen licencia GPL y est\u00e1n preparados para dispositivos m\u00f3viles.","potentialAction":[{"@type":"SearchAction","target":{"@type":"EntryPoint","urlTemplate":"https:\/\/allwintheme.com\/?s={search_term_string}"},"query-input":{"@type":"PropertyValueSpecification","valueRequired":true,"valueName":"search_term_string"}}],"inLanguage":"es-CL"}]}},"_links":{"self":[{"href":"https:\/\/allwintheme.com\/es\/wp-json\/wp\/v2\/product\/3172","targetHints":{"allow":["GET"]}}],"collection":[{"href":"https:\/\/allwintheme.com\/es\/wp-json\/wp\/v2\/product"}],"about":[{"href":"https:\/\/allwintheme.com\/es\/wp-json\/wp\/v2\/types\/product"}],"replies":[{"embeddable":true,"href":"https:\/\/allwintheme.com\/es\/wp-json\/wp\/v2\/comments?post=3172"}],"version-history":[{"count":0,"href":"https:\/\/allwintheme.com\/es\/wp-json\/wp\/v2\/product\/3172\/revisions"}],"wp:featuredmedia":[{"embeddable":true,"href":"https:\/\/allwintheme.com\/es\/wp-json\/wp\/v2\/media\/3173"}],"wp:attachment":[{"href":"https:\/\/allwintheme.com\/es\/wp-json\/wp\/v2\/media?parent=3172"}],"wp:term":[{"taxonomy":"product_brand","embeddable":true,"href":"https:\/\/allwintheme.com\/es\/wp-json\/wp\/v2\/product_brand?post=3172"},{"taxonomy":"product_cat","embeddable":true,"href":"https:\/\/allwintheme.com\/es\/wp-json\/wp\/v2\/product_cat?post=3172"},{"taxonomy":"product_tag","embeddable":true,"href":"https:\/\/allwintheme.com\/es\/wp-json\/wp\/v2\/product_tag?post=3172"}],"curies":[{"name":"wp","href":"https:\/\/api.w.org\/{rel}","templated":true}]}}