{"id":3216,"date":"2025-08-02T20:00:45","date_gmt":"2025-08-02T20:00:45","guid":{"rendered":"https:\/\/allwintheme.com\/?post_type=product&#038;p=3216"},"modified":"2025-08-02T20:03:47","modified_gmt":"2025-08-02T20:03:47","slug":"flatsome-multi-purpose-responsive-woocommerce-theme","status":"publish","type":"product","link":"https:\/\/allwintheme.com\/es\/producto\/flatsome-multi-purpose-responsive-woocommerce-theme\/","title":{"rendered":"Flatsome | Multi-Purpose Responsive WooCommerce Theme"},"content":{"rendered":"<div data-elementor-type=\"wp-post\" data-elementor-id=\"3216\" class=\"elementor elementor-3216\" data-elementor-settings=\"{&quot;element_pack_global_tooltip_width&quot;:{&quot;unit&quot;:&quot;px&quot;,&quot;size&quot;:&quot;&quot;,&quot;sizes&quot;:[]},&quot;element_pack_global_tooltip_width_tablet&quot;:{&quot;unit&quot;:&quot;px&quot;,&quot;size&quot;:&quot;&quot;,&quot;sizes&quot;:[]},&quot;element_pack_global_tooltip_width_mobile&quot;:{&quot;unit&quot;:&quot;px&quot;,&quot;size&quot;:&quot;&quot;,&quot;sizes&quot;:[]},&quot;element_pack_global_tooltip_padding&quot;:{&quot;unit&quot;:&quot;px&quot;,&quot;top&quot;:&quot;&quot;,&quot;right&quot;:&quot;&quot;,&quot;bottom&quot;:&quot;&quot;,&quot;left&quot;:&quot;&quot;,&quot;isLinked&quot;:true},&quot;element_pack_global_tooltip_padding_tablet&quot;:{&quot;unit&quot;:&quot;px&quot;,&quot;top&quot;:&quot;&quot;,&quot;right&quot;:&quot;&quot;,&quot;bottom&quot;:&quot;&quot;,&quot;left&quot;:&quot;&quot;,&quot;isLinked&quot;:true},&quot;element_pack_global_tooltip_padding_mobile&quot;:{&quot;unit&quot;:&quot;px&quot;,&quot;top&quot;:&quot;&quot;,&quot;right&quot;:&quot;&quot;,&quot;bottom&quot;:&quot;&quot;,&quot;left&quot;:&quot;&quot;,&quot;isLinked&quot;:true},&quot;element_pack_global_tooltip_border_radius&quot;:{&quot;unit&quot;:&quot;px&quot;,&quot;top&quot;:&quot;&quot;,&quot;right&quot;:&quot;&quot;,&quot;bottom&quot;:&quot;&quot;,&quot;left&quot;:&quot;&quot;,&quot;isLinked&quot;:true},&quot;element_pack_global_tooltip_border_radius_tablet&quot;:{&quot;unit&quot;:&quot;px&quot;,&quot;top&quot;:&quot;&quot;,&quot;right&quot;:&quot;&quot;,&quot;bottom&quot;:&quot;&quot;,&quot;left&quot;:&quot;&quot;,&quot;isLinked&quot;:true},&quot;element_pack_global_tooltip_border_radius_mobile&quot;:{&quot;unit&quot;:&quot;px&quot;,&quot;top&quot;:&quot;&quot;,&quot;right&quot;:&quot;&quot;,&quot;bottom&quot;:&quot;&quot;,&quot;left&quot;:&quot;&quot;,&quot;isLinked&quot;:true}}\" data-elementor-post-type=\"product\">\n\t\t\t\t<div class=\"elementor-element elementor-element-93aa4a8 e-flex e-con-boxed e-con e-parent\" data-id=\"93aa4a8\" data-element_type=\"container\" data-e-type=\"container\">\n\t\t\t\t\t<div class=\"e-con-inner\">\n\t\t\t\t<div class=\"elementor-element elementor-element-2c3f760 miaoshu elementor-widget elementor-widget-wd_text_block\" data-id=\"2c3f760\" data-element_type=\"widget\" data-e-type=\"widget\" data-widget_type=\"wd_text_block.default\">\n\t\t\t\t<div class=\"elementor-widget-container\">\n\t\t\t\t\t\t\t<div class=\"wd-text-block reset-last-child text-left\">\n\t\t\t\n\t\t\t<section class=\"theme-intro\">\n  <h2>Flatsome - Multi-Purpose Responsive WooCommerce Theme<\/h2>\n  <p>Flatsome es el tema de WooCommerce m\u00e1s vendido de todos los tiempos, ampliamente confiado y utilizado para todo tipo de proyectos de WooCommerce. Siempre se actualiza para soportar las \u00faltimas versiones de WooCommerce, por lo que es la opci\u00f3n m\u00e1s segura para su sitio web de comercio electr\u00f3nico.<\/p>\n<\/section>\n\n<section class=\"theme-features\">\n  <h3>Caracter\u00edsticas principales<\/h3>\n  <ul>\n    <li>Actualizaciones gratuitas de por vida<\/li>\n    <li>Compatible con WordPress 5.9, 6.0 y superiores<\/li>\n    <li>Soporta WooCommerce 4.9 hasta 9.0+<\/li>\n    <li>WPML listo con archivos .po incluidos<\/li>\n    <li>SEO optimizado para un mejor posicionamiento en los motores de b\u00fasqueda<\/li>\n    <li>Constructor de p\u00e1ginas de arrastrar y soltar para una f\u00e1cil personalizaci\u00f3n<\/li>\n    <li>Amplia documentaci\u00f3n en l\u00ednea: <a href=\"https:\/\/docs.uxthemes.com\/\" target=\"_blank\" rel=\"noopener\">https:\/\/docs.uxthemes.com\/<\/a><\/li>\n    <li>Compatible con los principales navegadores: Chrome, Safari, Firefox, IE8+<\/li>\n    <li>Opci\u00f3n de modo cat\u00e1logo para ocultar las funciones de carrito y pago<\/li>\n    <li>Actualizaciones sencillas mediante Envato WordPress Toolkit<\/li>\n    <li>Tema infantil incluido para una personalizaci\u00f3n segura<\/li>\n    <li>Contenido de demostraci\u00f3n incluido para una configuraci\u00f3n r\u00e1pida<\/li>\n    <li>Archivos PSD y activos incluidos<\/li>\n  <\/ul>\n<\/section>\n\n<section class=\"theme-notes\">\n  <h3>Notas<\/h3>\n  <p>Las im\u00e1genes de productos o las im\u00e1genes utilizadas en sliders y banners de ejemplo no est\u00e1n incluidas en este paquete de temas.<\/p>\n<\/section>\n\n\t\t\t\t\t<\/div>\n\t\t\t\t\t\t<\/div>\n\t\t\t\t<\/div>\n\t\t\t\t\t<\/div>\n\t\t\t\t<\/div>\n\t\t\t\t<\/div>","protected":false},"excerpt":{"rendered":"<p>Flatsome - Multi-Purpose Responsive WooCommerce Theme Flatsome es el tema WooCommerce m\u00e1s vendido de todos los tiempos, ampliamente confiado y utilizado para todo tipo<\/p>","protected":false},"featured_media":3217,"comment_status":"open","ping_status":"closed","template":"","meta":{"_acf_changed":false},"product_brand":[],"product_cat":[48],"product_tag":[],"class_list":{"0":"post-3216","1":"product","2":"type-product","3":"status-publish","4":"has-post-thumbnail","6":"product_cat-themes","8":"first","9":"instock","10":"downloadable","11":"shipping-taxable","12":"purchasable","13":"product-type-simple"},"acf":[],"yoast_head":"<!-- This site is optimized with the Yoast SEO Premium plugin v25.6 (Yoast SEO v27.1.1) - https:\/\/yoast.com\/product\/yoast-seo-premium-wordpress\/ -->\n<title>Flatsome | Multi-Purpose Responsive WooCommerce Theme - AllWin Theme \u2013 Free WordPress Themes Download<\/title>\n<meta name=\"robots\" content=\"index, follow, max-snippet:-1, max-image-preview:large, max-video-preview:-1\" \/>\n<link rel=\"canonical\" href=\"https:\/\/allwintheme.com\/es\/producto\/flatsome-multi-purpose-responsive-woocommerce-theme\/\" \/>\n<meta property=\"og:locale\" content=\"es_ES\" \/>\n<meta property=\"og:type\" content=\"article\" \/>\n<meta property=\"og:title\" content=\"Flatsome | Multi-Purpose Responsive WooCommerce Theme\" \/>\n<meta property=\"og:description\" content=\"Flatsome \u2013 Multi-Purpose Responsive WooCommerce Theme Flatsome is the best-selling WooCommerce theme ever, widely trusted and used for all kinds\" \/>\n<meta property=\"og:url\" content=\"https:\/\/allwintheme.com\/es\/producto\/flatsome-multi-purpose-responsive-woocommerce-theme\/\" \/>\n<meta property=\"og:site_name\" content=\"AllWin Theme \u2013 Free WordPress Themes Download\" \/>\n<meta property=\"article:modified_time\" content=\"2025-08-02T20:03:47+00:00\" \/>\n<meta property=\"og:image\" content=\"https:\/\/allwintheme.com\/wp-content\/uploads\/2025\/08\/4509e1b4e853e6d9d2df6d07d45389d6.jpg\" \/>\n\t<meta property=\"og:image:width\" content=\"590\" \/>\n\t<meta property=\"og:image:height\" content=\"300\" \/>\n\t<meta property=\"og:image:type\" content=\"image\/jpeg\" \/>\n<meta name=\"twitter:card\" content=\"summary_large_image\" \/>\n<meta name=\"twitter:label1\" content=\"Tiempo estimado de lectura\" \/>\n\t<meta name=\"twitter:data1\" content=\"1 minuto\" \/>\n<script type=\"application\/ld+json\" class=\"yoast-schema-graph\">{\"@context\":\"https:\/\/schema.org\",\"@graph\":[{\"@type\":\"WebPage\",\"@id\":\"https:\/\/allwintheme.com\/product\/flatsome-multi-purpose-responsive-woocommerce-theme\/\",\"url\":\"https:\/\/allwintheme.com\/product\/flatsome-multi-purpose-responsive-woocommerce-theme\/\",\"name\":\"Flatsome | Multi-Purpose Responsive WooCommerce Theme - AllWin Theme \u2013 Free WordPress Themes Download\",\"isPartOf\":{\"@id\":\"https:\/\/allwintheme.com\/#website\"},\"primaryImageOfPage\":{\"@id\":\"https:\/\/allwintheme.com\/product\/flatsome-multi-purpose-responsive-woocommerce-theme\/#primaryimage\"},\"image\":{\"@id\":\"https:\/\/allwintheme.com\/product\/flatsome-multi-purpose-responsive-woocommerce-theme\/#primaryimage\"},\"thumbnailUrl\":\"https:\/\/allwintheme.com\/wp-content\/uploads\/2025\/08\/4509e1b4e853e6d9d2df6d07d45389d6.jpg\",\"datePublished\":\"2025-08-02T20:00:45+00:00\",\"dateModified\":\"2025-08-02T20:03:47+00:00\",\"breadcrumb\":{\"@id\":\"https:\/\/allwintheme.com\/product\/flatsome-multi-purpose-responsive-woocommerce-theme\/#breadcrumb\"},\"inLanguage\":\"es-CL\",\"potentialAction\":[{\"@type\":\"ReadAction\",\"target\":[\"https:\/\/allwintheme.com\/product\/flatsome-multi-purpose-responsive-woocommerce-theme\/\"]}]},{\"@type\":\"ImageObject\",\"inLanguage\":\"es-CL\",\"@id\":\"https:\/\/allwintheme.com\/product\/flatsome-multi-purpose-responsive-woocommerce-theme\/#primaryimage\",\"url\":\"https:\/\/allwintheme.com\/wp-content\/uploads\/2025\/08\/4509e1b4e853e6d9d2df6d07d45389d6.jpg\",\"contentUrl\":\"https:\/\/allwintheme.com\/wp-content\/uploads\/2025\/08\/4509e1b4e853e6d9d2df6d07d45389d6.jpg\",\"width\":590,\"height\":300},{\"@type\":\"BreadcrumbList\",\"@id\":\"https:\/\/allwintheme.com\/product\/flatsome-multi-purpose-responsive-woocommerce-theme\/#breadcrumb\",\"itemListElement\":[{\"@type\":\"ListItem\",\"position\":1,\"name\":\"Home\",\"item\":\"https:\/\/allwintheme.com\/\"},{\"@type\":\"ListItem\",\"position\":2,\"name\":\"Shop\",\"item\":\"https:\/\/allwintheme.com\/shop\/\"},{\"@type\":\"ListItem\",\"position\":3,\"name\":\"Flatsome | Multi-Purpose Responsive WooCommerce Theme\"}]},{\"@type\":\"WebSite\",\"@id\":\"https:\/\/allwintheme.com\/#website\",\"url\":\"https:\/\/allwintheme.com\/\",\"name\":\"Allwintheme\",\"description\":\"Download free WordPress themes for every niche. Blogs, business, eCommerce, portfolio, restaurant and more. All themes are GPL licensed and mobile-ready.\",\"potentialAction\":[{\"@type\":\"SearchAction\",\"target\":{\"@type\":\"EntryPoint\",\"urlTemplate\":\"https:\/\/allwintheme.com\/?s={search_term_string}\"},\"query-input\":{\"@type\":\"PropertyValueSpecification\",\"valueRequired\":true,\"valueName\":\"search_term_string\"}}],\"inLanguage\":\"es-CL\"}]}<\/script>\n<!-- \/ Yoast SEO Premium plugin. -->","yoast_head_json":{"title":"Flatsome | Multi-Purpose Responsive WooCommerce Theme - AllWin Theme \u2013 Free WordPress Themes Download","robots":{"index":"index","follow":"follow","max-snippet":"max-snippet:-1","max-image-preview":"max-image-preview:large","max-video-preview":"max-video-preview:-1"},"canonical":"https:\/\/allwintheme.com\/es\/producto\/flatsome-multi-purpose-responsive-woocommerce-theme\/","og_locale":"es_ES","og_type":"article","og_title":"Flatsome | Multi-Purpose Responsive WooCommerce Theme","og_description":"Flatsome \u2013 Multi-Purpose Responsive WooCommerce Theme Flatsome is the best-selling WooCommerce theme ever, widely trusted and used for all kinds","og_url":"https:\/\/allwintheme.com\/es\/producto\/flatsome-multi-purpose-responsive-woocommerce-theme\/","og_site_name":"AllWin Theme \u2013 Free WordPress Themes Download","article_modified_time":"2025-08-02T20:03:47+00:00","og_image":[{"width":590,"height":300,"url":"https:\/\/allwintheme.com\/wp-content\/uploads\/2025\/08\/4509e1b4e853e6d9d2df6d07d45389d6.jpg","type":"image\/jpeg"}],"twitter_card":"summary_large_image","twitter_misc":{"Tiempo estimado de lectura":"1 minuto"},"schema":{"@context":"https:\/\/schema.org","@graph":[{"@type":"WebPage","@id":"https:\/\/allwintheme.com\/product\/flatsome-multi-purpose-responsive-woocommerce-theme\/","url":"https:\/\/allwintheme.com\/product\/flatsome-multi-purpose-responsive-woocommerce-theme\/","name":"Flatsome | Multi-Purpose Responsive WooCommerce Theme - AllWin Theme \u2013 Free WordPress Themes Download","isPartOf":{"@id":"https:\/\/allwintheme.com\/#website"},"primaryImageOfPage":{"@id":"https:\/\/allwintheme.com\/product\/flatsome-multi-purpose-responsive-woocommerce-theme\/#primaryimage"},"image":{"@id":"https:\/\/allwintheme.com\/product\/flatsome-multi-purpose-responsive-woocommerce-theme\/#primaryimage"},"thumbnailUrl":"https:\/\/allwintheme.com\/wp-content\/uploads\/2025\/08\/4509e1b4e853e6d9d2df6d07d45389d6.jpg","datePublished":"2025-08-02T20:00:45+00:00","dateModified":"2025-08-02T20:03:47+00:00","breadcrumb":{"@id":"https:\/\/allwintheme.com\/product\/flatsome-multi-purpose-responsive-woocommerce-theme\/#breadcrumb"},"inLanguage":"es-CL","potentialAction":[{"@type":"ReadAction","target":["https:\/\/allwintheme.com\/product\/flatsome-multi-purpose-responsive-woocommerce-theme\/"]}]},{"@type":"ImageObject","inLanguage":"es-CL","@id":"https:\/\/allwintheme.com\/product\/flatsome-multi-purpose-responsive-woocommerce-theme\/#primaryimage","url":"https:\/\/allwintheme.com\/wp-content\/uploads\/2025\/08\/4509e1b4e853e6d9d2df6d07d45389d6.jpg","contentUrl":"https:\/\/allwintheme.com\/wp-content\/uploads\/2025\/08\/4509e1b4e853e6d9d2df6d07d45389d6.jpg","width":590,"height":300},{"@type":"BreadcrumbList","@id":"https:\/\/allwintheme.com\/product\/flatsome-multi-purpose-responsive-woocommerce-theme\/#breadcrumb","itemListElement":[{"@type":"ListItem","position":1,"name":"Home","item":"https:\/\/allwintheme.com\/"},{"@type":"ListItem","position":2,"name":"Shop","item":"https:\/\/allwintheme.com\/shop\/"},{"@type":"ListItem","position":3,"name":"Flatsome | Multi-Purpose Responsive WooCommerce Theme"}]},{"@type":"WebSite","@id":"https:\/\/allwintheme.com\/#website","url":"https:\/\/allwintheme.com\/","name":"Allwintheme","description":"Descarga gratis temas de WordPress para todos los nichos. Blogs, negocios, comercio electr\u00f3nico, portafolio, restaurante y m\u00e1s. Todos los temas tienen licencia GPL y est\u00e1n preparados para dispositivos m\u00f3viles.","potentialAction":[{"@type":"SearchAction","target":{"@type":"EntryPoint","urlTemplate":"https:\/\/allwintheme.com\/?s={search_term_string}"},"query-input":{"@type":"PropertyValueSpecification","valueRequired":true,"valueName":"search_term_string"}}],"inLanguage":"es-CL"}]}},"_links":{"self":[{"href":"https:\/\/allwintheme.com\/es\/wp-json\/wp\/v2\/product\/3216","targetHints":{"allow":["GET"]}}],"collection":[{"href":"https:\/\/allwintheme.com\/es\/wp-json\/wp\/v2\/product"}],"about":[{"href":"https:\/\/allwintheme.com\/es\/wp-json\/wp\/v2\/types\/product"}],"replies":[{"embeddable":true,"href":"https:\/\/allwintheme.com\/es\/wp-json\/wp\/v2\/comments?post=3216"}],"version-history":[{"count":0,"href":"https:\/\/allwintheme.com\/es\/wp-json\/wp\/v2\/product\/3216\/revisions"}],"wp:featuredmedia":[{"embeddable":true,"href":"https:\/\/allwintheme.com\/es\/wp-json\/wp\/v2\/media\/3217"}],"wp:attachment":[{"href":"https:\/\/allwintheme.com\/es\/wp-json\/wp\/v2\/media?parent=3216"}],"wp:term":[{"taxonomy":"product_brand","embeddable":true,"href":"https:\/\/allwintheme.com\/es\/wp-json\/wp\/v2\/product_brand?post=3216"},{"taxonomy":"product_cat","embeddable":true,"href":"https:\/\/allwintheme.com\/es\/wp-json\/wp\/v2\/product_cat?post=3216"},{"taxonomy":"product_tag","embeddable":true,"href":"https:\/\/allwintheme.com\/es\/wp-json\/wp\/v2\/product_tag?post=3216"}],"curies":[{"name":"wp","href":"https:\/\/api.w.org\/{rel}","templated":true}]}}