{"id":3808,"date":"2025-08-14T09:24:11","date_gmt":"2025-08-14T09:24:11","guid":{"rendered":"https:\/\/allwintheme.com\/?post_type=product&#038;p=3808"},"modified":"2025-08-18T09:54:05","modified_gmt":"2025-08-18T09:54:05","slug":"elementor-pro-2","status":"publish","type":"product","link":"https:\/\/allwintheme.com\/es\/producto\/elementor-pro-2\/","title":{"rendered":"Elementor Pro GPL Descargar - Tema\/Woo\/Popup"},"content":{"rendered":"<div data-elementor-type=\"wp-post\" data-elementor-id=\"3808\" class=\"elementor elementor-3808\" data-elementor-settings=\"{&quot;element_pack_global_tooltip_width&quot;:{&quot;unit&quot;:&quot;px&quot;,&quot;size&quot;:&quot;&quot;,&quot;sizes&quot;:[]},&quot;element_pack_global_tooltip_width_tablet&quot;:{&quot;unit&quot;:&quot;px&quot;,&quot;size&quot;:&quot;&quot;,&quot;sizes&quot;:[]},&quot;element_pack_global_tooltip_width_mobile&quot;:{&quot;unit&quot;:&quot;px&quot;,&quot;size&quot;:&quot;&quot;,&quot;sizes&quot;:[]},&quot;element_pack_global_tooltip_padding&quot;:{&quot;unit&quot;:&quot;px&quot;,&quot;top&quot;:&quot;&quot;,&quot;right&quot;:&quot;&quot;,&quot;bottom&quot;:&quot;&quot;,&quot;left&quot;:&quot;&quot;,&quot;isLinked&quot;:true},&quot;element_pack_global_tooltip_padding_tablet&quot;:{&quot;unit&quot;:&quot;px&quot;,&quot;top&quot;:&quot;&quot;,&quot;right&quot;:&quot;&quot;,&quot;bottom&quot;:&quot;&quot;,&quot;left&quot;:&quot;&quot;,&quot;isLinked&quot;:true},&quot;element_pack_global_tooltip_padding_mobile&quot;:{&quot;unit&quot;:&quot;px&quot;,&quot;top&quot;:&quot;&quot;,&quot;right&quot;:&quot;&quot;,&quot;bottom&quot;:&quot;&quot;,&quot;left&quot;:&quot;&quot;,&quot;isLinked&quot;:true},&quot;element_pack_global_tooltip_border_radius&quot;:{&quot;unit&quot;:&quot;px&quot;,&quot;top&quot;:&quot;&quot;,&quot;right&quot;:&quot;&quot;,&quot;bottom&quot;:&quot;&quot;,&quot;left&quot;:&quot;&quot;,&quot;isLinked&quot;:true},&quot;element_pack_global_tooltip_border_radius_tablet&quot;:{&quot;unit&quot;:&quot;px&quot;,&quot;top&quot;:&quot;&quot;,&quot;right&quot;:&quot;&quot;,&quot;bottom&quot;:&quot;&quot;,&quot;left&quot;:&quot;&quot;,&quot;isLinked&quot;:true},&quot;element_pack_global_tooltip_border_radius_mobile&quot;:{&quot;unit&quot;:&quot;px&quot;,&quot;top&quot;:&quot;&quot;,&quot;right&quot;:&quot;&quot;,&quot;bottom&quot;:&quot;&quot;,&quot;left&quot;:&quot;&quot;,&quot;isLinked&quot;:true}}\" data-elementor-post-type=\"product\">\n\t\t\t\t<div class=\"elementor-element elementor-element-93aa4a8 e-flex e-con-boxed e-con e-parent\" data-id=\"93aa4a8\" data-element_type=\"container\" data-e-type=\"container\">\n\t\t\t\t\t<div class=\"e-con-inner\">\n\t\t\t\t<div class=\"elementor-element elementor-element-2c3f760 miaoshu elementor-widget elementor-widget-wd_text_block\" data-id=\"2c3f760\" data-element_type=\"widget\" data-e-type=\"widget\" data-widget_type=\"wd_text_block.default\">\n\t\t\t\t<div class=\"elementor-widget-container\">\n\t\t\t\t\t\t\t<div class=\"wd-text-block reset-last-child text-left\">\n\t\t\t\n\t\t\t<h2>Elementor Pro (versi\u00f3n GPL) - Lo \u00faltimo en herramientas de creaci\u00f3n de sitios web<\/h2><p><strong>Nota:<\/strong> Para utilizar Elementor Pro, primero debe instalar el plugin gratuito de Elementor, disponible aqu\u00ed: <a href=\"https:\/\/allwintheme.com\/es\/producto\/elementor-pro-2\/\">Elementor gratuito (versi\u00f3n GPL)<\/a>.<br \/>Elementor Pro es un plugin de WordPress premium con licencia GPL que ampl\u00eda las funciones de la versi\u00f3n gratuita. Te permite dise\u00f1ar sitios web totalmente personalizados y visualmente impresionantes sin escribir ni una sola l\u00ednea de c\u00f3digo, incluso si no tienes experiencia previa en dise\u00f1o o desarrollo.<\/p><p>Con Elementor Pro, puede desbloquear una amplia gama de herramientas avanzadas y posibilidades creativas, incluyendo:<\/p><ul><li><strong>Encabezados y pies de p\u00e1gina personalizados<\/strong> - Dise\u00f1o de cabeceras y pies de p\u00e1gina para todo el sitio.<\/li><li><strong>Plantillas profesionales<\/strong> - Empiece r\u00e1pidamente con dise\u00f1os predise\u00f1ados y totalmente personalizables.<\/li><li><strong>P\u00e1ginas de comercio electr\u00f3nico personalizadas<\/strong> - Personalice las p\u00e1ginas de productos, de pago y de categor\u00edas de las tiendas WooCommerce.<\/li><li><strong>Widgets avanzados<\/strong> - A\u00f1ada elementos profesionales como formularios, sliders y testimonios.<\/li><li><strong>Constructor Pop-Up<\/strong> - Cree ventanas emergentes espec\u00edficas para promociones, captaci\u00f3n de clientes potenciales o anuncios.<\/li><li><strong>Director<\/strong> - Controle qui\u00e9n puede acceder a funciones de dise\u00f1o espec\u00edficas en su equipo.<\/li><\/ul><hr \/><h3>Por qu\u00e9 Elementor Pro es el favorito de los creadores web<\/h3><p>Amado por dise\u00f1adores, desarrolladores y vendedores por igual, Elementor Pro ofrece una flexibilidad sin igual y un flujo de trabajo optimizado para la creaci\u00f3n de sitios de WordPress. Simplifica el proceso creativo a la vez que proporciona potentes herramientas de personalizaci\u00f3n.<\/p><h4>Funciones clave:<\/h4><ul><li><strong>Creador de temas:<\/strong> Cree cabeceras y pies de p\u00e1gina personalizados, dise\u00f1os de archivos y otras partes de plantillas globales.<\/li><li><strong>Constructor de WooCommerce:<\/strong> Personalice p\u00e1ginas de productos, dise\u00f1os de tiendas y elementos de comercio electr\u00f3nico.<\/li><li><strong>Widgets avanzados:<\/strong> Accede a una biblioteca ampliada de widgets profesionales que no se encuentran en la versi\u00f3n gratuita.<\/li><li><strong>Contenido din\u00e1mico:<\/strong> Obtenga datos de campos personalizados o tipos de entradas para crear p\u00e1ginas automatizadas y ricas en contenido.<\/li><li><strong>Pop-Up Builder:<\/strong> Atraiga a los visitantes con mensajes y ofertas espec\u00edficos.<\/li><li><strong>Widgets globales:<\/strong> Reutilice un \u00fanico dise\u00f1o de widget en varias p\u00e1ginas: actualice una vez y cambie en todas partes.<\/li><li><strong>CSS personalizado:<\/strong> A\u00f1ade estilos avanzados directamente desde el editor de Elementor.<\/li><li><strong>Director de funciones:<\/strong> Asigne permisos de dise\u00f1o y agilice la colaboraci\u00f3n multiusuario.<\/li><\/ul><hr \/><h3>Qu\u00e9 ofrece Elementor Pro<\/h3><p>Esto es lo que hace que Elementor Pro destaque:<\/p><ul><li>Acceso completo a todos los <strong>Widgets profesionales<\/strong> y funciones exclusivas.<\/li><li>Construir y personalizar <strong>tus propias plantillas<\/strong> desde cero.<\/li><li>Integraci\u00f3n perfecta con los principales <strong>herramientas de marketing y CRM<\/strong>.<\/li><li>Avanzado <strong>creador de formularios<\/strong> con acciones incorporadas.<\/li><li><strong>Contenido din\u00e1mico<\/strong> soporte para una gesti\u00f3n m\u00e1s inteligente del sitio.<\/li><li>Complete <strong>creador de temas<\/strong> funcionalidad.<\/li><li><strong>Uso ilimitado<\/strong> en cualquier n\u00famero de sitios web (versi\u00f3n GPL).<\/li><li>Una biblioteca de <strong>plantillas premium<\/strong> para un dise\u00f1o m\u00e1s r\u00e1pido.<\/li><li>Herramientas para crear <strong>ventanas emergentes interactivas<\/strong> y elementos de conversi\u00f3n.<\/li><\/ul><hr \/><h3>Caracter\u00edsticas principales en detalle<\/h3><p><strong>1. M\u00faltiples m\u00f3dulos de contenido<\/strong><br \/>Elementor Pro te equipa con un amplio conjunto de elementos de contenido: encabezados, p\u00e1rrafos, v\u00eddeos, botones, divisores, iconos, galer\u00edas de im\u00e1genes, testimonios, iconos de redes sociales, shortcodes y mucho m\u00e1s. Col\u00f3calos en cualquier lugar de tu p\u00e1gina sin restricciones de dise\u00f1o.<\/p><p><strong>2. Editor intuitivo de arrastrar y soltar<\/strong><br \/>Basta con arrastrar los elementos a su lugar, sin necesidad de conocimientos de HTML, CSS o PHP.<\/p><p><strong>3. Plantillas predise\u00f1adas<\/strong><br \/>Ahorre horas con m\u00e1s de 150 plantillas gratuitas y m\u00e1s de 300 dise\u00f1os premium. Cada plantilla est\u00e1 dise\u00f1ada profesionalmente para sectores y necesidades empresariales espec\u00edficos, lista para que la personalices.<\/p><p><strong>4. Compatibilidad de temas<\/strong><br \/>Funciona perfectamente con temas populares de WordPress como Astra, GeneratePress y otros. Obt\u00e9n control total sobre fondos, tipograf\u00eda, botones e im\u00e1genes.<\/p><p><strong>5. Integraciones ilimitadas<\/strong><br \/>Impulsa las conversiones con integraciones para Zapier, MailChimp, HubSpot, ConvertKit, Drip, Slack, GetResponse y muchos m\u00e1s.<\/p><hr \/><h3>Aviso importante<\/h3><p>Esta es la versi\u00f3n con licencia GPL de Elementor Pro. Incluye la misma funcionalidad b\u00e1sica que la versi\u00f3n oficial, pero no <strong>no<\/strong> proporcionan acceso a las actualizaciones oficiales de Elementor, soporte o funciones en la nube. Para obtener esas ventajas, adquiera una licencia directamente en <a href=\"https:\/\/allwintheme.com\/es\/\">Elementor.com<\/a>. Este producto se distribuye bajo la licencia GNU GPL v3 y no est\u00e1 afiliado ni respaldado por Elementor Ltd.<\/p><hr \/><p>Si lo desea, tambi\u00e9n puedo darle un <strong>Versi\u00f3n corta optimizada para SEO<\/strong> para su <strong>allwintheme.com<\/strong> con meta descripci\u00f3n, variaciones de palabras clave y una lista de caracter\u00edsticas condensada para una indexaci\u00f3n m\u00e1s r\u00e1pida. Eso ayudar\u00eda a que este largo art\u00edculo se clasificara r\u00e1pidamente sin ser \"demasiado pesado\" para las vistas previas de fragmentos de Google. \u00bfQuieres que prepare esa versi\u00f3n?<\/p>\n\t\t\t\t\t<\/div>\n\t\t\t\t\t\t<\/div>\n\t\t\t\t<\/div>\n\t\t\t\t\t<\/div>\n\t\t\t\t<\/div>\n\t\t\t\t<\/div>","protected":false},"excerpt":{"rendered":"<p>Elementor Pro (GPL Version) \u2013 The Ultimate Website Building Toolkit Note: To use Elementor Pro, you must first install the<\/p>","protected":false},"featured_media":3809,"comment_status":"open","ping_status":"closed","template":"","meta":{"_acf_changed":false},"product_brand":[],"product_cat":[49],"product_tag":[],"class_list":{"0":"post-3808","1":"product","2":"type-product","3":"status-publish","4":"has-post-thumbnail","6":"product_cat-plugins","8":"first","9":"instock","10":"downloadable","11":"shipping-taxable","12":"purchasable","13":"product-type-simple"},"acf":[],"yoast_head":"<!-- This site is optimized with the Yoast SEO Premium plugin v25.6 (Yoast SEO v27.1.1) - https:\/\/yoast.com\/product\/yoast-seo-premium-wordpress\/ -->\n<title>Elementor Pro GPL Download \u2014 Theme\/Woo\/Popup<\/title>\n<meta name=\"description\" content=\"Get Elementor Pro: Theme Builder, WooCommerce, Popup, Dynamic Content, Forms &amp; more. GPL redistribution only. Not affiliated with Elementor.\" \/>\n<meta name=\"robots\" content=\"index, follow, max-snippet:-1, max-image-preview:large, max-video-preview:-1\" \/>\n<link rel=\"canonical\" href=\"https:\/\/allwintheme.com\/es\/producto\/elementor-pro-2\/\" \/>\n<meta property=\"og:locale\" content=\"es_ES\" \/>\n<meta property=\"og:type\" content=\"article\" \/>\n<meta property=\"og:title\" content=\"Elementor Pro GPL Download \u2014 Theme\/Woo\/Popup\" \/>\n<meta property=\"og:description\" content=\"Get Elementor Pro: Theme Builder, WooCommerce, Popup, Dynamic Content, Forms &amp; more. GPL redistribution only. Not affiliated with Elementor.\" \/>\n<meta property=\"og:url\" content=\"https:\/\/allwintheme.com\/es\/producto\/elementor-pro-2\/\" \/>\n<meta property=\"og:site_name\" content=\"AllWin Theme \u2013 Free WordPress Themes Download\" \/>\n<meta property=\"article:modified_time\" content=\"2025-08-18T09:54:05+00:00\" \/>\n<meta property=\"og:image\" content=\"https:\/\/allwintheme.com\/wp-content\/uploads\/2025\/08\/logotipo-elementor-pro.jpg.webp\" \/>\n\t<meta property=\"og:image:width\" content=\"600\" \/>\n\t<meta property=\"og:image:height\" content=\"338\" \/>\n\t<meta property=\"og:image:type\" content=\"image\/webp\" \/>\n<meta name=\"twitter:card\" content=\"summary_large_image\" \/>\n<meta name=\"twitter:label1\" content=\"Tiempo estimado de lectura\" \/>\n\t<meta name=\"twitter:data1\" content=\"4 minutos\" \/>\n<script type=\"application\/ld+json\" class=\"yoast-schema-graph\">{\"@context\":\"https:\/\/schema.org\",\"@graph\":[{\"@type\":\"WebPage\",\"@id\":\"https:\/\/allwintheme.com\/product\/elementor-pro-2\/\",\"url\":\"https:\/\/allwintheme.com\/product\/elementor-pro-2\/\",\"name\":\"Elementor Pro GPL Download \u2014 Theme\/Woo\/Popup\",\"isPartOf\":{\"@id\":\"https:\/\/allwintheme.com\/#website\"},\"primaryImageOfPage\":{\"@id\":\"https:\/\/allwintheme.com\/product\/elementor-pro-2\/#primaryimage\"},\"image\":{\"@id\":\"https:\/\/allwintheme.com\/product\/elementor-pro-2\/#primaryimage\"},\"thumbnailUrl\":\"https:\/\/allwintheme.com\/wp-content\/uploads\/2025\/08\/logotipo-elementor-pro.jpg.webp\",\"datePublished\":\"2025-08-14T09:24:11+00:00\",\"dateModified\":\"2025-08-18T09:54:05+00:00\",\"description\":\"Get Elementor Pro: Theme Builder, WooCommerce, Popup, Dynamic Content, Forms & more. GPL redistribution only. Not affiliated with Elementor.\",\"breadcrumb\":{\"@id\":\"https:\/\/allwintheme.com\/product\/elementor-pro-2\/#breadcrumb\"},\"inLanguage\":\"es-CL\",\"potentialAction\":[{\"@type\":\"ReadAction\",\"target\":[\"https:\/\/allwintheme.com\/product\/elementor-pro-2\/\"]}]},{\"@type\":\"ImageObject\",\"inLanguage\":\"es-CL\",\"@id\":\"https:\/\/allwintheme.com\/product\/elementor-pro-2\/#primaryimage\",\"url\":\"https:\/\/allwintheme.com\/wp-content\/uploads\/2025\/08\/logotipo-elementor-pro.jpg.webp\",\"contentUrl\":\"https:\/\/allwintheme.com\/wp-content\/uploads\/2025\/08\/logotipo-elementor-pro.jpg.webp\",\"width\":600,\"height\":338},{\"@type\":\"BreadcrumbList\",\"@id\":\"https:\/\/allwintheme.com\/product\/elementor-pro-2\/#breadcrumb\",\"itemListElement\":[{\"@type\":\"ListItem\",\"position\":1,\"name\":\"Home\",\"item\":\"https:\/\/allwintheme.com\/\"},{\"@type\":\"ListItem\",\"position\":2,\"name\":\"Shop\",\"item\":\"https:\/\/allwintheme.com\/shop\/\"},{\"@type\":\"ListItem\",\"position\":3,\"name\":\"Elementor Pro GPL Download \u2014 Theme\/Woo\/Popup\"}]},{\"@type\":\"WebSite\",\"@id\":\"https:\/\/allwintheme.com\/#website\",\"url\":\"https:\/\/allwintheme.com\/\",\"name\":\"Allwintheme\",\"description\":\"Download free WordPress themes for every niche. Blogs, business, eCommerce, portfolio, restaurant and more. All themes are GPL licensed and mobile-ready.\",\"potentialAction\":[{\"@type\":\"SearchAction\",\"target\":{\"@type\":\"EntryPoint\",\"urlTemplate\":\"https:\/\/allwintheme.com\/?s={search_term_string}\"},\"query-input\":{\"@type\":\"PropertyValueSpecification\",\"valueRequired\":true,\"valueName\":\"search_term_string\"}}],\"inLanguage\":\"es-CL\"}]}<\/script>\n<!-- \/ Yoast SEO Premium plugin. -->","yoast_head_json":{"title":"Elementor Pro GPL Descargar - Tema\/Woo\/Popup","description":"Consigue Elementor Pro: Theme Builder, WooCommerce, Popup, Contenido Din\u00e1mico, Formularios y m\u00e1s. S\u00f3lo redistribuci\u00f3n GPL. No afiliado a Elementor.","robots":{"index":"index","follow":"follow","max-snippet":"max-snippet:-1","max-image-preview":"max-image-preview:large","max-video-preview":"max-video-preview:-1"},"canonical":"https:\/\/allwintheme.com\/es\/producto\/elementor-pro-2\/","og_locale":"es_ES","og_type":"article","og_title":"Elementor Pro GPL Download \u2014 Theme\/Woo\/Popup","og_description":"Get Elementor Pro: Theme Builder, WooCommerce, Popup, Dynamic Content, Forms & more. GPL redistribution only. Not affiliated with Elementor.","og_url":"https:\/\/allwintheme.com\/es\/producto\/elementor-pro-2\/","og_site_name":"AllWin Theme \u2013 Free WordPress Themes Download","article_modified_time":"2025-08-18T09:54:05+00:00","og_image":[{"width":600,"height":338,"url":"https:\/\/allwintheme.com\/wp-content\/uploads\/2025\/08\/logotipo-elementor-pro.jpg.webp","type":"image\/webp"}],"twitter_card":"summary_large_image","twitter_misc":{"Tiempo estimado de lectura":"4 minutos"},"schema":{"@context":"https:\/\/schema.org","@graph":[{"@type":"WebPage","@id":"https:\/\/allwintheme.com\/product\/elementor-pro-2\/","url":"https:\/\/allwintheme.com\/product\/elementor-pro-2\/","name":"Elementor Pro GPL Descargar - Tema\/Woo\/Popup","isPartOf":{"@id":"https:\/\/allwintheme.com\/#website"},"primaryImageOfPage":{"@id":"https:\/\/allwintheme.com\/product\/elementor-pro-2\/#primaryimage"},"image":{"@id":"https:\/\/allwintheme.com\/product\/elementor-pro-2\/#primaryimage"},"thumbnailUrl":"https:\/\/allwintheme.com\/wp-content\/uploads\/2025\/08\/logotipo-elementor-pro.jpg.webp","datePublished":"2025-08-14T09:24:11+00:00","dateModified":"2025-08-18T09:54:05+00:00","description":"Consigue Elementor Pro: Theme Builder, WooCommerce, Popup, Contenido Din\u00e1mico, Formularios y m\u00e1s. S\u00f3lo redistribuci\u00f3n GPL. No afiliado a Elementor.","breadcrumb":{"@id":"https:\/\/allwintheme.com\/product\/elementor-pro-2\/#breadcrumb"},"inLanguage":"es-CL","potentialAction":[{"@type":"ReadAction","target":["https:\/\/allwintheme.com\/product\/elementor-pro-2\/"]}]},{"@type":"ImageObject","inLanguage":"es-CL","@id":"https:\/\/allwintheme.com\/product\/elementor-pro-2\/#primaryimage","url":"https:\/\/allwintheme.com\/wp-content\/uploads\/2025\/08\/logotipo-elementor-pro.jpg.webp","contentUrl":"https:\/\/allwintheme.com\/wp-content\/uploads\/2025\/08\/logotipo-elementor-pro.jpg.webp","width":600,"height":338},{"@type":"BreadcrumbList","@id":"https:\/\/allwintheme.com\/product\/elementor-pro-2\/#breadcrumb","itemListElement":[{"@type":"ListItem","position":1,"name":"Home","item":"https:\/\/allwintheme.com\/"},{"@type":"ListItem","position":2,"name":"Shop","item":"https:\/\/allwintheme.com\/shop\/"},{"@type":"ListItem","position":3,"name":"Elementor Pro GPL Download \u2014 Theme\/Woo\/Popup"}]},{"@type":"WebSite","@id":"https:\/\/allwintheme.com\/#website","url":"https:\/\/allwintheme.com\/","name":"Allwintheme","description":"Descarga gratis temas de WordPress para todos los nichos. Blogs, negocios, comercio electr\u00f3nico, portafolio, restaurante y m\u00e1s. Todos los temas tienen licencia GPL y est\u00e1n preparados para dispositivos m\u00f3viles.","potentialAction":[{"@type":"SearchAction","target":{"@type":"EntryPoint","urlTemplate":"https:\/\/allwintheme.com\/?s={search_term_string}"},"query-input":{"@type":"PropertyValueSpecification","valueRequired":true,"valueName":"search_term_string"}}],"inLanguage":"es-CL"}]}},"_links":{"self":[{"href":"https:\/\/allwintheme.com\/es\/wp-json\/wp\/v2\/product\/3808","targetHints":{"allow":["GET"]}}],"collection":[{"href":"https:\/\/allwintheme.com\/es\/wp-json\/wp\/v2\/product"}],"about":[{"href":"https:\/\/allwintheme.com\/es\/wp-json\/wp\/v2\/types\/product"}],"replies":[{"embeddable":true,"href":"https:\/\/allwintheme.com\/es\/wp-json\/wp\/v2\/comments?post=3808"}],"version-history":[{"count":0,"href":"https:\/\/allwintheme.com\/es\/wp-json\/wp\/v2\/product\/3808\/revisions"}],"wp:featuredmedia":[{"embeddable":true,"href":"https:\/\/allwintheme.com\/es\/wp-json\/wp\/v2\/media\/3809"}],"wp:attachment":[{"href":"https:\/\/allwintheme.com\/es\/wp-json\/wp\/v2\/media?parent=3808"}],"wp:term":[{"taxonomy":"product_brand","embeddable":true,"href":"https:\/\/allwintheme.com\/es\/wp-json\/wp\/v2\/product_brand?post=3808"},{"taxonomy":"product_cat","embeddable":true,"href":"https:\/\/allwintheme.com\/es\/wp-json\/wp\/v2\/product_cat?post=3808"},{"taxonomy":"product_tag","embeddable":true,"href":"https:\/\/allwintheme.com\/es\/wp-json\/wp\/v2\/product_tag?post=3808"}],"curies":[{"name":"wp","href":"https:\/\/api.w.org\/{rel}","templated":true}]}}