{"id":3860,"date":"2025-08-24T15:17:48","date_gmt":"2025-08-24T15:17:48","guid":{"rendered":"https:\/\/allwintheme.com\/?post_type=product&#038;p=3860"},"modified":"2025-08-24T15:21:44","modified_gmt":"2025-08-24T15:21:44","slug":"wp-debug-toolkit-pro","status":"publish","type":"product","link":"https:\/\/allwintheme.com\/es\/producto\/wp-debug-toolkit-pro\/","title":{"rendered":"WP Debug Toolkit Pro"},"content":{"rendered":"<h2>WP Debug Toolkit Pro<\/h2>\n<p>WP Debug Toolkit Pro es la soluci\u00f3n definitiva para desarrolladores y administradores de sitios que necesitan una forma m\u00e1s r\u00e1pida e inteligente de depurar WordPress. Dise\u00f1ado para simplificar la soluci\u00f3n de problemas, que le da una visibilidad clara en cada problema, lo que le permite identificar y solucionar problemas con rapidez y precisi\u00f3n.<\/p>\n<h2>Visibilidad total de los errores<\/h2>\n<p>Cada advertencia, error o evento del sistema en su sitio WordPress es capturado y mostrado en un Visor de Errores limpio e intuitivo. Se acabaron los archivos de registro desordenados: aqu\u00ed tienes el control:<\/p>\n<ul>\n<li><strong>Filtros inteligentes:<\/strong> Restrinja los registros por palabra clave, nivel de error, hora o fuente, lo que le ayudar\u00e1 a centrarse en lo m\u00e1s importante.<\/li>\n<li><strong>Seguimiento instant\u00e1neo de errores:<\/strong> Vaya directamente al archivo y la l\u00ednea donde se origin\u00f3 el problema con s\u00f3lo pulsar una tecla.<\/li>\n<\/ul>\n<h2>Una experiencia de depuraci\u00f3n superior<\/h2>\n<p>Este complemento va m\u00e1s all\u00e1 del registro de errores: le proporciona una interfaz de depuraci\u00f3n profesional:<\/p>\n<ul>\n<li><strong>Interfaz f\u00e1cil de usar:<\/strong> Dise\u00f1ado tanto para expertos como para principiantes, con un selector de temas para una visualizaci\u00f3n c\u00f3moda.<\/li>\n<li><strong>Atajos de teclado:<\/strong> Navegue r\u00e1pidamente por la aplicaci\u00f3n y localice los problemas sin perder tiempo.<\/li>\n<li><strong>Resaltado claro:<\/strong> Los errores y advertencias se clasifican visualmente para facilitar su identificaci\u00f3n.<\/li>\n<li><strong>Registros en tiempo real:<\/strong> Vea c\u00f3mo aparecen los n\u00fameros al instante sin tener que actualizar las p\u00e1ginas ni rebuscar en las carpetas.<\/li>\n<\/ul>\n<h2>Resistencia y recuperaci\u00f3n a prueba de fallos<\/h2>\n<p>Incluso en situaciones cr\u00edticas, WP Debug Toolkit Pro le mantiene en control:<\/p>\n<ul>\n<li><strong>Visor de errores independiente:<\/strong> Acceda a los registros incluso si su sitio experimenta una ca\u00edda total.<\/li>\n<li><strong>Modo de recuperaci\u00f3n:<\/strong> Desactiva plugins o temas directamente desde la herramienta para recuperar r\u00e1pidamente el acceso al administrador de WordPress.<\/li>\n<\/ul>\n<h2>Herramientas avanzadas para desarrolladores modernos<\/h2>\n<p>Para profesionales que quieren algo m\u00e1s que registros de errores:<\/p>\n<ul>\n<li><strong>Potente visor de archivos:<\/strong> Revise el archivo completo y comprenda el contexto completo del c\u00f3digo de cualquier problema.<\/li>\n<li><strong>Filtrado flexible:<\/strong> Elimine los avisos irrelevantes y c\u00e9ntrese s\u00f3lo en lo que afecta al rendimiento y la estabilidad.<\/li>\n<\/ul>\n<p>WP Debug Toolkit Pro es un plugin esencial para mantener tu sitio WordPress funcionando de forma fiable. Deja de perder tu valioso tiempo cazando errores y c\u00e9ntrate m\u00e1s en hacer crecer tu proyecto.<\/p>","protected":false},"excerpt":{"rendered":"<p>WP Debug Toolkit Pro WP Debug Toolkit Pro is the ultimate solution for developers and site administrators who need a<\/p>","protected":false},"featured_media":3864,"comment_status":"open","ping_status":"closed","template":"","meta":{"_acf_changed":false},"product_brand":[],"product_cat":[49],"product_tag":[],"class_list":{"0":"post-3860","1":"product","2":"type-product","3":"status-publish","4":"has-post-thumbnail","6":"product_cat-plugins","8":"first","9":"instock","10":"downloadable","11":"shipping-taxable","12":"purchasable","13":"product-type-simple"},"acf":[],"yoast_head":"<!-- This site is optimized with the Yoast SEO Premium plugin v25.6 (Yoast SEO v27.1.1) - https:\/\/yoast.com\/product\/yoast-seo-premium-wordpress\/ -->\n<title>WP Debug Toolkit Pro - AllWin Theme \u2013 Free WordPress Themes Download<\/title>\n<meta name=\"description\" content=\"A powerful WordPress plugin for error tracking, real-time logs, and quick recovery to keep your site running smoothly.\" \/>\n<meta name=\"robots\" content=\"index, follow, max-snippet:-1, max-image-preview:large, max-video-preview:-1\" \/>\n<link rel=\"canonical\" href=\"https:\/\/allwintheme.com\/es\/producto\/wp-debug-toolkit-pro\/\" \/>\n<meta property=\"og:locale\" content=\"es_ES\" \/>\n<meta property=\"og:type\" content=\"article\" \/>\n<meta property=\"og:title\" content=\"WP Debug Toolkit Pro\" \/>\n<meta property=\"og:description\" content=\"A powerful WordPress plugin for error tracking, real-time logs, and quick recovery to keep your site running smoothly.\" \/>\n<meta property=\"og:url\" content=\"https:\/\/allwintheme.com\/es\/producto\/wp-debug-toolkit-pro\/\" \/>\n<meta property=\"og:site_name\" content=\"AllWin Theme \u2013 Free WordPress Themes Download\" \/>\n<meta property=\"article:modified_time\" content=\"2025-08-24T15:21:44+00:00\" \/>\n<meta property=\"og:image\" content=\"https:\/\/allwintheme.com\/wp-content\/uploads\/2025\/08\/12345.jpg\" \/>\n\t<meta property=\"og:image:width\" content=\"590\" \/>\n\t<meta property=\"og:image:height\" content=\"300\" \/>\n\t<meta property=\"og:image:type\" content=\"image\/jpeg\" \/>\n<meta name=\"twitter:card\" content=\"summary_large_image\" \/>\n<meta name=\"twitter:label1\" content=\"Tiempo estimado de lectura\" \/>\n\t<meta name=\"twitter:data1\" content=\"2 minutos\" \/>\n<script type=\"application\/ld+json\" class=\"yoast-schema-graph\">{\"@context\":\"https:\/\/schema.org\",\"@graph\":[{\"@type\":\"WebPage\",\"@id\":\"https:\/\/allwintheme.com\/product\/wp-debug-toolkit-pro\/\",\"url\":\"https:\/\/allwintheme.com\/product\/wp-debug-toolkit-pro\/\",\"name\":\"WP Debug Toolkit Pro - AllWin Theme \u2013 Free WordPress Themes Download\",\"isPartOf\":{\"@id\":\"https:\/\/allwintheme.com\/#website\"},\"primaryImageOfPage\":{\"@id\":\"https:\/\/allwintheme.com\/product\/wp-debug-toolkit-pro\/#primaryimage\"},\"image\":{\"@id\":\"https:\/\/allwintheme.com\/product\/wp-debug-toolkit-pro\/#primaryimage\"},\"thumbnailUrl\":\"https:\/\/allwintheme.com\/wp-content\/uploads\/2025\/08\/12345.jpg\",\"datePublished\":\"2025-08-24T15:17:48+00:00\",\"dateModified\":\"2025-08-24T15:21:44+00:00\",\"description\":\"A powerful WordPress plugin for error tracking, real-time logs, and quick recovery to keep your site running smoothly.\",\"breadcrumb\":{\"@id\":\"https:\/\/allwintheme.com\/product\/wp-debug-toolkit-pro\/#breadcrumb\"},\"inLanguage\":\"es-CL\",\"potentialAction\":[{\"@type\":\"ReadAction\",\"target\":[\"https:\/\/allwintheme.com\/product\/wp-debug-toolkit-pro\/\"]}]},{\"@type\":\"ImageObject\",\"inLanguage\":\"es-CL\",\"@id\":\"https:\/\/allwintheme.com\/product\/wp-debug-toolkit-pro\/#primaryimage\",\"url\":\"https:\/\/allwintheme.com\/wp-content\/uploads\/2025\/08\/12345.jpg\",\"contentUrl\":\"https:\/\/allwintheme.com\/wp-content\/uploads\/2025\/08\/12345.jpg\",\"width\":590,\"height\":300},{\"@type\":\"BreadcrumbList\",\"@id\":\"https:\/\/allwintheme.com\/product\/wp-debug-toolkit-pro\/#breadcrumb\",\"itemListElement\":[{\"@type\":\"ListItem\",\"position\":1,\"name\":\"Home\",\"item\":\"https:\/\/allwintheme.com\/\"},{\"@type\":\"ListItem\",\"position\":2,\"name\":\"Shop\",\"item\":\"https:\/\/allwintheme.com\/shop\/\"},{\"@type\":\"ListItem\",\"position\":3,\"name\":\"WP Debug Toolkit Pro\"}]},{\"@type\":\"WebSite\",\"@id\":\"https:\/\/allwintheme.com\/#website\",\"url\":\"https:\/\/allwintheme.com\/\",\"name\":\"Allwintheme\",\"description\":\"Download free WordPress themes for every niche. Blogs, business, eCommerce, portfolio, restaurant and more. All themes are GPL licensed and mobile-ready.\",\"potentialAction\":[{\"@type\":\"SearchAction\",\"target\":{\"@type\":\"EntryPoint\",\"urlTemplate\":\"https:\/\/allwintheme.com\/?s={search_term_string}\"},\"query-input\":{\"@type\":\"PropertyValueSpecification\",\"valueRequired\":true,\"valueName\":\"search_term_string\"}}],\"inLanguage\":\"es-CL\"}]}<\/script>\n<!-- \/ Yoast SEO Premium plugin. -->","yoast_head_json":{"title":"WP Debug Toolkit Pro - AllWin Theme - Free WordPress Themes Download","description":"Un potente plugin de WordPress para el seguimiento de errores, registros en tiempo real y recuperaci\u00f3n r\u00e1pida para mantener su sitio funcionando sin problemas.","robots":{"index":"index","follow":"follow","max-snippet":"max-snippet:-1","max-image-preview":"max-image-preview:large","max-video-preview":"max-video-preview:-1"},"canonical":"https:\/\/allwintheme.com\/es\/producto\/wp-debug-toolkit-pro\/","og_locale":"es_ES","og_type":"article","og_title":"WP Debug Toolkit Pro","og_description":"A powerful WordPress plugin for error tracking, real-time logs, and quick recovery to keep your site running smoothly.","og_url":"https:\/\/allwintheme.com\/es\/producto\/wp-debug-toolkit-pro\/","og_site_name":"AllWin Theme \u2013 Free WordPress Themes Download","article_modified_time":"2025-08-24T15:21:44+00:00","og_image":[{"width":590,"height":300,"url":"https:\/\/allwintheme.com\/wp-content\/uploads\/2025\/08\/12345.jpg","type":"image\/jpeg"}],"twitter_card":"summary_large_image","twitter_misc":{"Tiempo estimado de lectura":"2 minutos"},"schema":{"@context":"https:\/\/schema.org","@graph":[{"@type":"WebPage","@id":"https:\/\/allwintheme.com\/product\/wp-debug-toolkit-pro\/","url":"https:\/\/allwintheme.com\/product\/wp-debug-toolkit-pro\/","name":"WP Debug Toolkit Pro - AllWin Theme - Free WordPress Themes Download","isPartOf":{"@id":"https:\/\/allwintheme.com\/#website"},"primaryImageOfPage":{"@id":"https:\/\/allwintheme.com\/product\/wp-debug-toolkit-pro\/#primaryimage"},"image":{"@id":"https:\/\/allwintheme.com\/product\/wp-debug-toolkit-pro\/#primaryimage"},"thumbnailUrl":"https:\/\/allwintheme.com\/wp-content\/uploads\/2025\/08\/12345.jpg","datePublished":"2025-08-24T15:17:48+00:00","dateModified":"2025-08-24T15:21:44+00:00","description":"Un potente plugin de WordPress para el seguimiento de errores, registros en tiempo real y recuperaci\u00f3n r\u00e1pida para mantener su sitio funcionando sin problemas.","breadcrumb":{"@id":"https:\/\/allwintheme.com\/product\/wp-debug-toolkit-pro\/#breadcrumb"},"inLanguage":"es-CL","potentialAction":[{"@type":"ReadAction","target":["https:\/\/allwintheme.com\/product\/wp-debug-toolkit-pro\/"]}]},{"@type":"ImageObject","inLanguage":"es-CL","@id":"https:\/\/allwintheme.com\/product\/wp-debug-toolkit-pro\/#primaryimage","url":"https:\/\/allwintheme.com\/wp-content\/uploads\/2025\/08\/12345.jpg","contentUrl":"https:\/\/allwintheme.com\/wp-content\/uploads\/2025\/08\/12345.jpg","width":590,"height":300},{"@type":"BreadcrumbList","@id":"https:\/\/allwintheme.com\/product\/wp-debug-toolkit-pro\/#breadcrumb","itemListElement":[{"@type":"ListItem","position":1,"name":"Home","item":"https:\/\/allwintheme.com\/"},{"@type":"ListItem","position":2,"name":"Shop","item":"https:\/\/allwintheme.com\/shop\/"},{"@type":"ListItem","position":3,"name":"WP Debug Toolkit Pro"}]},{"@type":"WebSite","@id":"https:\/\/allwintheme.com\/#website","url":"https:\/\/allwintheme.com\/","name":"Allwintheme","description":"Descarga gratis temas de WordPress para todos los nichos. Blogs, negocios, comercio electr\u00f3nico, portafolio, restaurante y m\u00e1s. Todos los temas tienen licencia GPL y est\u00e1n preparados para dispositivos m\u00f3viles.","potentialAction":[{"@type":"SearchAction","target":{"@type":"EntryPoint","urlTemplate":"https:\/\/allwintheme.com\/?s={search_term_string}"},"query-input":{"@type":"PropertyValueSpecification","valueRequired":true,"valueName":"search_term_string"}}],"inLanguage":"es-CL"}]}},"_links":{"self":[{"href":"https:\/\/allwintheme.com\/es\/wp-json\/wp\/v2\/product\/3860","targetHints":{"allow":["GET"]}}],"collection":[{"href":"https:\/\/allwintheme.com\/es\/wp-json\/wp\/v2\/product"}],"about":[{"href":"https:\/\/allwintheme.com\/es\/wp-json\/wp\/v2\/types\/product"}],"replies":[{"embeddable":true,"href":"https:\/\/allwintheme.com\/es\/wp-json\/wp\/v2\/comments?post=3860"}],"version-history":[{"count":0,"href":"https:\/\/allwintheme.com\/es\/wp-json\/wp\/v2\/product\/3860\/revisions"}],"wp:featuredmedia":[{"embeddable":true,"href":"https:\/\/allwintheme.com\/es\/wp-json\/wp\/v2\/media\/3864"}],"wp:attachment":[{"href":"https:\/\/allwintheme.com\/es\/wp-json\/wp\/v2\/media?parent=3860"}],"wp:term":[{"taxonomy":"product_brand","embeddable":true,"href":"https:\/\/allwintheme.com\/es\/wp-json\/wp\/v2\/product_brand?post=3860"},{"taxonomy":"product_cat","embeddable":true,"href":"https:\/\/allwintheme.com\/es\/wp-json\/wp\/v2\/product_cat?post=3860"},{"taxonomy":"product_tag","embeddable":true,"href":"https:\/\/allwintheme.com\/es\/wp-json\/wp\/v2\/product_tag?post=3860"}],"curies":[{"name":"wp","href":"https:\/\/api.w.org\/{rel}","templated":true}]}}