{"id":3869,"date":"2025-08-26T01:09:07","date_gmt":"2025-08-26T01:09:07","guid":{"rendered":"https:\/\/allwintheme.com\/?post_type=product&#038;p=3869"},"modified":"2025-08-26T14:16:53","modified_gmt":"2025-08-26T14:16:53","slug":"asap-theme-seo","status":"publish","type":"product","link":"https:\/\/allwintheme.com\/es\/producto\/asap-theme-seo\/","title":{"rendered":"Tema de WordPress optimizado para SEO"},"content":{"rendered":"<div data-elementor-type=\"wp-post\" data-elementor-id=\"3869\" class=\"elementor elementor-3869\" data-elementor-settings=\"{&quot;element_pack_global_tooltip_width&quot;:{&quot;unit&quot;:&quot;px&quot;,&quot;size&quot;:&quot;&quot;,&quot;sizes&quot;:[]},&quot;element_pack_global_tooltip_width_tablet&quot;:{&quot;unit&quot;:&quot;px&quot;,&quot;size&quot;:&quot;&quot;,&quot;sizes&quot;:[]},&quot;element_pack_global_tooltip_width_mobile&quot;:{&quot;unit&quot;:&quot;px&quot;,&quot;size&quot;:&quot;&quot;,&quot;sizes&quot;:[]},&quot;element_pack_global_tooltip_padding&quot;:{&quot;unit&quot;:&quot;px&quot;,&quot;top&quot;:&quot;&quot;,&quot;right&quot;:&quot;&quot;,&quot;bottom&quot;:&quot;&quot;,&quot;left&quot;:&quot;&quot;,&quot;isLinked&quot;:true},&quot;element_pack_global_tooltip_padding_tablet&quot;:{&quot;unit&quot;:&quot;px&quot;,&quot;top&quot;:&quot;&quot;,&quot;right&quot;:&quot;&quot;,&quot;bottom&quot;:&quot;&quot;,&quot;left&quot;:&quot;&quot;,&quot;isLinked&quot;:true},&quot;element_pack_global_tooltip_padding_mobile&quot;:{&quot;unit&quot;:&quot;px&quot;,&quot;top&quot;:&quot;&quot;,&quot;right&quot;:&quot;&quot;,&quot;bottom&quot;:&quot;&quot;,&quot;left&quot;:&quot;&quot;,&quot;isLinked&quot;:true},&quot;element_pack_global_tooltip_border_radius&quot;:{&quot;unit&quot;:&quot;px&quot;,&quot;top&quot;:&quot;&quot;,&quot;right&quot;:&quot;&quot;,&quot;bottom&quot;:&quot;&quot;,&quot;left&quot;:&quot;&quot;,&quot;isLinked&quot;:true},&quot;element_pack_global_tooltip_border_radius_tablet&quot;:{&quot;unit&quot;:&quot;px&quot;,&quot;top&quot;:&quot;&quot;,&quot;right&quot;:&quot;&quot;,&quot;bottom&quot;:&quot;&quot;,&quot;left&quot;:&quot;&quot;,&quot;isLinked&quot;:true},&quot;element_pack_global_tooltip_border_radius_mobile&quot;:{&quot;unit&quot;:&quot;px&quot;,&quot;top&quot;:&quot;&quot;,&quot;right&quot;:&quot;&quot;,&quot;bottom&quot;:&quot;&quot;,&quot;left&quot;:&quot;&quot;,&quot;isLinked&quot;:true}}\" data-elementor-post-type=\"product\">\n\t\t\t\t<div class=\"elementor-element elementor-element-93aa4a8 e-flex e-con-boxed e-con e-parent\" data-id=\"93aa4a8\" data-element_type=\"container\" data-e-type=\"container\">\n\t\t\t\t\t<div class=\"e-con-inner\">\n\t\t\t\t<div class=\"elementor-element elementor-element-2c3f760 miaoshu elementor-widget elementor-widget-wd_text_block\" data-id=\"2c3f760\" data-element_type=\"widget\" data-e-type=\"widget\" data-widget_type=\"wd_text_block.default\">\n\t\t\t\t<div class=\"elementor-widget-container\">\n\t\t\t\t\t\t\t<div class=\"wd-text-block reset-last-child text-left\">\n\t\t\t\n\t\t\t<h2>Transforme su sitio web especializado con nuestro tema de WordPress elegido por expertos<\/h2>\n<p>Crear un sitio web especializado de \u00e9xito nunca ha sido tan f\u00e1cil. Con la confianza de cientos de expertos en nichos, nuestro tema de WordPress est\u00e1 dise\u00f1ado para simplificar el proceso de creaci\u00f3n de sitios de alto rendimiento y generadores de ingresos. No se necesitan herramientas adicionales, simplemente inst\u00e1lelo y empiece a monetizar.<\/p>\n\n<h3>\u00bfPor qu\u00e9 elegir nuestro tema?<\/h3>\n<p>Si quieres ganarte la vida con tus proyectos especializados, necesitas un tema f\u00e1cil de usar y optimizado para los motores de b\u00fasqueda. Nuestro tema est\u00e1 dise\u00f1ado para ayudarte a escalar posiciones en las b\u00fasquedas, aumentar la visibilidad y atraer m\u00e1s visitantes. Con potentes funciones como datos estructurados, un gestor de anuncios integrado, grupos de navegaci\u00f3n y categor\u00edas optimizadas para SEO, tendr\u00e1s todo lo que necesitas para eclipsar a tu competencia.<\/p>\n\n<h3>Caracter\u00edsticas clave para disparar su \u00e9xito<\/h3>\n<ul>\n  <li><strong>Optimizaci\u00f3n SEO:<\/strong> Suba posiciones en los motores de b\u00fasqueda con herramientas integradas dise\u00f1adas para obtener la m\u00e1xima visibilidad.<\/li>\n  <li><strong>Datos estructurados:<\/strong> Mejore el rendimiento de su sitio en los resultados de b\u00fasqueda con fragmentos enriquecidos y una mejor indexaci\u00f3n.<\/li>\n  <li><strong>Gesti\u00f3n de anuncios:<\/strong> Monetice sin esfuerzo con un gestor de anuncios integrado para maximizar sus ingresos.<\/li>\n  <li><strong>Grupos de navegaci\u00f3n:<\/strong> Mejore la experiencia del usuario y la estructura del sitio para mejorar la participaci\u00f3n y el SEO.<\/li>\n  <li><strong>Categor\u00edas optimizadas:<\/strong> Organice los contenidos para atraer tr\u00e1fico y hacer que los visitantes vuelvan.<\/li>\n  <li><strong>Ventaja competitiva:<\/strong> Acceda a integraciones y funciones en las que sus competidores ni siquiera han pensado.<\/li>\n<\/ul>\n\n<h3>Empiece a ganar m\u00e1s hoy mismo<\/h3>\n<p>Tanto si es un principiante como un experto creador de sitios nicho, nuestro tema de WordPress le permite crear, optimizar y obtener beneficios de su sitio web como nunca antes. Mejora tu SEO, aumenta tu tr\u00e1fico y observa c\u00f3mo se disparan tus ingresos.<\/p>\n\t\t\t\t\t<\/div>\n\t\t\t\t\t\t<\/div>\n\t\t\t\t<\/div>\n\t\t\t\t\t<\/div>\n\t\t\t\t<\/div>\n\t\t\t\t<\/div>","protected":false},"excerpt":{"rendered":"<p>Transform Your Niche Website with Our Expert-Chosen WordPress Theme Building a successful niche website has never been easier. Trusted by<\/p>","protected":false},"featured_media":3875,"comment_status":"open","ping_status":"closed","template":"","meta":{"_acf_changed":false},"product_brand":[],"product_cat":[48],"product_tag":[],"class_list":{"0":"post-3869","1":"product","2":"type-product","3":"status-publish","4":"has-post-thumbnail","6":"product_cat-themes","8":"first","9":"instock","10":"downloadable","11":"shipping-taxable","12":"purchasable","13":"product-type-simple"},"acf":[],"yoast_head":"<!-- This site is optimized with the Yoast SEO Premium plugin v25.6 (Yoast SEO v27.1.1) - https:\/\/yoast.com\/product\/yoast-seo-premium-wordpress\/ -->\n<title>Asap Theme \u2013 SEO<\/title>\n<meta name=\"description\" content=\"Create profitable niche websites effortlessly with our SEO-optimized WordPress theme. Boost rankings, traffic, and revenue with ease.\" \/>\n<meta name=\"robots\" content=\"index, follow, max-snippet:-1, max-image-preview:large, max-video-preview:-1\" \/>\n<link rel=\"canonical\" href=\"https:\/\/allwintheme.com\/es\/producto\/asap-theme-seo\/\" \/>\n<meta property=\"og:locale\" content=\"es_ES\" \/>\n<meta property=\"og:type\" content=\"article\" \/>\n<meta property=\"og:title\" content=\"SEO-Optimized Niche WordPress Theme\" \/>\n<meta property=\"og:description\" content=\"Create profitable niche websites effortlessly with our SEO-optimized WordPress theme. Boost rankings, traffic, and revenue with ease.\" \/>\n<meta property=\"og:url\" content=\"https:\/\/allwintheme.com\/es\/producto\/asap-theme-seo\/\" \/>\n<meta property=\"og:site_name\" content=\"AllWin Theme \u2013 Free WordPress Themes Download\" \/>\n<meta property=\"article:modified_time\" content=\"2025-08-26T14:16:53+00:00\" \/>\n<meta property=\"og:image\" content=\"https:\/\/allwintheme.com\/wp-content\/uploads\/2025\/08\/pqu2kpoo.png\" \/>\n\t<meta property=\"og:image:width\" content=\"500\" \/>\n\t<meta property=\"og:image:height\" content=\"376\" \/>\n\t<meta property=\"og:image:type\" content=\"image\/png\" \/>\n<meta name=\"twitter:card\" content=\"summary_large_image\" \/>\n<meta name=\"twitter:label1\" content=\"Tiempo estimado de lectura\" \/>\n\t<meta name=\"twitter:data1\" content=\"2 minutos\" \/>\n<script type=\"application\/ld+json\" class=\"yoast-schema-graph\">{\"@context\":\"https:\/\/schema.org\",\"@graph\":[{\"@type\":\"WebPage\",\"@id\":\"https:\/\/allwintheme.com\/product\/asap-theme-seo\/\",\"url\":\"https:\/\/allwintheme.com\/product\/asap-theme-seo\/\",\"name\":\"Asap Theme \u2013 SEO\",\"isPartOf\":{\"@id\":\"https:\/\/allwintheme.com\/#website\"},\"primaryImageOfPage\":{\"@id\":\"https:\/\/allwintheme.com\/product\/asap-theme-seo\/#primaryimage\"},\"image\":{\"@id\":\"https:\/\/allwintheme.com\/product\/asap-theme-seo\/#primaryimage\"},\"thumbnailUrl\":\"https:\/\/allwintheme.com\/wp-content\/uploads\/2025\/08\/pqu2kpoo.png\",\"datePublished\":\"2025-08-26T01:09:07+00:00\",\"dateModified\":\"2025-08-26T14:16:53+00:00\",\"description\":\"Create profitable niche websites effortlessly with our SEO-optimized WordPress theme. Boost rankings, traffic, and revenue with ease.\",\"breadcrumb\":{\"@id\":\"https:\/\/allwintheme.com\/product\/asap-theme-seo\/#breadcrumb\"},\"inLanguage\":\"es-CL\",\"potentialAction\":[{\"@type\":\"ReadAction\",\"target\":[\"https:\/\/allwintheme.com\/product\/asap-theme-seo\/\"]}]},{\"@type\":\"ImageObject\",\"inLanguage\":\"es-CL\",\"@id\":\"https:\/\/allwintheme.com\/product\/asap-theme-seo\/#primaryimage\",\"url\":\"https:\/\/allwintheme.com\/wp-content\/uploads\/2025\/08\/pqu2kpoo.png\",\"contentUrl\":\"https:\/\/allwintheme.com\/wp-content\/uploads\/2025\/08\/pqu2kpoo.png\",\"width\":500,\"height\":376,\"caption\":\"Asap Theme SEO\"},{\"@type\":\"BreadcrumbList\",\"@id\":\"https:\/\/allwintheme.com\/product\/asap-theme-seo\/#breadcrumb\",\"itemListElement\":[{\"@type\":\"ListItem\",\"position\":1,\"name\":\"Home\",\"item\":\"https:\/\/allwintheme.com\/\"},{\"@type\":\"ListItem\",\"position\":2,\"name\":\"Shop\",\"item\":\"https:\/\/allwintheme.com\/shop\/\"},{\"@type\":\"ListItem\",\"position\":3,\"name\":\"SEO-Optimized Niche WordPress Theme\"}]},{\"@type\":\"WebSite\",\"@id\":\"https:\/\/allwintheme.com\/#website\",\"url\":\"https:\/\/allwintheme.com\/\",\"name\":\"Allwintheme\",\"description\":\"Download free WordPress themes for every niche. Blogs, business, eCommerce, portfolio, restaurant and more. All themes are GPL licensed and mobile-ready.\",\"potentialAction\":[{\"@type\":\"SearchAction\",\"target\":{\"@type\":\"EntryPoint\",\"urlTemplate\":\"https:\/\/allwintheme.com\/?s={search_term_string}\"},\"query-input\":{\"@type\":\"PropertyValueSpecification\",\"valueRequired\":true,\"valueName\":\"search_term_string\"}}],\"inLanguage\":\"es-CL\"}]}<\/script>\n<!-- \/ Yoast SEO Premium plugin. -->","yoast_head_json":{"title":"Asap Theme - SEO","description":"Crea rentables sitios web de nicho sin esfuerzo con nuestro tema de WordPress optimizado para SEO. Aumenta el ranking, el tr\u00e1fico y los ingresos con facilidad.","robots":{"index":"index","follow":"follow","max-snippet":"max-snippet:-1","max-image-preview":"max-image-preview:large","max-video-preview":"max-video-preview:-1"},"canonical":"https:\/\/allwintheme.com\/es\/producto\/asap-theme-seo\/","og_locale":"es_ES","og_type":"article","og_title":"SEO-Optimized Niche WordPress Theme","og_description":"Create profitable niche websites effortlessly with our SEO-optimized WordPress theme. Boost rankings, traffic, and revenue with ease.","og_url":"https:\/\/allwintheme.com\/es\/producto\/asap-theme-seo\/","og_site_name":"AllWin Theme \u2013 Free WordPress Themes Download","article_modified_time":"2025-08-26T14:16:53+00:00","og_image":[{"width":500,"height":376,"url":"https:\/\/allwintheme.com\/wp-content\/uploads\/2025\/08\/pqu2kpoo.png","type":"image\/png"}],"twitter_card":"summary_large_image","twitter_misc":{"Tiempo estimado de lectura":"2 minutos"},"schema":{"@context":"https:\/\/schema.org","@graph":[{"@type":"WebPage","@id":"https:\/\/allwintheme.com\/product\/asap-theme-seo\/","url":"https:\/\/allwintheme.com\/product\/asap-theme-seo\/","name":"Asap Theme - SEO","isPartOf":{"@id":"https:\/\/allwintheme.com\/#website"},"primaryImageOfPage":{"@id":"https:\/\/allwintheme.com\/product\/asap-theme-seo\/#primaryimage"},"image":{"@id":"https:\/\/allwintheme.com\/product\/asap-theme-seo\/#primaryimage"},"thumbnailUrl":"https:\/\/allwintheme.com\/wp-content\/uploads\/2025\/08\/pqu2kpoo.png","datePublished":"2025-08-26T01:09:07+00:00","dateModified":"2025-08-26T14:16:53+00:00","description":"Crea rentables sitios web de nicho sin esfuerzo con nuestro tema de WordPress optimizado para SEO. Aumenta el ranking, el tr\u00e1fico y los ingresos con facilidad.","breadcrumb":{"@id":"https:\/\/allwintheme.com\/product\/asap-theme-seo\/#breadcrumb"},"inLanguage":"es-CL","potentialAction":[{"@type":"ReadAction","target":["https:\/\/allwintheme.com\/product\/asap-theme-seo\/"]}]},{"@type":"ImageObject","inLanguage":"es-CL","@id":"https:\/\/allwintheme.com\/product\/asap-theme-seo\/#primaryimage","url":"https:\/\/allwintheme.com\/wp-content\/uploads\/2025\/08\/pqu2kpoo.png","contentUrl":"https:\/\/allwintheme.com\/wp-content\/uploads\/2025\/08\/pqu2kpoo.png","width":500,"height":376,"caption":"Asap Theme SEO"},{"@type":"BreadcrumbList","@id":"https:\/\/allwintheme.com\/product\/asap-theme-seo\/#breadcrumb","itemListElement":[{"@type":"ListItem","position":1,"name":"Home","item":"https:\/\/allwintheme.com\/"},{"@type":"ListItem","position":2,"name":"Shop","item":"https:\/\/allwintheme.com\/shop\/"},{"@type":"ListItem","position":3,"name":"SEO-Optimized Niche WordPress Theme"}]},{"@type":"WebSite","@id":"https:\/\/allwintheme.com\/#website","url":"https:\/\/allwintheme.com\/","name":"Allwintheme","description":"Descarga gratis temas de WordPress para todos los nichos. Blogs, negocios, comercio electr\u00f3nico, portafolio, restaurante y m\u00e1s. Todos los temas tienen licencia GPL y est\u00e1n preparados para dispositivos m\u00f3viles.","potentialAction":[{"@type":"SearchAction","target":{"@type":"EntryPoint","urlTemplate":"https:\/\/allwintheme.com\/?s={search_term_string}"},"query-input":{"@type":"PropertyValueSpecification","valueRequired":true,"valueName":"search_term_string"}}],"inLanguage":"es-CL"}]}},"_links":{"self":[{"href":"https:\/\/allwintheme.com\/es\/wp-json\/wp\/v2\/product\/3869","targetHints":{"allow":["GET"]}}],"collection":[{"href":"https:\/\/allwintheme.com\/es\/wp-json\/wp\/v2\/product"}],"about":[{"href":"https:\/\/allwintheme.com\/es\/wp-json\/wp\/v2\/types\/product"}],"replies":[{"embeddable":true,"href":"https:\/\/allwintheme.com\/es\/wp-json\/wp\/v2\/comments?post=3869"}],"version-history":[{"count":0,"href":"https:\/\/allwintheme.com\/es\/wp-json\/wp\/v2\/product\/3869\/revisions"}],"wp:featuredmedia":[{"embeddable":true,"href":"https:\/\/allwintheme.com\/es\/wp-json\/wp\/v2\/media\/3875"}],"wp:attachment":[{"href":"https:\/\/allwintheme.com\/es\/wp-json\/wp\/v2\/media?parent=3869"}],"wp:term":[{"taxonomy":"product_brand","embeddable":true,"href":"https:\/\/allwintheme.com\/es\/wp-json\/wp\/v2\/product_brand?post=3869"},{"taxonomy":"product_cat","embeddable":true,"href":"https:\/\/allwintheme.com\/es\/wp-json\/wp\/v2\/product_cat?post=3869"},{"taxonomy":"product_tag","embeddable":true,"href":"https:\/\/allwintheme.com\/es\/wp-json\/wp\/v2\/product_tag?post=3869"}],"curies":[{"name":"wp","href":"https:\/\/api.w.org\/{rel}","templated":true}]}}