{"id":3903,"date":"2025-08-27T00:20:50","date_gmt":"2025-08-27T00:20:50","guid":{"rendered":"https:\/\/allwintheme.com\/?post_type=product&#038;p=3903"},"modified":"2025-08-27T00:34:25","modified_gmt":"2025-08-27T00:34:25","slug":"ultimatube-wp-script","status":"publish","type":"product","link":"https:\/\/allwintheme.com\/es\/producto\/ultimatube-wp-script\/","title":{"rendered":"UltimaTube: Lo \u00faltimo en temas de v\u00eddeo para WordPress"},"content":{"rendered":"<div data-elementor-type=\"wp-post\" data-elementor-id=\"3903\" class=\"elementor elementor-3903\" data-elementor-settings=\"{&quot;element_pack_global_tooltip_width&quot;:{&quot;unit&quot;:&quot;px&quot;,&quot;size&quot;:&quot;&quot;,&quot;sizes&quot;:[]},&quot;element_pack_global_tooltip_width_tablet&quot;:{&quot;unit&quot;:&quot;px&quot;,&quot;size&quot;:&quot;&quot;,&quot;sizes&quot;:[]},&quot;element_pack_global_tooltip_width_mobile&quot;:{&quot;unit&quot;:&quot;px&quot;,&quot;size&quot;:&quot;&quot;,&quot;sizes&quot;:[]},&quot;element_pack_global_tooltip_padding&quot;:{&quot;unit&quot;:&quot;px&quot;,&quot;top&quot;:&quot;&quot;,&quot;right&quot;:&quot;&quot;,&quot;bottom&quot;:&quot;&quot;,&quot;left&quot;:&quot;&quot;,&quot;isLinked&quot;:true},&quot;element_pack_global_tooltip_padding_tablet&quot;:{&quot;unit&quot;:&quot;px&quot;,&quot;top&quot;:&quot;&quot;,&quot;right&quot;:&quot;&quot;,&quot;bottom&quot;:&quot;&quot;,&quot;left&quot;:&quot;&quot;,&quot;isLinked&quot;:true},&quot;element_pack_global_tooltip_padding_mobile&quot;:{&quot;unit&quot;:&quot;px&quot;,&quot;top&quot;:&quot;&quot;,&quot;right&quot;:&quot;&quot;,&quot;bottom&quot;:&quot;&quot;,&quot;left&quot;:&quot;&quot;,&quot;isLinked&quot;:true},&quot;element_pack_global_tooltip_border_radius&quot;:{&quot;unit&quot;:&quot;px&quot;,&quot;top&quot;:&quot;&quot;,&quot;right&quot;:&quot;&quot;,&quot;bottom&quot;:&quot;&quot;,&quot;left&quot;:&quot;&quot;,&quot;isLinked&quot;:true},&quot;element_pack_global_tooltip_border_radius_tablet&quot;:{&quot;unit&quot;:&quot;px&quot;,&quot;top&quot;:&quot;&quot;,&quot;right&quot;:&quot;&quot;,&quot;bottom&quot;:&quot;&quot;,&quot;left&quot;:&quot;&quot;,&quot;isLinked&quot;:true},&quot;element_pack_global_tooltip_border_radius_mobile&quot;:{&quot;unit&quot;:&quot;px&quot;,&quot;top&quot;:&quot;&quot;,&quot;right&quot;:&quot;&quot;,&quot;bottom&quot;:&quot;&quot;,&quot;left&quot;:&quot;&quot;,&quot;isLinked&quot;:true}}\" data-elementor-post-type=\"product\">\n\t\t\t\t<div class=\"elementor-element elementor-element-93aa4a8 e-flex e-con-boxed e-con e-parent\" data-id=\"93aa4a8\" data-element_type=\"container\" data-e-type=\"container\">\n\t\t\t\t\t<div class=\"e-con-inner\">\n\t\t\t\t<div class=\"elementor-element elementor-element-2c3f760 miaoshu elementor-widget elementor-widget-wd_text_block\" data-id=\"2c3f760\" data-element_type=\"widget\" data-e-type=\"widget\" data-widget_type=\"wd_text_block.default\">\n\t\t\t\t<div class=\"elementor-widget-container\">\n\t\t\t\t\t\t\t<div class=\"wd-text-block reset-last-child text-left\">\n\t\t\t\n\t\t\t<h2>Presentamos UltimaTube: Lo \u00faltimo en temas de v\u00eddeo para WordPress<\/h2>\n<p>UltimaTube, creado por WP-Script, es el principal tema de WordPress dise\u00f1ado para elevar su sitio web de v\u00eddeo a nuevas alturas. Si usted est\u00e1 construyendo un sitio de tubo de v\u00eddeo profesional o una plataforma de contenido de nicho, UltimaTube ofrece una flexibilidad sin igual, estilo y funcionalidad para crear una experiencia de usuario perfecta en todos los dispositivos.<\/p>\n\n<h3>\u00bfPor qu\u00e9 elegir UltimaTube?<\/h3>\n<p>Con su elegante dise\u00f1o y sus potentes funciones, UltimaTube es la soluci\u00f3n ideal para los webmasters. Este tema es totalmente adaptable, lo que garantiza que tu sitio se vea impecable en ordenadores de sobremesa, tabletas y dispositivos m\u00f3viles. Sus intuitivas opciones de personalizaci\u00f3n te permiten adaptar cada detalle, desde colores y logotipos hasta dise\u00f1os, sin necesidad de conocimientos avanzados de programaci\u00f3n.<\/p>\n\n<h3>Caracter\u00edsticas principales<\/h3>\n<ul>\n  <li><strong>Dise\u00f1o receptivo:<\/strong> Optimizado para ordenadores de sobremesa, tabletas y m\u00f3viles, con una versi\u00f3n m\u00f3vil espec\u00edfica para mejorar la usabilidad.<\/li>\n  <li><strong>Reproductor de v\u00eddeo personalizable:<\/strong> Incluye un reproductor de v\u00eddeo HTML5 responsivo compatible con los formatos MP4 y MPEG.<\/li>\n  <li><strong>Dise\u00f1o publicitario:<\/strong> Espacios publicitarios estrat\u00e9gicamente situados en los listados de v\u00eddeos, barras laterales, pies de p\u00e1gina y alrededor del reproductor de v\u00eddeo para maximizar los ingresos.<\/li>\n  <li><strong>Herramientas de participaci\u00f3n de los usuarios:<\/strong> Permita que los visitantes env\u00eden v\u00eddeos, creando una plataforma din\u00e1mica impulsada por la comunidad.<\/li>\n  <li><strong>Optimizado para SEO:<\/strong> Funciones SEO integradas como el marcado schema y tiempos de carga r\u00e1pidos para aumentar la visibilidad de su sitio web.<\/li>\n  <li><strong>F\u00e1cil personalizaci\u00f3n:<\/strong> Personalice su sitio con su logotipo, combinaciones de colores y preferencias de dise\u00f1o a trav\u00e9s de un intuitivo panel de opciones.<\/li>\n  <li><strong>Compatibilidad con WP-Script:<\/strong> Se integra completamente con todos los plugins WP-Script para una configuraci\u00f3n sin esfuerzo y una funcionalidad mejorada.<\/li>\n<\/ul>\n\n<h3>Perfecto para cualquier sitio de v\u00eddeo<\/h3>\n<p>UltimaTube est\u00e1 dise\u00f1ado para una amplia gama de sitios web basados en v\u00eddeo, desde los principales centros de medios de comunicaci\u00f3n hasta plataformas de contenidos especializados. Su est\u00e9tica limpia y moderna, inspirada en los sitios de v\u00eddeo l\u00edderes del sector, garantiza que tu p\u00fablico disfrute de una experiencia de navegaci\u00f3n familiar pero \u00fanica. Con plantillas integradas para categor\u00edas, etiquetas y galer\u00edas, puedes organizar el contenido sin esfuerzo.<\/p>\n\n<h3>Instalaci\u00f3n sencilla y valor de por vida<\/h3>\n<p>Empezar a utilizar UltimaTube es muy f\u00e1cil. Simplemente compra, descarga e instala el tema a trav\u00e9s de tu panel de WordPress. Una vez activado, tendr\u00e1s acceso a un s\u00f3lido panel de opciones para personalizar tu sitio en cuesti\u00f3n de minutos. Adem\u00e1s, con un pago \u00fanico, obtendr\u00e1s acceso de por vida a las actualizaciones, lo que garantiza que tu sitio se mantenga a la \u00faltima sin costes recurrentes.<\/p>\n\n<h3>Por qu\u00e9 destaca UltimaTube<\/h3>\n<p>A diferencia de otros temas de WordPress, UltimaTube combina facilidad de uso con funciones de nivel profesional. Su c\u00f3digo ligero y optimizado garantiza un rendimiento r\u00e1pido, mientras que su compatibilidad con plugins SEO populares como Yoast SEO mejora el posicionamiento de tu sitio en los motores de b\u00fasqueda. Tanto si eres un principiante como un desarrollador experimentado, UltimaTube te permite crear un sitio de v\u00eddeos de alto rendimiento con el m\u00ednimo esfuerzo.<\/p>\n\n<h3>Empiece hoy mismo<\/h3>\n<p>Transforma tu visi\u00f3n en realidad con UltimaTube, el mejor tema de v\u00eddeo para WordPress de WP-Script. Crea hoy mismo un sitio web de v\u00eddeo impresionante, f\u00e1cil de usar y rentable. Visite <a href=\"https:\/\/x.ai\/grok\">WP-Script<\/a> para saber m\u00e1s y empezar a construir.<\/p>\n\t\t\t\t\t<\/div>\n\t\t\t\t\t\t<\/div>\n\t\t\t\t<\/div>\n\t\t\t\t\t<\/div>\n\t\t\t\t<\/div>\n\t\t\t\t<\/div>","protected":false},"excerpt":{"rendered":"<p>Introducing UltimaTube: The Ultimate WordPress Video Theme UltimaTube, crafted by WP-Script, is the premier WordPress theme designed to elevate your<\/p>","protected":false},"featured_media":3904,"comment_status":"open","ping_status":"closed","template":"","meta":{"_acf_changed":false},"product_brand":[],"product_cat":[48],"product_tag":[],"class_list":{"0":"post-3903","1":"product","2":"type-product","3":"status-publish","4":"has-post-thumbnail","6":"product_cat-themes","8":"first","9":"instock","10":"downloadable","11":"shipping-taxable","12":"purchasable","13":"product-type-simple"},"acf":[],"yoast_head":"<!-- This site is optimized with the Yoast SEO Premium plugin v25.6 (Yoast SEO v27.1.1) - https:\/\/yoast.com\/product\/yoast-seo-premium-wordpress\/ -->\n<title>UltimaTube [WP-Script]<\/title>\n<meta name=\"description\" content=\"Discover UltimaTube, the ultimate WordPress video theme by WP-Script. Create stunning, responsive video sites with ease. Perfect for any device!\" \/>\n<meta name=\"robots\" content=\"index, follow, max-snippet:-1, max-image-preview:large, max-video-preview:-1\" \/>\n<link rel=\"canonical\" href=\"https:\/\/allwintheme.com\/es\/producto\/ultimatube-wp-script\/\" \/>\n<meta property=\"og:locale\" content=\"es_ES\" \/>\n<meta property=\"og:type\" content=\"article\" \/>\n<meta property=\"og:title\" content=\"UltimaTube: Ultimate WordPress Video Theme\" \/>\n<meta property=\"og:description\" content=\"Discover UltimaTube, the ultimate WordPress video theme by WP-Script. Create stunning, responsive video sites with ease. Perfect for any device!\" \/>\n<meta property=\"og:url\" content=\"https:\/\/allwintheme.com\/es\/producto\/ultimatube-wp-script\/\" \/>\n<meta property=\"og:site_name\" content=\"AllWin Theme \u2013 Free WordPress Themes Download\" \/>\n<meta property=\"article:modified_time\" content=\"2025-08-27T00:34:25+00:00\" \/>\n<meta property=\"og:image\" content=\"https:\/\/allwintheme.com\/wp-content\/uploads\/2025\/08\/ultimatube.png\" \/>\n\t<meta property=\"og:image:width\" content=\"1342\" \/>\n\t<meta property=\"og:image:height\" content=\"793\" \/>\n\t<meta property=\"og:image:type\" content=\"image\/png\" \/>\n<meta name=\"twitter:card\" content=\"summary_large_image\" \/>\n<meta name=\"twitter:label1\" content=\"Tiempo estimado de lectura\" \/>\n\t<meta name=\"twitter:data1\" content=\"3 minutos\" \/>\n<script type=\"application\/ld+json\" class=\"yoast-schema-graph\">{\"@context\":\"https:\/\/schema.org\",\"@graph\":[{\"@type\":\"WebPage\",\"@id\":\"https:\/\/allwintheme.com\/product\/ultimatube-wp-script\/\",\"url\":\"https:\/\/allwintheme.com\/product\/ultimatube-wp-script\/\",\"name\":\"UltimaTube [WP-Script]\",\"isPartOf\":{\"@id\":\"https:\/\/allwintheme.com\/#website\"},\"primaryImageOfPage\":{\"@id\":\"https:\/\/allwintheme.com\/product\/ultimatube-wp-script\/#primaryimage\"},\"image\":{\"@id\":\"https:\/\/allwintheme.com\/product\/ultimatube-wp-script\/#primaryimage\"},\"thumbnailUrl\":\"https:\/\/allwintheme.com\/wp-content\/uploads\/2025\/08\/ultimatube.png\",\"datePublished\":\"2025-08-27T00:20:50+00:00\",\"dateModified\":\"2025-08-27T00:34:25+00:00\",\"description\":\"Discover UltimaTube, the ultimate WordPress video theme by WP-Script. Create stunning, responsive video sites with ease. Perfect for any device!\",\"breadcrumb\":{\"@id\":\"https:\/\/allwintheme.com\/product\/ultimatube-wp-script\/#breadcrumb\"},\"inLanguage\":\"es-CL\",\"potentialAction\":[{\"@type\":\"ReadAction\",\"target\":[\"https:\/\/allwintheme.com\/product\/ultimatube-wp-script\/\"]}]},{\"@type\":\"ImageObject\",\"inLanguage\":\"es-CL\",\"@id\":\"https:\/\/allwintheme.com\/product\/ultimatube-wp-script\/#primaryimage\",\"url\":\"https:\/\/allwintheme.com\/wp-content\/uploads\/2025\/08\/ultimatube.png\",\"contentUrl\":\"https:\/\/allwintheme.com\/wp-content\/uploads\/2025\/08\/ultimatube.png\",\"width\":1342,\"height\":793,\"caption\":\"UltimaTube [WP-Script]\"},{\"@type\":\"BreadcrumbList\",\"@id\":\"https:\/\/allwintheme.com\/product\/ultimatube-wp-script\/#breadcrumb\",\"itemListElement\":[{\"@type\":\"ListItem\",\"position\":1,\"name\":\"Home\",\"item\":\"https:\/\/allwintheme.com\/\"},{\"@type\":\"ListItem\",\"position\":2,\"name\":\"Shop\",\"item\":\"https:\/\/allwintheme.com\/shop\/\"},{\"@type\":\"ListItem\",\"position\":3,\"name\":\"UltimaTube: Ultimate WordPress Video Theme\"}]},{\"@type\":\"WebSite\",\"@id\":\"https:\/\/allwintheme.com\/#website\",\"url\":\"https:\/\/allwintheme.com\/\",\"name\":\"Allwintheme\",\"description\":\"Download free WordPress themes for every niche. Blogs, business, eCommerce, portfolio, restaurant and more. All themes are GPL licensed and mobile-ready.\",\"potentialAction\":[{\"@type\":\"SearchAction\",\"target\":{\"@type\":\"EntryPoint\",\"urlTemplate\":\"https:\/\/allwintheme.com\/?s={search_term_string}\"},\"query-input\":{\"@type\":\"PropertyValueSpecification\",\"valueRequired\":true,\"valueName\":\"search_term_string\"}}],\"inLanguage\":\"es-CL\"}]}<\/script>\n<!-- \/ Yoast SEO Premium plugin. -->","yoast_head_json":{"title":"UltimaTube [WP-Script]","description":"Descubre UltimaTube, el tema de v\u00eddeo para WordPress definitivo de WP-Script. Crea impresionantes sitios de v\u00eddeo con facilidad. \u00a1Perfecto para cualquier dispositivo!","robots":{"index":"index","follow":"follow","max-snippet":"max-snippet:-1","max-image-preview":"max-image-preview:large","max-video-preview":"max-video-preview:-1"},"canonical":"https:\/\/allwintheme.com\/es\/producto\/ultimatube-wp-script\/","og_locale":"es_ES","og_type":"article","og_title":"UltimaTube: Ultimate WordPress Video Theme","og_description":"Discover UltimaTube, the ultimate WordPress video theme by WP-Script. Create stunning, responsive video sites with ease. Perfect for any device!","og_url":"https:\/\/allwintheme.com\/es\/producto\/ultimatube-wp-script\/","og_site_name":"AllWin Theme \u2013 Free WordPress Themes Download","article_modified_time":"2025-08-27T00:34:25+00:00","og_image":[{"width":1342,"height":793,"url":"https:\/\/allwintheme.com\/wp-content\/uploads\/2025\/08\/ultimatube.png","type":"image\/png"}],"twitter_card":"summary_large_image","twitter_misc":{"Tiempo estimado de lectura":"3 minutos"},"schema":{"@context":"https:\/\/schema.org","@graph":[{"@type":"WebPage","@id":"https:\/\/allwintheme.com\/product\/ultimatube-wp-script\/","url":"https:\/\/allwintheme.com\/product\/ultimatube-wp-script\/","name":"UltimaTube [WP-Script]","isPartOf":{"@id":"https:\/\/allwintheme.com\/#website"},"primaryImageOfPage":{"@id":"https:\/\/allwintheme.com\/product\/ultimatube-wp-script\/#primaryimage"},"image":{"@id":"https:\/\/allwintheme.com\/product\/ultimatube-wp-script\/#primaryimage"},"thumbnailUrl":"https:\/\/allwintheme.com\/wp-content\/uploads\/2025\/08\/ultimatube.png","datePublished":"2025-08-27T00:20:50+00:00","dateModified":"2025-08-27T00:34:25+00:00","description":"Descubre UltimaTube, el tema de v\u00eddeo para WordPress definitivo de WP-Script. Crea impresionantes sitios de v\u00eddeo con facilidad. \u00a1Perfecto para cualquier dispositivo!","breadcrumb":{"@id":"https:\/\/allwintheme.com\/product\/ultimatube-wp-script\/#breadcrumb"},"inLanguage":"es-CL","potentialAction":[{"@type":"ReadAction","target":["https:\/\/allwintheme.com\/product\/ultimatube-wp-script\/"]}]},{"@type":"ImageObject","inLanguage":"es-CL","@id":"https:\/\/allwintheme.com\/product\/ultimatube-wp-script\/#primaryimage","url":"https:\/\/allwintheme.com\/wp-content\/uploads\/2025\/08\/ultimatube.png","contentUrl":"https:\/\/allwintheme.com\/wp-content\/uploads\/2025\/08\/ultimatube.png","width":1342,"height":793,"caption":"UltimaTube [WP-Script]"},{"@type":"BreadcrumbList","@id":"https:\/\/allwintheme.com\/product\/ultimatube-wp-script\/#breadcrumb","itemListElement":[{"@type":"ListItem","position":1,"name":"Home","item":"https:\/\/allwintheme.com\/"},{"@type":"ListItem","position":2,"name":"Shop","item":"https:\/\/allwintheme.com\/shop\/"},{"@type":"ListItem","position":3,"name":"UltimaTube: Ultimate WordPress Video Theme"}]},{"@type":"WebSite","@id":"https:\/\/allwintheme.com\/#website","url":"https:\/\/allwintheme.com\/","name":"Allwintheme","description":"Descarga gratis temas de WordPress para todos los nichos. Blogs, negocios, comercio electr\u00f3nico, portafolio, restaurante y m\u00e1s. Todos los temas tienen licencia GPL y est\u00e1n preparados para dispositivos m\u00f3viles.","potentialAction":[{"@type":"SearchAction","target":{"@type":"EntryPoint","urlTemplate":"https:\/\/allwintheme.com\/?s={search_term_string}"},"query-input":{"@type":"PropertyValueSpecification","valueRequired":true,"valueName":"search_term_string"}}],"inLanguage":"es-CL"}]}},"_links":{"self":[{"href":"https:\/\/allwintheme.com\/es\/wp-json\/wp\/v2\/product\/3903","targetHints":{"allow":["GET"]}}],"collection":[{"href":"https:\/\/allwintheme.com\/es\/wp-json\/wp\/v2\/product"}],"about":[{"href":"https:\/\/allwintheme.com\/es\/wp-json\/wp\/v2\/types\/product"}],"replies":[{"embeddable":true,"href":"https:\/\/allwintheme.com\/es\/wp-json\/wp\/v2\/comments?post=3903"}],"version-history":[{"count":0,"href":"https:\/\/allwintheme.com\/es\/wp-json\/wp\/v2\/product\/3903\/revisions"}],"wp:featuredmedia":[{"embeddable":true,"href":"https:\/\/allwintheme.com\/es\/wp-json\/wp\/v2\/media\/3904"}],"wp:attachment":[{"href":"https:\/\/allwintheme.com\/es\/wp-json\/wp\/v2\/media?parent=3903"}],"wp:term":[{"taxonomy":"product_brand","embeddable":true,"href":"https:\/\/allwintheme.com\/es\/wp-json\/wp\/v2\/product_brand?post=3903"},{"taxonomy":"product_cat","embeddable":true,"href":"https:\/\/allwintheme.com\/es\/wp-json\/wp\/v2\/product_cat?post=3903"},{"taxonomy":"product_tag","embeddable":true,"href":"https:\/\/allwintheme.com\/es\/wp-json\/wp\/v2\/product_tag?post=3903"}],"curies":[{"name":"wp","href":"https:\/\/api.w.org\/{rel}","templated":true}]}}