{"id":3913,"date":"2025-08-27T01:46:28","date_gmt":"2025-08-27T01:46:28","guid":{"rendered":"https:\/\/allwintheme.com\/?post_type=product&#038;p=3913"},"modified":"2025-08-27T01:57:32","modified_gmt":"2025-08-27T01:57:32","slug":"mangareader-la-solucion-definitiva-para-sitios-web-de-manga","status":"publish","type":"product","link":"https:\/\/allwintheme.com\/es\/producto\/mangareader-la-solucion-definitiva-para-sitios-web-de-manga\/","title":{"rendered":"MangaReader: La soluci\u00f3n definitiva para sitios web de manga"},"content":{"rendered":"<div data-elementor-type=\"wp-post\" data-elementor-id=\"3913\" class=\"elementor elementor-3913\" data-elementor-settings=\"{&quot;element_pack_global_tooltip_width&quot;:{&quot;unit&quot;:&quot;px&quot;,&quot;size&quot;:&quot;&quot;,&quot;sizes&quot;:[]},&quot;element_pack_global_tooltip_width_tablet&quot;:{&quot;unit&quot;:&quot;px&quot;,&quot;size&quot;:&quot;&quot;,&quot;sizes&quot;:[]},&quot;element_pack_global_tooltip_width_mobile&quot;:{&quot;unit&quot;:&quot;px&quot;,&quot;size&quot;:&quot;&quot;,&quot;sizes&quot;:[]},&quot;element_pack_global_tooltip_padding&quot;:{&quot;unit&quot;:&quot;px&quot;,&quot;top&quot;:&quot;&quot;,&quot;right&quot;:&quot;&quot;,&quot;bottom&quot;:&quot;&quot;,&quot;left&quot;:&quot;&quot;,&quot;isLinked&quot;:true},&quot;element_pack_global_tooltip_padding_tablet&quot;:{&quot;unit&quot;:&quot;px&quot;,&quot;top&quot;:&quot;&quot;,&quot;right&quot;:&quot;&quot;,&quot;bottom&quot;:&quot;&quot;,&quot;left&quot;:&quot;&quot;,&quot;isLinked&quot;:true},&quot;element_pack_global_tooltip_padding_mobile&quot;:{&quot;unit&quot;:&quot;px&quot;,&quot;top&quot;:&quot;&quot;,&quot;right&quot;:&quot;&quot;,&quot;bottom&quot;:&quot;&quot;,&quot;left&quot;:&quot;&quot;,&quot;isLinked&quot;:true},&quot;element_pack_global_tooltip_border_radius&quot;:{&quot;unit&quot;:&quot;px&quot;,&quot;top&quot;:&quot;&quot;,&quot;right&quot;:&quot;&quot;,&quot;bottom&quot;:&quot;&quot;,&quot;left&quot;:&quot;&quot;,&quot;isLinked&quot;:true},&quot;element_pack_global_tooltip_border_radius_tablet&quot;:{&quot;unit&quot;:&quot;px&quot;,&quot;top&quot;:&quot;&quot;,&quot;right&quot;:&quot;&quot;,&quot;bottom&quot;:&quot;&quot;,&quot;left&quot;:&quot;&quot;,&quot;isLinked&quot;:true},&quot;element_pack_global_tooltip_border_radius_mobile&quot;:{&quot;unit&quot;:&quot;px&quot;,&quot;top&quot;:&quot;&quot;,&quot;right&quot;:&quot;&quot;,&quot;bottom&quot;:&quot;&quot;,&quot;left&quot;:&quot;&quot;,&quot;isLinked&quot;:true}}\" data-elementor-post-type=\"product\">\n\t\t\t\t<div class=\"elementor-element elementor-element-93aa4a8 e-flex e-con-boxed e-con e-parent\" data-id=\"93aa4a8\" data-element_type=\"container\" data-e-type=\"container\">\n\t\t\t\t\t<div class=\"e-con-inner\">\n\t\t\t\t<div class=\"elementor-element elementor-element-2c3f760 miaoshu elementor-widget elementor-widget-wd_text_block\" data-id=\"2c3f760\" data-element_type=\"widget\" data-e-type=\"widget\" data-widget_type=\"wd_text_block.default\">\n\t\t\t\t<div class=\"elementor-widget-container\">\n\t\t\t\t\t\t\t<div class=\"wd-text-block reset-last-child text-left\">\n\t\t\t\n\t\t\t<h2>MangaReader: Mejore su experiencia en sitios web de manga<\/h2>\n<p>Transforme su sitio web de manga con <strong>MangaReader<\/strong>MangaReader es un tema premium de WordPress creado para entusiastas del manga y propietarios de sitios web. Con su dise\u00f1o elegante, navegaci\u00f3n intuitiva y potentes funciones, MangaReader ofrece una experiencia de usuario excepcional que hace que los visitantes vuelvan a por m\u00e1s.<\/p>\n\n<h3>\u00bfPor qu\u00e9 elegir MangaReader?<\/h3>\n<p>MangaReader combina una est\u00e9tica refrescante con una s\u00f3lida funcionalidad, garantizando que su sitio web destaque a la vez que es f\u00e1cil de usar. Tanto si sus visitantes navegan desde un ordenador de sobremesa como desde un m\u00f3vil, el dise\u00f1o adaptativo garantiza un rendimiento perfecto en todos los dispositivos. Adem\u00e1s, con la optimizaci\u00f3n SEO incorporada, su sitio est\u00e1 preparado para posicionarse mejor en los motores de b\u00fasqueda, dirigiendo m\u00e1s tr\u00e1fico a su contenido manga.<\/p>\n\n<h3>Repleto de funciones para los aficionados al manga<\/h3>\n<ul>\n  <li><strong>Dise\u00f1o adaptable y compatibilidad RTL<\/strong>: Se adapta perfectamente a cualquier dispositivo y admite idiomas de derecha a izquierda para una accesibilidad global.<\/li>\n  <li><strong>Modo oscuro y temas personalizables<\/strong>: Mejora la comodidad del usuario con una opci\u00f3n de modo oscuro y una funci\u00f3n de tema de color del servidor de im\u00e1genes para ajustar el color primario.<\/li>\n  <li><strong>Navegaci\u00f3n avanzada<\/strong>: Incluye un deslizador de migas de pan, un widget de b\u00fasqueda con filtro, b\u00fasqueda autocompletada y p\u00e1ginas dedicadas a la lista de mangas y a la lista A-Z para navegar sin esfuerzo.<\/li>\n  <li><strong>Widgets atractivos<\/strong>: Los widgets de popularidad, g\u00e9nero, nuevas series e historia mantienen enganchados a los usuarios mostrando los contenidos de moda y los cap\u00edtulos le\u00eddos recientemente.<\/li>\n  <li><strong>Experiencia de lectura flexible<\/strong>: Ofrece los modos de lectura completa e individual, lazy load para una renderizaci\u00f3n m\u00e1s r\u00e1pida de las p\u00e1ginas y una barra de progreso en el \u00e1rea de lectura.<\/li>\n  <li><strong>Visualizaci\u00f3n mejorada de contenidos<\/strong>: Incluye dos estilos de cabecera, cuatro estilos de miniaturas de p\u00e1gina de inicio, tres estilos de series informativas y una galer\u00eda en las p\u00e1ginas de series.<\/li>\n  <li><strong>Motor de recomendaci\u00f3n<\/strong>: Muestra series recomendadas en la p\u00e1gina de inicio para aumentar la participaci\u00f3n de los usuarios.<\/li>\n<\/ul>\n\n<h3>Rendimiento y optimizaci\u00f3n<\/h3>\n<p>MangaReader est\u00e1 dise\u00f1ado para ser r\u00e1pido y eficaz. Con <strong>Integraci\u00f3n de Photon CDN<\/strong> para una carga m\u00e1s r\u00e1pida de las im\u00e1genes, un <strong>cach\u00e9 integrada<\/strong> para reducir la carga del servidor, y compatibilidad con <strong>La cach\u00e9 m\u00e1s r\u00e1pida de WP<\/strong> y <strong>Autoptimize<\/strong> su sitio cargar\u00e1 a la velocidad del rayo. El tema tambi\u00e9n es compatible con <strong>SoraLink<\/strong> y <strong>Descargador de manga<\/strong> para una mayor funcionalidad.<\/p>\n\n<h3>Preparado para la monetizaci\u00f3n<\/h3>\n<p>Maximice sus ingresos con <strong>espacio publicitario<\/strong> dise\u00f1o y gesti\u00f3n de anuncios integrada, lo que facilita la integraci\u00f3n de anuncios sin comprometer la experiencia del usuario.<\/p>\n\n<h3>Funciones f\u00e1ciles de usar<\/h3>\n<ul>\n  <li><strong>P\u00e1gina de favoritos<\/strong>: No es necesario iniciar sesi\u00f3n para que los usuarios guarden sus series favoritas.<\/li>\n  <li><strong>C\u00f3digos cortos personalizados<\/strong>: Crea f\u00e1cilmente p\u00e1ginas din\u00e1micas con shortcodes personalizados.<\/li>\n  <li><strong>Buscar en la lista de cap\u00edtulos<\/strong>: Ayuda a los usuarios a encontrar r\u00e1pidamente cap\u00edtulos espec\u00edficos.<\/li>\n  <li><strong>Secci\u00f3n de actualizaci\u00f3n de proyectos<\/strong>: Mantenga a su p\u00fablico informado sobre las \u00faltimas actualizaciones del manga.<\/li>\n<\/ul>\n\n<h3>Requisitos t\u00e9cnicos<\/h3>\n<p>Para garantizar un rendimiento \u00f3ptimo, MangaReader requiere:<\/p>\n<ul>\n  <li>PHP 7.2 o superior<\/li>\n  <li>\u00daltimo cargador Ioncube<\/li>\n  <li>WordPress versi\u00f3n 4.9 o superior<\/li>\n<\/ul>\n\n<h3>Primeros pasos con MangaReader<\/h3>\n<p>Ya sea que est\u00e9 lanzando un nuevo sitio de manga o actualizando uno existente, MangaReader ofrece todo lo que necesita para crear una plataforma r\u00e1pida, atractiva y f\u00e1cil de usar. \u00a1Eleve su sitio web de manga hoy!<\/p>\n\t\t\t\t\t<\/div>\n\t\t\t\t\t\t<\/div>\n\t\t\t\t<\/div>\n\t\t\t\t\t<\/div>\n\t\t\t\t<\/div>\n\t\t\t\t<\/div>","protected":false},"excerpt":{"rendered":"<p>MangaReader: Elevate Your Manga Website Experience Transform your manga website with MangaReader, a premium WordPress theme crafted for manga enthusiasts<\/p>","protected":false},"featured_media":3914,"comment_status":"open","ping_status":"closed","template":"","meta":{"_acf_changed":false},"product_brand":[],"product_cat":[48],"product_tag":[],"class_list":{"0":"post-3913","1":"product","2":"type-product","3":"status-publish","4":"has-post-thumbnail","6":"product_cat-themes","8":"first","9":"instock","10":"downloadable","11":"shipping-taxable","12":"purchasable","13":"product-type-simple"},"acf":[],"yoast_head":"<!-- This site is optimized with the Yoast SEO Premium plugin v25.6 (Yoast SEO v27.4) - https:\/\/yoast.com\/product\/yoast-seo-premium-wordpress\/ -->\n<title>MangaReader WordPress Theme<\/title>\n<meta name=\"description\" content=\"MangaReader offers a sleek, SEO-optimized WordPress theme with responsive design, dark mode, and advanced features for manga enthusiasts.\" \/>\n<meta name=\"robots\" content=\"index, follow, max-snippet:-1, max-image-preview:large, max-video-preview:-1\" \/>\n<link rel=\"canonical\" href=\"https:\/\/allwintheme.com\/es\/producto\/mangareader-la-solucion-definitiva-para-sitios-web-de-manga\/\" \/>\n<meta property=\"og:locale\" content=\"es_ES\" \/>\n<meta property=\"og:type\" content=\"article\" \/>\n<meta property=\"og:title\" content=\"MangaReader: Ultimate Manga Website Solution\" \/>\n<meta property=\"og:description\" content=\"MangaReader offers a sleek, SEO-optimized WordPress theme with responsive design, dark mode, and advanced features for manga enthusiasts.\" \/>\n<meta property=\"og:url\" content=\"https:\/\/allwintheme.com\/es\/producto\/mangareader-la-solucion-definitiva-para-sitios-web-de-manga\/\" \/>\n<meta property=\"og:site_name\" content=\"AllWin Theme \u2013 Free WordPress Themes Download\" \/>\n<meta property=\"article:modified_time\" content=\"2025-08-27T01:57:32+00:00\" \/>\n<meta property=\"og:image\" content=\"https:\/\/allwintheme.com\/wp-content\/uploads\/2025\/08\/dtsgr7hj.png\" \/>\n\t<meta property=\"og:image:width\" content=\"720\" \/>\n\t<meta property=\"og:image:height\" content=\"365\" \/>\n\t<meta property=\"og:image:type\" content=\"image\/png\" \/>\n<meta name=\"twitter:card\" content=\"summary_large_image\" \/>\n<meta name=\"twitter:label1\" content=\"Tiempo estimado de lectura\" \/>\n\t<meta name=\"twitter:data1\" content=\"3 minutos\" \/>\n<script type=\"application\/ld+json\" class=\"yoast-schema-graph\">{\"@context\":\"https:\\\/\\\/schema.org\",\"@graph\":[{\"@type\":\"WebPage\",\"@id\":\"https:\\\/\\\/allwintheme.com\\\/product\\\/mangareader-ultimate-manga-website-solution\\\/\",\"url\":\"https:\\\/\\\/allwintheme.com\\\/product\\\/mangareader-ultimate-manga-website-solution\\\/\",\"name\":\"MangaReader WordPress Theme\",\"isPartOf\":{\"@id\":\"https:\\\/\\\/allwintheme.com\\\/#website\"},\"primaryImageOfPage\":{\"@id\":\"https:\\\/\\\/allwintheme.com\\\/product\\\/mangareader-ultimate-manga-website-solution\\\/#primaryimage\"},\"image\":{\"@id\":\"https:\\\/\\\/allwintheme.com\\\/product\\\/mangareader-ultimate-manga-website-solution\\\/#primaryimage\"},\"thumbnailUrl\":\"https:\\\/\\\/allwintheme.com\\\/wp-content\\\/uploads\\\/2025\\\/08\\\/dtsgr7hj.png\",\"datePublished\":\"2025-08-27T01:46:28+00:00\",\"dateModified\":\"2025-08-27T01:57:32+00:00\",\"description\":\"MangaReader offers a sleek, SEO-optimized WordPress theme with responsive design, dark mode, and advanced features for manga enthusiasts.\",\"breadcrumb\":{\"@id\":\"https:\\\/\\\/allwintheme.com\\\/product\\\/mangareader-ultimate-manga-website-solution\\\/#breadcrumb\"},\"inLanguage\":\"es-CL\",\"potentialAction\":[{\"@type\":\"ReadAction\",\"target\":[\"https:\\\/\\\/allwintheme.com\\\/product\\\/mangareader-ultimate-manga-website-solution\\\/\"]}]},{\"@type\":\"ImageObject\",\"inLanguage\":\"es-CL\",\"@id\":\"https:\\\/\\\/allwintheme.com\\\/product\\\/mangareader-ultimate-manga-website-solution\\\/#primaryimage\",\"url\":\"https:\\\/\\\/allwintheme.com\\\/wp-content\\\/uploads\\\/2025\\\/08\\\/dtsgr7hj.png\",\"contentUrl\":\"https:\\\/\\\/allwintheme.com\\\/wp-content\\\/uploads\\\/2025\\\/08\\\/dtsgr7hj.png\",\"width\":720,\"height\":365,\"caption\":\"MangaReader WordPress Theme\"},{\"@type\":\"BreadcrumbList\",\"@id\":\"https:\\\/\\\/allwintheme.com\\\/product\\\/mangareader-ultimate-manga-website-solution\\\/#breadcrumb\",\"itemListElement\":[{\"@type\":\"ListItem\",\"position\":1,\"name\":\"Home\",\"item\":\"https:\\\/\\\/allwintheme.com\\\/\"},{\"@type\":\"ListItem\",\"position\":2,\"name\":\"Shop\",\"item\":\"https:\\\/\\\/allwintheme.com\\\/shop\\\/\"},{\"@type\":\"ListItem\",\"position\":3,\"name\":\"MangaReader: Ultimate Manga Website Solution\"}]},{\"@type\":\"WebSite\",\"@id\":\"https:\\\/\\\/allwintheme.com\\\/#website\",\"url\":\"https:\\\/\\\/allwintheme.com\\\/\",\"name\":\"Allwintheme\",\"description\":\"Download free WordPress themes for every niche. Blogs, business, eCommerce, portfolio, restaurant and more. All themes are GPL licensed and mobile-ready.\",\"potentialAction\":[{\"@type\":\"SearchAction\",\"target\":{\"@type\":\"EntryPoint\",\"urlTemplate\":\"https:\\\/\\\/allwintheme.com\\\/?s={search_term_string}\"},\"query-input\":{\"@type\":\"PropertyValueSpecification\",\"valueRequired\":true,\"valueName\":\"search_term_string\"}}],\"inLanguage\":\"es-CL\"}]}<\/script>\n<!-- \/ Yoast SEO Premium plugin. -->","yoast_head_json":{"title":"MangaReader Tema de WordPress","description":"MangaReader ofrece un elegante tema de WordPress optimizado para SEO con dise\u00f1o responsivo, modo oscuro y funciones avanzadas para los entusiastas del manga.","robots":{"index":"index","follow":"follow","max-snippet":"max-snippet:-1","max-image-preview":"max-image-preview:large","max-video-preview":"max-video-preview:-1"},"canonical":"https:\/\/allwintheme.com\/es\/producto\/mangareader-la-solucion-definitiva-para-sitios-web-de-manga\/","og_locale":"es_ES","og_type":"article","og_title":"MangaReader: Ultimate Manga Website Solution","og_description":"MangaReader offers a sleek, SEO-optimized WordPress theme with responsive design, dark mode, and advanced features for manga enthusiasts.","og_url":"https:\/\/allwintheme.com\/es\/producto\/mangareader-la-solucion-definitiva-para-sitios-web-de-manga\/","og_site_name":"AllWin Theme \u2013 Free WordPress Themes Download","article_modified_time":"2025-08-27T01:57:32+00:00","og_image":[{"width":720,"height":365,"url":"https:\/\/allwintheme.com\/wp-content\/uploads\/2025\/08\/dtsgr7hj.png","type":"image\/png"}],"twitter_card":"summary_large_image","twitter_misc":{"Tiempo estimado de lectura":"3 minutos"},"schema":{"@context":"https:\/\/schema.org","@graph":[{"@type":"WebPage","@id":"https:\/\/allwintheme.com\/product\/mangareader-ultimate-manga-website-solution\/","url":"https:\/\/allwintheme.com\/product\/mangareader-ultimate-manga-website-solution\/","name":"MangaReader Tema de WordPress","isPartOf":{"@id":"https:\/\/allwintheme.com\/#website"},"primaryImageOfPage":{"@id":"https:\/\/allwintheme.com\/product\/mangareader-ultimate-manga-website-solution\/#primaryimage"},"image":{"@id":"https:\/\/allwintheme.com\/product\/mangareader-ultimate-manga-website-solution\/#primaryimage"},"thumbnailUrl":"https:\/\/allwintheme.com\/wp-content\/uploads\/2025\/08\/dtsgr7hj.png","datePublished":"2025-08-27T01:46:28+00:00","dateModified":"2025-08-27T01:57:32+00:00","description":"MangaReader ofrece un elegante tema de WordPress optimizado para SEO con dise\u00f1o responsivo, modo oscuro y funciones avanzadas para los entusiastas del manga.","breadcrumb":{"@id":"https:\/\/allwintheme.com\/product\/mangareader-ultimate-manga-website-solution\/#breadcrumb"},"inLanguage":"es-CL","potentialAction":[{"@type":"ReadAction","target":["https:\/\/allwintheme.com\/product\/mangareader-ultimate-manga-website-solution\/"]}]},{"@type":"ImageObject","inLanguage":"es-CL","@id":"https:\/\/allwintheme.com\/product\/mangareader-ultimate-manga-website-solution\/#primaryimage","url":"https:\/\/allwintheme.com\/wp-content\/uploads\/2025\/08\/dtsgr7hj.png","contentUrl":"https:\/\/allwintheme.com\/wp-content\/uploads\/2025\/08\/dtsgr7hj.png","width":720,"height":365,"caption":"MangaReader WordPress Theme"},{"@type":"BreadcrumbList","@id":"https:\/\/allwintheme.com\/product\/mangareader-ultimate-manga-website-solution\/#breadcrumb","itemListElement":[{"@type":"ListItem","position":1,"name":"Home","item":"https:\/\/allwintheme.com\/"},{"@type":"ListItem","position":2,"name":"Shop","item":"https:\/\/allwintheme.com\/shop\/"},{"@type":"ListItem","position":3,"name":"MangaReader: Ultimate Manga Website Solution"}]},{"@type":"WebSite","@id":"https:\/\/allwintheme.com\/#website","url":"https:\/\/allwintheme.com\/","name":"Allwintheme","description":"Descarga gratis temas de WordPress para todos los nichos. Blogs, negocios, comercio electr\u00f3nico, portafolio, restaurante y m\u00e1s. Todos los temas tienen licencia GPL y est\u00e1n preparados para dispositivos m\u00f3viles.","potentialAction":[{"@type":"SearchAction","target":{"@type":"EntryPoint","urlTemplate":"https:\/\/allwintheme.com\/?s={search_term_string}"},"query-input":{"@type":"PropertyValueSpecification","valueRequired":true,"valueName":"search_term_string"}}],"inLanguage":"es-CL"}]}},"_links":{"self":[{"href":"https:\/\/allwintheme.com\/es\/wp-json\/wp\/v2\/product\/3913","targetHints":{"allow":["GET"]}}],"collection":[{"href":"https:\/\/allwintheme.com\/es\/wp-json\/wp\/v2\/product"}],"about":[{"href":"https:\/\/allwintheme.com\/es\/wp-json\/wp\/v2\/types\/product"}],"replies":[{"embeddable":true,"href":"https:\/\/allwintheme.com\/es\/wp-json\/wp\/v2\/comments?post=3913"}],"version-history":[{"count":0,"href":"https:\/\/allwintheme.com\/es\/wp-json\/wp\/v2\/product\/3913\/revisions"}],"wp:featuredmedia":[{"embeddable":true,"href":"https:\/\/allwintheme.com\/es\/wp-json\/wp\/v2\/media\/3914"}],"wp:attachment":[{"href":"https:\/\/allwintheme.com\/es\/wp-json\/wp\/v2\/media?parent=3913"}],"wp:term":[{"taxonomy":"product_brand","embeddable":true,"href":"https:\/\/allwintheme.com\/es\/wp-json\/wp\/v2\/product_brand?post=3913"},{"taxonomy":"product_cat","embeddable":true,"href":"https:\/\/allwintheme.com\/es\/wp-json\/wp\/v2\/product_cat?post=3913"},{"taxonomy":"product_tag","embeddable":true,"href":"https:\/\/allwintheme.com\/es\/wp-json\/wp\/v2\/product_tag?post=3913"}],"curies":[{"name":"wp","href":"https:\/\/api.w.org\/{rel}","templated":true}]}}