{"id":3948,"date":"2025-08-27T03:04:40","date_gmt":"2025-08-27T03:04:40","guid":{"rendered":"https:\/\/allwintheme.com\/?post_type=product&#038;p=3948"},"modified":"2025-08-27T03:24:53","modified_gmt":"2025-08-27T03:24:53","slug":"woodmart-woocommerce-wordpress-theme","status":"publish","type":"product","link":"https:\/\/allwintheme.com\/es\/producto\/woodmart-woocommerce-wordpress-theme\/","title":{"rendered":"WoodMart WooCommerce WordPress Tema"},"content":{"rendered":"<div data-elementor-type=\"wp-post\" data-elementor-id=\"3948\" class=\"elementor elementor-3948\" data-elementor-settings=\"{&quot;element_pack_global_tooltip_width&quot;:{&quot;unit&quot;:&quot;px&quot;,&quot;size&quot;:&quot;&quot;,&quot;sizes&quot;:[]},&quot;element_pack_global_tooltip_width_tablet&quot;:{&quot;unit&quot;:&quot;px&quot;,&quot;size&quot;:&quot;&quot;,&quot;sizes&quot;:[]},&quot;element_pack_global_tooltip_width_mobile&quot;:{&quot;unit&quot;:&quot;px&quot;,&quot;size&quot;:&quot;&quot;,&quot;sizes&quot;:[]},&quot;element_pack_global_tooltip_padding&quot;:{&quot;unit&quot;:&quot;px&quot;,&quot;top&quot;:&quot;&quot;,&quot;right&quot;:&quot;&quot;,&quot;bottom&quot;:&quot;&quot;,&quot;left&quot;:&quot;&quot;,&quot;isLinked&quot;:true},&quot;element_pack_global_tooltip_padding_tablet&quot;:{&quot;unit&quot;:&quot;px&quot;,&quot;top&quot;:&quot;&quot;,&quot;right&quot;:&quot;&quot;,&quot;bottom&quot;:&quot;&quot;,&quot;left&quot;:&quot;&quot;,&quot;isLinked&quot;:true},&quot;element_pack_global_tooltip_padding_mobile&quot;:{&quot;unit&quot;:&quot;px&quot;,&quot;top&quot;:&quot;&quot;,&quot;right&quot;:&quot;&quot;,&quot;bottom&quot;:&quot;&quot;,&quot;left&quot;:&quot;&quot;,&quot;isLinked&quot;:true},&quot;element_pack_global_tooltip_border_radius&quot;:{&quot;unit&quot;:&quot;px&quot;,&quot;top&quot;:&quot;&quot;,&quot;right&quot;:&quot;&quot;,&quot;bottom&quot;:&quot;&quot;,&quot;left&quot;:&quot;&quot;,&quot;isLinked&quot;:true},&quot;element_pack_global_tooltip_border_radius_tablet&quot;:{&quot;unit&quot;:&quot;px&quot;,&quot;top&quot;:&quot;&quot;,&quot;right&quot;:&quot;&quot;,&quot;bottom&quot;:&quot;&quot;,&quot;left&quot;:&quot;&quot;,&quot;isLinked&quot;:true},&quot;element_pack_global_tooltip_border_radius_mobile&quot;:{&quot;unit&quot;:&quot;px&quot;,&quot;top&quot;:&quot;&quot;,&quot;right&quot;:&quot;&quot;,&quot;bottom&quot;:&quot;&quot;,&quot;left&quot;:&quot;&quot;,&quot;isLinked&quot;:true}}\" data-elementor-post-type=\"product\">\n\t\t\t\t<div class=\"elementor-element elementor-element-93aa4a8 e-flex e-con-boxed e-con e-parent\" data-id=\"93aa4a8\" data-element_type=\"container\" data-e-type=\"container\">\n\t\t\t\t\t<div class=\"e-con-inner\">\n\t\t\t\t<div class=\"elementor-element elementor-element-2c3f760 miaoshu elementor-widget elementor-widget-wd_text_block\" data-id=\"2c3f760\" data-element_type=\"widget\" data-e-type=\"widget\" data-widget_type=\"wd_text_block.default\">\n\t\t\t\t<div class=\"elementor-widget-container\">\n\t\t\t\t\t\t\t<div class=\"wd-text-block reset-last-child text-left\">\n\t\t\t\n\t\t\t<h2>Cree la tienda en l\u00ednea de sus sue\u00f1os con WoodMart<\/h2>\n<p>WoodMart es un tema premium de WooCommerce para WordPress creado desde cero para crear tiendas online excepcionales de cualquier tipo. Dise\u00f1ado con la experiencia del usuario en su n\u00facleo, WoodMart aprovecha la potente tecnolog\u00eda AJAX para ofrecer una interfaz de compras fluida y r\u00e1pida como el rayo, eliminando la necesidad de actualizaciones constantes de la p\u00e1gina. Tanto si est\u00e1 lanzando una boutique, una tienda de electr\u00f3nica o una gran plataforma de comercio electr\u00f3nico, WoodMart le permite dar vida a su visi\u00f3n y generar el flujo de ingresos pasivos con el que siempre ha so\u00f1ado.<\/p>\n\n<h3>\u00bfPor qu\u00e9 elegir WoodMart?<\/h3>\n<p>Con WoodMart, no s\u00f3lo obtiene un tema, sino un completo conjunto de herramientas para crear una tienda en l\u00ednea profesional y de alta conversi\u00f3n. Sus s\u00f3lidas funciones y su dise\u00f1o intuitivo la convierten en la mejor opci\u00f3n tanto para empresarios como para desarrolladores. Esto es lo que distingue a WoodMart:<\/p>\n<ul>\n    <li><strong>45+ impresionantes dise\u00f1os de demostraci\u00f3n:<\/strong> Elija entre una amplia gama de demos de bonito dise\u00f1o para poner en marcha su tienda.<\/li>\n    <li><strong>15+ Dise\u00f1os de p\u00e1ginas de inicio predise\u00f1ados:<\/strong> Empiece r\u00e1pidamente con dise\u00f1os de p\u00e1gina de inicio creados por profesionales.<\/li>\n    <li><strong>Soporte avanzado para WooCommerce 3.0+:<\/strong> Integraci\u00f3n perfecta con WooCommerce para una potente experiencia de comercio electr\u00f3nico.<\/li>\n    <li><strong>WPBakery Drag &amp; Drop Builder:<\/strong> Cree dise\u00f1os personalizados sin esfuerzo con un constructor de p\u00e1ginas intuitivo.<\/li>\n    <li><strong>100% Responsive &amp; Retina Ready:<\/strong> Aseg\u00farese de que su tienda tenga un aspecto impecable en cualquier dispositivo, desde m\u00f3viles hasta pantallas de alta resoluci\u00f3n.<\/li>\n    <li><strong>Compatibilidad con WordPress 5.0+:<\/strong> Mant\u00e9ngase al d\u00eda de las \u00faltimas funciones y actualizaciones de WordPress.<\/li>\n    <li><strong>Multiling\u00fce y preparado para RTL:<\/strong> Llegue a un p\u00fablico mundial con total compatibilidad con varios idiomas y guiones de derecha a izquierda.<\/li>\n    <li><strong>Conformidad con el GDPR:<\/strong> Fomente la confianza de sus clientes cumpliendo las normas de protecci\u00f3n de datos.<\/li>\n<\/ul>\n\n<h3>Totalmente personalizable para su visi\u00f3n \u00fanica<\/h3>\n<p>WoodMart est\u00e1 dise\u00f1ado para adaptarse a sus necesidades con el m\u00ednimo esfuerzo. Cada elemento del tema se ha ajustado para ofrecer la m\u00e1xima flexibilidad, lo que le permite crear un sitio web altamente personalizado que evoluciona con su negocio. Desde los colores y las fuentes hasta los dise\u00f1os y la funcionalidad, WoodMart hace que la personalizaci\u00f3n sea r\u00e1pida, f\u00e1cil y eficaz. No importa c\u00f3mo crezca o cambie su negocio, WoodMart est\u00e1 dise\u00f1ado para seguirle el ritmo.<\/p>\n\n<h3>Comience hoy mismo su viaje por el comercio electr\u00f3nico<\/h3>\n<p>Con su inigualable flexibilidad, dise\u00f1os impresionantes y caracter\u00edsticas orientadas al rendimiento, WoodMart es el tema de WordPress para WooCommerce ideal para cualquiera que quiera crear una tienda online de \u00e9xito. Obtenga WoodMart hoy mismo y comience a crear una tienda que destaque, atraiga a los clientes e impulse las ventas.<\/p>\n\t\t\t\t\t<\/div>\n\t\t\t\t\t\t<\/div>\n\t\t\t\t<\/div>\n\t\t\t\t\t<\/div>\n\t\t\t\t<\/div>\n\t\t\t\t<\/div>","protected":false},"excerpt":{"rendered":"<p>Construya la tienda online de sus sue\u00f1os con WoodMart WoodMart es un tema premium de WooCommerce para WordPress creado desde cero para<\/p>","protected":false},"featured_media":3949,"comment_status":"open","ping_status":"closed","template":"","meta":{"_acf_changed":false},"product_brand":[],"product_cat":[48],"product_tag":[],"class_list":{"0":"post-3948","1":"product","2":"type-product","3":"status-publish","4":"has-post-thumbnail","6":"product_cat-themes","8":"first","9":"instock","10":"downloadable","11":"shipping-taxable","12":"purchasable","13":"product-type-simple"},"acf":[],"yoast_head":"<!-- This site is optimized with the Yoast SEO Premium plugin v25.6 (Yoast SEO v27.1.1) - https:\/\/yoast.com\/product\/yoast-seo-premium-wordpress\/ -->\n<title>Woodmart WooCommerce WordPress Theme<\/title>\n<meta name=\"description\" content=\"Discover WoodMart, a premium WooCommerce WordPress theme with 45+ stunning demos, fast AJAX technology, and full customization for your online store.\" \/>\n<meta name=\"robots\" content=\"index, follow, max-snippet:-1, max-image-preview:large, max-video-preview:-1\" \/>\n<link rel=\"canonical\" href=\"https:\/\/allwintheme.com\/es\/producto\/woodmart-woocommerce-wordpress-theme\/\" \/>\n<meta property=\"og:locale\" content=\"es_ES\" \/>\n<meta property=\"og:type\" content=\"article\" \/>\n<meta property=\"og:title\" content=\"WoodMart WooCommerce WordPress Theme\" \/>\n<meta property=\"og:description\" content=\"Discover WoodMart, a premium WooCommerce WordPress theme with 45+ stunning demos, fast AJAX technology, and full customization for your online store.\" \/>\n<meta property=\"og:url\" content=\"https:\/\/allwintheme.com\/es\/producto\/woodmart-woocommerce-wordpress-theme\/\" \/>\n<meta property=\"og:site_name\" content=\"AllWin Theme \u2013 Free WordPress Themes Download\" \/>\n<meta property=\"article:modified_time\" content=\"2025-08-27T03:24:53+00:00\" \/>\n<meta property=\"og:image\" content=\"https:\/\/allwintheme.com\/wp-content\/uploads\/2025\/08\/0fjba8or.png\" \/>\n\t<meta property=\"og:image:width\" content=\"590\" \/>\n\t<meta property=\"og:image:height\" content=\"300\" \/>\n\t<meta property=\"og:image:type\" content=\"image\/png\" \/>\n<meta name=\"twitter:card\" content=\"summary_large_image\" \/>\n<meta name=\"twitter:label1\" content=\"Tiempo estimado de lectura\" \/>\n\t<meta name=\"twitter:data1\" content=\"3 minutos\" \/>\n<script type=\"application\/ld+json\" class=\"yoast-schema-graph\">{\"@context\":\"https:\/\/schema.org\",\"@graph\":[{\"@type\":\"WebPage\",\"@id\":\"https:\/\/allwintheme.com\/product\/woodmart-woocommerce-wordpress-theme\/\",\"url\":\"https:\/\/allwintheme.com\/product\/woodmart-woocommerce-wordpress-theme\/\",\"name\":\"Woodmart WooCommerce WordPress Theme\",\"isPartOf\":{\"@id\":\"https:\/\/allwintheme.com\/#website\"},\"primaryImageOfPage\":{\"@id\":\"https:\/\/allwintheme.com\/product\/woodmart-woocommerce-wordpress-theme\/#primaryimage\"},\"image\":{\"@id\":\"https:\/\/allwintheme.com\/product\/woodmart-woocommerce-wordpress-theme\/#primaryimage\"},\"thumbnailUrl\":\"https:\/\/allwintheme.com\/wp-content\/uploads\/2025\/08\/0fjba8or.png\",\"datePublished\":\"2025-08-27T03:04:40+00:00\",\"dateModified\":\"2025-08-27T03:24:53+00:00\",\"description\":\"Discover WoodMart, a premium WooCommerce WordPress theme with 45+ stunning demos, fast AJAX technology, and full customization for your online store.\",\"breadcrumb\":{\"@id\":\"https:\/\/allwintheme.com\/product\/woodmart-woocommerce-wordpress-theme\/#breadcrumb\"},\"inLanguage\":\"es-CL\",\"potentialAction\":[{\"@type\":\"ReadAction\",\"target\":[\"https:\/\/allwintheme.com\/product\/woodmart-woocommerce-wordpress-theme\/\"]}]},{\"@type\":\"ImageObject\",\"inLanguage\":\"es-CL\",\"@id\":\"https:\/\/allwintheme.com\/product\/woodmart-woocommerce-wordpress-theme\/#primaryimage\",\"url\":\"https:\/\/allwintheme.com\/wp-content\/uploads\/2025\/08\/0fjba8or.png\",\"contentUrl\":\"https:\/\/allwintheme.com\/wp-content\/uploads\/2025\/08\/0fjba8or.png\",\"width\":590,\"height\":300,\"caption\":\"WoodMart WooCommerce WordPress Theme\"},{\"@type\":\"BreadcrumbList\",\"@id\":\"https:\/\/allwintheme.com\/product\/woodmart-woocommerce-wordpress-theme\/#breadcrumb\",\"itemListElement\":[{\"@type\":\"ListItem\",\"position\":1,\"name\":\"Home\",\"item\":\"https:\/\/allwintheme.com\/\"},{\"@type\":\"ListItem\",\"position\":2,\"name\":\"Shop\",\"item\":\"https:\/\/allwintheme.com\/shop\/\"},{\"@type\":\"ListItem\",\"position\":3,\"name\":\"WoodMart WooCommerce WordPress Theme\"}]},{\"@type\":\"WebSite\",\"@id\":\"https:\/\/allwintheme.com\/#website\",\"url\":\"https:\/\/allwintheme.com\/\",\"name\":\"Allwintheme\",\"description\":\"Download free WordPress themes for every niche. Blogs, business, eCommerce, portfolio, restaurant and more. All themes are GPL licensed and mobile-ready.\",\"potentialAction\":[{\"@type\":\"SearchAction\",\"target\":{\"@type\":\"EntryPoint\",\"urlTemplate\":\"https:\/\/allwintheme.com\/?s={search_term_string}\"},\"query-input\":{\"@type\":\"PropertyValueSpecification\",\"valueRequired\":true,\"valueName\":\"search_term_string\"}}],\"inLanguage\":\"es-CL\"}]}<\/script>\n<!-- \/ Yoast SEO Premium plugin. -->","yoast_head_json":{"title":"Woodmart WooCommerce WordPress Tema","description":"Descubra WoodMart, un tema premium de WooCommerce para WordPress con m\u00e1s de 45 impresionantes demos, r\u00e1pida tecnolog\u00eda AJAX y personalizaci\u00f3n completa para su tienda online.","robots":{"index":"index","follow":"follow","max-snippet":"max-snippet:-1","max-image-preview":"max-image-preview:large","max-video-preview":"max-video-preview:-1"},"canonical":"https:\/\/allwintheme.com\/es\/producto\/woodmart-woocommerce-wordpress-theme\/","og_locale":"es_ES","og_type":"article","og_title":"WoodMart WooCommerce WordPress Theme","og_description":"Discover WoodMart, a premium WooCommerce WordPress theme with 45+ stunning demos, fast AJAX technology, and full customization for your online store.","og_url":"https:\/\/allwintheme.com\/es\/producto\/woodmart-woocommerce-wordpress-theme\/","og_site_name":"AllWin Theme \u2013 Free WordPress Themes Download","article_modified_time":"2025-08-27T03:24:53+00:00","og_image":[{"width":590,"height":300,"url":"https:\/\/allwintheme.com\/wp-content\/uploads\/2025\/08\/0fjba8or.png","type":"image\/png"}],"twitter_card":"summary_large_image","twitter_misc":{"Tiempo estimado de lectura":"3 minutos"},"schema":{"@context":"https:\/\/schema.org","@graph":[{"@type":"WebPage","@id":"https:\/\/allwintheme.com\/product\/woodmart-woocommerce-wordpress-theme\/","url":"https:\/\/allwintheme.com\/product\/woodmart-woocommerce-wordpress-theme\/","name":"Woodmart WooCommerce WordPress Tema","isPartOf":{"@id":"https:\/\/allwintheme.com\/#website"},"primaryImageOfPage":{"@id":"https:\/\/allwintheme.com\/product\/woodmart-woocommerce-wordpress-theme\/#primaryimage"},"image":{"@id":"https:\/\/allwintheme.com\/product\/woodmart-woocommerce-wordpress-theme\/#primaryimage"},"thumbnailUrl":"https:\/\/allwintheme.com\/wp-content\/uploads\/2025\/08\/0fjba8or.png","datePublished":"2025-08-27T03:04:40+00:00","dateModified":"2025-08-27T03:24:53+00:00","description":"Descubra WoodMart, un tema premium de WooCommerce para WordPress con m\u00e1s de 45 impresionantes demos, r\u00e1pida tecnolog\u00eda AJAX y personalizaci\u00f3n completa para su tienda online.","breadcrumb":{"@id":"https:\/\/allwintheme.com\/product\/woodmart-woocommerce-wordpress-theme\/#breadcrumb"},"inLanguage":"es-CL","potentialAction":[{"@type":"ReadAction","target":["https:\/\/allwintheme.com\/product\/woodmart-woocommerce-wordpress-theme\/"]}]},{"@type":"ImageObject","inLanguage":"es-CL","@id":"https:\/\/allwintheme.com\/product\/woodmart-woocommerce-wordpress-theme\/#primaryimage","url":"https:\/\/allwintheme.com\/wp-content\/uploads\/2025\/08\/0fjba8or.png","contentUrl":"https:\/\/allwintheme.com\/wp-content\/uploads\/2025\/08\/0fjba8or.png","width":590,"height":300,"caption":"WoodMart WooCommerce WordPress Theme"},{"@type":"BreadcrumbList","@id":"https:\/\/allwintheme.com\/product\/woodmart-woocommerce-wordpress-theme\/#breadcrumb","itemListElement":[{"@type":"ListItem","position":1,"name":"Home","item":"https:\/\/allwintheme.com\/"},{"@type":"ListItem","position":2,"name":"Shop","item":"https:\/\/allwintheme.com\/shop\/"},{"@type":"ListItem","position":3,"name":"WoodMart WooCommerce WordPress Theme"}]},{"@type":"WebSite","@id":"https:\/\/allwintheme.com\/#website","url":"https:\/\/allwintheme.com\/","name":"Allwintheme","description":"Descarga gratis temas de WordPress para todos los nichos. Blogs, negocios, comercio electr\u00f3nico, portafolio, restaurante y m\u00e1s. Todos los temas tienen licencia GPL y est\u00e1n preparados para dispositivos m\u00f3viles.","potentialAction":[{"@type":"SearchAction","target":{"@type":"EntryPoint","urlTemplate":"https:\/\/allwintheme.com\/?s={search_term_string}"},"query-input":{"@type":"PropertyValueSpecification","valueRequired":true,"valueName":"search_term_string"}}],"inLanguage":"es-CL"}]}},"_links":{"self":[{"href":"https:\/\/allwintheme.com\/es\/wp-json\/wp\/v2\/product\/3948","targetHints":{"allow":["GET"]}}],"collection":[{"href":"https:\/\/allwintheme.com\/es\/wp-json\/wp\/v2\/product"}],"about":[{"href":"https:\/\/allwintheme.com\/es\/wp-json\/wp\/v2\/types\/product"}],"replies":[{"embeddable":true,"href":"https:\/\/allwintheme.com\/es\/wp-json\/wp\/v2\/comments?post=3948"}],"version-history":[{"count":0,"href":"https:\/\/allwintheme.com\/es\/wp-json\/wp\/v2\/product\/3948\/revisions"}],"wp:featuredmedia":[{"embeddable":true,"href":"https:\/\/allwintheme.com\/es\/wp-json\/wp\/v2\/media\/3949"}],"wp:attachment":[{"href":"https:\/\/allwintheme.com\/es\/wp-json\/wp\/v2\/media?parent=3948"}],"wp:term":[{"taxonomy":"product_brand","embeddable":true,"href":"https:\/\/allwintheme.com\/es\/wp-json\/wp\/v2\/product_brand?post=3948"},{"taxonomy":"product_cat","embeddable":true,"href":"https:\/\/allwintheme.com\/es\/wp-json\/wp\/v2\/product_cat?post=3948"},{"taxonomy":"product_tag","embeddable":true,"href":"https:\/\/allwintheme.com\/es\/wp-json\/wp\/v2\/product_tag?post=3948"}],"curies":[{"name":"wp","href":"https:\/\/api.w.org\/{rel}","templated":true}]}}