{"id":4020,"date":"2025-08-27T11:29:10","date_gmt":"2025-08-27T11:29:10","guid":{"rendered":"https:\/\/allwintheme.com\/?post_type=product&#038;p=4020"},"modified":"2025-08-27T11:42:41","modified_gmt":"2025-08-27T11:42:41","slug":"digicove-digital-marketing-agency-wordpress-theme","status":"publish","type":"product","link":"https:\/\/allwintheme.com\/es\/producto\/digicove-digital-marketing-agency-wordpress-theme\/","title":{"rendered":"Digicove: Tema profesional de WordPress para agencias"},"content":{"rendered":"<div data-elementor-type=\"wp-post\" data-elementor-id=\"4020\" class=\"elementor elementor-4020\" data-elementor-settings=\"{&quot;element_pack_global_tooltip_width&quot;:{&quot;unit&quot;:&quot;px&quot;,&quot;size&quot;:&quot;&quot;,&quot;sizes&quot;:[]},&quot;element_pack_global_tooltip_width_tablet&quot;:{&quot;unit&quot;:&quot;px&quot;,&quot;size&quot;:&quot;&quot;,&quot;sizes&quot;:[]},&quot;element_pack_global_tooltip_width_mobile&quot;:{&quot;unit&quot;:&quot;px&quot;,&quot;size&quot;:&quot;&quot;,&quot;sizes&quot;:[]},&quot;element_pack_global_tooltip_padding&quot;:{&quot;unit&quot;:&quot;px&quot;,&quot;top&quot;:&quot;&quot;,&quot;right&quot;:&quot;&quot;,&quot;bottom&quot;:&quot;&quot;,&quot;left&quot;:&quot;&quot;,&quot;isLinked&quot;:true},&quot;element_pack_global_tooltip_padding_tablet&quot;:{&quot;unit&quot;:&quot;px&quot;,&quot;top&quot;:&quot;&quot;,&quot;right&quot;:&quot;&quot;,&quot;bottom&quot;:&quot;&quot;,&quot;left&quot;:&quot;&quot;,&quot;isLinked&quot;:true},&quot;element_pack_global_tooltip_padding_mobile&quot;:{&quot;unit&quot;:&quot;px&quot;,&quot;top&quot;:&quot;&quot;,&quot;right&quot;:&quot;&quot;,&quot;bottom&quot;:&quot;&quot;,&quot;left&quot;:&quot;&quot;,&quot;isLinked&quot;:true},&quot;element_pack_global_tooltip_border_radius&quot;:{&quot;unit&quot;:&quot;px&quot;,&quot;top&quot;:&quot;&quot;,&quot;right&quot;:&quot;&quot;,&quot;bottom&quot;:&quot;&quot;,&quot;left&quot;:&quot;&quot;,&quot;isLinked&quot;:true},&quot;element_pack_global_tooltip_border_radius_tablet&quot;:{&quot;unit&quot;:&quot;px&quot;,&quot;top&quot;:&quot;&quot;,&quot;right&quot;:&quot;&quot;,&quot;bottom&quot;:&quot;&quot;,&quot;left&quot;:&quot;&quot;,&quot;isLinked&quot;:true},&quot;element_pack_global_tooltip_border_radius_mobile&quot;:{&quot;unit&quot;:&quot;px&quot;,&quot;top&quot;:&quot;&quot;,&quot;right&quot;:&quot;&quot;,&quot;bottom&quot;:&quot;&quot;,&quot;left&quot;:&quot;&quot;,&quot;isLinked&quot;:true}}\" data-elementor-post-type=\"product\">\n\t\t\t\t<div class=\"elementor-element elementor-element-93aa4a8 e-flex e-con-boxed e-con e-parent\" data-id=\"93aa4a8\" data-element_type=\"container\" data-e-type=\"container\">\n\t\t\t\t\t<div class=\"e-con-inner\">\n\t\t\t\t<div class=\"elementor-element elementor-element-2c3f760 miaoshu elementor-widget elementor-widget-wd_text_block\" data-id=\"2c3f760\" data-element_type=\"widget\" data-e-type=\"widget\" data-widget_type=\"wd_text_block.default\">\n\t\t\t\t<div class=\"elementor-widget-container\">\n\t\t\t\t\t\t\t<div class=\"wd-text-block reset-last-child text-left\">\n\t\t\t\n\t\t\t<h2>Digicove: Lo \u00faltimo en temas de WordPress para sitios web profesionales<\/h2>\n<p>Digicove es el tema de WordPress perfecto para mostrar tu software, servicios o productos en un sitio web profesional y visualmente impactante. Tanto si eres una startup, una agencia digital, un aut\u00f3nomo o un experto en marketing, Digicove est\u00e1 dise\u00f1ado para simplificar el proceso de creaci\u00f3n de un sitio web de alta calidad. Con su moderno dise\u00f1o, potentes funciones y herramientas intuitivas, Digicove es ideal para p\u00e1ginas de aterrizaje, sitios web corporativos, estudios digitales, agencias SEO, expertos en SMM, especialistas en generaci\u00f3n de leads y mucho m\u00e1s.<\/p>\n\n<h3>\u00bfPor qu\u00e9 elegir Digicove?<\/h3>\n<p>Digicove le permite crear un sitio web profesional en un abrir y cerrar de ojos, gracias a su perfecta integraci\u00f3n con el <strong>Creador de p\u00e1ginas Elementor<\/strong>. Esta interfaz de arrastrar y soltar le permite personalizar dise\u00f1os, experimentar con estilos y previsualizar los cambios al instante antes de publicarlos. No es necesario tener conocimientos de programaci\u00f3n. Adem\u00e1s, Digicove incorpora las \u00faltimas tecnolog\u00edas web, experiencias f\u00e1ciles de usar y est\u00e9tica de dise\u00f1o de tendencia para garantizar que su sitio web destaque.<\/p>\n\n<h3>Caracter\u00edsticas principales de Digicove<\/h3>\n<ul>\n    <li><strong>Instalaci\u00f3n con un solo clic:<\/strong> Ponga en marcha su sitio web r\u00e1pidamente con el potente instalador de un solo clic de Digicove. R\u00e1pido, sencillo y eficaz.<\/li>\n    <li><strong>Elementor Drag-and-Drop Builder:<\/strong> Personaliza tu sitio web sin esfuerzo con la interfaz intuitiva de Elementor. Crea dise\u00f1os impresionantes en cuesti\u00f3n de minutos.<\/li>\n    <li><strong>Revolution Slider Incluido:<\/strong> Construye sliders atractivos con el plugin premium Revolution Slider, incluido gratuitamente con Digicove.<\/li>\n    <li><strong>Mega Men\u00fa flexible:<\/strong> Dise\u00f1a impresionantes mega men\u00fas con navegaci\u00f3n personalizada, iconos, im\u00e1genes y dise\u00f1os de varias columnas con Elementor.<\/li>\n    <li><strong>Navegaci\u00f3n en una p\u00e1gina:<\/strong> Cree sitios web de una sola p\u00e1gina con desplazamiento suave y opciones integradas de navegaci\u00f3n en una sola p\u00e1gina.<\/li>\n    <li><strong>Opciones avanzadas del tema:<\/strong> Personalice casi todos los aspectos de su sitio con las s\u00f3lidas opciones de temas de Digicove, sin necesidad de programaci\u00f3n.<\/li>\n    <li><strong>Opciones de color ilimitadas:<\/strong> Haga coincidir su identidad de marca con fuentes y colores totalmente personalizables en todo el tema.<\/li>\n    <li><strong>Fondos de paralaje y v\u00eddeo:<\/strong> A\u00f1ada fondos de v\u00eddeo din\u00e1micos o efectos de paralaje a deslizadores, secciones y cabeceras para darles un toque creativo.<\/li>\n    <li><strong>Integraci\u00f3n con Mailchimp:<\/strong> Conecte sin problemas sus formularios de suscripci\u00f3n al bolet\u00edn con su lista de contactos de Mailchimp.<\/li>\n    <li><strong>Compatibilidad WPML:<\/strong> Haga que su sitio web sea multiling\u00fce con el soporte completo del plugin WPML, perfecto para audiencias globales.<\/li>\n    <li><strong>Asistencia para Contact Form 7:<\/strong> Cree formularios de contacto personalizados en segundos gracias a la compatibilidad con el popular plugin Contact Form 7.<\/li>\n    <li><strong>Preparado para temas infantiles:<\/strong> Personalice su sitio de forma segura con el tema hijo incluido, garantizando que las actualizaciones no sobrescriban sus cambios.<\/li>\n<\/ul>\n\n<h3>Personalizaci\u00f3n sin esfuerzo con Digicove<\/h3>\n<p>Digicove elimina la complejidad de la creaci\u00f3n de sitios web. Con contenido de demostraci\u00f3n pre-construido y tutoriales detallados en v\u00eddeo, nunca se sentir\u00e1 atascado, incluso si est\u00e1 empezando desde cero. El potente tema <strong>Marco Vafpress<\/strong> proporciona una base s\u00f3lida, mientras que las opciones avanzadas de p\u00e1ginas y entradas te permiten crear dise\u00f1os \u00fanicos que se desv\u00edan de la configuraci\u00f3n global cuando es necesario. Si usted est\u00e1 construyendo un sitio para una agencia digital, empresa de marketing, o la cartera independiente, Digicove ofrece la flexibilidad para llevar su visi\u00f3n a la vida.<\/p>\n\n<h3>Documentaci\u00f3n y asistencia completas<\/h3>\n<p>Digicove incluye una amplia documentaci\u00f3n y gu\u00edas en v\u00eddeo paso a paso para que la configuraci\u00f3n y la personalizaci\u00f3n sean pan comido. Desde la configuraci\u00f3n de su mega men\u00fa hasta el dise\u00f1o de encabezados y pies de p\u00e1gina, nuestros recursos garantizan que pueda crear un sitio web profesional de forma r\u00e1pida y sencilla.<\/p>\n\n<h3>Empiece hoy mismo con Digicove<\/h3>\n<p>Transforma tu presencia online con Digicove, el tema de WordPress dise\u00f1ado para startups, agencias, aut\u00f3nomos y mucho m\u00e1s. Con sus potentes funciones, su dise\u00f1o moderno y su facilidad de uso, Digicove es la soluci\u00f3n perfecta para crear un sitio web que cautive y convierta. <strong>Consigue Digicove ahora<\/strong> y empiece a crear el sitio web de sus sue\u00f1os.<\/p>\n\t\t\t\t\t<\/div>\n\t\t\t\t\t\t<\/div>\n\t\t\t\t<\/div>\n\t\t\t\t\t<\/div>\n\t\t\t\t<\/div>\n\t\t\t\t<\/div>","protected":false},"excerpt":{"rendered":"<p>Digicove: Your Ultimate WordPress Theme for Professional Websites Digicove is the perfect WordPress theme for showcasing your software, services, or<\/p>","protected":false},"featured_media":4021,"comment_status":"open","ping_status":"closed","template":"","meta":{"_acf_changed":false},"product_brand":[],"product_cat":[48],"product_tag":[],"class_list":{"0":"post-4020","1":"product","2":"type-product","3":"status-publish","4":"has-post-thumbnail","6":"product_cat-themes","8":"first","9":"instock","10":"sale","11":"downloadable","12":"shipping-taxable","13":"purchasable","14":"product-type-simple"},"acf":[],"yoast_head":"<!-- This site is optimized with the Yoast SEO Premium plugin v25.6 (Yoast SEO v27.1.1) - https:\/\/yoast.com\/product\/yoast-seo-premium-wordpress\/ -->\n<title>Digicove \u2013 Digital Marketing Agency WordPress Theme<\/title>\n<meta name=\"description\" content=\"Discover Digicove, a versatile WordPress theme for startups, agencies, and freelancers. Build stunning websites with Elementor, Revolution Slider, and more.\" \/>\n<meta name=\"robots\" content=\"index, follow, max-snippet:-1, max-image-preview:large, max-video-preview:-1\" \/>\n<link rel=\"canonical\" href=\"https:\/\/allwintheme.com\/es\/producto\/digicove-digital-marketing-agency-wordpress-theme\/\" \/>\n<meta property=\"og:locale\" content=\"es_ES\" \/>\n<meta property=\"og:type\" content=\"article\" \/>\n<meta property=\"og:title\" content=\"Digicove: Professional WordPress Theme for Agencies\" \/>\n<meta property=\"og:description\" content=\"Discover Digicove, a versatile WordPress theme for startups, agencies, and freelancers. Build stunning websites with Elementor, Revolution Slider, and more.\" \/>\n<meta property=\"og:url\" content=\"https:\/\/allwintheme.com\/es\/producto\/digicove-digital-marketing-agency-wordpress-theme\/\" \/>\n<meta property=\"og:site_name\" content=\"AllWin Theme \u2013 Free WordPress Themes Download\" \/>\n<meta property=\"article:modified_time\" content=\"2025-08-27T11:42:41+00:00\" \/>\n<meta property=\"og:image\" content=\"https:\/\/allwintheme.com\/wp-content\/uploads\/2025\/08\/phnm5cyd.png\" \/>\n\t<meta property=\"og:image:width\" content=\"590\" \/>\n\t<meta property=\"og:image:height\" content=\"300\" \/>\n\t<meta property=\"og:image:type\" content=\"image\/png\" \/>\n<meta name=\"twitter:card\" content=\"summary_large_image\" \/>\n<meta name=\"twitter:label1\" content=\"Tiempo estimado de lectura\" \/>\n\t<meta name=\"twitter:data1\" content=\"4 minutos\" \/>\n<script type=\"application\/ld+json\" class=\"yoast-schema-graph\">{\"@context\":\"https:\/\/schema.org\",\"@graph\":[{\"@type\":\"WebPage\",\"@id\":\"https:\/\/allwintheme.com\/product\/digicove-digital-marketing-agency-wordpress-theme\/\",\"url\":\"https:\/\/allwintheme.com\/product\/digicove-digital-marketing-agency-wordpress-theme\/\",\"name\":\"Digicove \u2013 Digital Marketing Agency WordPress Theme\",\"isPartOf\":{\"@id\":\"https:\/\/allwintheme.com\/#website\"},\"primaryImageOfPage\":{\"@id\":\"https:\/\/allwintheme.com\/product\/digicove-digital-marketing-agency-wordpress-theme\/#primaryimage\"},\"image\":{\"@id\":\"https:\/\/allwintheme.com\/product\/digicove-digital-marketing-agency-wordpress-theme\/#primaryimage\"},\"thumbnailUrl\":\"https:\/\/allwintheme.com\/wp-content\/uploads\/2025\/08\/phnm5cyd.png\",\"datePublished\":\"2025-08-27T11:29:10+00:00\",\"dateModified\":\"2025-08-27T11:42:41+00:00\",\"description\":\"Discover Digicove, a versatile WordPress theme for startups, agencies, and freelancers. Build stunning websites with Elementor, Revolution Slider, and more.\",\"breadcrumb\":{\"@id\":\"https:\/\/allwintheme.com\/product\/digicove-digital-marketing-agency-wordpress-theme\/#breadcrumb\"},\"inLanguage\":\"es-CL\",\"potentialAction\":[{\"@type\":\"ReadAction\",\"target\":[\"https:\/\/allwintheme.com\/product\/digicove-digital-marketing-agency-wordpress-theme\/\"]}]},{\"@type\":\"ImageObject\",\"inLanguage\":\"es-CL\",\"@id\":\"https:\/\/allwintheme.com\/product\/digicove-digital-marketing-agency-wordpress-theme\/#primaryimage\",\"url\":\"https:\/\/allwintheme.com\/wp-content\/uploads\/2025\/08\/phnm5cyd.png\",\"contentUrl\":\"https:\/\/allwintheme.com\/wp-content\/uploads\/2025\/08\/phnm5cyd.png\",\"width\":590,\"height\":300,\"caption\":\"Digicove \u2013 Digital Marketing Agency WordPress Theme\"},{\"@type\":\"BreadcrumbList\",\"@id\":\"https:\/\/allwintheme.com\/product\/digicove-digital-marketing-agency-wordpress-theme\/#breadcrumb\",\"itemListElement\":[{\"@type\":\"ListItem\",\"position\":1,\"name\":\"Home\",\"item\":\"https:\/\/allwintheme.com\/\"},{\"@type\":\"ListItem\",\"position\":2,\"name\":\"Shop\",\"item\":\"https:\/\/allwintheme.com\/shop\/\"},{\"@type\":\"ListItem\",\"position\":3,\"name\":\"Digicove: Professional WordPress Theme for Agencies\"}]},{\"@type\":\"WebSite\",\"@id\":\"https:\/\/allwintheme.com\/#website\",\"url\":\"https:\/\/allwintheme.com\/\",\"name\":\"Allwintheme\",\"description\":\"Download free WordPress themes for every niche. Blogs, business, eCommerce, portfolio, restaurant and more. All themes are GPL licensed and mobile-ready.\",\"potentialAction\":[{\"@type\":\"SearchAction\",\"target\":{\"@type\":\"EntryPoint\",\"urlTemplate\":\"https:\/\/allwintheme.com\/?s={search_term_string}\"},\"query-input\":{\"@type\":\"PropertyValueSpecification\",\"valueRequired\":true,\"valueName\":\"search_term_string\"}}],\"inLanguage\":\"es-CL\"}]}<\/script>\n<!-- \/ Yoast SEO Premium plugin. -->","yoast_head_json":{"title":"Digicove - Digital Marketing Agency WordPress Theme","description":"Descubre Digicove, un vers\u00e1til tema de WordPress para startups, agencias y aut\u00f3nomos. Crea sitios web impresionantes con Elementor, Revolution Slider y mucho m\u00e1s.","robots":{"index":"index","follow":"follow","max-snippet":"max-snippet:-1","max-image-preview":"max-image-preview:large","max-video-preview":"max-video-preview:-1"},"canonical":"https:\/\/allwintheme.com\/es\/producto\/digicove-digital-marketing-agency-wordpress-theme\/","og_locale":"es_ES","og_type":"article","og_title":"Digicove: Professional WordPress Theme for Agencies","og_description":"Discover Digicove, a versatile WordPress theme for startups, agencies, and freelancers. Build stunning websites with Elementor, Revolution Slider, and more.","og_url":"https:\/\/allwintheme.com\/es\/producto\/digicove-digital-marketing-agency-wordpress-theme\/","og_site_name":"AllWin Theme \u2013 Free WordPress Themes Download","article_modified_time":"2025-08-27T11:42:41+00:00","og_image":[{"width":590,"height":300,"url":"https:\/\/allwintheme.com\/wp-content\/uploads\/2025\/08\/phnm5cyd.png","type":"image\/png"}],"twitter_card":"summary_large_image","twitter_misc":{"Tiempo estimado de lectura":"4 minutos"},"schema":{"@context":"https:\/\/schema.org","@graph":[{"@type":"WebPage","@id":"https:\/\/allwintheme.com\/product\/digicove-digital-marketing-agency-wordpress-theme\/","url":"https:\/\/allwintheme.com\/product\/digicove-digital-marketing-agency-wordpress-theme\/","name":"Digicove - Digital Marketing Agency WordPress Theme","isPartOf":{"@id":"https:\/\/allwintheme.com\/#website"},"primaryImageOfPage":{"@id":"https:\/\/allwintheme.com\/product\/digicove-digital-marketing-agency-wordpress-theme\/#primaryimage"},"image":{"@id":"https:\/\/allwintheme.com\/product\/digicove-digital-marketing-agency-wordpress-theme\/#primaryimage"},"thumbnailUrl":"https:\/\/allwintheme.com\/wp-content\/uploads\/2025\/08\/phnm5cyd.png","datePublished":"2025-08-27T11:29:10+00:00","dateModified":"2025-08-27T11:42:41+00:00","description":"Descubre Digicove, un vers\u00e1til tema de WordPress para startups, agencias y aut\u00f3nomos. Crea sitios web impresionantes con Elementor, Revolution Slider y mucho m\u00e1s.","breadcrumb":{"@id":"https:\/\/allwintheme.com\/product\/digicove-digital-marketing-agency-wordpress-theme\/#breadcrumb"},"inLanguage":"es-CL","potentialAction":[{"@type":"ReadAction","target":["https:\/\/allwintheme.com\/product\/digicove-digital-marketing-agency-wordpress-theme\/"]}]},{"@type":"ImageObject","inLanguage":"es-CL","@id":"https:\/\/allwintheme.com\/product\/digicove-digital-marketing-agency-wordpress-theme\/#primaryimage","url":"https:\/\/allwintheme.com\/wp-content\/uploads\/2025\/08\/phnm5cyd.png","contentUrl":"https:\/\/allwintheme.com\/wp-content\/uploads\/2025\/08\/phnm5cyd.png","width":590,"height":300,"caption":"Digicove \u2013 Digital Marketing Agency WordPress Theme"},{"@type":"BreadcrumbList","@id":"https:\/\/allwintheme.com\/product\/digicove-digital-marketing-agency-wordpress-theme\/#breadcrumb","itemListElement":[{"@type":"ListItem","position":1,"name":"Home","item":"https:\/\/allwintheme.com\/"},{"@type":"ListItem","position":2,"name":"Shop","item":"https:\/\/allwintheme.com\/shop\/"},{"@type":"ListItem","position":3,"name":"Digicove: Professional WordPress Theme for Agencies"}]},{"@type":"WebSite","@id":"https:\/\/allwintheme.com\/#website","url":"https:\/\/allwintheme.com\/","name":"Allwintheme","description":"Descarga gratis temas de WordPress para todos los nichos. Blogs, negocios, comercio electr\u00f3nico, portafolio, restaurante y m\u00e1s. Todos los temas tienen licencia GPL y est\u00e1n preparados para dispositivos m\u00f3viles.","potentialAction":[{"@type":"SearchAction","target":{"@type":"EntryPoint","urlTemplate":"https:\/\/allwintheme.com\/?s={search_term_string}"},"query-input":{"@type":"PropertyValueSpecification","valueRequired":true,"valueName":"search_term_string"}}],"inLanguage":"es-CL"}]}},"_links":{"self":[{"href":"https:\/\/allwintheme.com\/es\/wp-json\/wp\/v2\/product\/4020","targetHints":{"allow":["GET"]}}],"collection":[{"href":"https:\/\/allwintheme.com\/es\/wp-json\/wp\/v2\/product"}],"about":[{"href":"https:\/\/allwintheme.com\/es\/wp-json\/wp\/v2\/types\/product"}],"replies":[{"embeddable":true,"href":"https:\/\/allwintheme.com\/es\/wp-json\/wp\/v2\/comments?post=4020"}],"version-history":[{"count":0,"href":"https:\/\/allwintheme.com\/es\/wp-json\/wp\/v2\/product\/4020\/revisions"}],"wp:featuredmedia":[{"embeddable":true,"href":"https:\/\/allwintheme.com\/es\/wp-json\/wp\/v2\/media\/4021"}],"wp:attachment":[{"href":"https:\/\/allwintheme.com\/es\/wp-json\/wp\/v2\/media?parent=4020"}],"wp:term":[{"taxonomy":"product_brand","embeddable":true,"href":"https:\/\/allwintheme.com\/es\/wp-json\/wp\/v2\/product_brand?post=4020"},{"taxonomy":"product_cat","embeddable":true,"href":"https:\/\/allwintheme.com\/es\/wp-json\/wp\/v2\/product_cat?post=4020"},{"taxonomy":"product_tag","embeddable":true,"href":"https:\/\/allwintheme.com\/es\/wp-json\/wp\/v2\/product_tag?post=4020"}],"curies":[{"name":"wp","href":"https:\/\/api.w.org\/{rel}","templated":true}]}}