{"id":4048,"date":"2025-08-27T12:08:44","date_gmt":"2025-08-27T12:08:44","guid":{"rendered":"https:\/\/allwintheme.com\/?post_type=product&#038;p=4048"},"modified":"2025-08-27T12:47:56","modified_gmt":"2025-08-27T12:47:56","slug":"the7-ultimate-wordpress-theme-for-wpbakery","status":"publish","type":"product","link":"https:\/\/allwintheme.com\/es\/producto\/the7-ultimate-wordpress-theme-for-wpbakery\/","title":{"rendered":"The7: Lo \u00faltimo en temas de WordPress para WPBakery"},"content":{"rendered":"<div data-elementor-type=\"wp-post\" data-elementor-id=\"4048\" class=\"elementor elementor-4048\" data-elementor-settings=\"{&quot;element_pack_global_tooltip_width&quot;:{&quot;unit&quot;:&quot;px&quot;,&quot;size&quot;:&quot;&quot;,&quot;sizes&quot;:[]},&quot;element_pack_global_tooltip_width_tablet&quot;:{&quot;unit&quot;:&quot;px&quot;,&quot;size&quot;:&quot;&quot;,&quot;sizes&quot;:[]},&quot;element_pack_global_tooltip_width_mobile&quot;:{&quot;unit&quot;:&quot;px&quot;,&quot;size&quot;:&quot;&quot;,&quot;sizes&quot;:[]},&quot;element_pack_global_tooltip_padding&quot;:{&quot;unit&quot;:&quot;px&quot;,&quot;top&quot;:&quot;&quot;,&quot;right&quot;:&quot;&quot;,&quot;bottom&quot;:&quot;&quot;,&quot;left&quot;:&quot;&quot;,&quot;isLinked&quot;:true},&quot;element_pack_global_tooltip_padding_tablet&quot;:{&quot;unit&quot;:&quot;px&quot;,&quot;top&quot;:&quot;&quot;,&quot;right&quot;:&quot;&quot;,&quot;bottom&quot;:&quot;&quot;,&quot;left&quot;:&quot;&quot;,&quot;isLinked&quot;:true},&quot;element_pack_global_tooltip_padding_mobile&quot;:{&quot;unit&quot;:&quot;px&quot;,&quot;top&quot;:&quot;&quot;,&quot;right&quot;:&quot;&quot;,&quot;bottom&quot;:&quot;&quot;,&quot;left&quot;:&quot;&quot;,&quot;isLinked&quot;:true},&quot;element_pack_global_tooltip_border_radius&quot;:{&quot;unit&quot;:&quot;px&quot;,&quot;top&quot;:&quot;&quot;,&quot;right&quot;:&quot;&quot;,&quot;bottom&quot;:&quot;&quot;,&quot;left&quot;:&quot;&quot;,&quot;isLinked&quot;:true},&quot;element_pack_global_tooltip_border_radius_tablet&quot;:{&quot;unit&quot;:&quot;px&quot;,&quot;top&quot;:&quot;&quot;,&quot;right&quot;:&quot;&quot;,&quot;bottom&quot;:&quot;&quot;,&quot;left&quot;:&quot;&quot;,&quot;isLinked&quot;:true},&quot;element_pack_global_tooltip_border_radius_mobile&quot;:{&quot;unit&quot;:&quot;px&quot;,&quot;top&quot;:&quot;&quot;,&quot;right&quot;:&quot;&quot;,&quot;bottom&quot;:&quot;&quot;,&quot;left&quot;:&quot;&quot;,&quot;isLinked&quot;:true}}\" data-elementor-post-type=\"product\">\n\t\t\t\t<div class=\"elementor-element elementor-element-93aa4a8 e-flex e-con-boxed e-con e-parent\" data-id=\"93aa4a8\" data-element_type=\"container\" data-e-type=\"container\">\n\t\t\t\t\t<div class=\"e-con-inner\">\n\t\t\t\t<div class=\"elementor-element elementor-element-2c3f760 miaoshu elementor-widget elementor-widget-wd_text_block\" data-id=\"2c3f760\" data-element_type=\"widget\" data-e-type=\"widget\" data-widget_type=\"wd_text_block.default\">\n\t\t\t\t<div class=\"elementor-widget-container\">\n\t\t\t\t\t\t\t<div class=\"wd-text-block reset-last-child text-left\">\n\t\t\t\n\t\t\t<h2>The7: El tema de WordPress definitivo para WPBakery<\/h2>\n<p>The7 es un tema de WordPress muy vers\u00e1til y personalizable dise\u00f1ado para funcionar a la perfecci\u00f3n con WPBakery Page Builder (anteriormente Visual Composer) y Ultimate Addons. Reconocido por su perfecta integraci\u00f3n, The7 permite a los usuarios crear impresionantes sitios web de calidad profesional con facilidad, por lo que es una opci\u00f3n superior entre los desarrolladores y dise\u00f1adores por igual.<\/p>\n\n<h3>\u00bfPor qu\u00e9 elegir The7?<\/h3>\n<p>Con The7, obtendr\u00e1 una flexibilidad sin precedentes para crear pr\u00e1cticamente cualquier dise\u00f1o de sitio web, desde elegantes carteras hasta s\u00f3lidas plataformas de comercio electr\u00f3nico. Su profunda integraci\u00f3n con WPBakery Page Builder y Ultimate Addons asegura una experiencia de construcci\u00f3n suave e intuitiva, mejorada por una amplia gama de c\u00f3digos cortos, ajustes y caracter\u00edsticas exclusivas. Los clientes elogian constantemente The7 como el mejor tema para estos plugins, gracias a su compatibilidad actualizada y su s\u00f3lido rendimiento.<\/p>\n\n<h3>Caracter\u00edsticas principales<\/h3>\n<ul>\n  <li><strong>Integraci\u00f3n perfecta:<\/strong> Totalmente compatible con WPBakery Page Builder y Ultimate Addons para personalizar el dise\u00f1o sin esfuerzo.<\/li>\n  <li><strong>Opciones de dise\u00f1o vers\u00e1tiles:<\/strong> M\u00e1s de 1000 opciones de tema y m\u00e1s de 250 configuraciones de p\u00e1gina para crear dise\u00f1os \u00fanicos.<\/li>\n  <li><strong>Sitios web preconstruidos:<\/strong> Elija entre m\u00e1s de 40 sitios de demostraci\u00f3n dise\u00f1ados por profesionales, que se pueden importar con un solo clic.<\/li>\n  <li><strong>Complementos exclusivos:<\/strong> Incluye el plugin The7 Elements, que a\u00f1ade tipos de entrada personalizados, plantillas y shortcodes para carteras, \u00e1lbumes y mucho m\u00e1s.<\/li>\n  <li><strong>Compatible con dispositivos m\u00f3viles y SEO:<\/strong> Optimizado para todos los dispositivos y dise\u00f1ado para mejorar el posicionamiento de su sitio en los motores de b\u00fasqueda.<\/li>\n<\/ul>\n\n<h3>Por qu\u00e9 destaca<\/h3>\n<p>The7 va m\u00e1s all\u00e1 de los temas est\u00e1ndar al ofrecer un completo conjunto de herramientas para la creaci\u00f3n de sitios web. Tanto si es un principiante como un desarrollador experimentado, su sencillo Asistente de dise\u00f1o y las opciones avanzadas del tema facilitan la creaci\u00f3n de dise\u00f1os de calidad de boutique en cuesti\u00f3n de minutos. Adem\u00e1s, con actualizaciones de por vida y un servicio de asistencia de primera categor\u00eda, The7 garantiza que su sitio siga siendo moderno y funcional.<\/p>\n\n<p>\u00bfListo para construir el sitio web de tus sue\u00f1os? The7 combina potencia, flexibilidad y facilidad de uso, por lo que es la elecci\u00f3n perfecta para los entusiastas de WPBakery Page Builder.<\/p>\n\t\t\t\t\t<\/div>\n\t\t\t\t\t\t<\/div>\n\t\t\t\t<\/div>\n\t\t\t\t\t<\/div>\n\t\t\t\t<\/div>\n\t\t\t\t<\/div>","protected":false},"excerpt":{"rendered":"<p>The7: El tema de WordPress definitivo para WPBakery The7 es un tema de WordPress muy vers\u00e1til y personalizable dise\u00f1ado para funcionar a la perfecci\u00f3n<\/p>","protected":false},"featured_media":4066,"comment_status":"open","ping_status":"closed","template":"","meta":{"_acf_changed":false},"product_brand":[],"product_cat":[48],"product_tag":[],"class_list":{"0":"post-4048","1":"product","2":"type-product","3":"status-publish","4":"has-post-thumbnail","6":"product_cat-themes","8":"first","9":"instock","10":"sale","11":"downloadable","12":"shipping-taxable","13":"purchasable","14":"product-type-simple"},"acf":[],"yoast_head":"<!-- This site is optimized with the Yoast SEO Premium plugin v25.6 (Yoast SEO v27.1.1) - https:\/\/yoast.com\/product\/yoast-seo-premium-wordpress\/ -->\n<title>The7: Ultimate WordPress Theme for WPBakery<\/title>\n<meta name=\"description\" content=\"Discover The7, the most customizable WordPress theme with seamless WPBakery Page Builder &amp; Ultimate Addons integration. Build stunning sites effortlessly!\" \/>\n<meta name=\"robots\" content=\"index, follow, max-snippet:-1, max-image-preview:large, max-video-preview:-1\" \/>\n<link rel=\"canonical\" href=\"https:\/\/allwintheme.com\/es\/producto\/the7-ultimate-wordpress-theme-for-wpbakery\/\" \/>\n<meta property=\"og:locale\" content=\"es_ES\" \/>\n<meta property=\"og:type\" content=\"article\" \/>\n<meta property=\"og:title\" content=\"The7: Ultimate WordPress Theme for WPBakery\" \/>\n<meta property=\"og:description\" content=\"Discover The7, the most customizable WordPress theme with seamless WPBakery Page Builder &amp; Ultimate Addons integration. Build stunning sites effortlessly!\" \/>\n<meta property=\"og:url\" content=\"https:\/\/allwintheme.com\/es\/producto\/the7-ultimate-wordpress-theme-for-wpbakery\/\" \/>\n<meta property=\"og:site_name\" content=\"AllWin Theme \u2013 Free WordPress Themes Download\" \/>\n<meta property=\"article:modified_time\" content=\"2025-08-27T12:47:56+00:00\" \/>\n<meta property=\"og:image\" content=\"https:\/\/allwintheme.com\/wp-content\/uploads\/2025\/08\/ioi5rhls.png\" \/>\n\t<meta property=\"og:image:width\" content=\"1500\" \/>\n\t<meta property=\"og:image:height\" content=\"703\" \/>\n\t<meta property=\"og:image:type\" content=\"image\/png\" \/>\n<meta name=\"twitter:card\" content=\"summary_large_image\" \/>\n<meta name=\"twitter:label1\" content=\"Tiempo estimado de lectura\" \/>\n\t<meta name=\"twitter:data1\" content=\"2 minutos\" \/>\n<script type=\"application\/ld+json\" class=\"yoast-schema-graph\">{\"@context\":\"https:\/\/schema.org\",\"@graph\":[{\"@type\":\"WebPage\",\"@id\":\"https:\/\/allwintheme.com\/product\/the7-ultimate-wordpress-theme-for-wpbakery\/\",\"url\":\"https:\/\/allwintheme.com\/product\/the7-ultimate-wordpress-theme-for-wpbakery\/\",\"name\":\"The7: Ultimate WordPress Theme for WPBakery\",\"isPartOf\":{\"@id\":\"https:\/\/allwintheme.com\/#website\"},\"primaryImageOfPage\":{\"@id\":\"https:\/\/allwintheme.com\/product\/the7-ultimate-wordpress-theme-for-wpbakery\/#primaryimage\"},\"image\":{\"@id\":\"https:\/\/allwintheme.com\/product\/the7-ultimate-wordpress-theme-for-wpbakery\/#primaryimage\"},\"thumbnailUrl\":\"https:\/\/allwintheme.com\/wp-content\/uploads\/2025\/08\/ioi5rhls.png\",\"datePublished\":\"2025-08-27T12:08:44+00:00\",\"dateModified\":\"2025-08-27T12:47:56+00:00\",\"description\":\"Discover The7, the most customizable WordPress theme with seamless WPBakery Page Builder & Ultimate Addons integration. Build stunning sites effortlessly!\",\"breadcrumb\":{\"@id\":\"https:\/\/allwintheme.com\/product\/the7-ultimate-wordpress-theme-for-wpbakery\/#breadcrumb\"},\"inLanguage\":\"es-CL\",\"potentialAction\":[{\"@type\":\"ReadAction\",\"target\":[\"https:\/\/allwintheme.com\/product\/the7-ultimate-wordpress-theme-for-wpbakery\/\"]}]},{\"@type\":\"ImageObject\",\"inLanguage\":\"es-CL\",\"@id\":\"https:\/\/allwintheme.com\/product\/the7-ultimate-wordpress-theme-for-wpbakery\/#primaryimage\",\"url\":\"https:\/\/allwintheme.com\/wp-content\/uploads\/2025\/08\/ioi5rhls.png\",\"contentUrl\":\"https:\/\/allwintheme.com\/wp-content\/uploads\/2025\/08\/ioi5rhls.png\",\"width\":1500,\"height\":703,\"caption\":\"The7: Ultimate WordPress Theme for WPBakery\"},{\"@type\":\"BreadcrumbList\",\"@id\":\"https:\/\/allwintheme.com\/product\/the7-ultimate-wordpress-theme-for-wpbakery\/#breadcrumb\",\"itemListElement\":[{\"@type\":\"ListItem\",\"position\":1,\"name\":\"Home\",\"item\":\"https:\/\/allwintheme.com\/\"},{\"@type\":\"ListItem\",\"position\":2,\"name\":\"Shop\",\"item\":\"https:\/\/allwintheme.com\/shop\/\"},{\"@type\":\"ListItem\",\"position\":3,\"name\":\"The7: Ultimate WordPress Theme for WPBakery\"}]},{\"@type\":\"WebSite\",\"@id\":\"https:\/\/allwintheme.com\/#website\",\"url\":\"https:\/\/allwintheme.com\/\",\"name\":\"Allwintheme\",\"description\":\"Download free WordPress themes for every niche. Blogs, business, eCommerce, portfolio, restaurant and more. All themes are GPL licensed and mobile-ready.\",\"potentialAction\":[{\"@type\":\"SearchAction\",\"target\":{\"@type\":\"EntryPoint\",\"urlTemplate\":\"https:\/\/allwintheme.com\/?s={search_term_string}\"},\"query-input\":{\"@type\":\"PropertyValueSpecification\",\"valueRequired\":true,\"valueName\":\"search_term_string\"}}],\"inLanguage\":\"es-CL\"}]}<\/script>\n<!-- \/ Yoast SEO Premium plugin. -->","yoast_head_json":{"title":"The7: Lo \u00faltimo en temas de WordPress para WPBakery","description":"Descubra The7, el tema de WordPress m\u00e1s personalizable con integraci\u00f3n perfecta de WPBakery Page Builder y Ultimate Addons. \u00a1Construye sitios impresionantes sin esfuerzo!","robots":{"index":"index","follow":"follow","max-snippet":"max-snippet:-1","max-image-preview":"max-image-preview:large","max-video-preview":"max-video-preview:-1"},"canonical":"https:\/\/allwintheme.com\/es\/producto\/the7-ultimate-wordpress-theme-for-wpbakery\/","og_locale":"es_ES","og_type":"article","og_title":"The7: Ultimate WordPress Theme for WPBakery","og_description":"Discover The7, the most customizable WordPress theme with seamless WPBakery Page Builder & Ultimate Addons integration. Build stunning sites effortlessly!","og_url":"https:\/\/allwintheme.com\/es\/producto\/the7-ultimate-wordpress-theme-for-wpbakery\/","og_site_name":"AllWin Theme \u2013 Free WordPress Themes Download","article_modified_time":"2025-08-27T12:47:56+00:00","og_image":[{"width":1500,"height":703,"url":"https:\/\/allwintheme.com\/wp-content\/uploads\/2025\/08\/ioi5rhls.png","type":"image\/png"}],"twitter_card":"summary_large_image","twitter_misc":{"Tiempo estimado de lectura":"2 minutos"},"schema":{"@context":"https:\/\/schema.org","@graph":[{"@type":"WebPage","@id":"https:\/\/allwintheme.com\/product\/the7-ultimate-wordpress-theme-for-wpbakery\/","url":"https:\/\/allwintheme.com\/product\/the7-ultimate-wordpress-theme-for-wpbakery\/","name":"The7: Lo \u00faltimo en temas de WordPress para WPBakery","isPartOf":{"@id":"https:\/\/allwintheme.com\/#website"},"primaryImageOfPage":{"@id":"https:\/\/allwintheme.com\/product\/the7-ultimate-wordpress-theme-for-wpbakery\/#primaryimage"},"image":{"@id":"https:\/\/allwintheme.com\/product\/the7-ultimate-wordpress-theme-for-wpbakery\/#primaryimage"},"thumbnailUrl":"https:\/\/allwintheme.com\/wp-content\/uploads\/2025\/08\/ioi5rhls.png","datePublished":"2025-08-27T12:08:44+00:00","dateModified":"2025-08-27T12:47:56+00:00","description":"Descubra The7, el tema de WordPress m\u00e1s personalizable con integraci\u00f3n perfecta de WPBakery Page Builder y Ultimate Addons. \u00a1Construye sitios impresionantes sin esfuerzo!","breadcrumb":{"@id":"https:\/\/allwintheme.com\/product\/the7-ultimate-wordpress-theme-for-wpbakery\/#breadcrumb"},"inLanguage":"es-CL","potentialAction":[{"@type":"ReadAction","target":["https:\/\/allwintheme.com\/product\/the7-ultimate-wordpress-theme-for-wpbakery\/"]}]},{"@type":"ImageObject","inLanguage":"es-CL","@id":"https:\/\/allwintheme.com\/product\/the7-ultimate-wordpress-theme-for-wpbakery\/#primaryimage","url":"https:\/\/allwintheme.com\/wp-content\/uploads\/2025\/08\/ioi5rhls.png","contentUrl":"https:\/\/allwintheme.com\/wp-content\/uploads\/2025\/08\/ioi5rhls.png","width":1500,"height":703,"caption":"The7: Ultimate WordPress Theme for WPBakery"},{"@type":"BreadcrumbList","@id":"https:\/\/allwintheme.com\/product\/the7-ultimate-wordpress-theme-for-wpbakery\/#breadcrumb","itemListElement":[{"@type":"ListItem","position":1,"name":"Home","item":"https:\/\/allwintheme.com\/"},{"@type":"ListItem","position":2,"name":"Shop","item":"https:\/\/allwintheme.com\/shop\/"},{"@type":"ListItem","position":3,"name":"The7: Ultimate WordPress Theme for WPBakery"}]},{"@type":"WebSite","@id":"https:\/\/allwintheme.com\/#website","url":"https:\/\/allwintheme.com\/","name":"Allwintheme","description":"Descarga gratis temas de WordPress para todos los nichos. Blogs, negocios, comercio electr\u00f3nico, portafolio, restaurante y m\u00e1s. Todos los temas tienen licencia GPL y est\u00e1n preparados para dispositivos m\u00f3viles.","potentialAction":[{"@type":"SearchAction","target":{"@type":"EntryPoint","urlTemplate":"https:\/\/allwintheme.com\/?s={search_term_string}"},"query-input":{"@type":"PropertyValueSpecification","valueRequired":true,"valueName":"search_term_string"}}],"inLanguage":"es-CL"}]}},"_links":{"self":[{"href":"https:\/\/allwintheme.com\/es\/wp-json\/wp\/v2\/product\/4048","targetHints":{"allow":["GET"]}}],"collection":[{"href":"https:\/\/allwintheme.com\/es\/wp-json\/wp\/v2\/product"}],"about":[{"href":"https:\/\/allwintheme.com\/es\/wp-json\/wp\/v2\/types\/product"}],"replies":[{"embeddable":true,"href":"https:\/\/allwintheme.com\/es\/wp-json\/wp\/v2\/comments?post=4048"}],"version-history":[{"count":0,"href":"https:\/\/allwintheme.com\/es\/wp-json\/wp\/v2\/product\/4048\/revisions"}],"wp:featuredmedia":[{"embeddable":true,"href":"https:\/\/allwintheme.com\/es\/wp-json\/wp\/v2\/media\/4066"}],"wp:attachment":[{"href":"https:\/\/allwintheme.com\/es\/wp-json\/wp\/v2\/media?parent=4048"}],"wp:term":[{"taxonomy":"product_brand","embeddable":true,"href":"https:\/\/allwintheme.com\/es\/wp-json\/wp\/v2\/product_brand?post=4048"},{"taxonomy":"product_cat","embeddable":true,"href":"https:\/\/allwintheme.com\/es\/wp-json\/wp\/v2\/product_cat?post=4048"},{"taxonomy":"product_tag","embeddable":true,"href":"https:\/\/allwintheme.com\/es\/wp-json\/wp\/v2\/product_tag?post=4048"}],"curies":[{"name":"wp","href":"https:\/\/api.w.org\/{rel}","templated":true}]}}