{"id":4050,"date":"2025-08-27T12:08:44","date_gmt":"2025-08-27T12:08:44","guid":{"rendered":"https:\/\/allwintheme.com\/?post_type=product&#038;p=4050"},"modified":"2025-08-27T12:21:38","modified_gmt":"2025-08-27T12:21:38","slug":"deepdigital-agencia-de-diseno-web-tema-wordpress","status":"publish","type":"product","link":"https:\/\/allwintheme.com\/es\/producto\/deepdigital-agencia-de-diseno-web-tema-wordpress\/","title":{"rendered":"DeepDigital Moderno tema de WordPress para negocios en l\u00ednea"},"content":{"rendered":"<div data-elementor-type=\"wp-post\" data-elementor-id=\"4050\" class=\"elementor elementor-4050\" data-elementor-settings=\"{&quot;element_pack_global_tooltip_width&quot;:{&quot;unit&quot;:&quot;px&quot;,&quot;size&quot;:&quot;&quot;,&quot;sizes&quot;:[]},&quot;element_pack_global_tooltip_width_tablet&quot;:{&quot;unit&quot;:&quot;px&quot;,&quot;size&quot;:&quot;&quot;,&quot;sizes&quot;:[]},&quot;element_pack_global_tooltip_width_mobile&quot;:{&quot;unit&quot;:&quot;px&quot;,&quot;size&quot;:&quot;&quot;,&quot;sizes&quot;:[]},&quot;element_pack_global_tooltip_padding&quot;:{&quot;unit&quot;:&quot;px&quot;,&quot;top&quot;:&quot;&quot;,&quot;right&quot;:&quot;&quot;,&quot;bottom&quot;:&quot;&quot;,&quot;left&quot;:&quot;&quot;,&quot;isLinked&quot;:true},&quot;element_pack_global_tooltip_padding_tablet&quot;:{&quot;unit&quot;:&quot;px&quot;,&quot;top&quot;:&quot;&quot;,&quot;right&quot;:&quot;&quot;,&quot;bottom&quot;:&quot;&quot;,&quot;left&quot;:&quot;&quot;,&quot;isLinked&quot;:true},&quot;element_pack_global_tooltip_padding_mobile&quot;:{&quot;unit&quot;:&quot;px&quot;,&quot;top&quot;:&quot;&quot;,&quot;right&quot;:&quot;&quot;,&quot;bottom&quot;:&quot;&quot;,&quot;left&quot;:&quot;&quot;,&quot;isLinked&quot;:true},&quot;element_pack_global_tooltip_border_radius&quot;:{&quot;unit&quot;:&quot;px&quot;,&quot;top&quot;:&quot;&quot;,&quot;right&quot;:&quot;&quot;,&quot;bottom&quot;:&quot;&quot;,&quot;left&quot;:&quot;&quot;,&quot;isLinked&quot;:true},&quot;element_pack_global_tooltip_border_radius_tablet&quot;:{&quot;unit&quot;:&quot;px&quot;,&quot;top&quot;:&quot;&quot;,&quot;right&quot;:&quot;&quot;,&quot;bottom&quot;:&quot;&quot;,&quot;left&quot;:&quot;&quot;,&quot;isLinked&quot;:true},&quot;element_pack_global_tooltip_border_radius_mobile&quot;:{&quot;unit&quot;:&quot;px&quot;,&quot;top&quot;:&quot;&quot;,&quot;right&quot;:&quot;&quot;,&quot;bottom&quot;:&quot;&quot;,&quot;left&quot;:&quot;&quot;,&quot;isLinked&quot;:true}}\" data-elementor-post-type=\"product\">\n\t\t\t\t<div class=\"elementor-element elementor-element-93aa4a8 e-flex e-con-boxed e-con e-parent\" data-id=\"93aa4a8\" data-element_type=\"container\" data-e-type=\"container\">\n\t\t\t\t\t<div class=\"e-con-inner\">\n\t\t\t\t<div class=\"elementor-element elementor-element-2c3f760 miaoshu elementor-widget elementor-widget-wd_text_block\" data-id=\"2c3f760\" data-element_type=\"widget\" data-e-type=\"widget\" data-widget_type=\"wd_text_block.default\">\n\t\t\t\t<div class=\"elementor-widget-container\">\n\t\t\t\t\t\t\t<div class=\"wd-text-block reset-last-child text-left\">\n\t\t\t\n\t\t\t<h2>DeepDigital: Potencie su negocio en l\u00ednea<\/h2>\n<p>DeepDigital es un vanguardista tema de WordPress dise\u00f1ado espec\u00edficamente para empresas del sector digital. Tanto si se especializa en <strong>dise\u00f1o web<\/strong>, <strong>marketing y marca<\/strong>, <strong>desarrollo web<\/strong>, <strong>desarrollo de aplicaciones<\/strong>, o <strong>Marketing SEO<\/strong>, Este tema est\u00e1 dise\u00f1ado para mostrar sus servicios con estilo y funcionalidad.<\/p>\n\n<h3>\u00bfPor qu\u00e9 elegir DeepDigital?<\/h3>\n<ul>\n    <li><strong>Dise\u00f1o vers\u00e1til:<\/strong> Adaptada a una amplia gama de soluciones empresariales en l\u00ednea, desde agencias creativas hasta nuevas empresas tecnol\u00f3gicas.<\/li>\n    <li><strong>Est\u00e9tica moderna:<\/strong> Dise\u00f1os limpios y profesionales que hacen que su marca destaque en un panorama digital competitivo.<\/li>\n    <li><strong>Optimizado para SEO:<\/strong> Dise\u00f1ado teniendo en cuenta la optimizaci\u00f3n de los motores de b\u00fasqueda para ayudar a su empresa a posicionarse mejor y atraer a m\u00e1s clientes.<\/li>\n    <li><strong>Totalmente personalizable:<\/strong> Adapte f\u00e1cilmente el tema a la identidad \u00fanica de su marca con opciones de personalizaci\u00f3n intuitivas.<\/li>\n<\/ul>\n\n<h3>Perfecto para su negocio<\/h3>\n<p>DeepDigital es m\u00e1s que un tema: es una potente herramienta para mejorar tu presencia en Internet. DeepDigital te ofrece la flexibilidad y las funciones que necesitas para triunfar, ya est\u00e9s creando sitios web impresionantes para tus clientes, creando aplicaciones innovadoras o generando resultados a trav\u00e9s del marketing estrat\u00e9gico.<\/p>\n\n<p>\u00a1Lanza tu negocio a nuevas alturas con DeepDigital hoy mismo!<\/p>\n\t\t\t\t\t<\/div>\n\t\t\t\t\t\t<\/div>\n\t\t\t\t<\/div>\n\t\t\t\t\t<\/div>\n\t\t\t\t<\/div>\n\t\t\t\t<\/div>","protected":false},"excerpt":{"rendered":"<p>DeepDigital: Empower Your Online Business DeepDigital is a cutting-edge WordPress theme crafted specifically for businesses in the digital space. Whether<\/p>","protected":false},"featured_media":4051,"comment_status":"open","ping_status":"closed","template":"","meta":{"_acf_changed":false},"product_brand":[],"product_cat":[48],"product_tag":[],"class_list":{"0":"post-4050","1":"product","2":"type-product","3":"status-publish","4":"has-post-thumbnail","6":"product_cat-themes","8":"first","9":"instock","10":"sale","11":"downloadable","12":"shipping-taxable","13":"purchasable","14":"product-type-simple"},"acf":[],"yoast_head":"<!-- This site is optimized with the Yoast SEO Premium plugin v25.6 (Yoast SEO v27.1.1) - https:\/\/yoast.com\/product\/yoast-seo-premium-wordpress\/ -->\n<title>DeepDigital \u2013 Web Design Agency WordPress Theme<\/title>\n<meta name=\"description\" content=\"Discover DeepDigital, a sleek WordPress theme for web design, marketing, branding, app development, and SEO businesses. Elevate your online presence!\" \/>\n<meta name=\"robots\" content=\"index, follow, max-snippet:-1, max-image-preview:large, max-video-preview:-1\" \/>\n<link rel=\"canonical\" href=\"https:\/\/allwintheme.com\/es\/producto\/deepdigital-agencia-de-diseno-web-tema-wordpress\/\" \/>\n<meta property=\"og:locale\" content=\"es_ES\" \/>\n<meta property=\"og:type\" content=\"article\" \/>\n<meta property=\"og:title\" content=\"DeepDigital Modern WordPress Theme for Online Businesses\" \/>\n<meta property=\"og:description\" content=\"Discover DeepDigital, a sleek WordPress theme for web design, marketing, branding, app development, and SEO businesses. Elevate your online presence!\" \/>\n<meta property=\"og:url\" content=\"https:\/\/allwintheme.com\/es\/producto\/deepdigital-agencia-de-diseno-web-tema-wordpress\/\" \/>\n<meta property=\"og:site_name\" content=\"AllWin Theme \u2013 Free WordPress Themes Download\" \/>\n<meta property=\"article:modified_time\" content=\"2025-08-27T12:21:38+00:00\" \/>\n<meta property=\"og:image\" content=\"https:\/\/allwintheme.com\/wp-content\/uploads\/2025\/08\/oiz6uytv.png\" \/>\n\t<meta property=\"og:image:width\" content=\"723\" \/>\n\t<meta property=\"og:image:height\" content=\"382\" \/>\n\t<meta property=\"og:image:type\" content=\"image\/png\" \/>\n<meta name=\"twitter:card\" content=\"summary_large_image\" \/>\n<meta name=\"twitter:label1\" content=\"Tiempo estimado de lectura\" \/>\n\t<meta name=\"twitter:data1\" content=\"2 minutos\" \/>\n<script type=\"application\/ld+json\" class=\"yoast-schema-graph\">{\"@context\":\"https:\/\/schema.org\",\"@graph\":[{\"@type\":\"WebPage\",\"@id\":\"https:\/\/allwintheme.com\/product\/deepdigital-web-design-agency-wordpress-theme\/\",\"url\":\"https:\/\/allwintheme.com\/product\/deepdigital-web-design-agency-wordpress-theme\/\",\"name\":\"DeepDigital \u2013 Web Design Agency WordPress Theme\",\"isPartOf\":{\"@id\":\"https:\/\/allwintheme.com\/#website\"},\"primaryImageOfPage\":{\"@id\":\"https:\/\/allwintheme.com\/product\/deepdigital-web-design-agency-wordpress-theme\/#primaryimage\"},\"image\":{\"@id\":\"https:\/\/allwintheme.com\/product\/deepdigital-web-design-agency-wordpress-theme\/#primaryimage\"},\"thumbnailUrl\":\"https:\/\/allwintheme.com\/wp-content\/uploads\/2025\/08\/oiz6uytv.png\",\"datePublished\":\"2025-08-27T12:08:44+00:00\",\"dateModified\":\"2025-08-27T12:21:38+00:00\",\"description\":\"Discover DeepDigital, a sleek WordPress theme for web design, marketing, branding, app development, and SEO businesses. Elevate your online presence!\",\"breadcrumb\":{\"@id\":\"https:\/\/allwintheme.com\/product\/deepdigital-web-design-agency-wordpress-theme\/#breadcrumb\"},\"inLanguage\":\"es-CL\",\"potentialAction\":[{\"@type\":\"ReadAction\",\"target\":[\"https:\/\/allwintheme.com\/product\/deepdigital-web-design-agency-wordpress-theme\/\"]}]},{\"@type\":\"ImageObject\",\"inLanguage\":\"es-CL\",\"@id\":\"https:\/\/allwintheme.com\/product\/deepdigital-web-design-agency-wordpress-theme\/#primaryimage\",\"url\":\"https:\/\/allwintheme.com\/wp-content\/uploads\/2025\/08\/oiz6uytv.png\",\"contentUrl\":\"https:\/\/allwintheme.com\/wp-content\/uploads\/2025\/08\/oiz6uytv.png\",\"width\":723,\"height\":382,\"caption\":\"DeepDigital \u2013 Web Design Agency WordPress Theme\"},{\"@type\":\"BreadcrumbList\",\"@id\":\"https:\/\/allwintheme.com\/product\/deepdigital-web-design-agency-wordpress-theme\/#breadcrumb\",\"itemListElement\":[{\"@type\":\"ListItem\",\"position\":1,\"name\":\"Home\",\"item\":\"https:\/\/allwintheme.com\/\"},{\"@type\":\"ListItem\",\"position\":2,\"name\":\"Shop\",\"item\":\"https:\/\/allwintheme.com\/shop\/\"},{\"@type\":\"ListItem\",\"position\":3,\"name\":\"DeepDigital Modern WordPress Theme for Online Businesses\"}]},{\"@type\":\"WebSite\",\"@id\":\"https:\/\/allwintheme.com\/#website\",\"url\":\"https:\/\/allwintheme.com\/\",\"name\":\"Allwintheme\",\"description\":\"Download free WordPress themes for every niche. Blogs, business, eCommerce, portfolio, restaurant and more. All themes are GPL licensed and mobile-ready.\",\"potentialAction\":[{\"@type\":\"SearchAction\",\"target\":{\"@type\":\"EntryPoint\",\"urlTemplate\":\"https:\/\/allwintheme.com\/?s={search_term_string}\"},\"query-input\":{\"@type\":\"PropertyValueSpecification\",\"valueRequired\":true,\"valueName\":\"search_term_string\"}}],\"inLanguage\":\"es-CL\"}]}<\/script>\n<!-- \/ Yoast SEO Premium plugin. -->","yoast_head_json":{"title":"DeepDigital - Agencia de dise\u00f1o web Tema de WordPress","description":"Descubre DeepDigital, un elegante tema de WordPress para empresas de dise\u00f1o web, marketing, branding, desarrollo de aplicaciones y SEO. \u00a1Mejora tu presencia online!","robots":{"index":"index","follow":"follow","max-snippet":"max-snippet:-1","max-image-preview":"max-image-preview:large","max-video-preview":"max-video-preview:-1"},"canonical":"https:\/\/allwintheme.com\/es\/producto\/deepdigital-agencia-de-diseno-web-tema-wordpress\/","og_locale":"es_ES","og_type":"article","og_title":"DeepDigital Modern WordPress Theme for Online Businesses","og_description":"Discover DeepDigital, a sleek WordPress theme for web design, marketing, branding, app development, and SEO businesses. Elevate your online presence!","og_url":"https:\/\/allwintheme.com\/es\/producto\/deepdigital-agencia-de-diseno-web-tema-wordpress\/","og_site_name":"AllWin Theme \u2013 Free WordPress Themes Download","article_modified_time":"2025-08-27T12:21:38+00:00","og_image":[{"width":723,"height":382,"url":"https:\/\/allwintheme.com\/wp-content\/uploads\/2025\/08\/oiz6uytv.png","type":"image\/png"}],"twitter_card":"summary_large_image","twitter_misc":{"Tiempo estimado de lectura":"2 minutos"},"schema":{"@context":"https:\/\/schema.org","@graph":[{"@type":"WebPage","@id":"https:\/\/allwintheme.com\/product\/deepdigital-web-design-agency-wordpress-theme\/","url":"https:\/\/allwintheme.com\/product\/deepdigital-web-design-agency-wordpress-theme\/","name":"DeepDigital - Agencia de dise\u00f1o web Tema de WordPress","isPartOf":{"@id":"https:\/\/allwintheme.com\/#website"},"primaryImageOfPage":{"@id":"https:\/\/allwintheme.com\/product\/deepdigital-web-design-agency-wordpress-theme\/#primaryimage"},"image":{"@id":"https:\/\/allwintheme.com\/product\/deepdigital-web-design-agency-wordpress-theme\/#primaryimage"},"thumbnailUrl":"https:\/\/allwintheme.com\/wp-content\/uploads\/2025\/08\/oiz6uytv.png","datePublished":"2025-08-27T12:08:44+00:00","dateModified":"2025-08-27T12:21:38+00:00","description":"Descubre DeepDigital, un elegante tema de WordPress para empresas de dise\u00f1o web, marketing, branding, desarrollo de aplicaciones y SEO. \u00a1Mejora tu presencia online!","breadcrumb":{"@id":"https:\/\/allwintheme.com\/product\/deepdigital-web-design-agency-wordpress-theme\/#breadcrumb"},"inLanguage":"es-CL","potentialAction":[{"@type":"ReadAction","target":["https:\/\/allwintheme.com\/product\/deepdigital-web-design-agency-wordpress-theme\/"]}]},{"@type":"ImageObject","inLanguage":"es-CL","@id":"https:\/\/allwintheme.com\/product\/deepdigital-web-design-agency-wordpress-theme\/#primaryimage","url":"https:\/\/allwintheme.com\/wp-content\/uploads\/2025\/08\/oiz6uytv.png","contentUrl":"https:\/\/allwintheme.com\/wp-content\/uploads\/2025\/08\/oiz6uytv.png","width":723,"height":382,"caption":"DeepDigital \u2013 Web Design Agency WordPress Theme"},{"@type":"BreadcrumbList","@id":"https:\/\/allwintheme.com\/product\/deepdigital-web-design-agency-wordpress-theme\/#breadcrumb","itemListElement":[{"@type":"ListItem","position":1,"name":"Home","item":"https:\/\/allwintheme.com\/"},{"@type":"ListItem","position":2,"name":"Shop","item":"https:\/\/allwintheme.com\/shop\/"},{"@type":"ListItem","position":3,"name":"DeepDigital Modern WordPress Theme for Online Businesses"}]},{"@type":"WebSite","@id":"https:\/\/allwintheme.com\/#website","url":"https:\/\/allwintheme.com\/","name":"Allwintheme","description":"Descarga gratis temas de WordPress para todos los nichos. Blogs, negocios, comercio electr\u00f3nico, portafolio, restaurante y m\u00e1s. Todos los temas tienen licencia GPL y est\u00e1n preparados para dispositivos m\u00f3viles.","potentialAction":[{"@type":"SearchAction","target":{"@type":"EntryPoint","urlTemplate":"https:\/\/allwintheme.com\/?s={search_term_string}"},"query-input":{"@type":"PropertyValueSpecification","valueRequired":true,"valueName":"search_term_string"}}],"inLanguage":"es-CL"}]}},"_links":{"self":[{"href":"https:\/\/allwintheme.com\/es\/wp-json\/wp\/v2\/product\/4050","targetHints":{"allow":["GET"]}}],"collection":[{"href":"https:\/\/allwintheme.com\/es\/wp-json\/wp\/v2\/product"}],"about":[{"href":"https:\/\/allwintheme.com\/es\/wp-json\/wp\/v2\/types\/product"}],"replies":[{"embeddable":true,"href":"https:\/\/allwintheme.com\/es\/wp-json\/wp\/v2\/comments?post=4050"}],"version-history":[{"count":0,"href":"https:\/\/allwintheme.com\/es\/wp-json\/wp\/v2\/product\/4050\/revisions"}],"wp:featuredmedia":[{"embeddable":true,"href":"https:\/\/allwintheme.com\/es\/wp-json\/wp\/v2\/media\/4051"}],"wp:attachment":[{"href":"https:\/\/allwintheme.com\/es\/wp-json\/wp\/v2\/media?parent=4050"}],"wp:term":[{"taxonomy":"product_brand","embeddable":true,"href":"https:\/\/allwintheme.com\/es\/wp-json\/wp\/v2\/product_brand?post=4050"},{"taxonomy":"product_cat","embeddable":true,"href":"https:\/\/allwintheme.com\/es\/wp-json\/wp\/v2\/product_cat?post=4050"},{"taxonomy":"product_tag","embeddable":true,"href":"https:\/\/allwintheme.com\/es\/wp-json\/wp\/v2\/product_tag?post=4050"}],"curies":[{"name":"wp","href":"https:\/\/api.w.org\/{rel}","templated":true}]}}