{"id":4228,"date":"2025-08-28T11:11:56","date_gmt":"2025-08-28T11:11:56","guid":{"rendered":"https:\/\/allwintheme.com\/?post_type=product&#038;p=4228"},"modified":"2025-08-28T11:17:14","modified_gmt":"2025-08-28T11:17:14","slug":"betheme-responsive-multipurpose-wordpress-woocommerce-theme-2","status":"publish","type":"product","link":"https:\/\/allwintheme.com\/es\/producto\/betheme-responsive-multipurpose-wordpress-woocommerce-theme-2\/","title":{"rendered":"BeTheme: Vers\u00e1til WordPress y WooCommerce Tema"},"content":{"rendered":"<div data-elementor-type=\"wp-post\" data-elementor-id=\"4228\" class=\"elementor elementor-4228\" data-elementor-settings=\"{&quot;element_pack_global_tooltip_width&quot;:{&quot;unit&quot;:&quot;px&quot;,&quot;size&quot;:&quot;&quot;,&quot;sizes&quot;:[]},&quot;element_pack_global_tooltip_width_tablet&quot;:{&quot;unit&quot;:&quot;px&quot;,&quot;size&quot;:&quot;&quot;,&quot;sizes&quot;:[]},&quot;element_pack_global_tooltip_width_mobile&quot;:{&quot;unit&quot;:&quot;px&quot;,&quot;size&quot;:&quot;&quot;,&quot;sizes&quot;:[]},&quot;element_pack_global_tooltip_padding&quot;:{&quot;unit&quot;:&quot;px&quot;,&quot;top&quot;:&quot;&quot;,&quot;right&quot;:&quot;&quot;,&quot;bottom&quot;:&quot;&quot;,&quot;left&quot;:&quot;&quot;,&quot;isLinked&quot;:true},&quot;element_pack_global_tooltip_padding_tablet&quot;:{&quot;unit&quot;:&quot;px&quot;,&quot;top&quot;:&quot;&quot;,&quot;right&quot;:&quot;&quot;,&quot;bottom&quot;:&quot;&quot;,&quot;left&quot;:&quot;&quot;,&quot;isLinked&quot;:true},&quot;element_pack_global_tooltip_padding_mobile&quot;:{&quot;unit&quot;:&quot;px&quot;,&quot;top&quot;:&quot;&quot;,&quot;right&quot;:&quot;&quot;,&quot;bottom&quot;:&quot;&quot;,&quot;left&quot;:&quot;&quot;,&quot;isLinked&quot;:true},&quot;element_pack_global_tooltip_border_radius&quot;:{&quot;unit&quot;:&quot;px&quot;,&quot;top&quot;:&quot;&quot;,&quot;right&quot;:&quot;&quot;,&quot;bottom&quot;:&quot;&quot;,&quot;left&quot;:&quot;&quot;,&quot;isLinked&quot;:true},&quot;element_pack_global_tooltip_border_radius_tablet&quot;:{&quot;unit&quot;:&quot;px&quot;,&quot;top&quot;:&quot;&quot;,&quot;right&quot;:&quot;&quot;,&quot;bottom&quot;:&quot;&quot;,&quot;left&quot;:&quot;&quot;,&quot;isLinked&quot;:true},&quot;element_pack_global_tooltip_border_radius_mobile&quot;:{&quot;unit&quot;:&quot;px&quot;,&quot;top&quot;:&quot;&quot;,&quot;right&quot;:&quot;&quot;,&quot;bottom&quot;:&quot;&quot;,&quot;left&quot;:&quot;&quot;,&quot;isLinked&quot;:true}}\" data-elementor-post-type=\"product\">\n\t\t\t\t<div class=\"elementor-element elementor-element-93aa4a8 e-con-full e-flex e-con e-parent\" data-id=\"93aa4a8\" data-element_type=\"container\" data-e-type=\"container\">\n\t\t\t\t<div class=\"elementor-element elementor-element-2c3f760 miaoshu elementor-widget elementor-widget-wd_text_block\" data-id=\"2c3f760\" data-element_type=\"widget\" data-e-type=\"widget\" data-widget_type=\"wd_text_block.default\">\n\t\t\t\t<div class=\"elementor-widget-container\">\n\t\t\t\t\t\t\t<div class=\"wd-text-block reset-last-child text-left\">\n\t\t\t\n\t\t\t<h2>\u00bfPor qu\u00e9 elegir BeTheme para su sitio web?<\/h2>\n<p>BeTheme es m\u00e1s que un tema de WordPress: es una potente soluci\u00f3n todo en uno dise\u00f1ada para dar vida a su visi\u00f3n. Tanto si est\u00e1 creando un blog personal, un sitio web corporativo, una tienda en l\u00ednea o una cartera creativa, BeTheme ofrece una flexibilidad, velocidad y facilidad de uso inigualables. Con m\u00e1s de 700 sitios web predise\u00f1ados, opciones de personalizaci\u00f3n avanzadas y una perfecta integraci\u00f3n con WooCommerce, es la herramienta definitiva tanto para principiantes como para desarrolladores experimentados.<\/p>\n\n<h2>Caracter\u00edsticas principales de BeTheme<\/h2>\n<ul>\n  <li><strong>M\u00e1s de 700 sitios web preconstruidos:<\/strong> Elija entre una amplia biblioteca de plantillas de dise\u00f1o profesional espec\u00edficas para su sector. Importa cualquier demo con un clic y personal\u00edzala para adaptarla a tus necesidades en cuesti\u00f3n de minutos.<\/li>\n  <li><strong>BeBuilder - Constructor de p\u00e1ginas ultrarr\u00e1pido:<\/strong> Crea impresionantes dise\u00f1os sin esfuerzo con el intuitivo constructor de arrastrar y soltar de BeTheme. No necesitas conocimientos de programaci\u00f3n, solo creatividad.<\/li>\n  <li><strong>Compatibilidad con WooCommerce:<\/strong> Cree una tienda en l\u00ednea totalmente funcional con p\u00e1ginas de productos personalizables, procesos de pago fluidos y compatibilidad con varias pasarelas de pago.<\/li>\n  <li><strong>Responsive y Retina Ready:<\/strong> Aseg\u00farese de que su sitio web tenga un aspecto impecable en cualquier dispositivo, desde tel\u00e9fonos inteligentes hasta ordenadores de sobremesa, con im\u00e1genes n\u00edtidas y de alta resoluci\u00f3n.<\/li>\n  <li><strong>Opciones avanzadas de personalizaci\u00f3n:<\/strong> Tome el control con un s\u00f3lido panel de opciones para ajustar los colores, fuentes, dise\u00f1os, encabezados, pies de p\u00e1gina y m\u00e1s para que coincida con su marca.<\/li>\n  <li><strong>Rendimiento 3 veces m\u00e1s r\u00e1pido:<\/strong> Las recientes actualizaciones hacen que BeTheme sea m\u00e1s r\u00e1pido que nunca, ofreciendo una experiencia de usuario fluida y un rendimiento SEO mejorado.<\/li>\n  <li><strong>Actualizaciones peri\u00f3dicas y soporte estelar:<\/strong> Mant\u00e9ngase al d\u00eda con las actualizaciones gratuitas de por vida y conf\u00ede en un servicio de atenci\u00f3n al cliente de primera categor\u00eda con un tiempo medio de respuesta de seis horas.<\/li>\n<\/ul>\n\n<h2>\u00bfPara qui\u00e9n es BeTheme?<\/h2>\n<p>BeTheme es perfecto para cualquiera que desee crear un sitio web profesional de forma r\u00e1pida y eficaz. Desde aut\u00f3nomos y propietarios de peque\u00f1as empresas hasta agencias creativas y emprendedores del comercio electr\u00f3nico, su versatilidad se adapta a m\u00e1s de 30 sectores, como la educaci\u00f3n, la hosteler\u00eda y el comercio minorista. Con m\u00e1s de 200 elementos de dise\u00f1o y compatibilidad con herramientas populares como Elementor, WPBakery y Contact Form 7, BeTheme se adapta a cualquier proyecto, sin importar la escala.<\/p>\n\n<h2>Por qu\u00e9 destaca BeTheme<\/h2>\n<p>A diferencia de otros temas de WordPress, BeTheme combina potencia, sencillez y creatividad. Su Muffin Builder y BeWooBuilder te permiten crear dise\u00f1os \u00fanicos sin empezar desde cero. La optimizaci\u00f3n SEO del tema, el dise\u00f1o mobile-first y las funciones integradas, como los mega men\u00fas, los efectos de paralaje y los dise\u00f1os de una p\u00e1gina, garantizan que su sitio no s\u00f3lo tenga un aspecto estupendo, sino que adem\u00e1s funcione de forma excepcional. Con la confianza de m\u00e1s de 250.000 usuarios en todo el mundo, BeTheme es una opci\u00f3n probada para crear sitios web modernos y de alto rendimiento.<\/p>\n\n<h2>Empiece hoy mismo con BeTheme<\/h2>\n<p>\u00bfListo para transformar su experiencia de dise\u00f1o web? Con BeTheme, obtendr\u00e1 una licencia \u00fanica, actualizaciones gratuitas de por vida y acceso a una biblioteca cada vez mayor de sitios web predise\u00f1ados. Visite <a href=\"https:\/\/x.ai\/grok\">grok.com<\/a> para explorar las demos de BeTheme y dar rienda suelta a tu creatividad. \u00a1Construye el sitio web de tus sue\u00f1os con facilidad y haz que destaque!<\/p>\n\t\t\t\t\t<\/div>\n\t\t\t\t\t\t<\/div>\n\t\t\t\t<\/div>\n\t\t\t\t<\/div>\n\t\t\t\t<\/div>","protected":false},"excerpt":{"rendered":"<p>Why Choose BeTheme for Your Website? BeTheme is more than just a WordPress theme\u2014it\u2019s a powerful, all-in-one solution designed to<\/p>","protected":false},"featured_media":4229,"comment_status":"open","ping_status":"closed","template":"","meta":{"_acf_changed":false},"product_brand":[],"product_cat":[48],"product_tag":[],"class_list":{"0":"post-4228","1":"product","2":"type-product","3":"status-publish","4":"has-post-thumbnail","6":"product_cat-themes","8":"first","9":"instock","10":"sale","11":"downloadable","12":"shipping-taxable","13":"purchasable","14":"product-type-simple"},"acf":[],"yoast_head":"<!-- This site is optimized with the Yoast SEO Premium plugin v25.6 (Yoast SEO v27.1.1) - https:\/\/yoast.com\/product\/yoast-seo-premium-wordpress\/ -->\n<title>BeTheme: Versatile WordPress &amp; WooCommerce Theme - AllWin Theme \u2013 Free WordPress Themes Download<\/title>\n<meta name=\"description\" content=\"Discover BeTheme, a responsive WordPress &amp; WooCommerce theme with 700+ pre-built websites, drag-and-drop builder, and endless customization for any project.\" \/>\n<meta name=\"robots\" content=\"index, follow, max-snippet:-1, max-image-preview:large, max-video-preview:-1\" \/>\n<link rel=\"canonical\" href=\"https:\/\/allwintheme.com\/es\/producto\/betheme-responsive-multipurpose-wordpress-woocommerce-theme-2\/\" \/>\n<meta property=\"og:locale\" content=\"es_ES\" \/>\n<meta property=\"og:type\" content=\"article\" \/>\n<meta property=\"og:title\" content=\"BeTheme: Versatile WordPress &amp; WooCommerce Theme\" \/>\n<meta property=\"og:description\" content=\"Discover BeTheme, a responsive WordPress &amp; WooCommerce theme with 700+ pre-built websites, drag-and-drop builder, and endless customization for any project.\" \/>\n<meta property=\"og:url\" content=\"https:\/\/allwintheme.com\/es\/producto\/betheme-responsive-multipurpose-wordpress-woocommerce-theme-2\/\" \/>\n<meta property=\"og:site_name\" content=\"AllWin Theme \u2013 Free WordPress Themes Download\" \/>\n<meta property=\"article:modified_time\" content=\"2025-08-28T11:17:14+00:00\" \/>\n<meta property=\"og:image\" content=\"https:\/\/allwintheme.com\/wp-content\/uploads\/2025\/08\/0i0zyxj7.png\" \/>\n\t<meta property=\"og:image:width\" content=\"590\" \/>\n\t<meta property=\"og:image:height\" content=\"300\" \/>\n\t<meta property=\"og:image:type\" content=\"image\/png\" \/>\n<meta name=\"twitter:card\" content=\"summary_large_image\" \/>\n<meta name=\"twitter:label1\" content=\"Tiempo estimado de lectura\" \/>\n\t<meta name=\"twitter:data1\" content=\"3 minutos\" \/>\n<script type=\"application\/ld+json\" class=\"yoast-schema-graph\">{\"@context\":\"https:\/\/schema.org\",\"@graph\":[{\"@type\":\"WebPage\",\"@id\":\"https:\/\/allwintheme.com\/product\/betheme-responsive-multipurpose-wordpress-woocommerce-theme-2\/\",\"url\":\"https:\/\/allwintheme.com\/product\/betheme-responsive-multipurpose-wordpress-woocommerce-theme-2\/\",\"name\":\"BeTheme: Versatile WordPress & WooCommerce Theme - AllWin Theme \u2013 Free WordPress Themes Download\",\"isPartOf\":{\"@id\":\"https:\/\/allwintheme.com\/#website\"},\"primaryImageOfPage\":{\"@id\":\"https:\/\/allwintheme.com\/product\/betheme-responsive-multipurpose-wordpress-woocommerce-theme-2\/#primaryimage\"},\"image\":{\"@id\":\"https:\/\/allwintheme.com\/product\/betheme-responsive-multipurpose-wordpress-woocommerce-theme-2\/#primaryimage\"},\"thumbnailUrl\":\"https:\/\/allwintheme.com\/wp-content\/uploads\/2025\/08\/0i0zyxj7.png\",\"datePublished\":\"2025-08-28T11:11:56+00:00\",\"dateModified\":\"2025-08-28T11:17:14+00:00\",\"description\":\"Discover BeTheme, a responsive WordPress & WooCommerce theme with 700+ pre-built websites, drag-and-drop builder, and endless customization for any project.\",\"breadcrumb\":{\"@id\":\"https:\/\/allwintheme.com\/product\/betheme-responsive-multipurpose-wordpress-woocommerce-theme-2\/#breadcrumb\"},\"inLanguage\":\"es-CL\",\"potentialAction\":[{\"@type\":\"ReadAction\",\"target\":[\"https:\/\/allwintheme.com\/product\/betheme-responsive-multipurpose-wordpress-woocommerce-theme-2\/\"]}]},{\"@type\":\"ImageObject\",\"inLanguage\":\"es-CL\",\"@id\":\"https:\/\/allwintheme.com\/product\/betheme-responsive-multipurpose-wordpress-woocommerce-theme-2\/#primaryimage\",\"url\":\"https:\/\/allwintheme.com\/wp-content\/uploads\/2025\/08\/0i0zyxj7.png\",\"contentUrl\":\"https:\/\/allwintheme.com\/wp-content\/uploads\/2025\/08\/0i0zyxj7.png\",\"width\":590,\"height\":300,\"caption\":\"Betheme | Responsive Multipurpose WordPress & WooCommerce Theme\"},{\"@type\":\"BreadcrumbList\",\"@id\":\"https:\/\/allwintheme.com\/product\/betheme-responsive-multipurpose-wordpress-woocommerce-theme-2\/#breadcrumb\",\"itemListElement\":[{\"@type\":\"ListItem\",\"position\":1,\"name\":\"Home\",\"item\":\"https:\/\/allwintheme.com\/\"},{\"@type\":\"ListItem\",\"position\":2,\"name\":\"Shop\",\"item\":\"https:\/\/allwintheme.com\/shop\/\"},{\"@type\":\"ListItem\",\"position\":3,\"name\":\"BeTheme: Versatile WordPress &#038; WooCommerce Theme\"}]},{\"@type\":\"WebSite\",\"@id\":\"https:\/\/allwintheme.com\/#website\",\"url\":\"https:\/\/allwintheme.com\/\",\"name\":\"Allwintheme\",\"description\":\"Download free WordPress themes for every niche. Blogs, business, eCommerce, portfolio, restaurant and more. All themes are GPL licensed and mobile-ready.\",\"potentialAction\":[{\"@type\":\"SearchAction\",\"target\":{\"@type\":\"EntryPoint\",\"urlTemplate\":\"https:\/\/allwintheme.com\/?s={search_term_string}\"},\"query-input\":{\"@type\":\"PropertyValueSpecification\",\"valueRequired\":true,\"valueName\":\"search_term_string\"}}],\"inLanguage\":\"es-CL\"}]}<\/script>\n<!-- \/ Yoast SEO Premium plugin. -->","yoast_head_json":{"title":"BeTheme: Versatile WordPress &amp; WooCommerce Theme - AllWin Theme - Free WordPress Themes Download","description":"Descubra BeTheme, un tema de WordPress y WooCommerce responsivo con m\u00e1s de 700 sitios web pre-construidos, constructor de arrastrar y soltar, y personalizaci\u00f3n sin fin para cualquier proyecto.","robots":{"index":"index","follow":"follow","max-snippet":"max-snippet:-1","max-image-preview":"max-image-preview:large","max-video-preview":"max-video-preview:-1"},"canonical":"https:\/\/allwintheme.com\/es\/producto\/betheme-responsive-multipurpose-wordpress-woocommerce-theme-2\/","og_locale":"es_ES","og_type":"article","og_title":"BeTheme: Versatile WordPress & WooCommerce Theme","og_description":"Discover BeTheme, a responsive WordPress & WooCommerce theme with 700+ pre-built websites, drag-and-drop builder, and endless customization for any project.","og_url":"https:\/\/allwintheme.com\/es\/producto\/betheme-responsive-multipurpose-wordpress-woocommerce-theme-2\/","og_site_name":"AllWin Theme \u2013 Free WordPress Themes Download","article_modified_time":"2025-08-28T11:17:14+00:00","og_image":[{"width":590,"height":300,"url":"https:\/\/allwintheme.com\/wp-content\/uploads\/2025\/08\/0i0zyxj7.png","type":"image\/png"}],"twitter_card":"summary_large_image","twitter_misc":{"Tiempo estimado de lectura":"3 minutos"},"schema":{"@context":"https:\/\/schema.org","@graph":[{"@type":"WebPage","@id":"https:\/\/allwintheme.com\/product\/betheme-responsive-multipurpose-wordpress-woocommerce-theme-2\/","url":"https:\/\/allwintheme.com\/product\/betheme-responsive-multipurpose-wordpress-woocommerce-theme-2\/","name":"BeTheme: Versatile WordPress &amp; WooCommerce Theme - AllWin Theme - Free WordPress Themes Download","isPartOf":{"@id":"https:\/\/allwintheme.com\/#website"},"primaryImageOfPage":{"@id":"https:\/\/allwintheme.com\/product\/betheme-responsive-multipurpose-wordpress-woocommerce-theme-2\/#primaryimage"},"image":{"@id":"https:\/\/allwintheme.com\/product\/betheme-responsive-multipurpose-wordpress-woocommerce-theme-2\/#primaryimage"},"thumbnailUrl":"https:\/\/allwintheme.com\/wp-content\/uploads\/2025\/08\/0i0zyxj7.png","datePublished":"2025-08-28T11:11:56+00:00","dateModified":"2025-08-28T11:17:14+00:00","description":"Descubra BeTheme, un tema de WordPress y WooCommerce responsivo con m\u00e1s de 700 sitios web pre-construidos, constructor de arrastrar y soltar, y personalizaci\u00f3n sin fin para cualquier proyecto.","breadcrumb":{"@id":"https:\/\/allwintheme.com\/product\/betheme-responsive-multipurpose-wordpress-woocommerce-theme-2\/#breadcrumb"},"inLanguage":"es-CL","potentialAction":[{"@type":"ReadAction","target":["https:\/\/allwintheme.com\/product\/betheme-responsive-multipurpose-wordpress-woocommerce-theme-2\/"]}]},{"@type":"ImageObject","inLanguage":"es-CL","@id":"https:\/\/allwintheme.com\/product\/betheme-responsive-multipurpose-wordpress-woocommerce-theme-2\/#primaryimage","url":"https:\/\/allwintheme.com\/wp-content\/uploads\/2025\/08\/0i0zyxj7.png","contentUrl":"https:\/\/allwintheme.com\/wp-content\/uploads\/2025\/08\/0i0zyxj7.png","width":590,"height":300,"caption":"Betheme | Responsive Multipurpose WordPress & WooCommerce Theme"},{"@type":"BreadcrumbList","@id":"https:\/\/allwintheme.com\/product\/betheme-responsive-multipurpose-wordpress-woocommerce-theme-2\/#breadcrumb","itemListElement":[{"@type":"ListItem","position":1,"name":"Home","item":"https:\/\/allwintheme.com\/"},{"@type":"ListItem","position":2,"name":"Shop","item":"https:\/\/allwintheme.com\/shop\/"},{"@type":"ListItem","position":3,"name":"BeTheme: Versatile WordPress &#038; WooCommerce Theme"}]},{"@type":"WebSite","@id":"https:\/\/allwintheme.com\/#website","url":"https:\/\/allwintheme.com\/","name":"Allwintheme","description":"Descarga gratis temas de WordPress para todos los nichos. Blogs, negocios, comercio electr\u00f3nico, portafolio, restaurante y m\u00e1s. Todos los temas tienen licencia GPL y est\u00e1n preparados para dispositivos m\u00f3viles.","potentialAction":[{"@type":"SearchAction","target":{"@type":"EntryPoint","urlTemplate":"https:\/\/allwintheme.com\/?s={search_term_string}"},"query-input":{"@type":"PropertyValueSpecification","valueRequired":true,"valueName":"search_term_string"}}],"inLanguage":"es-CL"}]}},"_links":{"self":[{"href":"https:\/\/allwintheme.com\/es\/wp-json\/wp\/v2\/product\/4228","targetHints":{"allow":["GET"]}}],"collection":[{"href":"https:\/\/allwintheme.com\/es\/wp-json\/wp\/v2\/product"}],"about":[{"href":"https:\/\/allwintheme.com\/es\/wp-json\/wp\/v2\/types\/product"}],"replies":[{"embeddable":true,"href":"https:\/\/allwintheme.com\/es\/wp-json\/wp\/v2\/comments?post=4228"}],"version-history":[{"count":0,"href":"https:\/\/allwintheme.com\/es\/wp-json\/wp\/v2\/product\/4228\/revisions"}],"wp:featuredmedia":[{"embeddable":true,"href":"https:\/\/allwintheme.com\/es\/wp-json\/wp\/v2\/media\/4229"}],"wp:attachment":[{"href":"https:\/\/allwintheme.com\/es\/wp-json\/wp\/v2\/media?parent=4228"}],"wp:term":[{"taxonomy":"product_brand","embeddable":true,"href":"https:\/\/allwintheme.com\/es\/wp-json\/wp\/v2\/product_brand?post=4228"},{"taxonomy":"product_cat","embeddable":true,"href":"https:\/\/allwintheme.com\/es\/wp-json\/wp\/v2\/product_cat?post=4228"},{"taxonomy":"product_tag","embeddable":true,"href":"https:\/\/allwintheme.com\/es\/wp-json\/wp\/v2\/product_tag?post=4228"}],"curies":[{"name":"wp","href":"https:\/\/api.w.org\/{rel}","templated":true}]}}