{"id":549,"date":"2023-07-17T13:41:34","date_gmt":"2023-07-17T13:41:34","guid":{"rendered":"https:\/\/dummy.xtemos.com\/woodmart2\/games-elementor\/?post_type=product&#038;p=549"},"modified":"2025-07-31T19:16:23","modified_gmt":"2025-07-31T19:16:23","slug":"asterigos-maldicion-de-las-estrellas","status":"publish","type":"product","link":"https:\/\/allwintheme.com\/es\/producto\/asterigos-maldicion-de-las-estrellas\/","title":{"rendered":"Asterigos: La maldici\u00f3n de las estrellas"},"content":{"rendered":"<div data-elementor-type=\"wp-post\" data-elementor-id=\"549\" class=\"elementor elementor-549\" data-elementor-settings=\"{&quot;element_pack_global_tooltip_width&quot;:{&quot;unit&quot;:&quot;px&quot;,&quot;size&quot;:&quot;&quot;,&quot;sizes&quot;:[]},&quot;element_pack_global_tooltip_width_tablet&quot;:{&quot;unit&quot;:&quot;px&quot;,&quot;size&quot;:&quot;&quot;,&quot;sizes&quot;:[]},&quot;element_pack_global_tooltip_width_mobile&quot;:{&quot;unit&quot;:&quot;px&quot;,&quot;size&quot;:&quot;&quot;,&quot;sizes&quot;:[]},&quot;element_pack_global_tooltip_padding&quot;:{&quot;unit&quot;:&quot;px&quot;,&quot;top&quot;:&quot;&quot;,&quot;right&quot;:&quot;&quot;,&quot;bottom&quot;:&quot;&quot;,&quot;left&quot;:&quot;&quot;,&quot;isLinked&quot;:true},&quot;element_pack_global_tooltip_padding_tablet&quot;:{&quot;unit&quot;:&quot;px&quot;,&quot;top&quot;:&quot;&quot;,&quot;right&quot;:&quot;&quot;,&quot;bottom&quot;:&quot;&quot;,&quot;left&quot;:&quot;&quot;,&quot;isLinked&quot;:true},&quot;element_pack_global_tooltip_padding_mobile&quot;:{&quot;unit&quot;:&quot;px&quot;,&quot;top&quot;:&quot;&quot;,&quot;right&quot;:&quot;&quot;,&quot;bottom&quot;:&quot;&quot;,&quot;left&quot;:&quot;&quot;,&quot;isLinked&quot;:true},&quot;element_pack_global_tooltip_border_radius&quot;:{&quot;unit&quot;:&quot;px&quot;,&quot;top&quot;:&quot;&quot;,&quot;right&quot;:&quot;&quot;,&quot;bottom&quot;:&quot;&quot;,&quot;left&quot;:&quot;&quot;,&quot;isLinked&quot;:true},&quot;element_pack_global_tooltip_border_radius_tablet&quot;:{&quot;unit&quot;:&quot;px&quot;,&quot;top&quot;:&quot;&quot;,&quot;right&quot;:&quot;&quot;,&quot;bottom&quot;:&quot;&quot;,&quot;left&quot;:&quot;&quot;,&quot;isLinked&quot;:true},&quot;element_pack_global_tooltip_border_radius_mobile&quot;:{&quot;unit&quot;:&quot;px&quot;,&quot;top&quot;:&quot;&quot;,&quot;right&quot;:&quot;&quot;,&quot;bottom&quot;:&quot;&quot;,&quot;left&quot;:&quot;&quot;,&quot;isLinked&quot;:true}}\" data-elementor-post-type=\"product\">\n\t\t\t\t<div class=\"wd-negative-gap elementor-element elementor-element-c0102e7 e-flex e-con-boxed e-con e-parent\" data-id=\"c0102e7\" data-element_type=\"container\" data-e-type=\"container\">\n\t\t\t\t\t<div class=\"e-con-inner\">\n\t\t\t\t<div class=\"elementor-element elementor-element-89f3cf9 wd-width-100 elementor-widget elementor-widget-wd_images_gallery\" data-id=\"89f3cf9\" data-element_type=\"widget\" data-e-type=\"widget\" data-widget_type=\"wd_images_gallery.default\">\n\t\t\t\t<div class=\"elementor-widget-container\">\n\t\t\t\t\t\t\t<div class=\"wd-images-gallery photoswipe-images wd-carousel-container wd-carousel-dis-mb wd-off-md wd-off-sm\" style=\"--wd-align-items:center; --wd-justify-content:center;\">\n\t\t\t\t\t\t\t<div class=\"wd-carousel-inner\">\n\t\t\t\t\t\t<div class=\"wd-carousel wd-grid\" data-scroll_per_page=\"yes\" style=\"--wd-col-lg:3;--wd-col-md:3;--wd-col-sm:1;--wd-gap-lg:30px;--wd-gap-sm:10px;\">\n\t\t\t\t\t\t\t\t\t<div class=\"wd-carousel-wrap\">\n\t\t\t\t\t\t\t\t\t\t\t\t\t\t\t\t\t\t<div class=\"wd-gallery-item wd-carousel-item\">\n\t\t\t\t\t\t\t\t\t\t\t\t\t<a  href=\"https:\/\/allwintheme.com\/wp-content\/uploads\/2023\/07\/wd-vgs-gallary-sw-j-1-opt-1.jpg\" data-width=\"960\" data-height=\"540\" data-index=\"1\" data-elementor-open-lightbox=\"no\">\n\t\t\t\t\t\t\n\t\t\t\t\t\t<img fetchpriority=\"high\" decoding=\"async\" width=\"960\" height=\"540\" src=\"https:\/\/allwintheme.com\/wp-content\/uploads\/2023\/07\/wd-vgs-gallary-sw-j-1-opt-1.jpg\" class=\"attachment-full size-full\" alt=\"wd-vgs-gallary-sw-j-1-opt\" srcset=\"https:\/\/allwintheme.com\/wp-content\/uploads\/2023\/07\/wd-vgs-gallary-sw-j-1-opt-1.jpg 960w, https:\/\/allwintheme.com\/wp-content\/uploads\/2023\/07\/wd-vgs-gallary-sw-j-1-opt-1-430x242.jpg 430w, https:\/\/allwintheme.com\/wp-content\/uploads\/2023\/07\/wd-vgs-gallary-sw-j-1-opt-1-150x84.jpg 150w, https:\/\/allwintheme.com\/wp-content\/uploads\/2023\/07\/wd-vgs-gallary-sw-j-1-opt-1-700x394.jpg 700w\" sizes=\"(max-width: 960px) 100vw, 960px\" \/>\n\t\t\t\t\t\t\t\t\t\t\t\t\t<\/a>\n\t\t\t\t\t\t\t\t\t\t\t<\/div>\n\t\t\t\t\t\t\t\t\t\t\t\t\t\t\t<div class=\"wd-gallery-item wd-carousel-item\">\n\t\t\t\t\t\t\t\t\t\t\t\t\t<a  href=\"https:\/\/allwintheme.com\/wp-content\/uploads\/2023\/07\/wd-vgs-gallary-sw-j-2-opt-1.jpg\" data-width=\"960\" data-height=\"540\" data-index=\"2\" data-elementor-open-lightbox=\"no\">\n\t\t\t\t\t\t\n\t\t\t\t\t\t<img decoding=\"async\" width=\"960\" height=\"540\" src=\"https:\/\/allwintheme.com\/wp-content\/uploads\/2023\/07\/wd-vgs-gallary-sw-j-2-opt-1.jpg\" class=\"attachment-full size-full\" alt=\"wd-vgs-gallary-sw-j-2-opt\" srcset=\"https:\/\/allwintheme.com\/wp-content\/uploads\/2023\/07\/wd-vgs-gallary-sw-j-2-opt-1.jpg 960w, https:\/\/allwintheme.com\/wp-content\/uploads\/2023\/07\/wd-vgs-gallary-sw-j-2-opt-1-430x242.jpg 430w, https:\/\/allwintheme.com\/wp-content\/uploads\/2023\/07\/wd-vgs-gallary-sw-j-2-opt-1-150x84.jpg 150w, https:\/\/allwintheme.com\/wp-content\/uploads\/2023\/07\/wd-vgs-gallary-sw-j-2-opt-1-700x394.jpg 700w\" sizes=\"(max-width: 960px) 100vw, 960px\" \/>\n\t\t\t\t\t\t\t\t\t\t\t\t\t<\/a>\n\t\t\t\t\t\t\t\t\t\t\t<\/div>\n\t\t\t\t\t\t\t\t\t\t\t\t\t\t\t<div class=\"wd-gallery-item wd-carousel-item\">\n\t\t\t\t\t\t\t\t\t\t\t\t\t<a  href=\"https:\/\/allwintheme.com\/wp-content\/uploads\/2023\/07\/wd-vgs-gallary-sw-j-4-opt-1.jpg\" data-width=\"960\" data-height=\"540\" data-index=\"3\" data-elementor-open-lightbox=\"no\">\n\t\t\t\t\t\t\n\t\t\t\t\t\t<img decoding=\"async\" width=\"960\" height=\"540\" src=\"https:\/\/allwintheme.com\/wp-content\/uploads\/2023\/07\/wd-vgs-gallary-sw-j-4-opt-1.jpg\" class=\"attachment-full size-full\" alt=\"wd-vgs-gallary-sw-j-4-opt\" srcset=\"https:\/\/allwintheme.com\/wp-content\/uploads\/2023\/07\/wd-vgs-gallary-sw-j-4-opt-1.jpg 960w, https:\/\/allwintheme.com\/wp-content\/uploads\/2023\/07\/wd-vgs-gallary-sw-j-4-opt-1-430x242.jpg 430w, https:\/\/allwintheme.com\/wp-content\/uploads\/2023\/07\/wd-vgs-gallary-sw-j-4-opt-1-150x84.jpg 150w, https:\/\/allwintheme.com\/wp-content\/uploads\/2023\/07\/wd-vgs-gallary-sw-j-4-opt-1-700x394.jpg 700w\" sizes=\"(max-width: 960px) 100vw, 960px\" \/>\n\t\t\t\t\t\t\t\t\t\t\t\t\t<\/a>\n\t\t\t\t\t\t\t\t\t\t\t<\/div>\n\t\t\t\t\t\t\t\t\t\t\t\t\t\t\t<div class=\"wd-gallery-item wd-carousel-item\">\n\t\t\t\t\t\t\t\t\t\t\t\t\t<a  href=\"https:\/\/allwintheme.com\/wp-content\/uploads\/2023\/07\/wd-vgs-gallary-sw-j-3-opt-1.jpg\" data-width=\"960\" data-height=\"540\" data-index=\"4\" data-elementor-open-lightbox=\"no\">\n\t\t\t\t\t\t\n\t\t\t\t\t\t<img loading=\"lazy\" decoding=\"async\" width=\"960\" height=\"540\" src=\"https:\/\/allwintheme.com\/wp-content\/uploads\/2023\/07\/wd-vgs-gallary-sw-j-3-opt-1.jpg\" class=\"attachment-full size-full\" alt=\"wd-vgs-gallary-sw-j-3-opt\" srcset=\"https:\/\/allwintheme.com\/wp-content\/uploads\/2023\/07\/wd-vgs-gallary-sw-j-3-opt-1.jpg 960w, https:\/\/allwintheme.com\/wp-content\/uploads\/2023\/07\/wd-vgs-gallary-sw-j-3-opt-1-430x242.jpg 430w, https:\/\/allwintheme.com\/wp-content\/uploads\/2023\/07\/wd-vgs-gallary-sw-j-3-opt-1-150x84.jpg 150w, https:\/\/allwintheme.com\/wp-content\/uploads\/2023\/07\/wd-vgs-gallary-sw-j-3-opt-1-700x394.jpg 700w\" sizes=\"(max-width: 960px) 100vw, 960px\" \/>\n\t\t\t\t\t\t\t\t\t\t\t\t\t<\/a>\n\t\t\t\t\t\t\t\t\t\t\t<\/div>\n\t\t\t\t\t\t\t\t\t\t\t\t\t\t\t\t<\/div>\n\t\t\t\t\t\t\t\t<\/div>\n\t\t\t\t\t\t\t\t\t\t\t\t\t\t<div class=\"wd-nav-arrows wd-pos-sep wd-hover-1 wd-icon-1\">\n\t\t\t<div class=\"wd-btn-arrow wd-prev wd-disabled\">\n\t\t\t\t<div class=\"wd-arrow-inner\"><\/div>\n\t\t\t<\/div>\n\t\t\t<div class=\"wd-btn-arrow wd-next\">\n\t\t\t\t<div class=\"wd-arrow-inner\"><\/div>\n\t\t\t<\/div>\n\t\t<\/div>\n\t\t\t\t\t\t\n\t\t\t\t<\/div>\n\n\t\t\t\t\t\t\t\t\t\t\t\t\t<\/div>\n\t\t\t\t\t\t<\/div>\n\t\t\t\t<\/div>\n\t\t<div class=\"elementor-element elementor-element-84a5ee2 e-con-full e-flex e-con e-child\" data-id=\"84a5ee2\" data-element_type=\"container\" data-e-type=\"container\">\n\t\t<div class=\"elementor-element elementor-element-4326b02 e-con-full e-flex e-con e-child\" data-id=\"4326b02\" data-element_type=\"container\" data-e-type=\"container\">\n\t\t\t\t<div class=\"elementor-element elementor-element-4c75a7a elementor-widget elementor-widget-wd_text_block\" data-id=\"4c75a7a\" data-element_type=\"widget\" data-e-type=\"widget\" data-widget_type=\"wd_text_block.default\">\n\t\t\t\t<div class=\"elementor-widget-container\">\n\t\t\t\t\t\t\t<div class=\"wd-text-block reset-last-child text-left\">\n\t\t\t\n\t\t\t<h4>Explora una galaxia ilimitada<\/h4><p>Los \u00c1ngeles est\u00e1 en cuarentena y los militares se han retirado. S\u00f3lo t\u00fa, y el pu\u00f1ado de personas resistentes al pat\u00f3geno, ten\u00e9is en vuestras manos el futuro de la ciudad (y de la humanidad).<br \/>Dead Island 2 es elegante, vibrante e inundado de infecci\u00f3n zombi. Explora la emblem\u00e1tica Los \u00c1ngeles ba\u00f1ada en sangre. Conoce a personajes de gran tama\u00f1o. Mata a innumerables enemigos con exquisito detalle sangriento. Y evoluciona para convertirte en el cazador de zombis definitivo. Precompra ahora y consigue el pack Memorias de Banoi.<\/p>\n\t\t\t\t\t<\/div>\n\t\t\t\t\t\t<\/div>\n\t\t\t\t<\/div>\n\t\t\t\t<div class=\"elementor-element elementor-element-e129e5d wd-width-100 elementor-widget elementor-widget-wd_video\" data-id=\"e129e5d\" data-element_type=\"widget\" data-e-type=\"widget\" data-widget_type=\"wd_video.default\">\n\t\t\t\t<div class=\"elementor-widget-container\">\n\t\t\t\t\t\n\t\t<div class=\"wd-el-video wd-action-overlay wd-video-vimeo\">\n\t\t\t\t\t\t\t<iframe data-lazy-load=\"https:\/\/player.vimeo.com\/video\/235215203?transparent=0&loop=0&controls=1&color=rgb(109,78,236)&muted=1\" allowfullscreen allow=\"accelerometer; autoplay; encrypted-media; gyroscope; picture-in-picture\" width=\"100%\" height=\"100%\" loading=\"lazy\"><\/iframe>\t\t\t\n\t\t\t\n\t\t\t\n\t\t\t\t\t\t\t<div class=\"wd-el-video-overlay wd-fill\">\n\t\t\t\t\t<img loading=\"lazy\" decoding=\"async\" width=\"1024\" height=\"575\" src=\"https:\/\/allwintheme.com\/wp-content\/uploads\/2023\/07\/wd-vgs-sw-j-video-thumbnail-1-opt-1.jpg\" class=\"attachment-full size-full\" alt=\"\" srcset=\"https:\/\/allwintheme.com\/wp-content\/uploads\/2023\/07\/wd-vgs-sw-j-video-thumbnail-1-opt-1.jpg 1024w, https:\/\/allwintheme.com\/wp-content\/uploads\/2023\/07\/wd-vgs-sw-j-video-thumbnail-1-opt-1-430x241.jpg 430w, https:\/\/allwintheme.com\/wp-content\/uploads\/2023\/07\/wd-vgs-sw-j-video-thumbnail-1-opt-1-150x84.jpg 150w, https:\/\/allwintheme.com\/wp-content\/uploads\/2023\/07\/wd-vgs-sw-j-video-thumbnail-1-opt-1-700x393.jpg 700w\" sizes=\"(max-width: 1024px) 100vw, 1024px\" \/>\t\t\t\t<\/div>\n\t\t\t\t<div class=\"wd-el-video-control color-scheme-light wd-fill\">\n\t\t\t\t\t<span class=\"wd-el-video-play-btn\"><\/span>\n\t\t\t\t\t\t\t\t\t<\/div>\n\n\t\t\t\t<a class=\"wd-el-video-link wd-el-video-btn-overlay wd-fill\" href=\"https:\/\/vimeo.com\/235215203\"><\/a>\n\t\t\t\t\t<\/div>\n\t\t\t\t\t\t<\/div>\n\t\t\t\t<\/div>\n\t\t\t\t<\/div>\n\t\t<div class=\"elementor-element elementor-element-3e2ec63 e-con-full e-flex e-con e-child\" data-id=\"3e2ec63\" data-element_type=\"container\" data-e-type=\"container\">\n\t\t<div class=\"elementor-element elementor-element-274de91 e-con-full e-flex e-con e-child\" data-id=\"274de91\" data-element_type=\"container\" data-e-type=\"container\">\n\t\t\t\t<div class=\"elementor-element elementor-element-c505260 elementor-widget elementor-widget-wd_image_or_svg\" data-id=\"c505260\" data-element_type=\"widget\" data-e-type=\"widget\" data-widget_type=\"wd_image_or_svg.default\">\n\t\t\t\t<div class=\"elementor-widget-container\">\n\t\t\t\t\t\n\t\t<div class=\"wd-image text-left\">\n\t\t\t\t\t\t\t\t<img loading=\"lazy\" decoding=\"async\" width=\"350\" height=\"200\" src=\"https:\/\/allwintheme.com\/wp-content\/uploads\/2023\/07\/wd-vgs-swj-description-1-opt-1.jpg\" class=\"attachment-full size-full\" alt=\"\" srcset=\"https:\/\/allwintheme.com\/wp-content\/uploads\/2023\/07\/wd-vgs-swj-description-1-opt-1.jpg 350w, https:\/\/allwintheme.com\/wp-content\/uploads\/2023\/07\/wd-vgs-swj-description-1-opt-1-150x86.jpg 150w\" sizes=\"(max-width: 350px) 100vw, 350px\" \/>\t\t\t\t\t<\/div>\n\n\t\t\t\t\t\t<\/div>\n\t\t\t\t<\/div>\n\t\t\t\t<div class=\"elementor-element elementor-element-7f996f3 elementor-widget elementor-widget-wd_text_block\" data-id=\"7f996f3\" data-element_type=\"widget\" data-e-type=\"widget\" data-widget_type=\"wd_text_block.default\">\n\t\t\t\t<div class=\"elementor-widget-container\">\n\t\t\t\t\t\t\t<div class=\"wd-text-block reset-last-child text-left\">\n\t\t\t\n\t\t\t<h4>Contin\u00faa el jorney de Cal<\/h4><p>Cal, que ya no es un padawan, se ha convertido en un poderoso caballero Jedi. Llevando consigo los recuerdos y las expectativas de la Orden Jedi, su cruzada contra el Imperio se ha vuelto cada vez m\u00e1s peligrosa.<\/p>\n\t\t\t\t\t<\/div>\n\t\t\t\t\t\t<\/div>\n\t\t\t\t<\/div>\n\t\t\t\t<div class=\"elementor-element elementor-element-8a1d7a6 elementor-widget elementor-widget-wd_image_or_svg\" data-id=\"8a1d7a6\" data-element_type=\"widget\" data-e-type=\"widget\" data-widget_type=\"wd_image_or_svg.default\">\n\t\t\t\t<div class=\"elementor-widget-container\">\n\t\t\t\t\t\n\t\t<div class=\"wd-image text-left\">\n\t\t\t\t\t\t\t\t<img loading=\"lazy\" decoding=\"async\" width=\"350\" height=\"200\" src=\"https:\/\/allwintheme.com\/wp-content\/uploads\/2023\/07\/wd-vgs-swj-description-3-opt-1.jpg\" class=\"attachment-full size-full\" alt=\"\" srcset=\"https:\/\/allwintheme.com\/wp-content\/uploads\/2023\/07\/wd-vgs-swj-description-3-opt-1.jpg 350w, https:\/\/allwintheme.com\/wp-content\/uploads\/2023\/07\/wd-vgs-swj-description-3-opt-1-150x86.jpg 150w\" sizes=\"(max-width: 350px) 100vw, 350px\" \/>\t\t\t\t\t<\/div>\n\n\t\t\t\t\t\t<\/div>\n\t\t\t\t<\/div>\n\t\t\t\t<\/div>\n\t\t<div class=\"elementor-element elementor-element-544a914 e-con-full e-flex e-con e-child\" data-id=\"544a914\" data-element_type=\"container\" data-e-type=\"container\">\n\t\t\t\t<div class=\"elementor-element elementor-element-37b901d elementor-widget elementor-widget-wd_text_block\" data-id=\"37b901d\" data-element_type=\"widget\" data-e-type=\"widget\" data-widget_type=\"wd_text_block.default\">\n\t\t\t\t<div class=\"elementor-widget-container\">\n\t\t\t\t\t\t\t<div class=\"wd-text-block reset-last-child text-left\">\n\t\t\t\n\t\t\t<h4>Lucha contra la oscuridad<\/h4><p>Cinco a\u00f1os despu\u00e9s de los acontecimientos de Star Wars Jedi Fallen Order\u2122 Star Wars Jedi: Survivor sigue la lucha cada vez m\u00e1s desesperada de Cal a medida que la galaxia desciende m\u00e1s hacia la oscuridad. Empujado a los confines de la galaxia por el Imperio, Cal se ver\u00e1 rodeado de amenazas nuevas y conocidas.<\/p>\n\t\t\t\t\t<\/div>\n\t\t\t\t\t\t<\/div>\n\t\t\t\t<\/div>\n\t\t\t\t<div class=\"elementor-element elementor-element-d83ea37 elementor-widget elementor-widget-wd_image_or_svg\" data-id=\"d83ea37\" data-element_type=\"widget\" data-e-type=\"widget\" data-widget_type=\"wd_image_or_svg.default\">\n\t\t\t\t<div class=\"elementor-widget-container\">\n\t\t\t\t\t\n\t\t<div class=\"wd-image text-left\">\n\t\t\t\t\t\t\t\t<img loading=\"lazy\" decoding=\"async\" width=\"350\" height=\"200\" src=\"https:\/\/allwintheme.com\/wp-content\/uploads\/2023\/07\/wd-vgs-swj-description-2-opt-1.jpg\" class=\"attachment-full size-full\" alt=\"\" srcset=\"https:\/\/allwintheme.com\/wp-content\/uploads\/2023\/07\/wd-vgs-swj-description-2-opt-1.jpg 350w, https:\/\/allwintheme.com\/wp-content\/uploads\/2023\/07\/wd-vgs-swj-description-2-opt-1-150x86.jpg 150w\" sizes=\"(max-width: 350px) 100vw, 350px\" \/>\t\t\t\t\t<\/div>\n\n\t\t\t\t\t\t<\/div>\n\t\t\t\t<\/div>\n\t\t\t\t<div class=\"elementor-element elementor-element-aa55d28 elementor-widget elementor-widget-wd_text_block\" data-id=\"aa55d28\" data-element_type=\"widget\" data-e-type=\"widget\" data-widget_type=\"wd_text_block.default\">\n\t\t\t\t<div class=\"elementor-widget-container\">\n\t\t\t\t\t\t\t<div class=\"wd-text-block reset-last-child text-left\">\n\t\t\t\n\t\t\t<h4>Vaya m\u00e1s all\u00e1 de su formaci\u00f3n<\/h4><p>El sistema de combate cinem\u00e1tico regresa con habilidades adicionales de la Fuerza y nuevos estilos de lucha con sable l\u00e1ser. Aprovecha de forma creativa todas estas habilidades y armas para enfrentarte estrat\u00e9gicamente a una gran variedad de enemigos.<\/p>\n\t\t\t\t\t<\/div>\n\t\t\t\t\t\t<\/div>\n\t\t\t\t<\/div>\n\t\t\t\t<\/div>\n\t\t\t\t<\/div>\n\t\t\t\t<\/div>\n\t\t\t\t\t<\/div>\n\t\t\t\t<\/div>\n\t\t\t\t<\/div>","protected":false},"excerpt":{"rendered":"<p>Un vasto mundo en el que se conectan a la perfecci\u00f3n campos abiertos con una gran variedad de situaciones y enormes mazmorras con dise\u00f1os complejos y tridimensionales. Adem\u00e1s de multijugador, donde podr\u00e1s conectar directamente con otros jugadores.<\/p>","protected":false},"featured_media":2779,"comment_status":"open","ping_status":"closed","template":"","meta":{"_acf_changed":false},"product_brand":[],"product_cat":[20],"product_tag":[],"class_list":{"0":"post-549","1":"product","2":"type-product","3":"status-publish","4":"has-post-thumbnail","6":"product_cat-php-scripts","8":"first","9":"instock","10":"shipping-taxable","11":"purchasable","12":"product-type-variable"},"acf":[],"yoast_head":"<!-- This site is optimized with the Yoast SEO Premium plugin v25.6 (Yoast SEO v27.1.1) - https:\/\/yoast.com\/product\/yoast-seo-premium-wordpress\/ -->\n<title>Asterigos: Curse of the Stars - AllWin Theme \u2013 Free WordPress Themes Download<\/title>\n<meta name=\"robots\" content=\"index, follow, max-snippet:-1, max-image-preview:large, max-video-preview:-1\" \/>\n<link rel=\"canonical\" href=\"https:\/\/allwintheme.com\/es\/producto\/asterigos-maldicion-de-las-estrellas\/\" \/>\n<meta property=\"og:locale\" content=\"es_ES\" \/>\n<meta property=\"og:type\" content=\"article\" \/>\n<meta property=\"og:title\" content=\"Asterigos: Curse of the Stars\" \/>\n<meta property=\"og:description\" content=\"A vast world where open fields with a variety of situations and huge dungeons with complex and three-dimensional designs are seamlessly connected. In addition to multiplayer, where you can directly connect with other players.\" \/>\n<meta property=\"og:url\" content=\"https:\/\/allwintheme.com\/es\/producto\/asterigos-maldicion-de-las-estrellas\/\" \/>\n<meta property=\"og:site_name\" content=\"AllWin Theme \u2013 Free WordPress Themes Download\" \/>\n<meta property=\"article:modified_time\" content=\"2025-07-31T19:16:23+00:00\" \/>\n<meta property=\"og:image\" content=\"https:\/\/allwintheme.com\/wp-content\/uploads\/2023\/07\/01_theme-preview.jpg\" \/>\n\t<meta property=\"og:image:width\" content=\"1000\" \/>\n\t<meta property=\"og:image:height\" content=\"508\" \/>\n\t<meta property=\"og:image:type\" content=\"image\/jpeg\" \/>\n<meta name=\"twitter:card\" content=\"summary_large_image\" \/>\n<meta name=\"twitter:label1\" content=\"Tiempo estimado de lectura\" \/>\n\t<meta name=\"twitter:data1\" content=\"1 minuto\" \/>\n<script type=\"application\/ld+json\" class=\"yoast-schema-graph\">{\"@context\":\"https:\/\/schema.org\",\"@graph\":[{\"@type\":\"WebPage\",\"@id\":\"https:\/\/allwintheme.com\/product\/asterigos-curse-of-the-stars\/\",\"url\":\"https:\/\/allwintheme.com\/product\/asterigos-curse-of-the-stars\/\",\"name\":\"Asterigos: Curse of the Stars - AllWin Theme \u2013 Free WordPress Themes Download\",\"isPartOf\":{\"@id\":\"https:\/\/allwintheme.com\/#website\"},\"primaryImageOfPage\":{\"@id\":\"https:\/\/allwintheme.com\/product\/asterigos-curse-of-the-stars\/#primaryimage\"},\"image\":{\"@id\":\"https:\/\/allwintheme.com\/product\/asterigos-curse-of-the-stars\/#primaryimage\"},\"thumbnailUrl\":\"https:\/\/allwintheme.com\/wp-content\/uploads\/2023\/07\/01_theme-preview.jpg\",\"datePublished\":\"2023-07-17T13:41:34+00:00\",\"dateModified\":\"2025-07-31T19:16:23+00:00\",\"breadcrumb\":{\"@id\":\"https:\/\/allwintheme.com\/product\/asterigos-curse-of-the-stars\/#breadcrumb\"},\"inLanguage\":\"es-CL\",\"potentialAction\":[{\"@type\":\"ReadAction\",\"target\":[\"https:\/\/allwintheme.com\/product\/asterigos-curse-of-the-stars\/\"]}]},{\"@type\":\"ImageObject\",\"inLanguage\":\"es-CL\",\"@id\":\"https:\/\/allwintheme.com\/product\/asterigos-curse-of-the-stars\/#primaryimage\",\"url\":\"https:\/\/allwintheme.com\/wp-content\/uploads\/2023\/07\/01_theme-preview.jpg\",\"contentUrl\":\"https:\/\/allwintheme.com\/wp-content\/uploads\/2023\/07\/01_theme-preview.jpg\",\"width\":1000,\"height\":508},{\"@type\":\"BreadcrumbList\",\"@id\":\"https:\/\/allwintheme.com\/product\/asterigos-curse-of-the-stars\/#breadcrumb\",\"itemListElement\":[{\"@type\":\"ListItem\",\"position\":1,\"name\":\"Home\",\"item\":\"https:\/\/allwintheme.com\/\"},{\"@type\":\"ListItem\",\"position\":2,\"name\":\"Shop\",\"item\":\"https:\/\/allwintheme.com\/shop\/\"},{\"@type\":\"ListItem\",\"position\":3,\"name\":\"Asterigos: Curse of the Stars\"}]},{\"@type\":\"WebSite\",\"@id\":\"https:\/\/allwintheme.com\/#website\",\"url\":\"https:\/\/allwintheme.com\/\",\"name\":\"Allwintheme\",\"description\":\"Download free WordPress themes for every niche. Blogs, business, eCommerce, portfolio, restaurant and more. All themes are GPL licensed and mobile-ready.\",\"potentialAction\":[{\"@type\":\"SearchAction\",\"target\":{\"@type\":\"EntryPoint\",\"urlTemplate\":\"https:\/\/allwintheme.com\/?s={search_term_string}\"},\"query-input\":{\"@type\":\"PropertyValueSpecification\",\"valueRequired\":true,\"valueName\":\"search_term_string\"}}],\"inLanguage\":\"es-CL\"}]}<\/script>\n<!-- \/ Yoast SEO Premium plugin. -->","yoast_head_json":{"title":"Asterigos: Curse of the Stars - AllWin Theme \u2013 Free WordPress Themes Download","robots":{"index":"index","follow":"follow","max-snippet":"max-snippet:-1","max-image-preview":"max-image-preview:large","max-video-preview":"max-video-preview:-1"},"canonical":"https:\/\/allwintheme.com\/es\/producto\/asterigos-maldicion-de-las-estrellas\/","og_locale":"es_ES","og_type":"article","og_title":"Asterigos: Curse of the Stars","og_description":"A vast world where open fields with a variety of situations and huge dungeons with complex and three-dimensional designs are seamlessly connected. In addition to multiplayer, where you can directly connect with other players.","og_url":"https:\/\/allwintheme.com\/es\/producto\/asterigos-maldicion-de-las-estrellas\/","og_site_name":"AllWin Theme \u2013 Free WordPress Themes Download","article_modified_time":"2025-07-31T19:16:23+00:00","og_image":[{"width":1000,"height":508,"url":"https:\/\/allwintheme.com\/wp-content\/uploads\/2023\/07\/01_theme-preview.jpg","type":"image\/jpeg"}],"twitter_card":"summary_large_image","twitter_misc":{"Tiempo estimado de lectura":"1 minuto"},"schema":{"@context":"https:\/\/schema.org","@graph":[{"@type":"WebPage","@id":"https:\/\/allwintheme.com\/product\/asterigos-curse-of-the-stars\/","url":"https:\/\/allwintheme.com\/product\/asterigos-curse-of-the-stars\/","name":"Asterigos: Curse of the Stars - AllWin Theme \u2013 Free WordPress Themes Download","isPartOf":{"@id":"https:\/\/allwintheme.com\/#website"},"primaryImageOfPage":{"@id":"https:\/\/allwintheme.com\/product\/asterigos-curse-of-the-stars\/#primaryimage"},"image":{"@id":"https:\/\/allwintheme.com\/product\/asterigos-curse-of-the-stars\/#primaryimage"},"thumbnailUrl":"https:\/\/allwintheme.com\/wp-content\/uploads\/2023\/07\/01_theme-preview.jpg","datePublished":"2023-07-17T13:41:34+00:00","dateModified":"2025-07-31T19:16:23+00:00","breadcrumb":{"@id":"https:\/\/allwintheme.com\/product\/asterigos-curse-of-the-stars\/#breadcrumb"},"inLanguage":"es-CL","potentialAction":[{"@type":"ReadAction","target":["https:\/\/allwintheme.com\/product\/asterigos-curse-of-the-stars\/"]}]},{"@type":"ImageObject","inLanguage":"es-CL","@id":"https:\/\/allwintheme.com\/product\/asterigos-curse-of-the-stars\/#primaryimage","url":"https:\/\/allwintheme.com\/wp-content\/uploads\/2023\/07\/01_theme-preview.jpg","contentUrl":"https:\/\/allwintheme.com\/wp-content\/uploads\/2023\/07\/01_theme-preview.jpg","width":1000,"height":508},{"@type":"BreadcrumbList","@id":"https:\/\/allwintheme.com\/product\/asterigos-curse-of-the-stars\/#breadcrumb","itemListElement":[{"@type":"ListItem","position":1,"name":"Home","item":"https:\/\/allwintheme.com\/"},{"@type":"ListItem","position":2,"name":"Shop","item":"https:\/\/allwintheme.com\/shop\/"},{"@type":"ListItem","position":3,"name":"Asterigos: Curse of the Stars"}]},{"@type":"WebSite","@id":"https:\/\/allwintheme.com\/#website","url":"https:\/\/allwintheme.com\/","name":"Allwintheme","description":"Descarga gratis temas de WordPress para todos los nichos. Blogs, negocios, comercio electr\u00f3nico, portafolio, restaurante y m\u00e1s. Todos los temas tienen licencia GPL y est\u00e1n preparados para dispositivos m\u00f3viles.","potentialAction":[{"@type":"SearchAction","target":{"@type":"EntryPoint","urlTemplate":"https:\/\/allwintheme.com\/?s={search_term_string}"},"query-input":{"@type":"PropertyValueSpecification","valueRequired":true,"valueName":"search_term_string"}}],"inLanguage":"es-CL"}]}},"_links":{"self":[{"href":"https:\/\/allwintheme.com\/es\/wp-json\/wp\/v2\/product\/549","targetHints":{"allow":["GET"]}}],"collection":[{"href":"https:\/\/allwintheme.com\/es\/wp-json\/wp\/v2\/product"}],"about":[{"href":"https:\/\/allwintheme.com\/es\/wp-json\/wp\/v2\/types\/product"}],"replies":[{"embeddable":true,"href":"https:\/\/allwintheme.com\/es\/wp-json\/wp\/v2\/comments?post=549"}],"version-history":[{"count":0,"href":"https:\/\/allwintheme.com\/es\/wp-json\/wp\/v2\/product\/549\/revisions"}],"wp:featuredmedia":[{"embeddable":true,"href":"https:\/\/allwintheme.com\/es\/wp-json\/wp\/v2\/media\/2779"}],"wp:attachment":[{"href":"https:\/\/allwintheme.com\/es\/wp-json\/wp\/v2\/media?parent=549"}],"wp:term":[{"taxonomy":"product_brand","embeddable":true,"href":"https:\/\/allwintheme.com\/es\/wp-json\/wp\/v2\/product_brand?post=549"},{"taxonomy":"product_cat","embeddable":true,"href":"https:\/\/allwintheme.com\/es\/wp-json\/wp\/v2\/product_cat?post=549"},{"taxonomy":"product_tag","embeddable":true,"href":"https:\/\/allwintheme.com\/es\/wp-json\/wp\/v2\/product_tag?post=549"}],"curies":[{"name":"wp","href":"https:\/\/api.w.org\/{rel}","templated":true}]}}