{"id":5570,"date":"2025-09-04T08:00:22","date_gmt":"2025-09-04T08:00:22","guid":{"rendered":"https:\/\/allwintheme.com\/?post_type=product&#038;p=5570"},"modified":"2025-09-04T08:08:16","modified_gmt":"2025-09-04T08:08:16","slug":"traderoom-online-trading-courses-elementor-kit","status":"publish","type":"product","link":"https:\/\/allwintheme.com\/es\/producto\/traderoom-online-trading-courses-elementor-kit\/","title":{"rendered":"Traderoom Cursos de Comercio Online Elementor Kit"},"content":{"rendered":"<div data-elementor-type=\"wp-post\" data-elementor-id=\"5570\" class=\"elementor elementor-5570\" data-elementor-settings=\"{&quot;element_pack_global_tooltip_width&quot;:{&quot;unit&quot;:&quot;px&quot;,&quot;size&quot;:&quot;&quot;,&quot;sizes&quot;:[]},&quot;element_pack_global_tooltip_width_tablet&quot;:{&quot;unit&quot;:&quot;px&quot;,&quot;size&quot;:&quot;&quot;,&quot;sizes&quot;:[]},&quot;element_pack_global_tooltip_width_mobile&quot;:{&quot;unit&quot;:&quot;px&quot;,&quot;size&quot;:&quot;&quot;,&quot;sizes&quot;:[]},&quot;element_pack_global_tooltip_padding&quot;:{&quot;unit&quot;:&quot;px&quot;,&quot;top&quot;:&quot;&quot;,&quot;right&quot;:&quot;&quot;,&quot;bottom&quot;:&quot;&quot;,&quot;left&quot;:&quot;&quot;,&quot;isLinked&quot;:true},&quot;element_pack_global_tooltip_padding_tablet&quot;:{&quot;unit&quot;:&quot;px&quot;,&quot;top&quot;:&quot;&quot;,&quot;right&quot;:&quot;&quot;,&quot;bottom&quot;:&quot;&quot;,&quot;left&quot;:&quot;&quot;,&quot;isLinked&quot;:true},&quot;element_pack_global_tooltip_padding_mobile&quot;:{&quot;unit&quot;:&quot;px&quot;,&quot;top&quot;:&quot;&quot;,&quot;right&quot;:&quot;&quot;,&quot;bottom&quot;:&quot;&quot;,&quot;left&quot;:&quot;&quot;,&quot;isLinked&quot;:true},&quot;element_pack_global_tooltip_border_radius&quot;:{&quot;unit&quot;:&quot;px&quot;,&quot;top&quot;:&quot;&quot;,&quot;right&quot;:&quot;&quot;,&quot;bottom&quot;:&quot;&quot;,&quot;left&quot;:&quot;&quot;,&quot;isLinked&quot;:true},&quot;element_pack_global_tooltip_border_radius_tablet&quot;:{&quot;unit&quot;:&quot;px&quot;,&quot;top&quot;:&quot;&quot;,&quot;right&quot;:&quot;&quot;,&quot;bottom&quot;:&quot;&quot;,&quot;left&quot;:&quot;&quot;,&quot;isLinked&quot;:true},&quot;element_pack_global_tooltip_border_radius_mobile&quot;:{&quot;unit&quot;:&quot;px&quot;,&quot;top&quot;:&quot;&quot;,&quot;right&quot;:&quot;&quot;,&quot;bottom&quot;:&quot;&quot;,&quot;left&quot;:&quot;&quot;,&quot;isLinked&quot;:true}}\" data-elementor-post-type=\"product\">\n\t\t\t\t<div class=\"elementor-element elementor-element-93aa4a8 e-con-full e-flex e-con e-parent\" data-id=\"93aa4a8\" data-element_type=\"container\" data-e-type=\"container\">\n\t\t\t\t<div class=\"elementor-element elementor-element-2c3f760 miaoshu elementor-widget elementor-widget-wd_text_block\" data-id=\"2c3f760\" data-element_type=\"widget\" data-e-type=\"widget\" data-widget_type=\"wd_text_block.default\">\n\t\t\t\t<div class=\"elementor-widget-container\">\n\t\t\t\t\t\t\t<div class=\"wd-text-block reset-last-child text-left\">\n\t\t\t\n\t\t\t<h2 dir=\"auto\">\u00bfQu\u00e9 es Traderoom Online Trading Courses Elementor Kit?<\/h2><p dir=\"auto\">Traderoom Online Trading Courses Elementor Kit es un completo conjunto de plantillas predise\u00f1adas para crear sitios web profesionales y atractivos para cursos de trading online. Creado espec\u00edficamente para Elementor, el principal creador de p\u00e1ginas de WordPress, este kit permite a las academias de trading, entrenadores e instituciones crear plataformas modernas y funcionales que atraigan a estudiantes deseosos de aprender sobre mercados financieros, an\u00e1lisis t\u00e9cnico y estrategias de inversi\u00f3n.<\/p><p dir=\"auto\">Con Traderoom, puede personalizar f\u00e1cilmente cada p\u00e1gina para alinearla con su marca y sus objetivos, ofreciendo una experiencia intuitiva y profesional a los usuarios interesados en la formaci\u00f3n en negociaci\u00f3n.<\/p><h2 dir=\"auto\">Beneficios clave de Traderoom Online Trading Courses Elementor Kit<\/h2><ul dir=\"auto\"><li><strong>Dise\u00f1o profesional orientado al trading<\/strong>: Las plantillas est\u00e1n elaboradas con una est\u00e9tica moderna y cre\u00edble que resuena entre los estudiantes que buscan cursos de comercio fiables.<\/li><li><strong>Personalizaci\u00f3n sin c\u00f3digo<\/strong>: Ajusta f\u00e1cilmente los colores, las fuentes, las im\u00e1genes y el contenido mediante la interfaz de arrastrar y soltar de Elementor, sin necesidad de conocimientos t\u00e9cnicos avanzados.<\/li><li><strong>Optimizaci\u00f3n m\u00f3vil y SEO<\/strong>: El dise\u00f1o totalmente adaptable garantiza una experiencia fluida en todos los dispositivos, mientras que la optimizaci\u00f3n SEO aumenta el tr\u00e1fico org\u00e1nico.<\/li><li><strong>Presentaci\u00f3n atractiva del curso<\/strong>: Destaque los detalles del curso, los precios y los programas con secciones predefinidas dise\u00f1adas para la educaci\u00f3n comercial.<\/li><li><strong>Eficiencia en tiempo y costes<\/strong>: Lance su sitio r\u00e1pidamente con plantillas listas para usar, eliminando la necesidad de costosos desarrolladores web.<\/li><li><strong>Generar confianza con los testimonios<\/strong>: Presentar historias de \u00e9xito de estudiantes para aumentar la credibilidad y atraer a nuevos alumnos.<\/li><\/ul><h2 dir=\"auto\">Caracter\u00edsticas destacadas de Traderoom Online Trading Courses Elementor Kit<\/h2><ul dir=\"auto\"><li><strong>P\u00e1ginas espec\u00edficas de los cursos<\/strong>: Plantillas predise\u00f1adas para los detalles del curso, incluidos los m\u00f3dulos, el precio y la duraci\u00f3n.<\/li><li><strong>Instructor y secciones del equipo<\/strong>: Destaque la experiencia y las credenciales de sus instructores comerciales.<\/li><li><strong>Formularios de inscripci\u00f3n intuitivos<\/strong>: Simplifique las inscripciones con formularios claros y f\u00e1ciles de usar.<\/li><li><strong>Dise\u00f1o adaptable<\/strong>: Plantillas optimizadas para ordenadores de sobremesa, tabletas y dispositivos m\u00f3viles.<\/li><li><strong>Integraci\u00f3n con Elementor<\/strong>: Personaliza cada elemento sin esfuerzo con las herramientas visuales de arrastrar y soltar de Elementor.<\/li><li><strong>Secci\u00f3n de blogs educativos<\/strong>: Comparta an\u00e1lisis de mercado, estrategias de negociaci\u00f3n y noticias financieras para establecer autoridad y atraer tr\u00e1fico.<\/li><li><strong>Compatibilidad con WordPress<\/strong>: Se integra perfectamente con cualquier instalaci\u00f3n de WordPress utilizando Elementor para mayor flexibilidad y escalabilidad.<\/li><li><strong>Testimonios y opiniones<\/strong>: Genere confianza con secciones dedicadas a los comentarios y opiniones de los estudiantes.<\/li><\/ul><h2 dir=\"auto\">\u00bfC\u00f3mo funciona Traderoom Online Trading Courses Elementor Kit?<\/h2><p dir=\"auto\">Traderoom se integra perfectamente con Elementor y WordPress, lo que te permite importar y personalizar plantillas con facilidad. Una vez instaladas, selecciona y edita las plantillas para adaptarlas a la identidad de tu marca ajustando colores, im\u00e1genes, texto y dise\u00f1os. El kit incluye plantillas para mostrar programas acad\u00e9micos, perfiles de profesores, galer\u00edas de testimonios y blogs educativos, para garantizar que su sitio sea funcional y eficaz a la hora de convertir visitantes en estudiantes matriculados.<\/p><h2 dir=\"auto\">\u00bfPor qu\u00e9 elegir Traderoom Online Trading Courses Elementor Kit?<\/h2><p dir=\"auto\">Traderoom es la soluci\u00f3n ideal para establecer una presencia profesional en l\u00ednea en el competitivo mercado de la formaci\u00f3n en comercio. Su dise\u00f1o intuitivo, combinado con plantillas espec\u00edficas del sector, lo hace perfecto para atraer a estudiantes interesados en el trading y los mercados financieros. Optimizado para SEO y dispositivos m\u00f3viles, Traderoom garantiza que su sitio tenga un aspecto atractivo y un buen rendimiento, generando m\u00e1s tr\u00e1fico org\u00e1nico y mejorando su visibilidad en l\u00ednea.<\/p><h2 dir=\"auto\">Conclusi\u00f3n<\/h2><p dir=\"auto\">Traderoom Online Trading Courses Elementor Kit es una herramienta imprescindible para academias de trading, entrenadores y expertos que buscan crear un sitio web profesional y funcional. Gracias a su dise\u00f1o adaptable, su optimizaci\u00f3n SEO y su f\u00e1cil personalizaci\u00f3n, este kit le ayudar\u00e1 a destacar en el mercado de la formaci\u00f3n en l\u00ednea y a atraer a m\u00e1s estudiantes a sus programas. \u00bfListo para elevar su negocio de cursos de trading? Comience hoy mismo con Traderoom y cree un sitio web que inspire confianza y profesionalidad.<\/p><h2 dir=\"auto\">Plugins necesarios<\/h2><ul dir=\"auto\"><li>Elementor<\/li><li>ElementsKit Lite<\/li><li>MetForm<\/li><li>Kit Jeg Elementor<\/li><\/ul><h2 dir=\"auto\">C\u00f3mo usar este kit de Elementor<\/h2><ol dir=\"auto\"><li>Descargue el plugin \"Envato Elements\" o \"Template Kit Import\" del repositorio de WordPress.<\/li><li>Importe su Kit de Plantillas Elementor adquirido.<\/li><li>Cargue estilos globales y personal\u00edcelos seg\u00fan sea necesario al crear nuevas p\u00e1ginas.<\/li><\/ol>\n\t\t\t\t\t<\/div>\n\t\t\t\t\t\t<\/div>\n\t\t\t\t<\/div>\n\t\t\t\t<\/div>\n\t\t\t\t<\/div>","protected":false},"excerpt":{"rendered":"<p>What is Traderoom Online Trading Courses Elementor Kit? Traderoom Online Trading Courses Elementor Kit is a comprehensive set of pre-designed<\/p>","protected":false},"featured_media":5571,"comment_status":"open","ping_status":"closed","template":"","meta":{"_acf_changed":false},"product_brand":[],"product_cat":[50],"product_tag":[],"class_list":{"0":"post-5570","1":"product","2":"type-product","3":"status-publish","4":"has-post-thumbnail","6":"product_cat-template-kits","8":"first","9":"instock","10":"sale","11":"downloadable","12":"shipping-taxable","13":"purchasable","14":"product-type-simple"},"acf":[],"yoast_head":"<!-- This site is optimized with the Yoast SEO Premium plugin v25.6 (Yoast SEO v27.1.1) - https:\/\/yoast.com\/product\/yoast-seo-premium-wordpress\/ -->\n<title>Traderoom Online Trading Courses Elementor Kit - AllWin Theme \u2013 Free WordPress Themes Download<\/title>\n<meta name=\"description\" content=\"Create a professional trading course website with Traderoom Elementor Kit. Fully customizable, SEO-optimized, and mobile-responsive templates for WordPress.\" \/>\n<meta name=\"robots\" content=\"index, follow, max-snippet:-1, max-image-preview:large, max-video-preview:-1\" \/>\n<link rel=\"canonical\" href=\"https:\/\/allwintheme.com\/es\/producto\/traderoom-online-trading-courses-elementor-kit\/\" \/>\n<meta property=\"og:locale\" content=\"es_ES\" \/>\n<meta property=\"og:type\" content=\"article\" \/>\n<meta property=\"og:title\" content=\"Traderoom Online Trading Courses Elementor Kit\" \/>\n<meta property=\"og:description\" content=\"Create a professional trading course website with Traderoom Elementor Kit. Fully customizable, SEO-optimized, and mobile-responsive templates for WordPress.\" \/>\n<meta property=\"og:url\" content=\"https:\/\/allwintheme.com\/es\/producto\/traderoom-online-trading-courses-elementor-kit\/\" \/>\n<meta property=\"og:site_name\" content=\"AllWin Theme \u2013 Free WordPress Themes Download\" \/>\n<meta property=\"article:modified_time\" content=\"2025-09-04T08:08:16+00:00\" \/>\n<meta property=\"og:image\" content=\"https:\/\/allwintheme.com\/wp-content\/uploads\/2025\/09\/ctic3wa7.png\" \/>\n\t<meta property=\"og:image:width\" content=\"590\" \/>\n\t<meta property=\"og:image:height\" content=\"300\" \/>\n\t<meta property=\"og:image:type\" content=\"image\/png\" \/>\n<meta name=\"twitter:card\" content=\"summary_large_image\" \/>\n<meta name=\"twitter:label1\" content=\"Tiempo estimado de lectura\" \/>\n\t<meta name=\"twitter:data1\" content=\"4 minutos\" \/>\n<script type=\"application\/ld+json\" class=\"yoast-schema-graph\">{\"@context\":\"https:\/\/schema.org\",\"@graph\":[{\"@type\":\"WebPage\",\"@id\":\"https:\/\/allwintheme.com\/product\/traderoom-online-trading-courses-elementor-kit\/\",\"url\":\"https:\/\/allwintheme.com\/product\/traderoom-online-trading-courses-elementor-kit\/\",\"name\":\"Traderoom Online Trading Courses Elementor Kit - AllWin Theme \u2013 Free WordPress Themes Download\",\"isPartOf\":{\"@id\":\"https:\/\/allwintheme.com\/#website\"},\"primaryImageOfPage\":{\"@id\":\"https:\/\/allwintheme.com\/product\/traderoom-online-trading-courses-elementor-kit\/#primaryimage\"},\"image\":{\"@id\":\"https:\/\/allwintheme.com\/product\/traderoom-online-trading-courses-elementor-kit\/#primaryimage\"},\"thumbnailUrl\":\"https:\/\/allwintheme.com\/wp-content\/uploads\/2025\/09\/ctic3wa7.png\",\"datePublished\":\"2025-09-04T08:00:22+00:00\",\"dateModified\":\"2025-09-04T08:08:16+00:00\",\"description\":\"Create a professional trading course website with Traderoom Elementor Kit. Fully customizable, SEO-optimized, and mobile-responsive templates for WordPress.\",\"breadcrumb\":{\"@id\":\"https:\/\/allwintheme.com\/product\/traderoom-online-trading-courses-elementor-kit\/#breadcrumb\"},\"inLanguage\":\"es-CL\",\"potentialAction\":[{\"@type\":\"ReadAction\",\"target\":[\"https:\/\/allwintheme.com\/product\/traderoom-online-trading-courses-elementor-kit\/\"]}]},{\"@type\":\"ImageObject\",\"inLanguage\":\"es-CL\",\"@id\":\"https:\/\/allwintheme.com\/product\/traderoom-online-trading-courses-elementor-kit\/#primaryimage\",\"url\":\"https:\/\/allwintheme.com\/wp-content\/uploads\/2025\/09\/ctic3wa7.png\",\"contentUrl\":\"https:\/\/allwintheme.com\/wp-content\/uploads\/2025\/09\/ctic3wa7.png\",\"width\":590,\"height\":300,\"caption\":\"Traderoom Online trading courses Elementor Kit\"},{\"@type\":\"BreadcrumbList\",\"@id\":\"https:\/\/allwintheme.com\/product\/traderoom-online-trading-courses-elementor-kit\/#breadcrumb\",\"itemListElement\":[{\"@type\":\"ListItem\",\"position\":1,\"name\":\"Home\",\"item\":\"https:\/\/allwintheme.com\/\"},{\"@type\":\"ListItem\",\"position\":2,\"name\":\"Shop\",\"item\":\"https:\/\/allwintheme.com\/shop\/\"},{\"@type\":\"ListItem\",\"position\":3,\"name\":\"Traderoom Online Trading Courses Elementor Kit\"}]},{\"@type\":\"WebSite\",\"@id\":\"https:\/\/allwintheme.com\/#website\",\"url\":\"https:\/\/allwintheme.com\/\",\"name\":\"Allwintheme\",\"description\":\"Download free WordPress themes for every niche. Blogs, business, eCommerce, portfolio, restaurant and more. All themes are GPL licensed and mobile-ready.\",\"potentialAction\":[{\"@type\":\"SearchAction\",\"target\":{\"@type\":\"EntryPoint\",\"urlTemplate\":\"https:\/\/allwintheme.com\/?s={search_term_string}\"},\"query-input\":{\"@type\":\"PropertyValueSpecification\",\"valueRequired\":true,\"valueName\":\"search_term_string\"}}],\"inLanguage\":\"es-CL\"}]}<\/script>\n<!-- \/ Yoast SEO Premium plugin. -->","yoast_head_json":{"title":"Traderoom Online Trading Courses Elementor Kit - AllWin Theme \u2013 Free WordPress Themes Download","description":"Cree un sitio web profesional para cursos de trading con Traderoom Elementor Kit. Plantillas para WordPress totalmente personalizables, optimizadas para SEO y adaptables a dispositivos m\u00f3viles.","robots":{"index":"index","follow":"follow","max-snippet":"max-snippet:-1","max-image-preview":"max-image-preview:large","max-video-preview":"max-video-preview:-1"},"canonical":"https:\/\/allwintheme.com\/es\/producto\/traderoom-online-trading-courses-elementor-kit\/","og_locale":"es_ES","og_type":"article","og_title":"Traderoom Online Trading Courses Elementor Kit","og_description":"Create a professional trading course website with Traderoom Elementor Kit. Fully customizable, SEO-optimized, and mobile-responsive templates for WordPress.","og_url":"https:\/\/allwintheme.com\/es\/producto\/traderoom-online-trading-courses-elementor-kit\/","og_site_name":"AllWin Theme \u2013 Free WordPress Themes Download","article_modified_time":"2025-09-04T08:08:16+00:00","og_image":[{"width":590,"height":300,"url":"https:\/\/allwintheme.com\/wp-content\/uploads\/2025\/09\/ctic3wa7.png","type":"image\/png"}],"twitter_card":"summary_large_image","twitter_misc":{"Tiempo estimado de lectura":"4 minutos"},"schema":{"@context":"https:\/\/schema.org","@graph":[{"@type":"WebPage","@id":"https:\/\/allwintheme.com\/product\/traderoom-online-trading-courses-elementor-kit\/","url":"https:\/\/allwintheme.com\/product\/traderoom-online-trading-courses-elementor-kit\/","name":"Traderoom Online Trading Courses Elementor Kit - AllWin Theme \u2013 Free WordPress Themes Download","isPartOf":{"@id":"https:\/\/allwintheme.com\/#website"},"primaryImageOfPage":{"@id":"https:\/\/allwintheme.com\/product\/traderoom-online-trading-courses-elementor-kit\/#primaryimage"},"image":{"@id":"https:\/\/allwintheme.com\/product\/traderoom-online-trading-courses-elementor-kit\/#primaryimage"},"thumbnailUrl":"https:\/\/allwintheme.com\/wp-content\/uploads\/2025\/09\/ctic3wa7.png","datePublished":"2025-09-04T08:00:22+00:00","dateModified":"2025-09-04T08:08:16+00:00","description":"Cree un sitio web profesional para cursos de trading con Traderoom Elementor Kit. Plantillas para WordPress totalmente personalizables, optimizadas para SEO y adaptables a dispositivos m\u00f3viles.","breadcrumb":{"@id":"https:\/\/allwintheme.com\/product\/traderoom-online-trading-courses-elementor-kit\/#breadcrumb"},"inLanguage":"es-CL","potentialAction":[{"@type":"ReadAction","target":["https:\/\/allwintheme.com\/product\/traderoom-online-trading-courses-elementor-kit\/"]}]},{"@type":"ImageObject","inLanguage":"es-CL","@id":"https:\/\/allwintheme.com\/product\/traderoom-online-trading-courses-elementor-kit\/#primaryimage","url":"https:\/\/allwintheme.com\/wp-content\/uploads\/2025\/09\/ctic3wa7.png","contentUrl":"https:\/\/allwintheme.com\/wp-content\/uploads\/2025\/09\/ctic3wa7.png","width":590,"height":300,"caption":"Traderoom Online trading courses Elementor Kit"},{"@type":"BreadcrumbList","@id":"https:\/\/allwintheme.com\/product\/traderoom-online-trading-courses-elementor-kit\/#breadcrumb","itemListElement":[{"@type":"ListItem","position":1,"name":"Home","item":"https:\/\/allwintheme.com\/"},{"@type":"ListItem","position":2,"name":"Shop","item":"https:\/\/allwintheme.com\/shop\/"},{"@type":"ListItem","position":3,"name":"Traderoom Online Trading Courses Elementor Kit"}]},{"@type":"WebSite","@id":"https:\/\/allwintheme.com\/#website","url":"https:\/\/allwintheme.com\/","name":"Allwintheme","description":"Descarga gratis temas de WordPress para todos los nichos. Blogs, negocios, comercio electr\u00f3nico, portafolio, restaurante y m\u00e1s. Todos los temas tienen licencia GPL y est\u00e1n preparados para dispositivos m\u00f3viles.","potentialAction":[{"@type":"SearchAction","target":{"@type":"EntryPoint","urlTemplate":"https:\/\/allwintheme.com\/?s={search_term_string}"},"query-input":{"@type":"PropertyValueSpecification","valueRequired":true,"valueName":"search_term_string"}}],"inLanguage":"es-CL"}]}},"_links":{"self":[{"href":"https:\/\/allwintheme.com\/es\/wp-json\/wp\/v2\/product\/5570","targetHints":{"allow":["GET"]}}],"collection":[{"href":"https:\/\/allwintheme.com\/es\/wp-json\/wp\/v2\/product"}],"about":[{"href":"https:\/\/allwintheme.com\/es\/wp-json\/wp\/v2\/types\/product"}],"replies":[{"embeddable":true,"href":"https:\/\/allwintheme.com\/es\/wp-json\/wp\/v2\/comments?post=5570"}],"version-history":[{"count":0,"href":"https:\/\/allwintheme.com\/es\/wp-json\/wp\/v2\/product\/5570\/revisions"}],"wp:featuredmedia":[{"embeddable":true,"href":"https:\/\/allwintheme.com\/es\/wp-json\/wp\/v2\/media\/5571"}],"wp:attachment":[{"href":"https:\/\/allwintheme.com\/es\/wp-json\/wp\/v2\/media?parent=5570"}],"wp:term":[{"taxonomy":"product_brand","embeddable":true,"href":"https:\/\/allwintheme.com\/es\/wp-json\/wp\/v2\/product_brand?post=5570"},{"taxonomy":"product_cat","embeddable":true,"href":"https:\/\/allwintheme.com\/es\/wp-json\/wp\/v2\/product_cat?post=5570"},{"taxonomy":"product_tag","embeddable":true,"href":"https:\/\/allwintheme.com\/es\/wp-json\/wp\/v2\/product_tag?post=5570"}],"curies":[{"name":"wp","href":"https:\/\/api.w.org\/{rel}","templated":true}]}}