{"id":5577,"date":"2025-09-04T11:38:02","date_gmt":"2025-09-04T11:38:02","guid":{"rendered":"https:\/\/allwintheme.com\/?post_type=product&#038;p=5577"},"modified":"2025-09-04T11:47:04","modified_gmt":"2025-09-04T11:47:04","slug":"cryptocurrency-elementor-template-kit-meme-koin-elementor-kit","status":"publish","type":"product","link":"https:\/\/allwintheme.com\/es\/producto\/cryptocurrency-elementor-template-kit-meme-koin-elementor-kit\/","title":{"rendered":"Meme Koin: Cryptocurrency Elementor Template Kit"},"content":{"rendered":"<div data-elementor-type=\"wp-post\" data-elementor-id=\"5577\" class=\"elementor elementor-5577\" data-elementor-settings=\"{&quot;element_pack_global_tooltip_width&quot;:{&quot;unit&quot;:&quot;px&quot;,&quot;size&quot;:&quot;&quot;,&quot;sizes&quot;:[]},&quot;element_pack_global_tooltip_width_tablet&quot;:{&quot;unit&quot;:&quot;px&quot;,&quot;size&quot;:&quot;&quot;,&quot;sizes&quot;:[]},&quot;element_pack_global_tooltip_width_mobile&quot;:{&quot;unit&quot;:&quot;px&quot;,&quot;size&quot;:&quot;&quot;,&quot;sizes&quot;:[]},&quot;element_pack_global_tooltip_padding&quot;:{&quot;unit&quot;:&quot;px&quot;,&quot;top&quot;:&quot;&quot;,&quot;right&quot;:&quot;&quot;,&quot;bottom&quot;:&quot;&quot;,&quot;left&quot;:&quot;&quot;,&quot;isLinked&quot;:true},&quot;element_pack_global_tooltip_padding_tablet&quot;:{&quot;unit&quot;:&quot;px&quot;,&quot;top&quot;:&quot;&quot;,&quot;right&quot;:&quot;&quot;,&quot;bottom&quot;:&quot;&quot;,&quot;left&quot;:&quot;&quot;,&quot;isLinked&quot;:true},&quot;element_pack_global_tooltip_padding_mobile&quot;:{&quot;unit&quot;:&quot;px&quot;,&quot;top&quot;:&quot;&quot;,&quot;right&quot;:&quot;&quot;,&quot;bottom&quot;:&quot;&quot;,&quot;left&quot;:&quot;&quot;,&quot;isLinked&quot;:true},&quot;element_pack_global_tooltip_border_radius&quot;:{&quot;unit&quot;:&quot;px&quot;,&quot;top&quot;:&quot;&quot;,&quot;right&quot;:&quot;&quot;,&quot;bottom&quot;:&quot;&quot;,&quot;left&quot;:&quot;&quot;,&quot;isLinked&quot;:true},&quot;element_pack_global_tooltip_border_radius_tablet&quot;:{&quot;unit&quot;:&quot;px&quot;,&quot;top&quot;:&quot;&quot;,&quot;right&quot;:&quot;&quot;,&quot;bottom&quot;:&quot;&quot;,&quot;left&quot;:&quot;&quot;,&quot;isLinked&quot;:true},&quot;element_pack_global_tooltip_border_radius_mobile&quot;:{&quot;unit&quot;:&quot;px&quot;,&quot;top&quot;:&quot;&quot;,&quot;right&quot;:&quot;&quot;,&quot;bottom&quot;:&quot;&quot;,&quot;left&quot;:&quot;&quot;,&quot;isLinked&quot;:true}}\" data-elementor-post-type=\"product\">\n\t\t\t\t<div class=\"elementor-element elementor-element-93aa4a8 e-con-full e-flex e-con e-parent\" data-id=\"93aa4a8\" data-element_type=\"container\" data-e-type=\"container\">\n\t\t\t\t<div class=\"elementor-element elementor-element-2c3f760 miaoshu elementor-widget elementor-widget-wd_text_block\" data-id=\"2c3f760\" data-element_type=\"widget\" data-e-type=\"widget\" data-widget_type=\"wd_text_block.default\">\n\t\t\t\t<div class=\"elementor-widget-container\">\n\t\t\t\t\t\t\t<div class=\"wd-text-block reset-last-child text-left\">\n\t\t\t\n\t\t\t<h2>Meme Koin: Su kit definitivo de plantillas de memes criptogr\u00e1ficos<\/h2>\n<p>Presentaci\u00f3n de <strong>Meme Koin<\/strong>, El kit de plantilla Elementor perfecto dise\u00f1ado para poner en marcha su proyecto de meme de criptomoneda con estilo y facilidad. Tanto si eres dise\u00f1ador como desarrollador, este kit te permite crear un sitio web moderno y profesional sin escribir una sola l\u00ednea de c\u00f3digo.<\/p>\n\n<h3>\u00bfPor qu\u00e9 elegir Meme Koin?<\/h3>\n<p>Meme Koin incluye <strong>M\u00e1s de 14 dise\u00f1os predise\u00f1ados<\/strong>, Incluye dos dise\u00f1os \u00fanicos de p\u00e1gina de inicio, m\u00e1s de 10 p\u00e1ginas adicionales y encabezados y pies de p\u00e1gina totalmente personalizables. Cada dise\u00f1o es <strong>100% sensible<\/strong>, para que su sitio tenga un aspecto espectacular en cualquier dispositivo, desde ordenadores de sobremesa hasta tel\u00e9fonos inteligentes.<\/p>\n\n<h3>Potentes funciones para una personalizaci\u00f3n sin esfuerzo<\/h3>\n<p>Este kit se integra perfectamente con plugins populares como <strong>Formulario Met<\/strong>, <strong>Kit Jet Elementor<\/strong>, <strong>Complementos esenciales para Elementor<\/strong>y <strong>Fuentes personalizadas<\/strong>. Con estas herramientas, podr\u00e1 adaptar f\u00e1cilmente su sitio a la visi\u00f3n de su marca. Todas las im\u00e1genes, iconos y recursos est\u00e1n incluidos en el archivo descargable, por lo que resulta muy sencillo intercambiar el contenido.<\/p>\n\n<h3>\u00bfNo sabe programar? No hay problema.<\/h3>\n<p>S\u00f3lo necesita el <strong>versi\u00f3n gratuita de Elementor<\/strong> y un tema compatible como <strong>Hola Elementor<\/strong> para empezar. Meme Koin proporciona todo lo que necesita en un solo paquete, ahorr\u00e1ndole tiempo y esfuerzo en comparaci\u00f3n con la construcci\u00f3n de un sitio meme cripto desde cero.<\/p>\n\n<h3>Perfecto para proyectos de criptomonedas<\/h3>\n<p>Ya sea que est\u00e9s lanzando una nueva criptomoneda o promocionando un token basado en memes, Meme Koin ofrece la flexibilidad y el dise\u00f1o profesional que necesitas para destacar en el mundo de las criptomonedas. Con sus elegantes dise\u00f1os y una configuraci\u00f3n f\u00e1cil de usar, su proyecto estar\u00e1 listo y funcionando en muy poco tiempo.<\/p>\n\n<h3>Empiece hoy mismo<\/h3>\n<p>No pierdas tiempo construyendo desde cero. Con <strong>Meme Koin<\/strong>, Con este kit, tendr\u00e1 todo lo que necesita para crear un sitio web de memes criptogr\u00e1ficos moderno, atractivo y totalmente adaptable. Descargue el kit ahora y haga realidad su visi\u00f3n.<\/p>\n\t\t\t\t\t<\/div>\n\t\t\t\t\t\t<\/div>\n\t\t\t\t<\/div>\n\t\t\t\t<\/div>\n\t\t\t\t<\/div>","protected":false},"excerpt":{"rendered":"<p>Meme Koin: Your Ultimate Crypto Meme Template Kit Introducing Meme Koin, the perfect Elementor template kit designed to kickstart your<\/p>","protected":false},"featured_media":5578,"comment_status":"open","ping_status":"closed","template":"","meta":{"_acf_changed":false},"product_brand":[],"product_cat":[50],"product_tag":[],"class_list":{"0":"post-5577","1":"product","2":"type-product","3":"status-publish","4":"has-post-thumbnail","6":"product_cat-template-kits","8":"first","9":"instock","10":"sale","11":"downloadable","12":"shipping-taxable","13":"purchasable","14":"product-type-simple"},"acf":[],"yoast_head":"<!-- This site is optimized with the Yoast SEO Premium plugin v25.6 (Yoast SEO v27.1.1) - https:\/\/yoast.com\/product\/yoast-seo-premium-wordpress\/ -->\n<title>Meme Koin: Cryptocurrency Elementor Template Kit - AllWin Theme \u2013 Free WordPress Themes Download<\/title>\n<meta name=\"description\" content=\"Launch your crypto meme project with Meme Koin, an Elementor template kit featuring 14+ responsive designs, plugins, and easy customization. Start today!\" \/>\n<meta name=\"robots\" content=\"index, follow, max-snippet:-1, max-image-preview:large, max-video-preview:-1\" \/>\n<link rel=\"canonical\" href=\"https:\/\/allwintheme.com\/es\/producto\/cryptocurrency-elementor-template-kit-meme-koin-elementor-kit\/\" \/>\n<meta property=\"og:locale\" content=\"es_ES\" \/>\n<meta property=\"og:type\" content=\"article\" \/>\n<meta property=\"og:title\" content=\"Meme Koin: Cryptocurrency Elementor Template Kit\" \/>\n<meta property=\"og:description\" content=\"Launch your crypto meme project with Meme Koin, an Elementor template kit featuring 14+ responsive designs, plugins, and easy customization. Start today!\" \/>\n<meta property=\"og:url\" content=\"https:\/\/allwintheme.com\/es\/producto\/cryptocurrency-elementor-template-kit-meme-koin-elementor-kit\/\" \/>\n<meta property=\"og:site_name\" content=\"AllWin Theme \u2013 Free WordPress Themes Download\" \/>\n<meta property=\"article:modified_time\" content=\"2025-09-04T11:47:04+00:00\" \/>\n<meta property=\"og:image\" content=\"https:\/\/allwintheme.com\/wp-content\/uploads\/2025\/09\/36gqblkn.png\" \/>\n\t<meta property=\"og:image:width\" content=\"1600\" \/>\n\t<meta property=\"og:image:height\" content=\"1000\" \/>\n\t<meta property=\"og:image:type\" content=\"image\/png\" \/>\n<meta name=\"twitter:card\" content=\"summary_large_image\" \/>\n<meta name=\"twitter:label1\" content=\"Tiempo estimado de lectura\" \/>\n\t<meta name=\"twitter:data1\" content=\"2 minutos\" \/>\n<script type=\"application\/ld+json\" class=\"yoast-schema-graph\">{\"@context\":\"https:\/\/schema.org\",\"@graph\":[{\"@type\":\"WebPage\",\"@id\":\"https:\/\/allwintheme.com\/product\/cryptocurrency-elementor-template-kit-meme-koin-elementor-kit\/\",\"url\":\"https:\/\/allwintheme.com\/product\/cryptocurrency-elementor-template-kit-meme-koin-elementor-kit\/\",\"name\":\"Meme Koin: Cryptocurrency Elementor Template Kit - AllWin Theme \u2013 Free WordPress Themes Download\",\"isPartOf\":{\"@id\":\"https:\/\/allwintheme.com\/#website\"},\"primaryImageOfPage\":{\"@id\":\"https:\/\/allwintheme.com\/product\/cryptocurrency-elementor-template-kit-meme-koin-elementor-kit\/#primaryimage\"},\"image\":{\"@id\":\"https:\/\/allwintheme.com\/product\/cryptocurrency-elementor-template-kit-meme-koin-elementor-kit\/#primaryimage\"},\"thumbnailUrl\":\"https:\/\/allwintheme.com\/wp-content\/uploads\/2025\/09\/36gqblkn.png\",\"datePublished\":\"2025-09-04T11:38:02+00:00\",\"dateModified\":\"2025-09-04T11:47:04+00:00\",\"description\":\"Launch your crypto meme project with Meme Koin, an Elementor template kit featuring 14+ responsive designs, plugins, and easy customization. Start today!\",\"breadcrumb\":{\"@id\":\"https:\/\/allwintheme.com\/product\/cryptocurrency-elementor-template-kit-meme-koin-elementor-kit\/#breadcrumb\"},\"inLanguage\":\"es-CL\",\"potentialAction\":[{\"@type\":\"ReadAction\",\"target\":[\"https:\/\/allwintheme.com\/product\/cryptocurrency-elementor-template-kit-meme-koin-elementor-kit\/\"]}]},{\"@type\":\"ImageObject\",\"inLanguage\":\"es-CL\",\"@id\":\"https:\/\/allwintheme.com\/product\/cryptocurrency-elementor-template-kit-meme-koin-elementor-kit\/#primaryimage\",\"url\":\"https:\/\/allwintheme.com\/wp-content\/uploads\/2025\/09\/36gqblkn.png\",\"contentUrl\":\"https:\/\/allwintheme.com\/wp-content\/uploads\/2025\/09\/36gqblkn.png\",\"width\":1600,\"height\":1000,\"caption\":\"Cryptocurrency Elementor template kit \u2013 Meme Koin Elementor Kit\"},{\"@type\":\"BreadcrumbList\",\"@id\":\"https:\/\/allwintheme.com\/product\/cryptocurrency-elementor-template-kit-meme-koin-elementor-kit\/#breadcrumb\",\"itemListElement\":[{\"@type\":\"ListItem\",\"position\":1,\"name\":\"Home\",\"item\":\"https:\/\/allwintheme.com\/\"},{\"@type\":\"ListItem\",\"position\":2,\"name\":\"Shop\",\"item\":\"https:\/\/allwintheme.com\/shop\/\"},{\"@type\":\"ListItem\",\"position\":3,\"name\":\"Meme Koin: Cryptocurrency Elementor Template Kit\"}]},{\"@type\":\"WebSite\",\"@id\":\"https:\/\/allwintheme.com\/#website\",\"url\":\"https:\/\/allwintheme.com\/\",\"name\":\"Allwintheme\",\"description\":\"Download free WordPress themes for every niche. Blogs, business, eCommerce, portfolio, restaurant and more. All themes are GPL licensed and mobile-ready.\",\"potentialAction\":[{\"@type\":\"SearchAction\",\"target\":{\"@type\":\"EntryPoint\",\"urlTemplate\":\"https:\/\/allwintheme.com\/?s={search_term_string}\"},\"query-input\":{\"@type\":\"PropertyValueSpecification\",\"valueRequired\":true,\"valueName\":\"search_term_string\"}}],\"inLanguage\":\"es-CL\"}]}<\/script>\n<!-- \/ Yoast SEO Premium plugin. -->","yoast_head_json":{"title":"Meme Koin: Cryptocurrency Elementor Template Kit - AllWin Theme \u2013 Free WordPress Themes Download","description":"Lanza tu proyecto de memes criptogr\u00e1ficos con Meme Koin, un kit de plantillas Elementor con m\u00e1s de 14 dise\u00f1os responsivos, plugins y f\u00e1cil personalizaci\u00f3n. \u00a1Empieza hoy mismo!","robots":{"index":"index","follow":"follow","max-snippet":"max-snippet:-1","max-image-preview":"max-image-preview:large","max-video-preview":"max-video-preview:-1"},"canonical":"https:\/\/allwintheme.com\/es\/producto\/cryptocurrency-elementor-template-kit-meme-koin-elementor-kit\/","og_locale":"es_ES","og_type":"article","og_title":"Meme Koin: Cryptocurrency Elementor Template Kit","og_description":"Launch your crypto meme project with Meme Koin, an Elementor template kit featuring 14+ responsive designs, plugins, and easy customization. Start today!","og_url":"https:\/\/allwintheme.com\/es\/producto\/cryptocurrency-elementor-template-kit-meme-koin-elementor-kit\/","og_site_name":"AllWin Theme \u2013 Free WordPress Themes Download","article_modified_time":"2025-09-04T11:47:04+00:00","og_image":[{"width":1600,"height":1000,"url":"https:\/\/allwintheme.com\/wp-content\/uploads\/2025\/09\/36gqblkn.png","type":"image\/png"}],"twitter_card":"summary_large_image","twitter_misc":{"Tiempo estimado de lectura":"2 minutos"},"schema":{"@context":"https:\/\/schema.org","@graph":[{"@type":"WebPage","@id":"https:\/\/allwintheme.com\/product\/cryptocurrency-elementor-template-kit-meme-koin-elementor-kit\/","url":"https:\/\/allwintheme.com\/product\/cryptocurrency-elementor-template-kit-meme-koin-elementor-kit\/","name":"Meme Koin: Cryptocurrency Elementor Template Kit - AllWin Theme \u2013 Free WordPress Themes Download","isPartOf":{"@id":"https:\/\/allwintheme.com\/#website"},"primaryImageOfPage":{"@id":"https:\/\/allwintheme.com\/product\/cryptocurrency-elementor-template-kit-meme-koin-elementor-kit\/#primaryimage"},"image":{"@id":"https:\/\/allwintheme.com\/product\/cryptocurrency-elementor-template-kit-meme-koin-elementor-kit\/#primaryimage"},"thumbnailUrl":"https:\/\/allwintheme.com\/wp-content\/uploads\/2025\/09\/36gqblkn.png","datePublished":"2025-09-04T11:38:02+00:00","dateModified":"2025-09-04T11:47:04+00:00","description":"Lanza tu proyecto de memes criptogr\u00e1ficos con Meme Koin, un kit de plantillas Elementor con m\u00e1s de 14 dise\u00f1os responsivos, plugins y f\u00e1cil personalizaci\u00f3n. \u00a1Empieza hoy mismo!","breadcrumb":{"@id":"https:\/\/allwintheme.com\/product\/cryptocurrency-elementor-template-kit-meme-koin-elementor-kit\/#breadcrumb"},"inLanguage":"es-CL","potentialAction":[{"@type":"ReadAction","target":["https:\/\/allwintheme.com\/product\/cryptocurrency-elementor-template-kit-meme-koin-elementor-kit\/"]}]},{"@type":"ImageObject","inLanguage":"es-CL","@id":"https:\/\/allwintheme.com\/product\/cryptocurrency-elementor-template-kit-meme-koin-elementor-kit\/#primaryimage","url":"https:\/\/allwintheme.com\/wp-content\/uploads\/2025\/09\/36gqblkn.png","contentUrl":"https:\/\/allwintheme.com\/wp-content\/uploads\/2025\/09\/36gqblkn.png","width":1600,"height":1000,"caption":"Cryptocurrency Elementor template kit \u2013 Meme Koin Elementor Kit"},{"@type":"BreadcrumbList","@id":"https:\/\/allwintheme.com\/product\/cryptocurrency-elementor-template-kit-meme-koin-elementor-kit\/#breadcrumb","itemListElement":[{"@type":"ListItem","position":1,"name":"Home","item":"https:\/\/allwintheme.com\/"},{"@type":"ListItem","position":2,"name":"Shop","item":"https:\/\/allwintheme.com\/shop\/"},{"@type":"ListItem","position":3,"name":"Meme Koin: Cryptocurrency Elementor Template Kit"}]},{"@type":"WebSite","@id":"https:\/\/allwintheme.com\/#website","url":"https:\/\/allwintheme.com\/","name":"Allwintheme","description":"Descarga gratis temas de WordPress para todos los nichos. Blogs, negocios, comercio electr\u00f3nico, portafolio, restaurante y m\u00e1s. Todos los temas tienen licencia GPL y est\u00e1n preparados para dispositivos m\u00f3viles.","potentialAction":[{"@type":"SearchAction","target":{"@type":"EntryPoint","urlTemplate":"https:\/\/allwintheme.com\/?s={search_term_string}"},"query-input":{"@type":"PropertyValueSpecification","valueRequired":true,"valueName":"search_term_string"}}],"inLanguage":"es-CL"}]}},"_links":{"self":[{"href":"https:\/\/allwintheme.com\/es\/wp-json\/wp\/v2\/product\/5577","targetHints":{"allow":["GET"]}}],"collection":[{"href":"https:\/\/allwintheme.com\/es\/wp-json\/wp\/v2\/product"}],"about":[{"href":"https:\/\/allwintheme.com\/es\/wp-json\/wp\/v2\/types\/product"}],"replies":[{"embeddable":true,"href":"https:\/\/allwintheme.com\/es\/wp-json\/wp\/v2\/comments?post=5577"}],"version-history":[{"count":0,"href":"https:\/\/allwintheme.com\/es\/wp-json\/wp\/v2\/product\/5577\/revisions"}],"wp:featuredmedia":[{"embeddable":true,"href":"https:\/\/allwintheme.com\/es\/wp-json\/wp\/v2\/media\/5578"}],"wp:attachment":[{"href":"https:\/\/allwintheme.com\/es\/wp-json\/wp\/v2\/media?parent=5577"}],"wp:term":[{"taxonomy":"product_brand","embeddable":true,"href":"https:\/\/allwintheme.com\/es\/wp-json\/wp\/v2\/product_brand?post=5577"},{"taxonomy":"product_cat","embeddable":true,"href":"https:\/\/allwintheme.com\/es\/wp-json\/wp\/v2\/product_cat?post=5577"},{"taxonomy":"product_tag","embeddable":true,"href":"https:\/\/allwintheme.com\/es\/wp-json\/wp\/v2\/product_tag?post=5577"}],"curies":[{"name":"wp","href":"https:\/\/api.w.org\/{rel}","templated":true}]}}