{"id":5671,"date":"2025-09-04T14:09:06","date_gmt":"2025-09-04T14:09:06","guid":{"rendered":"https:\/\/allwintheme.com\/?post_type=product&#038;p=5671"},"modified":"2025-09-04T14:15:31","modified_gmt":"2025-09-04T14:15:31","slug":"optimistx-seo-agencia-digital-elementor-template","status":"publish","type":"product","link":"https:\/\/allwintheme.com\/es\/producto\/optimistx-seo-agencia-digital-elementor-template\/","title":{"rendered":"Optimistx - SEO &amp; Digital Agency Elementor Template Kit"},"content":{"rendered":"<div data-elementor-type=\"wp-post\" data-elementor-id=\"5671\" class=\"elementor elementor-5671\" data-elementor-settings=\"{&quot;element_pack_global_tooltip_width&quot;:{&quot;unit&quot;:&quot;px&quot;,&quot;size&quot;:&quot;&quot;,&quot;sizes&quot;:[]},&quot;element_pack_global_tooltip_width_tablet&quot;:{&quot;unit&quot;:&quot;px&quot;,&quot;size&quot;:&quot;&quot;,&quot;sizes&quot;:[]},&quot;element_pack_global_tooltip_width_mobile&quot;:{&quot;unit&quot;:&quot;px&quot;,&quot;size&quot;:&quot;&quot;,&quot;sizes&quot;:[]},&quot;element_pack_global_tooltip_padding&quot;:{&quot;unit&quot;:&quot;px&quot;,&quot;top&quot;:&quot;&quot;,&quot;right&quot;:&quot;&quot;,&quot;bottom&quot;:&quot;&quot;,&quot;left&quot;:&quot;&quot;,&quot;isLinked&quot;:true},&quot;element_pack_global_tooltip_padding_tablet&quot;:{&quot;unit&quot;:&quot;px&quot;,&quot;top&quot;:&quot;&quot;,&quot;right&quot;:&quot;&quot;,&quot;bottom&quot;:&quot;&quot;,&quot;left&quot;:&quot;&quot;,&quot;isLinked&quot;:true},&quot;element_pack_global_tooltip_padding_mobile&quot;:{&quot;unit&quot;:&quot;px&quot;,&quot;top&quot;:&quot;&quot;,&quot;right&quot;:&quot;&quot;,&quot;bottom&quot;:&quot;&quot;,&quot;left&quot;:&quot;&quot;,&quot;isLinked&quot;:true},&quot;element_pack_global_tooltip_border_radius&quot;:{&quot;unit&quot;:&quot;px&quot;,&quot;top&quot;:&quot;&quot;,&quot;right&quot;:&quot;&quot;,&quot;bottom&quot;:&quot;&quot;,&quot;left&quot;:&quot;&quot;,&quot;isLinked&quot;:true},&quot;element_pack_global_tooltip_border_radius_tablet&quot;:{&quot;unit&quot;:&quot;px&quot;,&quot;top&quot;:&quot;&quot;,&quot;right&quot;:&quot;&quot;,&quot;bottom&quot;:&quot;&quot;,&quot;left&quot;:&quot;&quot;,&quot;isLinked&quot;:true},&quot;element_pack_global_tooltip_border_radius_mobile&quot;:{&quot;unit&quot;:&quot;px&quot;,&quot;top&quot;:&quot;&quot;,&quot;right&quot;:&quot;&quot;,&quot;bottom&quot;:&quot;&quot;,&quot;left&quot;:&quot;&quot;,&quot;isLinked&quot;:true}}\" data-elementor-post-type=\"product\">\n\t\t\t\t<div class=\"elementor-element elementor-element-93aa4a8 e-con-full e-flex e-con e-parent\" data-id=\"93aa4a8\" data-element_type=\"container\" data-e-type=\"container\">\n\t\t\t\t<div class=\"elementor-element elementor-element-2c3f760 miaoshu elementor-widget elementor-widget-wd_text_block\" data-id=\"2c3f760\" data-element_type=\"widget\" data-e-type=\"widget\" data-widget_type=\"wd_text_block.default\">\n\t\t\t\t<div class=\"elementor-widget-container\">\n\t\t\t\t\t\t\t<div class=\"wd-text-block reset-last-child text-left\">\n\t\t\t\n\t\t\t<h2 dir=\"auto\">Optimistx - Kit de plantillas Elementor premium para SEO y agencias digitales<\/h2><p dir=\"auto\">Transforme su presencia en l\u00ednea con <strong>Optimistx<\/strong>, es un kit de plantillas Elementor meticulosamente elaborado y dise\u00f1ado espec\u00edficamente para agencias de SEO y marketing digital. Este kit premium combina una est\u00e9tica limpia y moderna con una potente funcionalidad, lo que le permite mostrar sin esfuerzo sus servicios, portafolio y experiencia.<\/p><h3 dir=\"auto\">\u00bfPor qu\u00e9 elegir Optimistx?<\/h3><p dir=\"auto\">Optimistx es m\u00e1s que una plantilla: es una soluci\u00f3n completa para agencias que buscan destacar en un panorama digital competitivo. Con su dise\u00f1o f\u00e1cil de usar y su perfecta integraci\u00f3n con Elementor, este kit te permite crear un sitio web profesional sin escribir una sola l\u00ednea de c\u00f3digo. Optimistx te proporciona todas las herramientas que necesitas para atraer a tu p\u00fablico y obtener resultados, ya sea para destacar estrategias de SEO, campa\u00f1as de marketing digital o historias de \u00e9xito de clientes.<\/p><h3 dir=\"auto\">Caracter\u00edsticas principales<\/h3><ul dir=\"auto\"><li><strong>Dise\u00f1o elegante y moderno:<\/strong> Dise\u00f1os limpios con una est\u00e9tica contempor\u00e1nea para cautivar a sus visitantes.<\/li><li><strong>Totalmente personalizable:<\/strong> Ajusta f\u00e1cilmente fuentes, colores y elementos con el constructor de arrastrar y soltar de Elementor.<\/li><li><strong>Respuesta y carga r\u00e1pida:<\/strong> Garantiza una experiencia fluida en todos los dispositivos, aumentando la satisfacci\u00f3n del usuario y el rendimiento SEO.<\/li><li><strong>P\u00e1ginas predise\u00f1adas:<\/strong> Incluye p\u00e1ginas esenciales como Inicio, Servicios, Cartera y Contacto para agilizar la configuraci\u00f3n de su sitio web.<\/li><li><strong>Compatibilidad de plugins:<\/strong> Funciona a la perfecci\u00f3n con los plugins m\u00e1s populares de WordPress, incluidos Envato Elements y Elementor Pro.<\/li><\/ul><h3 dir=\"auto\">Perfecto para SEO y agencias digitales<\/h3><p dir=\"auto\">Optimistx est\u00e1 dise\u00f1ada para agencias, aut\u00f3nomos y empresas especializadas en SEO, marketing de contenidos, PPC y gesti\u00f3n de redes sociales. Su dise\u00f1o vers\u00e1til te permite destacar estudios de casos, testimonios de clientes y tu experiencia \u00fanica, ayud\u00e1ndote a atraer y convertir clientes potenciales con facilidad.<\/p><h3 dir=\"auto\">F\u00e1cil configuraci\u00f3n con Elementor<\/h3><p dir=\"auto\">Con Optimistx, crear un sitio web profesional es muy f\u00e1cil. Simplemente importa las plantillas predise\u00f1adas, personal\u00edzalas para que se adapten a tu marca y publ\u00edcalas. El kit est\u00e1 optimizado para el tema gratuito Hello Elementor, pero es compatible con la mayor\u00eda de los temas soportados por Elementor, lo que te da la flexibilidad necesaria para crear un sitio que sea exclusivamente tuyo.<\/p><h3 dir=\"auto\">Mejore su marca hoy mismo<\/h3><p dir=\"auto\">No se conforme con una presencia online ordinaria. Con Optimistx, puedes crear un sitio web impresionante y de alto rendimiento que muestre los puntos fuertes de tu agencia y te diferencie de la competencia. Aumenta la visibilidad de tu marca, atrae a tu p\u00fablico e impulsa el crecimiento con este kit de plantillas Elementor premium.<\/p><p dir=\"auto\"><strong>Empiece ahora con Optimistx<\/strong> y lleve su SEO y su agencia digital al siguiente nivel.<\/p>\n\t\t\t\t\t<\/div>\n\t\t\t\t\t\t<\/div>\n\t\t\t\t<\/div>\n\t\t\t\t<\/div>\n\t\t\t\t<\/div>","protected":false},"excerpt":{"rendered":"<p>Optimistx &#8211; Premium Elementor Template Kit for SEO &amp; Digital Agencies Transform your online presence with Optimistx, a meticulously crafted<\/p>","protected":false},"featured_media":5672,"comment_status":"open","ping_status":"closed","template":"","meta":{"_acf_changed":false},"product_brand":[],"product_cat":[50],"product_tag":[],"class_list":{"0":"post-5671","1":"product","2":"type-product","3":"status-publish","4":"has-post-thumbnail","6":"product_cat-template-kits","8":"first","9":"instock","10":"sale","11":"downloadable","12":"shipping-taxable","13":"purchasable","14":"product-type-simple"},"acf":[],"yoast_head":"<!-- This site is optimized with the Yoast SEO Premium plugin v25.6 (Yoast SEO v27.1.1) - https:\/\/yoast.com\/product\/yoast-seo-premium-wordpress\/ -->\n<title>Optimistx - SEO &amp; Digital Agency Elementor Template Kit - AllWin Theme \u2013 Free WordPress Themes Download<\/title>\n<meta name=\"description\" content=\"Elevate your SEO &amp; digital agency with Optimistx, a premium Elementor template kit featuring a sleek, modern design to showcase services and attract clients.\" \/>\n<meta name=\"robots\" content=\"index, follow, max-snippet:-1, max-image-preview:large, max-video-preview:-1\" \/>\n<link rel=\"canonical\" href=\"https:\/\/allwintheme.com\/es\/producto\/optimistx-seo-agencia-digital-elementor-template\/\" \/>\n<meta property=\"og:locale\" content=\"es_ES\" \/>\n<meta property=\"og:type\" content=\"article\" \/>\n<meta property=\"og:title\" content=\"Optimistx - SEO &amp; Digital Agency Elementor Template Kit\" \/>\n<meta property=\"og:description\" content=\"Elevate your SEO &amp; digital agency with Optimistx, a premium Elementor template kit featuring a sleek, modern design to showcase services and attract clients.\" \/>\n<meta property=\"og:url\" content=\"https:\/\/allwintheme.com\/es\/producto\/optimistx-seo-agencia-digital-elementor-template\/\" \/>\n<meta property=\"og:site_name\" content=\"AllWin Theme \u2013 Free WordPress Themes Download\" \/>\n<meta property=\"article:modified_time\" content=\"2025-09-04T14:15:31+00:00\" \/>\n<meta property=\"og:image\" content=\"https:\/\/allwintheme.com\/wp-content\/uploads\/2025\/09\/nusylrq3.png\" \/>\n\t<meta property=\"og:image:width\" content=\"768\" \/>\n\t<meta property=\"og:image:height\" content=\"515\" \/>\n\t<meta property=\"og:image:type\" content=\"image\/png\" \/>\n<meta name=\"twitter:card\" content=\"summary_large_image\" \/>\n<meta name=\"twitter:label1\" content=\"Tiempo estimado de lectura\" \/>\n\t<meta name=\"twitter:data1\" content=\"3 minutos\" \/>\n<script type=\"application\/ld+json\" class=\"yoast-schema-graph\">{\"@context\":\"https:\/\/schema.org\",\"@graph\":[{\"@type\":\"WebPage\",\"@id\":\"https:\/\/allwintheme.com\/product\/optimistx-seo-digital-agency-elementor-template\/\",\"url\":\"https:\/\/allwintheme.com\/product\/optimistx-seo-digital-agency-elementor-template\/\",\"name\":\"Optimistx - SEO & Digital Agency Elementor Template Kit - AllWin Theme \u2013 Free WordPress Themes Download\",\"isPartOf\":{\"@id\":\"https:\/\/allwintheme.com\/#website\"},\"primaryImageOfPage\":{\"@id\":\"https:\/\/allwintheme.com\/product\/optimistx-seo-digital-agency-elementor-template\/#primaryimage\"},\"image\":{\"@id\":\"https:\/\/allwintheme.com\/product\/optimistx-seo-digital-agency-elementor-template\/#primaryimage\"},\"thumbnailUrl\":\"https:\/\/allwintheme.com\/wp-content\/uploads\/2025\/09\/nusylrq3.png\",\"datePublished\":\"2025-09-04T14:09:06+00:00\",\"dateModified\":\"2025-09-04T14:15:31+00:00\",\"description\":\"Elevate your SEO & digital agency with Optimistx, a premium Elementor template kit featuring a sleek, modern design to showcase services and attract clients.\",\"breadcrumb\":{\"@id\":\"https:\/\/allwintheme.com\/product\/optimistx-seo-digital-agency-elementor-template\/#breadcrumb\"},\"inLanguage\":\"es-CL\",\"potentialAction\":[{\"@type\":\"ReadAction\",\"target\":[\"https:\/\/allwintheme.com\/product\/optimistx-seo-digital-agency-elementor-template\/\"]}]},{\"@type\":\"ImageObject\",\"inLanguage\":\"es-CL\",\"@id\":\"https:\/\/allwintheme.com\/product\/optimistx-seo-digital-agency-elementor-template\/#primaryimage\",\"url\":\"https:\/\/allwintheme.com\/wp-content\/uploads\/2025\/09\/nusylrq3.png\",\"contentUrl\":\"https:\/\/allwintheme.com\/wp-content\/uploads\/2025\/09\/nusylrq3.png\",\"width\":768,\"height\":515,\"caption\":\"Optimistx \u2013 SEO & Digital Agency Elementor Template\"},{\"@type\":\"BreadcrumbList\",\"@id\":\"https:\/\/allwintheme.com\/product\/optimistx-seo-digital-agency-elementor-template\/#breadcrumb\",\"itemListElement\":[{\"@type\":\"ListItem\",\"position\":1,\"name\":\"Home\",\"item\":\"https:\/\/allwintheme.com\/\"},{\"@type\":\"ListItem\",\"position\":2,\"name\":\"Shop\",\"item\":\"https:\/\/allwintheme.com\/shop\/\"},{\"@type\":\"ListItem\",\"position\":3,\"name\":\"Optimistx &#8211; SEO &#038; Digital Agency Elementor Template Kit\"}]},{\"@type\":\"WebSite\",\"@id\":\"https:\/\/allwintheme.com\/#website\",\"url\":\"https:\/\/allwintheme.com\/\",\"name\":\"Allwintheme\",\"description\":\"Download free WordPress themes for every niche. Blogs, business, eCommerce, portfolio, restaurant and more. All themes are GPL licensed and mobile-ready.\",\"potentialAction\":[{\"@type\":\"SearchAction\",\"target\":{\"@type\":\"EntryPoint\",\"urlTemplate\":\"https:\/\/allwintheme.com\/?s={search_term_string}\"},\"query-input\":{\"@type\":\"PropertyValueSpecification\",\"valueRequired\":true,\"valueName\":\"search_term_string\"}}],\"inLanguage\":\"es-CL\"}]}<\/script>\n<!-- \/ Yoast SEO Premium plugin. -->","yoast_head_json":{"title":"Optimistx - SEO & Digital Agency Elementor Template Kit - AllWin Theme \u2013 Free WordPress Themes Download","description":"Eleva tu agencia SEO y digital con Optimistx, un kit de plantillas Elementor premium con un dise\u00f1o elegante y moderno para mostrar servicios y atraer clientes.","robots":{"index":"index","follow":"follow","max-snippet":"max-snippet:-1","max-image-preview":"max-image-preview:large","max-video-preview":"max-video-preview:-1"},"canonical":"https:\/\/allwintheme.com\/es\/producto\/optimistx-seo-agencia-digital-elementor-template\/","og_locale":"es_ES","og_type":"article","og_title":"Optimistx - SEO & Digital Agency Elementor Template Kit","og_description":"Elevate your SEO & digital agency with Optimistx, a premium Elementor template kit featuring a sleek, modern design to showcase services and attract clients.","og_url":"https:\/\/allwintheme.com\/es\/producto\/optimistx-seo-agencia-digital-elementor-template\/","og_site_name":"AllWin Theme \u2013 Free WordPress Themes Download","article_modified_time":"2025-09-04T14:15:31+00:00","og_image":[{"width":768,"height":515,"url":"https:\/\/allwintheme.com\/wp-content\/uploads\/2025\/09\/nusylrq3.png","type":"image\/png"}],"twitter_card":"summary_large_image","twitter_misc":{"Tiempo estimado de lectura":"3 minutos"},"schema":{"@context":"https:\/\/schema.org","@graph":[{"@type":"WebPage","@id":"https:\/\/allwintheme.com\/product\/optimistx-seo-digital-agency-elementor-template\/","url":"https:\/\/allwintheme.com\/product\/optimistx-seo-digital-agency-elementor-template\/","name":"Optimistx - SEO & Digital Agency Elementor Template Kit - AllWin Theme \u2013 Free WordPress Themes Download","isPartOf":{"@id":"https:\/\/allwintheme.com\/#website"},"primaryImageOfPage":{"@id":"https:\/\/allwintheme.com\/product\/optimistx-seo-digital-agency-elementor-template\/#primaryimage"},"image":{"@id":"https:\/\/allwintheme.com\/product\/optimistx-seo-digital-agency-elementor-template\/#primaryimage"},"thumbnailUrl":"https:\/\/allwintheme.com\/wp-content\/uploads\/2025\/09\/nusylrq3.png","datePublished":"2025-09-04T14:09:06+00:00","dateModified":"2025-09-04T14:15:31+00:00","description":"Eleva tu agencia SEO y digital con Optimistx, un kit de plantillas Elementor premium con un dise\u00f1o elegante y moderno para mostrar servicios y atraer clientes.","breadcrumb":{"@id":"https:\/\/allwintheme.com\/product\/optimistx-seo-digital-agency-elementor-template\/#breadcrumb"},"inLanguage":"es-CL","potentialAction":[{"@type":"ReadAction","target":["https:\/\/allwintheme.com\/product\/optimistx-seo-digital-agency-elementor-template\/"]}]},{"@type":"ImageObject","inLanguage":"es-CL","@id":"https:\/\/allwintheme.com\/product\/optimistx-seo-digital-agency-elementor-template\/#primaryimage","url":"https:\/\/allwintheme.com\/wp-content\/uploads\/2025\/09\/nusylrq3.png","contentUrl":"https:\/\/allwintheme.com\/wp-content\/uploads\/2025\/09\/nusylrq3.png","width":768,"height":515,"caption":"Optimistx \u2013 SEO & Digital Agency Elementor Template"},{"@type":"BreadcrumbList","@id":"https:\/\/allwintheme.com\/product\/optimistx-seo-digital-agency-elementor-template\/#breadcrumb","itemListElement":[{"@type":"ListItem","position":1,"name":"Home","item":"https:\/\/allwintheme.com\/"},{"@type":"ListItem","position":2,"name":"Shop","item":"https:\/\/allwintheme.com\/shop\/"},{"@type":"ListItem","position":3,"name":"Optimistx &#8211; SEO &#038; Digital Agency Elementor Template Kit"}]},{"@type":"WebSite","@id":"https:\/\/allwintheme.com\/#website","url":"https:\/\/allwintheme.com\/","name":"Allwintheme","description":"Descarga gratis temas de WordPress para todos los nichos. Blogs, negocios, comercio electr\u00f3nico, portafolio, restaurante y m\u00e1s. Todos los temas tienen licencia GPL y est\u00e1n preparados para dispositivos m\u00f3viles.","potentialAction":[{"@type":"SearchAction","target":{"@type":"EntryPoint","urlTemplate":"https:\/\/allwintheme.com\/?s={search_term_string}"},"query-input":{"@type":"PropertyValueSpecification","valueRequired":true,"valueName":"search_term_string"}}],"inLanguage":"es-CL"}]}},"_links":{"self":[{"href":"https:\/\/allwintheme.com\/es\/wp-json\/wp\/v2\/product\/5671","targetHints":{"allow":["GET"]}}],"collection":[{"href":"https:\/\/allwintheme.com\/es\/wp-json\/wp\/v2\/product"}],"about":[{"href":"https:\/\/allwintheme.com\/es\/wp-json\/wp\/v2\/types\/product"}],"replies":[{"embeddable":true,"href":"https:\/\/allwintheme.com\/es\/wp-json\/wp\/v2\/comments?post=5671"}],"version-history":[{"count":0,"href":"https:\/\/allwintheme.com\/es\/wp-json\/wp\/v2\/product\/5671\/revisions"}],"wp:featuredmedia":[{"embeddable":true,"href":"https:\/\/allwintheme.com\/es\/wp-json\/wp\/v2\/media\/5672"}],"wp:attachment":[{"href":"https:\/\/allwintheme.com\/es\/wp-json\/wp\/v2\/media?parent=5671"}],"wp:term":[{"taxonomy":"product_brand","embeddable":true,"href":"https:\/\/allwintheme.com\/es\/wp-json\/wp\/v2\/product_brand?post=5671"},{"taxonomy":"product_cat","embeddable":true,"href":"https:\/\/allwintheme.com\/es\/wp-json\/wp\/v2\/product_cat?post=5671"},{"taxonomy":"product_tag","embeddable":true,"href":"https:\/\/allwintheme.com\/es\/wp-json\/wp\/v2\/product_tag?post=5671"}],"curies":[{"name":"wp","href":"https:\/\/api.w.org\/{rel}","templated":true}]}}