{"id":5712,"date":"2025-09-04T14:38:30","date_gmt":"2025-09-04T14:38:30","guid":{"rendered":"https:\/\/allwintheme.com\/?post_type=product&#038;p=5712"},"modified":"2025-09-04T14:42:22","modified_gmt":"2025-09-04T14:42:22","slug":"gute-minimalist-blog-wordpress-theme","status":"publish","type":"product","link":"https:\/\/allwintheme.com\/es\/producto\/gute-minimalist-blog-wordpress-theme\/","title":{"rendered":"Gute: Minimalist Blog &amp; Magazine WordPress Theme"},"content":{"rendered":"<div data-elementor-type=\"wp-post\" data-elementor-id=\"5712\" class=\"elementor elementor-5712\" data-elementor-settings=\"{&quot;element_pack_global_tooltip_width&quot;:{&quot;unit&quot;:&quot;px&quot;,&quot;size&quot;:&quot;&quot;,&quot;sizes&quot;:[]},&quot;element_pack_global_tooltip_width_tablet&quot;:{&quot;unit&quot;:&quot;px&quot;,&quot;size&quot;:&quot;&quot;,&quot;sizes&quot;:[]},&quot;element_pack_global_tooltip_width_mobile&quot;:{&quot;unit&quot;:&quot;px&quot;,&quot;size&quot;:&quot;&quot;,&quot;sizes&quot;:[]},&quot;element_pack_global_tooltip_padding&quot;:{&quot;unit&quot;:&quot;px&quot;,&quot;top&quot;:&quot;&quot;,&quot;right&quot;:&quot;&quot;,&quot;bottom&quot;:&quot;&quot;,&quot;left&quot;:&quot;&quot;,&quot;isLinked&quot;:true},&quot;element_pack_global_tooltip_padding_tablet&quot;:{&quot;unit&quot;:&quot;px&quot;,&quot;top&quot;:&quot;&quot;,&quot;right&quot;:&quot;&quot;,&quot;bottom&quot;:&quot;&quot;,&quot;left&quot;:&quot;&quot;,&quot;isLinked&quot;:true},&quot;element_pack_global_tooltip_padding_mobile&quot;:{&quot;unit&quot;:&quot;px&quot;,&quot;top&quot;:&quot;&quot;,&quot;right&quot;:&quot;&quot;,&quot;bottom&quot;:&quot;&quot;,&quot;left&quot;:&quot;&quot;,&quot;isLinked&quot;:true},&quot;element_pack_global_tooltip_border_radius&quot;:{&quot;unit&quot;:&quot;px&quot;,&quot;top&quot;:&quot;&quot;,&quot;right&quot;:&quot;&quot;,&quot;bottom&quot;:&quot;&quot;,&quot;left&quot;:&quot;&quot;,&quot;isLinked&quot;:true},&quot;element_pack_global_tooltip_border_radius_tablet&quot;:{&quot;unit&quot;:&quot;px&quot;,&quot;top&quot;:&quot;&quot;,&quot;right&quot;:&quot;&quot;,&quot;bottom&quot;:&quot;&quot;,&quot;left&quot;:&quot;&quot;,&quot;isLinked&quot;:true},&quot;element_pack_global_tooltip_border_radius_mobile&quot;:{&quot;unit&quot;:&quot;px&quot;,&quot;top&quot;:&quot;&quot;,&quot;right&quot;:&quot;&quot;,&quot;bottom&quot;:&quot;&quot;,&quot;left&quot;:&quot;&quot;,&quot;isLinked&quot;:true}}\" data-elementor-post-type=\"product\">\n\t\t\t\t<div class=\"elementor-element elementor-element-93aa4a8 e-con-full e-flex e-con e-parent\" data-id=\"93aa4a8\" data-element_type=\"container\" data-e-type=\"container\">\n\t\t\t\t<div class=\"elementor-element elementor-element-2c3f760 miaoshu elementor-widget elementor-widget-wd_text_block\" data-id=\"2c3f760\" data-element_type=\"widget\" data-e-type=\"widget\" data-widget_type=\"wd_text_block.default\">\n\t\t\t\t<div class=\"elementor-widget-container\">\n\t\t\t\t\t\t\t<div class=\"wd-text-block reset-last-child text-left\">\n\t\t\t\n\t\t\t<h2>Gute: Elegante y moderno tema de WordPress para blogs y revistas<\/h2>\n<p>Gute es un tema de WordPress minimalista y moderno dise\u00f1ado para portales de noticias, revistas, blogs personales, sitios editoriales y diversos sitios web de publicaci\u00f3n. Con su dise\u00f1o limpio y potentes caracter\u00edsticas, Gute le ayuda a crear un sitio web profesional y totalmente funcional con facilidad.<\/p>\n\n<h3>Creado para ser flexible con Elementor<\/h3>\n<p>Gute se integra perfectamente con el constructor de p\u00e1ginas gratuito Elementor, haciendo que la personalizaci\u00f3n sea sencilla e intuitiva. Ya sea que est\u00e9 ajustando los dise\u00f1os o el dise\u00f1o de p\u00e1ginas \u00fanicas, no se requieren conocimientos de codificaci\u00f3n. Importa dise\u00f1os de demostraci\u00f3n y personal\u00edzalos para que coincidan con tu visi\u00f3n sin esfuerzo.<\/p>\n\n<h3>Adaptable y compatible con todos los navegadores<\/h3>\n<p>Gute garantiza que su sitio web tenga un aspecto impresionante en todos los dispositivos, desde ordenadores de sobremesa hasta smartphones. Es totalmente adaptativo y est\u00e1 optimizado para los navegadores modernos, por lo que ofrece una experiencia de usuario fluida en todas las plataformas.<\/p>\n\n<h3>Perfecto para cualquier sitio de publicaci\u00f3n<\/h3>\n<p>Tanto si dirige un medio de comunicaci\u00f3n, una revista de estilo de vida o un blog personal, el vers\u00e1til dise\u00f1o de Gute se adapta a sus necesidades. Su est\u00e9tica limpia y profesional lo hace ideal para cualquier sitio web basado en contenidos.<\/p>\n\n<h3>Caracter\u00edsticas principales<\/h3>\n<ul>\n  <li>Dise\u00f1o moderno y minimalista para blogs y revistas<\/li>\n  <li>Constructor de p\u00e1ginas Elementor para una f\u00e1cil personalizaci\u00f3n<\/li>\n  <li>Totalmente adaptable a dispositivos m\u00f3viles<\/li>\n  <li>Compatible con todos los navegadores modernos<\/li>\n  <li>No se necesitan conocimientos de programaci\u00f3n<\/li>\n<\/ul>\n\n<p>Mejore su presencia en Internet con Gute, el tema de WordPress definitivo para editores y blogueros. Empieza hoy mismo a crear el sitio web de tus sue\u00f1os.<\/p>\n\t\t\t\t\t<\/div>\n\t\t\t\t\t\t<\/div>\n\t\t\t\t<\/div>\n\t\t\t\t<\/div>\n\t\t\t\t<\/div>","protected":false},"excerpt":{"rendered":"<p>Gute: Elegante y moderno tema de WordPress para blogs y revistas Gute es un tema de WordPress minimalista y moderno dise\u00f1ado para noticias.<\/p>","protected":false},"featured_media":5713,"comment_status":"open","ping_status":"closed","template":"","meta":{"_acf_changed":false},"product_brand":[],"product_cat":[50],"product_tag":[],"class_list":{"0":"post-5712","1":"product","2":"type-product","3":"status-publish","4":"has-post-thumbnail","6":"product_cat-template-kits","8":"first","9":"instock","10":"sale","11":"downloadable","12":"shipping-taxable","13":"purchasable","14":"product-type-simple"},"acf":[],"yoast_head":"<!-- This site is optimized with the Yoast SEO Premium plugin v25.6 (Yoast SEO v27.1.1) - https:\/\/yoast.com\/product\/yoast-seo-premium-wordpress\/ -->\n<title>Gute: Minimalist Blog &amp; Magazine WordPress Theme - AllWin Theme \u2013 Free WordPress Themes Download<\/title>\n<meta name=\"description\" content=\"Discover Gute, a modern WordPress theme for news, magazines, and blogs. Fully customizable with Elementor, responsive, and user-friendly.\" \/>\n<meta name=\"robots\" content=\"index, follow, max-snippet:-1, max-image-preview:large, max-video-preview:-1\" \/>\n<link rel=\"canonical\" href=\"https:\/\/allwintheme.com\/es\/producto\/gute-minimalist-blog-wordpress-theme\/\" \/>\n<meta property=\"og:locale\" content=\"es_ES\" \/>\n<meta property=\"og:type\" content=\"article\" \/>\n<meta property=\"og:title\" content=\"Gute: Minimalist Blog &amp; Magazine WordPress Theme\" \/>\n<meta property=\"og:description\" content=\"Discover Gute, a modern WordPress theme for news, magazines, and blogs. Fully customizable with Elementor, responsive, and user-friendly.\" \/>\n<meta property=\"og:url\" content=\"https:\/\/allwintheme.com\/es\/producto\/gute-minimalist-blog-wordpress-theme\/\" \/>\n<meta property=\"og:site_name\" content=\"AllWin Theme \u2013 Free WordPress Themes Download\" \/>\n<meta property=\"article:modified_time\" content=\"2025-09-04T14:42:22+00:00\" \/>\n<meta property=\"og:image\" content=\"https:\/\/allwintheme.com\/wp-content\/uploads\/2025\/09\/xl7i26qp.png\" \/>\n\t<meta property=\"og:image:width\" content=\"768\" \/>\n\t<meta property=\"og:image:height\" content=\"415\" \/>\n\t<meta property=\"og:image:type\" content=\"image\/png\" \/>\n<meta name=\"twitter:card\" content=\"summary_large_image\" \/>\n<meta name=\"twitter:label1\" content=\"Tiempo estimado de lectura\" \/>\n\t<meta name=\"twitter:data1\" content=\"2 minutos\" \/>\n<script type=\"application\/ld+json\" class=\"yoast-schema-graph\">{\"@context\":\"https:\/\/schema.org\",\"@graph\":[{\"@type\":\"WebPage\",\"@id\":\"https:\/\/allwintheme.com\/product\/gute-minimalist-blog-wordpress-theme\/\",\"url\":\"https:\/\/allwintheme.com\/product\/gute-minimalist-blog-wordpress-theme\/\",\"name\":\"Gute: Minimalist Blog & Magazine WordPress Theme - AllWin Theme \u2013 Free WordPress Themes Download\",\"isPartOf\":{\"@id\":\"https:\/\/allwintheme.com\/#website\"},\"primaryImageOfPage\":{\"@id\":\"https:\/\/allwintheme.com\/product\/gute-minimalist-blog-wordpress-theme\/#primaryimage\"},\"image\":{\"@id\":\"https:\/\/allwintheme.com\/product\/gute-minimalist-blog-wordpress-theme\/#primaryimage\"},\"thumbnailUrl\":\"https:\/\/allwintheme.com\/wp-content\/uploads\/2025\/09\/xl7i26qp.png\",\"datePublished\":\"2025-09-04T14:38:30+00:00\",\"dateModified\":\"2025-09-04T14:42:22+00:00\",\"description\":\"Discover Gute, a modern WordPress theme for news, magazines, and blogs. Fully customizable with Elementor, responsive, and user-friendly.\",\"breadcrumb\":{\"@id\":\"https:\/\/allwintheme.com\/product\/gute-minimalist-blog-wordpress-theme\/#breadcrumb\"},\"inLanguage\":\"es-CL\",\"potentialAction\":[{\"@type\":\"ReadAction\",\"target\":[\"https:\/\/allwintheme.com\/product\/gute-minimalist-blog-wordpress-theme\/\"]}]},{\"@type\":\"ImageObject\",\"inLanguage\":\"es-CL\",\"@id\":\"https:\/\/allwintheme.com\/product\/gute-minimalist-blog-wordpress-theme\/#primaryimage\",\"url\":\"https:\/\/allwintheme.com\/wp-content\/uploads\/2025\/09\/xl7i26qp.png\",\"contentUrl\":\"https:\/\/allwintheme.com\/wp-content\/uploads\/2025\/09\/xl7i26qp.png\",\"width\":768,\"height\":415,\"caption\":\"Gute | Minimalist Blog WordPress Theme\"},{\"@type\":\"BreadcrumbList\",\"@id\":\"https:\/\/allwintheme.com\/product\/gute-minimalist-blog-wordpress-theme\/#breadcrumb\",\"itemListElement\":[{\"@type\":\"ListItem\",\"position\":1,\"name\":\"Home\",\"item\":\"https:\/\/allwintheme.com\/\"},{\"@type\":\"ListItem\",\"position\":2,\"name\":\"Shop\",\"item\":\"https:\/\/allwintheme.com\/shop\/\"},{\"@type\":\"ListItem\",\"position\":3,\"name\":\"Gute: Minimalist Blog &#038; Magazine WordPress Theme\"}]},{\"@type\":\"WebSite\",\"@id\":\"https:\/\/allwintheme.com\/#website\",\"url\":\"https:\/\/allwintheme.com\/\",\"name\":\"Allwintheme\",\"description\":\"Download free WordPress themes for every niche. Blogs, business, eCommerce, portfolio, restaurant and more. All themes are GPL licensed and mobile-ready.\",\"potentialAction\":[{\"@type\":\"SearchAction\",\"target\":{\"@type\":\"EntryPoint\",\"urlTemplate\":\"https:\/\/allwintheme.com\/?s={search_term_string}\"},\"query-input\":{\"@type\":\"PropertyValueSpecification\",\"valueRequired\":true,\"valueName\":\"search_term_string\"}}],\"inLanguage\":\"es-CL\"}]}<\/script>\n<!-- \/ Yoast SEO Premium plugin. -->","yoast_head_json":{"title":"Gute: Minimalist Blog & Magazine WordPress Theme - AllWin Theme \u2013 Free WordPress Themes Download","description":"Descubre Gute, un moderno tema de WordPress para noticias, revistas y blogs. Totalmente personalizable con Elementor, responsive y f\u00e1cil de usar.","robots":{"index":"index","follow":"follow","max-snippet":"max-snippet:-1","max-image-preview":"max-image-preview:large","max-video-preview":"max-video-preview:-1"},"canonical":"https:\/\/allwintheme.com\/es\/producto\/gute-minimalist-blog-wordpress-theme\/","og_locale":"es_ES","og_type":"article","og_title":"Gute: Minimalist Blog & Magazine WordPress Theme","og_description":"Discover Gute, a modern WordPress theme for news, magazines, and blogs. Fully customizable with Elementor, responsive, and user-friendly.","og_url":"https:\/\/allwintheme.com\/es\/producto\/gute-minimalist-blog-wordpress-theme\/","og_site_name":"AllWin Theme \u2013 Free WordPress Themes Download","article_modified_time":"2025-09-04T14:42:22+00:00","og_image":[{"width":768,"height":415,"url":"https:\/\/allwintheme.com\/wp-content\/uploads\/2025\/09\/xl7i26qp.png","type":"image\/png"}],"twitter_card":"summary_large_image","twitter_misc":{"Tiempo estimado de lectura":"2 minutos"},"schema":{"@context":"https:\/\/schema.org","@graph":[{"@type":"WebPage","@id":"https:\/\/allwintheme.com\/product\/gute-minimalist-blog-wordpress-theme\/","url":"https:\/\/allwintheme.com\/product\/gute-minimalist-blog-wordpress-theme\/","name":"Gute: Minimalist Blog & Magazine WordPress Theme - AllWin Theme \u2013 Free WordPress Themes Download","isPartOf":{"@id":"https:\/\/allwintheme.com\/#website"},"primaryImageOfPage":{"@id":"https:\/\/allwintheme.com\/product\/gute-minimalist-blog-wordpress-theme\/#primaryimage"},"image":{"@id":"https:\/\/allwintheme.com\/product\/gute-minimalist-blog-wordpress-theme\/#primaryimage"},"thumbnailUrl":"https:\/\/allwintheme.com\/wp-content\/uploads\/2025\/09\/xl7i26qp.png","datePublished":"2025-09-04T14:38:30+00:00","dateModified":"2025-09-04T14:42:22+00:00","description":"Descubre Gute, un moderno tema de WordPress para noticias, revistas y blogs. Totalmente personalizable con Elementor, responsive y f\u00e1cil de usar.","breadcrumb":{"@id":"https:\/\/allwintheme.com\/product\/gute-minimalist-blog-wordpress-theme\/#breadcrumb"},"inLanguage":"es-CL","potentialAction":[{"@type":"ReadAction","target":["https:\/\/allwintheme.com\/product\/gute-minimalist-blog-wordpress-theme\/"]}]},{"@type":"ImageObject","inLanguage":"es-CL","@id":"https:\/\/allwintheme.com\/product\/gute-minimalist-blog-wordpress-theme\/#primaryimage","url":"https:\/\/allwintheme.com\/wp-content\/uploads\/2025\/09\/xl7i26qp.png","contentUrl":"https:\/\/allwintheme.com\/wp-content\/uploads\/2025\/09\/xl7i26qp.png","width":768,"height":415,"caption":"Gute | Minimalist Blog WordPress Theme"},{"@type":"BreadcrumbList","@id":"https:\/\/allwintheme.com\/product\/gute-minimalist-blog-wordpress-theme\/#breadcrumb","itemListElement":[{"@type":"ListItem","position":1,"name":"Home","item":"https:\/\/allwintheme.com\/"},{"@type":"ListItem","position":2,"name":"Shop","item":"https:\/\/allwintheme.com\/shop\/"},{"@type":"ListItem","position":3,"name":"Gute: Minimalist Blog &#038; Magazine WordPress Theme"}]},{"@type":"WebSite","@id":"https:\/\/allwintheme.com\/#website","url":"https:\/\/allwintheme.com\/","name":"Allwintheme","description":"Descarga gratis temas de WordPress para todos los nichos. Blogs, negocios, comercio electr\u00f3nico, portafolio, restaurante y m\u00e1s. Todos los temas tienen licencia GPL y est\u00e1n preparados para dispositivos m\u00f3viles.","potentialAction":[{"@type":"SearchAction","target":{"@type":"EntryPoint","urlTemplate":"https:\/\/allwintheme.com\/?s={search_term_string}"},"query-input":{"@type":"PropertyValueSpecification","valueRequired":true,"valueName":"search_term_string"}}],"inLanguage":"es-CL"}]}},"_links":{"self":[{"href":"https:\/\/allwintheme.com\/es\/wp-json\/wp\/v2\/product\/5712","targetHints":{"allow":["GET"]}}],"collection":[{"href":"https:\/\/allwintheme.com\/es\/wp-json\/wp\/v2\/product"}],"about":[{"href":"https:\/\/allwintheme.com\/es\/wp-json\/wp\/v2\/types\/product"}],"replies":[{"embeddable":true,"href":"https:\/\/allwintheme.com\/es\/wp-json\/wp\/v2\/comments?post=5712"}],"version-history":[{"count":0,"href":"https:\/\/allwintheme.com\/es\/wp-json\/wp\/v2\/product\/5712\/revisions"}],"wp:featuredmedia":[{"embeddable":true,"href":"https:\/\/allwintheme.com\/es\/wp-json\/wp\/v2\/media\/5713"}],"wp:attachment":[{"href":"https:\/\/allwintheme.com\/es\/wp-json\/wp\/v2\/media?parent=5712"}],"wp:term":[{"taxonomy":"product_brand","embeddable":true,"href":"https:\/\/allwintheme.com\/es\/wp-json\/wp\/v2\/product_brand?post=5712"},{"taxonomy":"product_cat","embeddable":true,"href":"https:\/\/allwintheme.com\/es\/wp-json\/wp\/v2\/product_cat?post=5712"},{"taxonomy":"product_tag","embeddable":true,"href":"https:\/\/allwintheme.com\/es\/wp-json\/wp\/v2\/product_tag?post=5712"}],"curies":[{"name":"wp","href":"https:\/\/api.w.org\/{rel}","templated":true}]}}