{"id":5754,"date":"2025-09-05T14:33:12","date_gmt":"2025-09-05T14:33:12","guid":{"rendered":"https:\/\/allwintheme.com\/?post_type=product&#038;p=5754"},"modified":"2025-09-05T14:40:22","modified_gmt":"2025-09-05T14:40:22","slug":"aura-tema-premium-para-moviles","status":"publish","type":"product","link":"https:\/\/allwintheme.com\/es\/producto\/aura-tema-premium-para-moviles\/","title":{"rendered":"Aura Premium Mobile Theme: Totalmente personalizable y moderno"},"content":{"rendered":"<div data-elementor-type=\"wp-post\" data-elementor-id=\"5754\" class=\"elementor elementor-5754\" data-elementor-settings=\"{&quot;element_pack_global_tooltip_width&quot;:{&quot;unit&quot;:&quot;px&quot;,&quot;size&quot;:&quot;&quot;,&quot;sizes&quot;:[]},&quot;element_pack_global_tooltip_width_tablet&quot;:{&quot;unit&quot;:&quot;px&quot;,&quot;size&quot;:&quot;&quot;,&quot;sizes&quot;:[]},&quot;element_pack_global_tooltip_width_mobile&quot;:{&quot;unit&quot;:&quot;px&quot;,&quot;size&quot;:&quot;&quot;,&quot;sizes&quot;:[]},&quot;element_pack_global_tooltip_padding&quot;:{&quot;unit&quot;:&quot;px&quot;,&quot;top&quot;:&quot;&quot;,&quot;right&quot;:&quot;&quot;,&quot;bottom&quot;:&quot;&quot;,&quot;left&quot;:&quot;&quot;,&quot;isLinked&quot;:true},&quot;element_pack_global_tooltip_padding_tablet&quot;:{&quot;unit&quot;:&quot;px&quot;,&quot;top&quot;:&quot;&quot;,&quot;right&quot;:&quot;&quot;,&quot;bottom&quot;:&quot;&quot;,&quot;left&quot;:&quot;&quot;,&quot;isLinked&quot;:true},&quot;element_pack_global_tooltip_padding_mobile&quot;:{&quot;unit&quot;:&quot;px&quot;,&quot;top&quot;:&quot;&quot;,&quot;right&quot;:&quot;&quot;,&quot;bottom&quot;:&quot;&quot;,&quot;left&quot;:&quot;&quot;,&quot;isLinked&quot;:true},&quot;element_pack_global_tooltip_border_radius&quot;:{&quot;unit&quot;:&quot;px&quot;,&quot;top&quot;:&quot;&quot;,&quot;right&quot;:&quot;&quot;,&quot;bottom&quot;:&quot;&quot;,&quot;left&quot;:&quot;&quot;,&quot;isLinked&quot;:true},&quot;element_pack_global_tooltip_border_radius_tablet&quot;:{&quot;unit&quot;:&quot;px&quot;,&quot;top&quot;:&quot;&quot;,&quot;right&quot;:&quot;&quot;,&quot;bottom&quot;:&quot;&quot;,&quot;left&quot;:&quot;&quot;,&quot;isLinked&quot;:true},&quot;element_pack_global_tooltip_border_radius_mobile&quot;:{&quot;unit&quot;:&quot;px&quot;,&quot;top&quot;:&quot;&quot;,&quot;right&quot;:&quot;&quot;,&quot;bottom&quot;:&quot;&quot;,&quot;left&quot;:&quot;&quot;,&quot;isLinked&quot;:true}}\" data-elementor-post-type=\"product\">\n\t\t\t\t<div class=\"elementor-element elementor-element-93aa4a8 e-con-full e-flex e-con e-parent\" data-id=\"93aa4a8\" data-element_type=\"container\" data-e-type=\"container\">\n\t\t\t\t<div class=\"elementor-element elementor-element-2c3f760 miaoshu elementor-widget elementor-widget-wd_text_block\" data-id=\"2c3f760\" data-element_type=\"widget\" data-e-type=\"widget\" data-widget_type=\"wd_text_block.default\">\n\t\t\t\t<div class=\"elementor-widget-container\">\n\t\t\t\t\t\t\t<div class=\"wd-text-block reset-last-child text-left\">\n\t\t\t\n\t\t\t<h2>Aura Tema M\u00f3vil Premium: Mejore su experiencia m\u00f3vil<\/h2>\n<p>Presentaci\u00f3n de <strong>Aura<\/strong>Aura es un tema m\u00f3vil de \u00faltima generaci\u00f3n dise\u00f1ado para ofrecer a los visitantes de su sitio web una experiencia fluida y visualmente impactante. Construido con un sistema de temas totalmente personalizable, Aura combina un dise\u00f1o moderno con una potente funcionalidad, por lo que es la elecci\u00f3n perfecta para blogs, portafolios, galer\u00edas y mucho m\u00e1s. Ya sea para mostrar su trabajo, compartir sus pensamientos o incrustar contenido multimedia, Aura garantiza que su sitio tenga un aspecto impecable en todos los dispositivos.<\/p>\n\n<h3>Caracter\u00edsticas principales de Aura<\/h3>\n<ul>\n    <li><strong>Compatibilidad total con Retina:<\/strong> Disfrute de im\u00e1genes n\u00edtidas y de alta calidad con iconos retina-ready e im\u00e1genes optimizadas para dispositivos m\u00f3viles, incluidos iPhones y iPads.<\/li>\n    <li><strong>Altamente personalizable:<\/strong> Personalice su sitio con un n\u00famero ilimitado de elementos de men\u00fa, categor\u00edas y variaciones de color. Elija entre iconos de imagen o 370+ iconos FontAwesome (en blanco y negro incluidos).<\/li>\n    <li><strong>Sistema de blog vers\u00e1til:<\/strong> El sistema de blogging m\u00f3vil de Aura admite todos los formatos de entrada predeterminados, lo que le permite crear contenidos atractivos con facilidad.<\/li>\n    <li><strong>Soporte para portafolios y galer\u00edas:<\/strong> Muestre su trabajo con dise\u00f1os de 1 a 4 columnas, pesta\u00f1as y secciones desplegables para una presentaci\u00f3n profesional.<\/li>\n    <li><strong>Integraci\u00f3n multimedia:<\/strong> Incrusta sin problemas v\u00eddeos de YouTube, Vimeo y otras plataformas importantes, adem\u00e1s de audio de SoundCloud.<\/li>\n    <li><strong>Dise\u00f1o moderno y limpio:<\/strong> Construido con HTML5 y CSS3, Aura ofrece un dise\u00f1o elegante y sensible que funciona para cualquier tipo de sitio web.<\/li>\n    <li><strong>Panel de administraci\u00f3n avanzado:<\/strong> Gestione su sitio sin esfuerzo con el intuitivo panel de administraci\u00f3n m\u00f3vil de Aura, con campos bien comentados.<\/li>\n    <li><strong>Compatibilidad con terceros:<\/strong> Funciona a la perfecci\u00f3n con plugins como Contact Form 7 e incluye el plugin WMF Framework para sliders y galer\u00edas.<\/li>\n    <li><strong>Multiling\u00fce:<\/strong> Admite la localizaci\u00f3n con archivos po\/pot, lo que facilita la traducci\u00f3n de su sitio.<\/li>\n    <li><strong>Integraci\u00f3n de los medios sociales:<\/strong> Incluye un c\u00f3digo abreviado de Twitter para la interacci\u00f3n social en tiempo real.<\/li>\n    <li><strong>Soporte Desktop View:<\/strong> Aura funciona tambi\u00e9n como sitio de escritorio, lo que garantiza una experiencia coherente en todos los dispositivos.<\/li>\n<\/ul>\n\n<h3>\u00bfPor qu\u00e9 elegir Aura?<\/h3>\n<p>Aura es m\u00e1s que un tema para m\u00f3viles: es una soluci\u00f3n completa para crear un sitio web din\u00e1mico y f\u00e1cil de usar. Con funciones como un men\u00fa de bot\u00f3n izquierdo deslizante, carga de fondos personalizados y actualizaciones autom\u00e1ticas, Aura te permite crear un sitio que destaque. El tema tambi\u00e9n incluye una amplia documentaci\u00f3n, tutoriales en v\u00eddeo y un excelente servicio de atenci\u00f3n al cliente para guiarle en cada paso del camino.<\/p>\n\n<h3>Ventajas adicionales<\/h3>\n<ul>\n    <li><strong>Compatibilidad entre navegadores:<\/strong> Funciona a la perfecci\u00f3n en los principales navegadores.<\/li>\n    <li><strong>Soporte para temas infantiles:<\/strong> Personaliza con confianza, sabiendo que tus cambios son seguros.<\/li>\n    <li><strong>Optimizado para m\u00f3viles:<\/strong> Incluye una burbuja en la pantalla de inicio para dispositivos iOS y un rendimiento perfecto en m\u00f3viles y tabletas.<\/li>\n<\/ul>\n\n<h3>Empezar a utilizar Aura<\/h3>\n<p>\u00bfListo para transformar su sitio web m\u00f3vil? Obt\u00e9n una vista previa de Aura en tu tel\u00e9fono o tableta para experimentar de primera mano sus funciones retina-ready y su elegante dise\u00f1o. Con su s\u00f3lido conjunto de funciones y su flexibilidad, Aura es el tema m\u00f3vil definitivo para WordPress 4 y versiones posteriores.<\/p>\n\t\t\t\t\t<\/div>\n\t\t\t\t\t\t<\/div>\n\t\t\t\t<\/div>\n\t\t\t\t<\/div>\n\t\t\t\t<\/div>","protected":false},"excerpt":{"rendered":"<p>Aura Premium Mobile Theme: Elevate Your Mobile Experience Introducing Aura, a cutting-edge mobile theme designed to deliver a seamless and<\/p>","protected":false},"featured_media":5756,"comment_status":"open","ping_status":"closed","template":"","meta":{"_acf_changed":false},"product_brand":[],"product_cat":[48],"product_tag":[],"class_list":{"0":"post-5754","1":"product","2":"type-product","3":"status-publish","4":"has-post-thumbnail","6":"product_cat-themes","8":"first","9":"instock","10":"sale","11":"downloadable","12":"shipping-taxable","13":"purchasable","14":"product-type-simple"},"acf":[],"yoast_head":"<!-- This site is optimized with the Yoast SEO Premium plugin v25.6 (Yoast SEO v27.1.1) - https:\/\/yoast.com\/product\/yoast-seo-premium-wordpress\/ -->\n<title>Aura Premium Mobile Theme: Fully Customizable &amp; Modern - AllWin Theme \u2013 Free WordPress Themes Download<\/title>\n<meta name=\"description\" content=\"Discover Aura, a fully customizable mobile theme with retina support, perfect for blogs, portfolios, and galleries. Built with HTML5, CSS3, and FontAwesome icons.\" \/>\n<meta name=\"robots\" content=\"index, follow, max-snippet:-1, max-image-preview:large, max-video-preview:-1\" \/>\n<link rel=\"canonical\" href=\"https:\/\/allwintheme.com\/es\/producto\/aura-tema-premium-para-moviles\/\" \/>\n<meta property=\"og:locale\" content=\"es_ES\" \/>\n<meta property=\"og:type\" content=\"article\" \/>\n<meta property=\"og:title\" content=\"Aura Premium Mobile Theme: Fully Customizable &amp; Modern\" \/>\n<meta property=\"og:description\" content=\"Discover Aura, a fully customizable mobile theme with retina support, perfect for blogs, portfolios, and galleries. Built with HTML5, CSS3, and FontAwesome icons.\" \/>\n<meta property=\"og:url\" content=\"https:\/\/allwintheme.com\/es\/producto\/aura-tema-premium-para-moviles\/\" \/>\n<meta property=\"og:site_name\" content=\"AllWin Theme \u2013 Free WordPress Themes Download\" \/>\n<meta property=\"article:modified_time\" content=\"2025-09-05T14:40:22+00:00\" \/>\n<meta property=\"og:image\" content=\"https:\/\/allwintheme.com\/wp-content\/uploads\/2025\/09\/fvobbvru.png\" \/>\n\t<meta property=\"og:image:width\" content=\"768\" \/>\n\t<meta property=\"og:image:height\" content=\"507\" \/>\n\t<meta property=\"og:image:type\" content=\"image\/png\" \/>\n<meta name=\"twitter:card\" content=\"summary_large_image\" \/>\n<meta name=\"twitter:label1\" content=\"Tiempo estimado de lectura\" \/>\n\t<meta name=\"twitter:data1\" content=\"3 minutos\" \/>\n<script type=\"application\/ld+json\" class=\"yoast-schema-graph\">{\"@context\":\"https:\/\/schema.org\",\"@graph\":[{\"@type\":\"WebPage\",\"@id\":\"https:\/\/allwintheme.com\/product\/aura-premium-mobile-theme\/\",\"url\":\"https:\/\/allwintheme.com\/product\/aura-premium-mobile-theme\/\",\"name\":\"Aura Premium Mobile Theme: Fully Customizable & Modern - AllWin Theme \u2013 Free WordPress Themes Download\",\"isPartOf\":{\"@id\":\"https:\/\/allwintheme.com\/#website\"},\"primaryImageOfPage\":{\"@id\":\"https:\/\/allwintheme.com\/product\/aura-premium-mobile-theme\/#primaryimage\"},\"image\":{\"@id\":\"https:\/\/allwintheme.com\/product\/aura-premium-mobile-theme\/#primaryimage\"},\"thumbnailUrl\":\"https:\/\/allwintheme.com\/wp-content\/uploads\/2025\/09\/fvobbvru.png\",\"datePublished\":\"2025-09-05T14:33:12+00:00\",\"dateModified\":\"2025-09-05T14:40:22+00:00\",\"description\":\"Discover Aura, a fully customizable mobile theme with retina support, perfect for blogs, portfolios, and galleries. Built with HTML5, CSS3, and FontAwesome icons.\",\"breadcrumb\":{\"@id\":\"https:\/\/allwintheme.com\/product\/aura-premium-mobile-theme\/#breadcrumb\"},\"inLanguage\":\"es-CL\",\"potentialAction\":[{\"@type\":\"ReadAction\",\"target\":[\"https:\/\/allwintheme.com\/product\/aura-premium-mobile-theme\/\"]}]},{\"@type\":\"ImageObject\",\"inLanguage\":\"es-CL\",\"@id\":\"https:\/\/allwintheme.com\/product\/aura-premium-mobile-theme\/#primaryimage\",\"url\":\"https:\/\/allwintheme.com\/wp-content\/uploads\/2025\/09\/fvobbvru.png\",\"contentUrl\":\"https:\/\/allwintheme.com\/wp-content\/uploads\/2025\/09\/fvobbvru.png\",\"width\":768,\"height\":507,\"caption\":\"Aura Premium Mobile Theme\"},{\"@type\":\"BreadcrumbList\",\"@id\":\"https:\/\/allwintheme.com\/product\/aura-premium-mobile-theme\/#breadcrumb\",\"itemListElement\":[{\"@type\":\"ListItem\",\"position\":1,\"name\":\"Home\",\"item\":\"https:\/\/allwintheme.com\/\"},{\"@type\":\"ListItem\",\"position\":2,\"name\":\"Shop\",\"item\":\"https:\/\/allwintheme.com\/shop\/\"},{\"@type\":\"ListItem\",\"position\":3,\"name\":\"Aura Premium Mobile Theme: Fully Customizable &#038; Modern\"}]},{\"@type\":\"WebSite\",\"@id\":\"https:\/\/allwintheme.com\/#website\",\"url\":\"https:\/\/allwintheme.com\/\",\"name\":\"Allwintheme\",\"description\":\"Download free WordPress themes for every niche. Blogs, business, eCommerce, portfolio, restaurant and more. All themes are GPL licensed and mobile-ready.\",\"potentialAction\":[{\"@type\":\"SearchAction\",\"target\":{\"@type\":\"EntryPoint\",\"urlTemplate\":\"https:\/\/allwintheme.com\/?s={search_term_string}\"},\"query-input\":{\"@type\":\"PropertyValueSpecification\",\"valueRequired\":true,\"valueName\":\"search_term_string\"}}],\"inLanguage\":\"es-CL\"}]}<\/script>\n<!-- \/ Yoast SEO Premium plugin. -->","yoast_head_json":{"title":"Aura Premium Mobile Theme: Fully Customizable & Modern - AllWin Theme \u2013 Free WordPress Themes Download","description":"Descubre Aura, un tema m\u00f3vil totalmente personalizable con soporte retina, perfecto para blogs, portafolios y galer\u00edas. Creado con HTML5, CSS3 e iconos FontAwesome.","robots":{"index":"index","follow":"follow","max-snippet":"max-snippet:-1","max-image-preview":"max-image-preview:large","max-video-preview":"max-video-preview:-1"},"canonical":"https:\/\/allwintheme.com\/es\/producto\/aura-tema-premium-para-moviles\/","og_locale":"es_ES","og_type":"article","og_title":"Aura Premium Mobile Theme: Fully Customizable & Modern","og_description":"Discover Aura, a fully customizable mobile theme with retina support, perfect for blogs, portfolios, and galleries. Built with HTML5, CSS3, and FontAwesome icons.","og_url":"https:\/\/allwintheme.com\/es\/producto\/aura-tema-premium-para-moviles\/","og_site_name":"AllWin Theme \u2013 Free WordPress Themes Download","article_modified_time":"2025-09-05T14:40:22+00:00","og_image":[{"width":768,"height":507,"url":"https:\/\/allwintheme.com\/wp-content\/uploads\/2025\/09\/fvobbvru.png","type":"image\/png"}],"twitter_card":"summary_large_image","twitter_misc":{"Tiempo estimado de lectura":"3 minutos"},"schema":{"@context":"https:\/\/schema.org","@graph":[{"@type":"WebPage","@id":"https:\/\/allwintheme.com\/product\/aura-premium-mobile-theme\/","url":"https:\/\/allwintheme.com\/product\/aura-premium-mobile-theme\/","name":"Aura Premium Mobile Theme: Fully Customizable & Modern - AllWin Theme \u2013 Free WordPress Themes Download","isPartOf":{"@id":"https:\/\/allwintheme.com\/#website"},"primaryImageOfPage":{"@id":"https:\/\/allwintheme.com\/product\/aura-premium-mobile-theme\/#primaryimage"},"image":{"@id":"https:\/\/allwintheme.com\/product\/aura-premium-mobile-theme\/#primaryimage"},"thumbnailUrl":"https:\/\/allwintheme.com\/wp-content\/uploads\/2025\/09\/fvobbvru.png","datePublished":"2025-09-05T14:33:12+00:00","dateModified":"2025-09-05T14:40:22+00:00","description":"Descubre Aura, un tema m\u00f3vil totalmente personalizable con soporte retina, perfecto para blogs, portafolios y galer\u00edas. Creado con HTML5, CSS3 e iconos FontAwesome.","breadcrumb":{"@id":"https:\/\/allwintheme.com\/product\/aura-premium-mobile-theme\/#breadcrumb"},"inLanguage":"es-CL","potentialAction":[{"@type":"ReadAction","target":["https:\/\/allwintheme.com\/product\/aura-premium-mobile-theme\/"]}]},{"@type":"ImageObject","inLanguage":"es-CL","@id":"https:\/\/allwintheme.com\/product\/aura-premium-mobile-theme\/#primaryimage","url":"https:\/\/allwintheme.com\/wp-content\/uploads\/2025\/09\/fvobbvru.png","contentUrl":"https:\/\/allwintheme.com\/wp-content\/uploads\/2025\/09\/fvobbvru.png","width":768,"height":507,"caption":"Aura Premium Mobile Theme"},{"@type":"BreadcrumbList","@id":"https:\/\/allwintheme.com\/product\/aura-premium-mobile-theme\/#breadcrumb","itemListElement":[{"@type":"ListItem","position":1,"name":"Home","item":"https:\/\/allwintheme.com\/"},{"@type":"ListItem","position":2,"name":"Shop","item":"https:\/\/allwintheme.com\/shop\/"},{"@type":"ListItem","position":3,"name":"Aura Premium Mobile Theme: Fully Customizable &#038; Modern"}]},{"@type":"WebSite","@id":"https:\/\/allwintheme.com\/#website","url":"https:\/\/allwintheme.com\/","name":"Allwintheme","description":"Descarga gratis temas de WordPress para todos los nichos. Blogs, negocios, comercio electr\u00f3nico, portafolio, restaurante y m\u00e1s. Todos los temas tienen licencia GPL y est\u00e1n preparados para dispositivos m\u00f3viles.","potentialAction":[{"@type":"SearchAction","target":{"@type":"EntryPoint","urlTemplate":"https:\/\/allwintheme.com\/?s={search_term_string}"},"query-input":{"@type":"PropertyValueSpecification","valueRequired":true,"valueName":"search_term_string"}}],"inLanguage":"es-CL"}]}},"_links":{"self":[{"href":"https:\/\/allwintheme.com\/es\/wp-json\/wp\/v2\/product\/5754","targetHints":{"allow":["GET"]}}],"collection":[{"href":"https:\/\/allwintheme.com\/es\/wp-json\/wp\/v2\/product"}],"about":[{"href":"https:\/\/allwintheme.com\/es\/wp-json\/wp\/v2\/types\/product"}],"replies":[{"embeddable":true,"href":"https:\/\/allwintheme.com\/es\/wp-json\/wp\/v2\/comments?post=5754"}],"version-history":[{"count":0,"href":"https:\/\/allwintheme.com\/es\/wp-json\/wp\/v2\/product\/5754\/revisions"}],"wp:featuredmedia":[{"embeddable":true,"href":"https:\/\/allwintheme.com\/es\/wp-json\/wp\/v2\/media\/5756"}],"wp:attachment":[{"href":"https:\/\/allwintheme.com\/es\/wp-json\/wp\/v2\/media?parent=5754"}],"wp:term":[{"taxonomy":"product_brand","embeddable":true,"href":"https:\/\/allwintheme.com\/es\/wp-json\/wp\/v2\/product_brand?post=5754"},{"taxonomy":"product_cat","embeddable":true,"href":"https:\/\/allwintheme.com\/es\/wp-json\/wp\/v2\/product_cat?post=5754"},{"taxonomy":"product_tag","embeddable":true,"href":"https:\/\/allwintheme.com\/es\/wp-json\/wp\/v2\/product_tag?post=5754"}],"curies":[{"name":"wp","href":"https:\/\/api.w.org\/{rel}","templated":true}]}}