{"id":5780,"date":"2025-09-06T00:19:44","date_gmt":"2025-09-06T00:19:44","guid":{"rendered":"https:\/\/allwintheme.com\/?post_type=product&#038;p=5780"},"modified":"2025-09-06T00:37:17","modified_gmt":"2025-09-06T00:37:17","slug":"homirx-real-estate-wordpress-theme","status":"publish","type":"product","link":"https:\/\/allwintheme.com\/es\/producto\/homirx-real-estate-wordpress-theme\/","title":{"rendered":"Homirx - Tema de WordPress para inmobiliarias"},"content":{"rendered":"<div data-elementor-type=\"wp-post\" data-elementor-id=\"5780\" class=\"elementor elementor-5780\" data-elementor-settings=\"{&quot;element_pack_global_tooltip_width&quot;:{&quot;unit&quot;:&quot;px&quot;,&quot;size&quot;:&quot;&quot;,&quot;sizes&quot;:[]},&quot;element_pack_global_tooltip_width_tablet&quot;:{&quot;unit&quot;:&quot;px&quot;,&quot;size&quot;:&quot;&quot;,&quot;sizes&quot;:[]},&quot;element_pack_global_tooltip_width_mobile&quot;:{&quot;unit&quot;:&quot;px&quot;,&quot;size&quot;:&quot;&quot;,&quot;sizes&quot;:[]},&quot;element_pack_global_tooltip_padding&quot;:{&quot;unit&quot;:&quot;px&quot;,&quot;top&quot;:&quot;&quot;,&quot;right&quot;:&quot;&quot;,&quot;bottom&quot;:&quot;&quot;,&quot;left&quot;:&quot;&quot;,&quot;isLinked&quot;:true},&quot;element_pack_global_tooltip_padding_tablet&quot;:{&quot;unit&quot;:&quot;px&quot;,&quot;top&quot;:&quot;&quot;,&quot;right&quot;:&quot;&quot;,&quot;bottom&quot;:&quot;&quot;,&quot;left&quot;:&quot;&quot;,&quot;isLinked&quot;:true},&quot;element_pack_global_tooltip_padding_mobile&quot;:{&quot;unit&quot;:&quot;px&quot;,&quot;top&quot;:&quot;&quot;,&quot;right&quot;:&quot;&quot;,&quot;bottom&quot;:&quot;&quot;,&quot;left&quot;:&quot;&quot;,&quot;isLinked&quot;:true},&quot;element_pack_global_tooltip_border_radius&quot;:{&quot;unit&quot;:&quot;px&quot;,&quot;top&quot;:&quot;&quot;,&quot;right&quot;:&quot;&quot;,&quot;bottom&quot;:&quot;&quot;,&quot;left&quot;:&quot;&quot;,&quot;isLinked&quot;:true},&quot;element_pack_global_tooltip_border_radius_tablet&quot;:{&quot;unit&quot;:&quot;px&quot;,&quot;top&quot;:&quot;&quot;,&quot;right&quot;:&quot;&quot;,&quot;bottom&quot;:&quot;&quot;,&quot;left&quot;:&quot;&quot;,&quot;isLinked&quot;:true},&quot;element_pack_global_tooltip_border_radius_mobile&quot;:{&quot;unit&quot;:&quot;px&quot;,&quot;top&quot;:&quot;&quot;,&quot;right&quot;:&quot;&quot;,&quot;bottom&quot;:&quot;&quot;,&quot;left&quot;:&quot;&quot;,&quot;isLinked&quot;:true}}\" data-elementor-post-type=\"product\">\n\t\t\t\t<div class=\"elementor-element elementor-element-93aa4a8 e-con-full e-flex e-con e-parent\" data-id=\"93aa4a8\" data-element_type=\"container\" data-e-type=\"container\">\n\t\t\t\t<div class=\"elementor-element elementor-element-2c3f760 miaoshu elementor-widget elementor-widget-wd_text_block\" data-id=\"2c3f760\" data-element_type=\"widget\" data-e-type=\"widget\" data-widget_type=\"wd_text_block.default\">\n\t\t\t\t<div class=\"elementor-widget-container\">\n\t\t\t\t\t\t\t<div class=\"wd-text-block reset-last-child text-left\">\n\t\t\t\n\t\t\t<h2>Tema de WordPress para inmobiliarias<\/h2>\n<p>Homirx es la soluci\u00f3n definitiva para los profesionales inmobiliarios que buscan crear un sitio web impresionante y f\u00e1cil de usar. Si usted es un agente inmobiliario, agencia, promotor inmobiliario, o la gesti\u00f3n de alquileres de vacaciones, Homirx ofrece un dise\u00f1o moderno y altamente personalizable para ayudarle a mostrar propiedades, atraer clientes y cerrar m\u00e1s negocios. Con potentes herramientas y una funcionalidad perfecta, este tema simplifica la gesti\u00f3n de propiedades y mejora su presencia en l\u00ednea.<\/p>\n\n<h3>Perfecto para profesionales inmobiliarios<\/h3>\n<p>Homirx est\u00e1 dise\u00f1ado para satisfacer las diversas necesidades del sector inmobiliario. Es ideal para:<\/p>\n<ul>\n    <li>Agentes y corredores inmobiliarios<\/li>\n    <li>Promotores residenciales y comerciales<\/li>\n    <li>Administradores de fincas<\/li>\n    <li>Sitios web de alquiler de vacaciones<\/li>\n    <li>Promotores inmobiliarios \u00fanicos<\/li>\n<\/ul>\n<p>Con funciones avanzadas como b\u00fasquedas intuitivas de anuncios, filtros personalizables y atractivas presentaciones de propiedades, Homirx garantiza una experiencia de usuario superior que mantiene el inter\u00e9s de los visitantes.<\/p>\n\n<h3>Creaci\u00f3n de sitios web sin esfuerzo con Elementor<\/h3>\n<p>Homirx hace que la creaci\u00f3n de sitios web sea sencilla y sin c\u00f3digo, d\u00e1ndole un control total sobre el dise\u00f1o y la funcionalidad de su sitio. Las caracter\u00edsticas clave incluyen:<\/p>\n<ul>\n    <li><strong>Integraci\u00f3n con Elementor:<\/strong> Construido sobre el plugin gratuito Elementor, Homirx ofrece m\u00e1s de 30 elementos de arrastrar y soltar para una f\u00e1cil personalizaci\u00f3n de p\u00e1ginas de inicio, p\u00e1ginas de contacto, blogs y mucho m\u00e1s.<\/li>\n    <li><strong>Cuatro p\u00e1ginas de demostraci\u00f3n:<\/strong> Elija entre cuatro dise\u00f1os profesionales de p\u00e1gina de inicio para poner en marcha su sitio web.<\/li>\n    <li><strong>Importaci\u00f3n de demostraciones con un solo clic:<\/strong> Configure su sitio en segundos con contenido de demostraci\u00f3n preconstruido, listo para su personalizaci\u00f3n.<\/li>\n    <li><strong>Panel de control avanzado:<\/strong> Desarrollado por el marco Redux, gestionar esquemas de color ilimitadas, Google Fonts, y otras herramientas de dise\u00f1o para un sitio web totalmente a medida.<\/li>\n<\/ul>\n\n<h3>Potentes funciones para el \u00e9xito inmobiliario<\/h3>\n<p>Homirx est\u00e1 repleto de herramientas l\u00edderes en la industria para elevar su negocio:<\/p>\n<ul>\n    <li><strong>Plugin Directorist:<\/strong> Un directorio de empresas impulsado por IA con anuncios clasificados para una creaci\u00f3n de listados m\u00e1s inteligente y r\u00e1pida.<\/li>\n    <li><strong>Generador de formularios personalizados:<\/strong> Dise\u00f1e formularios de listado y b\u00fasqueda personalizados con la intuitiva tecnolog\u00eda de arrastrar y soltar.<\/li>\n    <li><strong>Calendario de eventos:<\/strong> Gestione y muestre profesionalmente jornadas de puertas abiertas o seminarios con un calendario de eventos espec\u00edfico.<\/li>\n    <li><strong>Dise\u00f1o totalmente adaptable:<\/strong> Aseg\u00farese de que su sitio web tenga un aspecto impecable y funcione perfectamente en todos los dispositivos, potenciando la experiencia del usuario y el SEO para palabras clave como \"casas en venta\" o \"pisos en alquiler\".<\/li>\n    <li><strong>Compatibilidad con WooCommerce y WPML:<\/strong> Ampl\u00ede su alcance vendiendo productos o dirigi\u00e9ndose a audiencias internacionales con total compatibilidad con WooCommerce y WPML.<\/li>\n    <li><strong>Documentaci\u00f3n exhaustiva:<\/strong> Acceda a gu\u00edas detalladas para simplificar la configuraci\u00f3n y la personalizaci\u00f3n.<\/li>\n<\/ul>\n\n<h3>Mejore su negocio inmobiliario<\/h3>\n<p>Con Homirx - Real Estate WordPress Theme, obtendr\u00e1 una herramienta completa y profesional para construir un sitio web que impresiona y ofrece resultados. \u00bfListo para llevar sus listados de propiedades al siguiente nivel? Empiece hoy mismo a crear el sitio web inmobiliario de sus sue\u00f1os.<\/p>\n\t\t\t\t\t<\/div>\n\t\t\t\t\t\t<\/div>\n\t\t\t\t<\/div>\n\t\t\t\t<\/div>\n\t\t\t\t<\/div>","protected":false},"excerpt":{"rendered":"<p>A Premium Real Estate WordPress Theme Homirx is the ultimate solution for real estate professionals looking to create a stunning,<\/p>","protected":false},"featured_media":5781,"comment_status":"open","ping_status":"closed","template":"","meta":{"_acf_changed":false},"product_brand":[],"product_cat":[48],"product_tag":[],"class_list":{"0":"post-5780","1":"product","2":"type-product","3":"status-publish","4":"has-post-thumbnail","6":"product_cat-themes","8":"first","9":"instock","10":"sale","11":"downloadable","12":"shipping-taxable","13":"purchasable","14":"product-type-simple"},"acf":[],"yoast_head":"<!-- This site is optimized with the Yoast SEO Premium plugin v25.6 (Yoast SEO v27.1.1) - https:\/\/yoast.com\/product\/yoast-seo-premium-wordpress\/ -->\n<title>Homirx \u2013 Real Estate WordPress Theme - AllWin Theme \u2013 Free WordPress Themes Download<\/title>\n<meta name=\"description\" content=\"Discover Homirx, a customizable WordPress theme for real estate agents, agencies, and developers. Build stunning, functional websites with ease.\" \/>\n<meta name=\"robots\" content=\"index, follow, max-snippet:-1, max-image-preview:large, max-video-preview:-1\" \/>\n<link rel=\"canonical\" href=\"https:\/\/allwintheme.com\/es\/producto\/homirx-real-estate-wordpress-theme\/\" \/>\n<meta property=\"og:locale\" content=\"es_ES\" \/>\n<meta property=\"og:type\" content=\"article\" \/>\n<meta property=\"og:title\" content=\"Homirx \u2013 Real Estate WordPress Theme\" \/>\n<meta property=\"og:description\" content=\"Discover Homirx, a customizable WordPress theme for real estate agents, agencies, and developers. Build stunning, functional websites with ease.\" \/>\n<meta property=\"og:url\" content=\"https:\/\/allwintheme.com\/es\/producto\/homirx-real-estate-wordpress-theme\/\" \/>\n<meta property=\"og:site_name\" content=\"AllWin Theme \u2013 Free WordPress Themes Download\" \/>\n<meta property=\"article:modified_time\" content=\"2025-09-06T00:37:17+00:00\" \/>\n<meta property=\"og:image\" content=\"https:\/\/allwintheme.com\/wp-content\/uploads\/2025\/09\/2kukk8bc.png\" \/>\n\t<meta property=\"og:image:width\" content=\"768\" \/>\n\t<meta property=\"og:image:height\" content=\"512\" \/>\n\t<meta property=\"og:image:type\" content=\"image\/png\" \/>\n<meta name=\"twitter:card\" content=\"summary_large_image\" \/>\n<meta name=\"twitter:label1\" content=\"Tiempo estimado de lectura\" \/>\n\t<meta name=\"twitter:data1\" content=\"3 minutos\" \/>\n<script type=\"application\/ld+json\" class=\"yoast-schema-graph\">{\"@context\":\"https:\/\/schema.org\",\"@graph\":[{\"@type\":\"WebPage\",\"@id\":\"https:\/\/allwintheme.com\/product\/homirx-real-estate-wordpress-theme\/\",\"url\":\"https:\/\/allwintheme.com\/product\/homirx-real-estate-wordpress-theme\/\",\"name\":\"Homirx \u2013 Real Estate WordPress Theme - AllWin Theme \u2013 Free WordPress Themes Download\",\"isPartOf\":{\"@id\":\"https:\/\/allwintheme.com\/#website\"},\"primaryImageOfPage\":{\"@id\":\"https:\/\/allwintheme.com\/product\/homirx-real-estate-wordpress-theme\/#primaryimage\"},\"image\":{\"@id\":\"https:\/\/allwintheme.com\/product\/homirx-real-estate-wordpress-theme\/#primaryimage\"},\"thumbnailUrl\":\"https:\/\/allwintheme.com\/wp-content\/uploads\/2025\/09\/2kukk8bc.png\",\"datePublished\":\"2025-09-06T00:19:44+00:00\",\"dateModified\":\"2025-09-06T00:37:17+00:00\",\"description\":\"Discover Homirx, a customizable WordPress theme for real estate agents, agencies, and developers. Build stunning, functional websites with ease.\",\"breadcrumb\":{\"@id\":\"https:\/\/allwintheme.com\/product\/homirx-real-estate-wordpress-theme\/#breadcrumb\"},\"inLanguage\":\"es-CL\",\"potentialAction\":[{\"@type\":\"ReadAction\",\"target\":[\"https:\/\/allwintheme.com\/product\/homirx-real-estate-wordpress-theme\/\"]}]},{\"@type\":\"ImageObject\",\"inLanguage\":\"es-CL\",\"@id\":\"https:\/\/allwintheme.com\/product\/homirx-real-estate-wordpress-theme\/#primaryimage\",\"url\":\"https:\/\/allwintheme.com\/wp-content\/uploads\/2025\/09\/2kukk8bc.png\",\"contentUrl\":\"https:\/\/allwintheme.com\/wp-content\/uploads\/2025\/09\/2kukk8bc.png\",\"width\":768,\"height\":512,\"caption\":\"Homirx \u2013 Real Estate WordPress Theme\"},{\"@type\":\"BreadcrumbList\",\"@id\":\"https:\/\/allwintheme.com\/product\/homirx-real-estate-wordpress-theme\/#breadcrumb\",\"itemListElement\":[{\"@type\":\"ListItem\",\"position\":1,\"name\":\"Home\",\"item\":\"https:\/\/allwintheme.com\/\"},{\"@type\":\"ListItem\",\"position\":2,\"name\":\"Shop\",\"item\":\"https:\/\/allwintheme.com\/shop\/\"},{\"@type\":\"ListItem\",\"position\":3,\"name\":\"Homirx \u2013 Real Estate WordPress Theme\"}]},{\"@type\":\"WebSite\",\"@id\":\"https:\/\/allwintheme.com\/#website\",\"url\":\"https:\/\/allwintheme.com\/\",\"name\":\"Allwintheme\",\"description\":\"Download free WordPress themes for every niche. Blogs, business, eCommerce, portfolio, restaurant and more. All themes are GPL licensed and mobile-ready.\",\"potentialAction\":[{\"@type\":\"SearchAction\",\"target\":{\"@type\":\"EntryPoint\",\"urlTemplate\":\"https:\/\/allwintheme.com\/?s={search_term_string}\"},\"query-input\":{\"@type\":\"PropertyValueSpecification\",\"valueRequired\":true,\"valueName\":\"search_term_string\"}}],\"inLanguage\":\"es-CL\"}]}<\/script>\n<!-- \/ Yoast SEO Premium plugin. -->","yoast_head_json":{"title":"Homirx \u2013 Real Estate WordPress Theme - AllWin Theme \u2013 Free WordPress Themes Download","description":"Descubra Homirx, un tema de WordPress personalizable para agentes inmobiliarios, agencias y promotores. Construye sitios web impresionantes y funcionales con facilidad.","robots":{"index":"index","follow":"follow","max-snippet":"max-snippet:-1","max-image-preview":"max-image-preview:large","max-video-preview":"max-video-preview:-1"},"canonical":"https:\/\/allwintheme.com\/es\/producto\/homirx-real-estate-wordpress-theme\/","og_locale":"es_ES","og_type":"article","og_title":"Homirx \u2013 Real Estate WordPress Theme","og_description":"Discover Homirx, a customizable WordPress theme for real estate agents, agencies, and developers. Build stunning, functional websites with ease.","og_url":"https:\/\/allwintheme.com\/es\/producto\/homirx-real-estate-wordpress-theme\/","og_site_name":"AllWin Theme \u2013 Free WordPress Themes Download","article_modified_time":"2025-09-06T00:37:17+00:00","og_image":[{"width":768,"height":512,"url":"https:\/\/allwintheme.com\/wp-content\/uploads\/2025\/09\/2kukk8bc.png","type":"image\/png"}],"twitter_card":"summary_large_image","twitter_misc":{"Tiempo estimado de lectura":"3 minutos"},"schema":{"@context":"https:\/\/schema.org","@graph":[{"@type":"WebPage","@id":"https:\/\/allwintheme.com\/product\/homirx-real-estate-wordpress-theme\/","url":"https:\/\/allwintheme.com\/product\/homirx-real-estate-wordpress-theme\/","name":"Homirx \u2013 Real Estate WordPress Theme - AllWin Theme \u2013 Free WordPress Themes Download","isPartOf":{"@id":"https:\/\/allwintheme.com\/#website"},"primaryImageOfPage":{"@id":"https:\/\/allwintheme.com\/product\/homirx-real-estate-wordpress-theme\/#primaryimage"},"image":{"@id":"https:\/\/allwintheme.com\/product\/homirx-real-estate-wordpress-theme\/#primaryimage"},"thumbnailUrl":"https:\/\/allwintheme.com\/wp-content\/uploads\/2025\/09\/2kukk8bc.png","datePublished":"2025-09-06T00:19:44+00:00","dateModified":"2025-09-06T00:37:17+00:00","description":"Descubra Homirx, un tema de WordPress personalizable para agentes inmobiliarios, agencias y promotores. Construye sitios web impresionantes y funcionales con facilidad.","breadcrumb":{"@id":"https:\/\/allwintheme.com\/product\/homirx-real-estate-wordpress-theme\/#breadcrumb"},"inLanguage":"es-CL","potentialAction":[{"@type":"ReadAction","target":["https:\/\/allwintheme.com\/product\/homirx-real-estate-wordpress-theme\/"]}]},{"@type":"ImageObject","inLanguage":"es-CL","@id":"https:\/\/allwintheme.com\/product\/homirx-real-estate-wordpress-theme\/#primaryimage","url":"https:\/\/allwintheme.com\/wp-content\/uploads\/2025\/09\/2kukk8bc.png","contentUrl":"https:\/\/allwintheme.com\/wp-content\/uploads\/2025\/09\/2kukk8bc.png","width":768,"height":512,"caption":"Homirx \u2013 Real Estate WordPress Theme"},{"@type":"BreadcrumbList","@id":"https:\/\/allwintheme.com\/product\/homirx-real-estate-wordpress-theme\/#breadcrumb","itemListElement":[{"@type":"ListItem","position":1,"name":"Home","item":"https:\/\/allwintheme.com\/"},{"@type":"ListItem","position":2,"name":"Shop","item":"https:\/\/allwintheme.com\/shop\/"},{"@type":"ListItem","position":3,"name":"Homirx \u2013 Real Estate WordPress Theme"}]},{"@type":"WebSite","@id":"https:\/\/allwintheme.com\/#website","url":"https:\/\/allwintheme.com\/","name":"Allwintheme","description":"Descarga gratis temas de WordPress para todos los nichos. Blogs, negocios, comercio electr\u00f3nico, portafolio, restaurante y m\u00e1s. Todos los temas tienen licencia GPL y est\u00e1n preparados para dispositivos m\u00f3viles.","potentialAction":[{"@type":"SearchAction","target":{"@type":"EntryPoint","urlTemplate":"https:\/\/allwintheme.com\/?s={search_term_string}"},"query-input":{"@type":"PropertyValueSpecification","valueRequired":true,"valueName":"search_term_string"}}],"inLanguage":"es-CL"}]}},"_links":{"self":[{"href":"https:\/\/allwintheme.com\/es\/wp-json\/wp\/v2\/product\/5780","targetHints":{"allow":["GET"]}}],"collection":[{"href":"https:\/\/allwintheme.com\/es\/wp-json\/wp\/v2\/product"}],"about":[{"href":"https:\/\/allwintheme.com\/es\/wp-json\/wp\/v2\/types\/product"}],"replies":[{"embeddable":true,"href":"https:\/\/allwintheme.com\/es\/wp-json\/wp\/v2\/comments?post=5780"}],"version-history":[{"count":0,"href":"https:\/\/allwintheme.com\/es\/wp-json\/wp\/v2\/product\/5780\/revisions"}],"wp:featuredmedia":[{"embeddable":true,"href":"https:\/\/allwintheme.com\/es\/wp-json\/wp\/v2\/media\/5781"}],"wp:attachment":[{"href":"https:\/\/allwintheme.com\/es\/wp-json\/wp\/v2\/media?parent=5780"}],"wp:term":[{"taxonomy":"product_brand","embeddable":true,"href":"https:\/\/allwintheme.com\/es\/wp-json\/wp\/v2\/product_brand?post=5780"},{"taxonomy":"product_cat","embeddable":true,"href":"https:\/\/allwintheme.com\/es\/wp-json\/wp\/v2\/product_cat?post=5780"},{"taxonomy":"product_tag","embeddable":true,"href":"https:\/\/allwintheme.com\/es\/wp-json\/wp\/v2\/product_tag?post=5780"}],"curies":[{"name":"wp","href":"https:\/\/api.w.org\/{rel}","templated":true}]}}