{"id":5813,"date":"2025-09-06T03:43:00","date_gmt":"2025-09-06T03:43:00","guid":{"rendered":"https:\/\/allwintheme.com\/?post_type=product&#038;p=5813"},"modified":"2025-09-06T03:48:15","modified_gmt":"2025-09-06T03:48:15","slug":"subnet-internet-provider-broadband-tv-wordpress-theme","status":"publish","type":"product","link":"https:\/\/allwintheme.com\/es\/producto\/subnet-internet-provider-broadband-tv-wordpress-theme\/","title":{"rendered":"Subnet Internet &amp; Broadband WordPress Theme"},"content":{"rendered":"<div data-elementor-type=\"wp-post\" data-elementor-id=\"5813\" class=\"elementor elementor-5813\" data-elementor-settings=\"{&quot;element_pack_global_tooltip_width&quot;:{&quot;unit&quot;:&quot;px&quot;,&quot;size&quot;:&quot;&quot;,&quot;sizes&quot;:[]},&quot;element_pack_global_tooltip_width_tablet&quot;:{&quot;unit&quot;:&quot;px&quot;,&quot;size&quot;:&quot;&quot;,&quot;sizes&quot;:[]},&quot;element_pack_global_tooltip_width_mobile&quot;:{&quot;unit&quot;:&quot;px&quot;,&quot;size&quot;:&quot;&quot;,&quot;sizes&quot;:[]},&quot;element_pack_global_tooltip_padding&quot;:{&quot;unit&quot;:&quot;px&quot;,&quot;top&quot;:&quot;&quot;,&quot;right&quot;:&quot;&quot;,&quot;bottom&quot;:&quot;&quot;,&quot;left&quot;:&quot;&quot;,&quot;isLinked&quot;:true},&quot;element_pack_global_tooltip_padding_tablet&quot;:{&quot;unit&quot;:&quot;px&quot;,&quot;top&quot;:&quot;&quot;,&quot;right&quot;:&quot;&quot;,&quot;bottom&quot;:&quot;&quot;,&quot;left&quot;:&quot;&quot;,&quot;isLinked&quot;:true},&quot;element_pack_global_tooltip_padding_mobile&quot;:{&quot;unit&quot;:&quot;px&quot;,&quot;top&quot;:&quot;&quot;,&quot;right&quot;:&quot;&quot;,&quot;bottom&quot;:&quot;&quot;,&quot;left&quot;:&quot;&quot;,&quot;isLinked&quot;:true},&quot;element_pack_global_tooltip_border_radius&quot;:{&quot;unit&quot;:&quot;px&quot;,&quot;top&quot;:&quot;&quot;,&quot;right&quot;:&quot;&quot;,&quot;bottom&quot;:&quot;&quot;,&quot;left&quot;:&quot;&quot;,&quot;isLinked&quot;:true},&quot;element_pack_global_tooltip_border_radius_tablet&quot;:{&quot;unit&quot;:&quot;px&quot;,&quot;top&quot;:&quot;&quot;,&quot;right&quot;:&quot;&quot;,&quot;bottom&quot;:&quot;&quot;,&quot;left&quot;:&quot;&quot;,&quot;isLinked&quot;:true},&quot;element_pack_global_tooltip_border_radius_mobile&quot;:{&quot;unit&quot;:&quot;px&quot;,&quot;top&quot;:&quot;&quot;,&quot;right&quot;:&quot;&quot;,&quot;bottom&quot;:&quot;&quot;,&quot;left&quot;:&quot;&quot;,&quot;isLinked&quot;:true}}\" data-elementor-post-type=\"product\">\n\t\t\t\t<div class=\"elementor-element elementor-element-93aa4a8 e-con-full e-flex e-con e-parent\" data-id=\"93aa4a8\" data-element_type=\"container\" data-e-type=\"container\">\n\t\t\t\t<div class=\"elementor-element elementor-element-2c3f760 miaoshu elementor-widget elementor-widget-wd_text_block\" data-id=\"2c3f760\" data-element_type=\"widget\" data-e-type=\"widget\" data-widget_type=\"wd_text_block.default\">\n\t\t\t\t<div class=\"elementor-widget-container\">\n\t\t\t\t\t\t\t<div class=\"wd-text-block reset-last-child text-left\">\n\t\t\t\n\t\t\t<h2>Un tema profesional y vers\u00e1til para empresas de telecomunicaciones<\/h2>\n<p>Subnet Internet Provider Broadband TV WordPress Theme es una soluci\u00f3n din\u00e1mica y elegante adaptada al sector de las telecomunicaciones. Con su dise\u00f1o elegante y sus funciones avanzadas, Subnet le permite crear una presencia en l\u00ednea atractiva que informa a los clientes existentes y atrae a nuevos suscriptores. Tanto si es un proveedor de servicios de Internet (ISP), una empresa de banda ancha o un operador de streaming de TV, Subnet le ofrece las herramientas necesarias para mostrar sus servicios con profesionalidad y estilo.<\/p>\n\n<h2>Dise\u00f1ado para empresas de telecomunicaciones y tecnolog\u00eda<\/h2>\n<p>Subnet est\u00e1 dise\u00f1ado para satisfacer las necesidades de las empresas tecnol\u00f3gicas y de comunicaci\u00f3n. Su est\u00e9tica limpia y moderna, combinada con transiciones y animaciones suaves, transmite eficacia e innovaci\u00f3n. Este tema es perfecto para:<\/p>\n<ul>\n    <li>Proveedores de servicios de Internet (ISP)<\/li>\n    <li>Empresas de banda ancha y Wi-Fi<\/li>\n    <li>Proveedores de servicios de televisi\u00f3n por cable y streaming<\/li>\n    <li>Agencias de telecomunicaciones y redes<\/li>\n    <li>Telefon\u00eda m\u00f3vil y proveedores de servicios a empresas<\/li>\n<\/ul>\n<p>Con dos dise\u00f1os de p\u00e1gina de inicio \u00fanicos y m\u00faltiples estilos de cabecera, Subnet ofrece la flexibilidad necesaria para alinear su sitio web con la identidad de su marca.<\/p>\n\n<h2>Creaci\u00f3n de sitios web sin esfuerzo con Elementor<\/h2>\n<p>Crear un sitio web profesional con Subnet es intuitivo y no requiere c\u00f3digo, incluso para los principiantes. El tema est\u00e1 dise\u00f1ado para ser f\u00e1cil de usar y eficiente:<\/p>\n<ul>\n    <li><strong>Constructor de p\u00e1ginas Elementor:<\/strong> Utiliza el editor de arrastrar y soltar de Elementor para personalizar tu sitio en tiempo real, ahorrando tiempo y esfuerzo.<\/li>\n    <li><strong>Importaci\u00f3n de demostraciones con un solo clic:<\/strong> Ponga en marcha su sitio web en cuesti\u00f3n de minutos con contenido de demostraci\u00f3n pre-construido, proporcionando una base s\u00f3lida para la personalizaci\u00f3n.<\/li>\n    <li><strong>Framework Bootstrap 5.x:<\/strong> Basado en el framework l\u00edder mundial, Subnet garantiza un rendimiento s\u00f3lido, un dise\u00f1o adaptable y compatibilidad total con dispositivos m\u00f3viles.<\/li>\n<\/ul>\n\n<h2>Caracter\u00edsticas clave para el \u00e9xito empresarial<\/h2>\n<p>Subnet va m\u00e1s all\u00e1 de la est\u00e9tica y ofrece potentes funciones para mejorar la funcionalidad y el rendimiento:<\/p>\n<ul>\n    <li><strong>Totalmente responsive y Retina Ready:<\/strong> Su sitio tendr\u00e1 un aspecto impresionante y funcionar\u00e1 a la perfecci\u00f3n en todos los dispositivos, incluidas las pantallas de alta resoluci\u00f3n, lo que mejorar\u00e1 la experiencia del usuario y el SEO.<\/li>\n    <li><strong>Compatibilidad con Contact Form 7:<\/strong> Cree f\u00e1cilmente formularios de contacto personalizados para consultas de clientes, presupuestos o solicitudes de asistencia.<\/li>\n    <li><strong>Documentaci\u00f3n exhaustiva:<\/strong> Acceda a gu\u00edas detalladas y tutoriales en v\u00eddeo para simplificar la configuraci\u00f3n y la personalizaci\u00f3n.<\/li>\n    <li><strong>Compatibilidad entre navegadores:<\/strong> Subnet funciona sin problemas en los principales navegadores, como Firefox, Chrome, Safari e Internet Explorer, garantizando un acceso universal.<\/li>\n    <li><strong>Soporte para temas infantiles:<\/strong> Personalice de forma segura con un tema hijo, conservando sus cambios durante las actualizaciones.<\/li>\n    <li><strong>Navegaci\u00f3n t\u00e1ctil:<\/strong> La navegaci\u00f3n intuitiva mejora la experiencia del usuario m\u00f3vil.<\/li>\n<\/ul>\n\n<h2>Eleve su negocio de telecomunicaciones<\/h2>\n<p>Subnet Internet Provider Broadband TV WordPress Theme es la herramienta definitiva para destacar en el competitivo panorama de las telecomunicaciones. \u00bfEst\u00e1 listo para dar a su negocio la plataforma digital que se merece? Empiece hoy mismo con Subnet.<\/p>\n\t\t\t\t\t<\/div>\n\t\t\t\t\t\t<\/div>\n\t\t\t\t<\/div>\n\t\t\t\t<\/div>\n\t\t\t\t<\/div>","protected":false},"excerpt":{"rendered":"<p>A Professional and Versatile Theme for Telecom Businesses Subnet Internet Provider Broadband TV WordPress Theme is a dynamic and stylish<\/p>","protected":false},"featured_media":5814,"comment_status":"open","ping_status":"closed","template":"","meta":{"_acf_changed":false},"product_brand":[],"product_cat":[48],"product_tag":[],"class_list":{"0":"post-5813","1":"product","2":"type-product","3":"status-publish","4":"has-post-thumbnail","6":"product_cat-themes","8":"first","9":"instock","10":"sale","11":"downloadable","12":"shipping-taxable","13":"purchasable","14":"product-type-simple"},"acf":[],"yoast_head":"<!-- This site is optimized with the Yoast SEO Premium plugin v25.6 (Yoast SEO v27.1.1) - https:\/\/yoast.com\/product\/yoast-seo-premium-wordpress\/ -->\n<title>Subnet Internet &amp; Broadband WordPress Theme - AllWin Theme \u2013 Free WordPress Themes Download<\/title>\n<meta name=\"description\" content=\"Subnet is a powerful WordPress theme for ISPs, broadband, and TV providers. Build a professional, responsive site with Elementor and modern design.\" \/>\n<meta name=\"robots\" content=\"index, follow, max-snippet:-1, max-image-preview:large, max-video-preview:-1\" \/>\n<link rel=\"canonical\" href=\"https:\/\/allwintheme.com\/es\/producto\/subnet-internet-provider-broadband-tv-wordpress-theme\/\" \/>\n<meta property=\"og:locale\" content=\"es_ES\" \/>\n<meta property=\"og:type\" content=\"article\" \/>\n<meta property=\"og:title\" content=\"Subnet Internet &amp; Broadband WordPress Theme\" \/>\n<meta property=\"og:description\" content=\"Subnet is a powerful WordPress theme for ISPs, broadband, and TV providers. Build a professional, responsive site with Elementor and modern design.\" \/>\n<meta property=\"og:url\" content=\"https:\/\/allwintheme.com\/es\/producto\/subnet-internet-provider-broadband-tv-wordpress-theme\/\" \/>\n<meta property=\"og:site_name\" content=\"AllWin Theme \u2013 Free WordPress Themes Download\" \/>\n<meta property=\"article:modified_time\" content=\"2025-09-06T03:48:15+00:00\" \/>\n<meta property=\"og:image\" content=\"https:\/\/allwintheme.com\/wp-content\/uploads\/2025\/09\/44iyjfze.png\" \/>\n\t<meta property=\"og:image:width\" content=\"768\" \/>\n\t<meta property=\"og:image:height\" content=\"512\" \/>\n\t<meta property=\"og:image:type\" content=\"image\/png\" \/>\n<meta name=\"twitter:card\" content=\"summary_large_image\" \/>\n<meta name=\"twitter:label1\" content=\"Tiempo estimado de lectura\" \/>\n\t<meta name=\"twitter:data1\" content=\"3 minutos\" \/>\n<script type=\"application\/ld+json\" class=\"yoast-schema-graph\">{\"@context\":\"https:\/\/schema.org\",\"@graph\":[{\"@type\":\"WebPage\",\"@id\":\"https:\/\/allwintheme.com\/product\/subnet-internet-provider-broadband-tv-wordpress-theme\/\",\"url\":\"https:\/\/allwintheme.com\/product\/subnet-internet-provider-broadband-tv-wordpress-theme\/\",\"name\":\"Subnet Internet & Broadband WordPress Theme - AllWin Theme \u2013 Free WordPress Themes Download\",\"isPartOf\":{\"@id\":\"https:\/\/allwintheme.com\/#website\"},\"primaryImageOfPage\":{\"@id\":\"https:\/\/allwintheme.com\/product\/subnet-internet-provider-broadband-tv-wordpress-theme\/#primaryimage\"},\"image\":{\"@id\":\"https:\/\/allwintheme.com\/product\/subnet-internet-provider-broadband-tv-wordpress-theme\/#primaryimage\"},\"thumbnailUrl\":\"https:\/\/allwintheme.com\/wp-content\/uploads\/2025\/09\/44iyjfze.png\",\"datePublished\":\"2025-09-06T03:43:00+00:00\",\"dateModified\":\"2025-09-06T03:48:15+00:00\",\"description\":\"Subnet is a powerful WordPress theme for ISPs, broadband, and TV providers. Build a professional, responsive site with Elementor and modern design.\",\"breadcrumb\":{\"@id\":\"https:\/\/allwintheme.com\/product\/subnet-internet-provider-broadband-tv-wordpress-theme\/#breadcrumb\"},\"inLanguage\":\"es-CL\",\"potentialAction\":[{\"@type\":\"ReadAction\",\"target\":[\"https:\/\/allwintheme.com\/product\/subnet-internet-provider-broadband-tv-wordpress-theme\/\"]}]},{\"@type\":\"ImageObject\",\"inLanguage\":\"es-CL\",\"@id\":\"https:\/\/allwintheme.com\/product\/subnet-internet-provider-broadband-tv-wordpress-theme\/#primaryimage\",\"url\":\"https:\/\/allwintheme.com\/wp-content\/uploads\/2025\/09\/44iyjfze.png\",\"contentUrl\":\"https:\/\/allwintheme.com\/wp-content\/uploads\/2025\/09\/44iyjfze.png\",\"width\":768,\"height\":512,\"caption\":\"Subnet Internet Provider Broadband TV WordPress Theme\"},{\"@type\":\"BreadcrumbList\",\"@id\":\"https:\/\/allwintheme.com\/product\/subnet-internet-provider-broadband-tv-wordpress-theme\/#breadcrumb\",\"itemListElement\":[{\"@type\":\"ListItem\",\"position\":1,\"name\":\"Home\",\"item\":\"https:\/\/allwintheme.com\/\"},{\"@type\":\"ListItem\",\"position\":2,\"name\":\"Shop\",\"item\":\"https:\/\/allwintheme.com\/shop\/\"},{\"@type\":\"ListItem\",\"position\":3,\"name\":\"Subnet Internet &#038; Broadband WordPress Theme\"}]},{\"@type\":\"WebSite\",\"@id\":\"https:\/\/allwintheme.com\/#website\",\"url\":\"https:\/\/allwintheme.com\/\",\"name\":\"Allwintheme\",\"description\":\"Download free WordPress themes for every niche. Blogs, business, eCommerce, portfolio, restaurant and more. All themes are GPL licensed and mobile-ready.\",\"potentialAction\":[{\"@type\":\"SearchAction\",\"target\":{\"@type\":\"EntryPoint\",\"urlTemplate\":\"https:\/\/allwintheme.com\/?s={search_term_string}\"},\"query-input\":{\"@type\":\"PropertyValueSpecification\",\"valueRequired\":true,\"valueName\":\"search_term_string\"}}],\"inLanguage\":\"es-CL\"}]}<\/script>\n<!-- \/ Yoast SEO Premium plugin. -->","yoast_head_json":{"title":"Subnet Internet &amp; Broadband WordPress Theme - AllWin Theme - Free WordPress Themes Download","description":"Subnet es un potente tema de WordPress para ISPs, proveedores de banda ancha y TV. Construye un sitio profesional y responsive con Elementor y un dise\u00f1o moderno.","robots":{"index":"index","follow":"follow","max-snippet":"max-snippet:-1","max-image-preview":"max-image-preview:large","max-video-preview":"max-video-preview:-1"},"canonical":"https:\/\/allwintheme.com\/es\/producto\/subnet-internet-provider-broadband-tv-wordpress-theme\/","og_locale":"es_ES","og_type":"article","og_title":"Subnet Internet & Broadband WordPress Theme","og_description":"Subnet is a powerful WordPress theme for ISPs, broadband, and TV providers. Build a professional, responsive site with Elementor and modern design.","og_url":"https:\/\/allwintheme.com\/es\/producto\/subnet-internet-provider-broadband-tv-wordpress-theme\/","og_site_name":"AllWin Theme \u2013 Free WordPress Themes Download","article_modified_time":"2025-09-06T03:48:15+00:00","og_image":[{"width":768,"height":512,"url":"https:\/\/allwintheme.com\/wp-content\/uploads\/2025\/09\/44iyjfze.png","type":"image\/png"}],"twitter_card":"summary_large_image","twitter_misc":{"Tiempo estimado de lectura":"3 minutos"},"schema":{"@context":"https:\/\/schema.org","@graph":[{"@type":"WebPage","@id":"https:\/\/allwintheme.com\/product\/subnet-internet-provider-broadband-tv-wordpress-theme\/","url":"https:\/\/allwintheme.com\/product\/subnet-internet-provider-broadband-tv-wordpress-theme\/","name":"Subnet Internet &amp; Broadband WordPress Theme - AllWin Theme - Free WordPress Themes Download","isPartOf":{"@id":"https:\/\/allwintheme.com\/#website"},"primaryImageOfPage":{"@id":"https:\/\/allwintheme.com\/product\/subnet-internet-provider-broadband-tv-wordpress-theme\/#primaryimage"},"image":{"@id":"https:\/\/allwintheme.com\/product\/subnet-internet-provider-broadband-tv-wordpress-theme\/#primaryimage"},"thumbnailUrl":"https:\/\/allwintheme.com\/wp-content\/uploads\/2025\/09\/44iyjfze.png","datePublished":"2025-09-06T03:43:00+00:00","dateModified":"2025-09-06T03:48:15+00:00","description":"Subnet es un potente tema de WordPress para ISPs, proveedores de banda ancha y TV. Construye un sitio profesional y responsive con Elementor y un dise\u00f1o moderno.","breadcrumb":{"@id":"https:\/\/allwintheme.com\/product\/subnet-internet-provider-broadband-tv-wordpress-theme\/#breadcrumb"},"inLanguage":"es-CL","potentialAction":[{"@type":"ReadAction","target":["https:\/\/allwintheme.com\/product\/subnet-internet-provider-broadband-tv-wordpress-theme\/"]}]},{"@type":"ImageObject","inLanguage":"es-CL","@id":"https:\/\/allwintheme.com\/product\/subnet-internet-provider-broadband-tv-wordpress-theme\/#primaryimage","url":"https:\/\/allwintheme.com\/wp-content\/uploads\/2025\/09\/44iyjfze.png","contentUrl":"https:\/\/allwintheme.com\/wp-content\/uploads\/2025\/09\/44iyjfze.png","width":768,"height":512,"caption":"Subnet Internet Provider Broadband TV WordPress Theme"},{"@type":"BreadcrumbList","@id":"https:\/\/allwintheme.com\/product\/subnet-internet-provider-broadband-tv-wordpress-theme\/#breadcrumb","itemListElement":[{"@type":"ListItem","position":1,"name":"Home","item":"https:\/\/allwintheme.com\/"},{"@type":"ListItem","position":2,"name":"Shop","item":"https:\/\/allwintheme.com\/shop\/"},{"@type":"ListItem","position":3,"name":"Subnet Internet &#038; Broadband WordPress Theme"}]},{"@type":"WebSite","@id":"https:\/\/allwintheme.com\/#website","url":"https:\/\/allwintheme.com\/","name":"Allwintheme","description":"Descarga gratis temas de WordPress para todos los nichos. Blogs, negocios, comercio electr\u00f3nico, portafolio, restaurante y m\u00e1s. Todos los temas tienen licencia GPL y est\u00e1n preparados para dispositivos m\u00f3viles.","potentialAction":[{"@type":"SearchAction","target":{"@type":"EntryPoint","urlTemplate":"https:\/\/allwintheme.com\/?s={search_term_string}"},"query-input":{"@type":"PropertyValueSpecification","valueRequired":true,"valueName":"search_term_string"}}],"inLanguage":"es-CL"}]}},"_links":{"self":[{"href":"https:\/\/allwintheme.com\/es\/wp-json\/wp\/v2\/product\/5813","targetHints":{"allow":["GET"]}}],"collection":[{"href":"https:\/\/allwintheme.com\/es\/wp-json\/wp\/v2\/product"}],"about":[{"href":"https:\/\/allwintheme.com\/es\/wp-json\/wp\/v2\/types\/product"}],"replies":[{"embeddable":true,"href":"https:\/\/allwintheme.com\/es\/wp-json\/wp\/v2\/comments?post=5813"}],"version-history":[{"count":0,"href":"https:\/\/allwintheme.com\/es\/wp-json\/wp\/v2\/product\/5813\/revisions"}],"wp:featuredmedia":[{"embeddable":true,"href":"https:\/\/allwintheme.com\/es\/wp-json\/wp\/v2\/media\/5814"}],"wp:attachment":[{"href":"https:\/\/allwintheme.com\/es\/wp-json\/wp\/v2\/media?parent=5813"}],"wp:term":[{"taxonomy":"product_brand","embeddable":true,"href":"https:\/\/allwintheme.com\/es\/wp-json\/wp\/v2\/product_brand?post=5813"},{"taxonomy":"product_cat","embeddable":true,"href":"https:\/\/allwintheme.com\/es\/wp-json\/wp\/v2\/product_cat?post=5813"},{"taxonomy":"product_tag","embeddable":true,"href":"https:\/\/allwintheme.com\/es\/wp-json\/wp\/v2\/product_tag?post=5813"}],"curies":[{"name":"wp","href":"https:\/\/api.w.org\/{rel}","templated":true}]}}