{"id":5821,"date":"2025-09-06T03:48:39","date_gmt":"2025-09-06T03:48:39","guid":{"rendered":"https:\/\/allwintheme.com\/?post_type=product&#038;p=5821"},"modified":"2025-09-06T03:52:08","modified_gmt":"2025-09-06T03:52:08","slug":"miyaco-music-and-event-wordpress-theme","status":"publish","type":"product","link":"https:\/\/allwintheme.com\/es\/producto\/miyaco-music-and-event-wordpress-theme\/","title":{"rendered":"Miyaco - Tema de WordPress para m\u00fasica y eventos"},"content":{"rendered":"<div data-elementor-type=\"wp-post\" data-elementor-id=\"5821\" class=\"elementor elementor-5821\" data-elementor-settings=\"{&quot;element_pack_global_tooltip_width&quot;:{&quot;unit&quot;:&quot;px&quot;,&quot;size&quot;:&quot;&quot;,&quot;sizes&quot;:[]},&quot;element_pack_global_tooltip_width_tablet&quot;:{&quot;unit&quot;:&quot;px&quot;,&quot;size&quot;:&quot;&quot;,&quot;sizes&quot;:[]},&quot;element_pack_global_tooltip_width_mobile&quot;:{&quot;unit&quot;:&quot;px&quot;,&quot;size&quot;:&quot;&quot;,&quot;sizes&quot;:[]},&quot;element_pack_global_tooltip_padding&quot;:{&quot;unit&quot;:&quot;px&quot;,&quot;top&quot;:&quot;&quot;,&quot;right&quot;:&quot;&quot;,&quot;bottom&quot;:&quot;&quot;,&quot;left&quot;:&quot;&quot;,&quot;isLinked&quot;:true},&quot;element_pack_global_tooltip_padding_tablet&quot;:{&quot;unit&quot;:&quot;px&quot;,&quot;top&quot;:&quot;&quot;,&quot;right&quot;:&quot;&quot;,&quot;bottom&quot;:&quot;&quot;,&quot;left&quot;:&quot;&quot;,&quot;isLinked&quot;:true},&quot;element_pack_global_tooltip_padding_mobile&quot;:{&quot;unit&quot;:&quot;px&quot;,&quot;top&quot;:&quot;&quot;,&quot;right&quot;:&quot;&quot;,&quot;bottom&quot;:&quot;&quot;,&quot;left&quot;:&quot;&quot;,&quot;isLinked&quot;:true},&quot;element_pack_global_tooltip_border_radius&quot;:{&quot;unit&quot;:&quot;px&quot;,&quot;top&quot;:&quot;&quot;,&quot;right&quot;:&quot;&quot;,&quot;bottom&quot;:&quot;&quot;,&quot;left&quot;:&quot;&quot;,&quot;isLinked&quot;:true},&quot;element_pack_global_tooltip_border_radius_tablet&quot;:{&quot;unit&quot;:&quot;px&quot;,&quot;top&quot;:&quot;&quot;,&quot;right&quot;:&quot;&quot;,&quot;bottom&quot;:&quot;&quot;,&quot;left&quot;:&quot;&quot;,&quot;isLinked&quot;:true},&quot;element_pack_global_tooltip_border_radius_mobile&quot;:{&quot;unit&quot;:&quot;px&quot;,&quot;top&quot;:&quot;&quot;,&quot;right&quot;:&quot;&quot;,&quot;bottom&quot;:&quot;&quot;,&quot;left&quot;:&quot;&quot;,&quot;isLinked&quot;:true}}\" data-elementor-post-type=\"product\">\n\t\t\t\t<div class=\"elementor-element elementor-element-93aa4a8 e-con-full e-flex e-con e-parent\" data-id=\"93aa4a8\" data-element_type=\"container\" data-e-type=\"container\">\n\t\t\t\t<div class=\"elementor-element elementor-element-2c3f760 miaoshu elementor-widget elementor-widget-wd_text_block\" data-id=\"2c3f760\" data-element_type=\"widget\" data-e-type=\"widget\" data-widget_type=\"wd_text_block.default\">\n\t\t\t\t<div class=\"elementor-widget-container\">\n\t\t\t\t\t\t\t<div class=\"wd-text-block reset-last-child text-left\">\n\t\t\t\n\t\t\t<h2>Un tema de WordPress vibrante para m\u00fasica y eventos<\/h2>\n<p>Miyaco - Music And Event WordPress Theme es una soluci\u00f3n din\u00e1mica y visualmente cautivadora dise\u00f1ada para DJs, bandas, promotores de conciertos y organizadores de festivales. Con su interfaz intuitiva y dise\u00f1o profesional, Miyaco le permite construir una presencia digital que llama la atenci\u00f3n, promueve sus pr\u00f3ximos eventos, y eleva su marca en la industria de la m\u00fasica y el entretenimiento.<\/p>\n\n<h3>Impresionante dise\u00f1o adaptado al entretenimiento<\/h3>\n<p>Miyaco ofrece una est\u00e9tica limpia y moderna que se adapta perfectamente al sector de la m\u00fasica y los eventos. Su aspecto vibrante y profesional lo hace ideal para:<\/p>\n<ul>\n    <li><strong>DJs y Bandas:<\/strong> Muestre su m\u00fasica, biograf\u00eda, fechas de giras y galer\u00edas de fotos.<\/li>\n    <li><strong>Festivales y conciertos:<\/strong> Promocione las alineaciones, venda entradas y comparta los horarios de los eventos.<\/li>\n    <li><strong>Eventos corporativos:<\/strong> Cree una plataforma elegante y profesional para cualquier tipo de evento.<\/li>\n<\/ul>\n<p>Con 3 dise\u00f1os de p\u00e1gina de inicio \u00fanicos y m\u00e1s de 20 pr\u00e1cticas p\u00e1ginas interiores -incluidos blogs, galer\u00edas, perfiles de grupos y p\u00e1ginas de contacto- Miyaco ofrece la flexibilidad necesaria para crear un sitio web adaptado a sus necesidades espec\u00edficas.<\/p>\n\n<h3>Creaci\u00f3n de sitios web sin esfuerzo con Elementor<\/h3>\n<p>Miyaco hace que la creaci\u00f3n de sitios web sea accesible, incluso para quienes no tienen conocimientos de programaci\u00f3n. Construido con herramientas de vanguardia, que le da un control total sobre el dise\u00f1o de su sitio:<\/p>\n<ul>\n    <li><strong>Constructor de p\u00e1ginas Elementor:<\/strong> Personalice cada elemento de su sitio con la sencillez de arrastrar y soltar, sin necesidad de codificaci\u00f3n.<\/li>\n    <li><strong>Creador de encabezados y pies de p\u00e1gina:<\/strong> Dise\u00f1e encabezados y pies de p\u00e1gina ilimitados para dar a su sitio un toque \u00fanico y profesional.<\/li>\n    <li><strong>Importaci\u00f3n de demostraciones con un solo clic:<\/strong> Ponga en marcha su sitio en cuesti\u00f3n de minutos importando contenido de demostraci\u00f3n y personaliz\u00e1ndolo con su m\u00fasica, v\u00eddeos e im\u00e1genes.<\/li>\n    <li><strong>Mega Men\u00fa:<\/strong> Cree men\u00fas ricos y organizados para mostrar eventos, galer\u00edas y secciones con facilidad.<\/li>\n<\/ul>\n\n<h3>Potentes funciones para el \u00e9xito de la m\u00fasica y los eventos<\/h3>\n<p>M\u00e1s all\u00e1 de su impresionante dise\u00f1o, Miyaco est\u00e1 repleto de funciones para potenciar tu alcance y atraer a tu audiencia:<\/p>\n<ul>\n    <li><strong>Dise\u00f1o totalmente adaptable:<\/strong> Aseg\u00farese de que su sitio web se vea y funcione perfectamente en todos los dispositivos, mejorando el SEO y la accesibilidad de los fans.<\/li>\n    <li><strong>Compatibilidad entre navegadores:<\/strong> Ofrezca una experiencia fluida en todos los navegadores modernos.<\/li>\n    <li><strong>Opciones ilimitadas de color y tipograf\u00eda:<\/strong> Haga coincidir la identidad de su marca con colores y fuentes personalizables.<\/li>\n    <li><strong>Integraci\u00f3n con Contact Form 7:<\/strong> Agilice la comunicaci\u00f3n con fans, promotores o colaboradores mediante formularios de contacto a medida.<\/li>\n    <li><strong>Soporte para temas infantiles:<\/strong> Personalice su sitio de forma segura con un tema hijo, conservando los cambios durante las actualizaciones.<\/li>\n<\/ul>\n\n<h3>Eleve su m\u00fasica y sus eventos en Internet<\/h3>\n<p>Miyaco - Music And Event WordPress Theme es tu plataforma todo-en-uno para llevar tu m\u00fasica y eventos al escenario digital con estilo y funcionalidad. \u00bfListo para crear un sitio web que conecte con tu audiencia y muestre tu talento? Empieza a crear el sitio de tus sue\u00f1os con Miyaco hoy mismo.<\/p>\n\t\t\t\t\t<\/div>\n\t\t\t\t\t\t<\/div>\n\t\t\t\t<\/div>\n\t\t\t\t<\/div>\n\t\t\t\t<\/div>","protected":false},"excerpt":{"rendered":"<p>A Vibrant WordPress Theme for Music and Events Miyaco \u2013 Music And Event WordPress Theme is a dynamic and visually<\/p>","protected":false},"featured_media":5822,"comment_status":"open","ping_status":"closed","template":"","meta":{"_acf_changed":false},"product_brand":[],"product_cat":[48],"product_tag":[],"class_list":{"0":"post-5821","1":"product","2":"type-product","3":"status-publish","4":"has-post-thumbnail","6":"product_cat-themes","8":"first","9":"instock","10":"sale","11":"downloadable","12":"shipping-taxable","13":"purchasable","14":"product-type-simple"},"acf":[],"yoast_head":"<!-- This site is optimized with the Yoast SEO Premium plugin v25.6 (Yoast SEO v27.4) - https:\/\/yoast.com\/product\/yoast-seo-premium-wordpress\/ -->\n<title>Miyaco \u2013 Music &amp; Event WordPress Theme - AllWin Theme \u2013 Free WordPress Themes Download<\/title>\n<meta name=\"description\" content=\"Miyaco is a modern WordPress theme for DJs, bands, and event promoters. Create stunning websites with Elementor, responsive design, and vibrant features.\" \/>\n<meta name=\"robots\" content=\"index, follow, max-snippet:-1, max-image-preview:large, max-video-preview:-1\" \/>\n<link rel=\"canonical\" href=\"https:\/\/allwintheme.com\/es\/producto\/miyaco-music-and-event-wordpress-theme\/\" \/>\n<meta property=\"og:locale\" content=\"es_ES\" \/>\n<meta property=\"og:type\" content=\"article\" \/>\n<meta property=\"og:title\" content=\"Miyaco \u2013 Music &amp; Event WordPress Theme\" \/>\n<meta property=\"og:description\" content=\"Miyaco is a modern WordPress theme for DJs, bands, and event promoters. Create stunning websites with Elementor, responsive design, and vibrant features.\" \/>\n<meta property=\"og:url\" content=\"https:\/\/allwintheme.com\/es\/producto\/miyaco-music-and-event-wordpress-theme\/\" \/>\n<meta property=\"og:site_name\" content=\"AllWin Theme \u2013 Free WordPress Themes Download\" \/>\n<meta property=\"article:modified_time\" content=\"2025-09-06T03:52:08+00:00\" \/>\n<meta property=\"og:image\" content=\"https:\/\/allwintheme.com\/wp-content\/uploads\/2025\/09\/jm1lqulm.png\" \/>\n\t<meta property=\"og:image:width\" content=\"768\" \/>\n\t<meta property=\"og:image:height\" content=\"512\" \/>\n\t<meta property=\"og:image:type\" content=\"image\/png\" \/>\n<meta name=\"twitter:card\" content=\"summary_large_image\" \/>\n<meta name=\"twitter:label1\" content=\"Tiempo estimado de lectura\" \/>\n\t<meta name=\"twitter:data1\" content=\"3 minutos\" \/>\n<script type=\"application\/ld+json\" class=\"yoast-schema-graph\">{\"@context\":\"https:\\\/\\\/schema.org\",\"@graph\":[{\"@type\":\"WebPage\",\"@id\":\"https:\\\/\\\/allwintheme.com\\\/product\\\/miyaco-music-and-event-wordpress-theme\\\/\",\"url\":\"https:\\\/\\\/allwintheme.com\\\/product\\\/miyaco-music-and-event-wordpress-theme\\\/\",\"name\":\"Miyaco \u2013 Music & Event WordPress Theme - AllWin Theme \u2013 Free WordPress Themes Download\",\"isPartOf\":{\"@id\":\"https:\\\/\\\/allwintheme.com\\\/#website\"},\"primaryImageOfPage\":{\"@id\":\"https:\\\/\\\/allwintheme.com\\\/product\\\/miyaco-music-and-event-wordpress-theme\\\/#primaryimage\"},\"image\":{\"@id\":\"https:\\\/\\\/allwintheme.com\\\/product\\\/miyaco-music-and-event-wordpress-theme\\\/#primaryimage\"},\"thumbnailUrl\":\"https:\\\/\\\/allwintheme.com\\\/wp-content\\\/uploads\\\/2025\\\/09\\\/jm1lqulm.png\",\"datePublished\":\"2025-09-06T03:48:39+00:00\",\"dateModified\":\"2025-09-06T03:52:08+00:00\",\"description\":\"Miyaco is a modern WordPress theme for DJs, bands, and event promoters. Create stunning websites with Elementor, responsive design, and vibrant features.\",\"breadcrumb\":{\"@id\":\"https:\\\/\\\/allwintheme.com\\\/product\\\/miyaco-music-and-event-wordpress-theme\\\/#breadcrumb\"},\"inLanguage\":\"es-CL\",\"potentialAction\":[{\"@type\":\"ReadAction\",\"target\":[\"https:\\\/\\\/allwintheme.com\\\/product\\\/miyaco-music-and-event-wordpress-theme\\\/\"]}]},{\"@type\":\"ImageObject\",\"inLanguage\":\"es-CL\",\"@id\":\"https:\\\/\\\/allwintheme.com\\\/product\\\/miyaco-music-and-event-wordpress-theme\\\/#primaryimage\",\"url\":\"https:\\\/\\\/allwintheme.com\\\/wp-content\\\/uploads\\\/2025\\\/09\\\/jm1lqulm.png\",\"contentUrl\":\"https:\\\/\\\/allwintheme.com\\\/wp-content\\\/uploads\\\/2025\\\/09\\\/jm1lqulm.png\",\"width\":768,\"height\":512,\"caption\":\"Miyaco \u2013 Music And Event WordPress Theme\"},{\"@type\":\"BreadcrumbList\",\"@id\":\"https:\\\/\\\/allwintheme.com\\\/product\\\/miyaco-music-and-event-wordpress-theme\\\/#breadcrumb\",\"itemListElement\":[{\"@type\":\"ListItem\",\"position\":1,\"name\":\"Home\",\"item\":\"https:\\\/\\\/allwintheme.com\\\/\"},{\"@type\":\"ListItem\",\"position\":2,\"name\":\"Shop\",\"item\":\"https:\\\/\\\/allwintheme.com\\\/shop\\\/\"},{\"@type\":\"ListItem\",\"position\":3,\"name\":\"Miyaco \u2013 Music &#038; Event WordPress Theme\"}]},{\"@type\":\"WebSite\",\"@id\":\"https:\\\/\\\/allwintheme.com\\\/#website\",\"url\":\"https:\\\/\\\/allwintheme.com\\\/\",\"name\":\"Allwintheme\",\"description\":\"Download free WordPress themes for every niche. Blogs, business, eCommerce, portfolio, restaurant and more. All themes are GPL licensed and mobile-ready.\",\"potentialAction\":[{\"@type\":\"SearchAction\",\"target\":{\"@type\":\"EntryPoint\",\"urlTemplate\":\"https:\\\/\\\/allwintheme.com\\\/?s={search_term_string}\"},\"query-input\":{\"@type\":\"PropertyValueSpecification\",\"valueRequired\":true,\"valueName\":\"search_term_string\"}}],\"inLanguage\":\"es-CL\"}]}<\/script>\n<!-- \/ Yoast SEO Premium plugin. -->","yoast_head_json":{"title":"Miyaco \u2013 Music & Event WordPress Theme - AllWin Theme \u2013 Free WordPress Themes Download","description":"Miyaco es un moderno tema de WordPress para DJs, bandas y promotores de eventos. Crea sitios web impresionantes con Elementor, dise\u00f1o responsive y caracter\u00edsticas vibrantes.","robots":{"index":"index","follow":"follow","max-snippet":"max-snippet:-1","max-image-preview":"max-image-preview:large","max-video-preview":"max-video-preview:-1"},"canonical":"https:\/\/allwintheme.com\/es\/producto\/miyaco-music-and-event-wordpress-theme\/","og_locale":"es_ES","og_type":"article","og_title":"Miyaco \u2013 Music & Event WordPress Theme","og_description":"Miyaco is a modern WordPress theme for DJs, bands, and event promoters. Create stunning websites with Elementor, responsive design, and vibrant features.","og_url":"https:\/\/allwintheme.com\/es\/producto\/miyaco-music-and-event-wordpress-theme\/","og_site_name":"AllWin Theme \u2013 Free WordPress Themes Download","article_modified_time":"2025-09-06T03:52:08+00:00","og_image":[{"width":768,"height":512,"url":"https:\/\/allwintheme.com\/wp-content\/uploads\/2025\/09\/jm1lqulm.png","type":"image\/png"}],"twitter_card":"summary_large_image","twitter_misc":{"Tiempo estimado de lectura":"3 minutos"},"schema":{"@context":"https:\/\/schema.org","@graph":[{"@type":"WebPage","@id":"https:\/\/allwintheme.com\/product\/miyaco-music-and-event-wordpress-theme\/","url":"https:\/\/allwintheme.com\/product\/miyaco-music-and-event-wordpress-theme\/","name":"Miyaco \u2013 Music & Event WordPress Theme - AllWin Theme \u2013 Free WordPress Themes Download","isPartOf":{"@id":"https:\/\/allwintheme.com\/#website"},"primaryImageOfPage":{"@id":"https:\/\/allwintheme.com\/product\/miyaco-music-and-event-wordpress-theme\/#primaryimage"},"image":{"@id":"https:\/\/allwintheme.com\/product\/miyaco-music-and-event-wordpress-theme\/#primaryimage"},"thumbnailUrl":"https:\/\/allwintheme.com\/wp-content\/uploads\/2025\/09\/jm1lqulm.png","datePublished":"2025-09-06T03:48:39+00:00","dateModified":"2025-09-06T03:52:08+00:00","description":"Miyaco es un moderno tema de WordPress para DJs, bandas y promotores de eventos. Crea sitios web impresionantes con Elementor, dise\u00f1o responsive y caracter\u00edsticas vibrantes.","breadcrumb":{"@id":"https:\/\/allwintheme.com\/product\/miyaco-music-and-event-wordpress-theme\/#breadcrumb"},"inLanguage":"es-CL","potentialAction":[{"@type":"ReadAction","target":["https:\/\/allwintheme.com\/product\/miyaco-music-and-event-wordpress-theme\/"]}]},{"@type":"ImageObject","inLanguage":"es-CL","@id":"https:\/\/allwintheme.com\/product\/miyaco-music-and-event-wordpress-theme\/#primaryimage","url":"https:\/\/allwintheme.com\/wp-content\/uploads\/2025\/09\/jm1lqulm.png","contentUrl":"https:\/\/allwintheme.com\/wp-content\/uploads\/2025\/09\/jm1lqulm.png","width":768,"height":512,"caption":"Miyaco \u2013 Music And Event WordPress Theme"},{"@type":"BreadcrumbList","@id":"https:\/\/allwintheme.com\/product\/miyaco-music-and-event-wordpress-theme\/#breadcrumb","itemListElement":[{"@type":"ListItem","position":1,"name":"Home","item":"https:\/\/allwintheme.com\/"},{"@type":"ListItem","position":2,"name":"Shop","item":"https:\/\/allwintheme.com\/shop\/"},{"@type":"ListItem","position":3,"name":"Miyaco \u2013 Music &#038; Event WordPress Theme"}]},{"@type":"WebSite","@id":"https:\/\/allwintheme.com\/#website","url":"https:\/\/allwintheme.com\/","name":"Allwintheme","description":"Descarga gratis temas de WordPress para todos los nichos. Blogs, negocios, comercio electr\u00f3nico, portafolio, restaurante y m\u00e1s. Todos los temas tienen licencia GPL y est\u00e1n preparados para dispositivos m\u00f3viles.","potentialAction":[{"@type":"SearchAction","target":{"@type":"EntryPoint","urlTemplate":"https:\/\/allwintheme.com\/?s={search_term_string}"},"query-input":{"@type":"PropertyValueSpecification","valueRequired":true,"valueName":"search_term_string"}}],"inLanguage":"es-CL"}]}},"_links":{"self":[{"href":"https:\/\/allwintheme.com\/es\/wp-json\/wp\/v2\/product\/5821","targetHints":{"allow":["GET"]}}],"collection":[{"href":"https:\/\/allwintheme.com\/es\/wp-json\/wp\/v2\/product"}],"about":[{"href":"https:\/\/allwintheme.com\/es\/wp-json\/wp\/v2\/types\/product"}],"replies":[{"embeddable":true,"href":"https:\/\/allwintheme.com\/es\/wp-json\/wp\/v2\/comments?post=5821"}],"version-history":[{"count":0,"href":"https:\/\/allwintheme.com\/es\/wp-json\/wp\/v2\/product\/5821\/revisions"}],"wp:featuredmedia":[{"embeddable":true,"href":"https:\/\/allwintheme.com\/es\/wp-json\/wp\/v2\/media\/5822"}],"wp:attachment":[{"href":"https:\/\/allwintheme.com\/es\/wp-json\/wp\/v2\/media?parent=5821"}],"wp:term":[{"taxonomy":"product_brand","embeddable":true,"href":"https:\/\/allwintheme.com\/es\/wp-json\/wp\/v2\/product_brand?post=5821"},{"taxonomy":"product_cat","embeddable":true,"href":"https:\/\/allwintheme.com\/es\/wp-json\/wp\/v2\/product_cat?post=5821"},{"taxonomy":"product_tag","embeddable":true,"href":"https:\/\/allwintheme.com\/es\/wp-json\/wp\/v2\/product_tag?post=5821"}],"curies":[{"name":"wp","href":"https:\/\/api.w.org\/{rel}","templated":true}]}}