{"id":5828,"date":"2025-09-06T03:52:29","date_gmt":"2025-09-06T03:52:29","guid":{"rendered":"https:\/\/allwintheme.com\/?post_type=product&#038;p=5828"},"modified":"2025-09-06T03:56:10","modified_gmt":"2025-09-06T03:56:10","slug":"merida-restaurant-food-wordpress-theme","status":"publish","type":"product","link":"https:\/\/allwintheme.com\/es\/producto\/merida-restaurant-food-wordpress-theme\/","title":{"rendered":"M\u00e9rida - Restaurante y Comida WordPress Tema"},"content":{"rendered":"<div data-elementor-type=\"wp-post\" data-elementor-id=\"5828\" class=\"elementor elementor-5828\" data-elementor-settings=\"{&quot;element_pack_global_tooltip_width&quot;:{&quot;unit&quot;:&quot;px&quot;,&quot;size&quot;:&quot;&quot;,&quot;sizes&quot;:[]},&quot;element_pack_global_tooltip_width_tablet&quot;:{&quot;unit&quot;:&quot;px&quot;,&quot;size&quot;:&quot;&quot;,&quot;sizes&quot;:[]},&quot;element_pack_global_tooltip_width_mobile&quot;:{&quot;unit&quot;:&quot;px&quot;,&quot;size&quot;:&quot;&quot;,&quot;sizes&quot;:[]},&quot;element_pack_global_tooltip_padding&quot;:{&quot;unit&quot;:&quot;px&quot;,&quot;top&quot;:&quot;&quot;,&quot;right&quot;:&quot;&quot;,&quot;bottom&quot;:&quot;&quot;,&quot;left&quot;:&quot;&quot;,&quot;isLinked&quot;:true},&quot;element_pack_global_tooltip_padding_tablet&quot;:{&quot;unit&quot;:&quot;px&quot;,&quot;top&quot;:&quot;&quot;,&quot;right&quot;:&quot;&quot;,&quot;bottom&quot;:&quot;&quot;,&quot;left&quot;:&quot;&quot;,&quot;isLinked&quot;:true},&quot;element_pack_global_tooltip_padding_mobile&quot;:{&quot;unit&quot;:&quot;px&quot;,&quot;top&quot;:&quot;&quot;,&quot;right&quot;:&quot;&quot;,&quot;bottom&quot;:&quot;&quot;,&quot;left&quot;:&quot;&quot;,&quot;isLinked&quot;:true},&quot;element_pack_global_tooltip_border_radius&quot;:{&quot;unit&quot;:&quot;px&quot;,&quot;top&quot;:&quot;&quot;,&quot;right&quot;:&quot;&quot;,&quot;bottom&quot;:&quot;&quot;,&quot;left&quot;:&quot;&quot;,&quot;isLinked&quot;:true},&quot;element_pack_global_tooltip_border_radius_tablet&quot;:{&quot;unit&quot;:&quot;px&quot;,&quot;top&quot;:&quot;&quot;,&quot;right&quot;:&quot;&quot;,&quot;bottom&quot;:&quot;&quot;,&quot;left&quot;:&quot;&quot;,&quot;isLinked&quot;:true},&quot;element_pack_global_tooltip_border_radius_mobile&quot;:{&quot;unit&quot;:&quot;px&quot;,&quot;top&quot;:&quot;&quot;,&quot;right&quot;:&quot;&quot;,&quot;bottom&quot;:&quot;&quot;,&quot;left&quot;:&quot;&quot;,&quot;isLinked&quot;:true}}\" data-elementor-post-type=\"product\">\n\t\t\t\t<div class=\"elementor-element elementor-element-93aa4a8 e-con-full e-flex e-con e-parent\" data-id=\"93aa4a8\" data-element_type=\"container\" data-e-type=\"container\">\n\t\t\t\t<div class=\"elementor-element elementor-element-2c3f760 miaoshu elementor-widget elementor-widget-wd_text_block\" data-id=\"2c3f760\" data-element_type=\"widget\" data-e-type=\"widget\" data-widget_type=\"wd_text_block.default\">\n\t\t\t\t<div class=\"elementor-widget-container\">\n\t\t\t\t\t\t\t<div class=\"wd-text-block reset-last-child text-left\">\n\t\t\t\n\t\t\t<h2>M\u00e9rida - Restaurante y Comida WordPress Tema<\/h2>\n<p>M\u00e9rida es un tema de WordPress elegante y moderno creado espec\u00edficamente para restaurantes, cafeter\u00edas, bares y negocios de comida r\u00e1pida. Con un dise\u00f1o visualmente impresionante y funciones f\u00e1ciles de usar, M\u00e9rida te ayuda a mostrar tus deliciosos men\u00fas, destacar ofertas especiales y ofrecer una experiencia fluida a tus clientes, desde la navegaci\u00f3n hasta la reserva y el pedido online.<\/p>\n\n<h3>Un dise\u00f1o impresionante para mostrar su men\u00fa<\/h3>\n<p>M\u00e9rida est\u00e1 dise\u00f1ada para el sector de la alimentaci\u00f3n y ofrece un dise\u00f1o limpio y contempor\u00e1neo que pone sus creaciones culinarias en primer plano. Su est\u00e9tica est\u00e1 optimizada para cautivar a los clientes y elevar su marca. Este tema es perfecto para:<\/p>\n<ul>\n  <li><strong>Restaurantes y caf\u00e9s<\/strong>: Exponga men\u00fas gastron\u00f3micos o especialidades de caf\u00e9 con estilo.<\/li>\n  <li><strong>Bares y pubs<\/strong>: Destaque su carta de bebidas, sus eventos especiales y su animado ambiente.<\/li>\n  <li><strong>Servicios de comida r\u00e1pida<\/strong>: Presente su oferta con claridad para realizar pedidos en l\u00ednea de forma r\u00e1pida y sencilla.<\/li>\n  <li><strong>Cualquier negocio alimentario<\/strong>: Desde food trucks a servicios de catering, en M\u00e9rida cabe de todo.<\/li>\n<\/ul>\n\n<h3>Creaci\u00f3n de sitios web sin esfuerzo y sin codificaci\u00f3n<\/h3>\n<p>Con M\u00e9rida, crear un sitio web profesional es intuitivo, incluso para quienes no tienen experiencia en codificaci\u00f3n. Sus herramientas de f\u00e1cil uso hacen que la personalizaci\u00f3n sea pan comido:<\/p>\n<ul>\n  <li><strong>Constructor de p\u00e1ginas Elementor<\/strong>: Utilice el editor de arrastrar y soltar para dise\u00f1ar y personalizar cada p\u00e1gina sin esfuerzo.<\/li>\n  <li><strong>6 dise\u00f1os de p\u00e1gina de inicio completos<\/strong>: Elija entre una variedad de dise\u00f1os predise\u00f1ados adaptados a diferentes negocios de alimentaci\u00f3n, desde acogedoras cafeter\u00edas a restaurantes de lujo.<\/li>\n  <li><strong>15+ Plantillas de p\u00e1ginas interiores<\/strong>: P\u00e1ginas listas para usar como 'Qui\u00e9nes somos', 'Galer\u00eda', 'Men\u00fa', 'Reservas' y 'Contacto' para una r\u00e1pida personalizaci\u00f3n.<\/li>\n  <li><strong>Widgets personalizados<\/strong>: A\u00f1ada f\u00e1cilmente funciones como galer\u00edas de fotos, testimonios de clientes o formularios de contacto para mejorar su sitio.<\/li>\n<\/ul>\n\n<h3>Caracter\u00edsticas esenciales para su empresa alimentaria<\/h3>\n<p>M\u00e9rida va m\u00e1s all\u00e1 de la est\u00e9tica y ofrece potentes herramientas para que su empresa alimentaria prospere en Internet:<\/p>\n<ul>\n  <li><strong>Dise\u00f1o totalmente adaptable<\/strong>: Su sitio web se ve y funciona perfectamente en cualquier dispositivo, garantizando una experiencia fluida a los usuarios m\u00f3viles.<\/li>\n  <li><strong>Integraci\u00f3n con plugins populares<\/strong>: Con\u00e9ctese a la perfecci\u00f3n con herramientas de reservas en l\u00ednea, sistemas de rese\u00f1as y gesti\u00f3n de redes sociales para impulsar la participaci\u00f3n de los clientes.<\/li>\n  <li><strong>Rendimiento optimizado<\/strong>: Construida con c\u00f3digo limpio (HTML, CSS y Bootstrap 5), M\u00e9rida garantiza tiempos de carga r\u00e1pidos y compatibilidad m\u00f3vil, clave para el SEO de los restaurantes.<\/li>\n  <li><strong>Est\u00e9tica elegante y moderna<\/strong>: Un dise\u00f1o profesional que atrae a nuevos clientes y refuerza la imagen de su marca.<\/li>\n<\/ul>\n\n<h3>Lleve su empresa alimentaria al siguiente nivel<\/h3>\n<p>Con <strong>M\u00e9rida - Restaurante y Comida WordPress Tema<\/strong>tiene la herramienta perfecta para crear un sitio web tan excepcional como su comida. Listo para que tu visi\u00f3n culinaria brille en Internet?<\/p>\n\t\t\t\t\t<\/div>\n\t\t\t\t\t\t<\/div>\n\t\t\t\t<\/div>\n\t\t\t\t<\/div>\n\t\t\t\t<\/div>","protected":false},"excerpt":{"rendered":"<p>Merida \u2013 Restaurant &amp; Food WordPress Theme Merida is a sleek and modern WordPress theme crafted specifically for restaurants, cafes,<\/p>","protected":false},"featured_media":5829,"comment_status":"open","ping_status":"closed","template":"","meta":{"_acf_changed":false},"product_brand":[],"product_cat":[48],"product_tag":[],"class_list":{"0":"post-5828","1":"product","2":"type-product","3":"status-publish","4":"has-post-thumbnail","6":"product_cat-themes","8":"first","9":"instock","10":"sale","11":"downloadable","12":"shipping-taxable","13":"purchasable","14":"product-type-simple"},"acf":[],"yoast_head":"<!-- This site is optimized with the Yoast SEO Premium plugin v25.6 (Yoast SEO v27.4) - https:\/\/yoast.com\/product\/yoast-seo-premium-wordpress\/ -->\n<title>Merida \u2013 Restaurant &amp; Food WordPress Theme - AllWin Theme \u2013 Free WordPress Themes Download<\/title>\n<meta name=\"description\" content=\"Merida is a modern, elegant WordPress theme for restaurants, cafes, and food businesses. Create stunning, user-friendly websites with ease.\" \/>\n<meta name=\"robots\" content=\"index, follow, max-snippet:-1, max-image-preview:large, max-video-preview:-1\" \/>\n<link rel=\"canonical\" href=\"https:\/\/allwintheme.com\/es\/producto\/merida-restaurant-food-wordpress-theme\/\" \/>\n<meta property=\"og:locale\" content=\"es_ES\" \/>\n<meta property=\"og:type\" content=\"article\" \/>\n<meta property=\"og:title\" content=\"Merida \u2013 Restaurant &amp; Food WordPress Theme\" \/>\n<meta property=\"og:description\" content=\"Merida is a modern, elegant WordPress theme for restaurants, cafes, and food businesses. Create stunning, user-friendly websites with ease.\" \/>\n<meta property=\"og:url\" content=\"https:\/\/allwintheme.com\/es\/producto\/merida-restaurant-food-wordpress-theme\/\" \/>\n<meta property=\"og:site_name\" content=\"AllWin Theme \u2013 Free WordPress Themes Download\" \/>\n<meta property=\"article:modified_time\" content=\"2025-09-06T03:56:10+00:00\" \/>\n<meta property=\"og:image\" content=\"https:\/\/allwintheme.com\/wp-content\/uploads\/2025\/09\/uvz09s8g.png\" \/>\n\t<meta property=\"og:image:width\" content=\"768\" \/>\n\t<meta property=\"og:image:height\" content=\"512\" \/>\n\t<meta property=\"og:image:type\" content=\"image\/png\" \/>\n<meta name=\"twitter:card\" content=\"summary_large_image\" \/>\n<meta name=\"twitter:label1\" content=\"Tiempo estimado de lectura\" \/>\n\t<meta name=\"twitter:data1\" content=\"3 minutos\" \/>\n<script type=\"application\/ld+json\" class=\"yoast-schema-graph\">{\"@context\":\"https:\\\/\\\/schema.org\",\"@graph\":[{\"@type\":\"WebPage\",\"@id\":\"https:\\\/\\\/allwintheme.com\\\/product\\\/merida-restaurant-food-wordpress-theme\\\/\",\"url\":\"https:\\\/\\\/allwintheme.com\\\/product\\\/merida-restaurant-food-wordpress-theme\\\/\",\"name\":\"Merida \u2013 Restaurant & Food WordPress Theme - AllWin Theme \u2013 Free WordPress Themes Download\",\"isPartOf\":{\"@id\":\"https:\\\/\\\/allwintheme.com\\\/#website\"},\"primaryImageOfPage\":{\"@id\":\"https:\\\/\\\/allwintheme.com\\\/product\\\/merida-restaurant-food-wordpress-theme\\\/#primaryimage\"},\"image\":{\"@id\":\"https:\\\/\\\/allwintheme.com\\\/product\\\/merida-restaurant-food-wordpress-theme\\\/#primaryimage\"},\"thumbnailUrl\":\"https:\\\/\\\/allwintheme.com\\\/wp-content\\\/uploads\\\/2025\\\/09\\\/uvz09s8g.png\",\"datePublished\":\"2025-09-06T03:52:29+00:00\",\"dateModified\":\"2025-09-06T03:56:10+00:00\",\"description\":\"Merida is a modern, elegant WordPress theme for restaurants, cafes, and food businesses. Create stunning, user-friendly websites with ease.\",\"breadcrumb\":{\"@id\":\"https:\\\/\\\/allwintheme.com\\\/product\\\/merida-restaurant-food-wordpress-theme\\\/#breadcrumb\"},\"inLanguage\":\"es-CL\",\"potentialAction\":[{\"@type\":\"ReadAction\",\"target\":[\"https:\\\/\\\/allwintheme.com\\\/product\\\/merida-restaurant-food-wordpress-theme\\\/\"]}]},{\"@type\":\"ImageObject\",\"inLanguage\":\"es-CL\",\"@id\":\"https:\\\/\\\/allwintheme.com\\\/product\\\/merida-restaurant-food-wordpress-theme\\\/#primaryimage\",\"url\":\"https:\\\/\\\/allwintheme.com\\\/wp-content\\\/uploads\\\/2025\\\/09\\\/uvz09s8g.png\",\"contentUrl\":\"https:\\\/\\\/allwintheme.com\\\/wp-content\\\/uploads\\\/2025\\\/09\\\/uvz09s8g.png\",\"width\":768,\"height\":512,\"caption\":\"Merida \u2013 Restaurant & Food WordPress Theme\"},{\"@type\":\"BreadcrumbList\",\"@id\":\"https:\\\/\\\/allwintheme.com\\\/product\\\/merida-restaurant-food-wordpress-theme\\\/#breadcrumb\",\"itemListElement\":[{\"@type\":\"ListItem\",\"position\":1,\"name\":\"Home\",\"item\":\"https:\\\/\\\/allwintheme.com\\\/\"},{\"@type\":\"ListItem\",\"position\":2,\"name\":\"Shop\",\"item\":\"https:\\\/\\\/allwintheme.com\\\/shop\\\/\"},{\"@type\":\"ListItem\",\"position\":3,\"name\":\"Merida \u2013 Restaurant &#038; Food WordPress Theme\"}]},{\"@type\":\"WebSite\",\"@id\":\"https:\\\/\\\/allwintheme.com\\\/#website\",\"url\":\"https:\\\/\\\/allwintheme.com\\\/\",\"name\":\"Allwintheme\",\"description\":\"Download free WordPress themes for every niche. Blogs, business, eCommerce, portfolio, restaurant and more. All themes are GPL licensed and mobile-ready.\",\"potentialAction\":[{\"@type\":\"SearchAction\",\"target\":{\"@type\":\"EntryPoint\",\"urlTemplate\":\"https:\\\/\\\/allwintheme.com\\\/?s={search_term_string}\"},\"query-input\":{\"@type\":\"PropertyValueSpecification\",\"valueRequired\":true,\"valueName\":\"search_term_string\"}}],\"inLanguage\":\"es-CL\"}]}<\/script>\n<!-- \/ Yoast SEO Premium plugin. -->","yoast_head_json":{"title":"Merida \u2013 Restaurant & Food WordPress Theme - AllWin Theme \u2013 Free WordPress Themes Download","description":"M\u00e9rida es un tema de WordPress moderno y elegante para restaurantes, cafeter\u00edas y negocios de alimentaci\u00f3n. Crea sitios web impresionantes y f\u00e1ciles de usar con facilidad.","robots":{"index":"index","follow":"follow","max-snippet":"max-snippet:-1","max-image-preview":"max-image-preview:large","max-video-preview":"max-video-preview:-1"},"canonical":"https:\/\/allwintheme.com\/es\/producto\/merida-restaurant-food-wordpress-theme\/","og_locale":"es_ES","og_type":"article","og_title":"Merida \u2013 Restaurant & Food WordPress Theme","og_description":"Merida is a modern, elegant WordPress theme for restaurants, cafes, and food businesses. Create stunning, user-friendly websites with ease.","og_url":"https:\/\/allwintheme.com\/es\/producto\/merida-restaurant-food-wordpress-theme\/","og_site_name":"AllWin Theme \u2013 Free WordPress Themes Download","article_modified_time":"2025-09-06T03:56:10+00:00","og_image":[{"width":768,"height":512,"url":"https:\/\/allwintheme.com\/wp-content\/uploads\/2025\/09\/uvz09s8g.png","type":"image\/png"}],"twitter_card":"summary_large_image","twitter_misc":{"Tiempo estimado de lectura":"3 minutos"},"schema":{"@context":"https:\/\/schema.org","@graph":[{"@type":"WebPage","@id":"https:\/\/allwintheme.com\/product\/merida-restaurant-food-wordpress-theme\/","url":"https:\/\/allwintheme.com\/product\/merida-restaurant-food-wordpress-theme\/","name":"Merida \u2013 Restaurant & Food WordPress Theme - AllWin Theme \u2013 Free WordPress Themes Download","isPartOf":{"@id":"https:\/\/allwintheme.com\/#website"},"primaryImageOfPage":{"@id":"https:\/\/allwintheme.com\/product\/merida-restaurant-food-wordpress-theme\/#primaryimage"},"image":{"@id":"https:\/\/allwintheme.com\/product\/merida-restaurant-food-wordpress-theme\/#primaryimage"},"thumbnailUrl":"https:\/\/allwintheme.com\/wp-content\/uploads\/2025\/09\/uvz09s8g.png","datePublished":"2025-09-06T03:52:29+00:00","dateModified":"2025-09-06T03:56:10+00:00","description":"M\u00e9rida es un tema de WordPress moderno y elegante para restaurantes, cafeter\u00edas y negocios de alimentaci\u00f3n. Crea sitios web impresionantes y f\u00e1ciles de usar con facilidad.","breadcrumb":{"@id":"https:\/\/allwintheme.com\/product\/merida-restaurant-food-wordpress-theme\/#breadcrumb"},"inLanguage":"es-CL","potentialAction":[{"@type":"ReadAction","target":["https:\/\/allwintheme.com\/product\/merida-restaurant-food-wordpress-theme\/"]}]},{"@type":"ImageObject","inLanguage":"es-CL","@id":"https:\/\/allwintheme.com\/product\/merida-restaurant-food-wordpress-theme\/#primaryimage","url":"https:\/\/allwintheme.com\/wp-content\/uploads\/2025\/09\/uvz09s8g.png","contentUrl":"https:\/\/allwintheme.com\/wp-content\/uploads\/2025\/09\/uvz09s8g.png","width":768,"height":512,"caption":"Merida \u2013 Restaurant & Food WordPress Theme"},{"@type":"BreadcrumbList","@id":"https:\/\/allwintheme.com\/product\/merida-restaurant-food-wordpress-theme\/#breadcrumb","itemListElement":[{"@type":"ListItem","position":1,"name":"Home","item":"https:\/\/allwintheme.com\/"},{"@type":"ListItem","position":2,"name":"Shop","item":"https:\/\/allwintheme.com\/shop\/"},{"@type":"ListItem","position":3,"name":"Merida \u2013 Restaurant &#038; Food WordPress Theme"}]},{"@type":"WebSite","@id":"https:\/\/allwintheme.com\/#website","url":"https:\/\/allwintheme.com\/","name":"Allwintheme","description":"Descarga gratis temas de WordPress para todos los nichos. Blogs, negocios, comercio electr\u00f3nico, portafolio, restaurante y m\u00e1s. Todos los temas tienen licencia GPL y est\u00e1n preparados para dispositivos m\u00f3viles.","potentialAction":[{"@type":"SearchAction","target":{"@type":"EntryPoint","urlTemplate":"https:\/\/allwintheme.com\/?s={search_term_string}"},"query-input":{"@type":"PropertyValueSpecification","valueRequired":true,"valueName":"search_term_string"}}],"inLanguage":"es-CL"}]}},"_links":{"self":[{"href":"https:\/\/allwintheme.com\/es\/wp-json\/wp\/v2\/product\/5828","targetHints":{"allow":["GET"]}}],"collection":[{"href":"https:\/\/allwintheme.com\/es\/wp-json\/wp\/v2\/product"}],"about":[{"href":"https:\/\/allwintheme.com\/es\/wp-json\/wp\/v2\/types\/product"}],"replies":[{"embeddable":true,"href":"https:\/\/allwintheme.com\/es\/wp-json\/wp\/v2\/comments?post=5828"}],"version-history":[{"count":0,"href":"https:\/\/allwintheme.com\/es\/wp-json\/wp\/v2\/product\/5828\/revisions"}],"wp:featuredmedia":[{"embeddable":true,"href":"https:\/\/allwintheme.com\/es\/wp-json\/wp\/v2\/media\/5829"}],"wp:attachment":[{"href":"https:\/\/allwintheme.com\/es\/wp-json\/wp\/v2\/media?parent=5828"}],"wp:term":[{"taxonomy":"product_brand","embeddable":true,"href":"https:\/\/allwintheme.com\/es\/wp-json\/wp\/v2\/product_brand?post=5828"},{"taxonomy":"product_cat","embeddable":true,"href":"https:\/\/allwintheme.com\/es\/wp-json\/wp\/v2\/product_cat?post=5828"},{"taxonomy":"product_tag","embeddable":true,"href":"https:\/\/allwintheme.com\/es\/wp-json\/wp\/v2\/product_tag?post=5828"}],"curies":[{"name":"wp","href":"https:\/\/api.w.org\/{rel}","templated":true}]}}