{"id":5835,"date":"2025-09-06T03:56:25","date_gmt":"2025-09-06T03:56:25","guid":{"rendered":"https:\/\/allwintheme.com\/?post_type=product&#038;p=5835"},"modified":"2025-09-06T04:01:53","modified_gmt":"2025-09-06T04:01:53","slug":"fabula-news-magazine-wordpress-them","status":"publish","type":"product","link":"https:\/\/allwintheme.com\/es\/producto\/fabula-news-magazine-wordpress-them\/","title":{"rendered":"Fabula - Vers\u00e1til tema de WordPress para noticias y revistas"},"content":{"rendered":"<div data-elementor-type=\"wp-post\" data-elementor-id=\"5835\" class=\"elementor elementor-5835\" data-elementor-settings=\"{&quot;element_pack_global_tooltip_width&quot;:{&quot;unit&quot;:&quot;px&quot;,&quot;size&quot;:&quot;&quot;,&quot;sizes&quot;:[]},&quot;element_pack_global_tooltip_width_tablet&quot;:{&quot;unit&quot;:&quot;px&quot;,&quot;size&quot;:&quot;&quot;,&quot;sizes&quot;:[]},&quot;element_pack_global_tooltip_width_mobile&quot;:{&quot;unit&quot;:&quot;px&quot;,&quot;size&quot;:&quot;&quot;,&quot;sizes&quot;:[]},&quot;element_pack_global_tooltip_padding&quot;:{&quot;unit&quot;:&quot;px&quot;,&quot;top&quot;:&quot;&quot;,&quot;right&quot;:&quot;&quot;,&quot;bottom&quot;:&quot;&quot;,&quot;left&quot;:&quot;&quot;,&quot;isLinked&quot;:true},&quot;element_pack_global_tooltip_padding_tablet&quot;:{&quot;unit&quot;:&quot;px&quot;,&quot;top&quot;:&quot;&quot;,&quot;right&quot;:&quot;&quot;,&quot;bottom&quot;:&quot;&quot;,&quot;left&quot;:&quot;&quot;,&quot;isLinked&quot;:true},&quot;element_pack_global_tooltip_padding_mobile&quot;:{&quot;unit&quot;:&quot;px&quot;,&quot;top&quot;:&quot;&quot;,&quot;right&quot;:&quot;&quot;,&quot;bottom&quot;:&quot;&quot;,&quot;left&quot;:&quot;&quot;,&quot;isLinked&quot;:true},&quot;element_pack_global_tooltip_border_radius&quot;:{&quot;unit&quot;:&quot;px&quot;,&quot;top&quot;:&quot;&quot;,&quot;right&quot;:&quot;&quot;,&quot;bottom&quot;:&quot;&quot;,&quot;left&quot;:&quot;&quot;,&quot;isLinked&quot;:true},&quot;element_pack_global_tooltip_border_radius_tablet&quot;:{&quot;unit&quot;:&quot;px&quot;,&quot;top&quot;:&quot;&quot;,&quot;right&quot;:&quot;&quot;,&quot;bottom&quot;:&quot;&quot;,&quot;left&quot;:&quot;&quot;,&quot;isLinked&quot;:true},&quot;element_pack_global_tooltip_border_radius_mobile&quot;:{&quot;unit&quot;:&quot;px&quot;,&quot;top&quot;:&quot;&quot;,&quot;right&quot;:&quot;&quot;,&quot;bottom&quot;:&quot;&quot;,&quot;left&quot;:&quot;&quot;,&quot;isLinked&quot;:true}}\" data-elementor-post-type=\"product\">\n\t\t\t\t<div class=\"elementor-element elementor-element-93aa4a8 e-con-full e-flex e-con e-parent\" data-id=\"93aa4a8\" data-element_type=\"container\" data-e-type=\"container\">\n\t\t\t\t<div class=\"elementor-element elementor-element-2c3f760 miaoshu elementor-widget elementor-widget-wd_text_block\" data-id=\"2c3f760\" data-element_type=\"widget\" data-e-type=\"widget\" data-widget_type=\"wd_text_block.default\">\n\t\t\t\t<div class=\"elementor-widget-container\">\n\t\t\t\t\t\t\t<div class=\"wd-text-block reset-last-child text-left\">\n\t\t\t\n\t\t\t<h2>Fabula - Lo \u00faltimo en temas de WordPress para noticias y revistas<\/h2>\n<p>Fabula es un vanguardista tema de WordPress dise\u00f1ado para que los creadores de contenidos, blogueros y editores puedan crear sitios web sorprendentes y funcionales con facilidad. Tanto si diriges un blog personal minimalista, una revista digital en toda regla o una plataforma de noticias por suscripci\u00f3n, Fabula ofrece una versatilidad y unas herramientas inigualables para que tu visi\u00f3n destaque. Su dise\u00f1o responsivo se adapta a la perfecci\u00f3n a cualquier nicho, ya sea deportes, viajes, moda o estilo de vida, ofreciendo siempre una experiencia de usuario cautivadora.<\/p>\n\n<h3>Dise\u00f1o vers\u00e1til para todos los creadores de contenidos<\/h3>\n<p>Fabula est\u00e1 pensada para quienes desean una presencia en l\u00ednea impactante sin encasillarse en dise\u00f1os r\u00edgidos. Con 10 demos predise\u00f1adas que se pueden importar con un solo clic, puede lanzar su sitio en cuesti\u00f3n de minutos y adaptarlo para que coincida con su estilo \u00fanico. Fabula es perfecto para:<\/p>\n<ul>\n    <li>Blogs personales y profesionales<\/li>\n    <li>Revistas digitales y peri\u00f3dicos en l\u00ednea<\/li>\n    <li>Plataformas de noticias y contenidos<\/li>\n    <li>Contenidos de pago y sitios de suscripci\u00f3n<\/li>\n    <li>Portales de revisi\u00f3n y an\u00e1lisis<\/li>\n<\/ul>\n<p>Sean cuales sean sus objetivos de contenido, Fabula le ofrece la flexibilidad necesaria para crear un sitio que sea exclusivamente suyo.<\/p>\n\n<h3>Funciones avanzadas para una experiencia de usuario excepcional<\/h3>\n<p>Fabula va m\u00e1s all\u00e1 de la est\u00e9tica y ofrece un s\u00f3lido conjunto de herramientas para mejorar la participaci\u00f3n de los usuarios y agilizar el flujo de trabajo. Entre sus principales caracter\u00edsticas se incluyen:<\/p>\n<ul>\n    <li><strong>Sistema de revisi\u00f3n exhaustiva:<\/strong> Cree rese\u00f1as detalladas con criterios personalizables, pros, contras y valoraciones, sin necesidad de plugins adicionales.<\/li>\n    <li><strong>Modo oscuro din\u00e1mico:<\/strong> Permite a los lectores cambiar entre temas claros y oscuros, con detecci\u00f3n autom\u00e1tica basada en la configuraci\u00f3n de su sistema.<\/li>\n    <li><strong>Herramientas de compromiso integradas:<\/strong> Aumente la interacci\u00f3n con funciones como el recuento de visitas, los \"me gusta\" y las listas de lectura (favoritos).<\/li>\n    <li><strong>Sistemas de comentarios flexibles:<\/strong> Elige entre comentarios nativos de WordPress con reacciones o integrar plataformas como Facebook, Disqus o wpDiscuz.<\/li>\n    <li><strong>Paginaci\u00f3n din\u00e1mica:<\/strong> Ofrezca paginaci\u00f3n num\u00e9rica, un bot\u00f3n \"Cargar m\u00e1s\" o desplazamiento infinito con suaves transiciones AJAX.<\/li>\n    <li><strong>Soporte multiautor y an\u00f3nimo:<\/strong> Colabore sin problemas con varios autores o colaboradores invitados.<\/li>\n<\/ul>\n<p>Estas funciones garantizan la participaci\u00f3n de su p\u00fablico y le simplifican la gesti\u00f3n de contenidos.<\/p>\n\n<h3>Personalizaci\u00f3n y monetizaci\u00f3n sin esfuerzo<\/h3>\n<p>Fabula est\u00e1 dise\u00f1ado para que la creaci\u00f3n de sitios web sea accesible a todo el mundo, desde principiantes hasta desarrolladores experimentados. Sus intuitivas herramientas te permiten centrarte en crear contenidos en lugar de pelearte con detalles t\u00e9cnicos:<\/p>\n<ul>\n    <li><strong>Amplio panel de opciones:<\/strong> Personalice todos los aspectos de su sitio, desde la tipograf\u00eda y los colores hasta los precargadores y las animaciones.<\/li>\n    <li><strong>Integraci\u00f3n con Elementor:<\/strong> Utiliza el potente constructor de p\u00e1ginas Elementor para editar sin esfuerzo el contenido y los widgets personalizados.<\/li>\n    <li><strong>Membres\u00edas de Pago Pro (PMPro) Soporte:<\/strong> Monetice sus contenidos con suscripciones de varios niveles, pagos \u00fanicos o planes recurrentes.<\/li>\n    <li><strong>Dise\u00f1o Ad-Ready:<\/strong> Maximice los ingresos con m\u00faltiples espacios publicitarios y un widget de anuncios espec\u00edfico para una integraci\u00f3n perfecta.<\/li>\n    <li><strong>Compatibilidad con WooCommerce:<\/strong> Gestiona f\u00e1cilmente una tienda online o vende productos directamente desde tu blog.<\/li>\n<\/ul>\n<p>Construido con las mejores pr\u00e1cticas de SEO y optimizaci\u00f3n del rendimiento, Fabula garantiza tiempos de carga ultrarr\u00e1pidos y un mejor posicionamiento en los motores de b\u00fasqueda, ayudando a que su contenido llegue a un p\u00fablico m\u00e1s amplio.<\/p>\n\n<h3>\u00bfPor qu\u00e9 elegir Fabula?<\/h3>\n<p>Fabula combina un dise\u00f1o espectacular, funciones avanzadas y una personalizaci\u00f3n sencilla para ofrecerte un tema de WordPress que se adapta a tus necesidades. Tanto si eres bloguero, periodista o editor digital, Fabula te proporciona todo lo que necesitas para crear un sitio web profesional, atractivo y rentable. Empieza hoy mismo a crear el sitio de tus sue\u00f1os con Fabula.<\/p>\n\t\t\t\t\t<\/div>\n\t\t\t\t\t\t<\/div>\n\t\t\t\t<\/div>\n\t\t\t\t<\/div>\n\t\t\t\t<\/div>","protected":false},"excerpt":{"rendered":"<p>Fabula \u2013 Your Ultimate WordPress Theme for News &amp; Magazines Fabula is a cutting-edge WordPress theme designed to empower content<\/p>","protected":false},"featured_media":5836,"comment_status":"open","ping_status":"closed","template":"","meta":{"_acf_changed":false},"product_brand":[],"product_cat":[48],"product_tag":[],"class_list":{"0":"post-5835","1":"product","2":"type-product","3":"status-publish","4":"has-post-thumbnail","6":"product_cat-themes","8":"first","9":"instock","10":"sale","11":"downloadable","12":"shipping-taxable","13":"purchasable","14":"product-type-simple"},"acf":[],"yoast_head":"<!-- This site is optimized with the Yoast SEO Premium plugin v25.6 (Yoast SEO v27.4) - https:\/\/yoast.com\/product\/yoast-seo-premium-wordpress\/ -->\n<title>Fabula \u2013 Versatile News &amp; Magazine WordPress Theme - AllWin Theme \u2013 Free WordPress Themes Download<\/title>\n<meta name=\"description\" content=\"Fabula is a dynamic WordPress theme for blogs, magazines, and news sites. With versatile designs, advanced features, and seamless customization, create your unique online presence effortlessly.\" \/>\n<meta name=\"robots\" content=\"index, follow, max-snippet:-1, max-image-preview:large, max-video-preview:-1\" \/>\n<link rel=\"canonical\" href=\"https:\/\/allwintheme.com\/es\/producto\/fabula-news-magazine-wordpress-them\/\" \/>\n<meta property=\"og:locale\" content=\"es_ES\" \/>\n<meta property=\"og:type\" content=\"article\" \/>\n<meta property=\"og:title\" content=\"Fabula \u2013 Versatile News &amp; Magazine WordPress Theme\" \/>\n<meta property=\"og:description\" content=\"Fabula is a dynamic WordPress theme for blogs, magazines, and news sites. With versatile designs, advanced features, and seamless customization, create your unique online presence effortlessly.\" \/>\n<meta property=\"og:url\" content=\"https:\/\/allwintheme.com\/es\/producto\/fabula-news-magazine-wordpress-them\/\" \/>\n<meta property=\"og:site_name\" content=\"AllWin Theme \u2013 Free WordPress Themes Download\" \/>\n<meta property=\"article:modified_time\" content=\"2025-09-06T04:01:53+00:00\" \/>\n<meta property=\"og:image\" content=\"https:\/\/allwintheme.com\/wp-content\/uploads\/2025\/09\/o8ngacn5.png\" \/>\n\t<meta property=\"og:image:width\" content=\"590\" \/>\n\t<meta property=\"og:image:height\" content=\"300\" \/>\n\t<meta property=\"og:image:type\" content=\"image\/png\" \/>\n<meta name=\"twitter:card\" content=\"summary_large_image\" \/>\n<meta name=\"twitter:label1\" content=\"Tiempo estimado de lectura\" \/>\n\t<meta name=\"twitter:data1\" content=\"3 minutos\" \/>\n<script type=\"application\/ld+json\" class=\"yoast-schema-graph\">{\"@context\":\"https:\\\/\\\/schema.org\",\"@graph\":[{\"@type\":\"WebPage\",\"@id\":\"https:\\\/\\\/allwintheme.com\\\/product\\\/fabula-news-magazine-wordpress-them\\\/\",\"url\":\"https:\\\/\\\/allwintheme.com\\\/product\\\/fabula-news-magazine-wordpress-them\\\/\",\"name\":\"Fabula \u2013 Versatile News & Magazine WordPress Theme - AllWin Theme \u2013 Free WordPress Themes Download\",\"isPartOf\":{\"@id\":\"https:\\\/\\\/allwintheme.com\\\/#website\"},\"primaryImageOfPage\":{\"@id\":\"https:\\\/\\\/allwintheme.com\\\/product\\\/fabula-news-magazine-wordpress-them\\\/#primaryimage\"},\"image\":{\"@id\":\"https:\\\/\\\/allwintheme.com\\\/product\\\/fabula-news-magazine-wordpress-them\\\/#primaryimage\"},\"thumbnailUrl\":\"https:\\\/\\\/allwintheme.com\\\/wp-content\\\/uploads\\\/2025\\\/09\\\/o8ngacn5.png\",\"datePublished\":\"2025-09-06T03:56:25+00:00\",\"dateModified\":\"2025-09-06T04:01:53+00:00\",\"description\":\"Fabula is a dynamic WordPress theme for blogs, magazines, and news sites. With versatile designs, advanced features, and seamless customization, create your unique online presence effortlessly.\",\"breadcrumb\":{\"@id\":\"https:\\\/\\\/allwintheme.com\\\/product\\\/fabula-news-magazine-wordpress-them\\\/#breadcrumb\"},\"inLanguage\":\"es-CL\",\"potentialAction\":[{\"@type\":\"ReadAction\",\"target\":[\"https:\\\/\\\/allwintheme.com\\\/product\\\/fabula-news-magazine-wordpress-them\\\/\"]}]},{\"@type\":\"ImageObject\",\"inLanguage\":\"es-CL\",\"@id\":\"https:\\\/\\\/allwintheme.com\\\/product\\\/fabula-news-magazine-wordpress-them\\\/#primaryimage\",\"url\":\"https:\\\/\\\/allwintheme.com\\\/wp-content\\\/uploads\\\/2025\\\/09\\\/o8ngacn5.png\",\"contentUrl\":\"https:\\\/\\\/allwintheme.com\\\/wp-content\\\/uploads\\\/2025\\\/09\\\/o8ngacn5.png\",\"width\":590,\"height\":300,\"caption\":\"Fabula \u2013 News & Magazine WordPress Them\"},{\"@type\":\"BreadcrumbList\",\"@id\":\"https:\\\/\\\/allwintheme.com\\\/product\\\/fabula-news-magazine-wordpress-them\\\/#breadcrumb\",\"itemListElement\":[{\"@type\":\"ListItem\",\"position\":1,\"name\":\"Home\",\"item\":\"https:\\\/\\\/allwintheme.com\\\/\"},{\"@type\":\"ListItem\",\"position\":2,\"name\":\"Shop\",\"item\":\"https:\\\/\\\/allwintheme.com\\\/shop\\\/\"},{\"@type\":\"ListItem\",\"position\":3,\"name\":\"Fabula \u2013 Versatile News &#038; Magazine WordPress Theme\"}]},{\"@type\":\"WebSite\",\"@id\":\"https:\\\/\\\/allwintheme.com\\\/#website\",\"url\":\"https:\\\/\\\/allwintheme.com\\\/\",\"name\":\"Allwintheme\",\"description\":\"Download free WordPress themes for every niche. Blogs, business, eCommerce, portfolio, restaurant and more. All themes are GPL licensed and mobile-ready.\",\"potentialAction\":[{\"@type\":\"SearchAction\",\"target\":{\"@type\":\"EntryPoint\",\"urlTemplate\":\"https:\\\/\\\/allwintheme.com\\\/?s={search_term_string}\"},\"query-input\":{\"@type\":\"PropertyValueSpecification\",\"valueRequired\":true,\"valueName\":\"search_term_string\"}}],\"inLanguage\":\"es-CL\"}]}<\/script>\n<!-- \/ Yoast SEO Premium plugin. -->","yoast_head_json":{"title":"Fabula \u2013 Versatile News & Magazine WordPress Theme - AllWin Theme \u2013 Free WordPress Themes Download","description":"Fabula es un tema de WordPress din\u00e1mico para blogs, revistas y sitios de noticias. Con dise\u00f1os vers\u00e1tiles, funciones avanzadas y una personalizaci\u00f3n perfecta, cree su presencia en l\u00ednea \u00fanica sin esfuerzo.","robots":{"index":"index","follow":"follow","max-snippet":"max-snippet:-1","max-image-preview":"max-image-preview:large","max-video-preview":"max-video-preview:-1"},"canonical":"https:\/\/allwintheme.com\/es\/producto\/fabula-news-magazine-wordpress-them\/","og_locale":"es_ES","og_type":"article","og_title":"Fabula \u2013 Versatile News & Magazine WordPress Theme","og_description":"Fabula is a dynamic WordPress theme for blogs, magazines, and news sites. With versatile designs, advanced features, and seamless customization, create your unique online presence effortlessly.","og_url":"https:\/\/allwintheme.com\/es\/producto\/fabula-news-magazine-wordpress-them\/","og_site_name":"AllWin Theme \u2013 Free WordPress Themes Download","article_modified_time":"2025-09-06T04:01:53+00:00","og_image":[{"width":590,"height":300,"url":"https:\/\/allwintheme.com\/wp-content\/uploads\/2025\/09\/o8ngacn5.png","type":"image\/png"}],"twitter_card":"summary_large_image","twitter_misc":{"Tiempo estimado de lectura":"3 minutos"},"schema":{"@context":"https:\/\/schema.org","@graph":[{"@type":"WebPage","@id":"https:\/\/allwintheme.com\/product\/fabula-news-magazine-wordpress-them\/","url":"https:\/\/allwintheme.com\/product\/fabula-news-magazine-wordpress-them\/","name":"Fabula \u2013 Versatile News & Magazine WordPress Theme - AllWin Theme \u2013 Free WordPress Themes Download","isPartOf":{"@id":"https:\/\/allwintheme.com\/#website"},"primaryImageOfPage":{"@id":"https:\/\/allwintheme.com\/product\/fabula-news-magazine-wordpress-them\/#primaryimage"},"image":{"@id":"https:\/\/allwintheme.com\/product\/fabula-news-magazine-wordpress-them\/#primaryimage"},"thumbnailUrl":"https:\/\/allwintheme.com\/wp-content\/uploads\/2025\/09\/o8ngacn5.png","datePublished":"2025-09-06T03:56:25+00:00","dateModified":"2025-09-06T04:01:53+00:00","description":"Fabula es un tema de WordPress din\u00e1mico para blogs, revistas y sitios de noticias. Con dise\u00f1os vers\u00e1tiles, funciones avanzadas y una personalizaci\u00f3n perfecta, cree su presencia en l\u00ednea \u00fanica sin esfuerzo.","breadcrumb":{"@id":"https:\/\/allwintheme.com\/product\/fabula-news-magazine-wordpress-them\/#breadcrumb"},"inLanguage":"es-CL","potentialAction":[{"@type":"ReadAction","target":["https:\/\/allwintheme.com\/product\/fabula-news-magazine-wordpress-them\/"]}]},{"@type":"ImageObject","inLanguage":"es-CL","@id":"https:\/\/allwintheme.com\/product\/fabula-news-magazine-wordpress-them\/#primaryimage","url":"https:\/\/allwintheme.com\/wp-content\/uploads\/2025\/09\/o8ngacn5.png","contentUrl":"https:\/\/allwintheme.com\/wp-content\/uploads\/2025\/09\/o8ngacn5.png","width":590,"height":300,"caption":"Fabula \u2013 News & Magazine WordPress Them"},{"@type":"BreadcrumbList","@id":"https:\/\/allwintheme.com\/product\/fabula-news-magazine-wordpress-them\/#breadcrumb","itemListElement":[{"@type":"ListItem","position":1,"name":"Home","item":"https:\/\/allwintheme.com\/"},{"@type":"ListItem","position":2,"name":"Shop","item":"https:\/\/allwintheme.com\/shop\/"},{"@type":"ListItem","position":3,"name":"Fabula \u2013 Versatile News &#038; Magazine WordPress Theme"}]},{"@type":"WebSite","@id":"https:\/\/allwintheme.com\/#website","url":"https:\/\/allwintheme.com\/","name":"Allwintheme","description":"Descarga gratis temas de WordPress para todos los nichos. Blogs, negocios, comercio electr\u00f3nico, portafolio, restaurante y m\u00e1s. Todos los temas tienen licencia GPL y est\u00e1n preparados para dispositivos m\u00f3viles.","potentialAction":[{"@type":"SearchAction","target":{"@type":"EntryPoint","urlTemplate":"https:\/\/allwintheme.com\/?s={search_term_string}"},"query-input":{"@type":"PropertyValueSpecification","valueRequired":true,"valueName":"search_term_string"}}],"inLanguage":"es-CL"}]}},"_links":{"self":[{"href":"https:\/\/allwintheme.com\/es\/wp-json\/wp\/v2\/product\/5835","targetHints":{"allow":["GET"]}}],"collection":[{"href":"https:\/\/allwintheme.com\/es\/wp-json\/wp\/v2\/product"}],"about":[{"href":"https:\/\/allwintheme.com\/es\/wp-json\/wp\/v2\/types\/product"}],"replies":[{"embeddable":true,"href":"https:\/\/allwintheme.com\/es\/wp-json\/wp\/v2\/comments?post=5835"}],"version-history":[{"count":0,"href":"https:\/\/allwintheme.com\/es\/wp-json\/wp\/v2\/product\/5835\/revisions"}],"wp:featuredmedia":[{"embeddable":true,"href":"https:\/\/allwintheme.com\/es\/wp-json\/wp\/v2\/media\/5836"}],"wp:attachment":[{"href":"https:\/\/allwintheme.com\/es\/wp-json\/wp\/v2\/media?parent=5835"}],"wp:term":[{"taxonomy":"product_brand","embeddable":true,"href":"https:\/\/allwintheme.com\/es\/wp-json\/wp\/v2\/product_brand?post=5835"},{"taxonomy":"product_cat","embeddable":true,"href":"https:\/\/allwintheme.com\/es\/wp-json\/wp\/v2\/product_cat?post=5835"},{"taxonomy":"product_tag","embeddable":true,"href":"https:\/\/allwintheme.com\/es\/wp-json\/wp\/v2\/product_tag?post=5835"}],"curies":[{"name":"wp","href":"https:\/\/api.w.org\/{rel}","templated":true}]}}