{"id":5850,"date":"2025-09-06T04:15:02","date_gmt":"2025-09-06T04:15:02","guid":{"rendered":"https:\/\/allwintheme.com\/?post_type=product&#038;p=5850"},"modified":"2025-09-06T04:20:39","modified_gmt":"2025-09-06T04:20:39","slug":"anillo","status":"publish","type":"product","link":"https:\/\/allwintheme.com\/es\/producto\/anillo\/","title":{"rendered":"Ring: Moderno tema de WordPress para deportes y fitness"},"content":{"rendered":"<div data-elementor-type=\"wp-post\" data-elementor-id=\"5850\" class=\"elementor elementor-5850\" data-elementor-settings=\"{&quot;element_pack_global_tooltip_width&quot;:{&quot;unit&quot;:&quot;px&quot;,&quot;size&quot;:&quot;&quot;,&quot;sizes&quot;:[]},&quot;element_pack_global_tooltip_width_tablet&quot;:{&quot;unit&quot;:&quot;px&quot;,&quot;size&quot;:&quot;&quot;,&quot;sizes&quot;:[]},&quot;element_pack_global_tooltip_width_mobile&quot;:{&quot;unit&quot;:&quot;px&quot;,&quot;size&quot;:&quot;&quot;,&quot;sizes&quot;:[]},&quot;element_pack_global_tooltip_padding&quot;:{&quot;unit&quot;:&quot;px&quot;,&quot;top&quot;:&quot;&quot;,&quot;right&quot;:&quot;&quot;,&quot;bottom&quot;:&quot;&quot;,&quot;left&quot;:&quot;&quot;,&quot;isLinked&quot;:true},&quot;element_pack_global_tooltip_padding_tablet&quot;:{&quot;unit&quot;:&quot;px&quot;,&quot;top&quot;:&quot;&quot;,&quot;right&quot;:&quot;&quot;,&quot;bottom&quot;:&quot;&quot;,&quot;left&quot;:&quot;&quot;,&quot;isLinked&quot;:true},&quot;element_pack_global_tooltip_padding_mobile&quot;:{&quot;unit&quot;:&quot;px&quot;,&quot;top&quot;:&quot;&quot;,&quot;right&quot;:&quot;&quot;,&quot;bottom&quot;:&quot;&quot;,&quot;left&quot;:&quot;&quot;,&quot;isLinked&quot;:true},&quot;element_pack_global_tooltip_border_radius&quot;:{&quot;unit&quot;:&quot;px&quot;,&quot;top&quot;:&quot;&quot;,&quot;right&quot;:&quot;&quot;,&quot;bottom&quot;:&quot;&quot;,&quot;left&quot;:&quot;&quot;,&quot;isLinked&quot;:true},&quot;element_pack_global_tooltip_border_radius_tablet&quot;:{&quot;unit&quot;:&quot;px&quot;,&quot;top&quot;:&quot;&quot;,&quot;right&quot;:&quot;&quot;,&quot;bottom&quot;:&quot;&quot;,&quot;left&quot;:&quot;&quot;,&quot;isLinked&quot;:true},&quot;element_pack_global_tooltip_border_radius_mobile&quot;:{&quot;unit&quot;:&quot;px&quot;,&quot;top&quot;:&quot;&quot;,&quot;right&quot;:&quot;&quot;,&quot;bottom&quot;:&quot;&quot;,&quot;left&quot;:&quot;&quot;,&quot;isLinked&quot;:true}}\" data-elementor-post-type=\"product\">\n\t\t\t\t<div class=\"elementor-element elementor-element-93aa4a8 e-con-full e-flex e-con e-parent\" data-id=\"93aa4a8\" data-element_type=\"container\" data-e-type=\"container\">\n\t\t\t\t<div class=\"elementor-element elementor-element-2c3f760 miaoshu elementor-widget elementor-widget-wd_text_block\" data-id=\"2c3f760\" data-element_type=\"widget\" data-e-type=\"widget\" data-widget_type=\"wd_text_block.default\">\n\t\t\t\t<div class=\"elementor-widget-container\">\n\t\t\t\t\t\t\t<div class=\"wd-text-block reset-last-child text-left\">\n\t\t\t\n\t\t\t<h2>Un tema de WordPress vers\u00e1til para deportes y bienestar<\/h2>\n<p>Ring es un tema de WordPress moderno y adaptable creado para ayudarte a crear un sitio web impresionante para tu academia de artes marciales, gimnasio de boxeo, escuela de k\u00e1rate o negocio de estilo de vida saludable. Con su dise\u00f1o limpio y cautivador, Ring es perfecto para conectar con atletas, entusiastas del fitness y comunidades deportivas. Ya sea para mostrar clases, promocionar servicios de entrenamiento o compartir pr\u00f3ximos eventos, Ring le permite crear una presencia en l\u00ednea profesional y atractiva.<\/p>\n\n<h3>Dise\u00f1ado para deportistas, entrenadores y empresas de fitness<\/h3>\n<p>Ring est\u00e1 dise\u00f1ado para atender a una amplia gama de usuarios en las industrias del deporte y el bienestar. Es la opci\u00f3n ideal para:<\/p>\n<ul>\n  <li><strong>Academias de artes marciales:<\/strong> Perfecto para k\u00e1rate, lucha, boxeo, MMA, taekwondo, aikido y mucho m\u00e1s.<\/li>\n  <li><strong>Entrenadores y formadores:<\/strong> Ideal para entrenadores personales, preparadores f\u00edsicos e instructores de running.<\/li>\n  <li><strong>Empresas de estilo de vida saludable:<\/strong> Ideal para blogs de bienestar, revistas deportivas o tiendas de nutrici\u00f3n y suplementos.<\/li>\n  <li><strong>Atletas y corredores:<\/strong> Comparta experiencias, consejos de entrenamiento o rutas de running con su p\u00fablico.<\/li>\n  <li><strong>Tiendas de deportes en l\u00ednea:<\/strong> Venda ropa, equipamiento, accesorios o calzado deportivo con facilidad.<\/li>\n<\/ul>\n\n<h3>Potentes funciones para mejorar su negocio<\/h3>\n<p>Ring no es s\u00f3lo est\u00e9tica: est\u00e1 repleta de funciones para apoyar sus objetivos empresariales y mejorar la experiencia del usuario:<\/p>\n<ul>\n  <li><strong>Integraci\u00f3n completa con WooCommerce:<\/strong> Abra una tienda de deportes en l\u00ednea sin esfuerzo. Vende ropa deportiva, equipamiento especializado como zapatillas de running, accesorios o art\u00edculos de equipo para aficionados, profesionales, ni\u00f1os o adultos.<\/li>\n  <li><strong>Personalizaci\u00f3n intuitiva de la p\u00e1gina de inicio:<\/strong> Adapta f\u00e1cilmente tu p\u00e1gina de inicio con shortcodes y widgets para reflejar la identidad \u00fanica de tu gimnasio, dojo o tienda.<\/li>\n  <li><strong>Galer\u00edas impresionantes:<\/strong> Muestre sus instalaciones, clases, eventos o productos con llamativas galer\u00edas de im\u00e1genes que cautiven a los visitantes.<\/li>\n  <li><strong>Plugin de calendario de eventos:<\/strong> Mantenga informada a su comunidad sobre talleres, concursos, seminarios o clases especiales, impulsando el compromiso y la planificaci\u00f3n.<\/li>\n  <li><strong>Dise\u00f1o responsivo y limpio:<\/strong> Aseg\u00farese de que su sitio tenga un aspecto impecable en cualquier dispositivo, desde ordenadores de sobremesa hasta tel\u00e9fonos inteligentes, ofreciendo una experiencia de usuario fluida y profesional.<\/li>\n<\/ul>\n\n<h3>Lleve su negocio deportivo a Internet con Ring<\/h3>\n<p>Con Ring, su escuela de artes marciales, gimnasio o tienda de deportes no s\u00f3lo destacar\u00e1 en Internet, sino que adem\u00e1s ofrecer\u00e1 una experiencia de usuario excepcional. Desde simplificar las inscripciones a las clases hasta agilizar las compras de productos, Ring hace que sea f\u00e1cil llevar su pasi\u00f3n por el deporte y el fitness al mundo digital. \u00bfListo para elevar su marca? Empiece a utilizar Ring hoy mismo.<\/p>\n\t\t\t\t\t<\/div>\n\t\t\t\t\t\t<\/div>\n\t\t\t\t<\/div>\n\t\t\t\t<\/div>\n\t\t\t\t<\/div>","protected":false},"excerpt":{"rendered":"<p>Un tema de WordPress vers\u00e1til para deportes y bienestar Ring es un tema de WordPress moderno y con capacidad de respuesta dise\u00f1ado para ayudarle a construir<\/p>","protected":false},"featured_media":5851,"comment_status":"open","ping_status":"closed","template":"","meta":{"_acf_changed":false},"product_brand":[],"product_cat":[48],"product_tag":[],"class_list":{"0":"post-5850","1":"product","2":"type-product","3":"status-publish","4":"has-post-thumbnail","6":"product_cat-themes","8":"first","9":"instock","10":"sale","11":"downloadable","12":"shipping-taxable","13":"purchasable","14":"product-type-simple"},"acf":[],"yoast_head":"<!-- This site is optimized with the Yoast SEO Premium plugin v25.6 (Yoast SEO v27.1.1) - https:\/\/yoast.com\/product\/yoast-seo-premium-wordpress\/ -->\n<title>Ring: Modern WordPress Theme for Sports &amp; Fitness - AllWin Theme \u2013 Free WordPress Themes Download<\/title>\n<meta name=\"description\" content=\"Ring is a responsive WordPress theme for martial arts academies, gyms, and fitness businesses. Showcase classes, sell products, and engage your community.\" \/>\n<meta name=\"robots\" content=\"index, follow, max-snippet:-1, max-image-preview:large, max-video-preview:-1\" \/>\n<link rel=\"canonical\" href=\"https:\/\/allwintheme.com\/es\/producto\/anillo\/\" \/>\n<meta property=\"og:locale\" content=\"es_ES\" \/>\n<meta property=\"og:type\" content=\"article\" \/>\n<meta property=\"og:title\" content=\"Ring: Modern WordPress Theme for Sports &amp; Fitness\" \/>\n<meta property=\"og:description\" content=\"Ring is a responsive WordPress theme for martial arts academies, gyms, and fitness businesses. Showcase classes, sell products, and engage your community.\" \/>\n<meta property=\"og:url\" content=\"https:\/\/allwintheme.com\/es\/producto\/anillo\/\" \/>\n<meta property=\"og:site_name\" content=\"AllWin Theme \u2013 Free WordPress Themes Download\" \/>\n<meta property=\"article:modified_time\" content=\"2025-09-06T04:20:39+00:00\" \/>\n<meta property=\"og:image\" content=\"https:\/\/allwintheme.com\/wp-content\/uploads\/2025\/09\/g1ms4w58.png\" \/>\n\t<meta property=\"og:image:width\" content=\"768\" \/>\n\t<meta property=\"og:image:height\" content=\"512\" \/>\n\t<meta property=\"og:image:type\" content=\"image\/png\" \/>\n<meta name=\"twitter:card\" content=\"summary_large_image\" \/>\n<meta name=\"twitter:label1\" content=\"Tiempo estimado de lectura\" \/>\n\t<meta name=\"twitter:data1\" content=\"3 minutos\" \/>\n<script type=\"application\/ld+json\" class=\"yoast-schema-graph\">{\"@context\":\"https:\/\/schema.org\",\"@graph\":[{\"@type\":\"WebPage\",\"@id\":\"https:\/\/allwintheme.com\/product\/ring\/\",\"url\":\"https:\/\/allwintheme.com\/product\/ring\/\",\"name\":\"Ring: Modern WordPress Theme for Sports & Fitness - AllWin Theme \u2013 Free WordPress Themes Download\",\"isPartOf\":{\"@id\":\"https:\/\/allwintheme.com\/#website\"},\"primaryImageOfPage\":{\"@id\":\"https:\/\/allwintheme.com\/product\/ring\/#primaryimage\"},\"image\":{\"@id\":\"https:\/\/allwintheme.com\/product\/ring\/#primaryimage\"},\"thumbnailUrl\":\"https:\/\/allwintheme.com\/wp-content\/uploads\/2025\/09\/g1ms4w58.png\",\"datePublished\":\"2025-09-06T04:15:02+00:00\",\"dateModified\":\"2025-09-06T04:20:39+00:00\",\"description\":\"Ring is a responsive WordPress theme for martial arts academies, gyms, and fitness businesses. Showcase classes, sell products, and engage your community.\",\"breadcrumb\":{\"@id\":\"https:\/\/allwintheme.com\/product\/ring\/#breadcrumb\"},\"inLanguage\":\"es-CL\",\"potentialAction\":[{\"@type\":\"ReadAction\",\"target\":[\"https:\/\/allwintheme.com\/product\/ring\/\"]}]},{\"@type\":\"ImageObject\",\"inLanguage\":\"es-CL\",\"@id\":\"https:\/\/allwintheme.com\/product\/ring\/#primaryimage\",\"url\":\"https:\/\/allwintheme.com\/wp-content\/uploads\/2025\/09\/g1ms4w58.png\",\"contentUrl\":\"https:\/\/allwintheme.com\/wp-content\/uploads\/2025\/09\/g1ms4w58.png\",\"width\":768,\"height\":512,\"caption\":\"Ring\"},{\"@type\":\"BreadcrumbList\",\"@id\":\"https:\/\/allwintheme.com\/product\/ring\/#breadcrumb\",\"itemListElement\":[{\"@type\":\"ListItem\",\"position\":1,\"name\":\"Home\",\"item\":\"https:\/\/allwintheme.com\/\"},{\"@type\":\"ListItem\",\"position\":2,\"name\":\"Shop\",\"item\":\"https:\/\/allwintheme.com\/shop\/\"},{\"@type\":\"ListItem\",\"position\":3,\"name\":\"Ring: Modern WordPress Theme for Sports &#038; Fitness\"}]},{\"@type\":\"WebSite\",\"@id\":\"https:\/\/allwintheme.com\/#website\",\"url\":\"https:\/\/allwintheme.com\/\",\"name\":\"Allwintheme\",\"description\":\"Download free WordPress themes for every niche. Blogs, business, eCommerce, portfolio, restaurant and more. All themes are GPL licensed and mobile-ready.\",\"potentialAction\":[{\"@type\":\"SearchAction\",\"target\":{\"@type\":\"EntryPoint\",\"urlTemplate\":\"https:\/\/allwintheme.com\/?s={search_term_string}\"},\"query-input\":{\"@type\":\"PropertyValueSpecification\",\"valueRequired\":true,\"valueName\":\"search_term_string\"}}],\"inLanguage\":\"es-CL\"}]}<\/script>\n<!-- \/ Yoast SEO Premium plugin. -->","yoast_head_json":{"title":"Ring: Modern WordPress Theme for Sports & Fitness - AllWin Theme \u2013 Free WordPress Themes Download","description":"Ring es un tema de WordPress responsive para academias de artes marciales, gimnasios y negocios de fitness. Muestra clases, vende productos e involucra a tu comunidad.","robots":{"index":"index","follow":"follow","max-snippet":"max-snippet:-1","max-image-preview":"max-image-preview:large","max-video-preview":"max-video-preview:-1"},"canonical":"https:\/\/allwintheme.com\/es\/producto\/anillo\/","og_locale":"es_ES","og_type":"article","og_title":"Ring: Modern WordPress Theme for Sports & Fitness","og_description":"Ring is a responsive WordPress theme for martial arts academies, gyms, and fitness businesses. Showcase classes, sell products, and engage your community.","og_url":"https:\/\/allwintheme.com\/es\/producto\/anillo\/","og_site_name":"AllWin Theme \u2013 Free WordPress Themes Download","article_modified_time":"2025-09-06T04:20:39+00:00","og_image":[{"width":768,"height":512,"url":"https:\/\/allwintheme.com\/wp-content\/uploads\/2025\/09\/g1ms4w58.png","type":"image\/png"}],"twitter_card":"summary_large_image","twitter_misc":{"Tiempo estimado de lectura":"3 minutos"},"schema":{"@context":"https:\/\/schema.org","@graph":[{"@type":"WebPage","@id":"https:\/\/allwintheme.com\/product\/ring\/","url":"https:\/\/allwintheme.com\/product\/ring\/","name":"Ring: Modern WordPress Theme for Sports & Fitness - AllWin Theme \u2013 Free WordPress Themes Download","isPartOf":{"@id":"https:\/\/allwintheme.com\/#website"},"primaryImageOfPage":{"@id":"https:\/\/allwintheme.com\/product\/ring\/#primaryimage"},"image":{"@id":"https:\/\/allwintheme.com\/product\/ring\/#primaryimage"},"thumbnailUrl":"https:\/\/allwintheme.com\/wp-content\/uploads\/2025\/09\/g1ms4w58.png","datePublished":"2025-09-06T04:15:02+00:00","dateModified":"2025-09-06T04:20:39+00:00","description":"Ring es un tema de WordPress responsive para academias de artes marciales, gimnasios y negocios de fitness. Muestra clases, vende productos e involucra a tu comunidad.","breadcrumb":{"@id":"https:\/\/allwintheme.com\/product\/ring\/#breadcrumb"},"inLanguage":"es-CL","potentialAction":[{"@type":"ReadAction","target":["https:\/\/allwintheme.com\/product\/ring\/"]}]},{"@type":"ImageObject","inLanguage":"es-CL","@id":"https:\/\/allwintheme.com\/product\/ring\/#primaryimage","url":"https:\/\/allwintheme.com\/wp-content\/uploads\/2025\/09\/g1ms4w58.png","contentUrl":"https:\/\/allwintheme.com\/wp-content\/uploads\/2025\/09\/g1ms4w58.png","width":768,"height":512,"caption":"Ring"},{"@type":"BreadcrumbList","@id":"https:\/\/allwintheme.com\/product\/ring\/#breadcrumb","itemListElement":[{"@type":"ListItem","position":1,"name":"Home","item":"https:\/\/allwintheme.com\/"},{"@type":"ListItem","position":2,"name":"Shop","item":"https:\/\/allwintheme.com\/shop\/"},{"@type":"ListItem","position":3,"name":"Ring: Modern WordPress Theme for Sports &#038; Fitness"}]},{"@type":"WebSite","@id":"https:\/\/allwintheme.com\/#website","url":"https:\/\/allwintheme.com\/","name":"Allwintheme","description":"Descarga gratis temas de WordPress para todos los nichos. Blogs, negocios, comercio electr\u00f3nico, portafolio, restaurante y m\u00e1s. Todos los temas tienen licencia GPL y est\u00e1n preparados para dispositivos m\u00f3viles.","potentialAction":[{"@type":"SearchAction","target":{"@type":"EntryPoint","urlTemplate":"https:\/\/allwintheme.com\/?s={search_term_string}"},"query-input":{"@type":"PropertyValueSpecification","valueRequired":true,"valueName":"search_term_string"}}],"inLanguage":"es-CL"}]}},"_links":{"self":[{"href":"https:\/\/allwintheme.com\/es\/wp-json\/wp\/v2\/product\/5850","targetHints":{"allow":["GET"]}}],"collection":[{"href":"https:\/\/allwintheme.com\/es\/wp-json\/wp\/v2\/product"}],"about":[{"href":"https:\/\/allwintheme.com\/es\/wp-json\/wp\/v2\/types\/product"}],"replies":[{"embeddable":true,"href":"https:\/\/allwintheme.com\/es\/wp-json\/wp\/v2\/comments?post=5850"}],"version-history":[{"count":0,"href":"https:\/\/allwintheme.com\/es\/wp-json\/wp\/v2\/product\/5850\/revisions"}],"wp:featuredmedia":[{"embeddable":true,"href":"https:\/\/allwintheme.com\/es\/wp-json\/wp\/v2\/media\/5851"}],"wp:attachment":[{"href":"https:\/\/allwintheme.com\/es\/wp-json\/wp\/v2\/media?parent=5850"}],"wp:term":[{"taxonomy":"product_brand","embeddable":true,"href":"https:\/\/allwintheme.com\/es\/wp-json\/wp\/v2\/product_brand?post=5850"},{"taxonomy":"product_cat","embeddable":true,"href":"https:\/\/allwintheme.com\/es\/wp-json\/wp\/v2\/product_cat?post=5850"},{"taxonomy":"product_tag","embeddable":true,"href":"https:\/\/allwintheme.com\/es\/wp-json\/wp\/v2\/product_tag?post=5850"}],"curies":[{"name":"wp","href":"https:\/\/api.w.org\/{rel}","templated":true}]}}