{"id":5860,"date":"2025-09-06T04:24:02","date_gmt":"2025-09-06T04:24:02","guid":{"rendered":"https:\/\/allwintheme.com\/?post_type=product&#038;p=5860"},"modified":"2025-09-06T04:28:17","modified_gmt":"2025-09-06T04:28:17","slug":"tasker","status":"publish","type":"product","link":"https:\/\/allwintheme.com\/es\/producto\/tasker\/","title":{"rendered":"Tasker: Tema profesional de WordPress para la construcci\u00f3n"},"content":{"rendered":"<div data-elementor-type=\"wp-post\" data-elementor-id=\"5860\" class=\"elementor elementor-5860\" data-elementor-settings=\"{&quot;element_pack_global_tooltip_width&quot;:{&quot;unit&quot;:&quot;px&quot;,&quot;size&quot;:&quot;&quot;,&quot;sizes&quot;:[]},&quot;element_pack_global_tooltip_width_tablet&quot;:{&quot;unit&quot;:&quot;px&quot;,&quot;size&quot;:&quot;&quot;,&quot;sizes&quot;:[]},&quot;element_pack_global_tooltip_width_mobile&quot;:{&quot;unit&quot;:&quot;px&quot;,&quot;size&quot;:&quot;&quot;,&quot;sizes&quot;:[]},&quot;element_pack_global_tooltip_padding&quot;:{&quot;unit&quot;:&quot;px&quot;,&quot;top&quot;:&quot;&quot;,&quot;right&quot;:&quot;&quot;,&quot;bottom&quot;:&quot;&quot;,&quot;left&quot;:&quot;&quot;,&quot;isLinked&quot;:true},&quot;element_pack_global_tooltip_padding_tablet&quot;:{&quot;unit&quot;:&quot;px&quot;,&quot;top&quot;:&quot;&quot;,&quot;right&quot;:&quot;&quot;,&quot;bottom&quot;:&quot;&quot;,&quot;left&quot;:&quot;&quot;,&quot;isLinked&quot;:true},&quot;element_pack_global_tooltip_padding_mobile&quot;:{&quot;unit&quot;:&quot;px&quot;,&quot;top&quot;:&quot;&quot;,&quot;right&quot;:&quot;&quot;,&quot;bottom&quot;:&quot;&quot;,&quot;left&quot;:&quot;&quot;,&quot;isLinked&quot;:true},&quot;element_pack_global_tooltip_border_radius&quot;:{&quot;unit&quot;:&quot;px&quot;,&quot;top&quot;:&quot;&quot;,&quot;right&quot;:&quot;&quot;,&quot;bottom&quot;:&quot;&quot;,&quot;left&quot;:&quot;&quot;,&quot;isLinked&quot;:true},&quot;element_pack_global_tooltip_border_radius_tablet&quot;:{&quot;unit&quot;:&quot;px&quot;,&quot;top&quot;:&quot;&quot;,&quot;right&quot;:&quot;&quot;,&quot;bottom&quot;:&quot;&quot;,&quot;left&quot;:&quot;&quot;,&quot;isLinked&quot;:true},&quot;element_pack_global_tooltip_border_radius_mobile&quot;:{&quot;unit&quot;:&quot;px&quot;,&quot;top&quot;:&quot;&quot;,&quot;right&quot;:&quot;&quot;,&quot;bottom&quot;:&quot;&quot;,&quot;left&quot;:&quot;&quot;,&quot;isLinked&quot;:true}}\" data-elementor-post-type=\"product\">\n\t\t\t\t<div class=\"elementor-element elementor-element-93aa4a8 e-con-full e-flex e-con e-parent\" data-id=\"93aa4a8\" data-element_type=\"container\" data-e-type=\"container\">\n\t\t\t\t<div class=\"elementor-element elementor-element-2c3f760 miaoshu elementor-widget elementor-widget-wd_text_block\" data-id=\"2c3f760\" data-element_type=\"widget\" data-e-type=\"widget\" data-widget_type=\"wd_text_block.default\">\n\t\t\t\t<div class=\"elementor-widget-container\">\n\t\t\t\t\t\t\t<div class=\"wd-text-block reset-last-child text-left\">\n\t\t\t\n\t\t\t<h2>Tasker: Eleve su negocio de construcci\u00f3n y mantenimiento<\/h2>\n<p>Tasker es un tema de WordPress de \u00faltima generaci\u00f3n creado espec\u00edficamente para empresas de construcci\u00f3n, servicios de mantenimiento industrial y profesionales de la remodelaci\u00f3n del hogar. Con un enfoque en el contenido claro y atractivo y un dise\u00f1o visualmente atractivo, Tasker le permite mostrar sus servicios, proyectos y experiencia de una manera profesional. Es la herramienta perfecta para atraer clientes potenciales y fortalecer su presencia en l\u00ednea.<\/p>\n\n<h3>Dise\u00f1o vers\u00e1til para m\u00faltiples sectores<\/h3>\n<p>Tasker combina una est\u00e9tica moderna con una funcionalidad pr\u00e1ctica, por lo que es ideal para una amplia gama de empresas de construcci\u00f3n y mantenimiento. Su dise\u00f1o intuitivo garantiza una navegaci\u00f3n sencilla, destacando la profesionalidad de su empresa. Tasker es perfecto para:<\/p>\n<ul>\n    <li><strong>Empresas de construcci\u00f3n:<\/strong> Desde nuevas construcciones hasta renovaciones.<\/li>\n    <li><strong>Servicios de techado:<\/strong> Expertos en instalaci\u00f3n y reparaci\u00f3n de tejados.<\/li>\n    <li><strong>Estudios de arquitectura:<\/strong> Muestre carteras de proyectos y dise\u00f1os.<\/li>\n    <li><strong>Servicios de fontaner\u00eda:<\/strong> Destacan las instalaciones y reparaciones de sistemas de agua.<\/li>\n    <li><strong>Empresas de carpinter\u00eda:<\/strong> Muebles a medida y estructuras de madera.<\/li>\n    <li><strong>Agencias de remodelaci\u00f3n y decoraci\u00f3n:<\/strong> Transforme espacios residenciales y comerciales.<\/li>\n    <li><strong>Equipos profesionales de mantenimiento:<\/strong> Soluciones integrales de mantenimiento de propiedades.<\/li>\n    <li><strong>Servicios de limpieza industrial:<\/strong> Limpieza especializada para grandes espacios.<\/li>\n    <li><strong>Empresas de reparaci\u00f3n y mejora del hogar:<\/strong> Soluciones todo en uno para la mejora del hogar.<\/li>\n<\/ul>\n\n<h3>Personalizaci\u00f3n sin esfuerzo con Elementor<\/h3>\n<p>Tasker est\u00e1 dise\u00f1ado para ser f\u00e1cil de usar, impulsado por Elementor Page Builder y totalmente compatible con Elementor Pro. No se requieren conocimientos de programaci\u00f3n para crear un sitio web impresionante adaptado a tu marca. Con Tasker, puedes:<\/p>\n<ul>\n    <li><strong>Dise\u00f1o visual:<\/strong> Arrastre y suelte elementos para crear p\u00e1ginas impresionantes y secciones informativas sobre sus servicios.<\/li>\n    <li><strong>Totalmente personalizable:<\/strong> Ajuste los dise\u00f1os, los colores y la tipograf\u00eda para que encajen perfectamente con la identidad de su marca.<\/li>\n    <li><strong>Gestione con facilidad:<\/strong> Se integra a la perfecci\u00f3n con los plugins m\u00e1s populares de WordPress para gestionar el sitio sin esfuerzo, de modo que pueda centrarse en hacer crecer su negocio.<\/li>\n<\/ul>\n\n<h3>Principales ventajas para su empresa<\/h3>\n<p>Tasker no es s\u00f3lo apariencia: est\u00e1 optimizado para el rendimiento y la facilidad de uso, lo que proporciona a su empresa una ventaja competitiva:<\/p>\n<ul>\n    <li><strong>Dise\u00f1o receptivo:<\/strong> Se ve y funciona perfectamente en todos los dispositivos, desde ordenadores de sobremesa a smartphones.<\/li>\n    <li><strong>Presentaci\u00f3n clara del servicio:<\/strong> Destaque sus especialidades y el valor \u00fanico que aporta a los clientes.<\/li>\n    <li><strong>Optimizaci\u00f3n SEO:<\/strong> Creado para aumentar su visibilidad en los resultados de b\u00fasqueda, ayudando a los clientes potenciales a encontrar sus servicios de construcci\u00f3n, mantenimiento o remodelaci\u00f3n.<\/li>\n<\/ul>\n\n<h3>Construye tu presencia online con Tasker<\/h3>\n<p>Tasker proporciona la plataforma digital que su empresa de construcci\u00f3n o mantenimiento necesita para prosperar. \u00bfEst\u00e1 listo para crear un sitio web profesional y de alto rendimiento que impulse el crecimiento? Elija Tasker y comience a construir su \u00e9xito en l\u00ednea hoy mismo.<\/p>\n\t\t\t\t\t<\/div>\n\t\t\t\t\t\t<\/div>\n\t\t\t\t<\/div>\n\t\t\t\t<\/div>\n\t\t\t\t<\/div>","protected":false},"excerpt":{"rendered":"<p>Tasker: Mejore su negocio de construcci\u00f3n y mantenimiento Tasker es un tema de WordPress de \u00faltima generaci\u00f3n dise\u00f1ado espec\u00edficamente para empresas de construcci\u00f3n y mantenimiento industrial.<\/p>","protected":false},"featured_media":5861,"comment_status":"open","ping_status":"closed","template":"","meta":{"_acf_changed":false},"product_brand":[],"product_cat":[48],"product_tag":[],"class_list":{"0":"post-5860","1":"product","2":"type-product","3":"status-publish","4":"has-post-thumbnail","6":"product_cat-themes","8":"first","9":"instock","10":"sale","11":"downloadable","12":"shipping-taxable","13":"purchasable","14":"product-type-simple"},"acf":[],"yoast_head":"<!-- This site is optimized with the Yoast SEO Premium plugin v25.6 (Yoast SEO v27.1.1) - https:\/\/yoast.com\/product\/yoast-seo-premium-wordpress\/ -->\n<title>Tasker: Professional WordPress Theme for Construction - AllWin Theme \u2013 Free WordPress Themes Download<\/title>\n<meta name=\"description\" content=\"Tasker is a modern WordPress theme for construction, maintenance, and home improvement businesses, offering stunning design and easy customization with Elementor.\" \/>\n<meta name=\"robots\" content=\"index, follow, max-snippet:-1, max-image-preview:large, max-video-preview:-1\" \/>\n<link rel=\"canonical\" href=\"https:\/\/allwintheme.com\/es\/producto\/tasker\/\" \/>\n<meta property=\"og:locale\" content=\"es_ES\" \/>\n<meta property=\"og:type\" content=\"article\" \/>\n<meta property=\"og:title\" content=\"Tasker: Professional WordPress Theme for Construction\" \/>\n<meta property=\"og:description\" content=\"Tasker is a modern WordPress theme for construction, maintenance, and home improvement businesses, offering stunning design and easy customization with Elementor.\" \/>\n<meta property=\"og:url\" content=\"https:\/\/allwintheme.com\/es\/producto\/tasker\/\" \/>\n<meta property=\"og:site_name\" content=\"AllWin Theme \u2013 Free WordPress Themes Download\" \/>\n<meta property=\"article:modified_time\" content=\"2025-09-06T04:28:17+00:00\" \/>\n<meta property=\"og:image\" content=\"https:\/\/allwintheme.com\/wp-content\/uploads\/2025\/09\/7xw0x38z.png\" \/>\n\t<meta property=\"og:image:width\" content=\"768\" \/>\n\t<meta property=\"og:image:height\" content=\"512\" \/>\n\t<meta property=\"og:image:type\" content=\"image\/png\" \/>\n<meta name=\"twitter:card\" content=\"summary_large_image\" \/>\n<meta name=\"twitter:label1\" content=\"Tiempo estimado de lectura\" \/>\n\t<meta name=\"twitter:data1\" content=\"3 minutos\" \/>\n<script type=\"application\/ld+json\" class=\"yoast-schema-graph\">{\"@context\":\"https:\/\/schema.org\",\"@graph\":[{\"@type\":\"WebPage\",\"@id\":\"https:\/\/allwintheme.com\/product\/tasker\/\",\"url\":\"https:\/\/allwintheme.com\/product\/tasker\/\",\"name\":\"Tasker: Professional WordPress Theme for Construction - AllWin Theme \u2013 Free WordPress Themes Download\",\"isPartOf\":{\"@id\":\"https:\/\/allwintheme.com\/#website\"},\"primaryImageOfPage\":{\"@id\":\"https:\/\/allwintheme.com\/product\/tasker\/#primaryimage\"},\"image\":{\"@id\":\"https:\/\/allwintheme.com\/product\/tasker\/#primaryimage\"},\"thumbnailUrl\":\"https:\/\/allwintheme.com\/wp-content\/uploads\/2025\/09\/7xw0x38z.png\",\"datePublished\":\"2025-09-06T04:24:02+00:00\",\"dateModified\":\"2025-09-06T04:28:17+00:00\",\"description\":\"Tasker is a modern WordPress theme for construction, maintenance, and home improvement businesses, offering stunning design and easy customization with Elementor.\",\"breadcrumb\":{\"@id\":\"https:\/\/allwintheme.com\/product\/tasker\/#breadcrumb\"},\"inLanguage\":\"es-CL\",\"potentialAction\":[{\"@type\":\"ReadAction\",\"target\":[\"https:\/\/allwintheme.com\/product\/tasker\/\"]}]},{\"@type\":\"ImageObject\",\"inLanguage\":\"es-CL\",\"@id\":\"https:\/\/allwintheme.com\/product\/tasker\/#primaryimage\",\"url\":\"https:\/\/allwintheme.com\/wp-content\/uploads\/2025\/09\/7xw0x38z.png\",\"contentUrl\":\"https:\/\/allwintheme.com\/wp-content\/uploads\/2025\/09\/7xw0x38z.png\",\"width\":768,\"height\":512,\"caption\":\"Tasker\"},{\"@type\":\"BreadcrumbList\",\"@id\":\"https:\/\/allwintheme.com\/product\/tasker\/#breadcrumb\",\"itemListElement\":[{\"@type\":\"ListItem\",\"position\":1,\"name\":\"Home\",\"item\":\"https:\/\/allwintheme.com\/\"},{\"@type\":\"ListItem\",\"position\":2,\"name\":\"Shop\",\"item\":\"https:\/\/allwintheme.com\/shop\/\"},{\"@type\":\"ListItem\",\"position\":3,\"name\":\"Tasker: Professional WordPress Theme for Construction\"}]},{\"@type\":\"WebSite\",\"@id\":\"https:\/\/allwintheme.com\/#website\",\"url\":\"https:\/\/allwintheme.com\/\",\"name\":\"Allwintheme\",\"description\":\"Download free WordPress themes for every niche. Blogs, business, eCommerce, portfolio, restaurant and more. All themes are GPL licensed and mobile-ready.\",\"potentialAction\":[{\"@type\":\"SearchAction\",\"target\":{\"@type\":\"EntryPoint\",\"urlTemplate\":\"https:\/\/allwintheme.com\/?s={search_term_string}\"},\"query-input\":{\"@type\":\"PropertyValueSpecification\",\"valueRequired\":true,\"valueName\":\"search_term_string\"}}],\"inLanguage\":\"es-CL\"}]}<\/script>\n<!-- \/ Yoast SEO Premium plugin. -->","yoast_head_json":{"title":"Tasker: Tema profesional de WordPress para la construcci\u00f3n - AllWin Theme - Free WordPress Themes Download","description":"Tasker es un moderno tema de WordPress para empresas de construcci\u00f3n, mantenimiento y mejoras del hogar, que ofrece un dise\u00f1o impresionante y f\u00e1cil personalizaci\u00f3n con Elementor.","robots":{"index":"index","follow":"follow","max-snippet":"max-snippet:-1","max-image-preview":"max-image-preview:large","max-video-preview":"max-video-preview:-1"},"canonical":"https:\/\/allwintheme.com\/es\/producto\/tasker\/","og_locale":"es_ES","og_type":"article","og_title":"Tasker: Professional WordPress Theme for Construction","og_description":"Tasker is a modern WordPress theme for construction, maintenance, and home improvement businesses, offering stunning design and easy customization with Elementor.","og_url":"https:\/\/allwintheme.com\/es\/producto\/tasker\/","og_site_name":"AllWin Theme \u2013 Free WordPress Themes Download","article_modified_time":"2025-09-06T04:28:17+00:00","og_image":[{"width":768,"height":512,"url":"https:\/\/allwintheme.com\/wp-content\/uploads\/2025\/09\/7xw0x38z.png","type":"image\/png"}],"twitter_card":"summary_large_image","twitter_misc":{"Tiempo estimado de lectura":"3 minutos"},"schema":{"@context":"https:\/\/schema.org","@graph":[{"@type":"WebPage","@id":"https:\/\/allwintheme.com\/product\/tasker\/","url":"https:\/\/allwintheme.com\/product\/tasker\/","name":"Tasker: Tema profesional de WordPress para la construcci\u00f3n - AllWin Theme - Free WordPress Themes Download","isPartOf":{"@id":"https:\/\/allwintheme.com\/#website"},"primaryImageOfPage":{"@id":"https:\/\/allwintheme.com\/product\/tasker\/#primaryimage"},"image":{"@id":"https:\/\/allwintheme.com\/product\/tasker\/#primaryimage"},"thumbnailUrl":"https:\/\/allwintheme.com\/wp-content\/uploads\/2025\/09\/7xw0x38z.png","datePublished":"2025-09-06T04:24:02+00:00","dateModified":"2025-09-06T04:28:17+00:00","description":"Tasker es un moderno tema de WordPress para empresas de construcci\u00f3n, mantenimiento y mejoras del hogar, que ofrece un dise\u00f1o impresionante y f\u00e1cil personalizaci\u00f3n con Elementor.","breadcrumb":{"@id":"https:\/\/allwintheme.com\/product\/tasker\/#breadcrumb"},"inLanguage":"es-CL","potentialAction":[{"@type":"ReadAction","target":["https:\/\/allwintheme.com\/product\/tasker\/"]}]},{"@type":"ImageObject","inLanguage":"es-CL","@id":"https:\/\/allwintheme.com\/product\/tasker\/#primaryimage","url":"https:\/\/allwintheme.com\/wp-content\/uploads\/2025\/09\/7xw0x38z.png","contentUrl":"https:\/\/allwintheme.com\/wp-content\/uploads\/2025\/09\/7xw0x38z.png","width":768,"height":512,"caption":"Tasker"},{"@type":"BreadcrumbList","@id":"https:\/\/allwintheme.com\/product\/tasker\/#breadcrumb","itemListElement":[{"@type":"ListItem","position":1,"name":"Home","item":"https:\/\/allwintheme.com\/"},{"@type":"ListItem","position":2,"name":"Shop","item":"https:\/\/allwintheme.com\/shop\/"},{"@type":"ListItem","position":3,"name":"Tasker: Professional WordPress Theme for Construction"}]},{"@type":"WebSite","@id":"https:\/\/allwintheme.com\/#website","url":"https:\/\/allwintheme.com\/","name":"Allwintheme","description":"Descarga gratis temas de WordPress para todos los nichos. Blogs, negocios, comercio electr\u00f3nico, portafolio, restaurante y m\u00e1s. Todos los temas tienen licencia GPL y est\u00e1n preparados para dispositivos m\u00f3viles.","potentialAction":[{"@type":"SearchAction","target":{"@type":"EntryPoint","urlTemplate":"https:\/\/allwintheme.com\/?s={search_term_string}"},"query-input":{"@type":"PropertyValueSpecification","valueRequired":true,"valueName":"search_term_string"}}],"inLanguage":"es-CL"}]}},"_links":{"self":[{"href":"https:\/\/allwintheme.com\/es\/wp-json\/wp\/v2\/product\/5860","targetHints":{"allow":["GET"]}}],"collection":[{"href":"https:\/\/allwintheme.com\/es\/wp-json\/wp\/v2\/product"}],"about":[{"href":"https:\/\/allwintheme.com\/es\/wp-json\/wp\/v2\/types\/product"}],"replies":[{"embeddable":true,"href":"https:\/\/allwintheme.com\/es\/wp-json\/wp\/v2\/comments?post=5860"}],"version-history":[{"count":0,"href":"https:\/\/allwintheme.com\/es\/wp-json\/wp\/v2\/product\/5860\/revisions"}],"wp:featuredmedia":[{"embeddable":true,"href":"https:\/\/allwintheme.com\/es\/wp-json\/wp\/v2\/media\/5861"}],"wp:attachment":[{"href":"https:\/\/allwintheme.com\/es\/wp-json\/wp\/v2\/media?parent=5860"}],"wp:term":[{"taxonomy":"product_brand","embeddable":true,"href":"https:\/\/allwintheme.com\/es\/wp-json\/wp\/v2\/product_brand?post=5860"},{"taxonomy":"product_cat","embeddable":true,"href":"https:\/\/allwintheme.com\/es\/wp-json\/wp\/v2\/product_cat?post=5860"},{"taxonomy":"product_tag","embeddable":true,"href":"https:\/\/allwintheme.com\/es\/wp-json\/wp\/v2\/product_tag?post=5860"}],"curies":[{"name":"wp","href":"https:\/\/api.w.org\/{rel}","templated":true}]}}