{"id":5867,"date":"2025-09-06T04:28:39","date_gmt":"2025-09-06T04:28:39","guid":{"rendered":"https:\/\/allwintheme.com\/?post_type=product&#038;p=5867"},"modified":"2025-09-06T04:32:42","modified_gmt":"2025-09-06T04:32:42","slug":"petpal-pet-care-pet-shop-wordpress-theme","status":"publish","type":"product","link":"https:\/\/allwintheme.com\/es\/producto\/petpal-pet-care-pet-shop-wordpress-theme\/","title":{"rendered":"Petpal - Pet Care &amp; Shop WordPress Theme"},"content":{"rendered":"<div data-elementor-type=\"wp-post\" data-elementor-id=\"5867\" class=\"elementor elementor-5867\" data-elementor-settings=\"{&quot;element_pack_global_tooltip_width&quot;:{&quot;unit&quot;:&quot;px&quot;,&quot;size&quot;:&quot;&quot;,&quot;sizes&quot;:[]},&quot;element_pack_global_tooltip_width_tablet&quot;:{&quot;unit&quot;:&quot;px&quot;,&quot;size&quot;:&quot;&quot;,&quot;sizes&quot;:[]},&quot;element_pack_global_tooltip_width_mobile&quot;:{&quot;unit&quot;:&quot;px&quot;,&quot;size&quot;:&quot;&quot;,&quot;sizes&quot;:[]},&quot;element_pack_global_tooltip_padding&quot;:{&quot;unit&quot;:&quot;px&quot;,&quot;top&quot;:&quot;&quot;,&quot;right&quot;:&quot;&quot;,&quot;bottom&quot;:&quot;&quot;,&quot;left&quot;:&quot;&quot;,&quot;isLinked&quot;:true},&quot;element_pack_global_tooltip_padding_tablet&quot;:{&quot;unit&quot;:&quot;px&quot;,&quot;top&quot;:&quot;&quot;,&quot;right&quot;:&quot;&quot;,&quot;bottom&quot;:&quot;&quot;,&quot;left&quot;:&quot;&quot;,&quot;isLinked&quot;:true},&quot;element_pack_global_tooltip_padding_mobile&quot;:{&quot;unit&quot;:&quot;px&quot;,&quot;top&quot;:&quot;&quot;,&quot;right&quot;:&quot;&quot;,&quot;bottom&quot;:&quot;&quot;,&quot;left&quot;:&quot;&quot;,&quot;isLinked&quot;:true},&quot;element_pack_global_tooltip_border_radius&quot;:{&quot;unit&quot;:&quot;px&quot;,&quot;top&quot;:&quot;&quot;,&quot;right&quot;:&quot;&quot;,&quot;bottom&quot;:&quot;&quot;,&quot;left&quot;:&quot;&quot;,&quot;isLinked&quot;:true},&quot;element_pack_global_tooltip_border_radius_tablet&quot;:{&quot;unit&quot;:&quot;px&quot;,&quot;top&quot;:&quot;&quot;,&quot;right&quot;:&quot;&quot;,&quot;bottom&quot;:&quot;&quot;,&quot;left&quot;:&quot;&quot;,&quot;isLinked&quot;:true},&quot;element_pack_global_tooltip_border_radius_mobile&quot;:{&quot;unit&quot;:&quot;px&quot;,&quot;top&quot;:&quot;&quot;,&quot;right&quot;:&quot;&quot;,&quot;bottom&quot;:&quot;&quot;,&quot;left&quot;:&quot;&quot;,&quot;isLinked&quot;:true}}\" data-elementor-post-type=\"product\">\n\t\t\t\t<div class=\"elementor-element elementor-element-93aa4a8 e-con-full e-flex e-con e-parent\" data-id=\"93aa4a8\" data-element_type=\"container\" data-e-type=\"container\">\n\t\t\t\t<div class=\"elementor-element elementor-element-2c3f760 miaoshu elementor-widget elementor-widget-wd_text_block\" data-id=\"2c3f760\" data-element_type=\"widget\" data-e-type=\"widget\" data-widget_type=\"wd_text_block.default\">\n\t\t\t\t<div class=\"elementor-widget-container\">\n\t\t\t\t\t\t\t<div class=\"wd-text-block reset-last-child text-left\">\n\t\t\t\n\t\t\t<h2>Una presencia en l\u00ednea conmovedora para su negocio de mascotas<\/h2>\n<p>Petpal es un tema de WordPress multiuso de primera calidad creado para aportar calidez y profesionalidad a tu negocio relacionado con las mascotas. Tanto si tienes una tienda de mascotas, una cl\u00ednica veterinaria, un servicio de peluquer\u00eda o un refugio de animales, Petpal captura la esencia del cuidado de los animales con su dise\u00f1o moderno y adaptable, su tipograf\u00eda atractiva y su enfoque en la legibilidad. Este tema asegura que su mensaje resuene claramente con los due\u00f1os de mascotas, fomentando un mayor compromiso e impulsando el crecimiento de su negocio.<\/p>\n\n<h2>Dise\u00f1ado para deleitar a los amantes de las mascotas<\/h2>\n<p>Petpal le permite crear un sitio web din\u00e1mico que conecta con los amantes de los animales. Su dise\u00f1o limpio y f\u00e1cil de usar y su navegaci\u00f3n intuitiva crean una experiencia atractiva, animando a los visitantes a explorar sus servicios y productos. Con Petpal, su sitio web se convierte en un centro de compromiso:<\/p>\n<ul>\n    <li><strong>Mayor compromiso:<\/strong> Mantenga a los visitantes en su sitio durante m\u00e1s tiempo mientras exploran su contenido.<\/li>\n    <li><strong>Mayores tasas de conversi\u00f3n:<\/strong> Convierta a los visitantes en clientes, tanto si compran productos para mascotas como si reservan servicios de cuidado.<\/li>\n    <li><strong>Aumento de los ingresos:<\/strong> Impulse las ventas y las reservas de servicios con una plataforma optimizada y visualmente atractiva.<\/li>\n    <li><strong>Mayor reconocimiento de marca:<\/strong> Cree un sitio web memorable y respetuoso con las mascotas que refuerce la reputaci\u00f3n de su marca.<\/li>\n<\/ul>\n\n<h2>Creaci\u00f3n de sitios web sin esfuerzo: no es necesario programar<\/h2>\n<p>Petpal est\u00e1 dise\u00f1ado para todo el mundo, desde principiantes en WordPress hasta usuarios experimentados. Con la perfecta integraci\u00f3n de Elementor Page Builder, la creaci\u00f3n de un sitio web impresionante negocio de mascotas es simple y libre de c\u00f3digo:<\/p>\n<ul>\n    <li><strong>Edici\u00f3n Elementor:<\/strong> Cree p\u00e1ginas impresionantes con la facilidad de arrastrar y soltar, sin necesidad de conocimientos de CSS o HTML.<\/li>\n    <li><strong>Importaci\u00f3n de demostraciones con un solo clic:<\/strong> Lance su sitio r\u00e1pidamente importando contenido de demostraci\u00f3n y personaliz\u00e1ndolo para adaptarlo a su marca.<\/li>\n    <li><strong>M\u00e1s de 2 dise\u00f1os de p\u00e1gina de inicio:<\/strong> Elija un dise\u00f1o que se ajuste a su visi\u00f3n y empiece a construir su presencia en l\u00ednea.<\/li>\n    <li><strong>M\u00e1s de 20 p\u00e1ginas interiores:<\/strong> Utilice plantillas predise\u00f1adas para secciones como guarder\u00eda de mascotas, servicios de peluquer\u00eda, p\u00e1ginas de adopci\u00f3n o detalles de productos.<\/li>\n<\/ul>\n\n<h2>Potentes funciones para su negocio de mascotas<\/h2>\n<p>Petpal est\u00e1 repleto de funciones esenciales para garantizar el m\u00e1ximo rendimiento y una experiencia de usuario excepcional:<\/p>\n<ul>\n    <li><strong>Totalmente adaptable:<\/strong> Se ve impecable en todos los dispositivos, desde m\u00f3viles a ordenadores de sobremesa.<\/li>\n    <li><strong>Dise\u00f1o flexible:<\/strong> Utilice dise\u00f1os de demostraci\u00f3n o cree elementos visuales \u00fanicos con un s\u00f3lido constructor de p\u00e1ginas y backend.<\/li>\n    <li><strong>Barras laterales ilimitadas:<\/strong> Organice los contenidos de forma eficaz para mejorar la navegaci\u00f3n.<\/li>\n    <li><strong>Optimizaci\u00f3n de la retina:<\/strong> Garantice im\u00e1genes y gr\u00e1ficos n\u00edtidos y vibrantes en pantallas de alta resoluci\u00f3n.<\/li>\n    <li><strong>Panel de administraci\u00f3n avanzado:<\/strong> Gestione todos los aspectos de su sitio web con una interfaz intuitiva.<\/li>\n    <li><strong>Importaci\u00f3n de demos, contenidos y sliders:<\/strong> Configure su sitio r\u00e1pidamente con importaciones sencillas.<\/li>\n    <li><strong>M\u00e1s de 600 Google Fonts:<\/strong> Personalice la tipograf\u00eda para adaptarla a la personalidad de su marca.<\/li>\n    <li><strong>Preparado para SEO:<\/strong> Construido con c\u00f3digo HTML5 y CSS3 limpio para una mejor visibilidad en los motores de b\u00fasqueda para t\u00e9rminos como \u201ctienda de mascotas\u201d, \u201cservicios veterinarios\u201d o \u201cproductos para mascotas\u201d.\u201d<\/li>\n    <li><strong>Listos para la traducci\u00f3n:<\/strong> Incluye archivos .pot para que su sitio sea accesible a p\u00fablicos de todo el mundo.<\/li>\n    <li><strong>Formularios de contacto personalizables:<\/strong> Compatible con Contact Form 7 para una comunicaci\u00f3n fluida con el cliente.<\/li>\n    <li><strong>Compatibilidad entre navegadores:<\/strong> Funciona perfectamente en los principales navegadores.<\/li>\n    <li><strong>Amplia documentaci\u00f3n:<\/strong> Gu\u00edas detalladas para ayudarle en la configuraci\u00f3n y personalizaci\u00f3n.<\/li>\n<\/ul>\n\n<h2>Cree un sitio web que refleje su pasi\u00f3n<\/h2>\n<p>Con Petpal - Pet Care &amp; Pet Shop WordPress Theme, puede crear un sitio web que no s\u00f3lo es funcional, sino tambi\u00e9n un fiel reflejo de su amor por los animales. Con\u00e9ctate de manera significativa con tu comunidad y dale a tu negocio de mascotas la plataforma digital que se merece.<\/p>\n<p><strong>\u00bfListo para elevar su negocio de mascotas en Internet?<\/strong><\/p>\n\t\t\t\t\t<\/div>\n\t\t\t\t\t\t<\/div>\n\t\t\t\t<\/div>\n\t\t\t\t<\/div>\n\t\t\t\t<\/div>","protected":false},"excerpt":{"rendered":"<p>A Heartwarming Online Presence for Your Pet Business Petpal is a premium, multipurpose WordPress theme crafted to bring warmth and<\/p>","protected":false},"featured_media":5868,"comment_status":"open","ping_status":"closed","template":"","meta":{"_acf_changed":false},"product_brand":[],"product_cat":[48],"product_tag":[],"class_list":{"0":"post-5867","1":"product","2":"type-product","3":"status-publish","4":"has-post-thumbnail","6":"product_cat-themes","8":"first","9":"instock","10":"sale","11":"downloadable","12":"shipping-taxable","13":"purchasable","14":"product-type-simple"},"acf":[],"yoast_head":"<!-- This site is optimized with the Yoast SEO Premium plugin v25.6 (Yoast SEO v27.1.1) - https:\/\/yoast.com\/product\/yoast-seo-premium-wordpress\/ -->\n<title>Petpal \u2013 Pet Care &amp; Shop WordPress Theme - AllWin Theme \u2013 Free WordPress Themes Download<\/title>\n<meta name=\"description\" content=\"Create a vibrant, professional pet business website with Petpal. Perfect for pet shops, vet clinics, and shelters. Responsive, SEO-ready, and easy to customize.\" \/>\n<meta name=\"robots\" content=\"index, follow, max-snippet:-1, max-image-preview:large, max-video-preview:-1\" \/>\n<link rel=\"canonical\" href=\"https:\/\/allwintheme.com\/es\/producto\/petpal-pet-care-pet-shop-wordpress-theme\/\" \/>\n<meta property=\"og:locale\" content=\"es_ES\" \/>\n<meta property=\"og:type\" content=\"article\" \/>\n<meta property=\"og:title\" content=\"Petpal \u2013 Pet Care &amp; Shop WordPress Theme\" \/>\n<meta property=\"og:description\" content=\"Create a vibrant, professional pet business website with Petpal. Perfect for pet shops, vet clinics, and shelters. Responsive, SEO-ready, and easy to customize.\" \/>\n<meta property=\"og:url\" content=\"https:\/\/allwintheme.com\/es\/producto\/petpal-pet-care-pet-shop-wordpress-theme\/\" \/>\n<meta property=\"og:site_name\" content=\"AllWin Theme \u2013 Free WordPress Themes Download\" \/>\n<meta property=\"article:modified_time\" content=\"2025-09-06T04:32:42+00:00\" \/>\n<meta property=\"og:image\" content=\"https:\/\/allwintheme.com\/wp-content\/uploads\/2025\/09\/wgqzzo9b.png\" \/>\n\t<meta property=\"og:image:width\" content=\"768\" \/>\n\t<meta property=\"og:image:height\" content=\"512\" \/>\n\t<meta property=\"og:image:type\" content=\"image\/png\" \/>\n<meta name=\"twitter:card\" content=\"summary_large_image\" \/>\n<meta name=\"twitter:label1\" content=\"Tiempo estimado de lectura\" \/>\n\t<meta name=\"twitter:data1\" content=\"3 minutos\" \/>\n<script type=\"application\/ld+json\" class=\"yoast-schema-graph\">{\"@context\":\"https:\/\/schema.org\",\"@graph\":[{\"@type\":\"WebPage\",\"@id\":\"https:\/\/allwintheme.com\/product\/petpal-pet-care-pet-shop-wordpress-theme\/\",\"url\":\"https:\/\/allwintheme.com\/product\/petpal-pet-care-pet-shop-wordpress-theme\/\",\"name\":\"Petpal \u2013 Pet Care & Shop WordPress Theme - AllWin Theme \u2013 Free WordPress Themes Download\",\"isPartOf\":{\"@id\":\"https:\/\/allwintheme.com\/#website\"},\"primaryImageOfPage\":{\"@id\":\"https:\/\/allwintheme.com\/product\/petpal-pet-care-pet-shop-wordpress-theme\/#primaryimage\"},\"image\":{\"@id\":\"https:\/\/allwintheme.com\/product\/petpal-pet-care-pet-shop-wordpress-theme\/#primaryimage\"},\"thumbnailUrl\":\"https:\/\/allwintheme.com\/wp-content\/uploads\/2025\/09\/wgqzzo9b.png\",\"datePublished\":\"2025-09-06T04:28:39+00:00\",\"dateModified\":\"2025-09-06T04:32:42+00:00\",\"description\":\"Create a vibrant, professional pet business website with Petpal. Perfect for pet shops, vet clinics, and shelters. Responsive, SEO-ready, and easy to customize.\",\"breadcrumb\":{\"@id\":\"https:\/\/allwintheme.com\/product\/petpal-pet-care-pet-shop-wordpress-theme\/#breadcrumb\"},\"inLanguage\":\"es-CL\",\"potentialAction\":[{\"@type\":\"ReadAction\",\"target\":[\"https:\/\/allwintheme.com\/product\/petpal-pet-care-pet-shop-wordpress-theme\/\"]}]},{\"@type\":\"ImageObject\",\"inLanguage\":\"es-CL\",\"@id\":\"https:\/\/allwintheme.com\/product\/petpal-pet-care-pet-shop-wordpress-theme\/#primaryimage\",\"url\":\"https:\/\/allwintheme.com\/wp-content\/uploads\/2025\/09\/wgqzzo9b.png\",\"contentUrl\":\"https:\/\/allwintheme.com\/wp-content\/uploads\/2025\/09\/wgqzzo9b.png\",\"width\":768,\"height\":512,\"caption\":\"Petpal \u2013 Pet Care & Pet Shop WordPress Theme\"},{\"@type\":\"BreadcrumbList\",\"@id\":\"https:\/\/allwintheme.com\/product\/petpal-pet-care-pet-shop-wordpress-theme\/#breadcrumb\",\"itemListElement\":[{\"@type\":\"ListItem\",\"position\":1,\"name\":\"Home\",\"item\":\"https:\/\/allwintheme.com\/\"},{\"@type\":\"ListItem\",\"position\":2,\"name\":\"Shop\",\"item\":\"https:\/\/allwintheme.com\/shop\/\"},{\"@type\":\"ListItem\",\"position\":3,\"name\":\"Petpal \u2013 Pet Care &#038; Shop WordPress Theme\"}]},{\"@type\":\"WebSite\",\"@id\":\"https:\/\/allwintheme.com\/#website\",\"url\":\"https:\/\/allwintheme.com\/\",\"name\":\"Allwintheme\",\"description\":\"Download free WordPress themes for every niche. Blogs, business, eCommerce, portfolio, restaurant and more. All themes are GPL licensed and mobile-ready.\",\"potentialAction\":[{\"@type\":\"SearchAction\",\"target\":{\"@type\":\"EntryPoint\",\"urlTemplate\":\"https:\/\/allwintheme.com\/?s={search_term_string}\"},\"query-input\":{\"@type\":\"PropertyValueSpecification\",\"valueRequired\":true,\"valueName\":\"search_term_string\"}}],\"inLanguage\":\"es-CL\"}]}<\/script>\n<!-- \/ Yoast SEO Premium plugin. -->","yoast_head_json":{"title":"Petpal \u2013 Pet Care & Shop WordPress Theme - AllWin Theme \u2013 Free WordPress Themes Download","description":"Cree un sitio web vibrante y profesional para su negocio de mascotas con Petpal. Perfecto para tiendas de mascotas, cl\u00ednicas veterinarias y refugios. Responsive, SEO-ready, y f\u00e1cil de personalizar.","robots":{"index":"index","follow":"follow","max-snippet":"max-snippet:-1","max-image-preview":"max-image-preview:large","max-video-preview":"max-video-preview:-1"},"canonical":"https:\/\/allwintheme.com\/es\/producto\/petpal-pet-care-pet-shop-wordpress-theme\/","og_locale":"es_ES","og_type":"article","og_title":"Petpal \u2013 Pet Care & Shop WordPress Theme","og_description":"Create a vibrant, professional pet business website with Petpal. Perfect for pet shops, vet clinics, and shelters. Responsive, SEO-ready, and easy to customize.","og_url":"https:\/\/allwintheme.com\/es\/producto\/petpal-pet-care-pet-shop-wordpress-theme\/","og_site_name":"AllWin Theme \u2013 Free WordPress Themes Download","article_modified_time":"2025-09-06T04:32:42+00:00","og_image":[{"width":768,"height":512,"url":"https:\/\/allwintheme.com\/wp-content\/uploads\/2025\/09\/wgqzzo9b.png","type":"image\/png"}],"twitter_card":"summary_large_image","twitter_misc":{"Tiempo estimado de lectura":"3 minutos"},"schema":{"@context":"https:\/\/schema.org","@graph":[{"@type":"WebPage","@id":"https:\/\/allwintheme.com\/product\/petpal-pet-care-pet-shop-wordpress-theme\/","url":"https:\/\/allwintheme.com\/product\/petpal-pet-care-pet-shop-wordpress-theme\/","name":"Petpal \u2013 Pet Care & Shop WordPress Theme - AllWin Theme \u2013 Free WordPress Themes Download","isPartOf":{"@id":"https:\/\/allwintheme.com\/#website"},"primaryImageOfPage":{"@id":"https:\/\/allwintheme.com\/product\/petpal-pet-care-pet-shop-wordpress-theme\/#primaryimage"},"image":{"@id":"https:\/\/allwintheme.com\/product\/petpal-pet-care-pet-shop-wordpress-theme\/#primaryimage"},"thumbnailUrl":"https:\/\/allwintheme.com\/wp-content\/uploads\/2025\/09\/wgqzzo9b.png","datePublished":"2025-09-06T04:28:39+00:00","dateModified":"2025-09-06T04:32:42+00:00","description":"Cree un sitio web vibrante y profesional para su negocio de mascotas con Petpal. Perfecto para tiendas de mascotas, cl\u00ednicas veterinarias y refugios. Responsive, SEO-ready, y f\u00e1cil de personalizar.","breadcrumb":{"@id":"https:\/\/allwintheme.com\/product\/petpal-pet-care-pet-shop-wordpress-theme\/#breadcrumb"},"inLanguage":"es-CL","potentialAction":[{"@type":"ReadAction","target":["https:\/\/allwintheme.com\/product\/petpal-pet-care-pet-shop-wordpress-theme\/"]}]},{"@type":"ImageObject","inLanguage":"es-CL","@id":"https:\/\/allwintheme.com\/product\/petpal-pet-care-pet-shop-wordpress-theme\/#primaryimage","url":"https:\/\/allwintheme.com\/wp-content\/uploads\/2025\/09\/wgqzzo9b.png","contentUrl":"https:\/\/allwintheme.com\/wp-content\/uploads\/2025\/09\/wgqzzo9b.png","width":768,"height":512,"caption":"Petpal \u2013 Pet Care & Pet Shop WordPress Theme"},{"@type":"BreadcrumbList","@id":"https:\/\/allwintheme.com\/product\/petpal-pet-care-pet-shop-wordpress-theme\/#breadcrumb","itemListElement":[{"@type":"ListItem","position":1,"name":"Home","item":"https:\/\/allwintheme.com\/"},{"@type":"ListItem","position":2,"name":"Shop","item":"https:\/\/allwintheme.com\/shop\/"},{"@type":"ListItem","position":3,"name":"Petpal \u2013 Pet Care &#038; Shop WordPress Theme"}]},{"@type":"WebSite","@id":"https:\/\/allwintheme.com\/#website","url":"https:\/\/allwintheme.com\/","name":"Allwintheme","description":"Descarga gratis temas de WordPress para todos los nichos. Blogs, negocios, comercio electr\u00f3nico, portafolio, restaurante y m\u00e1s. Todos los temas tienen licencia GPL y est\u00e1n preparados para dispositivos m\u00f3viles.","potentialAction":[{"@type":"SearchAction","target":{"@type":"EntryPoint","urlTemplate":"https:\/\/allwintheme.com\/?s={search_term_string}"},"query-input":{"@type":"PropertyValueSpecification","valueRequired":true,"valueName":"search_term_string"}}],"inLanguage":"es-CL"}]}},"_links":{"self":[{"href":"https:\/\/allwintheme.com\/es\/wp-json\/wp\/v2\/product\/5867","targetHints":{"allow":["GET"]}}],"collection":[{"href":"https:\/\/allwintheme.com\/es\/wp-json\/wp\/v2\/product"}],"about":[{"href":"https:\/\/allwintheme.com\/es\/wp-json\/wp\/v2\/types\/product"}],"replies":[{"embeddable":true,"href":"https:\/\/allwintheme.com\/es\/wp-json\/wp\/v2\/comments?post=5867"}],"version-history":[{"count":0,"href":"https:\/\/allwintheme.com\/es\/wp-json\/wp\/v2\/product\/5867\/revisions"}],"wp:featuredmedia":[{"embeddable":true,"href":"https:\/\/allwintheme.com\/es\/wp-json\/wp\/v2\/media\/5868"}],"wp:attachment":[{"href":"https:\/\/allwintheme.com\/es\/wp-json\/wp\/v2\/media?parent=5867"}],"wp:term":[{"taxonomy":"product_brand","embeddable":true,"href":"https:\/\/allwintheme.com\/es\/wp-json\/wp\/v2\/product_brand?post=5867"},{"taxonomy":"product_cat","embeddable":true,"href":"https:\/\/allwintheme.com\/es\/wp-json\/wp\/v2\/product_cat?post=5867"},{"taxonomy":"product_tag","embeddable":true,"href":"https:\/\/allwintheme.com\/es\/wp-json\/wp\/v2\/product_tag?post=5867"}],"curies":[{"name":"wp","href":"https:\/\/api.w.org\/{rel}","templated":true}]}}