{"id":5884,"date":"2025-09-06T04:37:18","date_gmt":"2025-09-06T04:37:18","guid":{"rendered":"https:\/\/allwintheme.com\/?post_type=product&#038;p=5884"},"modified":"2025-09-06T04:41:41","modified_gmt":"2025-09-06T04:41:41","slug":"hiring-hub-staffing-agencies-wordpress-theme","status":"publish","type":"product","link":"https:\/\/allwintheme.com\/es\/producto\/hiring-hub-staffing-agencies-wordpress-theme\/","title":{"rendered":"Hiring Hub - Agencias de empleo WordPress Theme"},"content":{"rendered":"<div data-elementor-type=\"wp-post\" data-elementor-id=\"5884\" class=\"elementor elementor-5884\" data-elementor-settings=\"{&quot;element_pack_global_tooltip_width&quot;:{&quot;unit&quot;:&quot;px&quot;,&quot;size&quot;:&quot;&quot;,&quot;sizes&quot;:[]},&quot;element_pack_global_tooltip_width_tablet&quot;:{&quot;unit&quot;:&quot;px&quot;,&quot;size&quot;:&quot;&quot;,&quot;sizes&quot;:[]},&quot;element_pack_global_tooltip_width_mobile&quot;:{&quot;unit&quot;:&quot;px&quot;,&quot;size&quot;:&quot;&quot;,&quot;sizes&quot;:[]},&quot;element_pack_global_tooltip_padding&quot;:{&quot;unit&quot;:&quot;px&quot;,&quot;top&quot;:&quot;&quot;,&quot;right&quot;:&quot;&quot;,&quot;bottom&quot;:&quot;&quot;,&quot;left&quot;:&quot;&quot;,&quot;isLinked&quot;:true},&quot;element_pack_global_tooltip_padding_tablet&quot;:{&quot;unit&quot;:&quot;px&quot;,&quot;top&quot;:&quot;&quot;,&quot;right&quot;:&quot;&quot;,&quot;bottom&quot;:&quot;&quot;,&quot;left&quot;:&quot;&quot;,&quot;isLinked&quot;:true},&quot;element_pack_global_tooltip_padding_mobile&quot;:{&quot;unit&quot;:&quot;px&quot;,&quot;top&quot;:&quot;&quot;,&quot;right&quot;:&quot;&quot;,&quot;bottom&quot;:&quot;&quot;,&quot;left&quot;:&quot;&quot;,&quot;isLinked&quot;:true},&quot;element_pack_global_tooltip_border_radius&quot;:{&quot;unit&quot;:&quot;px&quot;,&quot;top&quot;:&quot;&quot;,&quot;right&quot;:&quot;&quot;,&quot;bottom&quot;:&quot;&quot;,&quot;left&quot;:&quot;&quot;,&quot;isLinked&quot;:true},&quot;element_pack_global_tooltip_border_radius_tablet&quot;:{&quot;unit&quot;:&quot;px&quot;,&quot;top&quot;:&quot;&quot;,&quot;right&quot;:&quot;&quot;,&quot;bottom&quot;:&quot;&quot;,&quot;left&quot;:&quot;&quot;,&quot;isLinked&quot;:true},&quot;element_pack_global_tooltip_border_radius_mobile&quot;:{&quot;unit&quot;:&quot;px&quot;,&quot;top&quot;:&quot;&quot;,&quot;right&quot;:&quot;&quot;,&quot;bottom&quot;:&quot;&quot;,&quot;left&quot;:&quot;&quot;,&quot;isLinked&quot;:true}}\" data-elementor-post-type=\"product\">\n\t\t\t\t<div class=\"elementor-element elementor-element-93aa4a8 e-con-full e-flex e-con e-parent\" data-id=\"93aa4a8\" data-element_type=\"container\" data-e-type=\"container\">\n\t\t\t\t<div class=\"elementor-element elementor-element-2c3f760 miaoshu elementor-widget elementor-widget-wd_text_block\" data-id=\"2c3f760\" data-element_type=\"widget\" data-e-type=\"widget\" data-widget_type=\"wd_text_block.default\">\n\t\t\t\t<div class=\"elementor-widget-container\">\n\t\t\t\t\t\t\t<div class=\"wd-text-block reset-last-child text-left\">\n\t\t\t\n\t\t\t<h2>Hiring Hub - Lo \u00faltimo en temas de WordPress para agencias de empleo<\/h2>\n<p>\u00bfQuiere crear una presencia en l\u00ednea profesional e impactante para su empresa de recursos humanos, selecci\u00f3n de personal o consultor\u00eda? <strong>Hiring Hub - Agencias de empleo WordPress Theme<\/strong> es la soluci\u00f3n perfecta. Adaptado a las necesidades din\u00e1micas del sector de la contrataci\u00f3n de personal, este tema de WordPress basado en Elementor te ofrece todo lo que necesitas para crear un sitio web impresionante, funcional y atractivo.<\/p>\n\n<h3>Dise\u00f1o vers\u00e1til para su sector<\/h3>\n<p>Hiring Hub es m\u00e1s que un tema: es una plataforma integral dise\u00f1ada para una amplia gama de profesionales, como agencias de contrataci\u00f3n, consultores de empleo, asesores financieros, empresas de contabilidad, sociedades de inversi\u00f3n y academias de formaci\u00f3n. Con <strong>cinco dise\u00f1os de p\u00e1gina de inicio creativos<\/strong>podr\u00e1 crear un sitio web que refleje a la perfecci\u00f3n la identidad de su marca. Su dise\u00f1o elegante y moderno es ideal para:<\/p>\n<ul>\n    <li>RRHH y agencias de contrataci\u00f3n<\/li>\n    <li>Responsables de contrataci\u00f3n y cazatalentos<\/li>\n    <li>Empresas de consultor\u00eda y asesoramiento<\/li>\n    <li>Proveedores de seguros y pr\u00e9stamos<\/li>\n    <li>Servicios fiscales y contables<\/li>\n    <li>Centros de formaci\u00f3n y desarrollo del liderazgo<\/li>\n    <li>Plataformas de b\u00fasqueda de empleo<\/li>\n<\/ul>\n\n<h3>Personalizaci\u00f3n sin esfuerzo con Elementor<\/h3>\n<p>Basado en el potente <strong>Creador de p\u00e1ginas Elementor<\/strong>Hiring Hub le ofrece un control total sobre el dise\u00f1o y el contenido de su sitio web, sin necesidad de programaci\u00f3n. Su intuitiva interfaz de arrastrar y soltar hace que sea f\u00e1cil de:<\/p>\n<ul>\n    <li><strong>Edita en tiempo real:<\/strong> Vea los cambios al instante mientras dise\u00f1a.<\/li>\n    <li><strong>Personaliza sin esfuerzo:<\/strong> Adapte las secciones, los colores y los tipos de letra a su marca.<\/li>\n    <li><strong>Ahorra tiempo:<\/strong> Cree p\u00e1ginas complejas en minutos, no en horas.<\/li>\n<\/ul>\n<p>Adem\u00e1s, Hiring Hub viene con widgets Elementor preintegrados para agilizar tu flujo de trabajo, haciendo que la creaci\u00f3n de sitios web sea m\u00e1s r\u00e1pida y eficiente.<\/p>\n\n<h3>Funciones potentes para el \u00e9xito digital<\/h3>\n<p>Hiring Hub est\u00e1 repleto de funciones dise\u00f1adas para elevar su presencia en l\u00ednea:<\/p>\n<ul>\n    <li><strong>Instalaci\u00f3n con un solo clic:<\/strong> Ponga en marcha su sitio web en cuesti\u00f3n de minutos con un proceso de configuraci\u00f3n simplificado.<\/li>\n    <li><strong>Responsive y Retina Ready:<\/strong> Garantice una experiencia impecable en todos los dispositivos, desde tel\u00e9fonos m\u00f3viles hasta pantallas de alta resoluci\u00f3n.<\/li>\n    <li><strong>Soporte multiling\u00fce (WPML Ready):<\/strong> Llegue a un p\u00fablico mundial traduciendo su sitio web a cualquier idioma.<\/li>\n    <li><strong>Opciones tipogr\u00e1ficas avanzadas:<\/strong> Elige entre cientos de Google Fonts para crear una est\u00e9tica de marca \u00fanica.<\/li>\n    <li><strong>Integraci\u00f3n con Contact Form 7:<\/strong> Cree formularios personalizados para conectar con clientes y candidatos sin problemas.<\/li>\n    <li><strong>Optimizado para SEO:<\/strong> Construido con las mejores pr\u00e1cticas para ayudar a su sitio a posicionarse mejor en los motores de b\u00fasqueda.<\/li>\n    <li><strong>Compatibilidad con temas infantiles:<\/strong> Personaliza de forma segura sin preocuparte por las actualizaciones de los temas.<\/li>\n    <li><strong>Documentaci\u00f3n y asistencia completas:<\/strong> Acceda a gu\u00edas y recursos claros para una configuraci\u00f3n y personalizaci\u00f3n sencillas.<\/li>\n\n<h3>Mejore su presencia en Internet<\/h3>\n<p>Con <strong>Hiring Hub - Agencias de empleo WordPress Theme<\/strong>no s\u00f3lo est\u00e1 adquiriendo un tema, sino que est\u00e1 invirtiendo en una soluci\u00f3n completa para establecer una presencia digital s\u00f3lida que atraiga a clientes y candidatos por igual. Su dise\u00f1o f\u00e1cil de usar, su est\u00e9tica profesional y su optimizaci\u00f3n SEO lo convierten en la opci\u00f3n m\u00e1s inteligente para empresas de RRHH, selecci\u00f3n de personal y consultor\u00eda.<\/p>\n\n<p><strong>Versi\u00f3n:<\/strong> 1.2<br>\n<strong>\u00daltima actualizaci\u00f3n:<\/strong> 9 de julio de 2025<br>\n<strong>Licencia:<\/strong> Licencia GPL<br>\n<strong>Estado del producto:<\/strong> 100% Funcional<\/p>\n\n<p><em>Descargo de responsabilidad: Todos los recursos publicados en Gplclub han sido desarrollados por desarrolladores externos y redistribuidos bajo los t\u00e9rminos de la licencia GPLv2. No estamos asociados ni avalados por ning\u00fan desarrollador.<\/em><\/p>\n\t\t\t\t\t<\/div>\n\t\t\t\t\t\t<\/div>\n\t\t\t\t<\/div>\n\t\t\t\t<\/div>\n\t\t\t\t<\/div>","protected":false},"excerpt":{"rendered":"<p>Hiring Hub \u2013 Your Ultimate Staffing Agency WordPress Theme Looking to create a professional and impactful online presence for your<\/p>","protected":false},"featured_media":5885,"comment_status":"open","ping_status":"closed","template":"","meta":{"_acf_changed":false},"product_brand":[],"product_cat":[48],"product_tag":[],"class_list":{"0":"post-5884","1":"product","2":"type-product","3":"status-publish","4":"has-post-thumbnail","6":"product_cat-themes","8":"first","9":"instock","10":"sale","11":"downloadable","12":"shipping-taxable","13":"purchasable","14":"product-type-simple"},"acf":[],"yoast_head":"<!-- This site is optimized with the Yoast SEO Premium plugin v25.6 (Yoast SEO v27.1.1) - https:\/\/yoast.com\/product\/yoast-seo-premium-wordpress\/ -->\n<title>Hiring Hub \u2013 Staffing Agencies WordPress Theme - AllWin Theme \u2013 Free WordPress Themes Download<\/title>\n<meta name=\"description\" content=\"Build a professional online presence with Hiring Hub, a versatile WordPress theme for staffing agencies, HR firms, and consultancies. Powered by Elementor, SEO-optimized, and responsive.\" \/>\n<meta name=\"robots\" content=\"index, follow, max-snippet:-1, max-image-preview:large, max-video-preview:-1\" \/>\n<link rel=\"canonical\" href=\"https:\/\/allwintheme.com\/es\/producto\/hiring-hub-staffing-agencies-wordpress-theme\/\" \/>\n<meta property=\"og:locale\" content=\"es_ES\" \/>\n<meta property=\"og:type\" content=\"article\" \/>\n<meta property=\"og:title\" content=\"Hiring Hub \u2013 Staffing Agencies WordPress Theme\" \/>\n<meta property=\"og:description\" content=\"Build a professional online presence with Hiring Hub, a versatile WordPress theme for staffing agencies, HR firms, and consultancies. Powered by Elementor, SEO-optimized, and responsive.\" \/>\n<meta property=\"og:url\" content=\"https:\/\/allwintheme.com\/es\/producto\/hiring-hub-staffing-agencies-wordpress-theme\/\" \/>\n<meta property=\"og:site_name\" content=\"AllWin Theme \u2013 Free WordPress Themes Download\" \/>\n<meta property=\"article:modified_time\" content=\"2025-09-06T04:41:41+00:00\" \/>\n<meta property=\"og:image\" content=\"https:\/\/allwintheme.com\/wp-content\/uploads\/2025\/09\/w5qscjoq.png\" \/>\n\t<meta property=\"og:image:width\" content=\"590\" \/>\n\t<meta property=\"og:image:height\" content=\"300\" \/>\n\t<meta property=\"og:image:type\" content=\"image\/png\" \/>\n<meta name=\"twitter:card\" content=\"summary_large_image\" \/>\n<meta name=\"twitter:label1\" content=\"Tiempo estimado de lectura\" \/>\n\t<meta name=\"twitter:data1\" content=\"3 minutos\" \/>\n<script type=\"application\/ld+json\" class=\"yoast-schema-graph\">{\"@context\":\"https:\/\/schema.org\",\"@graph\":[{\"@type\":\"WebPage\",\"@id\":\"https:\/\/allwintheme.com\/product\/hiring-hub-staffing-agencies-wordpress-theme\/\",\"url\":\"https:\/\/allwintheme.com\/product\/hiring-hub-staffing-agencies-wordpress-theme\/\",\"name\":\"Hiring Hub \u2013 Staffing Agencies WordPress Theme - AllWin Theme \u2013 Free WordPress Themes Download\",\"isPartOf\":{\"@id\":\"https:\/\/allwintheme.com\/#website\"},\"primaryImageOfPage\":{\"@id\":\"https:\/\/allwintheme.com\/product\/hiring-hub-staffing-agencies-wordpress-theme\/#primaryimage\"},\"image\":{\"@id\":\"https:\/\/allwintheme.com\/product\/hiring-hub-staffing-agencies-wordpress-theme\/#primaryimage\"},\"thumbnailUrl\":\"https:\/\/allwintheme.com\/wp-content\/uploads\/2025\/09\/w5qscjoq.png\",\"datePublished\":\"2025-09-06T04:37:18+00:00\",\"dateModified\":\"2025-09-06T04:41:41+00:00\",\"description\":\"Build a professional online presence with Hiring Hub, a versatile WordPress theme for staffing agencies, HR firms, and consultancies. Powered by Elementor, SEO-optimized, and responsive.\",\"breadcrumb\":{\"@id\":\"https:\/\/allwintheme.com\/product\/hiring-hub-staffing-agencies-wordpress-theme\/#breadcrumb\"},\"inLanguage\":\"es-CL\",\"potentialAction\":[{\"@type\":\"ReadAction\",\"target\":[\"https:\/\/allwintheme.com\/product\/hiring-hub-staffing-agencies-wordpress-theme\/\"]}]},{\"@type\":\"ImageObject\",\"inLanguage\":\"es-CL\",\"@id\":\"https:\/\/allwintheme.com\/product\/hiring-hub-staffing-agencies-wordpress-theme\/#primaryimage\",\"url\":\"https:\/\/allwintheme.com\/wp-content\/uploads\/2025\/09\/w5qscjoq.png\",\"contentUrl\":\"https:\/\/allwintheme.com\/wp-content\/uploads\/2025\/09\/w5qscjoq.png\",\"width\":590,\"height\":300,\"caption\":\"Hiring Hub \u2013 Staffing Agencies WordPress Theme\"},{\"@type\":\"BreadcrumbList\",\"@id\":\"https:\/\/allwintheme.com\/product\/hiring-hub-staffing-agencies-wordpress-theme\/#breadcrumb\",\"itemListElement\":[{\"@type\":\"ListItem\",\"position\":1,\"name\":\"Home\",\"item\":\"https:\/\/allwintheme.com\/\"},{\"@type\":\"ListItem\",\"position\":2,\"name\":\"Shop\",\"item\":\"https:\/\/allwintheme.com\/shop\/\"},{\"@type\":\"ListItem\",\"position\":3,\"name\":\"Hiring Hub \u2013 Staffing Agencies WordPress Theme\"}]},{\"@type\":\"WebSite\",\"@id\":\"https:\/\/allwintheme.com\/#website\",\"url\":\"https:\/\/allwintheme.com\/\",\"name\":\"Allwintheme\",\"description\":\"Download free WordPress themes for every niche. Blogs, business, eCommerce, portfolio, restaurant and more. All themes are GPL licensed and mobile-ready.\",\"potentialAction\":[{\"@type\":\"SearchAction\",\"target\":{\"@type\":\"EntryPoint\",\"urlTemplate\":\"https:\/\/allwintheme.com\/?s={search_term_string}\"},\"query-input\":{\"@type\":\"PropertyValueSpecification\",\"valueRequired\":true,\"valueName\":\"search_term_string\"}}],\"inLanguage\":\"es-CL\"}]}<\/script>\n<!-- \/ Yoast SEO Premium plugin. -->","yoast_head_json":{"title":"Hiring Hub \u2013 Staffing Agencies WordPress Theme - AllWin Theme \u2013 Free WordPress Themes Download","description":"Construye una presencia online profesional con Hiring Hub, un tema de WordPress vers\u00e1til para agencias de empleo, empresas de recursos humanos y consultor\u00edas. Desarrollado por Elementor, optimizado para SEO y responsive.","robots":{"index":"index","follow":"follow","max-snippet":"max-snippet:-1","max-image-preview":"max-image-preview:large","max-video-preview":"max-video-preview:-1"},"canonical":"https:\/\/allwintheme.com\/es\/producto\/hiring-hub-staffing-agencies-wordpress-theme\/","og_locale":"es_ES","og_type":"article","og_title":"Hiring Hub \u2013 Staffing Agencies WordPress Theme","og_description":"Build a professional online presence with Hiring Hub, a versatile WordPress theme for staffing agencies, HR firms, and consultancies. Powered by Elementor, SEO-optimized, and responsive.","og_url":"https:\/\/allwintheme.com\/es\/producto\/hiring-hub-staffing-agencies-wordpress-theme\/","og_site_name":"AllWin Theme \u2013 Free WordPress Themes Download","article_modified_time":"2025-09-06T04:41:41+00:00","og_image":[{"width":590,"height":300,"url":"https:\/\/allwintheme.com\/wp-content\/uploads\/2025\/09\/w5qscjoq.png","type":"image\/png"}],"twitter_card":"summary_large_image","twitter_misc":{"Tiempo estimado de lectura":"3 minutos"},"schema":{"@context":"https:\/\/schema.org","@graph":[{"@type":"WebPage","@id":"https:\/\/allwintheme.com\/product\/hiring-hub-staffing-agencies-wordpress-theme\/","url":"https:\/\/allwintheme.com\/product\/hiring-hub-staffing-agencies-wordpress-theme\/","name":"Hiring Hub \u2013 Staffing Agencies WordPress Theme - AllWin Theme \u2013 Free WordPress Themes Download","isPartOf":{"@id":"https:\/\/allwintheme.com\/#website"},"primaryImageOfPage":{"@id":"https:\/\/allwintheme.com\/product\/hiring-hub-staffing-agencies-wordpress-theme\/#primaryimage"},"image":{"@id":"https:\/\/allwintheme.com\/product\/hiring-hub-staffing-agencies-wordpress-theme\/#primaryimage"},"thumbnailUrl":"https:\/\/allwintheme.com\/wp-content\/uploads\/2025\/09\/w5qscjoq.png","datePublished":"2025-09-06T04:37:18+00:00","dateModified":"2025-09-06T04:41:41+00:00","description":"Construye una presencia online profesional con Hiring Hub, un tema de WordPress vers\u00e1til para agencias de empleo, empresas de recursos humanos y consultor\u00edas. Desarrollado por Elementor, optimizado para SEO y responsive.","breadcrumb":{"@id":"https:\/\/allwintheme.com\/product\/hiring-hub-staffing-agencies-wordpress-theme\/#breadcrumb"},"inLanguage":"es-CL","potentialAction":[{"@type":"ReadAction","target":["https:\/\/allwintheme.com\/product\/hiring-hub-staffing-agencies-wordpress-theme\/"]}]},{"@type":"ImageObject","inLanguage":"es-CL","@id":"https:\/\/allwintheme.com\/product\/hiring-hub-staffing-agencies-wordpress-theme\/#primaryimage","url":"https:\/\/allwintheme.com\/wp-content\/uploads\/2025\/09\/w5qscjoq.png","contentUrl":"https:\/\/allwintheme.com\/wp-content\/uploads\/2025\/09\/w5qscjoq.png","width":590,"height":300,"caption":"Hiring Hub \u2013 Staffing Agencies WordPress Theme"},{"@type":"BreadcrumbList","@id":"https:\/\/allwintheme.com\/product\/hiring-hub-staffing-agencies-wordpress-theme\/#breadcrumb","itemListElement":[{"@type":"ListItem","position":1,"name":"Home","item":"https:\/\/allwintheme.com\/"},{"@type":"ListItem","position":2,"name":"Shop","item":"https:\/\/allwintheme.com\/shop\/"},{"@type":"ListItem","position":3,"name":"Hiring Hub \u2013 Staffing Agencies WordPress Theme"}]},{"@type":"WebSite","@id":"https:\/\/allwintheme.com\/#website","url":"https:\/\/allwintheme.com\/","name":"Allwintheme","description":"Descarga gratis temas de WordPress para todos los nichos. Blogs, negocios, comercio electr\u00f3nico, portafolio, restaurante y m\u00e1s. Todos los temas tienen licencia GPL y est\u00e1n preparados para dispositivos m\u00f3viles.","potentialAction":[{"@type":"SearchAction","target":{"@type":"EntryPoint","urlTemplate":"https:\/\/allwintheme.com\/?s={search_term_string}"},"query-input":{"@type":"PropertyValueSpecification","valueRequired":true,"valueName":"search_term_string"}}],"inLanguage":"es-CL"}]}},"_links":{"self":[{"href":"https:\/\/allwintheme.com\/es\/wp-json\/wp\/v2\/product\/5884","targetHints":{"allow":["GET"]}}],"collection":[{"href":"https:\/\/allwintheme.com\/es\/wp-json\/wp\/v2\/product"}],"about":[{"href":"https:\/\/allwintheme.com\/es\/wp-json\/wp\/v2\/types\/product"}],"replies":[{"embeddable":true,"href":"https:\/\/allwintheme.com\/es\/wp-json\/wp\/v2\/comments?post=5884"}],"version-history":[{"count":0,"href":"https:\/\/allwintheme.com\/es\/wp-json\/wp\/v2\/product\/5884\/revisions"}],"wp:featuredmedia":[{"embeddable":true,"href":"https:\/\/allwintheme.com\/es\/wp-json\/wp\/v2\/media\/5885"}],"wp:attachment":[{"href":"https:\/\/allwintheme.com\/es\/wp-json\/wp\/v2\/media?parent=5884"}],"wp:term":[{"taxonomy":"product_brand","embeddable":true,"href":"https:\/\/allwintheme.com\/es\/wp-json\/wp\/v2\/product_brand?post=5884"},{"taxonomy":"product_cat","embeddable":true,"href":"https:\/\/allwintheme.com\/es\/wp-json\/wp\/v2\/product_cat?post=5884"},{"taxonomy":"product_tag","embeddable":true,"href":"https:\/\/allwintheme.com\/es\/wp-json\/wp\/v2\/product_tag?post=5884"}],"curies":[{"name":"wp","href":"https:\/\/api.w.org\/{rel}","templated":true}]}}