{"id":5933,"date":"2025-09-06T05:18:20","date_gmt":"2025-09-06T05:18:20","guid":{"rendered":"https:\/\/allwintheme.com\/?post_type=product&#038;p=5933"},"modified":"2025-09-06T05:24:04","modified_gmt":"2025-09-06T05:24:04","slug":"verdantia-paisajismo-y-jardineria-wordpress-tema","status":"publish","type":"product","link":"https:\/\/allwintheme.com\/es\/producto\/verdantia-paisajismo-y-jardineria-wordpress-tema\/","title":{"rendered":"Verdantia - Paisajismo y Jard\u00edn WordPress Tema"},"content":{"rendered":"<div data-elementor-type=\"wp-post\" data-elementor-id=\"5933\" class=\"elementor elementor-5933\" data-elementor-settings=\"{&quot;element_pack_global_tooltip_width&quot;:{&quot;unit&quot;:&quot;px&quot;,&quot;size&quot;:&quot;&quot;,&quot;sizes&quot;:[]},&quot;element_pack_global_tooltip_width_tablet&quot;:{&quot;unit&quot;:&quot;px&quot;,&quot;size&quot;:&quot;&quot;,&quot;sizes&quot;:[]},&quot;element_pack_global_tooltip_width_mobile&quot;:{&quot;unit&quot;:&quot;px&quot;,&quot;size&quot;:&quot;&quot;,&quot;sizes&quot;:[]},&quot;element_pack_global_tooltip_padding&quot;:{&quot;unit&quot;:&quot;px&quot;,&quot;top&quot;:&quot;&quot;,&quot;right&quot;:&quot;&quot;,&quot;bottom&quot;:&quot;&quot;,&quot;left&quot;:&quot;&quot;,&quot;isLinked&quot;:true},&quot;element_pack_global_tooltip_padding_tablet&quot;:{&quot;unit&quot;:&quot;px&quot;,&quot;top&quot;:&quot;&quot;,&quot;right&quot;:&quot;&quot;,&quot;bottom&quot;:&quot;&quot;,&quot;left&quot;:&quot;&quot;,&quot;isLinked&quot;:true},&quot;element_pack_global_tooltip_padding_mobile&quot;:{&quot;unit&quot;:&quot;px&quot;,&quot;top&quot;:&quot;&quot;,&quot;right&quot;:&quot;&quot;,&quot;bottom&quot;:&quot;&quot;,&quot;left&quot;:&quot;&quot;,&quot;isLinked&quot;:true},&quot;element_pack_global_tooltip_border_radius&quot;:{&quot;unit&quot;:&quot;px&quot;,&quot;top&quot;:&quot;&quot;,&quot;right&quot;:&quot;&quot;,&quot;bottom&quot;:&quot;&quot;,&quot;left&quot;:&quot;&quot;,&quot;isLinked&quot;:true},&quot;element_pack_global_tooltip_border_radius_tablet&quot;:{&quot;unit&quot;:&quot;px&quot;,&quot;top&quot;:&quot;&quot;,&quot;right&quot;:&quot;&quot;,&quot;bottom&quot;:&quot;&quot;,&quot;left&quot;:&quot;&quot;,&quot;isLinked&quot;:true},&quot;element_pack_global_tooltip_border_radius_mobile&quot;:{&quot;unit&quot;:&quot;px&quot;,&quot;top&quot;:&quot;&quot;,&quot;right&quot;:&quot;&quot;,&quot;bottom&quot;:&quot;&quot;,&quot;left&quot;:&quot;&quot;,&quot;isLinked&quot;:true}}\" data-elementor-post-type=\"product\">\n\t\t\t\t<div class=\"elementor-element elementor-element-93aa4a8 e-con-full e-flex e-con e-parent\" data-id=\"93aa4a8\" data-element_type=\"container\" data-e-type=\"container\">\n\t\t\t\t<div class=\"elementor-element elementor-element-2c3f760 miaoshu elementor-widget elementor-widget-wd_text_block\" data-id=\"2c3f760\" data-element_type=\"widget\" data-e-type=\"widget\" data-widget_type=\"wd_text_block.default\">\n\t\t\t\t<div class=\"elementor-widget-container\">\n\t\t\t\t\t\t\t<div class=\"wd-text-block reset-last-child text-left\">\n\t\t\t\n\t\t\t<h2>Verdantia - Cree su sitio web de paisajismo perfecto<\/h2>\n<p>Verdantia es un tema premium de WordPress dise\u00f1ado para jardineros, paisajistas, floristas y profesionales del dise\u00f1o de exteriores. Tanto si quieres mostrar tu portafolio como vender servicios de jardiner\u00eda online, Verdantia ofrece un sitio web visualmente impresionante, f\u00e1cil de usar y totalmente personalizable, sin necesidad de conocimientos de programaci\u00f3n.<\/p>\n\n<h3>\u00bfPor qu\u00e9 Verdantia?<\/h3>\n<p>Dise\u00f1ado pensando en las empresas de paisajismo y jardiner\u00eda, Verdantia combina belleza y funcionalidad. Sus caracter\u00edsticas intuitivas y las integraciones sin fisuras hacen que sea f\u00e1cil crear un sitio web profesional que se destaque. Desde portafolios vibrantes a capacidades de comercio electr\u00f3nico, Verdantia tiene todo lo que necesita para hacer crecer su presencia en l\u00ednea.<\/p>\n\n<h3>Caracter\u00edsticas principales<\/h3>\n<ul>\n  <li><strong>Edici\u00f3n visual con Beaver Builder:<\/strong> Cree y personalice su sitio sin esfuerzo con la funci\u00f3n de arrastrar y soltar, sin necesidad de codificaci\u00f3n.<\/li>\n  <li><strong>Importaci\u00f3n de demostraciones con un solo clic:<\/strong> Lance su sitio web r\u00e1pidamente importando plantillas predise\u00f1adas con un solo clic.<\/li>\n  <li><strong>Slider Revolution Incluido:<\/strong> Crea impresionantes sliders con este plugin premium (valorado en $25) sin coste adicional.<\/li>\n  <li><strong>Dise\u00f1o totalmente adaptable:<\/strong> Su sitio se ver\u00e1 impecable en m\u00f3viles, tabletas y ordenadores de sobremesa.<\/li>\n  <li><strong>Integraci\u00f3n con WooCommerce:<\/strong> Cree una tienda en l\u00ednea para vender productos o servicios de jardiner\u00eda con facilidad.<\/li>\n  <li><strong>Opciones de portafolio y galer\u00eda:<\/strong> Muestra tu trabajo con m\u00e1s de 10 dise\u00f1os de portafolios y galer\u00edas.<\/li>\n  <li><strong>Personalizaci\u00f3n avanzada:<\/strong> Acceda a un s\u00f3lido panel de opciones, m\u00e1s de 1200 iconos y m\u00e1s de 600 Google Fonts para hacer que su sitio sea \u00fanico.<\/li>\n  <li><strong>Multiling\u00fce y preparado para WPML:<\/strong> Traduzca su sitio f\u00e1cilmente con compatibilidad total con WPML para un alcance global.<\/li>\n  <li><strong>Visuales din\u00e1micos:<\/strong> A\u00f1ada fondos de v\u00eddeo, secciones parallax y animaciones de precarga personalizables para conseguir un aspecto moderno.<\/li>\n  <li><strong>Compatibilidad con Google Maps:<\/strong> Muestre varias ubicaciones con Google Maps integrado para facilitar la navegaci\u00f3n de los clientes.<\/li>\n  <li><strong>Mega men\u00fas y transiciones fluidas:<\/strong> Mejore la experiencia del usuario con men\u00fas din\u00e1micos y transiciones de p\u00e1gina fluidas.<\/li>\n  <li><strong>Integraci\u00f3n de Mailchimp y Ninja Forms:<\/strong> Construya su lista de correo electr\u00f3nico y cree formularios personalizados sin esfuerzo.<\/li>\n<\/ul>\n\n<h3>Apoyo y recursos<\/h3>\n<p>Verdantia le asegura que nunca estar\u00e1 solo en la construcci\u00f3n del sitio web de sus sue\u00f1os. Con acceso a m\u00e1s de 23 tutoriales en v\u00eddeo y m\u00e1s de 100 art\u00edculos de ayuda, tendr\u00e1 toda la orientaci\u00f3n que necesita. Disfrute de un soporte r\u00e1pido y fiable y actualizaciones gratuitas de por vida para mantener su sitio funcionando sin problemas.<\/p>\n\n<h3>Perfecto para cualquier negocio de paisajismo<\/h3>\n<p>Si usted es un jardinero en solitario, una empresa de jardiner\u00eda o una florister\u00eda, Verdantia le permite crear un sitio web profesional y atractivo que refleje su marca. Empiece a construir hoy y haga realidad su visi\u00f3n.<\/p>\n\t\t\t\t\t<\/div>\n\t\t\t\t\t\t<\/div>\n\t\t\t\t<\/div>\n\t\t\t\t<\/div>\n\t\t\t\t<\/div>","protected":false},"excerpt":{"rendered":"<p>Verdantia \u2013 Craft Your Perfect Landscaping Website Verdantia is a premium WordPress theme tailored for gardeners, landscapers, florists, and outdoor<\/p>","protected":false},"featured_media":5934,"comment_status":"open","ping_status":"closed","template":"","meta":{"_acf_changed":false},"product_brand":[],"product_cat":[48],"product_tag":[],"class_list":{"0":"post-5933","1":"product","2":"type-product","3":"status-publish","4":"has-post-thumbnail","6":"product_cat-themes","8":"first","9":"instock","10":"sale","11":"downloadable","12":"shipping-taxable","13":"purchasable","14":"product-type-simple"},"acf":[],"yoast_head":"<!-- This site is optimized with the Yoast SEO Premium plugin v25.6 (Yoast SEO v27.1.1) - https:\/\/yoast.com\/product\/yoast-seo-premium-wordpress\/ -->\n<title>Verdantia \u2013 Landscaping &amp; Garden WordPress Theme - AllWin Theme \u2013 Free WordPress Themes Download<\/title>\n<meta name=\"description\" content=\"Verdantia is a customizable WordPress theme for landscapers and gardeners, featuring Beaver Builder, WooCommerce, and responsive design. Launch your site easily!\" \/>\n<meta name=\"robots\" content=\"index, follow, max-snippet:-1, max-image-preview:large, max-video-preview:-1\" \/>\n<link rel=\"canonical\" href=\"https:\/\/allwintheme.com\/es\/producto\/verdantia-paisajismo-y-jardineria-wordpress-tema\/\" \/>\n<meta property=\"og:locale\" content=\"es_ES\" \/>\n<meta property=\"og:type\" content=\"article\" \/>\n<meta property=\"og:title\" content=\"Verdantia \u2013 Landscaping &amp; Garden WordPress Theme\" \/>\n<meta property=\"og:description\" content=\"Verdantia is a customizable WordPress theme for landscapers and gardeners, featuring Beaver Builder, WooCommerce, and responsive design. Launch your site easily!\" \/>\n<meta property=\"og:url\" content=\"https:\/\/allwintheme.com\/es\/producto\/verdantia-paisajismo-y-jardineria-wordpress-tema\/\" \/>\n<meta property=\"og:site_name\" content=\"AllWin Theme \u2013 Free WordPress Themes Download\" \/>\n<meta property=\"article:modified_time\" content=\"2025-09-06T05:24:04+00:00\" \/>\n<meta property=\"og:image\" content=\"https:\/\/allwintheme.com\/wp-content\/uploads\/2025\/09\/mba3m7tb.png\" \/>\n\t<meta property=\"og:image:width\" content=\"590\" \/>\n\t<meta property=\"og:image:height\" content=\"300\" \/>\n\t<meta property=\"og:image:type\" content=\"image\/png\" \/>\n<meta name=\"twitter:card\" content=\"summary_large_image\" \/>\n<meta name=\"twitter:label1\" content=\"Tiempo estimado de lectura\" \/>\n\t<meta name=\"twitter:data1\" content=\"3 minutos\" \/>\n<script type=\"application\/ld+json\" class=\"yoast-schema-graph\">{\"@context\":\"https:\/\/schema.org\",\"@graph\":[{\"@type\":\"WebPage\",\"@id\":\"https:\/\/allwintheme.com\/product\/verdantia-landscaping-and-garden-wordpress-theme\/\",\"url\":\"https:\/\/allwintheme.com\/product\/verdantia-landscaping-and-garden-wordpress-theme\/\",\"name\":\"Verdantia \u2013 Landscaping & Garden WordPress Theme - AllWin Theme \u2013 Free WordPress Themes Download\",\"isPartOf\":{\"@id\":\"https:\/\/allwintheme.com\/#website\"},\"primaryImageOfPage\":{\"@id\":\"https:\/\/allwintheme.com\/product\/verdantia-landscaping-and-garden-wordpress-theme\/#primaryimage\"},\"image\":{\"@id\":\"https:\/\/allwintheme.com\/product\/verdantia-landscaping-and-garden-wordpress-theme\/#primaryimage\"},\"thumbnailUrl\":\"https:\/\/allwintheme.com\/wp-content\/uploads\/2025\/09\/mba3m7tb.png\",\"datePublished\":\"2025-09-06T05:18:20+00:00\",\"dateModified\":\"2025-09-06T05:24:04+00:00\",\"description\":\"Verdantia is a customizable WordPress theme for landscapers and gardeners, featuring Beaver Builder, WooCommerce, and responsive design. Launch your site easily!\",\"breadcrumb\":{\"@id\":\"https:\/\/allwintheme.com\/product\/verdantia-landscaping-and-garden-wordpress-theme\/#breadcrumb\"},\"inLanguage\":\"es-CL\",\"potentialAction\":[{\"@type\":\"ReadAction\",\"target\":[\"https:\/\/allwintheme.com\/product\/verdantia-landscaping-and-garden-wordpress-theme\/\"]}]},{\"@type\":\"ImageObject\",\"inLanguage\":\"es-CL\",\"@id\":\"https:\/\/allwintheme.com\/product\/verdantia-landscaping-and-garden-wordpress-theme\/#primaryimage\",\"url\":\"https:\/\/allwintheme.com\/wp-content\/uploads\/2025\/09\/mba3m7tb.png\",\"contentUrl\":\"https:\/\/allwintheme.com\/wp-content\/uploads\/2025\/09\/mba3m7tb.png\",\"width\":590,\"height\":300,\"caption\":\"Verdantia \u2013 Landscaping and Garden WordPress Theme\"},{\"@type\":\"BreadcrumbList\",\"@id\":\"https:\/\/allwintheme.com\/product\/verdantia-landscaping-and-garden-wordpress-theme\/#breadcrumb\",\"itemListElement\":[{\"@type\":\"ListItem\",\"position\":1,\"name\":\"Home\",\"item\":\"https:\/\/allwintheme.com\/\"},{\"@type\":\"ListItem\",\"position\":2,\"name\":\"Shop\",\"item\":\"https:\/\/allwintheme.com\/shop\/\"},{\"@type\":\"ListItem\",\"position\":3,\"name\":\"Verdantia \u2013 Landscaping &#038; Garden WordPress Theme\"}]},{\"@type\":\"WebSite\",\"@id\":\"https:\/\/allwintheme.com\/#website\",\"url\":\"https:\/\/allwintheme.com\/\",\"name\":\"Allwintheme\",\"description\":\"Download free WordPress themes for every niche. Blogs, business, eCommerce, portfolio, restaurant and more. All themes are GPL licensed and mobile-ready.\",\"potentialAction\":[{\"@type\":\"SearchAction\",\"target\":{\"@type\":\"EntryPoint\",\"urlTemplate\":\"https:\/\/allwintheme.com\/?s={search_term_string}\"},\"query-input\":{\"@type\":\"PropertyValueSpecification\",\"valueRequired\":true,\"valueName\":\"search_term_string\"}}],\"inLanguage\":\"es-CL\"}]}<\/script>\n<!-- \/ Yoast SEO Premium plugin. -->","yoast_head_json":{"title":"Verdantia - Landscaping &amp; Garden WordPress Theme - AllWin Theme - Free WordPress Themes Download","description":"Verdantia es un tema de WordPress personalizable para paisajistas y jardineros, con Beaver Builder, WooCommerce y dise\u00f1o responsivo. \u00a1Lanza tu sitio f\u00e1cilmente!","robots":{"index":"index","follow":"follow","max-snippet":"max-snippet:-1","max-image-preview":"max-image-preview:large","max-video-preview":"max-video-preview:-1"},"canonical":"https:\/\/allwintheme.com\/es\/producto\/verdantia-paisajismo-y-jardineria-wordpress-tema\/","og_locale":"es_ES","og_type":"article","og_title":"Verdantia \u2013 Landscaping & Garden WordPress Theme","og_description":"Verdantia is a customizable WordPress theme for landscapers and gardeners, featuring Beaver Builder, WooCommerce, and responsive design. Launch your site easily!","og_url":"https:\/\/allwintheme.com\/es\/producto\/verdantia-paisajismo-y-jardineria-wordpress-tema\/","og_site_name":"AllWin Theme \u2013 Free WordPress Themes Download","article_modified_time":"2025-09-06T05:24:04+00:00","og_image":[{"width":590,"height":300,"url":"https:\/\/allwintheme.com\/wp-content\/uploads\/2025\/09\/mba3m7tb.png","type":"image\/png"}],"twitter_card":"summary_large_image","twitter_misc":{"Tiempo estimado de lectura":"3 minutos"},"schema":{"@context":"https:\/\/schema.org","@graph":[{"@type":"WebPage","@id":"https:\/\/allwintheme.com\/product\/verdantia-landscaping-and-garden-wordpress-theme\/","url":"https:\/\/allwintheme.com\/product\/verdantia-landscaping-and-garden-wordpress-theme\/","name":"Verdantia - Landscaping &amp; Garden WordPress Theme - AllWin Theme - Free WordPress Themes Download","isPartOf":{"@id":"https:\/\/allwintheme.com\/#website"},"primaryImageOfPage":{"@id":"https:\/\/allwintheme.com\/product\/verdantia-landscaping-and-garden-wordpress-theme\/#primaryimage"},"image":{"@id":"https:\/\/allwintheme.com\/product\/verdantia-landscaping-and-garden-wordpress-theme\/#primaryimage"},"thumbnailUrl":"https:\/\/allwintheme.com\/wp-content\/uploads\/2025\/09\/mba3m7tb.png","datePublished":"2025-09-06T05:18:20+00:00","dateModified":"2025-09-06T05:24:04+00:00","description":"Verdantia es un tema de WordPress personalizable para paisajistas y jardineros, con Beaver Builder, WooCommerce y dise\u00f1o responsivo. \u00a1Lanza tu sitio f\u00e1cilmente!","breadcrumb":{"@id":"https:\/\/allwintheme.com\/product\/verdantia-landscaping-and-garden-wordpress-theme\/#breadcrumb"},"inLanguage":"es-CL","potentialAction":[{"@type":"ReadAction","target":["https:\/\/allwintheme.com\/product\/verdantia-landscaping-and-garden-wordpress-theme\/"]}]},{"@type":"ImageObject","inLanguage":"es-CL","@id":"https:\/\/allwintheme.com\/product\/verdantia-landscaping-and-garden-wordpress-theme\/#primaryimage","url":"https:\/\/allwintheme.com\/wp-content\/uploads\/2025\/09\/mba3m7tb.png","contentUrl":"https:\/\/allwintheme.com\/wp-content\/uploads\/2025\/09\/mba3m7tb.png","width":590,"height":300,"caption":"Verdantia \u2013 Landscaping and Garden WordPress Theme"},{"@type":"BreadcrumbList","@id":"https:\/\/allwintheme.com\/product\/verdantia-landscaping-and-garden-wordpress-theme\/#breadcrumb","itemListElement":[{"@type":"ListItem","position":1,"name":"Home","item":"https:\/\/allwintheme.com\/"},{"@type":"ListItem","position":2,"name":"Shop","item":"https:\/\/allwintheme.com\/shop\/"},{"@type":"ListItem","position":3,"name":"Verdantia \u2013 Landscaping &#038; Garden WordPress Theme"}]},{"@type":"WebSite","@id":"https:\/\/allwintheme.com\/#website","url":"https:\/\/allwintheme.com\/","name":"Allwintheme","description":"Descarga gratis temas de WordPress para todos los nichos. Blogs, negocios, comercio electr\u00f3nico, portafolio, restaurante y m\u00e1s. Todos los temas tienen licencia GPL y est\u00e1n preparados para dispositivos m\u00f3viles.","potentialAction":[{"@type":"SearchAction","target":{"@type":"EntryPoint","urlTemplate":"https:\/\/allwintheme.com\/?s={search_term_string}"},"query-input":{"@type":"PropertyValueSpecification","valueRequired":true,"valueName":"search_term_string"}}],"inLanguage":"es-CL"}]}},"_links":{"self":[{"href":"https:\/\/allwintheme.com\/es\/wp-json\/wp\/v2\/product\/5933","targetHints":{"allow":["GET"]}}],"collection":[{"href":"https:\/\/allwintheme.com\/es\/wp-json\/wp\/v2\/product"}],"about":[{"href":"https:\/\/allwintheme.com\/es\/wp-json\/wp\/v2\/types\/product"}],"replies":[{"embeddable":true,"href":"https:\/\/allwintheme.com\/es\/wp-json\/wp\/v2\/comments?post=5933"}],"version-history":[{"count":0,"href":"https:\/\/allwintheme.com\/es\/wp-json\/wp\/v2\/product\/5933\/revisions"}],"wp:featuredmedia":[{"embeddable":true,"href":"https:\/\/allwintheme.com\/es\/wp-json\/wp\/v2\/media\/5934"}],"wp:attachment":[{"href":"https:\/\/allwintheme.com\/es\/wp-json\/wp\/v2\/media?parent=5933"}],"wp:term":[{"taxonomy":"product_brand","embeddable":true,"href":"https:\/\/allwintheme.com\/es\/wp-json\/wp\/v2\/product_brand?post=5933"},{"taxonomy":"product_cat","embeddable":true,"href":"https:\/\/allwintheme.com\/es\/wp-json\/wp\/v2\/product_cat?post=5933"},{"taxonomy":"product_tag","embeddable":true,"href":"https:\/\/allwintheme.com\/es\/wp-json\/wp\/v2\/product_tag?post=5933"}],"curies":[{"name":"wp","href":"https:\/\/api.w.org\/{rel}","templated":true}]}}