{"id":5940,"date":"2025-09-06T05:24:40","date_gmt":"2025-09-06T05:24:40","guid":{"rendered":"https:\/\/allwintheme.com\/?post_type=product&#038;p=5940"},"modified":"2025-09-06T05:29:49","modified_gmt":"2025-09-06T05:29:49","slug":"istiqbal-islamic-center-mosque-wordpress-theme","status":"publish","type":"product","link":"https:\/\/allwintheme.com\/es\/producto\/istiqbal-islamic-center-mosque-wordpress-theme\/","title":{"rendered":"Istiqbal - Centro Isl\u00e1mico y Mezquita WordPress Tema"},"content":{"rendered":"<div data-elementor-type=\"wp-post\" data-elementor-id=\"5940\" class=\"elementor elementor-5940\" data-elementor-settings=\"{&quot;element_pack_global_tooltip_width&quot;:{&quot;unit&quot;:&quot;px&quot;,&quot;size&quot;:&quot;&quot;,&quot;sizes&quot;:[]},&quot;element_pack_global_tooltip_width_tablet&quot;:{&quot;unit&quot;:&quot;px&quot;,&quot;size&quot;:&quot;&quot;,&quot;sizes&quot;:[]},&quot;element_pack_global_tooltip_width_mobile&quot;:{&quot;unit&quot;:&quot;px&quot;,&quot;size&quot;:&quot;&quot;,&quot;sizes&quot;:[]},&quot;element_pack_global_tooltip_padding&quot;:{&quot;unit&quot;:&quot;px&quot;,&quot;top&quot;:&quot;&quot;,&quot;right&quot;:&quot;&quot;,&quot;bottom&quot;:&quot;&quot;,&quot;left&quot;:&quot;&quot;,&quot;isLinked&quot;:true},&quot;element_pack_global_tooltip_padding_tablet&quot;:{&quot;unit&quot;:&quot;px&quot;,&quot;top&quot;:&quot;&quot;,&quot;right&quot;:&quot;&quot;,&quot;bottom&quot;:&quot;&quot;,&quot;left&quot;:&quot;&quot;,&quot;isLinked&quot;:true},&quot;element_pack_global_tooltip_padding_mobile&quot;:{&quot;unit&quot;:&quot;px&quot;,&quot;top&quot;:&quot;&quot;,&quot;right&quot;:&quot;&quot;,&quot;bottom&quot;:&quot;&quot;,&quot;left&quot;:&quot;&quot;,&quot;isLinked&quot;:true},&quot;element_pack_global_tooltip_border_radius&quot;:{&quot;unit&quot;:&quot;px&quot;,&quot;top&quot;:&quot;&quot;,&quot;right&quot;:&quot;&quot;,&quot;bottom&quot;:&quot;&quot;,&quot;left&quot;:&quot;&quot;,&quot;isLinked&quot;:true},&quot;element_pack_global_tooltip_border_radius_tablet&quot;:{&quot;unit&quot;:&quot;px&quot;,&quot;top&quot;:&quot;&quot;,&quot;right&quot;:&quot;&quot;,&quot;bottom&quot;:&quot;&quot;,&quot;left&quot;:&quot;&quot;,&quot;isLinked&quot;:true},&quot;element_pack_global_tooltip_border_radius_mobile&quot;:{&quot;unit&quot;:&quot;px&quot;,&quot;top&quot;:&quot;&quot;,&quot;right&quot;:&quot;&quot;,&quot;bottom&quot;:&quot;&quot;,&quot;left&quot;:&quot;&quot;,&quot;isLinked&quot;:true}}\" data-elementor-post-type=\"product\">\n\t\t\t\t<div class=\"elementor-element elementor-element-93aa4a8 e-con-full e-flex e-con e-parent\" data-id=\"93aa4a8\" data-element_type=\"container\" data-e-type=\"container\">\n\t\t\t\t<div class=\"elementor-element elementor-element-2c3f760 miaoshu elementor-widget elementor-widget-wd_text_block\" data-id=\"2c3f760\" data-element_type=\"widget\" data-e-type=\"widget\" data-widget_type=\"wd_text_block.default\">\n\t\t\t\t<div class=\"elementor-widget-container\">\n\t\t\t\t\t\t\t<div class=\"wd-text-block reset-last-child text-left\">\n\t\t\t\n\t\t\t<h2>Istiqbal - Un moderno tema de WordPress para centros isl\u00e1micos<\/h2>\n<p>Istiqbal es un tema de WordPress sofisticado y vers\u00e1til creado espec\u00edficamente para mezquitas, centros isl\u00e1micos y organizaciones religiosas. Con su dise\u00f1o limpio y profesional y su funcionalidad intuitiva, Istiqbal garantiza una experiencia excepcional tanto para los visitantes como para los administradores. Construido con el potente constructor visual Elementor, le permite personalizar cada secci\u00f3n sin esfuerzo, sin necesidad de conocimientos de codificaci\u00f3n.<\/p>\n\n<h3>Personalizaci\u00f3n perfecta para su comunidad<\/h3>\n<p>Istiqbal viene equipado con un avanzado panel de opciones de tema, que le permite adaptar el dise\u00f1o para reflejar la identidad \u00fanica de su comunidad. Desde combinaciones de colores ilimitadas hasta tipograf\u00eda avanzada, puedes crear un sitio web personal y profesional. El tema se basa en Bootstrap 5.x, lo que garantiza un dise\u00f1o perfecto que se ve impresionante en cualquier dispositivo.<\/p>\n\n<h3>Funciones potentes para una mayor funcionalidad<\/h3>\n<p>Istiqbal est\u00e1 repleto de funciones para satisfacer las necesidades de los centros isl\u00e1micos. Incluye una perfecta integraci\u00f3n con GiveWP, un plugin l\u00edder en donaciones, lo que facilita la recaudaci\u00f3n de contribuciones en l\u00ednea de forma segura. El tema tambi\u00e9n admite Contact Form 7 para agilizar la comunicaci\u00f3n y Google Maps para mostrar m\u00faltiples ubicaciones con facilidad.<\/p>\n\n<h3>Caracter\u00edsticas principales<\/h3>\n<ul>\n    <li>Tres estilos \u00fanicos de p\u00e1gina de inicio<\/li>\n    <li>Dise\u00f1ado espec\u00edficamente para centros isl\u00e1micos y mezquitas<\/li>\n    <li>Panel de opciones del tema f\u00e1cil de usar<\/li>\n    <li>Personalizaci\u00f3n visual con Elementor<\/li>\n    <li>Instalaci\u00f3n de la demo con un solo clic<\/li>\n    <li>100% dise\u00f1o adaptable<\/li>\n    <li>Men\u00fa adhesivo al desplazarse<\/li>\n    <li>Compatibilidad con iconos Flaticon<\/li>\n    <li>Est\u00e9tica limpia y profesional<\/li>\n    <li>Compatibilidad entre navegadores (Edge, Firefox, Safari, Chrome, Opera)<\/li>\n    <li>Personalizaci\u00f3n ilimitada de colores<\/li>\n    <li>Opciones tipogr\u00e1ficas avanzadas<\/li>\n    <li>Dise\u00f1o perfecto<\/li>\n    <li>Basado en Bootstrap 5.x<\/li>\n    <li>Integraci\u00f3n de Google Maps con soporte multilocalizaci\u00f3n<\/li>\n    <li>Animaciones de navegaci\u00f3n fluidas<\/li>\n    <li>Actualizaciones gratuitas de por vida<\/li>\n    <li>Documentaci\u00f3n exhaustiva<\/li>\n<\/ul>\n\n<h3>\u00bfPor qu\u00e9 elegir Istiqbal?<\/h3>\n<p>Con su dise\u00f1o adaptable, sus animaciones fluidas y su est\u00e9tica profesional, Istiqbal es la opci\u00f3n perfecta para crear una presencia en l\u00ednea acogedora para su centro isl\u00e1mico o mezquita. Ya sea para mostrar eventos, compartir recursos o recaudar donaciones, Istiqbal lo hace sencillo y eficaz. Adem\u00e1s, con actualizaciones gratuitas de por vida y documentaci\u00f3n detallada, su sitio web se mantendr\u00e1 al d\u00eda y ser\u00e1 f\u00e1cil de gestionar.<\/p>\n\n<h3>M\u00e1s funciones en camino<\/h3>\n<p>Istiqbal est\u00e1 en continua evoluci\u00f3n, con nuevas y emocionantes caracter\u00edsticas previstas para futuras actualizaciones. Cree hoy mismo un sitio web vibrante y atractivo para su comunidad con Istiqbal.<\/p>\n\t\t\t\t\t<\/div>\n\t\t\t\t\t\t<\/div>\n\t\t\t\t<\/div>\n\t\t\t\t<\/div>\n\t\t\t\t<\/div>","protected":false},"excerpt":{"rendered":"<p>Istiqbal - Un moderno tema de WordPress para centros isl\u00e1micos Istiqbal es un tema de WordPress sofisticado y vers\u00e1til dise\u00f1ado espec\u00edficamente para centros isl\u00e1micos.<\/p>","protected":false},"featured_media":5941,"comment_status":"open","ping_status":"closed","template":"","meta":{"_acf_changed":false},"product_brand":[],"product_cat":[48],"product_tag":[],"class_list":{"0":"post-5940","1":"product","2":"type-product","3":"status-publish","4":"has-post-thumbnail","6":"product_cat-themes","8":"first","9":"instock","10":"sale","11":"downloadable","12":"shipping-taxable","13":"purchasable","14":"product-type-simple"},"acf":[],"yoast_head":"<!-- This site is optimized with the Yoast SEO Premium plugin v25.6 (Yoast SEO v27.1.1) - https:\/\/yoast.com\/product\/yoast-seo-premium-wordpress\/ -->\n<title>Istiqbal \u2013 Islamic Center &amp; Mosque WordPress Theme - AllWin Theme \u2013 Free WordPress Themes Download<\/title>\n<meta name=\"description\" content=\"Istiqbal is a modern, responsive WordPress theme for mosques and Islamic centers, featuring Elementor builder, GiveWP integration, and easy customization.\" \/>\n<meta name=\"robots\" content=\"index, follow, max-snippet:-1, max-image-preview:large, max-video-preview:-1\" \/>\n<link rel=\"canonical\" href=\"https:\/\/allwintheme.com\/es\/producto\/istiqbal-islamic-center-mosque-wordpress-theme\/\" \/>\n<meta property=\"og:locale\" content=\"es_ES\" \/>\n<meta property=\"og:type\" content=\"article\" \/>\n<meta property=\"og:title\" content=\"Istiqbal \u2013 Islamic Center &amp; Mosque WordPress Theme\" \/>\n<meta property=\"og:description\" content=\"Istiqbal is a modern, responsive WordPress theme for mosques and Islamic centers, featuring Elementor builder, GiveWP integration, and easy customization.\" \/>\n<meta property=\"og:url\" content=\"https:\/\/allwintheme.com\/es\/producto\/istiqbal-islamic-center-mosque-wordpress-theme\/\" \/>\n<meta property=\"og:site_name\" content=\"AllWin Theme \u2013 Free WordPress Themes Download\" \/>\n<meta property=\"article:modified_time\" content=\"2025-09-06T05:29:49+00:00\" \/>\n<meta property=\"og:image\" content=\"https:\/\/allwintheme.com\/wp-content\/uploads\/2025\/09\/8hiwg5g1.png\" \/>\n\t<meta property=\"og:image:width\" content=\"590\" \/>\n\t<meta property=\"og:image:height\" content=\"300\" \/>\n\t<meta property=\"og:image:type\" content=\"image\/png\" \/>\n<meta name=\"twitter:card\" content=\"summary_large_image\" \/>\n<meta name=\"twitter:label1\" content=\"Tiempo estimado de lectura\" \/>\n\t<meta name=\"twitter:data1\" content=\"3 minutos\" \/>\n<script type=\"application\/ld+json\" class=\"yoast-schema-graph\">{\"@context\":\"https:\/\/schema.org\",\"@graph\":[{\"@type\":\"WebPage\",\"@id\":\"https:\/\/allwintheme.com\/product\/istiqbal-islamic-center-mosque-wordpress-theme\/\",\"url\":\"https:\/\/allwintheme.com\/product\/istiqbal-islamic-center-mosque-wordpress-theme\/\",\"name\":\"Istiqbal \u2013 Islamic Center & Mosque WordPress Theme - AllWin Theme \u2013 Free WordPress Themes Download\",\"isPartOf\":{\"@id\":\"https:\/\/allwintheme.com\/#website\"},\"primaryImageOfPage\":{\"@id\":\"https:\/\/allwintheme.com\/product\/istiqbal-islamic-center-mosque-wordpress-theme\/#primaryimage\"},\"image\":{\"@id\":\"https:\/\/allwintheme.com\/product\/istiqbal-islamic-center-mosque-wordpress-theme\/#primaryimage\"},\"thumbnailUrl\":\"https:\/\/allwintheme.com\/wp-content\/uploads\/2025\/09\/8hiwg5g1.png\",\"datePublished\":\"2025-09-06T05:24:40+00:00\",\"dateModified\":\"2025-09-06T05:29:49+00:00\",\"description\":\"Istiqbal is a modern, responsive WordPress theme for mosques and Islamic centers, featuring Elementor builder, GiveWP integration, and easy customization.\",\"breadcrumb\":{\"@id\":\"https:\/\/allwintheme.com\/product\/istiqbal-islamic-center-mosque-wordpress-theme\/#breadcrumb\"},\"inLanguage\":\"es-CL\",\"potentialAction\":[{\"@type\":\"ReadAction\",\"target\":[\"https:\/\/allwintheme.com\/product\/istiqbal-islamic-center-mosque-wordpress-theme\/\"]}]},{\"@type\":\"ImageObject\",\"inLanguage\":\"es-CL\",\"@id\":\"https:\/\/allwintheme.com\/product\/istiqbal-islamic-center-mosque-wordpress-theme\/#primaryimage\",\"url\":\"https:\/\/allwintheme.com\/wp-content\/uploads\/2025\/09\/8hiwg5g1.png\",\"contentUrl\":\"https:\/\/allwintheme.com\/wp-content\/uploads\/2025\/09\/8hiwg5g1.png\",\"width\":590,\"height\":300,\"caption\":\"Istiqbal \u2013 Islamic Center & Mosque WordPress Theme\"},{\"@type\":\"BreadcrumbList\",\"@id\":\"https:\/\/allwintheme.com\/product\/istiqbal-islamic-center-mosque-wordpress-theme\/#breadcrumb\",\"itemListElement\":[{\"@type\":\"ListItem\",\"position\":1,\"name\":\"Home\",\"item\":\"https:\/\/allwintheme.com\/\"},{\"@type\":\"ListItem\",\"position\":2,\"name\":\"Shop\",\"item\":\"https:\/\/allwintheme.com\/shop\/\"},{\"@type\":\"ListItem\",\"position\":3,\"name\":\"Istiqbal \u2013 Islamic Center &#038; Mosque WordPress Theme\"}]},{\"@type\":\"WebSite\",\"@id\":\"https:\/\/allwintheme.com\/#website\",\"url\":\"https:\/\/allwintheme.com\/\",\"name\":\"Allwintheme\",\"description\":\"Download free WordPress themes for every niche. Blogs, business, eCommerce, portfolio, restaurant and more. All themes are GPL licensed and mobile-ready.\",\"potentialAction\":[{\"@type\":\"SearchAction\",\"target\":{\"@type\":\"EntryPoint\",\"urlTemplate\":\"https:\/\/allwintheme.com\/?s={search_term_string}\"},\"query-input\":{\"@type\":\"PropertyValueSpecification\",\"valueRequired\":true,\"valueName\":\"search_term_string\"}}],\"inLanguage\":\"es-CL\"}]}<\/script>\n<!-- \/ Yoast SEO Premium plugin. -->","yoast_head_json":{"title":"Istiqbal - Islamic Center &amp; Mosque WordPress Theme - AllWin Theme - Free WordPress Themes Download","description":"Istiqbal es un tema de WordPress moderno y adaptable para mezquitas y centros isl\u00e1micos, con constructor Elementor, integraci\u00f3n con GiveWP y f\u00e1cil personalizaci\u00f3n.","robots":{"index":"index","follow":"follow","max-snippet":"max-snippet:-1","max-image-preview":"max-image-preview:large","max-video-preview":"max-video-preview:-1"},"canonical":"https:\/\/allwintheme.com\/es\/producto\/istiqbal-islamic-center-mosque-wordpress-theme\/","og_locale":"es_ES","og_type":"article","og_title":"Istiqbal \u2013 Islamic Center & Mosque WordPress Theme","og_description":"Istiqbal is a modern, responsive WordPress theme for mosques and Islamic centers, featuring Elementor builder, GiveWP integration, and easy customization.","og_url":"https:\/\/allwintheme.com\/es\/producto\/istiqbal-islamic-center-mosque-wordpress-theme\/","og_site_name":"AllWin Theme \u2013 Free WordPress Themes Download","article_modified_time":"2025-09-06T05:29:49+00:00","og_image":[{"width":590,"height":300,"url":"https:\/\/allwintheme.com\/wp-content\/uploads\/2025\/09\/8hiwg5g1.png","type":"image\/png"}],"twitter_card":"summary_large_image","twitter_misc":{"Tiempo estimado de lectura":"3 minutos"},"schema":{"@context":"https:\/\/schema.org","@graph":[{"@type":"WebPage","@id":"https:\/\/allwintheme.com\/product\/istiqbal-islamic-center-mosque-wordpress-theme\/","url":"https:\/\/allwintheme.com\/product\/istiqbal-islamic-center-mosque-wordpress-theme\/","name":"Istiqbal - Islamic Center &amp; Mosque WordPress Theme - AllWin Theme - Free WordPress Themes Download","isPartOf":{"@id":"https:\/\/allwintheme.com\/#website"},"primaryImageOfPage":{"@id":"https:\/\/allwintheme.com\/product\/istiqbal-islamic-center-mosque-wordpress-theme\/#primaryimage"},"image":{"@id":"https:\/\/allwintheme.com\/product\/istiqbal-islamic-center-mosque-wordpress-theme\/#primaryimage"},"thumbnailUrl":"https:\/\/allwintheme.com\/wp-content\/uploads\/2025\/09\/8hiwg5g1.png","datePublished":"2025-09-06T05:24:40+00:00","dateModified":"2025-09-06T05:29:49+00:00","description":"Istiqbal es un tema de WordPress moderno y adaptable para mezquitas y centros isl\u00e1micos, con constructor Elementor, integraci\u00f3n con GiveWP y f\u00e1cil personalizaci\u00f3n.","breadcrumb":{"@id":"https:\/\/allwintheme.com\/product\/istiqbal-islamic-center-mosque-wordpress-theme\/#breadcrumb"},"inLanguage":"es-CL","potentialAction":[{"@type":"ReadAction","target":["https:\/\/allwintheme.com\/product\/istiqbal-islamic-center-mosque-wordpress-theme\/"]}]},{"@type":"ImageObject","inLanguage":"es-CL","@id":"https:\/\/allwintheme.com\/product\/istiqbal-islamic-center-mosque-wordpress-theme\/#primaryimage","url":"https:\/\/allwintheme.com\/wp-content\/uploads\/2025\/09\/8hiwg5g1.png","contentUrl":"https:\/\/allwintheme.com\/wp-content\/uploads\/2025\/09\/8hiwg5g1.png","width":590,"height":300,"caption":"Istiqbal \u2013 Islamic Center & Mosque WordPress Theme"},{"@type":"BreadcrumbList","@id":"https:\/\/allwintheme.com\/product\/istiqbal-islamic-center-mosque-wordpress-theme\/#breadcrumb","itemListElement":[{"@type":"ListItem","position":1,"name":"Home","item":"https:\/\/allwintheme.com\/"},{"@type":"ListItem","position":2,"name":"Shop","item":"https:\/\/allwintheme.com\/shop\/"},{"@type":"ListItem","position":3,"name":"Istiqbal \u2013 Islamic Center &#038; Mosque WordPress Theme"}]},{"@type":"WebSite","@id":"https:\/\/allwintheme.com\/#website","url":"https:\/\/allwintheme.com\/","name":"Allwintheme","description":"Descarga gratis temas de WordPress para todos los nichos. Blogs, negocios, comercio electr\u00f3nico, portafolio, restaurante y m\u00e1s. Todos los temas tienen licencia GPL y est\u00e1n preparados para dispositivos m\u00f3viles.","potentialAction":[{"@type":"SearchAction","target":{"@type":"EntryPoint","urlTemplate":"https:\/\/allwintheme.com\/?s={search_term_string}"},"query-input":{"@type":"PropertyValueSpecification","valueRequired":true,"valueName":"search_term_string"}}],"inLanguage":"es-CL"}]}},"_links":{"self":[{"href":"https:\/\/allwintheme.com\/es\/wp-json\/wp\/v2\/product\/5940","targetHints":{"allow":["GET"]}}],"collection":[{"href":"https:\/\/allwintheme.com\/es\/wp-json\/wp\/v2\/product"}],"about":[{"href":"https:\/\/allwintheme.com\/es\/wp-json\/wp\/v2\/types\/product"}],"replies":[{"embeddable":true,"href":"https:\/\/allwintheme.com\/es\/wp-json\/wp\/v2\/comments?post=5940"}],"version-history":[{"count":0,"href":"https:\/\/allwintheme.com\/es\/wp-json\/wp\/v2\/product\/5940\/revisions"}],"wp:featuredmedia":[{"embeddable":true,"href":"https:\/\/allwintheme.com\/es\/wp-json\/wp\/v2\/media\/5941"}],"wp:attachment":[{"href":"https:\/\/allwintheme.com\/es\/wp-json\/wp\/v2\/media?parent=5940"}],"wp:term":[{"taxonomy":"product_brand","embeddable":true,"href":"https:\/\/allwintheme.com\/es\/wp-json\/wp\/v2\/product_brand?post=5940"},{"taxonomy":"product_cat","embeddable":true,"href":"https:\/\/allwintheme.com\/es\/wp-json\/wp\/v2\/product_cat?post=5940"},{"taxonomy":"product_tag","embeddable":true,"href":"https:\/\/allwintheme.com\/es\/wp-json\/wp\/v2\/product_tag?post=5940"}],"curies":[{"name":"wp","href":"https:\/\/api.w.org\/{rel}","templated":true}]}}