{"id":5976,"date":"2025-09-06T10:24:36","date_gmt":"2025-09-06T10:24:36","guid":{"rendered":"https:\/\/allwintheme.com\/?post_type=product&#038;p=5976"},"modified":"2025-09-06T10:33:29","modified_gmt":"2025-09-06T10:33:29","slug":"complemento-de-integracion-de-la-aplicacion-movil-peepso","status":"publish","type":"product","link":"https:\/\/allwintheme.com\/es\/producto\/complemento-de-integracion-de-la-aplicacion-movil-peepso\/","title":{"rendered":"Complemento de integraci\u00f3n de la aplicaci\u00f3n m\u00f3vil PeepSo"},"content":{"rendered":"<div data-elementor-type=\"wp-post\" data-elementor-id=\"5976\" class=\"elementor elementor-5976\" data-elementor-settings=\"{&quot;element_pack_global_tooltip_width&quot;:{&quot;unit&quot;:&quot;px&quot;,&quot;size&quot;:&quot;&quot;,&quot;sizes&quot;:[]},&quot;element_pack_global_tooltip_width_tablet&quot;:{&quot;unit&quot;:&quot;px&quot;,&quot;size&quot;:&quot;&quot;,&quot;sizes&quot;:[]},&quot;element_pack_global_tooltip_width_mobile&quot;:{&quot;unit&quot;:&quot;px&quot;,&quot;size&quot;:&quot;&quot;,&quot;sizes&quot;:[]},&quot;element_pack_global_tooltip_padding&quot;:{&quot;unit&quot;:&quot;px&quot;,&quot;top&quot;:&quot;&quot;,&quot;right&quot;:&quot;&quot;,&quot;bottom&quot;:&quot;&quot;,&quot;left&quot;:&quot;&quot;,&quot;isLinked&quot;:true},&quot;element_pack_global_tooltip_padding_tablet&quot;:{&quot;unit&quot;:&quot;px&quot;,&quot;top&quot;:&quot;&quot;,&quot;right&quot;:&quot;&quot;,&quot;bottom&quot;:&quot;&quot;,&quot;left&quot;:&quot;&quot;,&quot;isLinked&quot;:true},&quot;element_pack_global_tooltip_padding_mobile&quot;:{&quot;unit&quot;:&quot;px&quot;,&quot;top&quot;:&quot;&quot;,&quot;right&quot;:&quot;&quot;,&quot;bottom&quot;:&quot;&quot;,&quot;left&quot;:&quot;&quot;,&quot;isLinked&quot;:true},&quot;element_pack_global_tooltip_border_radius&quot;:{&quot;unit&quot;:&quot;px&quot;,&quot;top&quot;:&quot;&quot;,&quot;right&quot;:&quot;&quot;,&quot;bottom&quot;:&quot;&quot;,&quot;left&quot;:&quot;&quot;,&quot;isLinked&quot;:true},&quot;element_pack_global_tooltip_border_radius_tablet&quot;:{&quot;unit&quot;:&quot;px&quot;,&quot;top&quot;:&quot;&quot;,&quot;right&quot;:&quot;&quot;,&quot;bottom&quot;:&quot;&quot;,&quot;left&quot;:&quot;&quot;,&quot;isLinked&quot;:true},&quot;element_pack_global_tooltip_border_radius_mobile&quot;:{&quot;unit&quot;:&quot;px&quot;,&quot;top&quot;:&quot;&quot;,&quot;right&quot;:&quot;&quot;,&quot;bottom&quot;:&quot;&quot;,&quot;left&quot;:&quot;&quot;,&quot;isLinked&quot;:true}}\" data-elementor-post-type=\"product\">\n\t\t\t\t<div class=\"elementor-element elementor-element-93aa4a8 e-con-full e-flex e-con e-parent\" data-id=\"93aa4a8\" data-element_type=\"container\" data-e-type=\"container\">\n\t\t\t\t<div class=\"elementor-element elementor-element-2c3f760 miaoshu elementor-widget elementor-widget-wd_text_block\" data-id=\"2c3f760\" data-element_type=\"widget\" data-e-type=\"widget\" data-widget_type=\"wd_text_block.default\">\n\t\t\t\t<div class=\"elementor-widget-container\">\n\t\t\t\t\t\t\t<div class=\"wd-text-block reset-last-child text-left\">\n\t\t\t\n\t\t\t<h2>Complemento de integraci\u00f3n de la aplicaci\u00f3n m\u00f3vil PeepSo<\/h2>\n<p>El complemento de integraci\u00f3n con la aplicaci\u00f3n m\u00f3vil PeepSo permite integrar tu comunidad PeepSo directamente en una aplicaci\u00f3n m\u00f3vil. Con este complemento, los miembros de su comunidad pueden permanecer conectados dondequiera que vayan, accediendo a las funciones directamente desde su dispositivo iOS o Android.<\/p>\n\n<h2>Cree y pruebe su propia aplicaci\u00f3n<\/h2>\n<p>Este complemento de integraci\u00f3n est\u00e1 disponible exclusivamente como parte del programa <strong>Paquete PeepSo Ultimate<\/strong>. Funciona a la perfecci\u00f3n con <strong>MobiLoud<\/strong>nuestra recomendaci\u00f3n oficial para crear y lanzar tu aplicaci\u00f3n. MobiLoud ofrece una soluci\u00f3n fiable y f\u00e1cil de usar adaptada a las comunidades de WordPress.<\/p>\n\n<h2>Opciones alternativas<\/h2>\n<p>Si busca una opci\u00f3n m\u00e1s asequible, aunque no oficial, puede optar por <strong>WPMobileApp<\/strong>. Aunque no cuenta con soporte oficial, puede ayudarte a publicar tu propia aplicaci\u00f3n comunitaria a un coste menor.<\/p>\n\n<h2>Empiece hoy mismo<\/h2>\n<p>Lleva tu comunidad PeepSo al m\u00f3vil. Consigue ahora el complemento de integraci\u00f3n de aplicaciones m\u00f3viles de PeepSo y ofrece a tus miembros la libertad de conectarse en cualquier momento y lugar.<\/p>\n\t\t\t\t\t<\/div>\n\t\t\t\t\t\t<\/div>\n\t\t\t\t<\/div>\n\t\t\t\t<\/div>\n\t\t\t\t<\/div>","protected":false},"excerpt":{"rendered":"<p>PeepSo Mobile App Integration Addon The PeepSo Mobile App Integration Addon makes it possible to bring your PeepSo community directly<\/p>","protected":false},"featured_media":5977,"comment_status":"open","ping_status":"closed","template":"","meta":{"_acf_changed":false},"product_brand":[],"product_cat":[48],"product_tag":[],"class_list":{"0":"post-5976","1":"product","2":"type-product","3":"status-publish","4":"has-post-thumbnail","6":"product_cat-themes","8":"first","9":"instock","10":"sale","11":"downloadable","12":"shipping-taxable","13":"purchasable","14":"product-type-simple"},"acf":[],"yoast_head":"<!-- This site is optimized with the Yoast SEO Premium plugin v25.6 (Yoast SEO v27.1.1) - https:\/\/yoast.com\/product\/yoast-seo-premium-wordpress\/ -->\n<title>PeepSo Mobile App Integration Addon - AllWin Theme \u2013 Free WordPress Themes Download<\/title>\n<meta name=\"description\" content=\"Turn your PeepSo community into a mobile app with the official integration addon, included in the Ultimate Bundle.\" \/>\n<meta name=\"robots\" content=\"index, follow, max-snippet:-1, max-image-preview:large, max-video-preview:-1\" \/>\n<link rel=\"canonical\" href=\"https:\/\/allwintheme.com\/es\/producto\/complemento-de-integracion-de-la-aplicacion-movil-peepso\/\" \/>\n<meta property=\"og:locale\" content=\"es_ES\" \/>\n<meta property=\"og:type\" content=\"article\" \/>\n<meta property=\"og:title\" content=\"PeepSo Mobile App Integration Addon\" \/>\n<meta property=\"og:description\" content=\"Turn your PeepSo community into a mobile app with the official integration addon, included in the Ultimate Bundle.\" \/>\n<meta property=\"og:url\" content=\"https:\/\/allwintheme.com\/es\/producto\/complemento-de-integracion-de-la-aplicacion-movil-peepso\/\" \/>\n<meta property=\"og:site_name\" content=\"AllWin Theme \u2013 Free WordPress Themes Download\" \/>\n<meta property=\"article:modified_time\" content=\"2025-09-06T10:33:29+00:00\" \/>\n<meta property=\"og:image\" content=\"https:\/\/allwintheme.com\/wp-content\/uploads\/2025\/09\/4uh27w8d.png\" \/>\n\t<meta property=\"og:image:width\" content=\"590\" \/>\n\t<meta property=\"og:image:height\" content=\"300\" \/>\n\t<meta property=\"og:image:type\" content=\"image\/png\" \/>\n<meta name=\"twitter:card\" content=\"summary_large_image\" \/>\n<meta name=\"twitter:label1\" content=\"Tiempo estimado de lectura\" \/>\n\t<meta name=\"twitter:data1\" content=\"2 minutos\" \/>\n<script type=\"application\/ld+json\" class=\"yoast-schema-graph\">{\"@context\":\"https:\/\/schema.org\",\"@graph\":[{\"@type\":\"WebPage\",\"@id\":\"https:\/\/allwintheme.com\/product\/peepso-mobile-app-integration-addon\/\",\"url\":\"https:\/\/allwintheme.com\/product\/peepso-mobile-app-integration-addon\/\",\"name\":\"PeepSo Mobile App Integration Addon - AllWin Theme \u2013 Free WordPress Themes Download\",\"isPartOf\":{\"@id\":\"https:\/\/allwintheme.com\/#website\"},\"primaryImageOfPage\":{\"@id\":\"https:\/\/allwintheme.com\/product\/peepso-mobile-app-integration-addon\/#primaryimage\"},\"image\":{\"@id\":\"https:\/\/allwintheme.com\/product\/peepso-mobile-app-integration-addon\/#primaryimage\"},\"thumbnailUrl\":\"https:\/\/allwintheme.com\/wp-content\/uploads\/2025\/09\/4uh27w8d.png\",\"datePublished\":\"2025-09-06T10:24:36+00:00\",\"dateModified\":\"2025-09-06T10:33:29+00:00\",\"description\":\"Turn your PeepSo community into a mobile app with the official integration addon, included in the Ultimate Bundle.\",\"breadcrumb\":{\"@id\":\"https:\/\/allwintheme.com\/product\/peepso-mobile-app-integration-addon\/#breadcrumb\"},\"inLanguage\":\"es-CL\",\"potentialAction\":[{\"@type\":\"ReadAction\",\"target\":[\"https:\/\/allwintheme.com\/product\/peepso-mobile-app-integration-addon\/\"]}]},{\"@type\":\"ImageObject\",\"inLanguage\":\"es-CL\",\"@id\":\"https:\/\/allwintheme.com\/product\/peepso-mobile-app-integration-addon\/#primaryimage\",\"url\":\"https:\/\/allwintheme.com\/wp-content\/uploads\/2025\/09\/4uh27w8d.png\",\"contentUrl\":\"https:\/\/allwintheme.com\/wp-content\/uploads\/2025\/09\/4uh27w8d.png\",\"width\":590,\"height\":300,\"caption\":\"PeepSo Mobile App Integration Addon\"},{\"@type\":\"BreadcrumbList\",\"@id\":\"https:\/\/allwintheme.com\/product\/peepso-mobile-app-integration-addon\/#breadcrumb\",\"itemListElement\":[{\"@type\":\"ListItem\",\"position\":1,\"name\":\"Home\",\"item\":\"https:\/\/allwintheme.com\/\"},{\"@type\":\"ListItem\",\"position\":2,\"name\":\"Shop\",\"item\":\"https:\/\/allwintheme.com\/shop\/\"},{\"@type\":\"ListItem\",\"position\":3,\"name\":\"PeepSo Mobile App Integration Addon\"}]},{\"@type\":\"WebSite\",\"@id\":\"https:\/\/allwintheme.com\/#website\",\"url\":\"https:\/\/allwintheme.com\/\",\"name\":\"Allwintheme\",\"description\":\"Download free WordPress themes for every niche. Blogs, business, eCommerce, portfolio, restaurant and more. All themes are GPL licensed and mobile-ready.\",\"potentialAction\":[{\"@type\":\"SearchAction\",\"target\":{\"@type\":\"EntryPoint\",\"urlTemplate\":\"https:\/\/allwintheme.com\/?s={search_term_string}\"},\"query-input\":{\"@type\":\"PropertyValueSpecification\",\"valueRequired\":true,\"valueName\":\"search_term_string\"}}],\"inLanguage\":\"es-CL\"}]}<\/script>\n<!-- \/ Yoast SEO Premium plugin. -->","yoast_head_json":{"title":"PeepSo Mobile App Integration Addon - AllWin Theme - Free WordPress Themes Download","description":"Convierte tu comunidad PeepSo en una aplicaci\u00f3n m\u00f3vil con el complemento de integraci\u00f3n oficial, incluido en el paquete Ultimate.","robots":{"index":"index","follow":"follow","max-snippet":"max-snippet:-1","max-image-preview":"max-image-preview:large","max-video-preview":"max-video-preview:-1"},"canonical":"https:\/\/allwintheme.com\/es\/producto\/complemento-de-integracion-de-la-aplicacion-movil-peepso\/","og_locale":"es_ES","og_type":"article","og_title":"PeepSo Mobile App Integration Addon","og_description":"Turn your PeepSo community into a mobile app with the official integration addon, included in the Ultimate Bundle.","og_url":"https:\/\/allwintheme.com\/es\/producto\/complemento-de-integracion-de-la-aplicacion-movil-peepso\/","og_site_name":"AllWin Theme \u2013 Free WordPress Themes Download","article_modified_time":"2025-09-06T10:33:29+00:00","og_image":[{"width":590,"height":300,"url":"https:\/\/allwintheme.com\/wp-content\/uploads\/2025\/09\/4uh27w8d.png","type":"image\/png"}],"twitter_card":"summary_large_image","twitter_misc":{"Tiempo estimado de lectura":"2 minutos"},"schema":{"@context":"https:\/\/schema.org","@graph":[{"@type":"WebPage","@id":"https:\/\/allwintheme.com\/product\/peepso-mobile-app-integration-addon\/","url":"https:\/\/allwintheme.com\/product\/peepso-mobile-app-integration-addon\/","name":"PeepSo Mobile App Integration Addon - AllWin Theme - Free WordPress Themes Download","isPartOf":{"@id":"https:\/\/allwintheme.com\/#website"},"primaryImageOfPage":{"@id":"https:\/\/allwintheme.com\/product\/peepso-mobile-app-integration-addon\/#primaryimage"},"image":{"@id":"https:\/\/allwintheme.com\/product\/peepso-mobile-app-integration-addon\/#primaryimage"},"thumbnailUrl":"https:\/\/allwintheme.com\/wp-content\/uploads\/2025\/09\/4uh27w8d.png","datePublished":"2025-09-06T10:24:36+00:00","dateModified":"2025-09-06T10:33:29+00:00","description":"Convierte tu comunidad PeepSo en una aplicaci\u00f3n m\u00f3vil con el complemento de integraci\u00f3n oficial, incluido en el paquete Ultimate.","breadcrumb":{"@id":"https:\/\/allwintheme.com\/product\/peepso-mobile-app-integration-addon\/#breadcrumb"},"inLanguage":"es-CL","potentialAction":[{"@type":"ReadAction","target":["https:\/\/allwintheme.com\/product\/peepso-mobile-app-integration-addon\/"]}]},{"@type":"ImageObject","inLanguage":"es-CL","@id":"https:\/\/allwintheme.com\/product\/peepso-mobile-app-integration-addon\/#primaryimage","url":"https:\/\/allwintheme.com\/wp-content\/uploads\/2025\/09\/4uh27w8d.png","contentUrl":"https:\/\/allwintheme.com\/wp-content\/uploads\/2025\/09\/4uh27w8d.png","width":590,"height":300,"caption":"PeepSo Mobile App Integration Addon"},{"@type":"BreadcrumbList","@id":"https:\/\/allwintheme.com\/product\/peepso-mobile-app-integration-addon\/#breadcrumb","itemListElement":[{"@type":"ListItem","position":1,"name":"Home","item":"https:\/\/allwintheme.com\/"},{"@type":"ListItem","position":2,"name":"Shop","item":"https:\/\/allwintheme.com\/shop\/"},{"@type":"ListItem","position":3,"name":"PeepSo Mobile App Integration Addon"}]},{"@type":"WebSite","@id":"https:\/\/allwintheme.com\/#website","url":"https:\/\/allwintheme.com\/","name":"Allwintheme","description":"Descarga gratis temas de WordPress para todos los nichos. Blogs, negocios, comercio electr\u00f3nico, portafolio, restaurante y m\u00e1s. Todos los temas tienen licencia GPL y est\u00e1n preparados para dispositivos m\u00f3viles.","potentialAction":[{"@type":"SearchAction","target":{"@type":"EntryPoint","urlTemplate":"https:\/\/allwintheme.com\/?s={search_term_string}"},"query-input":{"@type":"PropertyValueSpecification","valueRequired":true,"valueName":"search_term_string"}}],"inLanguage":"es-CL"}]}},"_links":{"self":[{"href":"https:\/\/allwintheme.com\/es\/wp-json\/wp\/v2\/product\/5976","targetHints":{"allow":["GET"]}}],"collection":[{"href":"https:\/\/allwintheme.com\/es\/wp-json\/wp\/v2\/product"}],"about":[{"href":"https:\/\/allwintheme.com\/es\/wp-json\/wp\/v2\/types\/product"}],"replies":[{"embeddable":true,"href":"https:\/\/allwintheme.com\/es\/wp-json\/wp\/v2\/comments?post=5976"}],"version-history":[{"count":0,"href":"https:\/\/allwintheme.com\/es\/wp-json\/wp\/v2\/product\/5976\/revisions"}],"wp:featuredmedia":[{"embeddable":true,"href":"https:\/\/allwintheme.com\/es\/wp-json\/wp\/v2\/media\/5977"}],"wp:attachment":[{"href":"https:\/\/allwintheme.com\/es\/wp-json\/wp\/v2\/media?parent=5976"}],"wp:term":[{"taxonomy":"product_brand","embeddable":true,"href":"https:\/\/allwintheme.com\/es\/wp-json\/wp\/v2\/product_brand?post=5976"},{"taxonomy":"product_cat","embeddable":true,"href":"https:\/\/allwintheme.com\/es\/wp-json\/wp\/v2\/product_cat?post=5976"},{"taxonomy":"product_tag","embeddable":true,"href":"https:\/\/allwintheme.com\/es\/wp-json\/wp\/v2\/product_tag?post=5976"}],"curies":[{"name":"wp","href":"https:\/\/api.w.org\/{rel}","templated":true}]}}