{"id":6024,"date":"2025-09-06T11:12:53","date_gmt":"2025-09-06T11:12:53","guid":{"rendered":"https:\/\/allwintheme.com\/?post_type=product&#038;p=6024"},"modified":"2025-10-13T11:57:19","modified_gmt":"2025-10-13T11:57:19","slug":"fintex-mobile-app-fintech-startup-elementor-template-kit","status":"publish","type":"product","link":"https:\/\/allwintheme.com\/es\/producto\/fintex-mobile-app-fintech-startup-elementor-template-kit\/","title":{"rendered":"fintex-mobile-app Kit de plantillas"},"content":{"rendered":"<div data-elementor-type=\"wp-post\" data-elementor-id=\"6024\" class=\"elementor elementor-6024\" data-elementor-settings=\"{&quot;element_pack_global_tooltip_width&quot;:{&quot;unit&quot;:&quot;px&quot;,&quot;size&quot;:&quot;&quot;,&quot;sizes&quot;:[]},&quot;element_pack_global_tooltip_width_tablet&quot;:{&quot;unit&quot;:&quot;px&quot;,&quot;size&quot;:&quot;&quot;,&quot;sizes&quot;:[]},&quot;element_pack_global_tooltip_width_mobile&quot;:{&quot;unit&quot;:&quot;px&quot;,&quot;size&quot;:&quot;&quot;,&quot;sizes&quot;:[]},&quot;element_pack_global_tooltip_padding&quot;:{&quot;unit&quot;:&quot;px&quot;,&quot;top&quot;:&quot;&quot;,&quot;right&quot;:&quot;&quot;,&quot;bottom&quot;:&quot;&quot;,&quot;left&quot;:&quot;&quot;,&quot;isLinked&quot;:true},&quot;element_pack_global_tooltip_padding_tablet&quot;:{&quot;unit&quot;:&quot;px&quot;,&quot;top&quot;:&quot;&quot;,&quot;right&quot;:&quot;&quot;,&quot;bottom&quot;:&quot;&quot;,&quot;left&quot;:&quot;&quot;,&quot;isLinked&quot;:true},&quot;element_pack_global_tooltip_padding_mobile&quot;:{&quot;unit&quot;:&quot;px&quot;,&quot;top&quot;:&quot;&quot;,&quot;right&quot;:&quot;&quot;,&quot;bottom&quot;:&quot;&quot;,&quot;left&quot;:&quot;&quot;,&quot;isLinked&quot;:true},&quot;element_pack_global_tooltip_border_radius&quot;:{&quot;unit&quot;:&quot;px&quot;,&quot;top&quot;:&quot;&quot;,&quot;right&quot;:&quot;&quot;,&quot;bottom&quot;:&quot;&quot;,&quot;left&quot;:&quot;&quot;,&quot;isLinked&quot;:true},&quot;element_pack_global_tooltip_border_radius_tablet&quot;:{&quot;unit&quot;:&quot;px&quot;,&quot;top&quot;:&quot;&quot;,&quot;right&quot;:&quot;&quot;,&quot;bottom&quot;:&quot;&quot;,&quot;left&quot;:&quot;&quot;,&quot;isLinked&quot;:true},&quot;element_pack_global_tooltip_border_radius_mobile&quot;:{&quot;unit&quot;:&quot;px&quot;,&quot;top&quot;:&quot;&quot;,&quot;right&quot;:&quot;&quot;,&quot;bottom&quot;:&quot;&quot;,&quot;left&quot;:&quot;&quot;,&quot;isLinked&quot;:true}}\" data-elementor-post-type=\"product\">\n\t\t\t\t<div class=\"elementor-element elementor-element-93aa4a8 e-con-full e-flex e-con e-parent\" data-id=\"93aa4a8\" data-element_type=\"container\" data-e-type=\"container\">\n\t\t\t\t<div class=\"elementor-element elementor-element-2c3f760 miaoshu elementor-widget elementor-widget-wd_text_block\" data-id=\"2c3f760\" data-element_type=\"widget\" data-e-type=\"widget\" data-widget_type=\"wd_text_block.default\">\n\t\t\t\t<div class=\"elementor-widget-container\">\n\t\t\t\t\t\t\t<div class=\"wd-text-block reset-last-child text-left\">\n\t\t\t\n\t\t\t<h2>Fintex - Kit de plantillas para aplicaciones m\u00f3viles y startups fintech<\/h2>\n<p>Fintex es un Kit de Plantilla Elementor moderno y responsivo dise\u00f1ado para ayudarte a crear un sitio web WordPress profesional para compa\u00f1\u00edas fintech, aplicaciones m\u00f3viles, plataformas SaaS, startups y otros negocios impulsados por la tecnolog\u00eda. Con su elegante esquema de colores oscuros, su dise\u00f1o totalmente responsive y su dise\u00f1o retina-ready, Fintex ofrece un aspecto pulido que se adapta a cualquier dispositivo. Lo mejor de todo es que est\u00e1 creado con Elementor, por lo que puedes personalizarlo todo sin escribir una sola l\u00ednea de c\u00f3digo.<\/p>\n\n<h2>Qu\u00e9 incluye<\/h2>\n<p>El kit incluye 10 plantillas cuidadosamente elaboradas que cubren todas las p\u00e1ginas esenciales que necesita su empresa:<\/p>\n<ul>\n  <li>Inicio<\/li>\n  <li>Qui\u00e9nes somos<\/li>\n  <li>Caracter\u00edsticas<\/li>\n  <li>Detalles<\/li>\n  <li>Equipo<\/li>\n  <li>Precios<\/li>\n  <li>Carreras profesionales<\/li>\n  <li>Socios<\/li>\n  <li>Preguntas frecuentes<\/li>\n  <li>P\u00f3ngase en contacto con<\/li>\n<\/ul>\n\n<h2>Caracter\u00edsticas principales<\/h2>\n<ul>\n  <li>Aut\u00e9ntica personalizaci\u00f3n sin c\u00f3digo con edici\u00f3n de arrastrar y soltar<\/li>\n  <li>Ajuste los tipos de letra y los colores de forma global o afine elementos individuales<\/li>\n  <li>Dise\u00f1o moderno, profesional y de carga r\u00e1pida<\/li>\n  <li>Compatible con la mayor\u00eda de temas de Elementor<\/li>\n  <li>Dise\u00f1ado para una experiencia de usuario fluida y compatible con retina<\/li>\n<\/ul>\n\n<p>Nota: Algunas plantillas y funciones requieren Elementor Pro (no incluido).<\/p>\n\t\t\t\t\t<\/div>\n\t\t\t\t\t\t<\/div>\n\t\t\t\t<\/div>\n\t\t\t\t<\/div>\n\t\t\t\t<\/div>","protected":false},"excerpt":{"rendered":"<p>Fintex \u2013 Mobile App &amp; Fintech Startup Template Kit Fintex is a modern and responsive Elementor Template Kit designed to<\/p>","protected":false},"featured_media":6025,"comment_status":"open","ping_status":"closed","template":"","meta":{"_acf_changed":false},"product_brand":[],"product_cat":[48],"product_tag":[],"class_list":{"0":"post-6024","1":"product","2":"type-product","3":"status-publish","4":"has-post-thumbnail","6":"product_cat-themes","8":"first","9":"instock","10":"sale","11":"downloadable","12":"shipping-taxable","13":"purchasable","14":"product-type-simple"},"acf":[],"yoast_head":"<!-- This site is optimized with the Yoast SEO Premium plugin v25.6 (Yoast SEO v27.1.1) - https:\/\/yoast.com\/product\/yoast-seo-premium-wordpress\/ -->\n<title>fintex-mobile-app Template Kit - AllWin Theme \u2013 Free WordPress Themes Download<\/title>\n<meta name=\"description\" content=\"Build a professional fintech or app website with Fintex Elementor Template Kit. 10 responsive templates, modern design, easy to customize.\" \/>\n<meta name=\"robots\" content=\"index, follow, max-snippet:-1, max-image-preview:large, max-video-preview:-1\" \/>\n<link rel=\"canonical\" href=\"https:\/\/allwintheme.com\/es\/producto\/fintex-mobile-app-fintech-startup-elementor-template-kit\/\" \/>\n<meta property=\"og:locale\" content=\"es_ES\" \/>\n<meta property=\"og:type\" content=\"article\" \/>\n<meta property=\"og:title\" content=\"fintex-mobile-app Template Kit\" \/>\n<meta property=\"og:description\" content=\"Build a professional fintech or app website with Fintex Elementor Template Kit. 10 responsive templates, modern design, easy to customize.\" \/>\n<meta property=\"og:url\" content=\"https:\/\/allwintheme.com\/es\/producto\/fintex-mobile-app-fintech-startup-elementor-template-kit\/\" \/>\n<meta property=\"og:site_name\" content=\"AllWin Theme \u2013 Free WordPress Themes Download\" \/>\n<meta property=\"article:modified_time\" content=\"2025-10-13T11:57:19+00:00\" \/>\n<meta property=\"og:image\" content=\"https:\/\/allwintheme.com\/wp-content\/uploads\/2025\/09\/x0semebv.png\" \/>\n\t<meta property=\"og:image:width\" content=\"768\" \/>\n\t<meta property=\"og:image:height\" content=\"512\" \/>\n\t<meta property=\"og:image:type\" content=\"image\/png\" \/>\n<meta name=\"twitter:card\" content=\"summary_large_image\" \/>\n<meta name=\"twitter:label1\" content=\"Tiempo estimado de lectura\" \/>\n\t<meta name=\"twitter:data1\" content=\"1 minuto\" \/>\n<script type=\"application\/ld+json\" class=\"yoast-schema-graph\">{\"@context\":\"https:\/\/schema.org\",\"@graph\":[{\"@type\":\"WebPage\",\"@id\":\"https:\/\/allwintheme.com\/product\/fintex-mobile-app-fintech-startup-elementor-template-kit\/\",\"url\":\"https:\/\/allwintheme.com\/product\/fintex-mobile-app-fintech-startup-elementor-template-kit\/\",\"name\":\"fintex-mobile-app Template Kit - AllWin Theme \u2013 Free WordPress Themes Download\",\"isPartOf\":{\"@id\":\"https:\/\/allwintheme.com\/#website\"},\"primaryImageOfPage\":{\"@id\":\"https:\/\/allwintheme.com\/product\/fintex-mobile-app-fintech-startup-elementor-template-kit\/#primaryimage\"},\"image\":{\"@id\":\"https:\/\/allwintheme.com\/product\/fintex-mobile-app-fintech-startup-elementor-template-kit\/#primaryimage\"},\"thumbnailUrl\":\"https:\/\/allwintheme.com\/wp-content\/uploads\/2025\/09\/x0semebv.png\",\"datePublished\":\"2025-09-06T11:12:53+00:00\",\"dateModified\":\"2025-10-13T11:57:19+00:00\",\"description\":\"Build a professional fintech or app website with Fintex Elementor Template Kit. 10 responsive templates, modern design, easy to customize.\",\"breadcrumb\":{\"@id\":\"https:\/\/allwintheme.com\/product\/fintex-mobile-app-fintech-startup-elementor-template-kit\/#breadcrumb\"},\"inLanguage\":\"es-CL\",\"potentialAction\":[{\"@type\":\"ReadAction\",\"target\":[\"https:\/\/allwintheme.com\/product\/fintex-mobile-app-fintech-startup-elementor-template-kit\/\"]}]},{\"@type\":\"ImageObject\",\"inLanguage\":\"es-CL\",\"@id\":\"https:\/\/allwintheme.com\/product\/fintex-mobile-app-fintech-startup-elementor-template-kit\/#primaryimage\",\"url\":\"https:\/\/allwintheme.com\/wp-content\/uploads\/2025\/09\/x0semebv.png\",\"contentUrl\":\"https:\/\/allwintheme.com\/wp-content\/uploads\/2025\/09\/x0semebv.png\",\"width\":768,\"height\":512,\"caption\":\"Fintex \u2013 Mobile App & Fintech Startup Elementor Template Kit\"},{\"@type\":\"BreadcrumbList\",\"@id\":\"https:\/\/allwintheme.com\/product\/fintex-mobile-app-fintech-startup-elementor-template-kit\/#breadcrumb\",\"itemListElement\":[{\"@type\":\"ListItem\",\"position\":1,\"name\":\"Home\",\"item\":\"https:\/\/allwintheme.com\/\"},{\"@type\":\"ListItem\",\"position\":2,\"name\":\"Shop\",\"item\":\"https:\/\/allwintheme.com\/shop\/\"},{\"@type\":\"ListItem\",\"position\":3,\"name\":\"fintex-mobile-app Template Kit\"}]},{\"@type\":\"WebSite\",\"@id\":\"https:\/\/allwintheme.com\/#website\",\"url\":\"https:\/\/allwintheme.com\/\",\"name\":\"Allwintheme\",\"description\":\"Download free WordPress themes for every niche. Blogs, business, eCommerce, portfolio, restaurant and more. All themes are GPL licensed and mobile-ready.\",\"potentialAction\":[{\"@type\":\"SearchAction\",\"target\":{\"@type\":\"EntryPoint\",\"urlTemplate\":\"https:\/\/allwintheme.com\/?s={search_term_string}\"},\"query-input\":{\"@type\":\"PropertyValueSpecification\",\"valueRequired\":true,\"valueName\":\"search_term_string\"}}],\"inLanguage\":\"es-CL\"}]}<\/script>\n<!-- \/ Yoast SEO Premium plugin. -->","yoast_head_json":{"title":"fintex-mobile-app Template Kit - AllWin Theme - Free WordPress Themes Download","description":"Construya un sitio web profesional de tecnolog\u00eda financiera o de aplicaciones con Fintex Elementor Template Kit. 10 plantillas responsive, dise\u00f1o moderno, f\u00e1ciles de personalizar.","robots":{"index":"index","follow":"follow","max-snippet":"max-snippet:-1","max-image-preview":"max-image-preview:large","max-video-preview":"max-video-preview:-1"},"canonical":"https:\/\/allwintheme.com\/es\/producto\/fintex-mobile-app-fintech-startup-elementor-template-kit\/","og_locale":"es_ES","og_type":"article","og_title":"fintex-mobile-app Template Kit","og_description":"Build a professional fintech or app website with Fintex Elementor Template Kit. 10 responsive templates, modern design, easy to customize.","og_url":"https:\/\/allwintheme.com\/es\/producto\/fintex-mobile-app-fintech-startup-elementor-template-kit\/","og_site_name":"AllWin Theme \u2013 Free WordPress Themes Download","article_modified_time":"2025-10-13T11:57:19+00:00","og_image":[{"width":768,"height":512,"url":"https:\/\/allwintheme.com\/wp-content\/uploads\/2025\/09\/x0semebv.png","type":"image\/png"}],"twitter_card":"summary_large_image","twitter_misc":{"Tiempo estimado de lectura":"1 minuto"},"schema":{"@context":"https:\/\/schema.org","@graph":[{"@type":"WebPage","@id":"https:\/\/allwintheme.com\/product\/fintex-mobile-app-fintech-startup-elementor-template-kit\/","url":"https:\/\/allwintheme.com\/product\/fintex-mobile-app-fintech-startup-elementor-template-kit\/","name":"fintex-mobile-app Template Kit - AllWin Theme - Free WordPress Themes Download","isPartOf":{"@id":"https:\/\/allwintheme.com\/#website"},"primaryImageOfPage":{"@id":"https:\/\/allwintheme.com\/product\/fintex-mobile-app-fintech-startup-elementor-template-kit\/#primaryimage"},"image":{"@id":"https:\/\/allwintheme.com\/product\/fintex-mobile-app-fintech-startup-elementor-template-kit\/#primaryimage"},"thumbnailUrl":"https:\/\/allwintheme.com\/wp-content\/uploads\/2025\/09\/x0semebv.png","datePublished":"2025-09-06T11:12:53+00:00","dateModified":"2025-10-13T11:57:19+00:00","description":"Construya un sitio web profesional de tecnolog\u00eda financiera o de aplicaciones con Fintex Elementor Template Kit. 10 plantillas responsive, dise\u00f1o moderno, f\u00e1ciles de personalizar.","breadcrumb":{"@id":"https:\/\/allwintheme.com\/product\/fintex-mobile-app-fintech-startup-elementor-template-kit\/#breadcrumb"},"inLanguage":"es-CL","potentialAction":[{"@type":"ReadAction","target":["https:\/\/allwintheme.com\/product\/fintex-mobile-app-fintech-startup-elementor-template-kit\/"]}]},{"@type":"ImageObject","inLanguage":"es-CL","@id":"https:\/\/allwintheme.com\/product\/fintex-mobile-app-fintech-startup-elementor-template-kit\/#primaryimage","url":"https:\/\/allwintheme.com\/wp-content\/uploads\/2025\/09\/x0semebv.png","contentUrl":"https:\/\/allwintheme.com\/wp-content\/uploads\/2025\/09\/x0semebv.png","width":768,"height":512,"caption":"Fintex \u2013 Mobile App & Fintech Startup Elementor Template Kit"},{"@type":"BreadcrumbList","@id":"https:\/\/allwintheme.com\/product\/fintex-mobile-app-fintech-startup-elementor-template-kit\/#breadcrumb","itemListElement":[{"@type":"ListItem","position":1,"name":"Home","item":"https:\/\/allwintheme.com\/"},{"@type":"ListItem","position":2,"name":"Shop","item":"https:\/\/allwintheme.com\/shop\/"},{"@type":"ListItem","position":3,"name":"fintex-mobile-app Template Kit"}]},{"@type":"WebSite","@id":"https:\/\/allwintheme.com\/#website","url":"https:\/\/allwintheme.com\/","name":"Allwintheme","description":"Descarga gratis temas de WordPress para todos los nichos. Blogs, negocios, comercio electr\u00f3nico, portafolio, restaurante y m\u00e1s. Todos los temas tienen licencia GPL y est\u00e1n preparados para dispositivos m\u00f3viles.","potentialAction":[{"@type":"SearchAction","target":{"@type":"EntryPoint","urlTemplate":"https:\/\/allwintheme.com\/?s={search_term_string}"},"query-input":{"@type":"PropertyValueSpecification","valueRequired":true,"valueName":"search_term_string"}}],"inLanguage":"es-CL"}]}},"_links":{"self":[{"href":"https:\/\/allwintheme.com\/es\/wp-json\/wp\/v2\/product\/6024","targetHints":{"allow":["GET"]}}],"collection":[{"href":"https:\/\/allwintheme.com\/es\/wp-json\/wp\/v2\/product"}],"about":[{"href":"https:\/\/allwintheme.com\/es\/wp-json\/wp\/v2\/types\/product"}],"replies":[{"embeddable":true,"href":"https:\/\/allwintheme.com\/es\/wp-json\/wp\/v2\/comments?post=6024"}],"version-history":[{"count":1,"href":"https:\/\/allwintheme.com\/es\/wp-json\/wp\/v2\/product\/6024\/revisions"}],"predecessor-version":[{"id":10427,"href":"https:\/\/allwintheme.com\/es\/wp-json\/wp\/v2\/product\/6024\/revisions\/10427"}],"wp:featuredmedia":[{"embeddable":true,"href":"https:\/\/allwintheme.com\/es\/wp-json\/wp\/v2\/media\/6025"}],"wp:attachment":[{"href":"https:\/\/allwintheme.com\/es\/wp-json\/wp\/v2\/media?parent=6024"}],"wp:term":[{"taxonomy":"product_brand","embeddable":true,"href":"https:\/\/allwintheme.com\/es\/wp-json\/wp\/v2\/product_brand?post=6024"},{"taxonomy":"product_cat","embeddable":true,"href":"https:\/\/allwintheme.com\/es\/wp-json\/wp\/v2\/product_cat?post=6024"},{"taxonomy":"product_tag","embeddable":true,"href":"https:\/\/allwintheme.com\/es\/wp-json\/wp\/v2\/product_tag?post=6024"}],"curies":[{"name":"wp","href":"https:\/\/api.w.org\/{rel}","templated":true}]}}