{"id":6031,"date":"2025-09-06T11:20:05","date_gmt":"2025-09-06T11:20:05","guid":{"rendered":"https:\/\/allwintheme.com\/?post_type=product&#038;p=6031"},"modified":"2025-09-06T11:25:04","modified_gmt":"2025-09-06T11:25:04","slug":"solvero-web-mobile-development-service-elementor-template-kit","status":"publish","type":"product","link":"https:\/\/allwintheme.com\/es\/producto\/solvero-web-mobile-development-service-elementor-template-kit\/","title":{"rendered":"Solvero - Kit de plantillas Elementor para agencias de TI"},"content":{"rendered":"<div data-elementor-type=\"wp-post\" data-elementor-id=\"6031\" class=\"elementor elementor-6031\" data-elementor-settings=\"{&quot;element_pack_global_tooltip_width&quot;:{&quot;unit&quot;:&quot;px&quot;,&quot;size&quot;:&quot;&quot;,&quot;sizes&quot;:[]},&quot;element_pack_global_tooltip_width_tablet&quot;:{&quot;unit&quot;:&quot;px&quot;,&quot;size&quot;:&quot;&quot;,&quot;sizes&quot;:[]},&quot;element_pack_global_tooltip_width_mobile&quot;:{&quot;unit&quot;:&quot;px&quot;,&quot;size&quot;:&quot;&quot;,&quot;sizes&quot;:[]},&quot;element_pack_global_tooltip_padding&quot;:{&quot;unit&quot;:&quot;px&quot;,&quot;top&quot;:&quot;&quot;,&quot;right&quot;:&quot;&quot;,&quot;bottom&quot;:&quot;&quot;,&quot;left&quot;:&quot;&quot;,&quot;isLinked&quot;:true},&quot;element_pack_global_tooltip_padding_tablet&quot;:{&quot;unit&quot;:&quot;px&quot;,&quot;top&quot;:&quot;&quot;,&quot;right&quot;:&quot;&quot;,&quot;bottom&quot;:&quot;&quot;,&quot;left&quot;:&quot;&quot;,&quot;isLinked&quot;:true},&quot;element_pack_global_tooltip_padding_mobile&quot;:{&quot;unit&quot;:&quot;px&quot;,&quot;top&quot;:&quot;&quot;,&quot;right&quot;:&quot;&quot;,&quot;bottom&quot;:&quot;&quot;,&quot;left&quot;:&quot;&quot;,&quot;isLinked&quot;:true},&quot;element_pack_global_tooltip_border_radius&quot;:{&quot;unit&quot;:&quot;px&quot;,&quot;top&quot;:&quot;&quot;,&quot;right&quot;:&quot;&quot;,&quot;bottom&quot;:&quot;&quot;,&quot;left&quot;:&quot;&quot;,&quot;isLinked&quot;:true},&quot;element_pack_global_tooltip_border_radius_tablet&quot;:{&quot;unit&quot;:&quot;px&quot;,&quot;top&quot;:&quot;&quot;,&quot;right&quot;:&quot;&quot;,&quot;bottom&quot;:&quot;&quot;,&quot;left&quot;:&quot;&quot;,&quot;isLinked&quot;:true},&quot;element_pack_global_tooltip_border_radius_mobile&quot;:{&quot;unit&quot;:&quot;px&quot;,&quot;top&quot;:&quot;&quot;,&quot;right&quot;:&quot;&quot;,&quot;bottom&quot;:&quot;&quot;,&quot;left&quot;:&quot;&quot;,&quot;isLinked&quot;:true}}\" data-elementor-post-type=\"product\">\n\t\t\t\t<div class=\"elementor-element elementor-element-93aa4a8 e-con-full e-flex e-con e-parent\" data-id=\"93aa4a8\" data-element_type=\"container\" data-e-type=\"container\">\n\t\t\t\t<div class=\"elementor-element elementor-element-2c3f760 miaoshu elementor-widget elementor-widget-wd_text_block\" data-id=\"2c3f760\" data-element_type=\"widget\" data-e-type=\"widget\" data-widget_type=\"wd_text_block.default\">\n\t\t\t\t<div class=\"elementor-widget-container\">\n\t\t\t\t\t\t\t<div class=\"wd-text-block reset-last-child text-left\">\n\t\t\t\n\t\t\t<h2>Plantillas Elementor profesionales para servicios de TI<\/h2>\n<p>Solvero es un completo kit de plantillas Elementor dise\u00f1ado para empresas de desarrollo web, empresas de software, desarrolladores de aplicaciones m\u00f3viles, estudios de dise\u00f1o creativo y cualquier agencia de servicios digitales. Con sus modernos dise\u00f1os y estilo profesional, puedes crear r\u00e1pidamente un sitio web pulido que refleje tu marca y experiencia.<\/p>\n\n<h2>Qu\u00e9 incluye<\/h2>\n<p>Al elegir Solvero, tendr\u00e1 acceso a 19 plantillas de alta calidad para p\u00e1ginas y secciones. Entre ellas se incluyen:<\/p>\n<ul>\n  <li>Estilos de kits globales<\/li>\n  <li>Encabezado y pie de p\u00e1gina globales<\/li>\n  <li>Inicio<\/li>\n  <li>Qui\u00e9nes somos<\/li>\n  <li>Servicios<\/li>\n  <li>Nuestras obras<\/li>\n  <li>Detalles del trabajo<\/li>\n  <li>Nuestro equipo<\/li>\n  <li>Precios<\/li>\n  <li>Solicitar presupuesto<\/li>\n  <li>Blog y entrada individual<\/li>\n  <li>Testimonios<\/li>\n  <li>PREGUNTAS FRECUENTES<\/li>\n  <li>Archivo del blog<\/li>\n  <li>P\u00f3ngase en contacto con<\/li>\n  <li>Pr\u00f3ximamente<\/li>\n  <li>404 P\u00e1gina<\/li>\n  <li>Banner emergente<\/li>\n<\/ul>\n\n<h2>F\u00e1cil integraci\u00f3n<\/h2>\n<p>Solvero est\u00e1 optimizado para el tema gratuito Hello Elementor, pero tambi\u00e9n funciona perfectamente con la mayor\u00eda de los temas compatibles con Elementor. Algunas plantillas y funciones avanzadas requieren Elementor Pro (no incluido).<\/p>\n\n<h2>Versi\u00f3n y actualizaciones<\/h2>\n<p><strong>Versi\u00f3n:<\/strong> 1.0<br>\n<strong>\u00daltima actualizaci\u00f3n:<\/strong> 8 de enero de 2025<\/p>\n\t\t\t\t\t<\/div>\n\t\t\t\t\t\t<\/div>\n\t\t\t\t<\/div>\n\t\t\t\t<\/div>\n\t\t\t\t<\/div>","protected":false},"excerpt":{"rendered":"<p>Plantillas Elementor profesionales para servicios inform\u00e1ticos Solvero es un completo kit de plantillas Elementor dise\u00f1ado para empresas de desarrollo web, empresas de software,<\/p>","protected":false},"featured_media":6032,"comment_status":"open","ping_status":"closed","template":"","meta":{"_acf_changed":false},"product_brand":[],"product_cat":[48],"product_tag":[],"class_list":{"0":"post-6031","1":"product","2":"type-product","3":"status-publish","4":"has-post-thumbnail","6":"product_cat-themes","8":"first","9":"instock","10":"sale","11":"downloadable","12":"shipping-taxable","13":"purchasable","14":"product-type-simple"},"acf":[],"yoast_head":"<!-- This site is optimized with the Yoast SEO Premium plugin v25.6 (Yoast SEO v27.1.1) - https:\/\/yoast.com\/product\/yoast-seo-premium-wordpress\/ -->\n<title>Solvero \u2013 Elementor Template Kit for IT Agencies - AllWin Theme \u2013 Free WordPress Themes Download<\/title>\n<meta name=\"description\" content=\"Build stunning websites with Solvero Elementor Template Kit. Includes 19 ready-to-use layouts for web, mobile, and IT service companies.\" \/>\n<meta name=\"robots\" content=\"index, follow, max-snippet:-1, max-image-preview:large, max-video-preview:-1\" \/>\n<link rel=\"canonical\" href=\"https:\/\/allwintheme.com\/es\/producto\/solvero-web-mobile-development-service-elementor-template-kit\/\" \/>\n<meta property=\"og:locale\" content=\"es_ES\" \/>\n<meta property=\"og:type\" content=\"article\" \/>\n<meta property=\"og:title\" content=\"Solvero \u2013 Elementor Template Kit for IT Agencies\" \/>\n<meta property=\"og:description\" content=\"Build stunning websites with Solvero Elementor Template Kit. Includes 19 ready-to-use layouts for web, mobile, and IT service companies.\" \/>\n<meta property=\"og:url\" content=\"https:\/\/allwintheme.com\/es\/producto\/solvero-web-mobile-development-service-elementor-template-kit\/\" \/>\n<meta property=\"og:site_name\" content=\"AllWin Theme \u2013 Free WordPress Themes Download\" \/>\n<meta property=\"article:modified_time\" content=\"2025-09-06T11:25:04+00:00\" \/>\n<meta property=\"og:image\" content=\"https:\/\/allwintheme.com\/wp-content\/uploads\/2025\/09\/44jp2shb.png\" \/>\n\t<meta property=\"og:image:width\" content=\"768\" \/>\n\t<meta property=\"og:image:height\" content=\"512\" \/>\n\t<meta property=\"og:image:type\" content=\"image\/png\" \/>\n<meta name=\"twitter:card\" content=\"summary_large_image\" \/>\n<meta name=\"twitter:label1\" content=\"Tiempo estimado de lectura\" \/>\n\t<meta name=\"twitter:data1\" content=\"1 minuto\" \/>\n<script type=\"application\/ld+json\" class=\"yoast-schema-graph\">{\"@context\":\"https:\/\/schema.org\",\"@graph\":[{\"@type\":\"WebPage\",\"@id\":\"https:\/\/allwintheme.com\/product\/solvero-web-mobile-development-service-elementor-template-kit\/\",\"url\":\"https:\/\/allwintheme.com\/product\/solvero-web-mobile-development-service-elementor-template-kit\/\",\"name\":\"Solvero \u2013 Elementor Template Kit for IT Agencies - AllWin Theme \u2013 Free WordPress Themes Download\",\"isPartOf\":{\"@id\":\"https:\/\/allwintheme.com\/#website\"},\"primaryImageOfPage\":{\"@id\":\"https:\/\/allwintheme.com\/product\/solvero-web-mobile-development-service-elementor-template-kit\/#primaryimage\"},\"image\":{\"@id\":\"https:\/\/allwintheme.com\/product\/solvero-web-mobile-development-service-elementor-template-kit\/#primaryimage\"},\"thumbnailUrl\":\"https:\/\/allwintheme.com\/wp-content\/uploads\/2025\/09\/44jp2shb.png\",\"datePublished\":\"2025-09-06T11:20:05+00:00\",\"dateModified\":\"2025-09-06T11:25:04+00:00\",\"description\":\"Build stunning websites with Solvero Elementor Template Kit. Includes 19 ready-to-use layouts for web, mobile, and IT service companies.\",\"breadcrumb\":{\"@id\":\"https:\/\/allwintheme.com\/product\/solvero-web-mobile-development-service-elementor-template-kit\/#breadcrumb\"},\"inLanguage\":\"es-CL\",\"potentialAction\":[{\"@type\":\"ReadAction\",\"target\":[\"https:\/\/allwintheme.com\/product\/solvero-web-mobile-development-service-elementor-template-kit\/\"]}]},{\"@type\":\"ImageObject\",\"inLanguage\":\"es-CL\",\"@id\":\"https:\/\/allwintheme.com\/product\/solvero-web-mobile-development-service-elementor-template-kit\/#primaryimage\",\"url\":\"https:\/\/allwintheme.com\/wp-content\/uploads\/2025\/09\/44jp2shb.png\",\"contentUrl\":\"https:\/\/allwintheme.com\/wp-content\/uploads\/2025\/09\/44jp2shb.png\",\"width\":768,\"height\":512,\"caption\":\"Solvero \u2013 Web & Mobile Development Service Elementor Template Kit\"},{\"@type\":\"BreadcrumbList\",\"@id\":\"https:\/\/allwintheme.com\/product\/solvero-web-mobile-development-service-elementor-template-kit\/#breadcrumb\",\"itemListElement\":[{\"@type\":\"ListItem\",\"position\":1,\"name\":\"Home\",\"item\":\"https:\/\/allwintheme.com\/\"},{\"@type\":\"ListItem\",\"position\":2,\"name\":\"Shop\",\"item\":\"https:\/\/allwintheme.com\/shop\/\"},{\"@type\":\"ListItem\",\"position\":3,\"name\":\"Solvero \u2013 Elementor Template Kit for IT Agencies\"}]},{\"@type\":\"WebSite\",\"@id\":\"https:\/\/allwintheme.com\/#website\",\"url\":\"https:\/\/allwintheme.com\/\",\"name\":\"Allwintheme\",\"description\":\"Download free WordPress themes for every niche. Blogs, business, eCommerce, portfolio, restaurant and more. All themes are GPL licensed and mobile-ready.\",\"potentialAction\":[{\"@type\":\"SearchAction\",\"target\":{\"@type\":\"EntryPoint\",\"urlTemplate\":\"https:\/\/allwintheme.com\/?s={search_term_string}\"},\"query-input\":{\"@type\":\"PropertyValueSpecification\",\"valueRequired\":true,\"valueName\":\"search_term_string\"}}],\"inLanguage\":\"es-CL\"}]}<\/script>\n<!-- \/ Yoast SEO Premium plugin. -->","yoast_head_json":{"title":"Solvero - Elementor Template Kit for IT Agencies - AllWin Theme - Free WordPress Themes Download","description":"Construya sitios web impresionantes con Solvero Elementor Template Kit. Incluye 19 dise\u00f1os listos para usar para web, m\u00f3vil y empresas de servicios de TI.","robots":{"index":"index","follow":"follow","max-snippet":"max-snippet:-1","max-image-preview":"max-image-preview:large","max-video-preview":"max-video-preview:-1"},"canonical":"https:\/\/allwintheme.com\/es\/producto\/solvero-web-mobile-development-service-elementor-template-kit\/","og_locale":"es_ES","og_type":"article","og_title":"Solvero \u2013 Elementor Template Kit for IT Agencies","og_description":"Build stunning websites with Solvero Elementor Template Kit. Includes 19 ready-to-use layouts for web, mobile, and IT service companies.","og_url":"https:\/\/allwintheme.com\/es\/producto\/solvero-web-mobile-development-service-elementor-template-kit\/","og_site_name":"AllWin Theme \u2013 Free WordPress Themes Download","article_modified_time":"2025-09-06T11:25:04+00:00","og_image":[{"width":768,"height":512,"url":"https:\/\/allwintheme.com\/wp-content\/uploads\/2025\/09\/44jp2shb.png","type":"image\/png"}],"twitter_card":"summary_large_image","twitter_misc":{"Tiempo estimado de lectura":"1 minuto"},"schema":{"@context":"https:\/\/schema.org","@graph":[{"@type":"WebPage","@id":"https:\/\/allwintheme.com\/product\/solvero-web-mobile-development-service-elementor-template-kit\/","url":"https:\/\/allwintheme.com\/product\/solvero-web-mobile-development-service-elementor-template-kit\/","name":"Solvero - Elementor Template Kit for IT Agencies - AllWin Theme - Free WordPress Themes Download","isPartOf":{"@id":"https:\/\/allwintheme.com\/#website"},"primaryImageOfPage":{"@id":"https:\/\/allwintheme.com\/product\/solvero-web-mobile-development-service-elementor-template-kit\/#primaryimage"},"image":{"@id":"https:\/\/allwintheme.com\/product\/solvero-web-mobile-development-service-elementor-template-kit\/#primaryimage"},"thumbnailUrl":"https:\/\/allwintheme.com\/wp-content\/uploads\/2025\/09\/44jp2shb.png","datePublished":"2025-09-06T11:20:05+00:00","dateModified":"2025-09-06T11:25:04+00:00","description":"Construya sitios web impresionantes con Solvero Elementor Template Kit. Incluye 19 dise\u00f1os listos para usar para web, m\u00f3vil y empresas de servicios de TI.","breadcrumb":{"@id":"https:\/\/allwintheme.com\/product\/solvero-web-mobile-development-service-elementor-template-kit\/#breadcrumb"},"inLanguage":"es-CL","potentialAction":[{"@type":"ReadAction","target":["https:\/\/allwintheme.com\/product\/solvero-web-mobile-development-service-elementor-template-kit\/"]}]},{"@type":"ImageObject","inLanguage":"es-CL","@id":"https:\/\/allwintheme.com\/product\/solvero-web-mobile-development-service-elementor-template-kit\/#primaryimage","url":"https:\/\/allwintheme.com\/wp-content\/uploads\/2025\/09\/44jp2shb.png","contentUrl":"https:\/\/allwintheme.com\/wp-content\/uploads\/2025\/09\/44jp2shb.png","width":768,"height":512,"caption":"Solvero \u2013 Web & Mobile Development Service Elementor Template Kit"},{"@type":"BreadcrumbList","@id":"https:\/\/allwintheme.com\/product\/solvero-web-mobile-development-service-elementor-template-kit\/#breadcrumb","itemListElement":[{"@type":"ListItem","position":1,"name":"Home","item":"https:\/\/allwintheme.com\/"},{"@type":"ListItem","position":2,"name":"Shop","item":"https:\/\/allwintheme.com\/shop\/"},{"@type":"ListItem","position":3,"name":"Solvero \u2013 Elementor Template Kit for IT Agencies"}]},{"@type":"WebSite","@id":"https:\/\/allwintheme.com\/#website","url":"https:\/\/allwintheme.com\/","name":"Allwintheme","description":"Descarga gratis temas de WordPress para todos los nichos. Blogs, negocios, comercio electr\u00f3nico, portafolio, restaurante y m\u00e1s. Todos los temas tienen licencia GPL y est\u00e1n preparados para dispositivos m\u00f3viles.","potentialAction":[{"@type":"SearchAction","target":{"@type":"EntryPoint","urlTemplate":"https:\/\/allwintheme.com\/?s={search_term_string}"},"query-input":{"@type":"PropertyValueSpecification","valueRequired":true,"valueName":"search_term_string"}}],"inLanguage":"es-CL"}]}},"_links":{"self":[{"href":"https:\/\/allwintheme.com\/es\/wp-json\/wp\/v2\/product\/6031","targetHints":{"allow":["GET"]}}],"collection":[{"href":"https:\/\/allwintheme.com\/es\/wp-json\/wp\/v2\/product"}],"about":[{"href":"https:\/\/allwintheme.com\/es\/wp-json\/wp\/v2\/types\/product"}],"replies":[{"embeddable":true,"href":"https:\/\/allwintheme.com\/es\/wp-json\/wp\/v2\/comments?post=6031"}],"version-history":[{"count":0,"href":"https:\/\/allwintheme.com\/es\/wp-json\/wp\/v2\/product\/6031\/revisions"}],"wp:featuredmedia":[{"embeddable":true,"href":"https:\/\/allwintheme.com\/es\/wp-json\/wp\/v2\/media\/6032"}],"wp:attachment":[{"href":"https:\/\/allwintheme.com\/es\/wp-json\/wp\/v2\/media?parent=6031"}],"wp:term":[{"taxonomy":"product_brand","embeddable":true,"href":"https:\/\/allwintheme.com\/es\/wp-json\/wp\/v2\/product_brand?post=6031"},{"taxonomy":"product_cat","embeddable":true,"href":"https:\/\/allwintheme.com\/es\/wp-json\/wp\/v2\/product_cat?post=6031"},{"taxonomy":"product_tag","embeddable":true,"href":"https:\/\/allwintheme.com\/es\/wp-json\/wp\/v2\/product_tag?post=6031"}],"curies":[{"name":"wp","href":"https:\/\/api.w.org\/{rel}","templated":true}]}}