{"id":6045,"date":"2025-09-07T03:24:08","date_gmt":"2025-09-07T03:24:08","guid":{"rendered":"https:\/\/allwintheme.com\/?post_type=product&#038;p=6045"},"modified":"2025-09-07T03:32:09","modified_gmt":"2025-09-07T03:32:09","slug":"xstore-tema-woocommerce-multiproposito","status":"publish","type":"product","link":"https:\/\/allwintheme.com\/es\/producto\/xstore-tema-woocommerce-multiproposito\/","title":{"rendered":"XStore: Multiprop\u00f3sito WooCommerce Tema para su tienda"},"content":{"rendered":"<div data-elementor-type=\"wp-post\" data-elementor-id=\"6045\" class=\"elementor elementor-6045\" data-elementor-settings=\"{&quot;element_pack_global_tooltip_width&quot;:{&quot;unit&quot;:&quot;px&quot;,&quot;size&quot;:&quot;&quot;,&quot;sizes&quot;:[]},&quot;element_pack_global_tooltip_width_tablet&quot;:{&quot;unit&quot;:&quot;px&quot;,&quot;size&quot;:&quot;&quot;,&quot;sizes&quot;:[]},&quot;element_pack_global_tooltip_width_mobile&quot;:{&quot;unit&quot;:&quot;px&quot;,&quot;size&quot;:&quot;&quot;,&quot;sizes&quot;:[]},&quot;element_pack_global_tooltip_padding&quot;:{&quot;unit&quot;:&quot;px&quot;,&quot;top&quot;:&quot;&quot;,&quot;right&quot;:&quot;&quot;,&quot;bottom&quot;:&quot;&quot;,&quot;left&quot;:&quot;&quot;,&quot;isLinked&quot;:true},&quot;element_pack_global_tooltip_padding_tablet&quot;:{&quot;unit&quot;:&quot;px&quot;,&quot;top&quot;:&quot;&quot;,&quot;right&quot;:&quot;&quot;,&quot;bottom&quot;:&quot;&quot;,&quot;left&quot;:&quot;&quot;,&quot;isLinked&quot;:true},&quot;element_pack_global_tooltip_padding_mobile&quot;:{&quot;unit&quot;:&quot;px&quot;,&quot;top&quot;:&quot;&quot;,&quot;right&quot;:&quot;&quot;,&quot;bottom&quot;:&quot;&quot;,&quot;left&quot;:&quot;&quot;,&quot;isLinked&quot;:true},&quot;element_pack_global_tooltip_border_radius&quot;:{&quot;unit&quot;:&quot;px&quot;,&quot;top&quot;:&quot;&quot;,&quot;right&quot;:&quot;&quot;,&quot;bottom&quot;:&quot;&quot;,&quot;left&quot;:&quot;&quot;,&quot;isLinked&quot;:true},&quot;element_pack_global_tooltip_border_radius_tablet&quot;:{&quot;unit&quot;:&quot;px&quot;,&quot;top&quot;:&quot;&quot;,&quot;right&quot;:&quot;&quot;,&quot;bottom&quot;:&quot;&quot;,&quot;left&quot;:&quot;&quot;,&quot;isLinked&quot;:true},&quot;element_pack_global_tooltip_border_radius_mobile&quot;:{&quot;unit&quot;:&quot;px&quot;,&quot;top&quot;:&quot;&quot;,&quot;right&quot;:&quot;&quot;,&quot;bottom&quot;:&quot;&quot;,&quot;left&quot;:&quot;&quot;,&quot;isLinked&quot;:true}}\" data-elementor-post-type=\"product\">\n\t\t\t\t<div class=\"elementor-element elementor-element-93aa4a8 e-con-full e-flex e-con e-parent\" data-id=\"93aa4a8\" data-element_type=\"container\" data-e-type=\"container\">\n\t\t\t\t<div class=\"elementor-element elementor-element-2c3f760 miaoshu elementor-widget elementor-widget-wd_text_block\" data-id=\"2c3f760\" data-element_type=\"widget\" data-e-type=\"widget\" data-widget_type=\"wd_text_block.default\">\n\t\t\t\t<div class=\"elementor-widget-container\">\n\t\t\t\t\t\t\t<div class=\"wd-text-block reset-last-child text-left\">\n\t\t\t\n\t\t\t<h2 dir=\"auto\">XStore: El mejor tema de WooCommerce para tu tienda online<\/h2><p dir=\"auto\">Cree una tienda en l\u00ednea impresionante y profesional con <strong>XStore<\/strong>XStore es un tema WooCommerce multiprop\u00f3sito premium dise\u00f1ado para WordPress. Con la confianza de m\u00e1s de 85.000 usuarios, XStore combina elegancia, funcionalidad y rendimiento para ayudarte a crear un sitio web de comercio electr\u00f3nico r\u00e1pido, compatible con SEO y totalmente personalizable con facilidad.<\/p><h3 dir=\"auto\">\u00bfPor qu\u00e9 elegir XStore?<\/h3><ul dir=\"auto\"><li><strong>M\u00e1s de 130 demostraciones preconstruidas:<\/strong> Lance su tienda en cuesti\u00f3n de minutos con importaciones de demostraci\u00f3n de un solo clic adaptadas a sectores como la moda, la electr\u00f3nica, los muebles, la joyer\u00eda, etc.<\/li><li><strong>Personalizaci\u00f3n perfecta:<\/strong> No necesitas conocimientos de programaci\u00f3n. Utiliza el intuitivo panel de opciones del tema o constructores de arrastrar y soltar como Elementor y WPBakery para personalizar dise\u00f1os, colores, fuentes y mucho m\u00e1s.<\/li><li><strong>Potentes funciones de WooCommerce:<\/strong> Aumente las conversiones con herramientas como la vista r\u00e1pida, la lista de deseos, la b\u00fasqueda AJAX, los filtros AJAX, el pago expr\u00e9s, la adici\u00f3n adhesiva al carrito, los temporizadores de cuenta atr\u00e1s de venta y las galer\u00edas de variaciones de productos.<\/li><li><strong>Rendimiento optimizado:<\/strong> Disfrute de tiempos de carga ultrarr\u00e1pidos con carga diferida inteligente de im\u00e1genes, c\u00f3digo minificado y dise\u00f1o compatible con SEO para mejorar la clasificaci\u00f3n en Google.<\/li><li><strong>Preparado para varios proveedores:<\/strong> Construir un mercado con compatibilidad para plugins como Dokan y WC Vendors.<\/li><li><strong>Dise\u00f1o compatible con dispositivos m\u00f3viles:<\/strong> Totalmente adaptable y listo para retina, lo que garantiza una experiencia perfecta en todos los dispositivos.<\/li><\/ul><h3 dir=\"auto\">Funciones avanzadas para una experiencia de usuario superior<\/h3><p dir=\"auto\">XStore va m\u00e1s all\u00e1 de la est\u00e9tica con un s\u00f3lido conjunto de caracter\u00edsticas para mejorar la funcionalidad de su tienda:<\/p><ul dir=\"auto\"><li><strong>Mega Men\u00fa integrado:<\/strong> Cree una navegaci\u00f3n f\u00e1cil de usar con mega men\u00fas personalizables.<\/li><li><strong>Cumplimiento del GDPR:<\/strong> Incluye ventanas emergentes de informaci\u00f3n sobre la ley de cookies para cumplir las normas de privacidad.<\/li><li><strong>Soporte multiling\u00fce y RTL:<\/strong> Listo para la traducci\u00f3n con compatibilidad WPML y soporte para idiomas de derecha a izquierda.<\/li><li><strong>Plugins Premium incluidos:<\/strong> Obtenga Slider Revolution, WPBakery Page Builder, y m\u00e1s (por valor de m\u00e1s de $467) sin coste adicional.<\/li><li><strong>Animaciones avanzadas:<\/strong> A\u00f1ada estilo con animaciones Lottie, efectos de paralaje y elementos flotantes.<\/li><li><strong>Integraci\u00f3n de los medios sociales:<\/strong> Con\u00e9ctese con los clientes a trav\u00e9s de los boletines de MailChimp y las opciones de inicio de sesi\u00f3n social.<\/li><\/ul><h3 dir=\"auto\">Velocidad y fiabilidad<\/h3><p dir=\"auto\">XStore est\u00e1 optimizado para Google Page Speed y Core Web Vitals, lo que garantiza una experiencia de navegaci\u00f3n fluida y atractiva. Con una base de c\u00f3digo limpia y bien organizada y actualizaciones gratuitas de por vida, tu tienda se mantiene segura y compatible con las \u00faltimas versiones de WordPress (6.8+) y WooCommerce (10.1+).<\/p><h3 dir=\"auto\">Instalaci\u00f3n y asistencia sin esfuerzo<\/h3><p dir=\"auto\">Empieza r\u00e1pidamente con el intuitivo asistente de configuraci\u00f3n de XStore y el importador de demos con un solo clic. \u00bfNecesita ayuda? Acceda a un soporte r\u00e1pido y profesional a trav\u00e9s del foro dedicado de XStore, la documentaci\u00f3n en l\u00ednea y los tutoriales en v\u00eddeo. Tanto si es un principiante como un desarrollador experimentado, XStore le permite crear una tienda \u00fanica que destaque.<\/p><h3 dir=\"auto\">\u00danase a m\u00e1s de 85.000 clientes satisfechos<\/h3><p dir=\"auto\">XStore es la elecci\u00f3n perfecta para el \u00e9xito del comercio electr\u00f3nico, tanto para peque\u00f1as empresas como para mercados multivendedor. Su flexibilidad, caracter\u00edsticas robustas y soporte de primer nivel lo convierten en uno de los temas de WooCommerce m\u00e1s vendidos en ThemeForest. \u00a1Empieza a crear la tienda de tus sue\u00f1os hoy mismo con XStore!<\/p>\n\t\t\t\t\t<\/div>\n\t\t\t\t\t\t<\/div>\n\t\t\t\t<\/div>\n\t\t\t\t<\/div>\n\t\t\t\t<\/div>","protected":false},"excerpt":{"rendered":"<p>XStore: The Ultimate WooCommerce Theme for Your Online Store Create a stunning, professional online store with XStore, a premium multipurpose<\/p>","protected":false},"featured_media":6046,"comment_status":"open","ping_status":"closed","template":"","meta":{"_acf_changed":false},"product_brand":[],"product_cat":[48],"product_tag":[],"class_list":{"0":"post-6045","1":"product","2":"type-product","3":"status-publish","4":"has-post-thumbnail","6":"product_cat-themes","8":"first","9":"instock","10":"sale","11":"downloadable","12":"shipping-taxable","13":"purchasable","14":"product-type-simple"},"acf":[],"yoast_head":"<!-- This site is optimized with the Yoast SEO Premium plugin v25.6 (Yoast SEO v27.1.1) - https:\/\/yoast.com\/product\/yoast-seo-premium-wordpress\/ -->\n<title>XStore: Multipurpose WooCommerce Theme for Your Store - AllWin Theme \u2013 Free WordPress Themes Download<\/title>\n<meta name=\"description\" content=\"Discover XStore, a versatile WooCommerce theme with 130+ demos, seamless customization, and powerful eCommerce features for your WordPress store.\" \/>\n<meta name=\"robots\" content=\"index, follow, max-snippet:-1, max-image-preview:large, max-video-preview:-1\" \/>\n<link rel=\"canonical\" href=\"https:\/\/allwintheme.com\/es\/producto\/xstore-tema-woocommerce-multiproposito\/\" \/>\n<meta property=\"og:locale\" content=\"es_ES\" \/>\n<meta property=\"og:type\" content=\"article\" \/>\n<meta property=\"og:title\" content=\"XStore: Multipurpose WooCommerce Theme for Your Store\" \/>\n<meta property=\"og:description\" content=\"Discover XStore, a versatile WooCommerce theme with 130+ demos, seamless customization, and powerful eCommerce features for your WordPress store.\" \/>\n<meta property=\"og:url\" content=\"https:\/\/allwintheme.com\/es\/producto\/xstore-tema-woocommerce-multiproposito\/\" \/>\n<meta property=\"og:site_name\" content=\"AllWin Theme \u2013 Free WordPress Themes Download\" \/>\n<meta property=\"article:modified_time\" content=\"2025-09-07T03:32:09+00:00\" \/>\n<meta property=\"og:image\" content=\"https:\/\/allwintheme.com\/wp-content\/uploads\/2025\/09\/jokkh59r.png\" \/>\n\t<meta property=\"og:image:width\" content=\"590\" \/>\n\t<meta property=\"og:image:height\" content=\"300\" \/>\n\t<meta property=\"og:image:type\" content=\"image\/png\" \/>\n<meta name=\"twitter:card\" content=\"summary_large_image\" \/>\n<meta name=\"twitter:label1\" content=\"Tiempo estimado de lectura\" \/>\n\t<meta name=\"twitter:data1\" content=\"3 minutos\" \/>\n<script type=\"application\/ld+json\" class=\"yoast-schema-graph\">{\"@context\":\"https:\/\/schema.org\",\"@graph\":[{\"@type\":\"WebPage\",\"@id\":\"https:\/\/allwintheme.com\/product\/xstore-multipurpose-woocommerce-theme\/\",\"url\":\"https:\/\/allwintheme.com\/product\/xstore-multipurpose-woocommerce-theme\/\",\"name\":\"XStore: Multipurpose WooCommerce Theme for Your Store - AllWin Theme \u2013 Free WordPress Themes Download\",\"isPartOf\":{\"@id\":\"https:\/\/allwintheme.com\/#website\"},\"primaryImageOfPage\":{\"@id\":\"https:\/\/allwintheme.com\/product\/xstore-multipurpose-woocommerce-theme\/#primaryimage\"},\"image\":{\"@id\":\"https:\/\/allwintheme.com\/product\/xstore-multipurpose-woocommerce-theme\/#primaryimage\"},\"thumbnailUrl\":\"https:\/\/allwintheme.com\/wp-content\/uploads\/2025\/09\/jokkh59r.png\",\"datePublished\":\"2025-09-07T03:24:08+00:00\",\"dateModified\":\"2025-09-07T03:32:09+00:00\",\"description\":\"Discover XStore, a versatile WooCommerce theme with 130+ demos, seamless customization, and powerful eCommerce features for your WordPress store.\",\"breadcrumb\":{\"@id\":\"https:\/\/allwintheme.com\/product\/xstore-multipurpose-woocommerce-theme\/#breadcrumb\"},\"inLanguage\":\"es-CL\",\"potentialAction\":[{\"@type\":\"ReadAction\",\"target\":[\"https:\/\/allwintheme.com\/product\/xstore-multipurpose-woocommerce-theme\/\"]}]},{\"@type\":\"ImageObject\",\"inLanguage\":\"es-CL\",\"@id\":\"https:\/\/allwintheme.com\/product\/xstore-multipurpose-woocommerce-theme\/#primaryimage\",\"url\":\"https:\/\/allwintheme.com\/wp-content\/uploads\/2025\/09\/jokkh59r.png\",\"contentUrl\":\"https:\/\/allwintheme.com\/wp-content\/uploads\/2025\/09\/jokkh59r.png\",\"width\":590,\"height\":300,\"caption\":\"XStore \u2013 Multipurpose WooCommerce Theme\"},{\"@type\":\"BreadcrumbList\",\"@id\":\"https:\/\/allwintheme.com\/product\/xstore-multipurpose-woocommerce-theme\/#breadcrumb\",\"itemListElement\":[{\"@type\":\"ListItem\",\"position\":1,\"name\":\"Home\",\"item\":\"https:\/\/allwintheme.com\/\"},{\"@type\":\"ListItem\",\"position\":2,\"name\":\"Shop\",\"item\":\"https:\/\/allwintheme.com\/shop\/\"},{\"@type\":\"ListItem\",\"position\":3,\"name\":\"XStore: Multipurpose WooCommerce Theme for Your Store\"}]},{\"@type\":\"WebSite\",\"@id\":\"https:\/\/allwintheme.com\/#website\",\"url\":\"https:\/\/allwintheme.com\/\",\"name\":\"Allwintheme\",\"description\":\"Download free WordPress themes for every niche. Blogs, business, eCommerce, portfolio, restaurant and more. All themes are GPL licensed and mobile-ready.\",\"potentialAction\":[{\"@type\":\"SearchAction\",\"target\":{\"@type\":\"EntryPoint\",\"urlTemplate\":\"https:\/\/allwintheme.com\/?s={search_term_string}\"},\"query-input\":{\"@type\":\"PropertyValueSpecification\",\"valueRequired\":true,\"valueName\":\"search_term_string\"}}],\"inLanguage\":\"es-CL\"}]}<\/script>\n<!-- \/ Yoast SEO Premium plugin. -->","yoast_head_json":{"title":"XStore: Multipurpose WooCommerce Theme for Your Store - AllWin Theme \u2013 Free WordPress Themes Download","description":"Descubre XStore, un tema WooCommerce vers\u00e1til con m\u00e1s de 130 demos, personalizaci\u00f3n perfecta y potentes funciones de comercio electr\u00f3nico para tu tienda WordPress.","robots":{"index":"index","follow":"follow","max-snippet":"max-snippet:-1","max-image-preview":"max-image-preview:large","max-video-preview":"max-video-preview:-1"},"canonical":"https:\/\/allwintheme.com\/es\/producto\/xstore-tema-woocommerce-multiproposito\/","og_locale":"es_ES","og_type":"article","og_title":"XStore: Multipurpose WooCommerce Theme for Your Store","og_description":"Discover XStore, a versatile WooCommerce theme with 130+ demos, seamless customization, and powerful eCommerce features for your WordPress store.","og_url":"https:\/\/allwintheme.com\/es\/producto\/xstore-tema-woocommerce-multiproposito\/","og_site_name":"AllWin Theme \u2013 Free WordPress Themes Download","article_modified_time":"2025-09-07T03:32:09+00:00","og_image":[{"width":590,"height":300,"url":"https:\/\/allwintheme.com\/wp-content\/uploads\/2025\/09\/jokkh59r.png","type":"image\/png"}],"twitter_card":"summary_large_image","twitter_misc":{"Tiempo estimado de lectura":"3 minutos"},"schema":{"@context":"https:\/\/schema.org","@graph":[{"@type":"WebPage","@id":"https:\/\/allwintheme.com\/product\/xstore-multipurpose-woocommerce-theme\/","url":"https:\/\/allwintheme.com\/product\/xstore-multipurpose-woocommerce-theme\/","name":"XStore: Multipurpose WooCommerce Theme for Your Store - AllWin Theme \u2013 Free WordPress Themes Download","isPartOf":{"@id":"https:\/\/allwintheme.com\/#website"},"primaryImageOfPage":{"@id":"https:\/\/allwintheme.com\/product\/xstore-multipurpose-woocommerce-theme\/#primaryimage"},"image":{"@id":"https:\/\/allwintheme.com\/product\/xstore-multipurpose-woocommerce-theme\/#primaryimage"},"thumbnailUrl":"https:\/\/allwintheme.com\/wp-content\/uploads\/2025\/09\/jokkh59r.png","datePublished":"2025-09-07T03:24:08+00:00","dateModified":"2025-09-07T03:32:09+00:00","description":"Descubre XStore, un tema WooCommerce vers\u00e1til con m\u00e1s de 130 demos, personalizaci\u00f3n perfecta y potentes funciones de comercio electr\u00f3nico para tu tienda WordPress.","breadcrumb":{"@id":"https:\/\/allwintheme.com\/product\/xstore-multipurpose-woocommerce-theme\/#breadcrumb"},"inLanguage":"es-CL","potentialAction":[{"@type":"ReadAction","target":["https:\/\/allwintheme.com\/product\/xstore-multipurpose-woocommerce-theme\/"]}]},{"@type":"ImageObject","inLanguage":"es-CL","@id":"https:\/\/allwintheme.com\/product\/xstore-multipurpose-woocommerce-theme\/#primaryimage","url":"https:\/\/allwintheme.com\/wp-content\/uploads\/2025\/09\/jokkh59r.png","contentUrl":"https:\/\/allwintheme.com\/wp-content\/uploads\/2025\/09\/jokkh59r.png","width":590,"height":300,"caption":"XStore \u2013 Multipurpose WooCommerce Theme"},{"@type":"BreadcrumbList","@id":"https:\/\/allwintheme.com\/product\/xstore-multipurpose-woocommerce-theme\/#breadcrumb","itemListElement":[{"@type":"ListItem","position":1,"name":"Home","item":"https:\/\/allwintheme.com\/"},{"@type":"ListItem","position":2,"name":"Shop","item":"https:\/\/allwintheme.com\/shop\/"},{"@type":"ListItem","position":3,"name":"XStore: Multipurpose WooCommerce Theme for Your Store"}]},{"@type":"WebSite","@id":"https:\/\/allwintheme.com\/#website","url":"https:\/\/allwintheme.com\/","name":"Allwintheme","description":"Descarga gratis temas de WordPress para todos los nichos. Blogs, negocios, comercio electr\u00f3nico, portafolio, restaurante y m\u00e1s. Todos los temas tienen licencia GPL y est\u00e1n preparados para dispositivos m\u00f3viles.","potentialAction":[{"@type":"SearchAction","target":{"@type":"EntryPoint","urlTemplate":"https:\/\/allwintheme.com\/?s={search_term_string}"},"query-input":{"@type":"PropertyValueSpecification","valueRequired":true,"valueName":"search_term_string"}}],"inLanguage":"es-CL"}]}},"_links":{"self":[{"href":"https:\/\/allwintheme.com\/es\/wp-json\/wp\/v2\/product\/6045","targetHints":{"allow":["GET"]}}],"collection":[{"href":"https:\/\/allwintheme.com\/es\/wp-json\/wp\/v2\/product"}],"about":[{"href":"https:\/\/allwintheme.com\/es\/wp-json\/wp\/v2\/types\/product"}],"replies":[{"embeddable":true,"href":"https:\/\/allwintheme.com\/es\/wp-json\/wp\/v2\/comments?post=6045"}],"version-history":[{"count":0,"href":"https:\/\/allwintheme.com\/es\/wp-json\/wp\/v2\/product\/6045\/revisions"}],"wp:featuredmedia":[{"embeddable":true,"href":"https:\/\/allwintheme.com\/es\/wp-json\/wp\/v2\/media\/6046"}],"wp:attachment":[{"href":"https:\/\/allwintheme.com\/es\/wp-json\/wp\/v2\/media?parent=6045"}],"wp:term":[{"taxonomy":"product_brand","embeddable":true,"href":"https:\/\/allwintheme.com\/es\/wp-json\/wp\/v2\/product_brand?post=6045"},{"taxonomy":"product_cat","embeddable":true,"href":"https:\/\/allwintheme.com\/es\/wp-json\/wp\/v2\/product_cat?post=6045"},{"taxonomy":"product_tag","embeddable":true,"href":"https:\/\/allwintheme.com\/es\/wp-json\/wp\/v2\/product_tag?post=6045"}],"curies":[{"name":"wp","href":"https:\/\/api.w.org\/{rel}","templated":true}]}}