{"id":6069,"date":"2025-09-07T03:42:12","date_gmt":"2025-09-07T03:42:12","guid":{"rendered":"https:\/\/allwintheme.com\/?post_type=product&#038;p=6069"},"modified":"2025-09-07T03:54:01","modified_gmt":"2025-09-07T03:54:01","slug":"virex-ai-powered-business-and-technology-wordpress-theme","status":"publish","type":"product","link":"https:\/\/allwintheme.com\/es\/producto\/virex-ai-powered-business-and-technology-wordpress-theme\/","title":{"rendered":"Virex - AI-Powered Business And Technology Tema de WordPress"},"content":{"rendered":"<div data-elementor-type=\"wp-post\" data-elementor-id=\"6069\" class=\"elementor elementor-6069\" data-elementor-settings=\"{&quot;element_pack_global_tooltip_width&quot;:{&quot;unit&quot;:&quot;px&quot;,&quot;size&quot;:&quot;&quot;,&quot;sizes&quot;:[]},&quot;element_pack_global_tooltip_width_tablet&quot;:{&quot;unit&quot;:&quot;px&quot;,&quot;size&quot;:&quot;&quot;,&quot;sizes&quot;:[]},&quot;element_pack_global_tooltip_width_mobile&quot;:{&quot;unit&quot;:&quot;px&quot;,&quot;size&quot;:&quot;&quot;,&quot;sizes&quot;:[]},&quot;element_pack_global_tooltip_padding&quot;:{&quot;unit&quot;:&quot;px&quot;,&quot;top&quot;:&quot;&quot;,&quot;right&quot;:&quot;&quot;,&quot;bottom&quot;:&quot;&quot;,&quot;left&quot;:&quot;&quot;,&quot;isLinked&quot;:true},&quot;element_pack_global_tooltip_padding_tablet&quot;:{&quot;unit&quot;:&quot;px&quot;,&quot;top&quot;:&quot;&quot;,&quot;right&quot;:&quot;&quot;,&quot;bottom&quot;:&quot;&quot;,&quot;left&quot;:&quot;&quot;,&quot;isLinked&quot;:true},&quot;element_pack_global_tooltip_padding_mobile&quot;:{&quot;unit&quot;:&quot;px&quot;,&quot;top&quot;:&quot;&quot;,&quot;right&quot;:&quot;&quot;,&quot;bottom&quot;:&quot;&quot;,&quot;left&quot;:&quot;&quot;,&quot;isLinked&quot;:true},&quot;element_pack_global_tooltip_border_radius&quot;:{&quot;unit&quot;:&quot;px&quot;,&quot;top&quot;:&quot;&quot;,&quot;right&quot;:&quot;&quot;,&quot;bottom&quot;:&quot;&quot;,&quot;left&quot;:&quot;&quot;,&quot;isLinked&quot;:true},&quot;element_pack_global_tooltip_border_radius_tablet&quot;:{&quot;unit&quot;:&quot;px&quot;,&quot;top&quot;:&quot;&quot;,&quot;right&quot;:&quot;&quot;,&quot;bottom&quot;:&quot;&quot;,&quot;left&quot;:&quot;&quot;,&quot;isLinked&quot;:true},&quot;element_pack_global_tooltip_border_radius_mobile&quot;:{&quot;unit&quot;:&quot;px&quot;,&quot;top&quot;:&quot;&quot;,&quot;right&quot;:&quot;&quot;,&quot;bottom&quot;:&quot;&quot;,&quot;left&quot;:&quot;&quot;,&quot;isLinked&quot;:true}}\" data-elementor-post-type=\"product\">\n\t\t\t\t<div class=\"elementor-element elementor-element-93aa4a8 e-con-full e-flex e-con e-parent\" data-id=\"93aa4a8\" data-element_type=\"container\" data-e-type=\"container\">\n\t\t\t\t<div class=\"elementor-element elementor-element-2c3f760 miaoshu elementor-widget elementor-widget-wd_text_block\" data-id=\"2c3f760\" data-element_type=\"widget\" data-e-type=\"widget\" data-widget_type=\"wd_text_block.default\">\n\t\t\t\t<div class=\"elementor-widget-container\">\n\t\t\t\t\t\t\t<div class=\"wd-text-block reset-last-child text-left\">\n\t\t\t\n\t\t\t<h2>Virex - Tema de WordPress para empresas y tecnolog\u00eda basado en IA<\/h2>\n\n<p><strong>Meta Descripci\u00f3n:<\/strong> Virex es un tema de WordPress din\u00e1mico para empresas tecnol\u00f3gicas y soluciones de inteligencia artificial, con dise\u00f1o adaptable y f\u00e1cil personalizaci\u00f3n.<\/p>\n\n<h3>Dise\u00f1o moderno y adaptable a su visi\u00f3n<\/h3>\n<p>Virex es un elegante tema de WordPress para empresas tecnol\u00f3gicas, startups, agencias, comercio electr\u00f3nico, portfolios y blogs. Su dise\u00f1o moderno y sus funciones avanzadas te permiten crear sitios web sorprendentes y adaptables sin necesidad de programar. Perfecto para principiantes y desarrolladores, Virex garantiza un aspecto profesional y una experiencia de usuario fluida.<\/p>\n\n<ul>\n  <li><strong>F\u00e1cil de usar:<\/strong> Su sitio se ve perfectamente en ordenadores de sobremesa, tabletas y tel\u00e9fonos, garantizando una navegaci\u00f3n fluida.<\/li>\n  <li><strong>F\u00e1cil personalizaci\u00f3n:<\/strong> Utilice el constructor de arrastrar y soltar para ajustar las fuentes, los colores y los dise\u00f1os a su marca.<\/li>\n<\/ul>\n\n<h3>Vers\u00e1til y potente para su negocio<\/h3>\n<p>Virex ofrece herramientas para lanzar su sitio web r\u00e1pidamente. Su biblioteca de demos personalizable se adapta perfectamente a sus necesidades \u00fanicas.<\/p>\n\n<ul>\n  <li><strong>Encaje industrial:<\/strong> Ideal para startups tecnol\u00f3gicas, agencias, comercio electr\u00f3nico, portfolios y blogs.<\/li>\n  <li><strong>Configuraci\u00f3n r\u00e1pida:<\/strong> Importe demostraciones con un solo clic para empezar a personalizar contenidos en cuesti\u00f3n de minutos.<\/li>\n  <li><strong>Alto rendimiento:<\/strong> Un c\u00f3digo limpio garantiza una carga r\u00e1pida y un SEO potente para impulsar las clasificaciones y la participaci\u00f3n.<\/li>\n<\/ul>\n\n<h3>Caracter\u00edsticas clave para el \u00e9xito digital<\/h3>\n<p>Virex ofrece potentes herramientas para mejorar su presencia en l\u00ednea y apoyar el crecimiento de su negocio.<\/p>\n\n<ul>\n  <li><strong>Soporte para blogs:<\/strong> Cree blogs atractivos con dise\u00f1os vers\u00e1tiles para conectar con los lectores.<\/li>\n  <li><strong>Actualizaciones peri\u00f3dicas:<\/strong> Mant\u00e9ngase compatible con las \u00faltimas versiones y plugins de WordPress.<\/li>\n  <li><strong>Apoyo superior:<\/strong> Obt\u00e9n ayuda 24 horas al d\u00eda, 7 d\u00edas a la semana, y documentaci\u00f3n detallada para una experiencia sin complicaciones.<\/li>\n<\/ul>\n\n<p>Con <strong>Virex - Tema de WordPress para empresas y tecnolog\u00eda basado en IA<\/strong>puede hacer realidad su visi\u00f3n. Empiece a construir hoy mismo.<\/p>\n\t\t\t\t\t<\/div>\n\t\t\t\t\t\t<\/div>\n\t\t\t\t<\/div>\n\t\t\t\t<\/div>\n\t\t\t\t<\/div>","protected":false},"excerpt":{"rendered":"<p>Virex - AI-Powered Business &amp; Tech WordPress Theme Meta Description: Virex es un tema de WordPress din\u00e1mico para las empresas de tecnolog\u00eda y<\/p>","protected":false},"featured_media":6070,"comment_status":"open","ping_status":"closed","template":"","meta":{"_acf_changed":false},"product_brand":[],"product_cat":[48],"product_tag":[],"class_list":{"0":"post-6069","1":"product","2":"type-product","3":"status-publish","4":"has-post-thumbnail","6":"product_cat-themes","8":"first","9":"instock","10":"sale","11":"downloadable","12":"shipping-taxable","13":"purchasable","14":"product-type-simple"},"acf":[],"yoast_head":"<!-- This site is optimized with the Yoast SEO Premium plugin v25.6 (Yoast SEO v27.1.1) - https:\/\/yoast.com\/product\/yoast-seo-premium-wordpress\/ -->\n<title>Virex \u2013 AI-Powered Business And Technology WordPress Theme - AllWin Theme \u2013 Free WordPress Themes Download<\/title>\n<meta name=\"description\" content=\"Virex \u2013 AI-Powered Business And Technology WordPress Theme es un tema de WordPress dise\u00f1ado para una amplia gama de industrias y proyectos, con un enfoque especial en negocios tecnol\u00f3gicos y soluciones impulsadas por IA.\" \/>\n<meta name=\"robots\" content=\"index, follow, max-snippet:-1, max-image-preview:large, max-video-preview:-1\" \/>\n<link rel=\"canonical\" href=\"https:\/\/allwintheme.com\/es\/producto\/virex-ai-powered-business-and-technology-wordpress-theme\/\" \/>\n<meta property=\"og:locale\" content=\"es_ES\" \/>\n<meta property=\"og:type\" content=\"article\" \/>\n<meta property=\"og:title\" content=\"Virex \u2013 AI-Powered Business And Technology WordPress Theme\" \/>\n<meta property=\"og:description\" content=\"Virex \u2013 AI-Powered Business And Technology WordPress Theme es un tema de WordPress dise\u00f1ado para una amplia gama de industrias y proyectos, con un enfoque especial en negocios tecnol\u00f3gicos y soluciones impulsadas por IA.\" \/>\n<meta property=\"og:url\" content=\"https:\/\/allwintheme.com\/es\/producto\/virex-ai-powered-business-and-technology-wordpress-theme\/\" \/>\n<meta property=\"og:site_name\" content=\"AllWin Theme \u2013 Free WordPress Themes Download\" \/>\n<meta property=\"article:modified_time\" content=\"2025-09-07T03:54:01+00:00\" \/>\n<meta property=\"og:image\" content=\"https:\/\/allwintheme.com\/wp-content\/uploads\/2025\/09\/vprrwrgf.png\" \/>\n\t<meta property=\"og:image:width\" content=\"768\" \/>\n\t<meta property=\"og:image:height\" content=\"480\" \/>\n\t<meta property=\"og:image:type\" content=\"image\/png\" \/>\n<meta name=\"twitter:card\" content=\"summary_large_image\" \/>\n<meta name=\"twitter:label1\" content=\"Tiempo estimado de lectura\" \/>\n\t<meta name=\"twitter:data1\" content=\"2 minutos\" \/>\n<script type=\"application\/ld+json\" class=\"yoast-schema-graph\">{\"@context\":\"https:\/\/schema.org\",\"@graph\":[{\"@type\":\"WebPage\",\"@id\":\"https:\/\/allwintheme.com\/product\/virex-ai-powered-business-and-technology-wordpress-theme\/\",\"url\":\"https:\/\/allwintheme.com\/product\/virex-ai-powered-business-and-technology-wordpress-theme\/\",\"name\":\"Virex \u2013 AI-Powered Business And Technology WordPress Theme - AllWin Theme \u2013 Free WordPress Themes Download\",\"isPartOf\":{\"@id\":\"https:\/\/allwintheme.com\/#website\"},\"primaryImageOfPage\":{\"@id\":\"https:\/\/allwintheme.com\/product\/virex-ai-powered-business-and-technology-wordpress-theme\/#primaryimage\"},\"image\":{\"@id\":\"https:\/\/allwintheme.com\/product\/virex-ai-powered-business-and-technology-wordpress-theme\/#primaryimage\"},\"thumbnailUrl\":\"https:\/\/allwintheme.com\/wp-content\/uploads\/2025\/09\/vprrwrgf.png\",\"datePublished\":\"2025-09-07T03:42:12+00:00\",\"dateModified\":\"2025-09-07T03:54:01+00:00\",\"description\":\"Virex \u2013 AI-Powered Business And Technology WordPress Theme es un tema de WordPress dise\u00f1ado para una amplia gama de industrias y proyectos, con un enfoque especial en negocios tecnol\u00f3gicos y soluciones impulsadas por IA.\",\"breadcrumb\":{\"@id\":\"https:\/\/allwintheme.com\/product\/virex-ai-powered-business-and-technology-wordpress-theme\/#breadcrumb\"},\"inLanguage\":\"es-CL\",\"potentialAction\":[{\"@type\":\"ReadAction\",\"target\":[\"https:\/\/allwintheme.com\/product\/virex-ai-powered-business-and-technology-wordpress-theme\/\"]}]},{\"@type\":\"ImageObject\",\"inLanguage\":\"es-CL\",\"@id\":\"https:\/\/allwintheme.com\/product\/virex-ai-powered-business-and-technology-wordpress-theme\/#primaryimage\",\"url\":\"https:\/\/allwintheme.com\/wp-content\/uploads\/2025\/09\/vprrwrgf.png\",\"contentUrl\":\"https:\/\/allwintheme.com\/wp-content\/uploads\/2025\/09\/vprrwrgf.png\",\"width\":768,\"height\":480,\"caption\":\"Virex \u2013 AI-Powered Business And Technology WordPress Theme\"},{\"@type\":\"BreadcrumbList\",\"@id\":\"https:\/\/allwintheme.com\/product\/virex-ai-powered-business-and-technology-wordpress-theme\/#breadcrumb\",\"itemListElement\":[{\"@type\":\"ListItem\",\"position\":1,\"name\":\"Home\",\"item\":\"https:\/\/allwintheme.com\/\"},{\"@type\":\"ListItem\",\"position\":2,\"name\":\"Shop\",\"item\":\"https:\/\/allwintheme.com\/shop\/\"},{\"@type\":\"ListItem\",\"position\":3,\"name\":\"Virex \u2013 AI-Powered Business And Technology WordPress Theme\"}]},{\"@type\":\"WebSite\",\"@id\":\"https:\/\/allwintheme.com\/#website\",\"url\":\"https:\/\/allwintheme.com\/\",\"name\":\"Allwintheme\",\"description\":\"Download free WordPress themes for every niche. Blogs, business, eCommerce, portfolio, restaurant and more. All themes are GPL licensed and mobile-ready.\",\"potentialAction\":[{\"@type\":\"SearchAction\",\"target\":{\"@type\":\"EntryPoint\",\"urlTemplate\":\"https:\/\/allwintheme.com\/?s={search_term_string}\"},\"query-input\":{\"@type\":\"PropertyValueSpecification\",\"valueRequired\":true,\"valueName\":\"search_term_string\"}}],\"inLanguage\":\"es-CL\"}]}<\/script>\n<!-- \/ Yoast SEO Premium plugin. -->","yoast_head_json":{"title":"Virex \u2013 AI-Powered Business And Technology WordPress Theme - AllWin Theme \u2013 Free WordPress Themes Download","description":"Virex - AI-Powered Business And Technology WordPress Theme es un tema de WordPress dise\u00f1ado para una amplia gama de industrias y proyectos, con un enfoque especial en negocios tecnol\u00f3gicos y soluciones impulsadas por IA.","robots":{"index":"index","follow":"follow","max-snippet":"max-snippet:-1","max-image-preview":"max-image-preview:large","max-video-preview":"max-video-preview:-1"},"canonical":"https:\/\/allwintheme.com\/es\/producto\/virex-ai-powered-business-and-technology-wordpress-theme\/","og_locale":"es_ES","og_type":"article","og_title":"Virex \u2013 AI-Powered Business And Technology WordPress Theme","og_description":"Virex \u2013 AI-Powered Business And Technology WordPress Theme es un tema de WordPress dise\u00f1ado para una amplia gama de industrias y proyectos, con un enfoque especial en negocios tecnol\u00f3gicos y soluciones impulsadas por IA.","og_url":"https:\/\/allwintheme.com\/es\/producto\/virex-ai-powered-business-and-technology-wordpress-theme\/","og_site_name":"AllWin Theme \u2013 Free WordPress Themes Download","article_modified_time":"2025-09-07T03:54:01+00:00","og_image":[{"width":768,"height":480,"url":"https:\/\/allwintheme.com\/wp-content\/uploads\/2025\/09\/vprrwrgf.png","type":"image\/png"}],"twitter_card":"summary_large_image","twitter_misc":{"Tiempo estimado de lectura":"2 minutos"},"schema":{"@context":"https:\/\/schema.org","@graph":[{"@type":"WebPage","@id":"https:\/\/allwintheme.com\/product\/virex-ai-powered-business-and-technology-wordpress-theme\/","url":"https:\/\/allwintheme.com\/product\/virex-ai-powered-business-and-technology-wordpress-theme\/","name":"Virex \u2013 AI-Powered Business And Technology WordPress Theme - AllWin Theme \u2013 Free WordPress Themes Download","isPartOf":{"@id":"https:\/\/allwintheme.com\/#website"},"primaryImageOfPage":{"@id":"https:\/\/allwintheme.com\/product\/virex-ai-powered-business-and-technology-wordpress-theme\/#primaryimage"},"image":{"@id":"https:\/\/allwintheme.com\/product\/virex-ai-powered-business-and-technology-wordpress-theme\/#primaryimage"},"thumbnailUrl":"https:\/\/allwintheme.com\/wp-content\/uploads\/2025\/09\/vprrwrgf.png","datePublished":"2025-09-07T03:42:12+00:00","dateModified":"2025-09-07T03:54:01+00:00","description":"Virex - AI-Powered Business And Technology WordPress Theme es un tema de WordPress dise\u00f1ado para una amplia gama de industrias y proyectos, con un enfoque especial en negocios tecnol\u00f3gicos y soluciones impulsadas por IA.","breadcrumb":{"@id":"https:\/\/allwintheme.com\/product\/virex-ai-powered-business-and-technology-wordpress-theme\/#breadcrumb"},"inLanguage":"es-CL","potentialAction":[{"@type":"ReadAction","target":["https:\/\/allwintheme.com\/product\/virex-ai-powered-business-and-technology-wordpress-theme\/"]}]},{"@type":"ImageObject","inLanguage":"es-CL","@id":"https:\/\/allwintheme.com\/product\/virex-ai-powered-business-and-technology-wordpress-theme\/#primaryimage","url":"https:\/\/allwintheme.com\/wp-content\/uploads\/2025\/09\/vprrwrgf.png","contentUrl":"https:\/\/allwintheme.com\/wp-content\/uploads\/2025\/09\/vprrwrgf.png","width":768,"height":480,"caption":"Virex \u2013 AI-Powered Business And Technology WordPress Theme"},{"@type":"BreadcrumbList","@id":"https:\/\/allwintheme.com\/product\/virex-ai-powered-business-and-technology-wordpress-theme\/#breadcrumb","itemListElement":[{"@type":"ListItem","position":1,"name":"Home","item":"https:\/\/allwintheme.com\/"},{"@type":"ListItem","position":2,"name":"Shop","item":"https:\/\/allwintheme.com\/shop\/"},{"@type":"ListItem","position":3,"name":"Virex \u2013 AI-Powered Business And Technology WordPress Theme"}]},{"@type":"WebSite","@id":"https:\/\/allwintheme.com\/#website","url":"https:\/\/allwintheme.com\/","name":"Allwintheme","description":"Descarga gratis temas de WordPress para todos los nichos. Blogs, negocios, comercio electr\u00f3nico, portafolio, restaurante y m\u00e1s. Todos los temas tienen licencia GPL y est\u00e1n preparados para dispositivos m\u00f3viles.","potentialAction":[{"@type":"SearchAction","target":{"@type":"EntryPoint","urlTemplate":"https:\/\/allwintheme.com\/?s={search_term_string}"},"query-input":{"@type":"PropertyValueSpecification","valueRequired":true,"valueName":"search_term_string"}}],"inLanguage":"es-CL"}]}},"_links":{"self":[{"href":"https:\/\/allwintheme.com\/es\/wp-json\/wp\/v2\/product\/6069","targetHints":{"allow":["GET"]}}],"collection":[{"href":"https:\/\/allwintheme.com\/es\/wp-json\/wp\/v2\/product"}],"about":[{"href":"https:\/\/allwintheme.com\/es\/wp-json\/wp\/v2\/types\/product"}],"replies":[{"embeddable":true,"href":"https:\/\/allwintheme.com\/es\/wp-json\/wp\/v2\/comments?post=6069"}],"version-history":[{"count":0,"href":"https:\/\/allwintheme.com\/es\/wp-json\/wp\/v2\/product\/6069\/revisions"}],"wp:featuredmedia":[{"embeddable":true,"href":"https:\/\/allwintheme.com\/es\/wp-json\/wp\/v2\/media\/6070"}],"wp:attachment":[{"href":"https:\/\/allwintheme.com\/es\/wp-json\/wp\/v2\/media?parent=6069"}],"wp:term":[{"taxonomy":"product_brand","embeddable":true,"href":"https:\/\/allwintheme.com\/es\/wp-json\/wp\/v2\/product_brand?post=6069"},{"taxonomy":"product_cat","embeddable":true,"href":"https:\/\/allwintheme.com\/es\/wp-json\/wp\/v2\/product_cat?post=6069"},{"taxonomy":"product_tag","embeddable":true,"href":"https:\/\/allwintheme.com\/es\/wp-json\/wp\/v2\/product_tag?post=6069"}],"curies":[{"name":"wp","href":"https:\/\/api.w.org\/{rel}","templated":true}]}}