{"id":6081,"date":"2025-09-07T03:55:01","date_gmt":"2025-09-07T03:55:01","guid":{"rendered":"https:\/\/allwintheme.com\/?post_type=product&#038;p=6081"},"modified":"2025-09-07T03:59:10","modified_gmt":"2025-09-07T03:59:10","slug":"novaai-ai-agency-it-technology-startup-business-100-elementor-wordpress-theme","status":"publish","type":"product","link":"https:\/\/allwintheme.com\/es\/producto\/novaai-ai-agency-it-technology-startup-business-100-elementor-wordpress-theme\/","title":{"rendered":"Novaai - AI &amp; Tech Startup WordPress Theme"},"content":{"rendered":"<div data-elementor-type=\"wp-post\" data-elementor-id=\"6081\" class=\"elementor elementor-6081\" data-elementor-settings=\"{&quot;element_pack_global_tooltip_width&quot;:{&quot;unit&quot;:&quot;px&quot;,&quot;size&quot;:&quot;&quot;,&quot;sizes&quot;:[]},&quot;element_pack_global_tooltip_width_tablet&quot;:{&quot;unit&quot;:&quot;px&quot;,&quot;size&quot;:&quot;&quot;,&quot;sizes&quot;:[]},&quot;element_pack_global_tooltip_width_mobile&quot;:{&quot;unit&quot;:&quot;px&quot;,&quot;size&quot;:&quot;&quot;,&quot;sizes&quot;:[]},&quot;element_pack_global_tooltip_padding&quot;:{&quot;unit&quot;:&quot;px&quot;,&quot;top&quot;:&quot;&quot;,&quot;right&quot;:&quot;&quot;,&quot;bottom&quot;:&quot;&quot;,&quot;left&quot;:&quot;&quot;,&quot;isLinked&quot;:true},&quot;element_pack_global_tooltip_padding_tablet&quot;:{&quot;unit&quot;:&quot;px&quot;,&quot;top&quot;:&quot;&quot;,&quot;right&quot;:&quot;&quot;,&quot;bottom&quot;:&quot;&quot;,&quot;left&quot;:&quot;&quot;,&quot;isLinked&quot;:true},&quot;element_pack_global_tooltip_padding_mobile&quot;:{&quot;unit&quot;:&quot;px&quot;,&quot;top&quot;:&quot;&quot;,&quot;right&quot;:&quot;&quot;,&quot;bottom&quot;:&quot;&quot;,&quot;left&quot;:&quot;&quot;,&quot;isLinked&quot;:true},&quot;element_pack_global_tooltip_border_radius&quot;:{&quot;unit&quot;:&quot;px&quot;,&quot;top&quot;:&quot;&quot;,&quot;right&quot;:&quot;&quot;,&quot;bottom&quot;:&quot;&quot;,&quot;left&quot;:&quot;&quot;,&quot;isLinked&quot;:true},&quot;element_pack_global_tooltip_border_radius_tablet&quot;:{&quot;unit&quot;:&quot;px&quot;,&quot;top&quot;:&quot;&quot;,&quot;right&quot;:&quot;&quot;,&quot;bottom&quot;:&quot;&quot;,&quot;left&quot;:&quot;&quot;,&quot;isLinked&quot;:true},&quot;element_pack_global_tooltip_border_radius_mobile&quot;:{&quot;unit&quot;:&quot;px&quot;,&quot;top&quot;:&quot;&quot;,&quot;right&quot;:&quot;&quot;,&quot;bottom&quot;:&quot;&quot;,&quot;left&quot;:&quot;&quot;,&quot;isLinked&quot;:true}}\" data-elementor-post-type=\"product\">\n\t\t\t\t<div class=\"elementor-element elementor-element-93aa4a8 e-con-full e-flex e-con e-parent\" data-id=\"93aa4a8\" data-element_type=\"container\" data-e-type=\"container\">\n\t\t\t\t<div class=\"elementor-element elementor-element-2c3f760 miaoshu elementor-widget elementor-widget-wd_text_block\" data-id=\"2c3f760\" data-element_type=\"widget\" data-e-type=\"widget\" data-widget_type=\"wd_text_block.default\">\n\t\t\t\t<div class=\"elementor-widget-container\">\n\t\t\t\t\t\t\t<div class=\"wd-text-block reset-last-child text-left\">\n\t\t\t\n\t\t\t<h2>Novaai - Potencie su negocio tecnol\u00f3gico con un tema de WordPress futurista<\/h2>\n<p>Novaai es un tema premium de WordPress creado para agencias de inteligencia artificial, startups tecnol\u00f3gicas, empresas SaaS y proveedores de servicios de TI. Construido con 100% compatibilidad Elementor, que le permite crear sitios web visualmente impresionantes, de alto rendimiento sin tocar una l\u00ednea de c\u00f3digo. Con su dise\u00f1o elegante y futurista y su s\u00f3lida funcionalidad, Novaai es la soluci\u00f3n definitiva para destacar en el vertiginoso mundo digital.<\/p>\n\n<h3>Dise\u00f1o vers\u00e1til para cualquier sector tecnol\u00f3gico<\/h3>\n<p>Novaai es m\u00e1s que un tema: es una soluci\u00f3n escalable y adaptable, hecha a medida para las necesidades din\u00e1micas de las empresas tecnol\u00f3gicas modernas. Su dise\u00f1o pulido y profesional se adapta a una amplia gama de industrias, incluyendo:<\/p>\n<ul>\n    <li><strong>Agencias de IA y aprendizaje autom\u00e1tico:<\/strong> Muestre sus soluciones de vanguardia y sus proyectos innovadores.<\/li>\n    <li><strong>Consultor\u00edas inform\u00e1ticas y soluciones tecnol\u00f3gicas:<\/strong> Presente sus servicios y su cartera con profesionalidad.<\/li>\n    <li><strong>Startups de SaaS:<\/strong> Cree p\u00e1ginas de destino atractivas o plataformas completas para sus servicios.<\/li>\n    <li><strong>Ciberseguridad y Empresas Web3:<\/strong> Establezca confianza y credibilidad con un dise\u00f1o moderno y seguro.<\/li>\n    <li><strong>Proveedores de computaci\u00f3n en nube:<\/strong> Destaque sus servicios en la nube y soluciones empresariales.<\/li>\n    <li><strong>Empresas de desarrollo de aplicaciones web y m\u00f3viles:<\/strong> Muestre sus proyectos con un portafolio cautivador.<\/li>\n<\/ul>\n\n<h3>Potentes funciones para impulsar su negocio<\/h3>\n<p>Novaai viene repleto de herramientas avanzadas para asegurar que su sitio web no s\u00f3lo se ve muy bien, pero tambi\u00e9n impulsa los resultados. Las caracter\u00edsticas clave incluyen:<\/p>\n<ul>\n    <li><strong>100% Compatibilidad con Elementor:<\/strong> Dise\u00f1a con facilidad usando el poder de arrastrar y soltar de Elementor, d\u00e1ndote control total sobre cada detalle.<\/li>\n    <li><strong>Integraci\u00f3n con WooCommerce:<\/strong> Venda productos o servicios en l\u00ednea sin esfuerzo gracias a la compatibilidad perfecta con WooCommerce.<\/li>\n    <li><strong>Importaci\u00f3n de demostraciones con un solo clic:<\/strong> Lance su sitio en segundos con una demo totalmente personalizable, lista para personalizar.<\/li>\n    <li><strong>Soporte para MetForm y Wishlist:<\/strong> Cree formularios atractivos con MetForm y mejore la interacci\u00f3n del usuario con WPC Smart Wishlist.<\/li>\n    <li><strong>Creador de encabezados y pies de p\u00e1gina personalizados:<\/strong> Cree encabezados y pies de p\u00e1gina \u00fanicos con Elementor para darles un toque profesional.<\/li>\n<\/ul>\n\n<h3>Rendimiento y optimizaci\u00f3n de \u00e9lite<\/h3>\n<p>Novaai se ha dise\u00f1ado para ofrecer velocidad, visibilidad y eficacia, garantizando el m\u00e1ximo rendimiento de su sitio web:<\/p>\n<ul>\n    <li><strong>Dise\u00f1o adaptable y listo para Retina:<\/strong> Ofrezca una experiencia impecable en todos los dispositivos y pantallas de alta resoluci\u00f3n.<\/li>\n    <li><strong>C\u00f3digo ligero y optimizado para SEO:<\/strong> Construido con las mejores pr\u00e1cticas HTML5\/CSS3 para tiempos de carga r\u00e1pidos y mejor posicionamiento en buscadores.<\/li>\n    <li><strong>Compatibilidad con plugins SEO:<\/strong> Se integra perfectamente con los principales plugins SEO para aumentar el tr\u00e1fico org\u00e1nico.<\/li>\n<\/ul>\n\n<h3>Construya el futuro de su marca<\/h3>\n<p>Con Novaai, no s\u00f3lo eliges un tema, sino que inviertes en tu \u00e9xito digital. \u00bfListo para crear un sitio web que refleje el futuro de tu negocio tecnol\u00f3gico? \u00a1Empieza hoy mismo con Novaai!<\/p>\n\t\t\t\t\t<\/div>\n\t\t\t\t\t\t<\/div>\n\t\t\t\t<\/div>\n\t\t\t\t<\/div>\n\t\t\t\t<\/div>","protected":false},"excerpt":{"rendered":"<p>Novaai &#8211; Empower Your Tech Business with a Futuristic WordPress Theme Novaai is a premium WordPress theme crafted for AI<\/p>","protected":false},"featured_media":6082,"comment_status":"open","ping_status":"closed","template":"","meta":{"_acf_changed":false},"product_brand":[],"product_cat":[48],"product_tag":[],"class_list":{"0":"post-6081","1":"product","2":"type-product","3":"status-publish","4":"has-post-thumbnail","6":"product_cat-themes","8":"first","9":"instock","10":"sale","11":"downloadable","12":"shipping-taxable","13":"purchasable","14":"product-type-simple"},"acf":[],"yoast_head":"<!-- This site is optimized with the Yoast SEO Premium plugin v25.6 (Yoast SEO v27.1.1) - https:\/\/yoast.com\/product\/yoast-seo-premium-wordpress\/ -->\n<title>Novaai - AI &amp; Tech Startup WordPress Theme - AllWin Theme \u2013 Free WordPress Themes Download<\/title>\n<meta name=\"description\" content=\"Novaai: A 100% Elementor WordPress theme for AI agencies, tech startups, SaaS, and IT services. Build stunning, responsive sites with ease.\" \/>\n<meta name=\"robots\" content=\"index, follow, max-snippet:-1, max-image-preview:large, max-video-preview:-1\" \/>\n<link rel=\"canonical\" href=\"https:\/\/allwintheme.com\/es\/producto\/novaai-ai-agency-it-technology-startup-business-100-elementor-wordpress-theme\/\" \/>\n<meta property=\"og:locale\" content=\"es_ES\" \/>\n<meta property=\"og:type\" content=\"article\" \/>\n<meta property=\"og:title\" content=\"Novaai - AI &amp; Tech Startup WordPress Theme\" \/>\n<meta property=\"og:description\" content=\"Novaai: A 100% Elementor WordPress theme for AI agencies, tech startups, SaaS, and IT services. Build stunning, responsive sites with ease.\" \/>\n<meta property=\"og:url\" content=\"https:\/\/allwintheme.com\/es\/producto\/novaai-ai-agency-it-technology-startup-business-100-elementor-wordpress-theme\/\" \/>\n<meta property=\"og:site_name\" content=\"AllWin Theme \u2013 Free WordPress Themes Download\" \/>\n<meta property=\"article:modified_time\" content=\"2025-09-07T03:59:10+00:00\" \/>\n<meta property=\"og:image\" content=\"https:\/\/allwintheme.com\/wp-content\/uploads\/2025\/09\/i9i5nnot.png\" \/>\n\t<meta property=\"og:image:width\" content=\"768\" \/>\n\t<meta property=\"og:image:height\" content=\"480\" \/>\n\t<meta property=\"og:image:type\" content=\"image\/png\" \/>\n<meta name=\"twitter:card\" content=\"summary_large_image\" \/>\n<meta name=\"twitter:label1\" content=\"Tiempo estimado de lectura\" \/>\n\t<meta name=\"twitter:data1\" content=\"3 minutos\" \/>\n<script type=\"application\/ld+json\" class=\"yoast-schema-graph\">{\"@context\":\"https:\/\/schema.org\",\"@graph\":[{\"@type\":\"WebPage\",\"@id\":\"https:\/\/allwintheme.com\/product\/novaai-ai-agency-it-technology-startup-business-100-elementor-wordpress-theme\/\",\"url\":\"https:\/\/allwintheme.com\/product\/novaai-ai-agency-it-technology-startup-business-100-elementor-wordpress-theme\/\",\"name\":\"Novaai - AI & Tech Startup WordPress Theme - AllWin Theme \u2013 Free WordPress Themes Download\",\"isPartOf\":{\"@id\":\"https:\/\/allwintheme.com\/#website\"},\"primaryImageOfPage\":{\"@id\":\"https:\/\/allwintheme.com\/product\/novaai-ai-agency-it-technology-startup-business-100-elementor-wordpress-theme\/#primaryimage\"},\"image\":{\"@id\":\"https:\/\/allwintheme.com\/product\/novaai-ai-agency-it-technology-startup-business-100-elementor-wordpress-theme\/#primaryimage\"},\"thumbnailUrl\":\"https:\/\/allwintheme.com\/wp-content\/uploads\/2025\/09\/i9i5nnot.png\",\"datePublished\":\"2025-09-07T03:55:01+00:00\",\"dateModified\":\"2025-09-07T03:59:10+00:00\",\"description\":\"Novaai: A 100% Elementor WordPress theme for AI agencies, tech startups, SaaS, and IT services. Build stunning, responsive sites with ease.\",\"breadcrumb\":{\"@id\":\"https:\/\/allwintheme.com\/product\/novaai-ai-agency-it-technology-startup-business-100-elementor-wordpress-theme\/#breadcrumb\"},\"inLanguage\":\"es-CL\",\"potentialAction\":[{\"@type\":\"ReadAction\",\"target\":[\"https:\/\/allwintheme.com\/product\/novaai-ai-agency-it-technology-startup-business-100-elementor-wordpress-theme\/\"]}]},{\"@type\":\"ImageObject\",\"inLanguage\":\"es-CL\",\"@id\":\"https:\/\/allwintheme.com\/product\/novaai-ai-agency-it-technology-startup-business-100-elementor-wordpress-theme\/#primaryimage\",\"url\":\"https:\/\/allwintheme.com\/wp-content\/uploads\/2025\/09\/i9i5nnot.png\",\"contentUrl\":\"https:\/\/allwintheme.com\/wp-content\/uploads\/2025\/09\/i9i5nnot.png\",\"width\":768,\"height\":480,\"caption\":\"Novaai | AI Agency & IT Technology Startup Business 100% Elementor WordPress Theme\"},{\"@type\":\"BreadcrumbList\",\"@id\":\"https:\/\/allwintheme.com\/product\/novaai-ai-agency-it-technology-startup-business-100-elementor-wordpress-theme\/#breadcrumb\",\"itemListElement\":[{\"@type\":\"ListItem\",\"position\":1,\"name\":\"Home\",\"item\":\"https:\/\/allwintheme.com\/\"},{\"@type\":\"ListItem\",\"position\":2,\"name\":\"Shop\",\"item\":\"https:\/\/allwintheme.com\/shop\/\"},{\"@type\":\"ListItem\",\"position\":3,\"name\":\"Novaai &#8211; AI &#038; Tech Startup WordPress Theme\"}]},{\"@type\":\"WebSite\",\"@id\":\"https:\/\/allwintheme.com\/#website\",\"url\":\"https:\/\/allwintheme.com\/\",\"name\":\"Allwintheme\",\"description\":\"Download free WordPress themes for every niche. Blogs, business, eCommerce, portfolio, restaurant and more. All themes are GPL licensed and mobile-ready.\",\"potentialAction\":[{\"@type\":\"SearchAction\",\"target\":{\"@type\":\"EntryPoint\",\"urlTemplate\":\"https:\/\/allwintheme.com\/?s={search_term_string}\"},\"query-input\":{\"@type\":\"PropertyValueSpecification\",\"valueRequired\":true,\"valueName\":\"search_term_string\"}}],\"inLanguage\":\"es-CL\"}]}<\/script>\n<!-- \/ Yoast SEO Premium plugin. -->","yoast_head_json":{"title":"Novaai - AI &amp; Tech Startup WordPress Theme - AllWin Theme - Free WordPress Themes Download","description":"Novaai: Un tema de WordPress Elementor 100% para agencias de IA, startups tecnol\u00f3gicas, SaaS y servicios de TI. Crea sitios web impresionantes y adaptativos con facilidad.","robots":{"index":"index","follow":"follow","max-snippet":"max-snippet:-1","max-image-preview":"max-image-preview:large","max-video-preview":"max-video-preview:-1"},"canonical":"https:\/\/allwintheme.com\/es\/producto\/novaai-ai-agency-it-technology-startup-business-100-elementor-wordpress-theme\/","og_locale":"es_ES","og_type":"article","og_title":"Novaai - AI & Tech Startup WordPress Theme","og_description":"Novaai: A 100% Elementor WordPress theme for AI agencies, tech startups, SaaS, and IT services. Build stunning, responsive sites with ease.","og_url":"https:\/\/allwintheme.com\/es\/producto\/novaai-ai-agency-it-technology-startup-business-100-elementor-wordpress-theme\/","og_site_name":"AllWin Theme \u2013 Free WordPress Themes Download","article_modified_time":"2025-09-07T03:59:10+00:00","og_image":[{"width":768,"height":480,"url":"https:\/\/allwintheme.com\/wp-content\/uploads\/2025\/09\/i9i5nnot.png","type":"image\/png"}],"twitter_card":"summary_large_image","twitter_misc":{"Tiempo estimado de lectura":"3 minutos"},"schema":{"@context":"https:\/\/schema.org","@graph":[{"@type":"WebPage","@id":"https:\/\/allwintheme.com\/product\/novaai-ai-agency-it-technology-startup-business-100-elementor-wordpress-theme\/","url":"https:\/\/allwintheme.com\/product\/novaai-ai-agency-it-technology-startup-business-100-elementor-wordpress-theme\/","name":"Novaai - AI &amp; Tech Startup WordPress Theme - AllWin Theme - Free WordPress Themes Download","isPartOf":{"@id":"https:\/\/allwintheme.com\/#website"},"primaryImageOfPage":{"@id":"https:\/\/allwintheme.com\/product\/novaai-ai-agency-it-technology-startup-business-100-elementor-wordpress-theme\/#primaryimage"},"image":{"@id":"https:\/\/allwintheme.com\/product\/novaai-ai-agency-it-technology-startup-business-100-elementor-wordpress-theme\/#primaryimage"},"thumbnailUrl":"https:\/\/allwintheme.com\/wp-content\/uploads\/2025\/09\/i9i5nnot.png","datePublished":"2025-09-07T03:55:01+00:00","dateModified":"2025-09-07T03:59:10+00:00","description":"Novaai: Un tema de WordPress Elementor 100% para agencias de IA, startups tecnol\u00f3gicas, SaaS y servicios de TI. Crea sitios web impresionantes y adaptativos con facilidad.","breadcrumb":{"@id":"https:\/\/allwintheme.com\/product\/novaai-ai-agency-it-technology-startup-business-100-elementor-wordpress-theme\/#breadcrumb"},"inLanguage":"es-CL","potentialAction":[{"@type":"ReadAction","target":["https:\/\/allwintheme.com\/product\/novaai-ai-agency-it-technology-startup-business-100-elementor-wordpress-theme\/"]}]},{"@type":"ImageObject","inLanguage":"es-CL","@id":"https:\/\/allwintheme.com\/product\/novaai-ai-agency-it-technology-startup-business-100-elementor-wordpress-theme\/#primaryimage","url":"https:\/\/allwintheme.com\/wp-content\/uploads\/2025\/09\/i9i5nnot.png","contentUrl":"https:\/\/allwintheme.com\/wp-content\/uploads\/2025\/09\/i9i5nnot.png","width":768,"height":480,"caption":"Novaai | AI Agency & IT Technology Startup Business 100% Elementor WordPress Theme"},{"@type":"BreadcrumbList","@id":"https:\/\/allwintheme.com\/product\/novaai-ai-agency-it-technology-startup-business-100-elementor-wordpress-theme\/#breadcrumb","itemListElement":[{"@type":"ListItem","position":1,"name":"Home","item":"https:\/\/allwintheme.com\/"},{"@type":"ListItem","position":2,"name":"Shop","item":"https:\/\/allwintheme.com\/shop\/"},{"@type":"ListItem","position":3,"name":"Novaai &#8211; AI &#038; Tech Startup WordPress Theme"}]},{"@type":"WebSite","@id":"https:\/\/allwintheme.com\/#website","url":"https:\/\/allwintheme.com\/","name":"Allwintheme","description":"Descarga gratis temas de WordPress para todos los nichos. Blogs, negocios, comercio electr\u00f3nico, portafolio, restaurante y m\u00e1s. Todos los temas tienen licencia GPL y est\u00e1n preparados para dispositivos m\u00f3viles.","potentialAction":[{"@type":"SearchAction","target":{"@type":"EntryPoint","urlTemplate":"https:\/\/allwintheme.com\/?s={search_term_string}"},"query-input":{"@type":"PropertyValueSpecification","valueRequired":true,"valueName":"search_term_string"}}],"inLanguage":"es-CL"}]}},"_links":{"self":[{"href":"https:\/\/allwintheme.com\/es\/wp-json\/wp\/v2\/product\/6081","targetHints":{"allow":["GET"]}}],"collection":[{"href":"https:\/\/allwintheme.com\/es\/wp-json\/wp\/v2\/product"}],"about":[{"href":"https:\/\/allwintheme.com\/es\/wp-json\/wp\/v2\/types\/product"}],"replies":[{"embeddable":true,"href":"https:\/\/allwintheme.com\/es\/wp-json\/wp\/v2\/comments?post=6081"}],"version-history":[{"count":0,"href":"https:\/\/allwintheme.com\/es\/wp-json\/wp\/v2\/product\/6081\/revisions"}],"wp:featuredmedia":[{"embeddable":true,"href":"https:\/\/allwintheme.com\/es\/wp-json\/wp\/v2\/media\/6082"}],"wp:attachment":[{"href":"https:\/\/allwintheme.com\/es\/wp-json\/wp\/v2\/media?parent=6081"}],"wp:term":[{"taxonomy":"product_brand","embeddable":true,"href":"https:\/\/allwintheme.com\/es\/wp-json\/wp\/v2\/product_brand?post=6081"},{"taxonomy":"product_cat","embeddable":true,"href":"https:\/\/allwintheme.com\/es\/wp-json\/wp\/v2\/product_cat?post=6081"},{"taxonomy":"product_tag","embeddable":true,"href":"https:\/\/allwintheme.com\/es\/wp-json\/wp\/v2\/product_tag?post=6081"}],"curies":[{"name":"wp","href":"https:\/\/api.w.org\/{rel}","templated":true}]}}