{"id":6088,"date":"2025-09-07T03:59:30","date_gmt":"2025-09-07T03:59:30","guid":{"rendered":"https:\/\/allwintheme.com\/?post_type=product&#038;p=6088"},"modified":"2025-09-07T04:04:13","modified_gmt":"2025-09-07T04:04:13","slug":"spa-lab-beauty-salon-wordpress-theme","status":"publish","type":"product","link":"https:\/\/allwintheme.com\/es\/producto\/spa-lab-beauty-salon-wordpress-theme\/","title":{"rendered":"Spa Lab | Beauty Salon WordPress Theme"},"content":{"rendered":"<div data-elementor-type=\"wp-post\" data-elementor-id=\"6088\" class=\"elementor elementor-6088\" data-elementor-settings=\"{&quot;element_pack_global_tooltip_width&quot;:{&quot;unit&quot;:&quot;px&quot;,&quot;size&quot;:&quot;&quot;,&quot;sizes&quot;:[]},&quot;element_pack_global_tooltip_width_tablet&quot;:{&quot;unit&quot;:&quot;px&quot;,&quot;size&quot;:&quot;&quot;,&quot;sizes&quot;:[]},&quot;element_pack_global_tooltip_width_mobile&quot;:{&quot;unit&quot;:&quot;px&quot;,&quot;size&quot;:&quot;&quot;,&quot;sizes&quot;:[]},&quot;element_pack_global_tooltip_padding&quot;:{&quot;unit&quot;:&quot;px&quot;,&quot;top&quot;:&quot;&quot;,&quot;right&quot;:&quot;&quot;,&quot;bottom&quot;:&quot;&quot;,&quot;left&quot;:&quot;&quot;,&quot;isLinked&quot;:true},&quot;element_pack_global_tooltip_padding_tablet&quot;:{&quot;unit&quot;:&quot;px&quot;,&quot;top&quot;:&quot;&quot;,&quot;right&quot;:&quot;&quot;,&quot;bottom&quot;:&quot;&quot;,&quot;left&quot;:&quot;&quot;,&quot;isLinked&quot;:true},&quot;element_pack_global_tooltip_padding_mobile&quot;:{&quot;unit&quot;:&quot;px&quot;,&quot;top&quot;:&quot;&quot;,&quot;right&quot;:&quot;&quot;,&quot;bottom&quot;:&quot;&quot;,&quot;left&quot;:&quot;&quot;,&quot;isLinked&quot;:true},&quot;element_pack_global_tooltip_border_radius&quot;:{&quot;unit&quot;:&quot;px&quot;,&quot;top&quot;:&quot;&quot;,&quot;right&quot;:&quot;&quot;,&quot;bottom&quot;:&quot;&quot;,&quot;left&quot;:&quot;&quot;,&quot;isLinked&quot;:true},&quot;element_pack_global_tooltip_border_radius_tablet&quot;:{&quot;unit&quot;:&quot;px&quot;,&quot;top&quot;:&quot;&quot;,&quot;right&quot;:&quot;&quot;,&quot;bottom&quot;:&quot;&quot;,&quot;left&quot;:&quot;&quot;,&quot;isLinked&quot;:true},&quot;element_pack_global_tooltip_border_radius_mobile&quot;:{&quot;unit&quot;:&quot;px&quot;,&quot;top&quot;:&quot;&quot;,&quot;right&quot;:&quot;&quot;,&quot;bottom&quot;:&quot;&quot;,&quot;left&quot;:&quot;&quot;,&quot;isLinked&quot;:true}}\" data-elementor-post-type=\"product\">\n\t\t\t\t<div class=\"elementor-element elementor-element-93aa4a8 e-con-full e-flex e-con e-parent\" data-id=\"93aa4a8\" data-element_type=\"container\" data-e-type=\"container\">\n\t\t\t\t<div class=\"elementor-element elementor-element-2c3f760 miaoshu elementor-widget elementor-widget-wd_text_block\" data-id=\"2c3f760\" data-element_type=\"widget\" data-e-type=\"widget\" data-widget_type=\"wd_text_block.default\">\n\t\t\t\t<div class=\"elementor-widget-container\">\n\t\t\t\t\t\t\t<div class=\"wd-text-block reset-last-child text-left\">\n\t\t\t\n\t\t\t<h2>Spa Lab: Lo \u00faltimo en temas de WordPress para salones de belleza<\/h2>\n<p>Transforme su negocio de belleza con <strong>Laboratorio Spa<\/strong>Spa Lab es un tema de WordPress adaptable creado para salones de belleza, salones de masajes, spas de bienestar, salones de manicura, centros de yoga y mucho m\u00e1s. Tanto si eres peluquero, dermat\u00f3logo o profesional del bienestar, Spa Lab te ofrece una plataforma elegante y moderna para mostrar tus servicios y aumentar tu presencia online.<\/p>\n\n<h3>\u00bfPor qu\u00e9 elegir Spa Lab?<\/h3>\n<p>Dise\u00f1ado pensando en el sector de la belleza y el bienestar, Spa Lab combina una est\u00e9tica impactante con una potente funcionalidad. Su dise\u00f1o limpio y f\u00e1cil de usar garantiza que su sitio web tenga un aspecto profesional y funcione a la perfecci\u00f3n en todos los dispositivos. Desde la reserva de citas hasta la venta de productos en l\u00ednea, Spa Lab tiene todo lo que necesita para triunfar.<\/p>\n\n<h3>Caracter\u00edsticas principales<\/h3>\n<ul>\n  <li><strong>Dise\u00f1o receptivo:<\/strong> Optimizado para m\u00f3viles, tabletas y ordenadores de sobremesa, lo que garantiza una experiencia fluida para todos los usuarios.<\/li>\n  <li><strong>Integraci\u00f3n con WooCommerce:<\/strong> Cree f\u00e1cilmente una tienda en l\u00ednea para vender productos de belleza como cremas, champ\u00fas y lacas de u\u00f1as.<\/li>\n  <li><strong>Sistema de citas y reservas:<\/strong> Incluye un calendario de reservas de balnearios y herramientas de reserva para programarlas sin complicaciones.<\/li>\n  <li><strong>Revoluci\u00f3n deslizante:<\/strong> Cree impresionantes presentaciones de diapositivas con texto, im\u00e1genes y v\u00eddeos para cautivar a su p\u00fablico.<\/li>\n  <li><strong>Traducci\u00f3n lista:<\/strong> Es compatible con los idiomas WPML y RTL, por lo que es ideal para audiencias globales.<\/li>\n  <li><strong>Personalizaci\u00f3n avanzada:<\/strong> Incluye compatibilidad con Elementor, varios dise\u00f1os de portafolio y p\u00e1ginas de galer\u00eda para mostrar tratamientos.<\/li>\n  <li><strong>Funcionalidad de tarjeta regalo:<\/strong> Permita a los clientes comprar tarjetas regalo para una experiencia de spa de prepago.<\/li>\n  <li><strong>SEO-Friendly:<\/strong> Dise\u00f1ado para posicionarse en los primeros puestos de los motores de b\u00fasqueda como Google y atraer m\u00e1s tr\u00e1fico a su sitio web.<\/li>\n<\/ul>\n\n<h3>Perfecto para cualquier negocio de belleza<\/h3>\n<p>Spa Lab es lo suficientemente vers\u00e1til como para adaptarse a una amplia gama de negocios, incluyendo salones de belleza, spas m\u00e9dicos, centros de fisioterapia y tiendas de cosm\u00e9ticos. Su constructor de p\u00e1ginas avanzado le permite crear dise\u00f1os ilimitados sin codificaci\u00f3n, mientras que los plugins premium como Contact Form 7 y YITH WooCommerce Wishlist mejoran la funcionalidad.<\/p>\n\n<h3>Actualizaciones peri\u00f3dicas y compatibilidad<\/h3>\n<p>Spa Lab se mantiene a la vanguardia gracias a su compatibilidad con las \u00faltimas versiones de WordPress (hasta la 6.4.1), WooCommerce y PHP 8.2. Las actualizaciones peri\u00f3dicas garantizan la correcci\u00f3n de errores y la incorporaci\u00f3n de nuevas funciones, incluida la compatibilidad con Elementor y contenido de demostraci\u00f3n para una configuraci\u00f3n r\u00e1pida.<\/p>\n\n<h3>Empiece hoy mismo<\/h3>\n<p>Gracias a la importaci\u00f3n de demos con un solo clic, podr\u00e1 tener un sitio web totalmente funcional que refleje la demo del tema en cuesti\u00f3n de minutos. Eleve su negocio de belleza con el dise\u00f1o profesional y las s\u00f3lidas funciones de Spa Lab. Cree hoy mismo un sitio web que refleje su marca y atraiga a m\u00e1s clientes.<\/p>\n<p><a href=\"https:\/\/themeforest.net\/item\/spa-lab-beauty-salon-wordpress-theme\/8795615\" target=\"_blank\">Ver demostraci\u00f3n<\/a> | <a href=\"https:\/\/x.ai\/grok\" target=\"_blank\">M\u00e1s informaci\u00f3n<\/a><\/p>\n\t\t\t\t\t<\/div>\n\t\t\t\t\t\t<\/div>\n\t\t\t\t<\/div>\n\t\t\t\t<\/div>\n\t\t\t\t<\/div>","protected":false},"excerpt":{"rendered":"<p>Spa Lab: Lo \u00faltimo en temas de WordPress para salones de belleza Transforma tu negocio de belleza con Spa Lab, un tema de WordPress adaptable creado a medida.<\/p>","protected":false},"featured_media":6089,"comment_status":"open","ping_status":"closed","template":"","meta":{"_acf_changed":false},"product_brand":[],"product_cat":[48],"product_tag":[],"class_list":{"0":"post-6088","1":"product","2":"type-product","3":"status-publish","4":"has-post-thumbnail","6":"product_cat-themes","8":"first","9":"instock","10":"sale","11":"downloadable","12":"shipping-taxable","13":"purchasable","14":"product-type-simple"},"acf":[],"yoast_head":"<!-- This site is optimized with the Yoast SEO Premium plugin v25.6 (Yoast SEO v27.1.1) - https:\/\/yoast.com\/product\/yoast-seo-premium-wordpress\/ -->\n<title>Spa Lab | Beauty Salon WordPress Theme - AllWin Theme \u2013 Free WordPress Themes Download<\/title>\n<meta name=\"description\" content=\"Spa Lab: A responsive WordPress theme for beauty salons, spas, and wellness centers. Features booking, eCommerce, and stunning design.\" \/>\n<meta name=\"robots\" content=\"index, follow, max-snippet:-1, max-image-preview:large, max-video-preview:-1\" \/>\n<link rel=\"canonical\" href=\"https:\/\/allwintheme.com\/es\/producto\/spa-lab-beauty-salon-wordpress-theme\/\" \/>\n<meta property=\"og:locale\" content=\"es_ES\" \/>\n<meta property=\"og:type\" content=\"article\" \/>\n<meta property=\"og:title\" content=\"Spa Lab | Beauty Salon WordPress Theme\" \/>\n<meta property=\"og:description\" content=\"Spa Lab: A responsive WordPress theme for beauty salons, spas, and wellness centers. Features booking, eCommerce, and stunning design.\" \/>\n<meta property=\"og:url\" content=\"https:\/\/allwintheme.com\/es\/producto\/spa-lab-beauty-salon-wordpress-theme\/\" \/>\n<meta property=\"og:site_name\" content=\"AllWin Theme \u2013 Free WordPress Themes Download\" \/>\n<meta property=\"article:modified_time\" content=\"2025-09-07T04:04:13+00:00\" \/>\n<meta property=\"og:image\" content=\"https:\/\/allwintheme.com\/wp-content\/uploads\/2025\/09\/aep2q349.png\" \/>\n\t<meta property=\"og:image:width\" content=\"590\" \/>\n\t<meta property=\"og:image:height\" content=\"300\" \/>\n\t<meta property=\"og:image:type\" content=\"image\/png\" \/>\n<meta name=\"twitter:card\" content=\"summary_large_image\" \/>\n<meta name=\"twitter:label1\" content=\"Tiempo estimado de lectura\" \/>\n\t<meta name=\"twitter:data1\" content=\"3 minutos\" \/>\n<script type=\"application\/ld+json\" class=\"yoast-schema-graph\">{\"@context\":\"https:\/\/schema.org\",\"@graph\":[{\"@type\":\"WebPage\",\"@id\":\"https:\/\/allwintheme.com\/product\/spa-lab-beauty-salon-wordpress-theme\/\",\"url\":\"https:\/\/allwintheme.com\/product\/spa-lab-beauty-salon-wordpress-theme\/\",\"name\":\"Spa Lab | Beauty Salon WordPress Theme - AllWin Theme \u2013 Free WordPress Themes Download\",\"isPartOf\":{\"@id\":\"https:\/\/allwintheme.com\/#website\"},\"primaryImageOfPage\":{\"@id\":\"https:\/\/allwintheme.com\/product\/spa-lab-beauty-salon-wordpress-theme\/#primaryimage\"},\"image\":{\"@id\":\"https:\/\/allwintheme.com\/product\/spa-lab-beauty-salon-wordpress-theme\/#primaryimage\"},\"thumbnailUrl\":\"https:\/\/allwintheme.com\/wp-content\/uploads\/2025\/09\/aep2q349.png\",\"datePublished\":\"2025-09-07T03:59:30+00:00\",\"dateModified\":\"2025-09-07T04:04:13+00:00\",\"description\":\"Spa Lab: A responsive WordPress theme for beauty salons, spas, and wellness centers. Features booking, eCommerce, and stunning design.\",\"breadcrumb\":{\"@id\":\"https:\/\/allwintheme.com\/product\/spa-lab-beauty-salon-wordpress-theme\/#breadcrumb\"},\"inLanguage\":\"es-CL\",\"potentialAction\":[{\"@type\":\"ReadAction\",\"target\":[\"https:\/\/allwintheme.com\/product\/spa-lab-beauty-salon-wordpress-theme\/\"]}]},{\"@type\":\"ImageObject\",\"inLanguage\":\"es-CL\",\"@id\":\"https:\/\/allwintheme.com\/product\/spa-lab-beauty-salon-wordpress-theme\/#primaryimage\",\"url\":\"https:\/\/allwintheme.com\/wp-content\/uploads\/2025\/09\/aep2q349.png\",\"contentUrl\":\"https:\/\/allwintheme.com\/wp-content\/uploads\/2025\/09\/aep2q349.png\",\"width\":590,\"height\":300,\"caption\":\"Spa Lab | Beauty Salon WordPress Theme\"},{\"@type\":\"BreadcrumbList\",\"@id\":\"https:\/\/allwintheme.com\/product\/spa-lab-beauty-salon-wordpress-theme\/#breadcrumb\",\"itemListElement\":[{\"@type\":\"ListItem\",\"position\":1,\"name\":\"Home\",\"item\":\"https:\/\/allwintheme.com\/\"},{\"@type\":\"ListItem\",\"position\":2,\"name\":\"Shop\",\"item\":\"https:\/\/allwintheme.com\/shop\/\"},{\"@type\":\"ListItem\",\"position\":3,\"name\":\"Spa Lab | Beauty Salon WordPress Theme\"}]},{\"@type\":\"WebSite\",\"@id\":\"https:\/\/allwintheme.com\/#website\",\"url\":\"https:\/\/allwintheme.com\/\",\"name\":\"Allwintheme\",\"description\":\"Download free WordPress themes for every niche. Blogs, business, eCommerce, portfolio, restaurant and more. All themes are GPL licensed and mobile-ready.\",\"potentialAction\":[{\"@type\":\"SearchAction\",\"target\":{\"@type\":\"EntryPoint\",\"urlTemplate\":\"https:\/\/allwintheme.com\/?s={search_term_string}\"},\"query-input\":{\"@type\":\"PropertyValueSpecification\",\"valueRequired\":true,\"valueName\":\"search_term_string\"}}],\"inLanguage\":\"es-CL\"}]}<\/script>\n<!-- \/ Yoast SEO Premium plugin. -->","yoast_head_json":{"title":"Spa Lab | Beauty Salon WordPress Theme - AllWin Theme \u2013 Free WordPress Themes Download","description":"Spa Lab: Un tema de WordPress responsivo para salones de belleza, spas y centros de bienestar. Incluye reservas, comercio electr\u00f3nico y un dise\u00f1o impresionante.","robots":{"index":"index","follow":"follow","max-snippet":"max-snippet:-1","max-image-preview":"max-image-preview:large","max-video-preview":"max-video-preview:-1"},"canonical":"https:\/\/allwintheme.com\/es\/producto\/spa-lab-beauty-salon-wordpress-theme\/","og_locale":"es_ES","og_type":"article","og_title":"Spa Lab | Beauty Salon WordPress Theme","og_description":"Spa Lab: A responsive WordPress theme for beauty salons, spas, and wellness centers. Features booking, eCommerce, and stunning design.","og_url":"https:\/\/allwintheme.com\/es\/producto\/spa-lab-beauty-salon-wordpress-theme\/","og_site_name":"AllWin Theme \u2013 Free WordPress Themes Download","article_modified_time":"2025-09-07T04:04:13+00:00","og_image":[{"width":590,"height":300,"url":"https:\/\/allwintheme.com\/wp-content\/uploads\/2025\/09\/aep2q349.png","type":"image\/png"}],"twitter_card":"summary_large_image","twitter_misc":{"Tiempo estimado de lectura":"3 minutos"},"schema":{"@context":"https:\/\/schema.org","@graph":[{"@type":"WebPage","@id":"https:\/\/allwintheme.com\/product\/spa-lab-beauty-salon-wordpress-theme\/","url":"https:\/\/allwintheme.com\/product\/spa-lab-beauty-salon-wordpress-theme\/","name":"Spa Lab | Beauty Salon WordPress Theme - AllWin Theme \u2013 Free WordPress Themes Download","isPartOf":{"@id":"https:\/\/allwintheme.com\/#website"},"primaryImageOfPage":{"@id":"https:\/\/allwintheme.com\/product\/spa-lab-beauty-salon-wordpress-theme\/#primaryimage"},"image":{"@id":"https:\/\/allwintheme.com\/product\/spa-lab-beauty-salon-wordpress-theme\/#primaryimage"},"thumbnailUrl":"https:\/\/allwintheme.com\/wp-content\/uploads\/2025\/09\/aep2q349.png","datePublished":"2025-09-07T03:59:30+00:00","dateModified":"2025-09-07T04:04:13+00:00","description":"Spa Lab: Un tema de WordPress responsivo para salones de belleza, spas y centros de bienestar. Incluye reservas, comercio electr\u00f3nico y un dise\u00f1o impresionante.","breadcrumb":{"@id":"https:\/\/allwintheme.com\/product\/spa-lab-beauty-salon-wordpress-theme\/#breadcrumb"},"inLanguage":"es-CL","potentialAction":[{"@type":"ReadAction","target":["https:\/\/allwintheme.com\/product\/spa-lab-beauty-salon-wordpress-theme\/"]}]},{"@type":"ImageObject","inLanguage":"es-CL","@id":"https:\/\/allwintheme.com\/product\/spa-lab-beauty-salon-wordpress-theme\/#primaryimage","url":"https:\/\/allwintheme.com\/wp-content\/uploads\/2025\/09\/aep2q349.png","contentUrl":"https:\/\/allwintheme.com\/wp-content\/uploads\/2025\/09\/aep2q349.png","width":590,"height":300,"caption":"Spa Lab | Beauty Salon WordPress Theme"},{"@type":"BreadcrumbList","@id":"https:\/\/allwintheme.com\/product\/spa-lab-beauty-salon-wordpress-theme\/#breadcrumb","itemListElement":[{"@type":"ListItem","position":1,"name":"Home","item":"https:\/\/allwintheme.com\/"},{"@type":"ListItem","position":2,"name":"Shop","item":"https:\/\/allwintheme.com\/shop\/"},{"@type":"ListItem","position":3,"name":"Spa Lab | Beauty Salon WordPress Theme"}]},{"@type":"WebSite","@id":"https:\/\/allwintheme.com\/#website","url":"https:\/\/allwintheme.com\/","name":"Allwintheme","description":"Descarga gratis temas de WordPress para todos los nichos. Blogs, negocios, comercio electr\u00f3nico, portafolio, restaurante y m\u00e1s. Todos los temas tienen licencia GPL y est\u00e1n preparados para dispositivos m\u00f3viles.","potentialAction":[{"@type":"SearchAction","target":{"@type":"EntryPoint","urlTemplate":"https:\/\/allwintheme.com\/?s={search_term_string}"},"query-input":{"@type":"PropertyValueSpecification","valueRequired":true,"valueName":"search_term_string"}}],"inLanguage":"es-CL"}]}},"_links":{"self":[{"href":"https:\/\/allwintheme.com\/es\/wp-json\/wp\/v2\/product\/6088","targetHints":{"allow":["GET"]}}],"collection":[{"href":"https:\/\/allwintheme.com\/es\/wp-json\/wp\/v2\/product"}],"about":[{"href":"https:\/\/allwintheme.com\/es\/wp-json\/wp\/v2\/types\/product"}],"replies":[{"embeddable":true,"href":"https:\/\/allwintheme.com\/es\/wp-json\/wp\/v2\/comments?post=6088"}],"version-history":[{"count":0,"href":"https:\/\/allwintheme.com\/es\/wp-json\/wp\/v2\/product\/6088\/revisions"}],"wp:featuredmedia":[{"embeddable":true,"href":"https:\/\/allwintheme.com\/es\/wp-json\/wp\/v2\/media\/6089"}],"wp:attachment":[{"href":"https:\/\/allwintheme.com\/es\/wp-json\/wp\/v2\/media?parent=6088"}],"wp:term":[{"taxonomy":"product_brand","embeddable":true,"href":"https:\/\/allwintheme.com\/es\/wp-json\/wp\/v2\/product_brand?post=6088"},{"taxonomy":"product_cat","embeddable":true,"href":"https:\/\/allwintheme.com\/es\/wp-json\/wp\/v2\/product_cat?post=6088"},{"taxonomy":"product_tag","embeddable":true,"href":"https:\/\/allwintheme.com\/es\/wp-json\/wp\/v2\/product_tag?post=6088"}],"curies":[{"name":"wp","href":"https:\/\/api.w.org\/{rel}","templated":true}]}}