{"id":6126,"date":"2025-09-07T04:22:02","date_gmt":"2025-09-07T04:22:02","guid":{"rendered":"https:\/\/allwintheme.com\/?post_type=product&#038;p=6126"},"modified":"2025-10-09T13:11:20","modified_gmt":"2025-10-09T13:11:20","slug":"crypt-app-landing-page-wordpress","status":"publish","type":"product","link":"https:\/\/allwintheme.com\/es\/producto\/crypt-app-landing-page-wordpress\/","title":{"rendered":"Crypt App: Crypto Landing Page WordPress Theme"},"content":{"rendered":"<div data-elementor-type=\"wp-post\" data-elementor-id=\"6126\" class=\"elementor elementor-6126\" data-elementor-settings=\"{&quot;element_pack_global_tooltip_width&quot;:{&quot;unit&quot;:&quot;px&quot;,&quot;size&quot;:&quot;&quot;,&quot;sizes&quot;:[]},&quot;element_pack_global_tooltip_width_tablet&quot;:{&quot;unit&quot;:&quot;px&quot;,&quot;size&quot;:&quot;&quot;,&quot;sizes&quot;:[]},&quot;element_pack_global_tooltip_width_mobile&quot;:{&quot;unit&quot;:&quot;px&quot;,&quot;size&quot;:&quot;&quot;,&quot;sizes&quot;:[]},&quot;element_pack_global_tooltip_padding&quot;:{&quot;unit&quot;:&quot;px&quot;,&quot;top&quot;:&quot;&quot;,&quot;right&quot;:&quot;&quot;,&quot;bottom&quot;:&quot;&quot;,&quot;left&quot;:&quot;&quot;,&quot;isLinked&quot;:true},&quot;element_pack_global_tooltip_padding_tablet&quot;:{&quot;unit&quot;:&quot;px&quot;,&quot;top&quot;:&quot;&quot;,&quot;right&quot;:&quot;&quot;,&quot;bottom&quot;:&quot;&quot;,&quot;left&quot;:&quot;&quot;,&quot;isLinked&quot;:true},&quot;element_pack_global_tooltip_padding_mobile&quot;:{&quot;unit&quot;:&quot;px&quot;,&quot;top&quot;:&quot;&quot;,&quot;right&quot;:&quot;&quot;,&quot;bottom&quot;:&quot;&quot;,&quot;left&quot;:&quot;&quot;,&quot;isLinked&quot;:true},&quot;element_pack_global_tooltip_border_radius&quot;:{&quot;unit&quot;:&quot;px&quot;,&quot;top&quot;:&quot;&quot;,&quot;right&quot;:&quot;&quot;,&quot;bottom&quot;:&quot;&quot;,&quot;left&quot;:&quot;&quot;,&quot;isLinked&quot;:true},&quot;element_pack_global_tooltip_border_radius_tablet&quot;:{&quot;unit&quot;:&quot;px&quot;,&quot;top&quot;:&quot;&quot;,&quot;right&quot;:&quot;&quot;,&quot;bottom&quot;:&quot;&quot;,&quot;left&quot;:&quot;&quot;,&quot;isLinked&quot;:true},&quot;element_pack_global_tooltip_border_radius_mobile&quot;:{&quot;unit&quot;:&quot;px&quot;,&quot;top&quot;:&quot;&quot;,&quot;right&quot;:&quot;&quot;,&quot;bottom&quot;:&quot;&quot;,&quot;left&quot;:&quot;&quot;,&quot;isLinked&quot;:true}}\" data-elementor-post-type=\"product\">\n\t\t\t\t<div class=\"elementor-element elementor-element-93aa4a8 e-con-full e-flex e-con e-parent\" data-id=\"93aa4a8\" data-element_type=\"container\" data-e-type=\"container\">\n\t\t\t\t<div class=\"elementor-element elementor-element-2c3f760 miaoshu elementor-widget elementor-widget-wd_text_block\" data-id=\"2c3f760\" data-element_type=\"widget\" data-e-type=\"widget\" data-widget_type=\"wd_text_block.default\">\n\t\t\t\t<div class=\"elementor-widget-container\">\n\t\t\t\t\t\t\t<div class=\"wd-text-block reset-last-child text-left\">\n\t\t\t\n\t\t\t<h2>Crypt App: Su soluci\u00f3n definitiva para p\u00e1ginas de aterrizaje de criptomonedas<\/h2>\n<p>\u00bfQuiere crear un sitio web profesional y atractivo para su negocio de criptomonedas? <strong>Cripta App<\/strong>El tema premium para WordPress de DesignThemes est\u00e1 dise\u00f1ado espec\u00edficamente para el din\u00e1mico mundo de las divisas digitales. Ya sea que est\u00e9s promocionando Bitcoin, lanzando una ICO, o dirigiendo un intercambio de criptomonedas, este tema ofrece todo lo que necesitas para construir una p\u00e1gina de aterrizaje impresionante y f\u00e1cil de usar sin escribir una sola l\u00ednea de c\u00f3digo.<\/p>\n\n<h3>\u00bfPor qu\u00e9 elegir Crypt App?<\/h3>\n<p>Crypt App est\u00e1 dise\u00f1ada para entusiastas de las criptomonedas, consultor\u00edas financieras y empresas del sector de las divisas digitales descentralizadas. Su elegante dise\u00f1o de una sola p\u00e1gina garantiza una navegaci\u00f3n fluida, guiando a los visitantes sin esfuerzo a secciones clave como planes de suscripci\u00f3n, servicios, biograf\u00edas de equipos y calculadoras financieras. Con un enfoque en la simplicidad y la funcionalidad, Crypt App le permite mostrar su proyecto criptogr\u00e1fico con confianza.<\/p>\n\n<h3>Caracter\u00edsticas principales<\/h3>\n<ul>\n  <li><strong>100% Responsive y Retina Ready<\/strong>: Crypt App tiene un aspecto impecable en cualquier dispositivo, desde ordenadores de sobremesa a m\u00f3viles, con tiempos de carga rapid\u00edsimos.<\/li>\n  <li><strong>Potente panel de administraci\u00f3n<\/strong>: Gestione su sitio sin esfuerzo con una interfaz intuitiva, sin necesidad de conocimientos de codificaci\u00f3n.<\/li>\n  <li><strong>11 widgets criptogr\u00e1ficos<\/strong>: Muestra datos en tiempo real sobre monedas, bolsas, monederos, miner\u00eda y carteras para mantener informados a los visitantes.<\/li>\n  <li><strong>Gr\u00e1ficos Bitcoin<\/strong>: Muestre gr\u00e1ficos simples y avanzados comparando Bitcoin con las principales divisas como el USD, con vistas diarias, semanales, mensuales y anuales.<\/li>\n  <li><strong>Visual Composer y Slider Revolution<\/strong>: Cree impresionantes dise\u00f1os con la facilidad de arrastrar y soltar y deslizadores cautivadores para atraer a su p\u00fablico.<\/li>\n  <li><strong>M\u00e1s de 150 c\u00f3digos cortos<\/strong>: Personalice cada elemento de su sitio con amplias opciones de c\u00f3digo corto para encabezados, pies de p\u00e1gina y mega men\u00fas.<\/li>\n  <li><strong>Integraci\u00f3n con WooCommerce<\/strong>: Crea una tienda online con total compatibilidad de dise\u00f1o para vender productos digitales directamente desde tu p\u00e1gina de aterrizaje.<\/li>\n  <li><strong>Herramientas de cumplimiento del GDPR<\/strong>: Aseg\u00farese de que su sitio cumple las normas de privacidad de datos con funciones de consentimiento de privacidad integradas.<\/li>\n<\/ul>\n\n<h3>Perfecto para cualquier criptoempresa<\/h3>\n<p>Desde inversiones en Bitcoin hasta intercambios de criptomonedas y promociones de ICO, Crypt App es lo suficientemente vers\u00e1til como para adaptarse a una amplia gama de negocios relacionados con las criptomonedas. Su dise\u00f1o de una p\u00e1gina es ideal para crear p\u00e1ginas de aterrizaje informativas para plataformas de comercio, servicios de consultor\u00eda o promociones de aplicaciones. Destaque a su equipo, muestre planes de suscripci\u00f3n y proporcione informaci\u00f3n sobre el mercado en tiempo real para generar confianza en su audiencia.<\/p>\n\n<h3>Configuraci\u00f3n y personalizaci\u00f3n sin esfuerzo<\/h3>\n<p>Con el Importador Unyson One-Click, puedes replicar el contenido de la demo del tema en segundos y personalizarlo para que coincida con tu marca. El kit de herramientas Kirki mejora el personalizador de WordPress, proporcion\u00e1ndote un control avanzado sobre el dise\u00f1o de tu sitio. Adem\u00e1s, Crypt App admite m\u00faltiples dise\u00f1os de blog, tienda y portafolio, lo que facilita la creaci\u00f3n de un sitio web \u00fanico y profesional.<\/p>\n\n<h3>\u00bfListo para lanzar su criptositio?<\/h3>\n<p>Crypt App es la elecci\u00f3n perfecta para cualquiera que busque simplificar las complejidades del mundo de las criptomonedas. Su dise\u00f1o responsivo, sus potentes funciones y su f\u00e1cil personalizaci\u00f3n la convierten en una soluci\u00f3n sobresaliente para crear una p\u00e1gina de destino de alta conversi\u00f3n. Comience hoy mismo y lleve su negocio de criptomonedas al siguiente nivel.<\/p>\n\n<p><a href=\"https:\/\/themeforest.net\/item\/cryptapp-cryptocurrency-app-landing-wp-theme\/21586310\" target=\"_blank\">Comprar Crypt App ahora<\/a> \u00a1y cree un potente sitio web de criptomonedas con facilidad!<\/p>\n\t\t\t\t\t<\/div>\n\t\t\t\t\t\t<\/div>\n\t\t\t\t<\/div>\n\t\t\t\t<\/div>\n\t\t\t\t<\/div>","protected":false},"excerpt":{"rendered":"<p>Crypt App: Your Ultimate Cryptocurrency Landing Page Solution Looking to create a professional and engaging website for your cryptocurrency business?<\/p>","protected":false},"featured_media":6127,"comment_status":"open","ping_status":"closed","template":"","meta":{"_acf_changed":false},"product_brand":[],"product_cat":[48],"product_tag":[],"class_list":{"0":"post-6126","1":"product","2":"type-product","3":"status-publish","4":"has-post-thumbnail","6":"product_cat-themes","8":"first","9":"instock","10":"sale","11":"downloadable","12":"shipping-taxable","13":"purchasable","14":"product-type-simple"},"acf":[],"yoast_head":"<!-- This site is optimized with the Yoast SEO Premium plugin v25.6 (Yoast SEO v27.1.1) - https:\/\/yoast.com\/product\/yoast-seo-premium-wordpress\/ -->\n<title>Crypt App: Crypto Landing Page WordPress Theme - AllWin Theme \u2013 Free WordPress Themes Download<\/title>\n<meta name=\"description\" content=\"Crypt App is a responsive WordPress theme for cryptocurrency landing pages, perfect for Bitcoin, ICO, and trading platforms. Build your crypto site easily!\" \/>\n<meta name=\"robots\" content=\"index, follow, max-snippet:-1, max-image-preview:large, max-video-preview:-1\" \/>\n<link rel=\"canonical\" href=\"https:\/\/allwintheme.com\/es\/producto\/crypt-app-landing-page-wordpress\/\" \/>\n<meta property=\"og:locale\" content=\"es_ES\" \/>\n<meta property=\"og:type\" content=\"article\" \/>\n<meta property=\"og:title\" content=\"Crypt App: Crypto Landing Page WordPress Theme\" \/>\n<meta property=\"og:description\" content=\"Crypt App is a responsive WordPress theme for cryptocurrency landing pages, perfect for Bitcoin, ICO, and trading platforms. Build your crypto site easily!\" \/>\n<meta property=\"og:url\" content=\"https:\/\/allwintheme.com\/es\/producto\/crypt-app-landing-page-wordpress\/\" \/>\n<meta property=\"og:site_name\" content=\"AllWin Theme \u2013 Free WordPress Themes Download\" \/>\n<meta property=\"article:modified_time\" content=\"2025-10-09T13:11:20+00:00\" \/>\n<meta property=\"og:image\" content=\"https:\/\/allwintheme.com\/wp-content\/uploads\/2025\/09\/j5q3utm5.png\" \/>\n\t<meta property=\"og:image:width\" content=\"590\" \/>\n\t<meta property=\"og:image:height\" content=\"300\" \/>\n\t<meta property=\"og:image:type\" content=\"image\/png\" \/>\n<meta name=\"twitter:card\" content=\"summary_large_image\" \/>\n<meta name=\"twitter:label1\" content=\"Tiempo estimado de lectura\" \/>\n\t<meta name=\"twitter:data1\" content=\"3 minutos\" \/>\n<script type=\"application\/ld+json\" class=\"yoast-schema-graph\">{\"@context\":\"https:\/\/schema.org\",\"@graph\":[{\"@type\":\"WebPage\",\"@id\":\"https:\/\/allwintheme.com\/product\/crypt-app-landing-page-wordpress\/\",\"url\":\"https:\/\/allwintheme.com\/product\/crypt-app-landing-page-wordpress\/\",\"name\":\"Crypt App: Crypto Landing Page WordPress Theme - AllWin Theme \u2013 Free WordPress Themes Download\",\"isPartOf\":{\"@id\":\"https:\/\/allwintheme.com\/#website\"},\"primaryImageOfPage\":{\"@id\":\"https:\/\/allwintheme.com\/product\/crypt-app-landing-page-wordpress\/#primaryimage\"},\"image\":{\"@id\":\"https:\/\/allwintheme.com\/product\/crypt-app-landing-page-wordpress\/#primaryimage\"},\"thumbnailUrl\":\"https:\/\/allwintheme.com\/wp-content\/uploads\/2025\/09\/j5q3utm5.png\",\"datePublished\":\"2025-09-07T04:22:02+00:00\",\"dateModified\":\"2025-10-09T13:11:20+00:00\",\"description\":\"Crypt App is a responsive WordPress theme for cryptocurrency landing pages, perfect for Bitcoin, ICO, and trading platforms. Build your crypto site easily!\",\"breadcrumb\":{\"@id\":\"https:\/\/allwintheme.com\/product\/crypt-app-landing-page-wordpress\/#breadcrumb\"},\"inLanguage\":\"es-CL\",\"potentialAction\":[{\"@type\":\"ReadAction\",\"target\":[\"https:\/\/allwintheme.com\/product\/crypt-app-landing-page-wordpress\/\"]}]},{\"@type\":\"ImageObject\",\"inLanguage\":\"es-CL\",\"@id\":\"https:\/\/allwintheme.com\/product\/crypt-app-landing-page-wordpress\/#primaryimage\",\"url\":\"https:\/\/allwintheme.com\/wp-content\/uploads\/2025\/09\/j5q3utm5.png\",\"contentUrl\":\"https:\/\/allwintheme.com\/wp-content\/uploads\/2025\/09\/j5q3utm5.png\",\"width\":590,\"height\":300,\"caption\":\"Crypt App \u2013 Landing Page WordPress\"},{\"@type\":\"BreadcrumbList\",\"@id\":\"https:\/\/allwintheme.com\/product\/crypt-app-landing-page-wordpress\/#breadcrumb\",\"itemListElement\":[{\"@type\":\"ListItem\",\"position\":1,\"name\":\"Home\",\"item\":\"https:\/\/allwintheme.com\/\"},{\"@type\":\"ListItem\",\"position\":2,\"name\":\"Shop\",\"item\":\"https:\/\/allwintheme.com\/shop\/\"},{\"@type\":\"ListItem\",\"position\":3,\"name\":\"Crypt App: Crypto Landing Page WordPress Theme\"}]},{\"@type\":\"WebSite\",\"@id\":\"https:\/\/allwintheme.com\/#website\",\"url\":\"https:\/\/allwintheme.com\/\",\"name\":\"Allwintheme\",\"description\":\"Download free WordPress themes for every niche. Blogs, business, eCommerce, portfolio, restaurant and more. All themes are GPL licensed and mobile-ready.\",\"potentialAction\":[{\"@type\":\"SearchAction\",\"target\":{\"@type\":\"EntryPoint\",\"urlTemplate\":\"https:\/\/allwintheme.com\/?s={search_term_string}\"},\"query-input\":{\"@type\":\"PropertyValueSpecification\",\"valueRequired\":true,\"valueName\":\"search_term_string\"}}],\"inLanguage\":\"es-CL\"}]}<\/script>\n<!-- \/ Yoast SEO Premium plugin. -->","yoast_head_json":{"title":"Crypt App: Crypto Landing Page WordPress Theme - AllWin Theme \u2013 Free WordPress Themes Download","description":"Crypt App es un tema de WordPress responsivo para p\u00e1ginas de aterrizaje de criptomonedas, perfecto para Bitcoin, ICO y plataformas de comercio. \u00a1Construya su sitio cripto f\u00e1cilmente!","robots":{"index":"index","follow":"follow","max-snippet":"max-snippet:-1","max-image-preview":"max-image-preview:large","max-video-preview":"max-video-preview:-1"},"canonical":"https:\/\/allwintheme.com\/es\/producto\/crypt-app-landing-page-wordpress\/","og_locale":"es_ES","og_type":"article","og_title":"Crypt App: Crypto Landing Page WordPress Theme","og_description":"Crypt App is a responsive WordPress theme for cryptocurrency landing pages, perfect for Bitcoin, ICO, and trading platforms. Build your crypto site easily!","og_url":"https:\/\/allwintheme.com\/es\/producto\/crypt-app-landing-page-wordpress\/","og_site_name":"AllWin Theme \u2013 Free WordPress Themes Download","article_modified_time":"2025-10-09T13:11:20+00:00","og_image":[{"width":590,"height":300,"url":"https:\/\/allwintheme.com\/wp-content\/uploads\/2025\/09\/j5q3utm5.png","type":"image\/png"}],"twitter_card":"summary_large_image","twitter_misc":{"Tiempo estimado de lectura":"3 minutos"},"schema":{"@context":"https:\/\/schema.org","@graph":[{"@type":"WebPage","@id":"https:\/\/allwintheme.com\/product\/crypt-app-landing-page-wordpress\/","url":"https:\/\/allwintheme.com\/product\/crypt-app-landing-page-wordpress\/","name":"Crypt App: Crypto Landing Page WordPress Theme - AllWin Theme \u2013 Free WordPress Themes Download","isPartOf":{"@id":"https:\/\/allwintheme.com\/#website"},"primaryImageOfPage":{"@id":"https:\/\/allwintheme.com\/product\/crypt-app-landing-page-wordpress\/#primaryimage"},"image":{"@id":"https:\/\/allwintheme.com\/product\/crypt-app-landing-page-wordpress\/#primaryimage"},"thumbnailUrl":"https:\/\/allwintheme.com\/wp-content\/uploads\/2025\/09\/j5q3utm5.png","datePublished":"2025-09-07T04:22:02+00:00","dateModified":"2025-10-09T13:11:20+00:00","description":"Crypt App es un tema de WordPress responsivo para p\u00e1ginas de aterrizaje de criptomonedas, perfecto para Bitcoin, ICO y plataformas de comercio. \u00a1Construya su sitio cripto f\u00e1cilmente!","breadcrumb":{"@id":"https:\/\/allwintheme.com\/product\/crypt-app-landing-page-wordpress\/#breadcrumb"},"inLanguage":"es-CL","potentialAction":[{"@type":"ReadAction","target":["https:\/\/allwintheme.com\/product\/crypt-app-landing-page-wordpress\/"]}]},{"@type":"ImageObject","inLanguage":"es-CL","@id":"https:\/\/allwintheme.com\/product\/crypt-app-landing-page-wordpress\/#primaryimage","url":"https:\/\/allwintheme.com\/wp-content\/uploads\/2025\/09\/j5q3utm5.png","contentUrl":"https:\/\/allwintheme.com\/wp-content\/uploads\/2025\/09\/j5q3utm5.png","width":590,"height":300,"caption":"Crypt App \u2013 Landing Page WordPress"},{"@type":"BreadcrumbList","@id":"https:\/\/allwintheme.com\/product\/crypt-app-landing-page-wordpress\/#breadcrumb","itemListElement":[{"@type":"ListItem","position":1,"name":"Home","item":"https:\/\/allwintheme.com\/"},{"@type":"ListItem","position":2,"name":"Shop","item":"https:\/\/allwintheme.com\/shop\/"},{"@type":"ListItem","position":3,"name":"Crypt App: Crypto Landing Page WordPress Theme"}]},{"@type":"WebSite","@id":"https:\/\/allwintheme.com\/#website","url":"https:\/\/allwintheme.com\/","name":"Allwintheme","description":"Descarga gratis temas de WordPress para todos los nichos. Blogs, negocios, comercio electr\u00f3nico, portafolio, restaurante y m\u00e1s. Todos los temas tienen licencia GPL y est\u00e1n preparados para dispositivos m\u00f3viles.","potentialAction":[{"@type":"SearchAction","target":{"@type":"EntryPoint","urlTemplate":"https:\/\/allwintheme.com\/?s={search_term_string}"},"query-input":{"@type":"PropertyValueSpecification","valueRequired":true,"valueName":"search_term_string"}}],"inLanguage":"es-CL"}]}},"_links":{"self":[{"href":"https:\/\/allwintheme.com\/es\/wp-json\/wp\/v2\/product\/6126","targetHints":{"allow":["GET"]}}],"collection":[{"href":"https:\/\/allwintheme.com\/es\/wp-json\/wp\/v2\/product"}],"about":[{"href":"https:\/\/allwintheme.com\/es\/wp-json\/wp\/v2\/types\/product"}],"replies":[{"embeddable":true,"href":"https:\/\/allwintheme.com\/es\/wp-json\/wp\/v2\/comments?post=6126"}],"version-history":[{"count":1,"href":"https:\/\/allwintheme.com\/es\/wp-json\/wp\/v2\/product\/6126\/revisions"}],"predecessor-version":[{"id":10030,"href":"https:\/\/allwintheme.com\/es\/wp-json\/wp\/v2\/product\/6126\/revisions\/10030"}],"wp:featuredmedia":[{"embeddable":true,"href":"https:\/\/allwintheme.com\/es\/wp-json\/wp\/v2\/media\/6127"}],"wp:attachment":[{"href":"https:\/\/allwintheme.com\/es\/wp-json\/wp\/v2\/media?parent=6126"}],"wp:term":[{"taxonomy":"product_brand","embeddable":true,"href":"https:\/\/allwintheme.com\/es\/wp-json\/wp\/v2\/product_brand?post=6126"},{"taxonomy":"product_cat","embeddable":true,"href":"https:\/\/allwintheme.com\/es\/wp-json\/wp\/v2\/product_cat?post=6126"},{"taxonomy":"product_tag","embeddable":true,"href":"https:\/\/allwintheme.com\/es\/wp-json\/wp\/v2\/product_tag?post=6126"}],"curies":[{"name":"wp","href":"https:\/\/api.w.org\/{rel}","templated":true}]}}