{"id":6161,"date":"2025-09-07T06:14:53","date_gmt":"2025-09-07T06:14:53","guid":{"rendered":"https:\/\/allwintheme.com\/?post_type=product&#038;p=6161"},"modified":"2025-09-07T06:22:50","modified_gmt":"2025-09-07T06:22:50","slug":"cryptico-tema-cripto-y-criptomoneda","status":"publish","type":"product","link":"https:\/\/allwintheme.com\/es\/producto\/cryptico-tema-cripto-y-criptomoneda\/","title":{"rendered":"Cryptico - ICO &amp; Cryptocurrency WordPress Tema"},"content":{"rendered":"<div data-elementor-type=\"wp-post\" data-elementor-id=\"6161\" class=\"elementor elementor-6161\" data-elementor-settings=\"{&quot;element_pack_global_tooltip_width&quot;:{&quot;unit&quot;:&quot;px&quot;,&quot;size&quot;:&quot;&quot;,&quot;sizes&quot;:[]},&quot;element_pack_global_tooltip_width_tablet&quot;:{&quot;unit&quot;:&quot;px&quot;,&quot;size&quot;:&quot;&quot;,&quot;sizes&quot;:[]},&quot;element_pack_global_tooltip_width_mobile&quot;:{&quot;unit&quot;:&quot;px&quot;,&quot;size&quot;:&quot;&quot;,&quot;sizes&quot;:[]},&quot;element_pack_global_tooltip_padding&quot;:{&quot;unit&quot;:&quot;px&quot;,&quot;top&quot;:&quot;&quot;,&quot;right&quot;:&quot;&quot;,&quot;bottom&quot;:&quot;&quot;,&quot;left&quot;:&quot;&quot;,&quot;isLinked&quot;:true},&quot;element_pack_global_tooltip_padding_tablet&quot;:{&quot;unit&quot;:&quot;px&quot;,&quot;top&quot;:&quot;&quot;,&quot;right&quot;:&quot;&quot;,&quot;bottom&quot;:&quot;&quot;,&quot;left&quot;:&quot;&quot;,&quot;isLinked&quot;:true},&quot;element_pack_global_tooltip_padding_mobile&quot;:{&quot;unit&quot;:&quot;px&quot;,&quot;top&quot;:&quot;&quot;,&quot;right&quot;:&quot;&quot;,&quot;bottom&quot;:&quot;&quot;,&quot;left&quot;:&quot;&quot;,&quot;isLinked&quot;:true},&quot;element_pack_global_tooltip_border_radius&quot;:{&quot;unit&quot;:&quot;px&quot;,&quot;top&quot;:&quot;&quot;,&quot;right&quot;:&quot;&quot;,&quot;bottom&quot;:&quot;&quot;,&quot;left&quot;:&quot;&quot;,&quot;isLinked&quot;:true},&quot;element_pack_global_tooltip_border_radius_tablet&quot;:{&quot;unit&quot;:&quot;px&quot;,&quot;top&quot;:&quot;&quot;,&quot;right&quot;:&quot;&quot;,&quot;bottom&quot;:&quot;&quot;,&quot;left&quot;:&quot;&quot;,&quot;isLinked&quot;:true},&quot;element_pack_global_tooltip_border_radius_mobile&quot;:{&quot;unit&quot;:&quot;px&quot;,&quot;top&quot;:&quot;&quot;,&quot;right&quot;:&quot;&quot;,&quot;bottom&quot;:&quot;&quot;,&quot;left&quot;:&quot;&quot;,&quot;isLinked&quot;:true}}\" data-elementor-post-type=\"product\">\n\t\t\t\t<div class=\"elementor-element elementor-element-93aa4a8 e-con-full e-flex e-con e-parent\" data-id=\"93aa4a8\" data-element_type=\"container\" data-e-type=\"container\">\n\t\t\t\t<div class=\"elementor-element elementor-element-2c3f760 miaoshu elementor-widget elementor-widget-wd_text_block\" data-id=\"2c3f760\" data-element_type=\"widget\" data-e-type=\"widget\" data-widget_type=\"wd_text_block.default\">\n\t\t\t\t<div class=\"elementor-widget-container\">\n\t\t\t\t\t\t\t<div class=\"wd-text-block reset-last-child text-left\">\n\t\t\t\n\t\t\t<h2>Cryptico - Lo \u00faltimo en temas de criptograf\u00eda para WordPress<\/h2>\n<p>\u00bfQuiere lanzar un sitio web profesional para su proyecto de criptomoneda o ICO? <strong>Cryptico<\/strong> es el tema de WordPress premium perfecto dise\u00f1ado para agencias de ICO, inversiones en criptomonedas y negocios de consultor\u00eda digital. Construido con las \u00faltimas tecnolog\u00edas web, incluyendo el framework Bootstrap, LESS y fuentes de iconos, Cryptico garantiza un rendimiento perfecto en todos los navegadores y dispositivos, ofreciendo una experiencia de usuario pulida e interactiva.<\/p>\n\n<h3>\u00bfPor qu\u00e9 elegir Cryptico?<\/h3>\n<p>Cryptico destaca por su dise\u00f1o elegante y moderno y su s\u00f3lida funcionalidad adaptada a la industria de las criptomonedas. Tanto si eres un asesor de ICO, un entusiasta de las NFT o diriges una plataforma de comercio de criptomonedas, este tema te ofrece todo lo que necesitas para crear un sitio web visualmente impresionante y altamente funcional. Su dise\u00f1o profesional e interactividad cautivar\u00e1n a tu audiencia y elevar\u00e1n tu marca en el competitivo mercado de las criptomonedas.<\/p>\n\n<h3>Caracter\u00edsticas principales<\/h3>\n<ul>\n    <li><strong>12+ Impresionantes dise\u00f1os de p\u00e1ginas de inicio:<\/strong> Elija entre m\u00e1s de una docena de hermosos dise\u00f1os de p\u00e1gina de inicio para mostrar sus servicios de criptomonedas, campa\u00f1as de ICO o conocimientos de blockchain.<\/li>\n    <li><strong>Widget de precios de monedas en directo:<\/strong> Mantenga a sus visitantes actualizados con los precios de las criptomonedas en tiempo real, a\u00f1adiendo valor y compromiso a su sitio.<\/li>\n    <li><strong>Temporizador de cuenta atr\u00e1s ICO:<\/strong> Genere expectaci\u00f3n y urgencia en sus ventas de fichas con una atractiva cuenta atr\u00e1s.<\/li>\n    <li><strong>Constructor de p\u00e1ginas WPBakery:<\/strong> Crea dise\u00f1os ilimitados sin esfuerzo con el constructor de p\u00e1ginas WPBakery de arrastrar y soltar, completo con 19 elementos web personalizados.<\/li>\n    <li><strong>Contrato inteligente e integraci\u00f3n de listas blancas:<\/strong> Gestione f\u00e1cilmente la distribuci\u00f3n de tokens a trav\u00e9s de formatos compatibles con CSV\/XML, agilizando los procesos KYC\/AML para los participantes de la ICO.<\/li>\n    <li><strong>Estilos de color ilimitados:<\/strong> Personalice el esquema de colores de su sitio con s\u00f3lo unos clics para que coincida con la identidad de su marca.<\/li>\n    <li><strong>Dise\u00f1o totalmente adaptable:<\/strong> Garantice una experiencia perfecta en ordenadores de sobremesa, tabletas y dispositivos m\u00f3viles con un dise\u00f1o optimizado para m\u00f3viles y listo para retina.<\/li>\n    <li><strong>SEO-Friendly:<\/strong> Construido con las mejores pr\u00e1cticas de SEO para aumentar la visibilidad de su sitio y la compatibilidad con plugins de WordPress populares.<\/li>\n    <li><strong>Soporte multiling\u00fce:<\/strong> Compatible con Polylang para crear sitios web multiling\u00fces y llegar a un p\u00fablico global.<\/li>\n<\/ul>\n\n<h3>Perfecto para criptoprofesionales<\/h3>\n<p>Cryptico est\u00e1 dise\u00f1ado para una amplia gama de proyectos relacionados con criptomonedas, desde p\u00e1ginas de aterrizaje de ICO hasta mercados de NFT y servicios de consultor\u00eda de criptomonedas. Sus plantillas pre-construidas, incluyendo p\u00e1ginas de servicios, estudios de caso y dise\u00f1os de blog, le permiten mostrar su experiencia y atraer a su audiencia de manera efectiva. Con funciones como gr\u00e1ficos de intercambio en vivo, calculadoras de costes de criptomonedas y widgets de monedas virtuales, puede proporcionar herramientas valiosas a sus visitantes, como calculadoras de rentabilidad de miner\u00eda y visualizaciones de datos de mercado en tiempo real.<\/p>\n\n<h3>F\u00e1cil personalizaci\u00f3n, no requiere codificaci\u00f3n<\/h3>\n<p>Con Cryptico, no necesitas ser un desarrollador para crear un sitio web profesional. La interfaz intuitiva del tema y el potente constructor de p\u00e1ginas facilitan la personalizaci\u00f3n de dise\u00f1os, la adici\u00f3n de elementos din\u00e1micos como gr\u00e1ficos circulares o barras de progreso, y la adaptaci\u00f3n del sitio a tus necesidades. Adem\u00e1s, se integra perfectamente con plugins populares como WooCommerce para la funcionalidad de comercio electr\u00f3nico y Envato Market para actualizaciones con un solo clic.<\/p>\n\n<h3>Cumplimiento del GDPR y asistencia fiable<\/h3>\n<p>Cryptico incluye un plugin de cumplimiento de la GDPR para gestionar los datos de los usuarios y las cookies, garantizando que su sitio cumpla las normas de privacidad. Con el respaldo de un foro de soporte dedicado y una amplia documentaci\u00f3n, dispondr\u00e1 de todos los recursos necesarios para configurar y mantener su sitio web con facilidad.<\/p>\n\n<h3>Comience hoy su viaje criptogr\u00e1fico<\/h3>\n<p>\u00bfListo para destacar en el mundo de las criptomonedas? Cryptico ofrece una flexibilidad sin igual, caracter\u00edsticas de vanguardia y un dise\u00f1o profesional para ayudarle a destacar. Ya sea que est\u00e9 lanzando una ICO, creando un blog de criptomonedas u ofreciendo servicios de consultor\u00eda, Cryptico es su soluci\u00f3n para crear un sitio web de alto impacto y f\u00e1cil de usar. Descarga Cryptico hoy y lleva tu negocio de criptomonedas al siguiente nivel.<\/p>\n\t\t\t\t\t<\/div>\n\t\t\t\t\t\t<\/div>\n\t\t\t\t<\/div>\n\t\t\t\t<\/div>\n\t\t\t\t<\/div>","protected":false},"excerpt":{"rendered":"<p>Cryptico &#8211; The Ultimate Crypto WordPress Theme Looking to launch a professional website for your cryptocurrency or ICO project? Cryptico<\/p>","protected":false},"featured_media":6157,"comment_status":"open","ping_status":"closed","template":"","meta":{"_acf_changed":false},"product_brand":[],"product_cat":[48],"product_tag":[],"class_list":{"0":"post-6161","1":"product","2":"type-product","3":"status-publish","4":"has-post-thumbnail","6":"product_cat-themes","8":"first","9":"instock","10":"sale","11":"downloadable","12":"shipping-taxable","13":"purchasable","14":"product-type-simple"},"acf":[],"yoast_head":"<!-- This site is optimized with the Yoast SEO Premium plugin v25.6 (Yoast SEO v27.1.1) - https:\/\/yoast.com\/product\/yoast-seo-premium-wordpress\/ -->\n<title>Cryptico - ICO &amp; Cryptocurrency WordPress Theme - AllWin Theme \u2013 Free WordPress Themes Download<\/title>\n<meta name=\"description\" content=\"Discover Cryptico, a premium WordPress theme for ICOs &amp; crypto sites, with modern design, live price widgets, and easy customization.\" \/>\n<meta name=\"robots\" content=\"index, follow, max-snippet:-1, max-image-preview:large, max-video-preview:-1\" \/>\n<link rel=\"canonical\" href=\"https:\/\/allwintheme.com\/es\/producto\/cryptico-tema-cripto-y-criptomoneda\/\" \/>\n<meta property=\"og:locale\" content=\"es_ES\" \/>\n<meta property=\"og:type\" content=\"article\" \/>\n<meta property=\"og:title\" content=\"Cryptico - ICO &amp; Cryptocurrency WordPress Theme\" \/>\n<meta property=\"og:description\" content=\"Discover Cryptico, a premium WordPress theme for ICOs &amp; crypto sites, with modern design, live price widgets, and easy customization.\" \/>\n<meta property=\"og:url\" content=\"https:\/\/allwintheme.com\/es\/producto\/cryptico-tema-cripto-y-criptomoneda\/\" \/>\n<meta property=\"og:site_name\" content=\"AllWin Theme \u2013 Free WordPress Themes Download\" \/>\n<meta property=\"article:modified_time\" content=\"2025-09-07T06:22:50+00:00\" \/>\n<meta property=\"og:image\" content=\"https:\/\/allwintheme.com\/wp-content\/uploads\/2025\/09\/1iov9a4s.png\" \/>\n\t<meta property=\"og:image:width\" content=\"590\" \/>\n\t<meta property=\"og:image:height\" content=\"300\" \/>\n\t<meta property=\"og:image:type\" content=\"image\/png\" \/>\n<meta name=\"twitter:card\" content=\"summary_large_image\" \/>\n<meta name=\"twitter:label1\" content=\"Tiempo estimado de lectura\" \/>\n\t<meta name=\"twitter:data1\" content=\"4 minutos\" \/>\n<script type=\"application\/ld+json\" class=\"yoast-schema-graph\">{\"@context\":\"https:\/\/schema.org\",\"@graph\":[{\"@type\":\"WebPage\",\"@id\":\"https:\/\/allwintheme.com\/product\/cryptico-crypto-and-cryptocurrency-theme\/\",\"url\":\"https:\/\/allwintheme.com\/product\/cryptico-crypto-and-cryptocurrency-theme\/\",\"name\":\"Cryptico - ICO & Cryptocurrency WordPress Theme - AllWin Theme \u2013 Free WordPress Themes Download\",\"isPartOf\":{\"@id\":\"https:\/\/allwintheme.com\/#website\"},\"primaryImageOfPage\":{\"@id\":\"https:\/\/allwintheme.com\/product\/cryptico-crypto-and-cryptocurrency-theme\/#primaryimage\"},\"image\":{\"@id\":\"https:\/\/allwintheme.com\/product\/cryptico-crypto-and-cryptocurrency-theme\/#primaryimage\"},\"thumbnailUrl\":\"https:\/\/allwintheme.com\/wp-content\/uploads\/2025\/09\/1iov9a4s.png\",\"datePublished\":\"2025-09-07T06:14:53+00:00\",\"dateModified\":\"2025-09-07T06:22:50+00:00\",\"description\":\"Discover Cryptico, a premium WordPress theme for ICOs & crypto sites, with modern design, live price widgets, and easy customization.\",\"breadcrumb\":{\"@id\":\"https:\/\/allwintheme.com\/product\/cryptico-crypto-and-cryptocurrency-theme\/#breadcrumb\"},\"inLanguage\":\"es-CL\",\"potentialAction\":[{\"@type\":\"ReadAction\",\"target\":[\"https:\/\/allwintheme.com\/product\/cryptico-crypto-and-cryptocurrency-theme\/\"]}]},{\"@type\":\"ImageObject\",\"inLanguage\":\"es-CL\",\"@id\":\"https:\/\/allwintheme.com\/product\/cryptico-crypto-and-cryptocurrency-theme\/#primaryimage\",\"url\":\"https:\/\/allwintheme.com\/wp-content\/uploads\/2025\/09\/1iov9a4s.png\",\"contentUrl\":\"https:\/\/allwintheme.com\/wp-content\/uploads\/2025\/09\/1iov9a4s.png\",\"width\":590,\"height\":300,\"caption\":\"Medizco \u2013 Medical Health & Dental Care Clinic WordPress Theme\"},{\"@type\":\"BreadcrumbList\",\"@id\":\"https:\/\/allwintheme.com\/product\/cryptico-crypto-and-cryptocurrency-theme\/#breadcrumb\",\"itemListElement\":[{\"@type\":\"ListItem\",\"position\":1,\"name\":\"Home\",\"item\":\"https:\/\/allwintheme.com\/\"},{\"@type\":\"ListItem\",\"position\":2,\"name\":\"Shop\",\"item\":\"https:\/\/allwintheme.com\/shop\/\"},{\"@type\":\"ListItem\",\"position\":3,\"name\":\"Cryptico &#8211; ICO &#038; Cryptocurrency WordPress Theme\"}]},{\"@type\":\"WebSite\",\"@id\":\"https:\/\/allwintheme.com\/#website\",\"url\":\"https:\/\/allwintheme.com\/\",\"name\":\"Allwintheme\",\"description\":\"Download free WordPress themes for every niche. Blogs, business, eCommerce, portfolio, restaurant and more. All themes are GPL licensed and mobile-ready.\",\"potentialAction\":[{\"@type\":\"SearchAction\",\"target\":{\"@type\":\"EntryPoint\",\"urlTemplate\":\"https:\/\/allwintheme.com\/?s={search_term_string}\"},\"query-input\":{\"@type\":\"PropertyValueSpecification\",\"valueRequired\":true,\"valueName\":\"search_term_string\"}}],\"inLanguage\":\"es-CL\"}]}<\/script>\n<!-- \/ Yoast SEO Premium plugin. -->","yoast_head_json":{"title":"Cryptico - ICO &amp; Cryptocurrency WordPress Theme - AllWin Theme - Free WordPress Themes Download","description":"Descubra Cryptico, un tema premium de WordPress para ICOs y sitios de criptomonedas, con un dise\u00f1o moderno, widgets de precios en vivo y f\u00e1cil personalizaci\u00f3n.","robots":{"index":"index","follow":"follow","max-snippet":"max-snippet:-1","max-image-preview":"max-image-preview:large","max-video-preview":"max-video-preview:-1"},"canonical":"https:\/\/allwintheme.com\/es\/producto\/cryptico-tema-cripto-y-criptomoneda\/","og_locale":"es_ES","og_type":"article","og_title":"Cryptico - ICO & Cryptocurrency WordPress Theme","og_description":"Discover Cryptico, a premium WordPress theme for ICOs & crypto sites, with modern design, live price widgets, and easy customization.","og_url":"https:\/\/allwintheme.com\/es\/producto\/cryptico-tema-cripto-y-criptomoneda\/","og_site_name":"AllWin Theme \u2013 Free WordPress Themes Download","article_modified_time":"2025-09-07T06:22:50+00:00","og_image":[{"width":590,"height":300,"url":"https:\/\/allwintheme.com\/wp-content\/uploads\/2025\/09\/1iov9a4s.png","type":"image\/png"}],"twitter_card":"summary_large_image","twitter_misc":{"Tiempo estimado de lectura":"4 minutos"},"schema":{"@context":"https:\/\/schema.org","@graph":[{"@type":"WebPage","@id":"https:\/\/allwintheme.com\/product\/cryptico-crypto-and-cryptocurrency-theme\/","url":"https:\/\/allwintheme.com\/product\/cryptico-crypto-and-cryptocurrency-theme\/","name":"Cryptico - ICO &amp; Cryptocurrency WordPress Theme - AllWin Theme - Free WordPress Themes Download","isPartOf":{"@id":"https:\/\/allwintheme.com\/#website"},"primaryImageOfPage":{"@id":"https:\/\/allwintheme.com\/product\/cryptico-crypto-and-cryptocurrency-theme\/#primaryimage"},"image":{"@id":"https:\/\/allwintheme.com\/product\/cryptico-crypto-and-cryptocurrency-theme\/#primaryimage"},"thumbnailUrl":"https:\/\/allwintheme.com\/wp-content\/uploads\/2025\/09\/1iov9a4s.png","datePublished":"2025-09-07T06:14:53+00:00","dateModified":"2025-09-07T06:22:50+00:00","description":"Descubra Cryptico, un tema premium de WordPress para ICOs y sitios de criptomonedas, con un dise\u00f1o moderno, widgets de precios en vivo y f\u00e1cil personalizaci\u00f3n.","breadcrumb":{"@id":"https:\/\/allwintheme.com\/product\/cryptico-crypto-and-cryptocurrency-theme\/#breadcrumb"},"inLanguage":"es-CL","potentialAction":[{"@type":"ReadAction","target":["https:\/\/allwintheme.com\/product\/cryptico-crypto-and-cryptocurrency-theme\/"]}]},{"@type":"ImageObject","inLanguage":"es-CL","@id":"https:\/\/allwintheme.com\/product\/cryptico-crypto-and-cryptocurrency-theme\/#primaryimage","url":"https:\/\/allwintheme.com\/wp-content\/uploads\/2025\/09\/1iov9a4s.png","contentUrl":"https:\/\/allwintheme.com\/wp-content\/uploads\/2025\/09\/1iov9a4s.png","width":590,"height":300,"caption":"Medizco \u2013 Medical Health & Dental Care Clinic WordPress Theme"},{"@type":"BreadcrumbList","@id":"https:\/\/allwintheme.com\/product\/cryptico-crypto-and-cryptocurrency-theme\/#breadcrumb","itemListElement":[{"@type":"ListItem","position":1,"name":"Home","item":"https:\/\/allwintheme.com\/"},{"@type":"ListItem","position":2,"name":"Shop","item":"https:\/\/allwintheme.com\/shop\/"},{"@type":"ListItem","position":3,"name":"Cryptico &#8211; ICO &#038; Cryptocurrency WordPress Theme"}]},{"@type":"WebSite","@id":"https:\/\/allwintheme.com\/#website","url":"https:\/\/allwintheme.com\/","name":"Allwintheme","description":"Descarga gratis temas de WordPress para todos los nichos. Blogs, negocios, comercio electr\u00f3nico, portafolio, restaurante y m\u00e1s. Todos los temas tienen licencia GPL y est\u00e1n preparados para dispositivos m\u00f3viles.","potentialAction":[{"@type":"SearchAction","target":{"@type":"EntryPoint","urlTemplate":"https:\/\/allwintheme.com\/?s={search_term_string}"},"query-input":{"@type":"PropertyValueSpecification","valueRequired":true,"valueName":"search_term_string"}}],"inLanguage":"es-CL"}]}},"_links":{"self":[{"href":"https:\/\/allwintheme.com\/es\/wp-json\/wp\/v2\/product\/6161","targetHints":{"allow":["GET"]}}],"collection":[{"href":"https:\/\/allwintheme.com\/es\/wp-json\/wp\/v2\/product"}],"about":[{"href":"https:\/\/allwintheme.com\/es\/wp-json\/wp\/v2\/types\/product"}],"replies":[{"embeddable":true,"href":"https:\/\/allwintheme.com\/es\/wp-json\/wp\/v2\/comments?post=6161"}],"version-history":[{"count":0,"href":"https:\/\/allwintheme.com\/es\/wp-json\/wp\/v2\/product\/6161\/revisions"}],"wp:featuredmedia":[{"embeddable":true,"href":"https:\/\/allwintheme.com\/es\/wp-json\/wp\/v2\/media\/6157"}],"wp:attachment":[{"href":"https:\/\/allwintheme.com\/es\/wp-json\/wp\/v2\/media?parent=6161"}],"wp:term":[{"taxonomy":"product_brand","embeddable":true,"href":"https:\/\/allwintheme.com\/es\/wp-json\/wp\/v2\/product_brand?post=6161"},{"taxonomy":"product_cat","embeddable":true,"href":"https:\/\/allwintheme.com\/es\/wp-json\/wp\/v2\/product_cat?post=6161"},{"taxonomy":"product_tag","embeddable":true,"href":"https:\/\/allwintheme.com\/es\/wp-json\/wp\/v2\/product_tag?post=6161"}],"curies":[{"name":"wp","href":"https:\/\/api.w.org\/{rel}","templated":true}]}}