{"id":6198,"date":"2025-09-09T07:23:46","date_gmt":"2025-09-09T07:23:46","guid":{"rendered":"https:\/\/allwintheme.com\/?post_type=product&#038;p=6198"},"modified":"2025-09-09T07:29:42","modified_gmt":"2025-09-09T07:29:42","slug":"bloggmu-blog-femenino-elementor-template-kit","status":"publish","type":"product","link":"https:\/\/allwintheme.com\/es\/producto\/bloggmu-blog-femenino-elementor-template-kit\/","title":{"rendered":"Bloggmu - Kit de Plantillas Elementor para Blog Femenino"},"content":{"rendered":"<div data-elementor-type=\"wp-post\" data-elementor-id=\"6198\" class=\"elementor elementor-6198\" data-elementor-settings=\"{&quot;element_pack_global_tooltip_width&quot;:{&quot;unit&quot;:&quot;px&quot;,&quot;size&quot;:&quot;&quot;,&quot;sizes&quot;:[]},&quot;element_pack_global_tooltip_width_tablet&quot;:{&quot;unit&quot;:&quot;px&quot;,&quot;size&quot;:&quot;&quot;,&quot;sizes&quot;:[]},&quot;element_pack_global_tooltip_width_mobile&quot;:{&quot;unit&quot;:&quot;px&quot;,&quot;size&quot;:&quot;&quot;,&quot;sizes&quot;:[]},&quot;element_pack_global_tooltip_padding&quot;:{&quot;unit&quot;:&quot;px&quot;,&quot;top&quot;:&quot;&quot;,&quot;right&quot;:&quot;&quot;,&quot;bottom&quot;:&quot;&quot;,&quot;left&quot;:&quot;&quot;,&quot;isLinked&quot;:true},&quot;element_pack_global_tooltip_padding_tablet&quot;:{&quot;unit&quot;:&quot;px&quot;,&quot;top&quot;:&quot;&quot;,&quot;right&quot;:&quot;&quot;,&quot;bottom&quot;:&quot;&quot;,&quot;left&quot;:&quot;&quot;,&quot;isLinked&quot;:true},&quot;element_pack_global_tooltip_padding_mobile&quot;:{&quot;unit&quot;:&quot;px&quot;,&quot;top&quot;:&quot;&quot;,&quot;right&quot;:&quot;&quot;,&quot;bottom&quot;:&quot;&quot;,&quot;left&quot;:&quot;&quot;,&quot;isLinked&quot;:true},&quot;element_pack_global_tooltip_border_radius&quot;:{&quot;unit&quot;:&quot;px&quot;,&quot;top&quot;:&quot;&quot;,&quot;right&quot;:&quot;&quot;,&quot;bottom&quot;:&quot;&quot;,&quot;left&quot;:&quot;&quot;,&quot;isLinked&quot;:true},&quot;element_pack_global_tooltip_border_radius_tablet&quot;:{&quot;unit&quot;:&quot;px&quot;,&quot;top&quot;:&quot;&quot;,&quot;right&quot;:&quot;&quot;,&quot;bottom&quot;:&quot;&quot;,&quot;left&quot;:&quot;&quot;,&quot;isLinked&quot;:true},&quot;element_pack_global_tooltip_border_radius_mobile&quot;:{&quot;unit&quot;:&quot;px&quot;,&quot;top&quot;:&quot;&quot;,&quot;right&quot;:&quot;&quot;,&quot;bottom&quot;:&quot;&quot;,&quot;left&quot;:&quot;&quot;,&quot;isLinked&quot;:true}}\" data-elementor-post-type=\"product\">\n\t\t\t\t<div class=\"elementor-element elementor-element-93aa4a8 e-con-full e-flex e-con e-parent\" data-id=\"93aa4a8\" data-element_type=\"container\" data-e-type=\"container\">\n\t\t\t\t<div class=\"elementor-element elementor-element-2c3f760 miaoshu elementor-widget elementor-widget-wd_text_block\" data-id=\"2c3f760\" data-element_type=\"widget\" data-e-type=\"widget\" data-widget_type=\"wd_text_block.default\">\n\t\t\t\t<div class=\"elementor-widget-container\">\n\t\t\t\t\t\t\t<div class=\"wd-text-block reset-last-child text-left\">\n\t\t\t\n\t\t\t<h2 dir=\"auto\">Descubre Bloggmu: El kit definitivo de plantillas para blogs femeninos<\/h2><p dir=\"auto\">Bloggmu es un hermoso Kit de Plantillas Elementor dise\u00f1ado espec\u00edficamente para blogs femeninos, revistas y sitios web de contenido. Con su dise\u00f1o moderno, limpio y profesional, Bloggmu le permite crear una presencia en l\u00ednea cautivadora sin necesidad de conocimientos de codificaci\u00f3n. Simplemente arrastre y suelte para construir un sitio web que refleje su estilo \u00fanico.<\/p><h2 dir=\"auto\">\u00bfPor qu\u00e9 elegir Bloggmu?<\/h2><p dir=\"auto\">Este kit de plantilla incluye m\u00e1s de 12 p\u00e1ginas preconstruidas, optimizadas para una perfecta integraci\u00f3n con el tema gratuito Hello Elementor, aunque es compatible con la mayor\u00eda de los temas soportados por Elementor. Tanto si tienes un blog, una revista, un sitio de noticias o una plataforma de tutoriales, Bloggmu te ofrece la flexibilidad y las herramientas necesarias para hacer realidad tu visi\u00f3n. Con el intuitivo constructor de p\u00e1ginas de Elementor, personalizar tu sitio no te supondr\u00e1 ning\u00fan esfuerzo y no necesitar\u00e1s c\u00f3digo.<\/p><h2 dir=\"auto\">Caracter\u00edsticas principales<\/h2><ul dir=\"auto\"><li><strong>Dise\u00f1o moderno y profesional:<\/strong> Una est\u00e9tica limpia y femenina que cautiva a su p\u00fablico.<\/li><li><strong>100% Responsive:<\/strong> Tiene un aspecto impresionante en ordenadores de sobremesa, tabletas y dispositivos m\u00f3viles.<\/li><li><strong>12+ Plantillas Preconstruidas:<\/strong> P\u00e1ginas listas para usar para una configuraci\u00f3n y personalizaci\u00f3n r\u00e1pidas.<\/li><li><strong>F\u00e1cil personalizaci\u00f3n:<\/strong> Edita dise\u00f1os, colores y contenido con la interfaz de arrastrar y soltar de Elementor.<\/li><li><strong>Construido con Hello Elementor:<\/strong> Optimizado para el tema gratuito Hello Elementor, con compatibilidad para otros temas.<\/li><\/ul><h2 dir=\"auto\">Qu\u00e9 incluye el kit<\/h2><p dir=\"auto\">Bloggmu ofrece un amplio conjunto de plantillas para cubrir todos los aspectos de su sitio web:<\/p><ul dir=\"auto\"><li>P\u00e1gina de inicio<\/li><li>Qui\u00e9nes somos<\/li><li>Archivo del blog<\/li><li>Archivo de categor\u00edas<\/li><li>Archivo de autores<\/li><li>Resultados de la b\u00fasqueda<\/li><li>Puesto \u00fanico<\/li><li>P\u00e1gina de contacto<\/li><li>Galer\u00eda<\/li><li>Patrocinio<\/li><li>P\u00e1gina del equipo<\/li><li>Encabezado y pie de p\u00e1gina<\/li><li>Estilo global<\/li><\/ul><h2 dir=\"auto\">Plugins incluidos<\/h2><p dir=\"auto\">El kit viene con los siguientes plugins para mejorar la funcionalidad:<\/p><ul dir=\"auto\"><li>Iconos personalizados de Skyboot<\/li><li>ElementsKit Lite<\/li><\/ul><p dir=\"auto\"><em>Nota: Algunas plantillas y funciones requieren una actualizaci\u00f3n a Elementor Pro (no incluida).<\/em><\/p><h2 dir=\"auto\">Empieza con Bloggmu<\/h2><p dir=\"auto\">Ahorra tiempo y esfuerzo con las plantillas listas para usar y las intuitivas herramientas de dise\u00f1o de Bloggmu. Tanto si eres blogger, creador de contenido o emprendedor, este kit de plantillas Elementor te facilita la creaci\u00f3n de un sitio web profesional, responsive y con estilo. \u00a1Empieza a crear el blog de tus sue\u00f1os hoy mismo!<\/p>\n\t\t\t\t\t<\/div>\n\t\t\t\t\t\t<\/div>\n\t\t\t\t<\/div>\n\t\t\t\t<\/div>\n\t\t\t\t<\/div>","protected":false},"excerpt":{"rendered":"<p>Discover Bloggmu: The Ultimate Feminine Blog Template Kit Bloggmu is a beautifully crafted Elementor Template Kit designed specifically for feminine<\/p>","protected":false},"featured_media":6199,"comment_status":"open","ping_status":"closed","template":"","meta":{"_acf_changed":false},"product_brand":[],"product_cat":[50],"product_tag":[],"class_list":{"0":"post-6198","1":"product","2":"type-product","3":"status-publish","4":"has-post-thumbnail","6":"product_cat-template-kits","8":"first","9":"instock","10":"sale","11":"downloadable","12":"shipping-taxable","13":"purchasable","14":"product-type-simple"},"acf":[],"yoast_head":"<!-- This site is optimized with the Yoast SEO Premium plugin v25.6 (Yoast SEO v27.1.1) - https:\/\/yoast.com\/product\/yoast-seo-premium-wordpress\/ -->\n<title>Bloggmu \u2013 Feminine Blog Elementor Template Kit - AllWin Theme \u2013 Free WordPress Themes Download<\/title>\n<meta name=\"description\" content=\"Create a stunning feminine blog with Bloggmu, an Elementor Template Kit. Featuring 12+ pre-built templates, it\u2019s modern, responsive, and easy to customize.\" \/>\n<meta name=\"robots\" content=\"index, follow, max-snippet:-1, max-image-preview:large, max-video-preview:-1\" \/>\n<link rel=\"canonical\" href=\"https:\/\/allwintheme.com\/es\/producto\/bloggmu-blog-femenino-elementor-template-kit\/\" \/>\n<meta property=\"og:locale\" content=\"es_ES\" \/>\n<meta property=\"og:type\" content=\"article\" \/>\n<meta property=\"og:title\" content=\"Bloggmu \u2013 Feminine Blog Elementor Template Kit\" \/>\n<meta property=\"og:description\" content=\"Create a stunning feminine blog with Bloggmu, an Elementor Template Kit. Featuring 12+ pre-built templates, it\u2019s modern, responsive, and easy to customize.\" \/>\n<meta property=\"og:url\" content=\"https:\/\/allwintheme.com\/es\/producto\/bloggmu-blog-femenino-elementor-template-kit\/\" \/>\n<meta property=\"og:site_name\" content=\"AllWin Theme \u2013 Free WordPress Themes Download\" \/>\n<meta property=\"article:modified_time\" content=\"2025-09-09T07:29:42+00:00\" \/>\n<meta property=\"og:image\" content=\"https:\/\/allwintheme.com\/wp-content\/uploads\/2025\/09\/uuxpn898.png\" \/>\n\t<meta property=\"og:image:width\" content=\"768\" \/>\n\t<meta property=\"og:image:height\" content=\"512\" \/>\n\t<meta property=\"og:image:type\" content=\"image\/png\" \/>\n<meta name=\"twitter:card\" content=\"summary_large_image\" \/>\n<meta name=\"twitter:label1\" content=\"Tiempo estimado de lectura\" \/>\n\t<meta name=\"twitter:data1\" content=\"2 minutos\" \/>\n<script type=\"application\/ld+json\" class=\"yoast-schema-graph\">{\"@context\":\"https:\/\/schema.org\",\"@graph\":[{\"@type\":\"WebPage\",\"@id\":\"https:\/\/allwintheme.com\/product\/bloggmu-feminine-blog-elementor-template-kit\/\",\"url\":\"https:\/\/allwintheme.com\/product\/bloggmu-feminine-blog-elementor-template-kit\/\",\"name\":\"Bloggmu \u2013 Feminine Blog Elementor Template Kit - AllWin Theme \u2013 Free WordPress Themes Download\",\"isPartOf\":{\"@id\":\"https:\/\/allwintheme.com\/#website\"},\"primaryImageOfPage\":{\"@id\":\"https:\/\/allwintheme.com\/product\/bloggmu-feminine-blog-elementor-template-kit\/#primaryimage\"},\"image\":{\"@id\":\"https:\/\/allwintheme.com\/product\/bloggmu-feminine-blog-elementor-template-kit\/#primaryimage\"},\"thumbnailUrl\":\"https:\/\/allwintheme.com\/wp-content\/uploads\/2025\/09\/uuxpn898.png\",\"datePublished\":\"2025-09-09T07:23:46+00:00\",\"dateModified\":\"2025-09-09T07:29:42+00:00\",\"description\":\"Create a stunning feminine blog with Bloggmu, an Elementor Template Kit. Featuring 12+ pre-built templates, it\u2019s modern, responsive, and easy to customize.\",\"breadcrumb\":{\"@id\":\"https:\/\/allwintheme.com\/product\/bloggmu-feminine-blog-elementor-template-kit\/#breadcrumb\"},\"inLanguage\":\"es-CL\",\"potentialAction\":[{\"@type\":\"ReadAction\",\"target\":[\"https:\/\/allwintheme.com\/product\/bloggmu-feminine-blog-elementor-template-kit\/\"]}]},{\"@type\":\"ImageObject\",\"inLanguage\":\"es-CL\",\"@id\":\"https:\/\/allwintheme.com\/product\/bloggmu-feminine-blog-elementor-template-kit\/#primaryimage\",\"url\":\"https:\/\/allwintheme.com\/wp-content\/uploads\/2025\/09\/uuxpn898.png\",\"contentUrl\":\"https:\/\/allwintheme.com\/wp-content\/uploads\/2025\/09\/uuxpn898.png\",\"width\":768,\"height\":512,\"caption\":\"Bloggmu \u2013 Feminine Blog Elementor Template Kit\"},{\"@type\":\"BreadcrumbList\",\"@id\":\"https:\/\/allwintheme.com\/product\/bloggmu-feminine-blog-elementor-template-kit\/#breadcrumb\",\"itemListElement\":[{\"@type\":\"ListItem\",\"position\":1,\"name\":\"Home\",\"item\":\"https:\/\/allwintheme.com\/\"},{\"@type\":\"ListItem\",\"position\":2,\"name\":\"Shop\",\"item\":\"https:\/\/allwintheme.com\/shop\/\"},{\"@type\":\"ListItem\",\"position\":3,\"name\":\"Bloggmu \u2013 Feminine Blog Elementor Template Kit\"}]},{\"@type\":\"WebSite\",\"@id\":\"https:\/\/allwintheme.com\/#website\",\"url\":\"https:\/\/allwintheme.com\/\",\"name\":\"Allwintheme\",\"description\":\"Download free WordPress themes for every niche. Blogs, business, eCommerce, portfolio, restaurant and more. All themes are GPL licensed and mobile-ready.\",\"potentialAction\":[{\"@type\":\"SearchAction\",\"target\":{\"@type\":\"EntryPoint\",\"urlTemplate\":\"https:\/\/allwintheme.com\/?s={search_term_string}\"},\"query-input\":{\"@type\":\"PropertyValueSpecification\",\"valueRequired\":true,\"valueName\":\"search_term_string\"}}],\"inLanguage\":\"es-CL\"}]}<\/script>\n<!-- \/ Yoast SEO Premium plugin. -->","yoast_head_json":{"title":"Bloggmu \u2013 Feminine Blog Elementor Template Kit - AllWin Theme \u2013 Free WordPress Themes Download","description":"Crea un blog femenino impresionante con Bloggmu, un kit de plantillas Elementor. Con m\u00e1s de 12 plantillas predise\u00f1adas, es moderno, adaptable y f\u00e1cil de personalizar.","robots":{"index":"index","follow":"follow","max-snippet":"max-snippet:-1","max-image-preview":"max-image-preview:large","max-video-preview":"max-video-preview:-1"},"canonical":"https:\/\/allwintheme.com\/es\/producto\/bloggmu-blog-femenino-elementor-template-kit\/","og_locale":"es_ES","og_type":"article","og_title":"Bloggmu \u2013 Feminine Blog Elementor Template Kit","og_description":"Create a stunning feminine blog with Bloggmu, an Elementor Template Kit. Featuring 12+ pre-built templates, it\u2019s modern, responsive, and easy to customize.","og_url":"https:\/\/allwintheme.com\/es\/producto\/bloggmu-blog-femenino-elementor-template-kit\/","og_site_name":"AllWin Theme \u2013 Free WordPress Themes Download","article_modified_time":"2025-09-09T07:29:42+00:00","og_image":[{"width":768,"height":512,"url":"https:\/\/allwintheme.com\/wp-content\/uploads\/2025\/09\/uuxpn898.png","type":"image\/png"}],"twitter_card":"summary_large_image","twitter_misc":{"Tiempo estimado de lectura":"2 minutos"},"schema":{"@context":"https:\/\/schema.org","@graph":[{"@type":"WebPage","@id":"https:\/\/allwintheme.com\/product\/bloggmu-feminine-blog-elementor-template-kit\/","url":"https:\/\/allwintheme.com\/product\/bloggmu-feminine-blog-elementor-template-kit\/","name":"Bloggmu \u2013 Feminine Blog Elementor Template Kit - AllWin Theme \u2013 Free WordPress Themes Download","isPartOf":{"@id":"https:\/\/allwintheme.com\/#website"},"primaryImageOfPage":{"@id":"https:\/\/allwintheme.com\/product\/bloggmu-feminine-blog-elementor-template-kit\/#primaryimage"},"image":{"@id":"https:\/\/allwintheme.com\/product\/bloggmu-feminine-blog-elementor-template-kit\/#primaryimage"},"thumbnailUrl":"https:\/\/allwintheme.com\/wp-content\/uploads\/2025\/09\/uuxpn898.png","datePublished":"2025-09-09T07:23:46+00:00","dateModified":"2025-09-09T07:29:42+00:00","description":"Crea un blog femenino impresionante con Bloggmu, un kit de plantillas Elementor. Con m\u00e1s de 12 plantillas predise\u00f1adas, es moderno, adaptable y f\u00e1cil de personalizar.","breadcrumb":{"@id":"https:\/\/allwintheme.com\/product\/bloggmu-feminine-blog-elementor-template-kit\/#breadcrumb"},"inLanguage":"es-CL","potentialAction":[{"@type":"ReadAction","target":["https:\/\/allwintheme.com\/product\/bloggmu-feminine-blog-elementor-template-kit\/"]}]},{"@type":"ImageObject","inLanguage":"es-CL","@id":"https:\/\/allwintheme.com\/product\/bloggmu-feminine-blog-elementor-template-kit\/#primaryimage","url":"https:\/\/allwintheme.com\/wp-content\/uploads\/2025\/09\/uuxpn898.png","contentUrl":"https:\/\/allwintheme.com\/wp-content\/uploads\/2025\/09\/uuxpn898.png","width":768,"height":512,"caption":"Bloggmu \u2013 Feminine Blog Elementor Template Kit"},{"@type":"BreadcrumbList","@id":"https:\/\/allwintheme.com\/product\/bloggmu-feminine-blog-elementor-template-kit\/#breadcrumb","itemListElement":[{"@type":"ListItem","position":1,"name":"Home","item":"https:\/\/allwintheme.com\/"},{"@type":"ListItem","position":2,"name":"Shop","item":"https:\/\/allwintheme.com\/shop\/"},{"@type":"ListItem","position":3,"name":"Bloggmu \u2013 Feminine Blog Elementor Template Kit"}]},{"@type":"WebSite","@id":"https:\/\/allwintheme.com\/#website","url":"https:\/\/allwintheme.com\/","name":"Allwintheme","description":"Descarga gratis temas de WordPress para todos los nichos. Blogs, negocios, comercio electr\u00f3nico, portafolio, restaurante y m\u00e1s. Todos los temas tienen licencia GPL y est\u00e1n preparados para dispositivos m\u00f3viles.","potentialAction":[{"@type":"SearchAction","target":{"@type":"EntryPoint","urlTemplate":"https:\/\/allwintheme.com\/?s={search_term_string}"},"query-input":{"@type":"PropertyValueSpecification","valueRequired":true,"valueName":"search_term_string"}}],"inLanguage":"es-CL"}]}},"_links":{"self":[{"href":"https:\/\/allwintheme.com\/es\/wp-json\/wp\/v2\/product\/6198","targetHints":{"allow":["GET"]}}],"collection":[{"href":"https:\/\/allwintheme.com\/es\/wp-json\/wp\/v2\/product"}],"about":[{"href":"https:\/\/allwintheme.com\/es\/wp-json\/wp\/v2\/types\/product"}],"replies":[{"embeddable":true,"href":"https:\/\/allwintheme.com\/es\/wp-json\/wp\/v2\/comments?post=6198"}],"version-history":[{"count":0,"href":"https:\/\/allwintheme.com\/es\/wp-json\/wp\/v2\/product\/6198\/revisions"}],"wp:featuredmedia":[{"embeddable":true,"href":"https:\/\/allwintheme.com\/es\/wp-json\/wp\/v2\/media\/6199"}],"wp:attachment":[{"href":"https:\/\/allwintheme.com\/es\/wp-json\/wp\/v2\/media?parent=6198"}],"wp:term":[{"taxonomy":"product_brand","embeddable":true,"href":"https:\/\/allwintheme.com\/es\/wp-json\/wp\/v2\/product_brand?post=6198"},{"taxonomy":"product_cat","embeddable":true,"href":"https:\/\/allwintheme.com\/es\/wp-json\/wp\/v2\/product_cat?post=6198"},{"taxonomy":"product_tag","embeddable":true,"href":"https:\/\/allwintheme.com\/es\/wp-json\/wp\/v2\/product_tag?post=6198"}],"curies":[{"name":"wp","href":"https:\/\/api.w.org\/{rel}","templated":true}]}}