{"id":6325,"date":"2025-09-09T12:52:34","date_gmt":"2025-09-09T12:52:34","guid":{"rendered":"https:\/\/allwintheme.com\/?post_type=product&#038;p=6325"},"modified":"2025-09-09T13:41:41","modified_gmt":"2025-09-09T13:41:41","slug":"barley-creative-personal-wordpress-blog-theme","status":"publish","type":"product","link":"https:\/\/allwintheme.com\/es\/producto\/barley-creative-personal-wordpress-blog-theme\/","title":{"rendered":"Barley - Creativo Personal WordPress Blog Tema"},"content":{"rendered":"<div data-elementor-type=\"wp-post\" data-elementor-id=\"6325\" class=\"elementor elementor-6325\" data-elementor-settings=\"{&quot;element_pack_global_tooltip_width&quot;:{&quot;unit&quot;:&quot;px&quot;,&quot;size&quot;:&quot;&quot;,&quot;sizes&quot;:[]},&quot;element_pack_global_tooltip_width_tablet&quot;:{&quot;unit&quot;:&quot;px&quot;,&quot;size&quot;:&quot;&quot;,&quot;sizes&quot;:[]},&quot;element_pack_global_tooltip_width_mobile&quot;:{&quot;unit&quot;:&quot;px&quot;,&quot;size&quot;:&quot;&quot;,&quot;sizes&quot;:[]},&quot;element_pack_global_tooltip_padding&quot;:{&quot;unit&quot;:&quot;px&quot;,&quot;top&quot;:&quot;&quot;,&quot;right&quot;:&quot;&quot;,&quot;bottom&quot;:&quot;&quot;,&quot;left&quot;:&quot;&quot;,&quot;isLinked&quot;:true},&quot;element_pack_global_tooltip_padding_tablet&quot;:{&quot;unit&quot;:&quot;px&quot;,&quot;top&quot;:&quot;&quot;,&quot;right&quot;:&quot;&quot;,&quot;bottom&quot;:&quot;&quot;,&quot;left&quot;:&quot;&quot;,&quot;isLinked&quot;:true},&quot;element_pack_global_tooltip_padding_mobile&quot;:{&quot;unit&quot;:&quot;px&quot;,&quot;top&quot;:&quot;&quot;,&quot;right&quot;:&quot;&quot;,&quot;bottom&quot;:&quot;&quot;,&quot;left&quot;:&quot;&quot;,&quot;isLinked&quot;:true},&quot;element_pack_global_tooltip_border_radius&quot;:{&quot;unit&quot;:&quot;px&quot;,&quot;top&quot;:&quot;&quot;,&quot;right&quot;:&quot;&quot;,&quot;bottom&quot;:&quot;&quot;,&quot;left&quot;:&quot;&quot;,&quot;isLinked&quot;:true},&quot;element_pack_global_tooltip_border_radius_tablet&quot;:{&quot;unit&quot;:&quot;px&quot;,&quot;top&quot;:&quot;&quot;,&quot;right&quot;:&quot;&quot;,&quot;bottom&quot;:&quot;&quot;,&quot;left&quot;:&quot;&quot;,&quot;isLinked&quot;:true},&quot;element_pack_global_tooltip_border_radius_mobile&quot;:{&quot;unit&quot;:&quot;px&quot;,&quot;top&quot;:&quot;&quot;,&quot;right&quot;:&quot;&quot;,&quot;bottom&quot;:&quot;&quot;,&quot;left&quot;:&quot;&quot;,&quot;isLinked&quot;:true}}\" data-elementor-post-type=\"product\">\n\t\t\t\t<div class=\"elementor-element elementor-element-93aa4a8 e-con-full e-flex e-con e-parent\" data-id=\"93aa4a8\" data-element_type=\"container\" data-e-type=\"container\">\n\t\t\t\t<div class=\"elementor-element elementor-element-2c3f760 miaoshu elementor-widget elementor-widget-wd_text_block\" data-id=\"2c3f760\" data-element_type=\"widget\" data-e-type=\"widget\" data-widget_type=\"wd_text_block.default\">\n\t\t\t\t<div class=\"elementor-widget-container\">\n\t\t\t\t\t\t\t<div class=\"wd-text-block reset-last-child text-left\">\n\t\t\t\n\t\t\t<h2>Barley - D\u00e9 rienda suelta a su creatividad con un tema de blog personal<\/h2>\n<p>Barley es un tema para blog de WordPress din\u00e1mico y creativo dise\u00f1ado para blogueros que desean crear una presencia en l\u00ednea \u00fanica. Desarrollado por el intuitivo BKNinja Composer, Barley le permite construir p\u00e1ginas impresionantes arrastrando y soltando m\u00f3dulos, ofreciendo infinitas posibilidades de dise\u00f1o para su blog personal.<\/p>\n\n<h3>\u00bfPor qu\u00e9 elegir la cebada?<\/h3>\n<p>Barley combina flexibilidad, funcionalidad y estilo, lo que la convierte en la opci\u00f3n ideal para los blogueros que desean un sitio web profesional pero personalizado. Compatible con la \u00faltima versi\u00f3n de WordPress, ofrece potentes funciones para mejorar la experiencia del usuario, impulsar el compromiso y optimizar para los motores de b\u00fasqueda.<\/p>\n\n<h3>Caracter\u00edsticas principales<\/h3>\n<ul>\n  <li><strong>BKNinja Compositor:<\/strong> Cree dise\u00f1os de p\u00e1gina de inicio personalizados seleccionando, arrastrando y soltando m\u00f3dulos en secciones para obtener opciones de dise\u00f1o ilimitadas.<\/li>\n  <li><strong>Puestos de carga Ajax:<\/strong> Mantenga el inter\u00e9s de los lectores cargando nuevas entradas sin actualizar toda la p\u00e1gina.<\/li>\n  <li><strong>Totalmente adaptable:<\/strong> Se ve impresionante en todos los dispositivos, con una opci\u00f3n para ocultar la barra lateral en dise\u00f1os responsivos.<\/li>\n  <li><strong>Optimizado para SEO:<\/strong> Admite fragmentos enriquecidos para entradas y rese\u00f1as, adem\u00e1s de Google Authorship para mejorar la visibilidad en las b\u00fasquedas.<\/li>\n  <li><strong>M\u00faltiples dise\u00f1os de blog:<\/strong> Elige entre varios formatos de blog y post, como Est\u00e1ndar, Galer\u00eda, Galer\u00eda de v\u00eddeo, YouTube y Vimeo.<\/li>\n  <li><strong>Sistema de revisi\u00f3n integrado:<\/strong> A\u00f1ade f\u00e1cilmente rese\u00f1as a las publicaciones con un resumen para obtener un contenido atractivo.<\/li>\n  <li><strong>Dise\u00f1o personalizable:<\/strong> Combinaciones de colores ilimitadas, Google Web Fonts y cabeceras personalizables para un aspecto \u00fanico.<\/li>\n  <li><strong>Potentes opciones de tema:<\/strong> Ajustes f\u00e1ciles de usar pero robustos para controlar todos los aspectos de su sitio.<\/li>\n  <li><strong>Traducci\u00f3n lista:<\/strong> Incluye un archivo .pot para facilitar la traducci\u00f3n a cualquier idioma.<\/li>\n  <li><strong>Opciones avanzadas de publicaci\u00f3n:<\/strong> Personalice las entradas individuales para anular la configuraci\u00f3n global y conseguir un estilo \u00fanico.<\/li>\n  <li><strong>Opciones flexibles para la barra lateral:<\/strong> Cree barras laterales ilimitadas con el generador de barras laterales personalizadas incorporado y elija su posici\u00f3n (izquierda o derecha).<\/li>\n  <li><strong>Social Sharing &amp; Related Posts:<\/strong> Funciones integradas para aumentar la participaci\u00f3n y mantener a los visitantes en su sitio.<\/li>\n  <li><strong>Compatibilidad entre navegadores:<\/strong> Funciona perfectamente en Chrome, Safari, Firefox e Internet Explorer 9+.<\/li>\n  <li><strong>Logotipo y favicon personalizados:<\/strong> Cargue f\u00e1cilmente sus elementos de marca para darles un toque profesional.<\/li>\n<\/ul>\n\n<h3>Crear un blog que destaque<\/h3>\n<p>Barley permite a los blogueros crear un sitio web tan \u00fanico como su propia voz. Con sus s\u00f3lidas opciones de personalizaci\u00f3n, su rendimiento impecable y sus funciones de f\u00e1cil lectura, como la carga de entradas Ajax y las barras laterales adhesivas, Barley garantiza la participaci\u00f3n de su p\u00fablico. Tanto si comparte historias, rese\u00f1as o contenido multimedia, Barley le proporciona las herramientas necesarias para que su blog brille con luz propia.<\/p>\n\n<p>Comienza tu viaje bloguero con Barley, el tema de WordPress definitivo para blogs personales creativos.<\/p>\n\t\t\t\t\t<\/div>\n\t\t\t\t\t\t<\/div>\n\t\t\t\t<\/div>\n\t\t\t\t<\/div>\n\t\t\t\t<\/div>","protected":false},"excerpt":{"rendered":"<p>Barley \u2013 Unleash Your Creativity with a Personal Blog Theme Barley is a dynamic and creative WordPress blog theme designed<\/p>","protected":false},"featured_media":6253,"comment_status":"open","ping_status":"closed","template":"","meta":{"_acf_changed":false},"product_brand":[],"product_cat":[50],"product_tag":[],"class_list":{"0":"post-6325","1":"product","2":"type-product","3":"status-publish","4":"has-post-thumbnail","6":"product_cat-template-kits","8":"first","9":"instock","10":"sale","11":"downloadable","12":"shipping-taxable","13":"purchasable","14":"product-type-simple"},"acf":[],"yoast_head":"<!-- This site is optimized with the Yoast SEO Premium plugin v25.6 (Yoast SEO v27.1.1) - https:\/\/yoast.com\/product\/yoast-seo-premium-wordpress\/ -->\n<title>Barley \u2013 Creative Personal WordPress Blog Theme - AllWin Theme \u2013 Free WordPress Themes Download<\/title>\n<meta name=\"description\" content=\"Barley is a versatile WordPress blog theme with drag-and-drop builder, SEO optimization, and responsive design, perfect for creating unique personal blogs.\" \/>\n<meta name=\"robots\" content=\"index, follow, max-snippet:-1, max-image-preview:large, max-video-preview:-1\" \/>\n<link rel=\"canonical\" href=\"https:\/\/allwintheme.com\/es\/producto\/barley-creative-personal-wordpress-blog-theme\/\" \/>\n<meta property=\"og:locale\" content=\"es_ES\" \/>\n<meta property=\"og:type\" content=\"article\" \/>\n<meta property=\"og:title\" content=\"Barley \u2013 Creative Personal WordPress Blog Theme\" \/>\n<meta property=\"og:description\" content=\"Barley is a versatile WordPress blog theme with drag-and-drop builder, SEO optimization, and responsive design, perfect for creating unique personal blogs.\" \/>\n<meta property=\"og:url\" content=\"https:\/\/allwintheme.com\/es\/producto\/barley-creative-personal-wordpress-blog-theme\/\" \/>\n<meta property=\"og:site_name\" content=\"AllWin Theme \u2013 Free WordPress Themes Download\" \/>\n<meta property=\"article:modified_time\" content=\"2025-09-09T13:41:41+00:00\" \/>\n<meta property=\"og:image\" content=\"https:\/\/allwintheme.com\/wp-content\/uploads\/2025\/09\/nexgwy6p.png\" \/>\n\t<meta property=\"og:image:width\" content=\"768\" \/>\n\t<meta property=\"og:image:height\" content=\"500\" \/>\n\t<meta property=\"og:image:type\" content=\"image\/png\" \/>\n<meta name=\"twitter:card\" content=\"summary_large_image\" \/>\n<meta name=\"twitter:label1\" content=\"Tiempo estimado de lectura\" \/>\n\t<meta name=\"twitter:data1\" content=\"3 minutos\" \/>\n<script type=\"application\/ld+json\" class=\"yoast-schema-graph\">{\"@context\":\"https:\/\/schema.org\",\"@graph\":[{\"@type\":\"WebPage\",\"@id\":\"https:\/\/allwintheme.com\/product\/barley-creative-personal-wordpress-blog-theme\/\",\"url\":\"https:\/\/allwintheme.com\/product\/barley-creative-personal-wordpress-blog-theme\/\",\"name\":\"Barley \u2013 Creative Personal WordPress Blog Theme - AllWin Theme \u2013 Free WordPress Themes Download\",\"isPartOf\":{\"@id\":\"https:\/\/allwintheme.com\/#website\"},\"primaryImageOfPage\":{\"@id\":\"https:\/\/allwintheme.com\/product\/barley-creative-personal-wordpress-blog-theme\/#primaryimage\"},\"image\":{\"@id\":\"https:\/\/allwintheme.com\/product\/barley-creative-personal-wordpress-blog-theme\/#primaryimage\"},\"thumbnailUrl\":\"https:\/\/allwintheme.com\/wp-content\/uploads\/2025\/09\/nexgwy6p.png\",\"datePublished\":\"2025-09-09T12:52:34+00:00\",\"dateModified\":\"2025-09-09T13:41:41+00:00\",\"description\":\"Barley is a versatile WordPress blog theme with drag-and-drop builder, SEO optimization, and responsive design, perfect for creating unique personal blogs.\",\"breadcrumb\":{\"@id\":\"https:\/\/allwintheme.com\/product\/barley-creative-personal-wordpress-blog-theme\/#breadcrumb\"},\"inLanguage\":\"es-CL\",\"potentialAction\":[{\"@type\":\"ReadAction\",\"target\":[\"https:\/\/allwintheme.com\/product\/barley-creative-personal-wordpress-blog-theme\/\"]}]},{\"@type\":\"ImageObject\",\"inLanguage\":\"es-CL\",\"@id\":\"https:\/\/allwintheme.com\/product\/barley-creative-personal-wordpress-blog-theme\/#primaryimage\",\"url\":\"https:\/\/allwintheme.com\/wp-content\/uploads\/2025\/09\/nexgwy6p.png\",\"contentUrl\":\"https:\/\/allwintheme.com\/wp-content\/uploads\/2025\/09\/nexgwy6p.png\",\"width\":768,\"height\":500,\"caption\":\"Barley \u2013 Creative Personal WordPress Blog Theme\"},{\"@type\":\"BreadcrumbList\",\"@id\":\"https:\/\/allwintheme.com\/product\/barley-creative-personal-wordpress-blog-theme\/#breadcrumb\",\"itemListElement\":[{\"@type\":\"ListItem\",\"position\":1,\"name\":\"Home\",\"item\":\"https:\/\/allwintheme.com\/\"},{\"@type\":\"ListItem\",\"position\":2,\"name\":\"Shop\",\"item\":\"https:\/\/allwintheme.com\/shop\/\"},{\"@type\":\"ListItem\",\"position\":3,\"name\":\"Barley \u2013 Creative Personal WordPress Blog Theme\"}]},{\"@type\":\"WebSite\",\"@id\":\"https:\/\/allwintheme.com\/#website\",\"url\":\"https:\/\/allwintheme.com\/\",\"name\":\"Allwintheme\",\"description\":\"Download free WordPress themes for every niche. Blogs, business, eCommerce, portfolio, restaurant and more. All themes are GPL licensed and mobile-ready.\",\"potentialAction\":[{\"@type\":\"SearchAction\",\"target\":{\"@type\":\"EntryPoint\",\"urlTemplate\":\"https:\/\/allwintheme.com\/?s={search_term_string}\"},\"query-input\":{\"@type\":\"PropertyValueSpecification\",\"valueRequired\":true,\"valueName\":\"search_term_string\"}}],\"inLanguage\":\"es-CL\"}]}<\/script>\n<!-- \/ Yoast SEO Premium plugin. -->","yoast_head_json":{"title":"Barley \u2013 Creative Personal WordPress Blog Theme - AllWin Theme \u2013 Free WordPress Themes Download","description":"Barley es un tema vers\u00e1til para blogs de WordPress con constructor de arrastrar y soltar, optimizaci\u00f3n SEO y dise\u00f1o responsivo, perfecto para crear blogs personales \u00fanicos.","robots":{"index":"index","follow":"follow","max-snippet":"max-snippet:-1","max-image-preview":"max-image-preview:large","max-video-preview":"max-video-preview:-1"},"canonical":"https:\/\/allwintheme.com\/es\/producto\/barley-creative-personal-wordpress-blog-theme\/","og_locale":"es_ES","og_type":"article","og_title":"Barley \u2013 Creative Personal WordPress Blog Theme","og_description":"Barley is a versatile WordPress blog theme with drag-and-drop builder, SEO optimization, and responsive design, perfect for creating unique personal blogs.","og_url":"https:\/\/allwintheme.com\/es\/producto\/barley-creative-personal-wordpress-blog-theme\/","og_site_name":"AllWin Theme \u2013 Free WordPress Themes Download","article_modified_time":"2025-09-09T13:41:41+00:00","og_image":[{"width":768,"height":500,"url":"https:\/\/allwintheme.com\/wp-content\/uploads\/2025\/09\/nexgwy6p.png","type":"image\/png"}],"twitter_card":"summary_large_image","twitter_misc":{"Tiempo estimado de lectura":"3 minutos"},"schema":{"@context":"https:\/\/schema.org","@graph":[{"@type":"WebPage","@id":"https:\/\/allwintheme.com\/product\/barley-creative-personal-wordpress-blog-theme\/","url":"https:\/\/allwintheme.com\/product\/barley-creative-personal-wordpress-blog-theme\/","name":"Barley \u2013 Creative Personal WordPress Blog Theme - AllWin Theme \u2013 Free WordPress Themes Download","isPartOf":{"@id":"https:\/\/allwintheme.com\/#website"},"primaryImageOfPage":{"@id":"https:\/\/allwintheme.com\/product\/barley-creative-personal-wordpress-blog-theme\/#primaryimage"},"image":{"@id":"https:\/\/allwintheme.com\/product\/barley-creative-personal-wordpress-blog-theme\/#primaryimage"},"thumbnailUrl":"https:\/\/allwintheme.com\/wp-content\/uploads\/2025\/09\/nexgwy6p.png","datePublished":"2025-09-09T12:52:34+00:00","dateModified":"2025-09-09T13:41:41+00:00","description":"Barley es un tema vers\u00e1til para blogs de WordPress con constructor de arrastrar y soltar, optimizaci\u00f3n SEO y dise\u00f1o responsivo, perfecto para crear blogs personales \u00fanicos.","breadcrumb":{"@id":"https:\/\/allwintheme.com\/product\/barley-creative-personal-wordpress-blog-theme\/#breadcrumb"},"inLanguage":"es-CL","potentialAction":[{"@type":"ReadAction","target":["https:\/\/allwintheme.com\/product\/barley-creative-personal-wordpress-blog-theme\/"]}]},{"@type":"ImageObject","inLanguage":"es-CL","@id":"https:\/\/allwintheme.com\/product\/barley-creative-personal-wordpress-blog-theme\/#primaryimage","url":"https:\/\/allwintheme.com\/wp-content\/uploads\/2025\/09\/nexgwy6p.png","contentUrl":"https:\/\/allwintheme.com\/wp-content\/uploads\/2025\/09\/nexgwy6p.png","width":768,"height":500,"caption":"Barley \u2013 Creative Personal WordPress Blog Theme"},{"@type":"BreadcrumbList","@id":"https:\/\/allwintheme.com\/product\/barley-creative-personal-wordpress-blog-theme\/#breadcrumb","itemListElement":[{"@type":"ListItem","position":1,"name":"Home","item":"https:\/\/allwintheme.com\/"},{"@type":"ListItem","position":2,"name":"Shop","item":"https:\/\/allwintheme.com\/shop\/"},{"@type":"ListItem","position":3,"name":"Barley \u2013 Creative Personal WordPress Blog Theme"}]},{"@type":"WebSite","@id":"https:\/\/allwintheme.com\/#website","url":"https:\/\/allwintheme.com\/","name":"Allwintheme","description":"Descarga gratis temas de WordPress para todos los nichos. Blogs, negocios, comercio electr\u00f3nico, portafolio, restaurante y m\u00e1s. Todos los temas tienen licencia GPL y est\u00e1n preparados para dispositivos m\u00f3viles.","potentialAction":[{"@type":"SearchAction","target":{"@type":"EntryPoint","urlTemplate":"https:\/\/allwintheme.com\/?s={search_term_string}"},"query-input":{"@type":"PropertyValueSpecification","valueRequired":true,"valueName":"search_term_string"}}],"inLanguage":"es-CL"}]}},"_links":{"self":[{"href":"https:\/\/allwintheme.com\/es\/wp-json\/wp\/v2\/product\/6325","targetHints":{"allow":["GET"]}}],"collection":[{"href":"https:\/\/allwintheme.com\/es\/wp-json\/wp\/v2\/product"}],"about":[{"href":"https:\/\/allwintheme.com\/es\/wp-json\/wp\/v2\/types\/product"}],"replies":[{"embeddable":true,"href":"https:\/\/allwintheme.com\/es\/wp-json\/wp\/v2\/comments?post=6325"}],"version-history":[{"count":0,"href":"https:\/\/allwintheme.com\/es\/wp-json\/wp\/v2\/product\/6325\/revisions"}],"wp:featuredmedia":[{"embeddable":true,"href":"https:\/\/allwintheme.com\/es\/wp-json\/wp\/v2\/media\/6253"}],"wp:attachment":[{"href":"https:\/\/allwintheme.com\/es\/wp-json\/wp\/v2\/media?parent=6325"}],"wp:term":[{"taxonomy":"product_brand","embeddable":true,"href":"https:\/\/allwintheme.com\/es\/wp-json\/wp\/v2\/product_brand?post=6325"},{"taxonomy":"product_cat","embeddable":true,"href":"https:\/\/allwintheme.com\/es\/wp-json\/wp\/v2\/product_cat?post=6325"},{"taxonomy":"product_tag","embeddable":true,"href":"https:\/\/allwintheme.com\/es\/wp-json\/wp\/v2\/product_tag?post=6325"}],"curies":[{"name":"wp","href":"https:\/\/api.w.org\/{rel}","templated":true}]}}