{"id":6416,"date":"2025-09-10T13:29:38","date_gmt":"2025-09-10T13:29:38","guid":{"rendered":"https:\/\/allwintheme.com\/?post_type=product&#038;p=6416"},"modified":"2025-09-10T13:34:18","modified_gmt":"2025-09-10T13:34:18","slug":"seoq-tema-para-agencias-de-seo-y-marketing-digital","status":"publish","type":"product","link":"https:\/\/allwintheme.com\/es\/producto\/seoq-tema-para-agencias-de-seo-y-marketing-digital\/","title":{"rendered":"SEOQ Digital Marketing &amp; SEO Agency Theme"},"content":{"rendered":"<div data-elementor-type=\"wp-post\" data-elementor-id=\"6416\" class=\"elementor elementor-6416\" data-elementor-settings=\"{&quot;element_pack_global_tooltip_width&quot;:{&quot;unit&quot;:&quot;px&quot;,&quot;size&quot;:&quot;&quot;,&quot;sizes&quot;:[]},&quot;element_pack_global_tooltip_width_tablet&quot;:{&quot;unit&quot;:&quot;px&quot;,&quot;size&quot;:&quot;&quot;,&quot;sizes&quot;:[]},&quot;element_pack_global_tooltip_width_mobile&quot;:{&quot;unit&quot;:&quot;px&quot;,&quot;size&quot;:&quot;&quot;,&quot;sizes&quot;:[]},&quot;element_pack_global_tooltip_padding&quot;:{&quot;unit&quot;:&quot;px&quot;,&quot;top&quot;:&quot;&quot;,&quot;right&quot;:&quot;&quot;,&quot;bottom&quot;:&quot;&quot;,&quot;left&quot;:&quot;&quot;,&quot;isLinked&quot;:true},&quot;element_pack_global_tooltip_padding_tablet&quot;:{&quot;unit&quot;:&quot;px&quot;,&quot;top&quot;:&quot;&quot;,&quot;right&quot;:&quot;&quot;,&quot;bottom&quot;:&quot;&quot;,&quot;left&quot;:&quot;&quot;,&quot;isLinked&quot;:true},&quot;element_pack_global_tooltip_padding_mobile&quot;:{&quot;unit&quot;:&quot;px&quot;,&quot;top&quot;:&quot;&quot;,&quot;right&quot;:&quot;&quot;,&quot;bottom&quot;:&quot;&quot;,&quot;left&quot;:&quot;&quot;,&quot;isLinked&quot;:true},&quot;element_pack_global_tooltip_border_radius&quot;:{&quot;unit&quot;:&quot;px&quot;,&quot;top&quot;:&quot;&quot;,&quot;right&quot;:&quot;&quot;,&quot;bottom&quot;:&quot;&quot;,&quot;left&quot;:&quot;&quot;,&quot;isLinked&quot;:true},&quot;element_pack_global_tooltip_border_radius_tablet&quot;:{&quot;unit&quot;:&quot;px&quot;,&quot;top&quot;:&quot;&quot;,&quot;right&quot;:&quot;&quot;,&quot;bottom&quot;:&quot;&quot;,&quot;left&quot;:&quot;&quot;,&quot;isLinked&quot;:true},&quot;element_pack_global_tooltip_border_radius_mobile&quot;:{&quot;unit&quot;:&quot;px&quot;,&quot;top&quot;:&quot;&quot;,&quot;right&quot;:&quot;&quot;,&quot;bottom&quot;:&quot;&quot;,&quot;left&quot;:&quot;&quot;,&quot;isLinked&quot;:true}}\" data-elementor-post-type=\"product\">\n\t\t\t\t<div class=\"elementor-element elementor-element-93aa4a8 e-con-full e-flex e-con e-parent\" data-id=\"93aa4a8\" data-element_type=\"container\" data-e-type=\"container\">\n\t\t\t\t<div class=\"elementor-element elementor-element-2c3f760 miaoshu elementor-widget elementor-widget-wd_text_block\" data-id=\"2c3f760\" data-element_type=\"widget\" data-e-type=\"widget\" data-widget_type=\"wd_text_block.default\">\n\t\t\t\t<div class=\"elementor-widget-container\">\n\t\t\t\t\t\t\t<div class=\"wd-text-block reset-last-child text-left\">\n\t\t\t\n\t\t\t<h2>SEOQ: El tema de WordPress definitivo para agencias de marketing digital y SEO<\/h2>\n<p>SEOQ es un tema premium de WordPress creado espec\u00edficamente para agencias de marketing digital y SEO. Con sus dise\u00f1os limpios, modernos y visualmente impactantes, SEOQ permite a las agencias mostrar sus servicios (como SEO, an\u00e1lisis de sitios web, creaci\u00f3n de enlaces y optimizaci\u00f3n) con elegancia y profesionalidad. Este tema est\u00e1 dise\u00f1ado para mejorar su presencia en l\u00ednea, ofreciendo un dise\u00f1o \u00fanico y hermoso que se alinea perfectamente con su marca.<\/p>\n\n<h3>Altamente personalizable para un dise\u00f1o sin esfuerzo<\/h3>\n<p>SEOQ se ha dise\u00f1ado pensando en la flexibilidad. Cada archivo est\u00e1 meticulosamente organizado en capas con claras jerarqu\u00edas de grupos y capas, haciendo que la personalizaci\u00f3n sea pan comido. Con s\u00f3lo unos clics, puede reemplazar im\u00e1genes, ajustar dise\u00f1os y crear un sitio web impresionante adaptado a sus necesidades. Construido sobre Bootstrap 5.x y una cuadr\u00edcula de 1290px, SEOQ asegura que su sitio se vea excepcional en cualquier dispositivo.<\/p>\n\n<h3>Caracter\u00edsticas principales del tema SEOQ<\/h3>\n<ul>\n  <li><strong>Constructor de p\u00e1ginas Elementor<\/strong>: Cree y personalice p\u00e1ginas sin esfuerzo con la funci\u00f3n de arrastrar y soltar.<\/li>\n  <li><strong>100% Sensible<\/strong>: Perfectamente optimizado para ordenadores de sobremesa, tabletas y dispositivos m\u00f3viles.<\/li>\n  <li><strong>Dise\u00f1o espec\u00edfico<\/strong>: Dise\u00f1ado para agencias de SEO y marketing digital.<\/li>\n  <li><strong>Importaci\u00f3n de demostraciones con un solo clic<\/strong>: Empiece r\u00e1pidamente con plantillas predise\u00f1adas.<\/li>\n  <li><strong>Sin codificaci\u00f3n<\/strong>: Construya un sitio profesional sin tocar una l\u00ednea de c\u00f3digo.<\/li>\n  <li><strong>M\u00e1s de 4 variaciones de la p\u00e1gina de inicio<\/strong>: Elija entre varios dise\u00f1os para adaptarse a su marca.<\/li>\n  <li><strong>M\u00e1s de 35 widgets personalizados de Elementor<\/strong>: Mejore su sitio con potentes widgets personalizados.<\/li>\n  <li><strong>5+ cabeceras y 4+ pies de p\u00e1gina<\/strong>: Cree un aspecto \u00fanico con las vers\u00e1tiles opciones de cabecera y pie de p\u00e1gina.<\/li>\n  <li><strong>Optimizado para SEO<\/strong>: Creado para mejorar su posicionamiento en los motores de b\u00fasqueda.<\/li>\n  <li><strong>Compatibilidad entre navegadores<\/strong>: Funciona a la perfecci\u00f3n en los principales navegadores.<\/li>\n  <li><strong>Widgets personalizados y compatibilidad con Kirki<\/strong>: A\u00f1ade funciones avanzadas con facilidad.<\/li>\n  <li><strong>Integraci\u00f3n de Google Fonts<\/strong>: Acceda a una amplia gama de fuentes para conseguir un aspecto pulido.<\/li>\n  <li><strong>HTML5\/CSS3 v\u00e1lido<\/strong>: C\u00f3digo limpio y moderno para un rendimiento \u00f3ptimo.<\/li>\n  <li><strong>Traducci\u00f3n lista<\/strong>: Incluye un archivo .pot para facilitar la configuraci\u00f3n multiling\u00fce.<\/li>\n  <li><strong>Actualizaciones peri\u00f3dicas y asistencia profesional<\/strong>: Mantente al d\u00eda con las mejoras continuas y la asistencia de expertos.<\/li>\n  <li><strong>Documentaci\u00f3n detallada<\/strong>: Gu\u00edas completas para ayudarte a empezar.<\/li>\n<\/ul>\n\n<h3>\u00bfPor qu\u00e9 elegir SEOQ?<\/h3>\n<p>SEOQ es m\u00e1s que un tema: es una soluci\u00f3n completa para agencias de marketing digital y SEO que buscan destacar en Internet. Su versatilidad, facilidad de uso y potentes funciones lo convierten en la elecci\u00f3n perfecta para crear un sitio web profesional y de alto rendimiento. Si usted est\u00e1 construyendo un nuevo sitio o la renovaci\u00f3n de una ya existente, SEOQ proporciona las herramientas que necesita para tener \u00e9xito.<\/p>\n\n<p><strong>Obtenga hoy mismo el tema SEOQ para agencias de marketing digital y SEO<\/strong> y eleve su presencia en l\u00ednea con un sitio web tan din\u00e1mico y profesional como sus servicios.<\/p>\n\t\t\t\t\t<\/div>\n\t\t\t\t\t\t<\/div>\n\t\t\t\t<\/div>\n\t\t\t\t<\/div>\n\t\t\t\t<\/div>","protected":false},"excerpt":{"rendered":"<p>SEOQ: lo \u00faltimo en temas de WordPress para agencias de marketing digital y SEO SEOQ es un tema de WordPress premium dise\u00f1ado espec\u00edficamente para agencias de marketing digital y SEO.<\/p>","protected":false},"featured_media":6417,"comment_status":"open","ping_status":"closed","template":"","meta":{"_acf_changed":false},"product_brand":[],"product_cat":[48],"product_tag":[],"class_list":{"0":"post-6416","1":"product","2":"type-product","3":"status-publish","4":"has-post-thumbnail","6":"product_cat-themes","8":"first","9":"instock","10":"sale","11":"downloadable","12":"shipping-taxable","13":"purchasable","14":"product-type-simple"},"acf":[],"yoast_head":"<!-- This site is optimized with the Yoast SEO Premium plugin v25.6 (Yoast SEO v27.1.1) - https:\/\/yoast.com\/product\/yoast-seo-premium-wordpress\/ -->\n<title>SEOQ Digital Marketing &amp; SEO Agency Theme - AllWin Theme \u2013 Free WordPress Themes Download<\/title>\n<meta name=\"description\" content=\"Discover SEOQ, a customizable WordPress theme for digital marketing &amp; SEO agencies, featuring stunning designs, Elementor builder, and 100% responsive layouts.\" \/>\n<meta name=\"robots\" content=\"index, follow, max-snippet:-1, max-image-preview:large, max-video-preview:-1\" \/>\n<link rel=\"canonical\" href=\"https:\/\/allwintheme.com\/es\/producto\/seoq-tema-para-agencias-de-seo-y-marketing-digital\/\" \/>\n<meta property=\"og:locale\" content=\"es_ES\" \/>\n<meta property=\"og:type\" content=\"article\" \/>\n<meta property=\"og:title\" content=\"SEOQ Digital Marketing &amp; SEO Agency Theme\" \/>\n<meta property=\"og:description\" content=\"Discover SEOQ, a customizable WordPress theme for digital marketing &amp; SEO agencies, featuring stunning designs, Elementor builder, and 100% responsive layouts.\" \/>\n<meta property=\"og:url\" content=\"https:\/\/allwintheme.com\/es\/producto\/seoq-tema-para-agencias-de-seo-y-marketing-digital\/\" \/>\n<meta property=\"og:site_name\" content=\"AllWin Theme \u2013 Free WordPress Themes Download\" \/>\n<meta property=\"article:modified_time\" content=\"2025-09-10T13:34:18+00:00\" \/>\n<meta property=\"og:image\" content=\"https:\/\/allwintheme.com\/wp-content\/uploads\/2025\/09\/1cz1b06p.png\" \/>\n\t<meta property=\"og:image:width\" content=\"590\" \/>\n\t<meta property=\"og:image:height\" content=\"300\" \/>\n\t<meta property=\"og:image:type\" content=\"image\/png\" \/>\n<meta name=\"twitter:card\" content=\"summary_large_image\" \/>\n<meta name=\"twitter:label1\" content=\"Tiempo estimado de lectura\" \/>\n\t<meta name=\"twitter:data1\" content=\"3 minutos\" \/>\n<script type=\"application\/ld+json\" class=\"yoast-schema-graph\">{\"@context\":\"https:\/\/schema.org\",\"@graph\":[{\"@type\":\"WebPage\",\"@id\":\"https:\/\/allwintheme.com\/product\/seoq-seo-and-digital-marketing-agency-theme\/\",\"url\":\"https:\/\/allwintheme.com\/product\/seoq-seo-and-digital-marketing-agency-theme\/\",\"name\":\"SEOQ Digital Marketing & SEO Agency Theme - AllWin Theme \u2013 Free WordPress Themes Download\",\"isPartOf\":{\"@id\":\"https:\/\/allwintheme.com\/#website\"},\"primaryImageOfPage\":{\"@id\":\"https:\/\/allwintheme.com\/product\/seoq-seo-and-digital-marketing-agency-theme\/#primaryimage\"},\"image\":{\"@id\":\"https:\/\/allwintheme.com\/product\/seoq-seo-and-digital-marketing-agency-theme\/#primaryimage\"},\"thumbnailUrl\":\"https:\/\/allwintheme.com\/wp-content\/uploads\/2025\/09\/1cz1b06p.png\",\"datePublished\":\"2025-09-10T13:29:38+00:00\",\"dateModified\":\"2025-09-10T13:34:18+00:00\",\"description\":\"Discover SEOQ, a customizable WordPress theme for digital marketing & SEO agencies, featuring stunning designs, Elementor builder, and 100% responsive layouts.\",\"breadcrumb\":{\"@id\":\"https:\/\/allwintheme.com\/product\/seoq-seo-and-digital-marketing-agency-theme\/#breadcrumb\"},\"inLanguage\":\"es-CL\",\"potentialAction\":[{\"@type\":\"ReadAction\",\"target\":[\"https:\/\/allwintheme.com\/product\/seoq-seo-and-digital-marketing-agency-theme\/\"]}]},{\"@type\":\"ImageObject\",\"inLanguage\":\"es-CL\",\"@id\":\"https:\/\/allwintheme.com\/product\/seoq-seo-and-digital-marketing-agency-theme\/#primaryimage\",\"url\":\"https:\/\/allwintheme.com\/wp-content\/uploads\/2025\/09\/1cz1b06p.png\",\"contentUrl\":\"https:\/\/allwintheme.com\/wp-content\/uploads\/2025\/09\/1cz1b06p.png\",\"width\":590,\"height\":300,\"caption\":\"SEOQ SEO and Digital Marketing Agency Theme\"},{\"@type\":\"BreadcrumbList\",\"@id\":\"https:\/\/allwintheme.com\/product\/seoq-seo-and-digital-marketing-agency-theme\/#breadcrumb\",\"itemListElement\":[{\"@type\":\"ListItem\",\"position\":1,\"name\":\"Home\",\"item\":\"https:\/\/allwintheme.com\/\"},{\"@type\":\"ListItem\",\"position\":2,\"name\":\"Shop\",\"item\":\"https:\/\/allwintheme.com\/shop\/\"},{\"@type\":\"ListItem\",\"position\":3,\"name\":\"SEOQ Digital Marketing &#038; SEO Agency Theme\"}]},{\"@type\":\"WebSite\",\"@id\":\"https:\/\/allwintheme.com\/#website\",\"url\":\"https:\/\/allwintheme.com\/\",\"name\":\"Allwintheme\",\"description\":\"Download free WordPress themes for every niche. Blogs, business, eCommerce, portfolio, restaurant and more. All themes are GPL licensed and mobile-ready.\",\"potentialAction\":[{\"@type\":\"SearchAction\",\"target\":{\"@type\":\"EntryPoint\",\"urlTemplate\":\"https:\/\/allwintheme.com\/?s={search_term_string}\"},\"query-input\":{\"@type\":\"PropertyValueSpecification\",\"valueRequired\":true,\"valueName\":\"search_term_string\"}}],\"inLanguage\":\"es-CL\"}]}<\/script>\n<!-- \/ Yoast SEO Premium plugin. -->","yoast_head_json":{"title":"SEOQ Digital Marketing & SEO Agency Theme - AllWin Theme \u2013 Free WordPress Themes Download","description":"Descubre SEOQ, un tema de WordPress personalizable para agencias de marketing digital y SEO, con dise\u00f1os impresionantes, Elementor builder y 100% responsive layouts.","robots":{"index":"index","follow":"follow","max-snippet":"max-snippet:-1","max-image-preview":"max-image-preview:large","max-video-preview":"max-video-preview:-1"},"canonical":"https:\/\/allwintheme.com\/es\/producto\/seoq-tema-para-agencias-de-seo-y-marketing-digital\/","og_locale":"es_ES","og_type":"article","og_title":"SEOQ Digital Marketing & SEO Agency Theme","og_description":"Discover SEOQ, a customizable WordPress theme for digital marketing & SEO agencies, featuring stunning designs, Elementor builder, and 100% responsive layouts.","og_url":"https:\/\/allwintheme.com\/es\/producto\/seoq-tema-para-agencias-de-seo-y-marketing-digital\/","og_site_name":"AllWin Theme \u2013 Free WordPress Themes Download","article_modified_time":"2025-09-10T13:34:18+00:00","og_image":[{"width":590,"height":300,"url":"https:\/\/allwintheme.com\/wp-content\/uploads\/2025\/09\/1cz1b06p.png","type":"image\/png"}],"twitter_card":"summary_large_image","twitter_misc":{"Tiempo estimado de lectura":"3 minutos"},"schema":{"@context":"https:\/\/schema.org","@graph":[{"@type":"WebPage","@id":"https:\/\/allwintheme.com\/product\/seoq-seo-and-digital-marketing-agency-theme\/","url":"https:\/\/allwintheme.com\/product\/seoq-seo-and-digital-marketing-agency-theme\/","name":"SEOQ Digital Marketing & SEO Agency Theme - AllWin Theme \u2013 Free WordPress Themes Download","isPartOf":{"@id":"https:\/\/allwintheme.com\/#website"},"primaryImageOfPage":{"@id":"https:\/\/allwintheme.com\/product\/seoq-seo-and-digital-marketing-agency-theme\/#primaryimage"},"image":{"@id":"https:\/\/allwintheme.com\/product\/seoq-seo-and-digital-marketing-agency-theme\/#primaryimage"},"thumbnailUrl":"https:\/\/allwintheme.com\/wp-content\/uploads\/2025\/09\/1cz1b06p.png","datePublished":"2025-09-10T13:29:38+00:00","dateModified":"2025-09-10T13:34:18+00:00","description":"Descubre SEOQ, un tema de WordPress personalizable para agencias de marketing digital y SEO, con dise\u00f1os impresionantes, Elementor builder y 100% responsive layouts.","breadcrumb":{"@id":"https:\/\/allwintheme.com\/product\/seoq-seo-and-digital-marketing-agency-theme\/#breadcrumb"},"inLanguage":"es-CL","potentialAction":[{"@type":"ReadAction","target":["https:\/\/allwintheme.com\/product\/seoq-seo-and-digital-marketing-agency-theme\/"]}]},{"@type":"ImageObject","inLanguage":"es-CL","@id":"https:\/\/allwintheme.com\/product\/seoq-seo-and-digital-marketing-agency-theme\/#primaryimage","url":"https:\/\/allwintheme.com\/wp-content\/uploads\/2025\/09\/1cz1b06p.png","contentUrl":"https:\/\/allwintheme.com\/wp-content\/uploads\/2025\/09\/1cz1b06p.png","width":590,"height":300,"caption":"SEOQ SEO and Digital Marketing Agency Theme"},{"@type":"BreadcrumbList","@id":"https:\/\/allwintheme.com\/product\/seoq-seo-and-digital-marketing-agency-theme\/#breadcrumb","itemListElement":[{"@type":"ListItem","position":1,"name":"Home","item":"https:\/\/allwintheme.com\/"},{"@type":"ListItem","position":2,"name":"Shop","item":"https:\/\/allwintheme.com\/shop\/"},{"@type":"ListItem","position":3,"name":"SEOQ Digital Marketing &#038; SEO Agency Theme"}]},{"@type":"WebSite","@id":"https:\/\/allwintheme.com\/#website","url":"https:\/\/allwintheme.com\/","name":"Allwintheme","description":"Descarga gratis temas de WordPress para todos los nichos. Blogs, negocios, comercio electr\u00f3nico, portafolio, restaurante y m\u00e1s. Todos los temas tienen licencia GPL y est\u00e1n preparados para dispositivos m\u00f3viles.","potentialAction":[{"@type":"SearchAction","target":{"@type":"EntryPoint","urlTemplate":"https:\/\/allwintheme.com\/?s={search_term_string}"},"query-input":{"@type":"PropertyValueSpecification","valueRequired":true,"valueName":"search_term_string"}}],"inLanguage":"es-CL"}]}},"_links":{"self":[{"href":"https:\/\/allwintheme.com\/es\/wp-json\/wp\/v2\/product\/6416","targetHints":{"allow":["GET"]}}],"collection":[{"href":"https:\/\/allwintheme.com\/es\/wp-json\/wp\/v2\/product"}],"about":[{"href":"https:\/\/allwintheme.com\/es\/wp-json\/wp\/v2\/types\/product"}],"replies":[{"embeddable":true,"href":"https:\/\/allwintheme.com\/es\/wp-json\/wp\/v2\/comments?post=6416"}],"version-history":[{"count":0,"href":"https:\/\/allwintheme.com\/es\/wp-json\/wp\/v2\/product\/6416\/revisions"}],"wp:featuredmedia":[{"embeddable":true,"href":"https:\/\/allwintheme.com\/es\/wp-json\/wp\/v2\/media\/6417"}],"wp:attachment":[{"href":"https:\/\/allwintheme.com\/es\/wp-json\/wp\/v2\/media?parent=6416"}],"wp:term":[{"taxonomy":"product_brand","embeddable":true,"href":"https:\/\/allwintheme.com\/es\/wp-json\/wp\/v2\/product_brand?post=6416"},{"taxonomy":"product_cat","embeddable":true,"href":"https:\/\/allwintheme.com\/es\/wp-json\/wp\/v2\/product_cat?post=6416"},{"taxonomy":"product_tag","embeddable":true,"href":"https:\/\/allwintheme.com\/es\/wp-json\/wp\/v2\/product_tag?post=6416"}],"curies":[{"name":"wp","href":"https:\/\/api.w.org\/{rel}","templated":true}]}}