{"id":6437,"date":"2025-09-10T13:50:42","date_gmt":"2025-09-10T13:50:42","guid":{"rendered":"https:\/\/allwintheme.com\/?post_type=product&#038;p=6437"},"modified":"2025-09-10T13:54:54","modified_gmt":"2025-09-10T13:54:54","slug":"seosight-digital-marketing-theme","status":"publish","type":"product","link":"https:\/\/allwintheme.com\/es\/producto\/seosight-digital-marketing-theme\/","title":{"rendered":"Seosight: Tema din\u00e1mico de SEO y marketing digital"},"content":{"rendered":"<div data-elementor-type=\"wp-post\" data-elementor-id=\"6437\" class=\"elementor elementor-6437\" data-elementor-settings=\"{&quot;element_pack_global_tooltip_width&quot;:{&quot;unit&quot;:&quot;px&quot;,&quot;size&quot;:&quot;&quot;,&quot;sizes&quot;:[]},&quot;element_pack_global_tooltip_width_tablet&quot;:{&quot;unit&quot;:&quot;px&quot;,&quot;size&quot;:&quot;&quot;,&quot;sizes&quot;:[]},&quot;element_pack_global_tooltip_width_mobile&quot;:{&quot;unit&quot;:&quot;px&quot;,&quot;size&quot;:&quot;&quot;,&quot;sizes&quot;:[]},&quot;element_pack_global_tooltip_padding&quot;:{&quot;unit&quot;:&quot;px&quot;,&quot;top&quot;:&quot;&quot;,&quot;right&quot;:&quot;&quot;,&quot;bottom&quot;:&quot;&quot;,&quot;left&quot;:&quot;&quot;,&quot;isLinked&quot;:true},&quot;element_pack_global_tooltip_padding_tablet&quot;:{&quot;unit&quot;:&quot;px&quot;,&quot;top&quot;:&quot;&quot;,&quot;right&quot;:&quot;&quot;,&quot;bottom&quot;:&quot;&quot;,&quot;left&quot;:&quot;&quot;,&quot;isLinked&quot;:true},&quot;element_pack_global_tooltip_padding_mobile&quot;:{&quot;unit&quot;:&quot;px&quot;,&quot;top&quot;:&quot;&quot;,&quot;right&quot;:&quot;&quot;,&quot;bottom&quot;:&quot;&quot;,&quot;left&quot;:&quot;&quot;,&quot;isLinked&quot;:true},&quot;element_pack_global_tooltip_border_radius&quot;:{&quot;unit&quot;:&quot;px&quot;,&quot;top&quot;:&quot;&quot;,&quot;right&quot;:&quot;&quot;,&quot;bottom&quot;:&quot;&quot;,&quot;left&quot;:&quot;&quot;,&quot;isLinked&quot;:true},&quot;element_pack_global_tooltip_border_radius_tablet&quot;:{&quot;unit&quot;:&quot;px&quot;,&quot;top&quot;:&quot;&quot;,&quot;right&quot;:&quot;&quot;,&quot;bottom&quot;:&quot;&quot;,&quot;left&quot;:&quot;&quot;,&quot;isLinked&quot;:true},&quot;element_pack_global_tooltip_border_radius_mobile&quot;:{&quot;unit&quot;:&quot;px&quot;,&quot;top&quot;:&quot;&quot;,&quot;right&quot;:&quot;&quot;,&quot;bottom&quot;:&quot;&quot;,&quot;left&quot;:&quot;&quot;,&quot;isLinked&quot;:true}}\" data-elementor-post-type=\"product\">\n\t\t\t\t<div class=\"elementor-element elementor-element-93aa4a8 e-con-full e-flex e-con e-parent\" data-id=\"93aa4a8\" data-element_type=\"container\" data-e-type=\"container\">\n\t\t\t\t<div class=\"elementor-element elementor-element-2c3f760 miaoshu elementor-widget elementor-widget-wd_text_block\" data-id=\"2c3f760\" data-element_type=\"widget\" data-e-type=\"widget\" data-widget_type=\"wd_text_block.default\">\n\t\t\t\t<div class=\"elementor-widget-container\">\n\t\t\t\t\t\t\t<div class=\"wd-text-block reset-last-child text-left\">\n\t\t\t\n\t\t\t<h2>Tema de marketing digital Seosight: Eleve su presencia en l\u00ednea<\/h2>\n<p>Seosight es un vanguardista tema de WordPress dise\u00f1ado para agencias SEO, empresas de marketing digital, estudios creativos y negocios de comercio electr\u00f3nico. Su dise\u00f1o audaz y cautivador lo distingue, haciendo que su sitio web sea visualmente impresionante e inolvidable. Con Seosight, puede crear una presencia en l\u00ednea \u00fanica que atraiga a los visitantes e impulse mayores conversiones.<\/p>\n\n<h2>Funciones inigualables para el \u00e9xito digital<\/h2>\n<p>Creado para satisfacer las necesidades de especialistas en SEO, marketing online, expertos en SMM, profesionales de la generaci\u00f3n de leads y agencias de desarrollo web, Seosight es una soluci\u00f3n vers\u00e1til para cualquier negocio que aspire al \u00e9xito. Este tema combina un dise\u00f1o excepcional con una potente funcionalidad, incluyendo:<\/p>\n<ul>\n    <li><strong>KingComposer Frontend Live Editor:<\/strong> Cree y personalice p\u00e1ginas sin esfuerzo con una interfaz de arrastrar y soltar.<\/li>\n    <li><strong>C\u00f3digo optimizado para SEO:<\/strong> Dise\u00f1ado con las mejores pr\u00e1cticas SEO para mejorar el posicionamiento de su sitio en los motores de b\u00fasqueda.<\/li>\n    <li><strong>Importaci\u00f3n de demostraciones con un solo clic:<\/strong> Ahorre tiempo importando impresionantes dise\u00f1os predise\u00f1ados con un solo clic.<\/li>\n    <li><strong>Elementos personalizables:<\/strong> Desde deslizadores hasta acordeones y gr\u00e1ficos circulares, Seosight ofrece infinitas opciones para adaptar su sitio.<\/li>\n    <li><strong>Soporte RTL y creador de formularios de contacto:<\/strong> Mejorar la accesibilidad y funcionalidad para un p\u00fablico mundial.<\/li>\n<\/ul>\n\n<h2>\u00bfPor qu\u00e9 elegir Seosight?<\/h2>\n<p>Seosight destaca por su c\u00f3digo limpio y compatible con SEO, que garantiza tiempos de carga r\u00e1pidos y una f\u00e1cil indexaci\u00f3n por parte de los motores de b\u00fasqueda. Su dise\u00f1o flexible le permite crear p\u00e1ginas cautivadoras para servicios SEO, marketing en redes sociales, SaaS o sitios web corporativos. Tanto si eres un aut\u00f3nomo, una agencia creativa o un experto en marketing digital, Seosight te permite crear un sitio web profesional que atraiga y retenga a los visitantes.<\/p>\n\n<h2>Perfecto para cualquier sector<\/h2>\n<p>Seosight es el tema de WordPress definitivo para marketing online, SEO, agencias de medios sociales y profesionales creativos. Su dise\u00f1o moderno y caracter\u00edsticas robustas lo hacen ideal para:<\/p>\n<ul>\n    <li>Agencias de marketing digital<\/li>\n    <li>Especialistas en SEO y aut\u00f3nomos<\/li>\n    <li>Expertos en marketing en redes sociales<\/li>\n    <li>Dise\u00f1adores creativos y estudios web<\/li>\n    <li>Generaci\u00f3n de clientes potenciales y empresas de comercio electr\u00f3nico<\/li>\n<\/ul>\n\n<h2>Cree hoy mismo un sitio web destacado<\/h2>\n<p>Ning\u00fan otro tema premium de WordPress iguala la flexibilidad y potencia de Seosight. Con sus opciones de personalizaci\u00f3n sin fisuras y el marco listo para SEO, Seosight es su soluci\u00f3n para la construcci\u00f3n de un sitio web extraordinario que impulsa los resultados. Transforme su presencia en l\u00ednea y lleve su negocio a nuevas alturas con el tema de marketing digital Seosight.<\/p>\n\t\t\t\t\t<\/div>\n\t\t\t\t\t\t<\/div>\n\t\t\t\t<\/div>\n\t\t\t\t<\/div>\n\t\t\t\t<\/div>","protected":false},"excerpt":{"rendered":"<p>Seosight Digital Marketing Theme: Elevate Your Online Presence Seosight is a cutting-edge WordPress theme designed for SEO agencies, digital marketing<\/p>","protected":false},"featured_media":6438,"comment_status":"open","ping_status":"closed","template":"","meta":{"_acf_changed":false},"product_brand":[],"product_cat":[48],"product_tag":[],"class_list":{"0":"post-6437","1":"product","2":"type-product","3":"status-publish","4":"has-post-thumbnail","6":"product_cat-themes","8":"first","9":"instock","10":"sale","11":"downloadable","12":"shipping-taxable","13":"purchasable","14":"product-type-simple"},"acf":[],"yoast_head":"<!-- This site is optimized with the Yoast SEO Premium plugin v25.6 (Yoast SEO v27.1.1) - https:\/\/yoast.com\/product\/yoast-seo-premium-wordpress\/ -->\n<title>Seosight: Dynamic SEO &amp; Digital Marketing Theme - AllWin Theme \u2013 Free WordPress Themes Download<\/title>\n<meta name=\"description\" content=\"Discover Seosight, a powerful WordPress theme for SEO, digital marketing, and creative agencies. Stunning design, SEO-optimized, and easy to customize.\" \/>\n<meta name=\"robots\" content=\"index, follow, max-snippet:-1, max-image-preview:large, max-video-preview:-1\" \/>\n<link rel=\"canonical\" href=\"https:\/\/allwintheme.com\/es\/producto\/seosight-digital-marketing-theme\/\" \/>\n<meta property=\"og:locale\" content=\"es_ES\" \/>\n<meta property=\"og:type\" content=\"article\" \/>\n<meta property=\"og:title\" content=\"Seosight: Dynamic SEO &amp; Digital Marketing Theme\" \/>\n<meta property=\"og:description\" content=\"Discover Seosight, a powerful WordPress theme for SEO, digital marketing, and creative agencies. Stunning design, SEO-optimized, and easy to customize.\" \/>\n<meta property=\"og:url\" content=\"https:\/\/allwintheme.com\/es\/producto\/seosight-digital-marketing-theme\/\" \/>\n<meta property=\"og:site_name\" content=\"AllWin Theme \u2013 Free WordPress Themes Download\" \/>\n<meta property=\"article:modified_time\" content=\"2025-09-10T13:54:54+00:00\" \/>\n<meta property=\"og:image\" content=\"https:\/\/allwintheme.com\/wp-content\/uploads\/2025\/09\/iy4hf5k4.png\" \/>\n\t<meta property=\"og:image:width\" content=\"590\" \/>\n\t<meta property=\"og:image:height\" content=\"300\" \/>\n\t<meta property=\"og:image:type\" content=\"image\/png\" \/>\n<meta name=\"twitter:card\" content=\"summary_large_image\" \/>\n<meta name=\"twitter:label1\" content=\"Tiempo estimado de lectura\" \/>\n\t<meta name=\"twitter:data1\" content=\"3 minutos\" \/>\n<script type=\"application\/ld+json\" class=\"yoast-schema-graph\">{\"@context\":\"https:\/\/schema.org\",\"@graph\":[{\"@type\":\"WebPage\",\"@id\":\"https:\/\/allwintheme.com\/product\/seosight-digital-marketing-theme\/\",\"url\":\"https:\/\/allwintheme.com\/product\/seosight-digital-marketing-theme\/\",\"name\":\"Seosight: Dynamic SEO & Digital Marketing Theme - AllWin Theme \u2013 Free WordPress Themes Download\",\"isPartOf\":{\"@id\":\"https:\/\/allwintheme.com\/#website\"},\"primaryImageOfPage\":{\"@id\":\"https:\/\/allwintheme.com\/product\/seosight-digital-marketing-theme\/#primaryimage\"},\"image\":{\"@id\":\"https:\/\/allwintheme.com\/product\/seosight-digital-marketing-theme\/#primaryimage\"},\"thumbnailUrl\":\"https:\/\/allwintheme.com\/wp-content\/uploads\/2025\/09\/iy4hf5k4.png\",\"datePublished\":\"2025-09-10T13:50:42+00:00\",\"dateModified\":\"2025-09-10T13:54:54+00:00\",\"description\":\"Discover Seosight, a powerful WordPress theme for SEO, digital marketing, and creative agencies. Stunning design, SEO-optimized, and easy to customize.\",\"breadcrumb\":{\"@id\":\"https:\/\/allwintheme.com\/product\/seosight-digital-marketing-theme\/#breadcrumb\"},\"inLanguage\":\"es-CL\",\"potentialAction\":[{\"@type\":\"ReadAction\",\"target\":[\"https:\/\/allwintheme.com\/product\/seosight-digital-marketing-theme\/\"]}]},{\"@type\":\"ImageObject\",\"inLanguage\":\"es-CL\",\"@id\":\"https:\/\/allwintheme.com\/product\/seosight-digital-marketing-theme\/#primaryimage\",\"url\":\"https:\/\/allwintheme.com\/wp-content\/uploads\/2025\/09\/iy4hf5k4.png\",\"contentUrl\":\"https:\/\/allwintheme.com\/wp-content\/uploads\/2025\/09\/iy4hf5k4.png\",\"width\":590,\"height\":300,\"caption\":\"Seosight Digital Marketing Theme\"},{\"@type\":\"BreadcrumbList\",\"@id\":\"https:\/\/allwintheme.com\/product\/seosight-digital-marketing-theme\/#breadcrumb\",\"itemListElement\":[{\"@type\":\"ListItem\",\"position\":1,\"name\":\"Home\",\"item\":\"https:\/\/allwintheme.com\/\"},{\"@type\":\"ListItem\",\"position\":2,\"name\":\"Shop\",\"item\":\"https:\/\/allwintheme.com\/shop\/\"},{\"@type\":\"ListItem\",\"position\":3,\"name\":\"Seosight: Dynamic SEO &#038; Digital Marketing Theme\"}]},{\"@type\":\"WebSite\",\"@id\":\"https:\/\/allwintheme.com\/#website\",\"url\":\"https:\/\/allwintheme.com\/\",\"name\":\"Allwintheme\",\"description\":\"Download free WordPress themes for every niche. Blogs, business, eCommerce, portfolio, restaurant and more. All themes are GPL licensed and mobile-ready.\",\"potentialAction\":[{\"@type\":\"SearchAction\",\"target\":{\"@type\":\"EntryPoint\",\"urlTemplate\":\"https:\/\/allwintheme.com\/?s={search_term_string}\"},\"query-input\":{\"@type\":\"PropertyValueSpecification\",\"valueRequired\":true,\"valueName\":\"search_term_string\"}}],\"inLanguage\":\"es-CL\"}]}<\/script>\n<!-- \/ Yoast SEO Premium plugin. -->","yoast_head_json":{"title":"Seosight: Dynamic SEO & Digital Marketing Theme - AllWin Theme \u2013 Free WordPress Themes Download","description":"Descubre Seosight, un potente tema de WordPress para SEO, marketing digital y agencias creativas. Dise\u00f1o impresionante, optimizado para SEO y f\u00e1cil de personalizar.","robots":{"index":"index","follow":"follow","max-snippet":"max-snippet:-1","max-image-preview":"max-image-preview:large","max-video-preview":"max-video-preview:-1"},"canonical":"https:\/\/allwintheme.com\/es\/producto\/seosight-digital-marketing-theme\/","og_locale":"es_ES","og_type":"article","og_title":"Seosight: Dynamic SEO & Digital Marketing Theme","og_description":"Discover Seosight, a powerful WordPress theme for SEO, digital marketing, and creative agencies. Stunning design, SEO-optimized, and easy to customize.","og_url":"https:\/\/allwintheme.com\/es\/producto\/seosight-digital-marketing-theme\/","og_site_name":"AllWin Theme \u2013 Free WordPress Themes Download","article_modified_time":"2025-09-10T13:54:54+00:00","og_image":[{"width":590,"height":300,"url":"https:\/\/allwintheme.com\/wp-content\/uploads\/2025\/09\/iy4hf5k4.png","type":"image\/png"}],"twitter_card":"summary_large_image","twitter_misc":{"Tiempo estimado de lectura":"3 minutos"},"schema":{"@context":"https:\/\/schema.org","@graph":[{"@type":"WebPage","@id":"https:\/\/allwintheme.com\/product\/seosight-digital-marketing-theme\/","url":"https:\/\/allwintheme.com\/product\/seosight-digital-marketing-theme\/","name":"Seosight: Dynamic SEO & Digital Marketing Theme - AllWin Theme \u2013 Free WordPress Themes Download","isPartOf":{"@id":"https:\/\/allwintheme.com\/#website"},"primaryImageOfPage":{"@id":"https:\/\/allwintheme.com\/product\/seosight-digital-marketing-theme\/#primaryimage"},"image":{"@id":"https:\/\/allwintheme.com\/product\/seosight-digital-marketing-theme\/#primaryimage"},"thumbnailUrl":"https:\/\/allwintheme.com\/wp-content\/uploads\/2025\/09\/iy4hf5k4.png","datePublished":"2025-09-10T13:50:42+00:00","dateModified":"2025-09-10T13:54:54+00:00","description":"Descubre Seosight, un potente tema de WordPress para SEO, marketing digital y agencias creativas. Dise\u00f1o impresionante, optimizado para SEO y f\u00e1cil de personalizar.","breadcrumb":{"@id":"https:\/\/allwintheme.com\/product\/seosight-digital-marketing-theme\/#breadcrumb"},"inLanguage":"es-CL","potentialAction":[{"@type":"ReadAction","target":["https:\/\/allwintheme.com\/product\/seosight-digital-marketing-theme\/"]}]},{"@type":"ImageObject","inLanguage":"es-CL","@id":"https:\/\/allwintheme.com\/product\/seosight-digital-marketing-theme\/#primaryimage","url":"https:\/\/allwintheme.com\/wp-content\/uploads\/2025\/09\/iy4hf5k4.png","contentUrl":"https:\/\/allwintheme.com\/wp-content\/uploads\/2025\/09\/iy4hf5k4.png","width":590,"height":300,"caption":"Seosight Digital Marketing Theme"},{"@type":"BreadcrumbList","@id":"https:\/\/allwintheme.com\/product\/seosight-digital-marketing-theme\/#breadcrumb","itemListElement":[{"@type":"ListItem","position":1,"name":"Home","item":"https:\/\/allwintheme.com\/"},{"@type":"ListItem","position":2,"name":"Shop","item":"https:\/\/allwintheme.com\/shop\/"},{"@type":"ListItem","position":3,"name":"Seosight: Dynamic SEO &#038; Digital Marketing Theme"}]},{"@type":"WebSite","@id":"https:\/\/allwintheme.com\/#website","url":"https:\/\/allwintheme.com\/","name":"Allwintheme","description":"Descarga gratis temas de WordPress para todos los nichos. Blogs, negocios, comercio electr\u00f3nico, portafolio, restaurante y m\u00e1s. Todos los temas tienen licencia GPL y est\u00e1n preparados para dispositivos m\u00f3viles.","potentialAction":[{"@type":"SearchAction","target":{"@type":"EntryPoint","urlTemplate":"https:\/\/allwintheme.com\/?s={search_term_string}"},"query-input":{"@type":"PropertyValueSpecification","valueRequired":true,"valueName":"search_term_string"}}],"inLanguage":"es-CL"}]}},"_links":{"self":[{"href":"https:\/\/allwintheme.com\/es\/wp-json\/wp\/v2\/product\/6437","targetHints":{"allow":["GET"]}}],"collection":[{"href":"https:\/\/allwintheme.com\/es\/wp-json\/wp\/v2\/product"}],"about":[{"href":"https:\/\/allwintheme.com\/es\/wp-json\/wp\/v2\/types\/product"}],"replies":[{"embeddable":true,"href":"https:\/\/allwintheme.com\/es\/wp-json\/wp\/v2\/comments?post=6437"}],"version-history":[{"count":0,"href":"https:\/\/allwintheme.com\/es\/wp-json\/wp\/v2\/product\/6437\/revisions"}],"wp:featuredmedia":[{"embeddable":true,"href":"https:\/\/allwintheme.com\/es\/wp-json\/wp\/v2\/media\/6438"}],"wp:attachment":[{"href":"https:\/\/allwintheme.com\/es\/wp-json\/wp\/v2\/media?parent=6437"}],"wp:term":[{"taxonomy":"product_brand","embeddable":true,"href":"https:\/\/allwintheme.com\/es\/wp-json\/wp\/v2\/product_brand?post=6437"},{"taxonomy":"product_cat","embeddable":true,"href":"https:\/\/allwintheme.com\/es\/wp-json\/wp\/v2\/product_cat?post=6437"},{"taxonomy":"product_tag","embeddable":true,"href":"https:\/\/allwintheme.com\/es\/wp-json\/wp\/v2\/product_tag?post=6437"}],"curies":[{"name":"wp","href":"https:\/\/api.w.org\/{rel}","templated":true}]}}