{"id":6444,"date":"2025-09-10T14:07:18","date_gmt":"2025-09-10T14:07:18","guid":{"rendered":"https:\/\/allwintheme.com\/?post_type=product&#038;p=6444"},"modified":"2025-09-10T14:11:00","modified_gmt":"2025-09-10T14:11:00","slug":"tema-ryse-seo-y-marketing-digital","status":"publish","type":"product","link":"https:\/\/allwintheme.com\/es\/producto\/tema-ryse-seo-y-marketing-digital\/","title":{"rendered":"Ryse SEO &amp; Digital Marketing Theme"},"content":{"rendered":"<div data-elementor-type=\"wp-post\" data-elementor-id=\"6444\" class=\"elementor elementor-6444\" data-elementor-settings=\"{&quot;element_pack_global_tooltip_width&quot;:{&quot;unit&quot;:&quot;px&quot;,&quot;size&quot;:&quot;&quot;,&quot;sizes&quot;:[]},&quot;element_pack_global_tooltip_width_tablet&quot;:{&quot;unit&quot;:&quot;px&quot;,&quot;size&quot;:&quot;&quot;,&quot;sizes&quot;:[]},&quot;element_pack_global_tooltip_width_mobile&quot;:{&quot;unit&quot;:&quot;px&quot;,&quot;size&quot;:&quot;&quot;,&quot;sizes&quot;:[]},&quot;element_pack_global_tooltip_padding&quot;:{&quot;unit&quot;:&quot;px&quot;,&quot;top&quot;:&quot;&quot;,&quot;right&quot;:&quot;&quot;,&quot;bottom&quot;:&quot;&quot;,&quot;left&quot;:&quot;&quot;,&quot;isLinked&quot;:true},&quot;element_pack_global_tooltip_padding_tablet&quot;:{&quot;unit&quot;:&quot;px&quot;,&quot;top&quot;:&quot;&quot;,&quot;right&quot;:&quot;&quot;,&quot;bottom&quot;:&quot;&quot;,&quot;left&quot;:&quot;&quot;,&quot;isLinked&quot;:true},&quot;element_pack_global_tooltip_padding_mobile&quot;:{&quot;unit&quot;:&quot;px&quot;,&quot;top&quot;:&quot;&quot;,&quot;right&quot;:&quot;&quot;,&quot;bottom&quot;:&quot;&quot;,&quot;left&quot;:&quot;&quot;,&quot;isLinked&quot;:true},&quot;element_pack_global_tooltip_border_radius&quot;:{&quot;unit&quot;:&quot;px&quot;,&quot;top&quot;:&quot;&quot;,&quot;right&quot;:&quot;&quot;,&quot;bottom&quot;:&quot;&quot;,&quot;left&quot;:&quot;&quot;,&quot;isLinked&quot;:true},&quot;element_pack_global_tooltip_border_radius_tablet&quot;:{&quot;unit&quot;:&quot;px&quot;,&quot;top&quot;:&quot;&quot;,&quot;right&quot;:&quot;&quot;,&quot;bottom&quot;:&quot;&quot;,&quot;left&quot;:&quot;&quot;,&quot;isLinked&quot;:true},&quot;element_pack_global_tooltip_border_radius_mobile&quot;:{&quot;unit&quot;:&quot;px&quot;,&quot;top&quot;:&quot;&quot;,&quot;right&quot;:&quot;&quot;,&quot;bottom&quot;:&quot;&quot;,&quot;left&quot;:&quot;&quot;,&quot;isLinked&quot;:true}}\" data-elementor-post-type=\"product\">\n\t\t\t\t<div class=\"elementor-element elementor-element-93aa4a8 e-con-full e-flex e-con e-parent\" data-id=\"93aa4a8\" data-element_type=\"container\" data-e-type=\"container\">\n\t\t\t\t<div class=\"elementor-element elementor-element-2c3f760 miaoshu elementor-widget elementor-widget-wd_text_block\" data-id=\"2c3f760\" data-element_type=\"widget\" data-e-type=\"widget\" data-widget_type=\"wd_text_block.default\">\n\t\t\t\t<div class=\"elementor-widget-container\">\n\t\t\t\t\t\t\t<div class=\"wd-text-block reset-last-child text-left\">\n\t\t\t\n\t\t\t<h2>Ryse: lo \u00faltimo en SEO y marketing digital<\/h2>\n<p>Construido con el potente constructor de p\u00e1ginas Elementor, el <strong>Ryse SEO y Marketing Digital Tema<\/strong> aprovecha un marco s\u00f3lido y plugins Radiant para ofrecer una experiencia perfecta. Tanto si diriges una agencia SEO, un estudio de dise\u00f1o web o una empresa corporativa, Ryse est\u00e1 dise\u00f1ado para satisfacer tus necesidades gracias a su estructura SEO-friendly, su compatibilidad con Gutenberg, su r\u00e1pido rendimiento y su capacidad de respuesta m\u00f3vil. Es la elecci\u00f3n perfecta para cualquier negocio web o relacionado con la tecnolog\u00eda que busque causar un impacto online.<\/p>\n\n<h3>\u00bfPor qu\u00e9 elegir Ryse?<\/h3>\n<p>Ryse es uno de los temas de SEO y marketing digital m\u00e1s vendidos en ThemeForest, en el que conf\u00edan m\u00e1s de 1.000 propietarios de sitios web. Su creciente popularidad se debe a las continuas actualizaciones, las nuevas demos y su gran funcionalidad. Si est\u00e1 creando una agencia de SEO o una empresa de marketing digital, Ryse le ofrece todo lo que necesita para crear un sitio web profesional y de alto rendimiento en s\u00f3lo 15 minutos.<\/p>\n\n<h3>Flexibilidad inigualable<\/h3>\n<p>Ryse est\u00e1 dise\u00f1ado para ser f\u00e1cil y adaptable. Compatible con la \u00faltima versi\u00f3n de Elementor, incluye elementos Elementor premium para simplificar la creaci\u00f3n de blogs, portafolios, testimonios y tablas de precios. El tema est\u00e1 repleto de potentes herramientas como Revolution Slider y el panel de opciones Redux, adem\u00e1s de compatibilidad con Typekit e integraci\u00f3n de fuentes personalizadas directamente desde el panel de administraci\u00f3n. Con Ryse, su sitio web no es s\u00f3lo funcional, sino totalmente personalizable para reflejar su marca.<\/p>\n\n<h3>Repleto de funciones para sitios web preparados para el futuro<\/h3>\n<p>Ryse est\u00e1 repleto de caracter\u00edsticas de vanguardia para mantener su sitio a la vanguardia. Desde opciones de tema detalladas hasta una interfaz f\u00e1cil de usar, esto es lo que hace que Ryse destaque:<\/p>\n<ul>\n  <li><strong>16 estilos de cabecera:<\/strong> Elija entre 16 dise\u00f1os de cabecera \u00fanicos, cada uno con opciones de personalizaci\u00f3n individuales para garantizar flexibilidad sin conflictos.<\/li>\n  <li><strong>Constructor de pies de p\u00e1gina:<\/strong> Cree pies de p\u00e1gina personalizados con 5 estilos predise\u00f1ados o cree el suyo propio para que coincida con la est\u00e9tica de su marca.<\/li>\n  <li><strong>Constructor de p\u00e1ginas Elementor:<\/strong> Todas las p\u00e1ginas de demostraci\u00f3n est\u00e1n creadas con el plugin gratuito Elementor, lo que facilita el dise\u00f1o y la personalizaci\u00f3n.<\/li>\n  <li><strong>Importaci\u00f3n de demostraciones con un solo clic:<\/strong> Importe demos, p\u00e1ginas interiores, im\u00e1genes y activos de forma r\u00e1pida y sencilla, incluso si no es un experto en tecnolog\u00eda.<\/li>\n  <li><strong>Listos para la traducci\u00f3n:<\/strong> Utilice Loco Translate o WPML para traducir su sitio a cualquier idioma con facilidad.<\/li>\n  <li><strong>Opciones de fuentes vers\u00e1tiles:<\/strong> Accede a Google Fonts, Typekit o carga fuentes personalizadas para tener un control creativo total.<\/li>\n<\/ul>\n\n<h3>Creado para el rendimiento y el crecimiento<\/h3>\n<p>Ryse est\u00e1 dise\u00f1ado para evolucionar con su negocio. Las actualizaciones regulares traen nuevas demos y caracter\u00edsticas, asegurando que su sitio web se mantenga moderno y competitivo. Tanto si est\u00e1 creando un blog, un portafolio o un sitio corporativo, la velocidad, la capacidad de respuesta y la optimizaci\u00f3n SEO de Ryse lo convierten en la opci\u00f3n ideal para el \u00e9xito digital.<\/p>\n\n<h3>Empieza hoy mismo con Ryse<\/h3>\n<p>Con su configuraci\u00f3n intuitiva, sus amplias opciones de personalizaci\u00f3n y sus funciones preparadas para el futuro, el tema de SEO y marketing digital de Ryse es la soluci\u00f3n perfecta para crear un sitio web profesional. Lance su agencia SEO, negocio de dise\u00f1o web o empresa de marketing con confianza: Ryse lo tiene todo cubierto.<\/p>\n\t\t\t\t\t<\/div>\n\t\t\t\t\t\t<\/div>\n\t\t\t\t<\/div>\n\t\t\t\t<\/div>\n\t\t\t\t<\/div>","protected":false},"excerpt":{"rendered":"<p>Ryse: el tema definitivo para SEO y marketing digital Construido con el potente constructor de p\u00e1ginas Elementor, Ryse SEO y Digital<\/p>","protected":false},"featured_media":6445,"comment_status":"open","ping_status":"closed","template":"","meta":{"_acf_changed":false},"product_brand":[],"product_cat":[48],"product_tag":[],"class_list":{"0":"post-6444","1":"product","2":"type-product","3":"status-publish","4":"has-post-thumbnail","6":"product_cat-themes","8":"first","9":"instock","10":"sale","11":"downloadable","12":"shipping-taxable","13":"purchasable","14":"product-type-simple"},"acf":[],"yoast_head":"<!-- This site is optimized with the Yoast SEO Premium plugin v25.6 (Yoast SEO v27.1.1) - https:\/\/yoast.com\/product\/yoast-seo-premium-wordpress\/ -->\n<title>Ryse SEO &amp; Digital Marketing Theme - AllWin Theme \u2013 Free WordPress Themes Download<\/title>\n<meta name=\"description\" content=\"Discover Ryse, a top-selling SEO &amp; Digital Marketing Theme for Elementor. Fast, mobile-responsive, and packed with features for SEO, web design, and agencies.\" \/>\n<meta name=\"robots\" content=\"index, follow, max-snippet:-1, max-image-preview:large, max-video-preview:-1\" \/>\n<link rel=\"canonical\" href=\"https:\/\/allwintheme.com\/es\/producto\/tema-ryse-seo-y-marketing-digital\/\" \/>\n<meta property=\"og:locale\" content=\"es_ES\" \/>\n<meta property=\"og:type\" content=\"article\" \/>\n<meta property=\"og:title\" content=\"Ryse SEO &amp; Digital Marketing Theme\" \/>\n<meta property=\"og:description\" content=\"Discover Ryse, a top-selling SEO &amp; Digital Marketing Theme for Elementor. Fast, mobile-responsive, and packed with features for SEO, web design, and agencies.\" \/>\n<meta property=\"og:url\" content=\"https:\/\/allwintheme.com\/es\/producto\/tema-ryse-seo-y-marketing-digital\/\" \/>\n<meta property=\"og:site_name\" content=\"AllWin Theme \u2013 Free WordPress Themes Download\" \/>\n<meta property=\"article:modified_time\" content=\"2025-09-10T14:11:00+00:00\" \/>\n<meta property=\"og:image\" content=\"https:\/\/allwintheme.com\/wp-content\/uploads\/2025\/09\/7y6y4jze.png\" \/>\n\t<meta property=\"og:image:width\" content=\"590\" \/>\n\t<meta property=\"og:image:height\" content=\"300\" \/>\n\t<meta property=\"og:image:type\" content=\"image\/png\" \/>\n<meta name=\"twitter:card\" content=\"summary_large_image\" \/>\n<meta name=\"twitter:label1\" content=\"Tiempo estimado de lectura\" \/>\n\t<meta name=\"twitter:data1\" content=\"3 minutos\" \/>\n<script type=\"application\/ld+json\" class=\"yoast-schema-graph\">{\"@context\":\"https:\/\/schema.org\",\"@graph\":[{\"@type\":\"WebPage\",\"@id\":\"https:\/\/allwintheme.com\/product\/ryse-seo-and-digital-marketing-theme\/\",\"url\":\"https:\/\/allwintheme.com\/product\/ryse-seo-and-digital-marketing-theme\/\",\"name\":\"Ryse SEO & Digital Marketing Theme - AllWin Theme \u2013 Free WordPress Themes Download\",\"isPartOf\":{\"@id\":\"https:\/\/allwintheme.com\/#website\"},\"primaryImageOfPage\":{\"@id\":\"https:\/\/allwintheme.com\/product\/ryse-seo-and-digital-marketing-theme\/#primaryimage\"},\"image\":{\"@id\":\"https:\/\/allwintheme.com\/product\/ryse-seo-and-digital-marketing-theme\/#primaryimage\"},\"thumbnailUrl\":\"https:\/\/allwintheme.com\/wp-content\/uploads\/2025\/09\/7y6y4jze.png\",\"datePublished\":\"2025-09-10T14:07:18+00:00\",\"dateModified\":\"2025-09-10T14:11:00+00:00\",\"description\":\"Discover Ryse, a top-selling SEO & Digital Marketing Theme for Elementor. Fast, mobile-responsive, and packed with features for SEO, web design, and agencies.\",\"breadcrumb\":{\"@id\":\"https:\/\/allwintheme.com\/product\/ryse-seo-and-digital-marketing-theme\/#breadcrumb\"},\"inLanguage\":\"es-CL\",\"potentialAction\":[{\"@type\":\"ReadAction\",\"target\":[\"https:\/\/allwintheme.com\/product\/ryse-seo-and-digital-marketing-theme\/\"]}]},{\"@type\":\"ImageObject\",\"inLanguage\":\"es-CL\",\"@id\":\"https:\/\/allwintheme.com\/product\/ryse-seo-and-digital-marketing-theme\/#primaryimage\",\"url\":\"https:\/\/allwintheme.com\/wp-content\/uploads\/2025\/09\/7y6y4jze.png\",\"contentUrl\":\"https:\/\/allwintheme.com\/wp-content\/uploads\/2025\/09\/7y6y4jze.png\",\"width\":590,\"height\":300,\"caption\":\"Ryse SEO And Digital Marketing Theme\"},{\"@type\":\"BreadcrumbList\",\"@id\":\"https:\/\/allwintheme.com\/product\/ryse-seo-and-digital-marketing-theme\/#breadcrumb\",\"itemListElement\":[{\"@type\":\"ListItem\",\"position\":1,\"name\":\"Home\",\"item\":\"https:\/\/allwintheme.com\/\"},{\"@type\":\"ListItem\",\"position\":2,\"name\":\"Shop\",\"item\":\"https:\/\/allwintheme.com\/shop\/\"},{\"@type\":\"ListItem\",\"position\":3,\"name\":\"Ryse SEO &#038; Digital Marketing Theme\"}]},{\"@type\":\"WebSite\",\"@id\":\"https:\/\/allwintheme.com\/#website\",\"url\":\"https:\/\/allwintheme.com\/\",\"name\":\"Allwintheme\",\"description\":\"Download free WordPress themes for every niche. Blogs, business, eCommerce, portfolio, restaurant and more. All themes are GPL licensed and mobile-ready.\",\"potentialAction\":[{\"@type\":\"SearchAction\",\"target\":{\"@type\":\"EntryPoint\",\"urlTemplate\":\"https:\/\/allwintheme.com\/?s={search_term_string}\"},\"query-input\":{\"@type\":\"PropertyValueSpecification\",\"valueRequired\":true,\"valueName\":\"search_term_string\"}}],\"inLanguage\":\"es-CL\"}]}<\/script>\n<!-- \/ Yoast SEO Premium plugin. -->","yoast_head_json":{"title":"Ryse SEO & Digital Marketing Theme - AllWin Theme \u2013 Free WordPress Themes Download","description":"Descubre Ryse, un tema de SEO y marketing digital para Elementor. R\u00e1pido, adaptable a dispositivos m\u00f3viles y repleto de funciones para SEO, dise\u00f1o web y agencias.","robots":{"index":"index","follow":"follow","max-snippet":"max-snippet:-1","max-image-preview":"max-image-preview:large","max-video-preview":"max-video-preview:-1"},"canonical":"https:\/\/allwintheme.com\/es\/producto\/tema-ryse-seo-y-marketing-digital\/","og_locale":"es_ES","og_type":"article","og_title":"Ryse SEO & Digital Marketing Theme","og_description":"Discover Ryse, a top-selling SEO & Digital Marketing Theme for Elementor. Fast, mobile-responsive, and packed with features for SEO, web design, and agencies.","og_url":"https:\/\/allwintheme.com\/es\/producto\/tema-ryse-seo-y-marketing-digital\/","og_site_name":"AllWin Theme \u2013 Free WordPress Themes Download","article_modified_time":"2025-09-10T14:11:00+00:00","og_image":[{"width":590,"height":300,"url":"https:\/\/allwintheme.com\/wp-content\/uploads\/2025\/09\/7y6y4jze.png","type":"image\/png"}],"twitter_card":"summary_large_image","twitter_misc":{"Tiempo estimado de lectura":"3 minutos"},"schema":{"@context":"https:\/\/schema.org","@graph":[{"@type":"WebPage","@id":"https:\/\/allwintheme.com\/product\/ryse-seo-and-digital-marketing-theme\/","url":"https:\/\/allwintheme.com\/product\/ryse-seo-and-digital-marketing-theme\/","name":"Ryse SEO & Digital Marketing Theme - AllWin Theme \u2013 Free WordPress Themes Download","isPartOf":{"@id":"https:\/\/allwintheme.com\/#website"},"primaryImageOfPage":{"@id":"https:\/\/allwintheme.com\/product\/ryse-seo-and-digital-marketing-theme\/#primaryimage"},"image":{"@id":"https:\/\/allwintheme.com\/product\/ryse-seo-and-digital-marketing-theme\/#primaryimage"},"thumbnailUrl":"https:\/\/allwintheme.com\/wp-content\/uploads\/2025\/09\/7y6y4jze.png","datePublished":"2025-09-10T14:07:18+00:00","dateModified":"2025-09-10T14:11:00+00:00","description":"Descubre Ryse, un tema de SEO y marketing digital para Elementor. R\u00e1pido, adaptable a dispositivos m\u00f3viles y repleto de funciones para SEO, dise\u00f1o web y agencias.","breadcrumb":{"@id":"https:\/\/allwintheme.com\/product\/ryse-seo-and-digital-marketing-theme\/#breadcrumb"},"inLanguage":"es-CL","potentialAction":[{"@type":"ReadAction","target":["https:\/\/allwintheme.com\/product\/ryse-seo-and-digital-marketing-theme\/"]}]},{"@type":"ImageObject","inLanguage":"es-CL","@id":"https:\/\/allwintheme.com\/product\/ryse-seo-and-digital-marketing-theme\/#primaryimage","url":"https:\/\/allwintheme.com\/wp-content\/uploads\/2025\/09\/7y6y4jze.png","contentUrl":"https:\/\/allwintheme.com\/wp-content\/uploads\/2025\/09\/7y6y4jze.png","width":590,"height":300,"caption":"Ryse SEO And Digital Marketing Theme"},{"@type":"BreadcrumbList","@id":"https:\/\/allwintheme.com\/product\/ryse-seo-and-digital-marketing-theme\/#breadcrumb","itemListElement":[{"@type":"ListItem","position":1,"name":"Home","item":"https:\/\/allwintheme.com\/"},{"@type":"ListItem","position":2,"name":"Shop","item":"https:\/\/allwintheme.com\/shop\/"},{"@type":"ListItem","position":3,"name":"Ryse SEO &#038; Digital Marketing Theme"}]},{"@type":"WebSite","@id":"https:\/\/allwintheme.com\/#website","url":"https:\/\/allwintheme.com\/","name":"Allwintheme","description":"Descarga gratis temas de WordPress para todos los nichos. Blogs, negocios, comercio electr\u00f3nico, portafolio, restaurante y m\u00e1s. Todos los temas tienen licencia GPL y est\u00e1n preparados para dispositivos m\u00f3viles.","potentialAction":[{"@type":"SearchAction","target":{"@type":"EntryPoint","urlTemplate":"https:\/\/allwintheme.com\/?s={search_term_string}"},"query-input":{"@type":"PropertyValueSpecification","valueRequired":true,"valueName":"search_term_string"}}],"inLanguage":"es-CL"}]}},"_links":{"self":[{"href":"https:\/\/allwintheme.com\/es\/wp-json\/wp\/v2\/product\/6444","targetHints":{"allow":["GET"]}}],"collection":[{"href":"https:\/\/allwintheme.com\/es\/wp-json\/wp\/v2\/product"}],"about":[{"href":"https:\/\/allwintheme.com\/es\/wp-json\/wp\/v2\/types\/product"}],"replies":[{"embeddable":true,"href":"https:\/\/allwintheme.com\/es\/wp-json\/wp\/v2\/comments?post=6444"}],"version-history":[{"count":0,"href":"https:\/\/allwintheme.com\/es\/wp-json\/wp\/v2\/product\/6444\/revisions"}],"wp:featuredmedia":[{"embeddable":true,"href":"https:\/\/allwintheme.com\/es\/wp-json\/wp\/v2\/media\/6445"}],"wp:attachment":[{"href":"https:\/\/allwintheme.com\/es\/wp-json\/wp\/v2\/media?parent=6444"}],"wp:term":[{"taxonomy":"product_brand","embeddable":true,"href":"https:\/\/allwintheme.com\/es\/wp-json\/wp\/v2\/product_brand?post=6444"},{"taxonomy":"product_cat","embeddable":true,"href":"https:\/\/allwintheme.com\/es\/wp-json\/wp\/v2\/product_cat?post=6444"},{"taxonomy":"product_tag","embeddable":true,"href":"https:\/\/allwintheme.com\/es\/wp-json\/wp\/v2\/product_tag?post=6444"}],"curies":[{"name":"wp","href":"https:\/\/api.w.org\/{rel}","templated":true}]}}