{"id":6482,"date":"2025-09-11T11:30:04","date_gmt":"2025-09-11T11:30:04","guid":{"rendered":"https:\/\/allwintheme.com\/?post_type=product&#038;p=6482"},"modified":"2025-09-11T11:36:04","modified_gmt":"2025-09-11T11:36:04","slug":"digital-seo-marketing-digital-tema","status":"publish","type":"product","link":"https:\/\/allwintheme.com\/es\/producto\/digital-seo-marketing-digital-tema\/","title":{"rendered":"Digital SEO Marketing digital Tema"},"content":{"rendered":"<div data-elementor-type=\"wp-post\" data-elementor-id=\"6482\" class=\"elementor elementor-6482\" data-elementor-settings=\"{&quot;element_pack_global_tooltip_width&quot;:{&quot;unit&quot;:&quot;px&quot;,&quot;size&quot;:&quot;&quot;,&quot;sizes&quot;:[]},&quot;element_pack_global_tooltip_width_tablet&quot;:{&quot;unit&quot;:&quot;px&quot;,&quot;size&quot;:&quot;&quot;,&quot;sizes&quot;:[]},&quot;element_pack_global_tooltip_width_mobile&quot;:{&quot;unit&quot;:&quot;px&quot;,&quot;size&quot;:&quot;&quot;,&quot;sizes&quot;:[]},&quot;element_pack_global_tooltip_padding&quot;:{&quot;unit&quot;:&quot;px&quot;,&quot;top&quot;:&quot;&quot;,&quot;right&quot;:&quot;&quot;,&quot;bottom&quot;:&quot;&quot;,&quot;left&quot;:&quot;&quot;,&quot;isLinked&quot;:true},&quot;element_pack_global_tooltip_padding_tablet&quot;:{&quot;unit&quot;:&quot;px&quot;,&quot;top&quot;:&quot;&quot;,&quot;right&quot;:&quot;&quot;,&quot;bottom&quot;:&quot;&quot;,&quot;left&quot;:&quot;&quot;,&quot;isLinked&quot;:true},&quot;element_pack_global_tooltip_padding_mobile&quot;:{&quot;unit&quot;:&quot;px&quot;,&quot;top&quot;:&quot;&quot;,&quot;right&quot;:&quot;&quot;,&quot;bottom&quot;:&quot;&quot;,&quot;left&quot;:&quot;&quot;,&quot;isLinked&quot;:true},&quot;element_pack_global_tooltip_border_radius&quot;:{&quot;unit&quot;:&quot;px&quot;,&quot;top&quot;:&quot;&quot;,&quot;right&quot;:&quot;&quot;,&quot;bottom&quot;:&quot;&quot;,&quot;left&quot;:&quot;&quot;,&quot;isLinked&quot;:true},&quot;element_pack_global_tooltip_border_radius_tablet&quot;:{&quot;unit&quot;:&quot;px&quot;,&quot;top&quot;:&quot;&quot;,&quot;right&quot;:&quot;&quot;,&quot;bottom&quot;:&quot;&quot;,&quot;left&quot;:&quot;&quot;,&quot;isLinked&quot;:true},&quot;element_pack_global_tooltip_border_radius_mobile&quot;:{&quot;unit&quot;:&quot;px&quot;,&quot;top&quot;:&quot;&quot;,&quot;right&quot;:&quot;&quot;,&quot;bottom&quot;:&quot;&quot;,&quot;left&quot;:&quot;&quot;,&quot;isLinked&quot;:true}}\" data-elementor-post-type=\"product\">\n\t\t\t\t<div class=\"elementor-element elementor-element-93aa4a8 e-con-full e-flex e-con e-parent\" data-id=\"93aa4a8\" data-element_type=\"container\" data-e-type=\"container\">\n\t\t\t\t<div class=\"elementor-element elementor-element-2c3f760 miaoshu elementor-widget elementor-widget-wd_text_block\" data-id=\"2c3f760\" data-element_type=\"widget\" data-e-type=\"widget\" data-widget_type=\"wd_text_block.default\">\n\t\t\t\t<div class=\"elementor-widget-container\">\n\t\t\t\t\t\t\t<div class=\"wd-text-block reset-last-child text-left\">\n\t\t\t\n\t\t\t<h2>Num\u00e9rique: Lo \u00faltimo en SEO y Marketing Digital<\/h2>\n<p>Num\u00e9rique es un tema de WordPress elegante, moderno y muy funcional dise\u00f1ado para empresas que prosperan en el sector del marketing digital. Tanto si diriges una agencia de marketing digital como si ofreces servicios de SEO, gestionas una agencia creativa o tienes un estudio de desarrollo web o de redes sociales, Num\u00e9rique ofrece la combinaci\u00f3n perfecta de estilo y rendimiento. Dise\u00f1ado tanto para principiantes como para desarrolladores avanzados, este tema garantiza la facilidad de uso sin comprometer la personalizaci\u00f3n ni la funcionalidad.<\/p>\n\n<h3>\u00bfPor qu\u00e9 elegir Num\u00e9rique?<\/h3>\n<p>Num\u00e9rique destaca por su perfecta integraci\u00f3n con <strong>Elementor<\/strong> y <strong>Elementor Pro<\/strong>que ofrece una experiencia s\u00f3lida y f\u00e1cil de usar. Sus cuidados dise\u00f1os son ideales para crear sitios web profesionales que cautiven y conviertan. Desde dise\u00f1os de contenido din\u00e1micos hasta impresionantes animaciones, Num\u00e9rique le permite crear un sitio web que refleje la visi\u00f3n de su marca con el m\u00ednimo esfuerzo.<\/p>\n\n<h3>Caracter\u00edsticas principales<\/h3>\n<ul>\n    <li><strong>Im\u00e1genes de archivo premium gratuitas<\/strong>: Incluye $245 fotos de stock de Getty Images, listas para usar en tus proyectos sin costes adicionales de licencia.<\/li>\n    <li><strong>Compatibilidad con Elementor y Elementor Pro<\/strong>: Ampl\u00eda los widgets de Elementor con estilos y animaciones mejorados, garantizando estabilidad y seguridad a largo plazo.<\/li>\n    <li><strong>Para principiantes<\/strong>: No hay necesidad de aprender complejos paneles tem\u00e1ticos o plugins - s\u00f3lo WordPress, Elementor y Elementor Pro para empezar.<\/li>\n    <li><strong>Control global del estilo<\/strong>: Aprovecha el panel de estilo global de Elementor Pro como centro de control de tu tema para conseguir un dise\u00f1o coherente en todo tu sitio.<\/li>\n    <li><strong>Dise\u00f1o adaptable<\/strong>: Control total de los dise\u00f1os para m\u00f3viles y tabletas con puntos de rotura personalizados para obtener resultados perfectos.<\/li>\n    <li><strong>Soporte RTL<\/strong>: Totalmente compatible con las lenguas de derecha a izquierda para una accesibilidad global.<\/li>\n    <li><strong>Dise\u00f1o din\u00e1mico de contenidos<\/strong>: Crea atractivas p\u00e1ginas de productos, entradas de blog, archivos, p\u00e1ginas 404, modos de mantenimiento y resultados de b\u00fasqueda con Elementor Pro.<\/li>\n    <li><strong>Funciones avanzadas<\/strong>: Crea mega men\u00fas, formularios y ventanas emergentes directamente con Elementor Pro para una experiencia de usuario cohesionada y profesional.<\/li>\n    <li><strong>Creador de encabezados y pies de p\u00e1gina<\/strong>: Encabezados y pies de p\u00e1gina totalmente personalizables construidos con Elementor Pro para un aspecto a medida.<\/li>\n    <li><strong>Limpio y ligero<\/strong>: Sin plugins innecesarios, lo que garantiza tiempos de carga m\u00e1s r\u00e1pidos y una experiencia sin desorden.<\/li>\n    <li><strong>Amplia gu\u00eda de configuraci\u00f3n<\/strong>: Documentaci\u00f3n completa para ayudarle a configurar y personalizar su sitio sin esfuerzo.<\/li>\n    <li><strong>Control flexible de widgets<\/strong>: Opci\u00f3n de eliminar el c\u00f3digo del widget espec\u00edfico del tema para obtener la m\u00e1xima flexibilidad.<\/li>\n<\/ul>\n\n<h3>Perfecto para cualquier negocio digital<\/h3>\n<p>Num\u00e9rique est\u00e1 dise\u00f1ado para satisfacer las necesidades de agencias de marketing digital, especialistas en SEO, estudios creativos y desarrolladores web. Su versatilidad y dise\u00f1o intuitivo lo hacen adecuado tanto para principiantes como para profesionales experimentados. Sin necesidad de conocimientos de programaci\u00f3n, podr\u00e1 crear un sitio web profesional que destaque en el competitivo panorama digital.<\/p>\n\n<h3>Notas importantes<\/h3>\n<p>Para liberar todo el potencial de Num\u00e9rique, <strong>Elementor Pro<\/strong> para importar el contenido de la demo y configurar el tema. Esto le garantiza el acceso a todas las funciones avanzadas y opciones de personalizaci\u00f3n que hacen de Num\u00e9rique una de las mejores opciones para los profesionales del marketing digital.<\/p>\n\n<p>Mejore su presencia en Internet con Num\u00e9rique, donde el dise\u00f1o moderno se combina con una potente funcionalidad.<\/p>\n\t\t\t\t\t<\/div>\n\t\t\t\t\t\t<\/div>\n\t\t\t\t<\/div>\n\t\t\t\t<\/div>\n\t\t\t\t<\/div>","protected":false},"excerpt":{"rendered":"<p>Num\u00e9rique: The Ultimate SEO &amp; Digital Marketing Theme Num\u00e9rique is a sleek, modern, and highly functional WordPress theme tailored for<\/p>","protected":false},"featured_media":6483,"comment_status":"open","ping_status":"closed","template":"","meta":{"_acf_changed":false},"product_brand":[],"product_cat":[48],"product_tag":[],"class_list":{"0":"post-6482","1":"product","2":"type-product","3":"status-publish","4":"has-post-thumbnail","6":"product_cat-themes","8":"first","9":"instock","10":"sale","11":"downloadable","12":"shipping-taxable","13":"purchasable","14":"product-type-simple"},"acf":[],"yoast_head":"<!-- This site is optimized with the Yoast SEO Premium plugin v25.6 (Yoast SEO v27.1.1) - https:\/\/yoast.com\/product\/yoast-seo-premium-wordpress\/ -->\n<title>Digital SEO Digital Marketing Theme - AllWin Theme \u2013 Free WordPress Themes Download<\/title>\n<meta name=\"description\" content=\"Discover Num\u00e9rique, a modern SEO &amp; digital marketing theme for Elementor. Perfect for agencies, it offers stunning designs, stability, and free premium images.\" \/>\n<meta name=\"robots\" content=\"index, follow, max-snippet:-1, max-image-preview:large, max-video-preview:-1\" \/>\n<link rel=\"canonical\" href=\"https:\/\/allwintheme.com\/es\/producto\/digital-seo-marketing-digital-tema\/\" \/>\n<meta property=\"og:locale\" content=\"es_ES\" \/>\n<meta property=\"og:type\" content=\"article\" \/>\n<meta property=\"og:title\" content=\"Digital SEO Digital Marketing Theme\" \/>\n<meta property=\"og:description\" content=\"Discover Num\u00e9rique, a modern SEO &amp; digital marketing theme for Elementor. Perfect for agencies, it offers stunning designs, stability, and free premium images.\" \/>\n<meta property=\"og:url\" content=\"https:\/\/allwintheme.com\/es\/producto\/digital-seo-marketing-digital-tema\/\" \/>\n<meta property=\"og:site_name\" content=\"AllWin Theme \u2013 Free WordPress Themes Download\" \/>\n<meta property=\"article:modified_time\" content=\"2025-09-11T11:36:04+00:00\" \/>\n<meta property=\"og:image\" content=\"https:\/\/allwintheme.com\/wp-content\/uploads\/2025\/09\/mj5cjphn.png\" \/>\n\t<meta property=\"og:image:width\" content=\"590\" \/>\n\t<meta property=\"og:image:height\" content=\"300\" \/>\n\t<meta property=\"og:image:type\" content=\"image\/png\" \/>\n<meta name=\"twitter:card\" content=\"summary_large_image\" \/>\n<meta name=\"twitter:label1\" content=\"Tiempo estimado de lectura\" \/>\n\t<meta name=\"twitter:data1\" content=\"3 minutos\" \/>\n<script type=\"application\/ld+json\" class=\"yoast-schema-graph\">{\"@context\":\"https:\/\/schema.org\",\"@graph\":[{\"@type\":\"WebPage\",\"@id\":\"https:\/\/allwintheme.com\/product\/digital-seo-digital-marketing-theme\/\",\"url\":\"https:\/\/allwintheme.com\/product\/digital-seo-digital-marketing-theme\/\",\"name\":\"Digital SEO Digital Marketing Theme - AllWin Theme \u2013 Free WordPress Themes Download\",\"isPartOf\":{\"@id\":\"https:\/\/allwintheme.com\/#website\"},\"primaryImageOfPage\":{\"@id\":\"https:\/\/allwintheme.com\/product\/digital-seo-digital-marketing-theme\/#primaryimage\"},\"image\":{\"@id\":\"https:\/\/allwintheme.com\/product\/digital-seo-digital-marketing-theme\/#primaryimage\"},\"thumbnailUrl\":\"https:\/\/allwintheme.com\/wp-content\/uploads\/2025\/09\/mj5cjphn.png\",\"datePublished\":\"2025-09-11T11:30:04+00:00\",\"dateModified\":\"2025-09-11T11:36:04+00:00\",\"description\":\"Discover Num\u00e9rique, a modern SEO & digital marketing theme for Elementor. Perfect for agencies, it offers stunning designs, stability, and free premium images.\",\"breadcrumb\":{\"@id\":\"https:\/\/allwintheme.com\/product\/digital-seo-digital-marketing-theme\/#breadcrumb\"},\"inLanguage\":\"es-CL\",\"potentialAction\":[{\"@type\":\"ReadAction\",\"target\":[\"https:\/\/allwintheme.com\/product\/digital-seo-digital-marketing-theme\/\"]}]},{\"@type\":\"ImageObject\",\"inLanguage\":\"es-CL\",\"@id\":\"https:\/\/allwintheme.com\/product\/digital-seo-digital-marketing-theme\/#primaryimage\",\"url\":\"https:\/\/allwintheme.com\/wp-content\/uploads\/2025\/09\/mj5cjphn.png\",\"contentUrl\":\"https:\/\/allwintheme.com\/wp-content\/uploads\/2025\/09\/mj5cjphn.png\",\"width\":590,\"height\":300,\"caption\":\"Num\u00e9rique SEO Digital Marketing Theme\"},{\"@type\":\"BreadcrumbList\",\"@id\":\"https:\/\/allwintheme.com\/product\/digital-seo-digital-marketing-theme\/#breadcrumb\",\"itemListElement\":[{\"@type\":\"ListItem\",\"position\":1,\"name\":\"Home\",\"item\":\"https:\/\/allwintheme.com\/\"},{\"@type\":\"ListItem\",\"position\":2,\"name\":\"Shop\",\"item\":\"https:\/\/allwintheme.com\/shop\/\"},{\"@type\":\"ListItem\",\"position\":3,\"name\":\"Digital SEO Digital Marketing Theme\"}]},{\"@type\":\"WebSite\",\"@id\":\"https:\/\/allwintheme.com\/#website\",\"url\":\"https:\/\/allwintheme.com\/\",\"name\":\"Allwintheme\",\"description\":\"Download free WordPress themes for every niche. Blogs, business, eCommerce, portfolio, restaurant and more. All themes are GPL licensed and mobile-ready.\",\"potentialAction\":[{\"@type\":\"SearchAction\",\"target\":{\"@type\":\"EntryPoint\",\"urlTemplate\":\"https:\/\/allwintheme.com\/?s={search_term_string}\"},\"query-input\":{\"@type\":\"PropertyValueSpecification\",\"valueRequired\":true,\"valueName\":\"search_term_string\"}}],\"inLanguage\":\"es-CL\"}]}<\/script>\n<!-- \/ Yoast SEO Premium plugin. -->","yoast_head_json":{"title":"Digital SEO Digital Marketing Theme - AllWin Theme \u2013 Free WordPress Themes Download","description":"Descubre Num\u00e9rique, un moderno tema de SEO y marketing digital para Elementor. Perfecto para agencias, ofrece dise\u00f1os impresionantes, estabilidad e im\u00e1genes premium gratuitas.","robots":{"index":"index","follow":"follow","max-snippet":"max-snippet:-1","max-image-preview":"max-image-preview:large","max-video-preview":"max-video-preview:-1"},"canonical":"https:\/\/allwintheme.com\/es\/producto\/digital-seo-marketing-digital-tema\/","og_locale":"es_ES","og_type":"article","og_title":"Digital SEO Digital Marketing Theme","og_description":"Discover Num\u00e9rique, a modern SEO & digital marketing theme for Elementor. Perfect for agencies, it offers stunning designs, stability, and free premium images.","og_url":"https:\/\/allwintheme.com\/es\/producto\/digital-seo-marketing-digital-tema\/","og_site_name":"AllWin Theme \u2013 Free WordPress Themes Download","article_modified_time":"2025-09-11T11:36:04+00:00","og_image":[{"width":590,"height":300,"url":"https:\/\/allwintheme.com\/wp-content\/uploads\/2025\/09\/mj5cjphn.png","type":"image\/png"}],"twitter_card":"summary_large_image","twitter_misc":{"Tiempo estimado de lectura":"3 minutos"},"schema":{"@context":"https:\/\/schema.org","@graph":[{"@type":"WebPage","@id":"https:\/\/allwintheme.com\/product\/digital-seo-digital-marketing-theme\/","url":"https:\/\/allwintheme.com\/product\/digital-seo-digital-marketing-theme\/","name":"Digital SEO Digital Marketing Theme - AllWin Theme \u2013 Free WordPress Themes Download","isPartOf":{"@id":"https:\/\/allwintheme.com\/#website"},"primaryImageOfPage":{"@id":"https:\/\/allwintheme.com\/product\/digital-seo-digital-marketing-theme\/#primaryimage"},"image":{"@id":"https:\/\/allwintheme.com\/product\/digital-seo-digital-marketing-theme\/#primaryimage"},"thumbnailUrl":"https:\/\/allwintheme.com\/wp-content\/uploads\/2025\/09\/mj5cjphn.png","datePublished":"2025-09-11T11:30:04+00:00","dateModified":"2025-09-11T11:36:04+00:00","description":"Descubre Num\u00e9rique, un moderno tema de SEO y marketing digital para Elementor. Perfecto para agencias, ofrece dise\u00f1os impresionantes, estabilidad e im\u00e1genes premium gratuitas.","breadcrumb":{"@id":"https:\/\/allwintheme.com\/product\/digital-seo-digital-marketing-theme\/#breadcrumb"},"inLanguage":"es-CL","potentialAction":[{"@type":"ReadAction","target":["https:\/\/allwintheme.com\/product\/digital-seo-digital-marketing-theme\/"]}]},{"@type":"ImageObject","inLanguage":"es-CL","@id":"https:\/\/allwintheme.com\/product\/digital-seo-digital-marketing-theme\/#primaryimage","url":"https:\/\/allwintheme.com\/wp-content\/uploads\/2025\/09\/mj5cjphn.png","contentUrl":"https:\/\/allwintheme.com\/wp-content\/uploads\/2025\/09\/mj5cjphn.png","width":590,"height":300,"caption":"Num\u00e9rique SEO Digital Marketing Theme"},{"@type":"BreadcrumbList","@id":"https:\/\/allwintheme.com\/product\/digital-seo-digital-marketing-theme\/#breadcrumb","itemListElement":[{"@type":"ListItem","position":1,"name":"Home","item":"https:\/\/allwintheme.com\/"},{"@type":"ListItem","position":2,"name":"Shop","item":"https:\/\/allwintheme.com\/shop\/"},{"@type":"ListItem","position":3,"name":"Digital SEO Digital Marketing Theme"}]},{"@type":"WebSite","@id":"https:\/\/allwintheme.com\/#website","url":"https:\/\/allwintheme.com\/","name":"Allwintheme","description":"Descarga gratis temas de WordPress para todos los nichos. Blogs, negocios, comercio electr\u00f3nico, portafolio, restaurante y m\u00e1s. Todos los temas tienen licencia GPL y est\u00e1n preparados para dispositivos m\u00f3viles.","potentialAction":[{"@type":"SearchAction","target":{"@type":"EntryPoint","urlTemplate":"https:\/\/allwintheme.com\/?s={search_term_string}"},"query-input":{"@type":"PropertyValueSpecification","valueRequired":true,"valueName":"search_term_string"}}],"inLanguage":"es-CL"}]}},"_links":{"self":[{"href":"https:\/\/allwintheme.com\/es\/wp-json\/wp\/v2\/product\/6482","targetHints":{"allow":["GET"]}}],"collection":[{"href":"https:\/\/allwintheme.com\/es\/wp-json\/wp\/v2\/product"}],"about":[{"href":"https:\/\/allwintheme.com\/es\/wp-json\/wp\/v2\/types\/product"}],"replies":[{"embeddable":true,"href":"https:\/\/allwintheme.com\/es\/wp-json\/wp\/v2\/comments?post=6482"}],"version-history":[{"count":0,"href":"https:\/\/allwintheme.com\/es\/wp-json\/wp\/v2\/product\/6482\/revisions"}],"wp:featuredmedia":[{"embeddable":true,"href":"https:\/\/allwintheme.com\/es\/wp-json\/wp\/v2\/media\/6483"}],"wp:attachment":[{"href":"https:\/\/allwintheme.com\/es\/wp-json\/wp\/v2\/media?parent=6482"}],"wp:term":[{"taxonomy":"product_brand","embeddable":true,"href":"https:\/\/allwintheme.com\/es\/wp-json\/wp\/v2\/product_brand?post=6482"},{"taxonomy":"product_cat","embeddable":true,"href":"https:\/\/allwintheme.com\/es\/wp-json\/wp\/v2\/product_cat?post=6482"},{"taxonomy":"product_tag","embeddable":true,"href":"https:\/\/allwintheme.com\/es\/wp-json\/wp\/v2\/product_tag?post=6482"}],"curies":[{"name":"wp","href":"https:\/\/api.w.org\/{rel}","templated":true}]}}