{"id":6489,"date":"2025-09-11T11:37:13","date_gmt":"2025-09-11T11:37:13","guid":{"rendered":"https:\/\/allwintheme.com\/?post_type=product&#038;p=6489"},"modified":"2025-09-25T14:15:39","modified_gmt":"2025-09-25T14:15:39","slug":"yoast-seo-premium","status":"publish","type":"product","link":"https:\/\/allwintheme.com\/es\/producto\/yoast-seo-premium\/","title":{"rendered":"Yoast SEO Premium: Aumente la posici\u00f3n de su sitio web en las b\u00fasquedas"},"content":{"rendered":"<div data-elementor-type=\"wp-post\" data-elementor-id=\"6489\" class=\"elementor elementor-6489\" data-elementor-settings=\"{&quot;element_pack_global_tooltip_width&quot;:{&quot;unit&quot;:&quot;px&quot;,&quot;size&quot;:&quot;&quot;,&quot;sizes&quot;:[]},&quot;element_pack_global_tooltip_width_tablet&quot;:{&quot;unit&quot;:&quot;px&quot;,&quot;size&quot;:&quot;&quot;,&quot;sizes&quot;:[]},&quot;element_pack_global_tooltip_width_mobile&quot;:{&quot;unit&quot;:&quot;px&quot;,&quot;size&quot;:&quot;&quot;,&quot;sizes&quot;:[]},&quot;element_pack_global_tooltip_padding&quot;:{&quot;unit&quot;:&quot;px&quot;,&quot;top&quot;:&quot;&quot;,&quot;right&quot;:&quot;&quot;,&quot;bottom&quot;:&quot;&quot;,&quot;left&quot;:&quot;&quot;,&quot;isLinked&quot;:true},&quot;element_pack_global_tooltip_padding_tablet&quot;:{&quot;unit&quot;:&quot;px&quot;,&quot;top&quot;:&quot;&quot;,&quot;right&quot;:&quot;&quot;,&quot;bottom&quot;:&quot;&quot;,&quot;left&quot;:&quot;&quot;,&quot;isLinked&quot;:true},&quot;element_pack_global_tooltip_padding_mobile&quot;:{&quot;unit&quot;:&quot;px&quot;,&quot;top&quot;:&quot;&quot;,&quot;right&quot;:&quot;&quot;,&quot;bottom&quot;:&quot;&quot;,&quot;left&quot;:&quot;&quot;,&quot;isLinked&quot;:true},&quot;element_pack_global_tooltip_border_radius&quot;:{&quot;unit&quot;:&quot;px&quot;,&quot;top&quot;:&quot;&quot;,&quot;right&quot;:&quot;&quot;,&quot;bottom&quot;:&quot;&quot;,&quot;left&quot;:&quot;&quot;,&quot;isLinked&quot;:true},&quot;element_pack_global_tooltip_border_radius_tablet&quot;:{&quot;unit&quot;:&quot;px&quot;,&quot;top&quot;:&quot;&quot;,&quot;right&quot;:&quot;&quot;,&quot;bottom&quot;:&quot;&quot;,&quot;left&quot;:&quot;&quot;,&quot;isLinked&quot;:true},&quot;element_pack_global_tooltip_border_radius_mobile&quot;:{&quot;unit&quot;:&quot;px&quot;,&quot;top&quot;:&quot;&quot;,&quot;right&quot;:&quot;&quot;,&quot;bottom&quot;:&quot;&quot;,&quot;left&quot;:&quot;&quot;,&quot;isLinked&quot;:true}}\" data-elementor-post-type=\"product\">\n\t\t\t\t<div class=\"elementor-element elementor-element-93aa4a8 e-con-full e-flex e-con e-parent\" data-id=\"93aa4a8\" data-element_type=\"container\" data-e-type=\"container\">\n\t\t\t\t<div class=\"elementor-element elementor-element-2c3f760 miaoshu elementor-widget elementor-widget-wd_text_block\" data-id=\"2c3f760\" data-element_type=\"widget\" data-e-type=\"widget\" data-widget_type=\"wd_text_block.default\">\n\t\t\t\t<div class=\"elementor-widget-container\">\n\t\t\t\t\t\t\t<div class=\"wd-text-block reset-last-child text-left\">\n\t\t\t\n\t\t\t<h2>Yoast SEO Premium: Tu soluci\u00f3n SEO definitiva<\/h2>\n\n<p>Transforma la visibilidad de tu sitio web con Yoast SEO Premium, el plugin definitivo dise\u00f1ado para potenciar tu estrategia SEO con facilidad. Tanto si eres un principiante como un webmaster experimentado, esta herramienta simplifica la optimizaci\u00f3n, ayudando a tu sitio a escalar posiciones en los motores de b\u00fasqueda y atraer tr\u00e1fico de alta calidad desde plataformas como Google, Bing y las redes sociales.<\/p>\n\n<h3>\u00bfPor qu\u00e9 elegir Yoast SEO Premium?<\/h3>\n<p>Yoast SEO Premium te permite optimizar tu sitio web sin esfuerzo, ofreciendo funciones avanzadas para mejorar tu contenido y configuraci\u00f3n t\u00e9cnica. Desde la optimizaci\u00f3n de palabras clave hasta los enlaces internos, este plugin garantiza que tu sitio est\u00e9 estructurado para lograr la m\u00e1xima visibilidad y participaci\u00f3n de los usuarios.<\/p>\n\n<h3>Caracter\u00edsticas principales de Yoast SEO Premium<\/h3>\n<ul>\n  <li><strong>Optimizaci\u00f3n avanzada de palabras clave<\/strong>: Optimice cada p\u00e1gina con hasta cinco palabras clave, aumentando su visibilidad en los resultados de b\u00fasqueda y d\u00e1ndole una ventaja competitiva.<\/li>\n  <li><strong>Palabra clave Control de frecuencia<\/strong>: Ajuste el uso de palabras clave para lograr el equilibrio perfecto, evitando el uso excesivo o insuficiente para un rendimiento \u00f3ptimo.<\/li>\n  <li><strong>Avances multiplataforma<\/strong>: Vea c\u00f3mo aparece su p\u00e1gina en Google, Facebook y Twitter, garantizando una presencia pulida en todas las plataformas.<\/li>\n  <li><strong>Gesti\u00f3n de taxonom\u00edas<\/strong>: Organice eficazmente sus contenidos definiendo categor\u00edas primarias, lo que facilitar\u00e1 a los motores de b\u00fasqueda la comprensi\u00f3n de su sitio.<\/li>\n  <li><strong>Gesti\u00f3n de URL can\u00f3nicas<\/strong>: Evite los problemas de contenido duplicado con la configuraci\u00f3n autom\u00e1tica de URL can\u00f3nicas, garantizando que los motores de b\u00fasqueda den prioridad a sus p\u00e1ginas.<\/li>\n  <li><strong>SEO t\u00e9cnico simplificado<\/strong>: Deja las complejas configuraciones t\u00e9cnicas en manos de Yoast SEO, para que puedas centrarte en crear contenido de alta calidad.<\/li>\n  <li><strong>Actualizaciones frecuentes<\/strong>: Mant\u00e9ngase a la vanguardia con actualizaciones quincenales que se alinean con los \u00faltimos cambios en el algoritmo de Google y las mejores pr\u00e1cticas de SEO.<\/li>\n  <li><strong>Sugerencias de enlaces internos<\/strong>: Obtenga recomendaciones en tiempo real para enlazar con otras p\u00e1ginas de su sitio, mejorar la navegaci\u00f3n y la estructura de los contenidos.<\/li>\n  <li><strong>An\u00e1lisis de contenidos<\/strong>: Obtenga informaci\u00f3n sobre palabras o frases repetidas para asegurarse de que su contenido se alinea perfectamente con las palabras clave objetivo.<\/li>\n  <li><strong>Redireccionamientos inteligentes<\/strong>: Gestione sin problemas los redireccionamientos de las URL antiguas a las nuevas, manteniendo la atenci\u00f3n de sus visitantes y preservando el posicionamiento de su sitio.<\/li>\n<\/ul>\n\n<h3>Mejore su estrategia SEO<\/h3>\n<p>Yoast SEO Premium elimina la complejidad de la optimizaci\u00f3n de motores de b\u00fasqueda, ofreciendo una experiencia f\u00e1cil de usar que ofrece resultados. Si tu objetivo es mejorar tu posicionamiento, mejorar la experiencia de usuario o atraer m\u00e1s tr\u00e1fico, este plugin es tu soluci\u00f3n. Descarga Yoast SEO Premium hoy mismo y lleva el rendimiento de tu sitio web a nuevas cotas.<\/p>\n\t\t\t\t\t<\/div>\n\t\t\t\t\t\t<\/div>\n\t\t\t\t<\/div>\n\t\t\t\t<\/div>\n\t\t\t\t<\/div>","protected":false},"excerpt":{"rendered":"<p>Yoast SEO Premium: Your Ultimate SEO Solution Transform your website\u2019s visibility with Yoast SEO Premium, the definitive plugin designed to<\/p>","protected":false},"featured_media":6490,"comment_status":"open","ping_status":"closed","template":"","meta":{"_acf_changed":false},"product_brand":[],"product_cat":[49],"product_tag":[],"class_list":{"0":"post-6489","1":"product","2":"type-product","3":"status-publish","4":"has-post-thumbnail","6":"product_cat-plugins","8":"first","9":"instock","10":"sale","11":"downloadable","12":"shipping-taxable","13":"purchasable","14":"product-type-simple"},"acf":[],"yoast_head":"<!-- This site is optimized with the Yoast SEO Premium plugin v25.6 (Yoast SEO v27.1.1) - https:\/\/yoast.com\/product\/yoast-seo-premium-wordpress\/ -->\n<title>Yoast SEO Premium: Boost Your Website\u2019s Search Rankings - AllWin Theme \u2013 Free WordPress Themes Download<\/title>\n<meta name=\"description\" content=\"Transform your site with Yoast SEO Premium! Drive high-quality traffic from search engines and social media with this powerful SEO plugin.\" \/>\n<meta name=\"robots\" content=\"index, follow, max-snippet:-1, max-image-preview:large, max-video-preview:-1\" \/>\n<link rel=\"canonical\" href=\"https:\/\/allwintheme.com\/es\/producto\/yoast-seo-premium\/\" \/>\n<meta property=\"og:locale\" content=\"es_ES\" \/>\n<meta property=\"og:type\" content=\"article\" \/>\n<meta property=\"og:title\" content=\"Yoast SEO Premium: Boost Your Website\u2019s Search Rankings\" \/>\n<meta property=\"og:description\" content=\"Transform your site with Yoast SEO Premium! Drive high-quality traffic from search engines and social media with this powerful SEO plugin.\" \/>\n<meta property=\"og:url\" content=\"https:\/\/allwintheme.com\/es\/producto\/yoast-seo-premium\/\" \/>\n<meta property=\"og:site_name\" content=\"AllWin Theme \u2013 Free WordPress Themes Download\" \/>\n<meta property=\"article:modified_time\" content=\"2025-09-25T14:15:39+00:00\" \/>\n<meta property=\"og:image\" content=\"https:\/\/allwintheme.com\/wp-content\/uploads\/2025\/09\/tz7ukw5r.png\" \/>\n\t<meta property=\"og:image:width\" content=\"768\" \/>\n\t<meta property=\"og:image:height\" content=\"402\" \/>\n\t<meta property=\"og:image:type\" content=\"image\/png\" \/>\n<meta name=\"twitter:card\" content=\"summary_large_image\" \/>\n<meta name=\"twitter:label1\" content=\"Tiempo estimado de lectura\" \/>\n\t<meta name=\"twitter:data1\" content=\"3 minutos\" \/>\n<script type=\"application\/ld+json\" class=\"yoast-schema-graph\">{\"@context\":\"https:\/\/schema.org\",\"@graph\":[{\"@type\":\"WebPage\",\"@id\":\"https:\/\/allwintheme.com\/product\/yoast-seo-premium\/\",\"url\":\"https:\/\/allwintheme.com\/product\/yoast-seo-premium\/\",\"name\":\"Yoast SEO Premium: Boost Your Website\u2019s Search Rankings - AllWin Theme \u2013 Free WordPress Themes Download\",\"isPartOf\":{\"@id\":\"https:\/\/allwintheme.com\/#website\"},\"primaryImageOfPage\":{\"@id\":\"https:\/\/allwintheme.com\/product\/yoast-seo-premium\/#primaryimage\"},\"image\":{\"@id\":\"https:\/\/allwintheme.com\/product\/yoast-seo-premium\/#primaryimage\"},\"thumbnailUrl\":\"https:\/\/allwintheme.com\/wp-content\/uploads\/2025\/09\/tz7ukw5r.png\",\"datePublished\":\"2025-09-11T11:37:13+00:00\",\"dateModified\":\"2025-09-25T14:15:39+00:00\",\"description\":\"Transform your site with Yoast SEO Premium! Drive high-quality traffic from search engines and social media with this powerful SEO plugin.\",\"breadcrumb\":{\"@id\":\"https:\/\/allwintheme.com\/product\/yoast-seo-premium\/#breadcrumb\"},\"inLanguage\":\"es-CL\",\"potentialAction\":[{\"@type\":\"ReadAction\",\"target\":[\"https:\/\/allwintheme.com\/product\/yoast-seo-premium\/\"]}]},{\"@type\":\"ImageObject\",\"inLanguage\":\"es-CL\",\"@id\":\"https:\/\/allwintheme.com\/product\/yoast-seo-premium\/#primaryimage\",\"url\":\"https:\/\/allwintheme.com\/wp-content\/uploads\/2025\/09\/tz7ukw5r.png\",\"contentUrl\":\"https:\/\/allwintheme.com\/wp-content\/uploads\/2025\/09\/tz7ukw5r.png\",\"width\":768,\"height\":402,\"caption\":\"Yoast SEO Premium\"},{\"@type\":\"BreadcrumbList\",\"@id\":\"https:\/\/allwintheme.com\/product\/yoast-seo-premium\/#breadcrumb\",\"itemListElement\":[{\"@type\":\"ListItem\",\"position\":1,\"name\":\"Home\",\"item\":\"https:\/\/allwintheme.com\/\"},{\"@type\":\"ListItem\",\"position\":2,\"name\":\"Shop\",\"item\":\"https:\/\/allwintheme.com\/shop\/\"},{\"@type\":\"ListItem\",\"position\":3,\"name\":\"Yoast SEO Premium: Boost Your Website\u2019s Search Rankings\"}]},{\"@type\":\"WebSite\",\"@id\":\"https:\/\/allwintheme.com\/#website\",\"url\":\"https:\/\/allwintheme.com\/\",\"name\":\"Allwintheme\",\"description\":\"Download free WordPress themes for every niche. Blogs, business, eCommerce, portfolio, restaurant and more. All themes are GPL licensed and mobile-ready.\",\"potentialAction\":[{\"@type\":\"SearchAction\",\"target\":{\"@type\":\"EntryPoint\",\"urlTemplate\":\"https:\/\/allwintheme.com\/?s={search_term_string}\"},\"query-input\":{\"@type\":\"PropertyValueSpecification\",\"valueRequired\":true,\"valueName\":\"search_term_string\"}}],\"inLanguage\":\"es-CL\"}]}<\/script>\n<!-- \/ Yoast SEO Premium plugin. -->","yoast_head_json":{"title":"Yoast SEO Premium: Boost Your Website\u2019s Search Rankings - AllWin Theme \u2013 Free WordPress Themes Download","description":"\u00a1Transforme su sitio web con Yoast SEO Premium! Dirige tr\u00e1fico de alta calidad desde los motores de b\u00fasqueda y las redes sociales con este potente plugin SEO.","robots":{"index":"index","follow":"follow","max-snippet":"max-snippet:-1","max-image-preview":"max-image-preview:large","max-video-preview":"max-video-preview:-1"},"canonical":"https:\/\/allwintheme.com\/es\/producto\/yoast-seo-premium\/","og_locale":"es_ES","og_type":"article","og_title":"Yoast SEO Premium: Boost Your Website\u2019s Search Rankings","og_description":"Transform your site with Yoast SEO Premium! Drive high-quality traffic from search engines and social media with this powerful SEO plugin.","og_url":"https:\/\/allwintheme.com\/es\/producto\/yoast-seo-premium\/","og_site_name":"AllWin Theme \u2013 Free WordPress Themes Download","article_modified_time":"2025-09-25T14:15:39+00:00","og_image":[{"width":768,"height":402,"url":"https:\/\/allwintheme.com\/wp-content\/uploads\/2025\/09\/tz7ukw5r.png","type":"image\/png"}],"twitter_card":"summary_large_image","twitter_misc":{"Tiempo estimado de lectura":"3 minutos"},"schema":{"@context":"https:\/\/schema.org","@graph":[{"@type":"WebPage","@id":"https:\/\/allwintheme.com\/product\/yoast-seo-premium\/","url":"https:\/\/allwintheme.com\/product\/yoast-seo-premium\/","name":"Yoast SEO Premium: Boost Your Website\u2019s Search Rankings - AllWin Theme \u2013 Free WordPress Themes Download","isPartOf":{"@id":"https:\/\/allwintheme.com\/#website"},"primaryImageOfPage":{"@id":"https:\/\/allwintheme.com\/product\/yoast-seo-premium\/#primaryimage"},"image":{"@id":"https:\/\/allwintheme.com\/product\/yoast-seo-premium\/#primaryimage"},"thumbnailUrl":"https:\/\/allwintheme.com\/wp-content\/uploads\/2025\/09\/tz7ukw5r.png","datePublished":"2025-09-11T11:37:13+00:00","dateModified":"2025-09-25T14:15:39+00:00","description":"\u00a1Transforme su sitio web con Yoast SEO Premium! Dirige tr\u00e1fico de alta calidad desde los motores de b\u00fasqueda y las redes sociales con este potente plugin SEO.","breadcrumb":{"@id":"https:\/\/allwintheme.com\/product\/yoast-seo-premium\/#breadcrumb"},"inLanguage":"es-CL","potentialAction":[{"@type":"ReadAction","target":["https:\/\/allwintheme.com\/product\/yoast-seo-premium\/"]}]},{"@type":"ImageObject","inLanguage":"es-CL","@id":"https:\/\/allwintheme.com\/product\/yoast-seo-premium\/#primaryimage","url":"https:\/\/allwintheme.com\/wp-content\/uploads\/2025\/09\/tz7ukw5r.png","contentUrl":"https:\/\/allwintheme.com\/wp-content\/uploads\/2025\/09\/tz7ukw5r.png","width":768,"height":402,"caption":"Yoast SEO Premium"},{"@type":"BreadcrumbList","@id":"https:\/\/allwintheme.com\/product\/yoast-seo-premium\/#breadcrumb","itemListElement":[{"@type":"ListItem","position":1,"name":"Home","item":"https:\/\/allwintheme.com\/"},{"@type":"ListItem","position":2,"name":"Shop","item":"https:\/\/allwintheme.com\/shop\/"},{"@type":"ListItem","position":3,"name":"Yoast SEO Premium: Boost Your Website\u2019s Search Rankings"}]},{"@type":"WebSite","@id":"https:\/\/allwintheme.com\/#website","url":"https:\/\/allwintheme.com\/","name":"Allwintheme","description":"Descarga gratis temas de WordPress para todos los nichos. Blogs, negocios, comercio electr\u00f3nico, portafolio, restaurante y m\u00e1s. Todos los temas tienen licencia GPL y est\u00e1n preparados para dispositivos m\u00f3viles.","potentialAction":[{"@type":"SearchAction","target":{"@type":"EntryPoint","urlTemplate":"https:\/\/allwintheme.com\/?s={search_term_string}"},"query-input":{"@type":"PropertyValueSpecification","valueRequired":true,"valueName":"search_term_string"}}],"inLanguage":"es-CL"}]}},"_links":{"self":[{"href":"https:\/\/allwintheme.com\/es\/wp-json\/wp\/v2\/product\/6489","targetHints":{"allow":["GET"]}}],"collection":[{"href":"https:\/\/allwintheme.com\/es\/wp-json\/wp\/v2\/product"}],"about":[{"href":"https:\/\/allwintheme.com\/es\/wp-json\/wp\/v2\/types\/product"}],"replies":[{"embeddable":true,"href":"https:\/\/allwintheme.com\/es\/wp-json\/wp\/v2\/comments?post=6489"}],"version-history":[{"count":0,"href":"https:\/\/allwintheme.com\/es\/wp-json\/wp\/v2\/product\/6489\/revisions"}],"wp:featuredmedia":[{"embeddable":true,"href":"https:\/\/allwintheme.com\/es\/wp-json\/wp\/v2\/media\/6490"}],"wp:attachment":[{"href":"https:\/\/allwintheme.com\/es\/wp-json\/wp\/v2\/media?parent=6489"}],"wp:term":[{"taxonomy":"product_brand","embeddable":true,"href":"https:\/\/allwintheme.com\/es\/wp-json\/wp\/v2\/product_brand?post=6489"},{"taxonomy":"product_cat","embeddable":true,"href":"https:\/\/allwintheme.com\/es\/wp-json\/wp\/v2\/product_cat?post=6489"},{"taxonomy":"product_tag","embeddable":true,"href":"https:\/\/allwintheme.com\/es\/wp-json\/wp\/v2\/product_tag?post=6489"}],"curies":[{"name":"wp","href":"https:\/\/api.w.org\/{rel}","templated":true}]}}