{"id":6659,"date":"2025-09-12T01:29:36","date_gmt":"2025-09-12T01:29:36","guid":{"rendered":"https:\/\/allwintheme.com\/?post_type=product&#038;p=6659"},"modified":"2025-09-12T01:41:39","modified_gmt":"2025-09-12T01:41:39","slug":"webrocket-seo-agencia-de-marketing-digital-elementor-template-kit","status":"publish","type":"product","link":"https:\/\/allwintheme.com\/es\/producto\/webrocket-seo-agencia-de-marketing-digital-elementor-template-kit\/","title":{"rendered":"Kit de plantillas de SEO y marketing digital Webrocket"},"content":{"rendered":"<div data-elementor-type=\"wp-post\" data-elementor-id=\"6659\" class=\"elementor elementor-6659\" data-elementor-settings=\"{&quot;element_pack_global_tooltip_width&quot;:{&quot;unit&quot;:&quot;px&quot;,&quot;size&quot;:&quot;&quot;,&quot;sizes&quot;:[]},&quot;element_pack_global_tooltip_width_tablet&quot;:{&quot;unit&quot;:&quot;px&quot;,&quot;size&quot;:&quot;&quot;,&quot;sizes&quot;:[]},&quot;element_pack_global_tooltip_width_mobile&quot;:{&quot;unit&quot;:&quot;px&quot;,&quot;size&quot;:&quot;&quot;,&quot;sizes&quot;:[]},&quot;element_pack_global_tooltip_padding&quot;:{&quot;unit&quot;:&quot;px&quot;,&quot;top&quot;:&quot;&quot;,&quot;right&quot;:&quot;&quot;,&quot;bottom&quot;:&quot;&quot;,&quot;left&quot;:&quot;&quot;,&quot;isLinked&quot;:true},&quot;element_pack_global_tooltip_padding_tablet&quot;:{&quot;unit&quot;:&quot;px&quot;,&quot;top&quot;:&quot;&quot;,&quot;right&quot;:&quot;&quot;,&quot;bottom&quot;:&quot;&quot;,&quot;left&quot;:&quot;&quot;,&quot;isLinked&quot;:true},&quot;element_pack_global_tooltip_padding_mobile&quot;:{&quot;unit&quot;:&quot;px&quot;,&quot;top&quot;:&quot;&quot;,&quot;right&quot;:&quot;&quot;,&quot;bottom&quot;:&quot;&quot;,&quot;left&quot;:&quot;&quot;,&quot;isLinked&quot;:true},&quot;element_pack_global_tooltip_border_radius&quot;:{&quot;unit&quot;:&quot;px&quot;,&quot;top&quot;:&quot;&quot;,&quot;right&quot;:&quot;&quot;,&quot;bottom&quot;:&quot;&quot;,&quot;left&quot;:&quot;&quot;,&quot;isLinked&quot;:true},&quot;element_pack_global_tooltip_border_radius_tablet&quot;:{&quot;unit&quot;:&quot;px&quot;,&quot;top&quot;:&quot;&quot;,&quot;right&quot;:&quot;&quot;,&quot;bottom&quot;:&quot;&quot;,&quot;left&quot;:&quot;&quot;,&quot;isLinked&quot;:true},&quot;element_pack_global_tooltip_border_radius_mobile&quot;:{&quot;unit&quot;:&quot;px&quot;,&quot;top&quot;:&quot;&quot;,&quot;right&quot;:&quot;&quot;,&quot;bottom&quot;:&quot;&quot;,&quot;left&quot;:&quot;&quot;,&quot;isLinked&quot;:true}}\" data-elementor-post-type=\"product\">\n\t\t\t\t<div class=\"elementor-element elementor-element-93aa4a8 e-con-full e-flex e-con e-parent\" data-id=\"93aa4a8\" data-element_type=\"container\" data-e-type=\"container\">\n\t\t\t\t<div class=\"elementor-element elementor-element-2c3f760 miaoshu elementor-widget elementor-widget-wd_text_block\" data-id=\"2c3f760\" data-element_type=\"widget\" data-e-type=\"widget\" data-widget_type=\"wd_text_block.default\">\n\t\t\t\t<div class=\"elementor-widget-container\">\n\t\t\t\t\t\t\t<div class=\"wd-text-block reset-last-child text-left\">\n\t\t\t\n\t\t\t<h2>Webrocket: Su soluci\u00f3n definitiva de SEO y marketing digital<\/h2>\n<p>\u00bfDesea crear un sitio web impresionante y profesional para su agencia de SEO o marketing digital sin escribir una sola l\u00ednea de c\u00f3digo? <strong>Webrocket - SEO &amp; Digital Marketing Agency Elementor Template Kit<\/strong> es la soluci\u00f3n perfecta. Dise\u00f1ado para agencias que desean mejorar su presencia en l\u00ednea, Webrocket ofrece un dise\u00f1o moderno, limpio y totalmente personalizable que es responsive y retina-ready.<\/p>\n\n<h3>\u00bfPor qu\u00e9 elegir Webrocket?<\/h3>\n<p>Webrocket est\u00e1 repleto de funciones que te ayudar\u00e1n a crear un sitio web profesional sin esfuerzo. Con m\u00e1s de 20 plantillas cuidadosamente dise\u00f1adas, este kit de plantillas Elementor es ideal para mostrar servicios como auditor\u00edas SEO, investigaci\u00f3n de palabras clave, publicidad PPC, estrategia digital y optimizaci\u00f3n de sitios web. Tanto si eres una agencia experimentada como una startup que busca causar impacto, Webrocket te ofrece todo lo que necesitas para crear un sitio web atractivo y funcional.<\/p>\n\n<h3>Caracter\u00edsticas principales<\/h3>\n<ul>\n    <li><strong>20+ Plantillas listas para usar<\/strong>: Incluye Inicio, Servicios, Acerca de, Precios, Equipo, Preguntas frecuentes, Contacto y mucho m\u00e1s, todo dise\u00f1ado para ahorrarle tiempo.<\/li>\n    <li><strong>Dise\u00f1o totalmente adaptable<\/strong>: Su sitio web tendr\u00e1 un aspecto impecable en cualquier dispositivo, desde ordenadores de sobremesa hasta tel\u00e9fonos m\u00f3viles.<\/li>\n    <li><strong>Im\u00e1genes preparadas para Retina<\/strong>: Los gr\u00e1ficos n\u00edtidos y de alta calidad garantizan una experiencia de usuario de primera.<\/li>\n    <li><strong>F\u00e1cil personalizaci\u00f3n<\/strong>: No necesitas conocimientos de programaci\u00f3n: personaliza dise\u00f1os, colores y contenidos con la interfaz de arrastrar y soltar de Elementor.<\/li>\n    <li><strong>Compatibilidad entre navegadores<\/strong>: Funciona perfectamente en Chrome, Firefox, Safari y Opera.<\/li>\n    <li><strong>Funciones mejoradas<\/strong>: Viene con plugins para mejorar el rendimiento de su sitio y la participaci\u00f3n de los usuarios.<\/li>\n<\/ul>\n\n<h3>Perfecto para cualquier agencia digital<\/h3>\n<p>Webrocket est\u00e1 dise\u00f1ado para agencias de SEO y marketing digital, pero es lo suficientemente flexible para cualquier empresa que desee establecer una s\u00f3lida presencia en l\u00ednea. Destaca tus servicios, muestra estudios de casos, presenta a tu equipo y comparte testimonios de clientes con dise\u00f1os profesionales, creativos y atractivos.<\/p>\n\n<h3>Empiece hoy mismo con Webrocket<\/h3>\n<p>\u00bfListo para llevar el sitio web de tu agencia al siguiente nivel? Con Webrocket, est\u00e1 a s\u00f3lo un clic de crear un sitio web profesional y de gran impacto. Desc\u00e1rgalo ahora y empieza a crear un sitio que atraiga y fidelice a tus clientes sin esfuerzo.<\/p>\n\t\t\t\t\t<\/div>\n\t\t\t\t\t\t<\/div>\n\t\t\t\t<\/div>\n\t\t\t\t<\/div>\n\t\t\t\t<\/div>","protected":false},"excerpt":{"rendered":"<p>Webrocket: Your Ultimate SEO &amp; Digital Marketing Solution Looking to create a stunning, professional website for your SEO or digital<\/p>","protected":false},"featured_media":6636,"comment_status":"open","ping_status":"closed","template":"","meta":{"_acf_changed":false},"product_brand":[],"product_cat":[50],"product_tag":[],"class_list":{"0":"post-6659","1":"product","2":"type-product","3":"status-publish","4":"has-post-thumbnail","6":"product_cat-template-kits","8":"first","9":"instock","10":"sale","11":"downloadable","12":"shipping-taxable","13":"purchasable","14":"product-type-simple"},"acf":[],"yoast_head":"<!-- This site is optimized with the Yoast SEO Premium plugin v25.6 (Yoast SEO v27.1.1) - https:\/\/yoast.com\/product\/yoast-seo-premium-wordpress\/ -->\n<title>Webrocket SEO &amp; Digital Marketing Template Kit - AllWin Theme \u2013 Free WordPress Themes Download<\/title>\n<meta name=\"description\" content=\"Boost your agency&#039;s online presence with Webrocket, a modern Elementor Template Kit. Fully responsive, customizable, no coding needed. 20+ templates included.\" \/>\n<meta name=\"robots\" content=\"index, follow, max-snippet:-1, max-image-preview:large, max-video-preview:-1\" \/>\n<link rel=\"canonical\" href=\"https:\/\/allwintheme.com\/es\/producto\/webrocket-seo-agencia-de-marketing-digital-elementor-template-kit\/\" \/>\n<meta property=\"og:locale\" content=\"es_ES\" \/>\n<meta property=\"og:type\" content=\"article\" \/>\n<meta property=\"og:title\" content=\"Webrocket SEO &amp; Digital Marketing Template Kit\" \/>\n<meta property=\"og:description\" content=\"Boost your agency&#039;s online presence with Webrocket, a modern Elementor Template Kit. Fully responsive, customizable, no coding needed. 20+ templates included.\" \/>\n<meta property=\"og:url\" content=\"https:\/\/allwintheme.com\/es\/producto\/webrocket-seo-agencia-de-marketing-digital-elementor-template-kit\/\" \/>\n<meta property=\"og:site_name\" content=\"AllWin Theme \u2013 Free WordPress Themes Download\" \/>\n<meta property=\"article:modified_time\" content=\"2025-09-12T01:41:39+00:00\" \/>\n<meta property=\"og:image\" content=\"https:\/\/allwintheme.com\/wp-content\/uploads\/2025\/09\/132h9ibe.png\" \/>\n\t<meta property=\"og:image:width\" content=\"768\" \/>\n\t<meta property=\"og:image:height\" content=\"512\" \/>\n\t<meta property=\"og:image:type\" content=\"image\/png\" \/>\n<meta name=\"twitter:card\" content=\"summary_large_image\" \/>\n<meta name=\"twitter:label1\" content=\"Tiempo estimado de lectura\" \/>\n\t<meta name=\"twitter:data1\" content=\"2 minutos\" \/>\n<script type=\"application\/ld+json\" class=\"yoast-schema-graph\">{\"@context\":\"https:\/\/schema.org\",\"@graph\":[{\"@type\":\"WebPage\",\"@id\":\"https:\/\/allwintheme.com\/product\/webrocket-seo-digital-marketing-agency-elementor-template-kit\/\",\"url\":\"https:\/\/allwintheme.com\/product\/webrocket-seo-digital-marketing-agency-elementor-template-kit\/\",\"name\":\"Webrocket SEO & Digital Marketing Template Kit - AllWin Theme \u2013 Free WordPress Themes Download\",\"isPartOf\":{\"@id\":\"https:\/\/allwintheme.com\/#website\"},\"primaryImageOfPage\":{\"@id\":\"https:\/\/allwintheme.com\/product\/webrocket-seo-digital-marketing-agency-elementor-template-kit\/#primaryimage\"},\"image\":{\"@id\":\"https:\/\/allwintheme.com\/product\/webrocket-seo-digital-marketing-agency-elementor-template-kit\/#primaryimage\"},\"thumbnailUrl\":\"https:\/\/allwintheme.com\/wp-content\/uploads\/2025\/09\/132h9ibe.png\",\"datePublished\":\"2025-09-12T01:29:36+00:00\",\"dateModified\":\"2025-09-12T01:41:39+00:00\",\"description\":\"Boost your agency's online presence with Webrocket, a modern Elementor Template Kit. Fully responsive, customizable, no coding needed. 20+ templates included.\",\"breadcrumb\":{\"@id\":\"https:\/\/allwintheme.com\/product\/webrocket-seo-digital-marketing-agency-elementor-template-kit\/#breadcrumb\"},\"inLanguage\":\"es-CL\",\"potentialAction\":[{\"@type\":\"ReadAction\",\"target\":[\"https:\/\/allwintheme.com\/product\/webrocket-seo-digital-marketing-agency-elementor-template-kit\/\"]}]},{\"@type\":\"ImageObject\",\"inLanguage\":\"es-CL\",\"@id\":\"https:\/\/allwintheme.com\/product\/webrocket-seo-digital-marketing-agency-elementor-template-kit\/#primaryimage\",\"url\":\"https:\/\/allwintheme.com\/wp-content\/uploads\/2025\/09\/132h9ibe.png\",\"contentUrl\":\"https:\/\/allwintheme.com\/wp-content\/uploads\/2025\/09\/132h9ibe.png\",\"width\":768,\"height\":512,\"caption\":\"Webrocket \u2013 SEO & Digital Marketing Agency Elementor Template Kit\"},{\"@type\":\"BreadcrumbList\",\"@id\":\"https:\/\/allwintheme.com\/product\/webrocket-seo-digital-marketing-agency-elementor-template-kit\/#breadcrumb\",\"itemListElement\":[{\"@type\":\"ListItem\",\"position\":1,\"name\":\"Home\",\"item\":\"https:\/\/allwintheme.com\/\"},{\"@type\":\"ListItem\",\"position\":2,\"name\":\"Shop\",\"item\":\"https:\/\/allwintheme.com\/shop\/\"},{\"@type\":\"ListItem\",\"position\":3,\"name\":\"Webrocket SEO &#038; Digital Marketing Template Kit\"}]},{\"@type\":\"WebSite\",\"@id\":\"https:\/\/allwintheme.com\/#website\",\"url\":\"https:\/\/allwintheme.com\/\",\"name\":\"Allwintheme\",\"description\":\"Download free WordPress themes for every niche. Blogs, business, eCommerce, portfolio, restaurant and more. All themes are GPL licensed and mobile-ready.\",\"potentialAction\":[{\"@type\":\"SearchAction\",\"target\":{\"@type\":\"EntryPoint\",\"urlTemplate\":\"https:\/\/allwintheme.com\/?s={search_term_string}\"},\"query-input\":{\"@type\":\"PropertyValueSpecification\",\"valueRequired\":true,\"valueName\":\"search_term_string\"}}],\"inLanguage\":\"es-CL\"}]}<\/script>\n<!-- \/ Yoast SEO Premium plugin. -->","yoast_head_json":{"title":"Webrocket SEO & Digital Marketing Template Kit - AllWin Theme \u2013 Free WordPress Themes Download","description":"Impulsa la presencia online de tu agencia con Webrocket, un moderno kit de plantillas Elementor. Totalmente responsive, personalizable, sin necesidad de c\u00f3digo. M\u00e1s de 20 plantillas incluidas.","robots":{"index":"index","follow":"follow","max-snippet":"max-snippet:-1","max-image-preview":"max-image-preview:large","max-video-preview":"max-video-preview:-1"},"canonical":"https:\/\/allwintheme.com\/es\/producto\/webrocket-seo-agencia-de-marketing-digital-elementor-template-kit\/","og_locale":"es_ES","og_type":"article","og_title":"Webrocket SEO & Digital Marketing Template Kit","og_description":"Boost your agency's online presence with Webrocket, a modern Elementor Template Kit. Fully responsive, customizable, no coding needed. 20+ templates included.","og_url":"https:\/\/allwintheme.com\/es\/producto\/webrocket-seo-agencia-de-marketing-digital-elementor-template-kit\/","og_site_name":"AllWin Theme \u2013 Free WordPress Themes Download","article_modified_time":"2025-09-12T01:41:39+00:00","og_image":[{"width":768,"height":512,"url":"https:\/\/allwintheme.com\/wp-content\/uploads\/2025\/09\/132h9ibe.png","type":"image\/png"}],"twitter_card":"summary_large_image","twitter_misc":{"Tiempo estimado de lectura":"2 minutos"},"schema":{"@context":"https:\/\/schema.org","@graph":[{"@type":"WebPage","@id":"https:\/\/allwintheme.com\/product\/webrocket-seo-digital-marketing-agency-elementor-template-kit\/","url":"https:\/\/allwintheme.com\/product\/webrocket-seo-digital-marketing-agency-elementor-template-kit\/","name":"Webrocket SEO & Digital Marketing Template Kit - AllWin Theme \u2013 Free WordPress Themes Download","isPartOf":{"@id":"https:\/\/allwintheme.com\/#website"},"primaryImageOfPage":{"@id":"https:\/\/allwintheme.com\/product\/webrocket-seo-digital-marketing-agency-elementor-template-kit\/#primaryimage"},"image":{"@id":"https:\/\/allwintheme.com\/product\/webrocket-seo-digital-marketing-agency-elementor-template-kit\/#primaryimage"},"thumbnailUrl":"https:\/\/allwintheme.com\/wp-content\/uploads\/2025\/09\/132h9ibe.png","datePublished":"2025-09-12T01:29:36+00:00","dateModified":"2025-09-12T01:41:39+00:00","description":"Impulsa la presencia online de tu agencia con Webrocket, un moderno kit de plantillas Elementor. Totalmente responsive, personalizable, sin necesidad de c\u00f3digo. M\u00e1s de 20 plantillas incluidas.","breadcrumb":{"@id":"https:\/\/allwintheme.com\/product\/webrocket-seo-digital-marketing-agency-elementor-template-kit\/#breadcrumb"},"inLanguage":"es-CL","potentialAction":[{"@type":"ReadAction","target":["https:\/\/allwintheme.com\/product\/webrocket-seo-digital-marketing-agency-elementor-template-kit\/"]}]},{"@type":"ImageObject","inLanguage":"es-CL","@id":"https:\/\/allwintheme.com\/product\/webrocket-seo-digital-marketing-agency-elementor-template-kit\/#primaryimage","url":"https:\/\/allwintheme.com\/wp-content\/uploads\/2025\/09\/132h9ibe.png","contentUrl":"https:\/\/allwintheme.com\/wp-content\/uploads\/2025\/09\/132h9ibe.png","width":768,"height":512,"caption":"Webrocket \u2013 SEO & Digital Marketing Agency Elementor Template Kit"},{"@type":"BreadcrumbList","@id":"https:\/\/allwintheme.com\/product\/webrocket-seo-digital-marketing-agency-elementor-template-kit\/#breadcrumb","itemListElement":[{"@type":"ListItem","position":1,"name":"Home","item":"https:\/\/allwintheme.com\/"},{"@type":"ListItem","position":2,"name":"Shop","item":"https:\/\/allwintheme.com\/shop\/"},{"@type":"ListItem","position":3,"name":"Webrocket SEO &#038; Digital Marketing Template Kit"}]},{"@type":"WebSite","@id":"https:\/\/allwintheme.com\/#website","url":"https:\/\/allwintheme.com\/","name":"Allwintheme","description":"Descarga gratis temas de WordPress para todos los nichos. Blogs, negocios, comercio electr\u00f3nico, portafolio, restaurante y m\u00e1s. Todos los temas tienen licencia GPL y est\u00e1n preparados para dispositivos m\u00f3viles.","potentialAction":[{"@type":"SearchAction","target":{"@type":"EntryPoint","urlTemplate":"https:\/\/allwintheme.com\/?s={search_term_string}"},"query-input":{"@type":"PropertyValueSpecification","valueRequired":true,"valueName":"search_term_string"}}],"inLanguage":"es-CL"}]}},"_links":{"self":[{"href":"https:\/\/allwintheme.com\/es\/wp-json\/wp\/v2\/product\/6659","targetHints":{"allow":["GET"]}}],"collection":[{"href":"https:\/\/allwintheme.com\/es\/wp-json\/wp\/v2\/product"}],"about":[{"href":"https:\/\/allwintheme.com\/es\/wp-json\/wp\/v2\/types\/product"}],"replies":[{"embeddable":true,"href":"https:\/\/allwintheme.com\/es\/wp-json\/wp\/v2\/comments?post=6659"}],"version-history":[{"count":0,"href":"https:\/\/allwintheme.com\/es\/wp-json\/wp\/v2\/product\/6659\/revisions"}],"wp:featuredmedia":[{"embeddable":true,"href":"https:\/\/allwintheme.com\/es\/wp-json\/wp\/v2\/media\/6636"}],"wp:attachment":[{"href":"https:\/\/allwintheme.com\/es\/wp-json\/wp\/v2\/media?parent=6659"}],"wp:term":[{"taxonomy":"product_brand","embeddable":true,"href":"https:\/\/allwintheme.com\/es\/wp-json\/wp\/v2\/product_brand?post=6659"},{"taxonomy":"product_cat","embeddable":true,"href":"https:\/\/allwintheme.com\/es\/wp-json\/wp\/v2\/product_cat?post=6659"},{"taxonomy":"product_tag","embeddable":true,"href":"https:\/\/allwintheme.com\/es\/wp-json\/wp\/v2\/product_tag?post=6659"}],"curies":[{"name":"wp","href":"https:\/\/api.w.org\/{rel}","templated":true}]}}