{"id":6768,"date":"2025-09-12T13:38:49","date_gmt":"2025-09-12T13:38:49","guid":{"rendered":"https:\/\/allwintheme.com\/?post_type=product&#038;p=6768"},"modified":"2025-10-14T13:36:52","modified_gmt":"2025-10-14T13:36:52","slug":"sitios-astra-premium","status":"publish","type":"product","link":"https:\/\/allwintheme.com\/es\/producto\/sitios-astra-premium\/","title":{"rendered":"Astra Premium Sites - Plantillas optimizadas para la conversi\u00f3n"},"content":{"rendered":"<div data-elementor-type=\"wp-post\" data-elementor-id=\"6768\" class=\"elementor elementor-6768\" data-elementor-settings=\"{&quot;element_pack_global_tooltip_width&quot;:{&quot;unit&quot;:&quot;px&quot;,&quot;size&quot;:&quot;&quot;,&quot;sizes&quot;:[]},&quot;element_pack_global_tooltip_width_tablet&quot;:{&quot;unit&quot;:&quot;px&quot;,&quot;size&quot;:&quot;&quot;,&quot;sizes&quot;:[]},&quot;element_pack_global_tooltip_width_mobile&quot;:{&quot;unit&quot;:&quot;px&quot;,&quot;size&quot;:&quot;&quot;,&quot;sizes&quot;:[]},&quot;element_pack_global_tooltip_padding&quot;:{&quot;unit&quot;:&quot;px&quot;,&quot;top&quot;:&quot;&quot;,&quot;right&quot;:&quot;&quot;,&quot;bottom&quot;:&quot;&quot;,&quot;left&quot;:&quot;&quot;,&quot;isLinked&quot;:true},&quot;element_pack_global_tooltip_padding_tablet&quot;:{&quot;unit&quot;:&quot;px&quot;,&quot;top&quot;:&quot;&quot;,&quot;right&quot;:&quot;&quot;,&quot;bottom&quot;:&quot;&quot;,&quot;left&quot;:&quot;&quot;,&quot;isLinked&quot;:true},&quot;element_pack_global_tooltip_padding_mobile&quot;:{&quot;unit&quot;:&quot;px&quot;,&quot;top&quot;:&quot;&quot;,&quot;right&quot;:&quot;&quot;,&quot;bottom&quot;:&quot;&quot;,&quot;left&quot;:&quot;&quot;,&quot;isLinked&quot;:true},&quot;element_pack_global_tooltip_border_radius&quot;:{&quot;unit&quot;:&quot;px&quot;,&quot;top&quot;:&quot;&quot;,&quot;right&quot;:&quot;&quot;,&quot;bottom&quot;:&quot;&quot;,&quot;left&quot;:&quot;&quot;,&quot;isLinked&quot;:true},&quot;element_pack_global_tooltip_border_radius_tablet&quot;:{&quot;unit&quot;:&quot;px&quot;,&quot;top&quot;:&quot;&quot;,&quot;right&quot;:&quot;&quot;,&quot;bottom&quot;:&quot;&quot;,&quot;left&quot;:&quot;&quot;,&quot;isLinked&quot;:true},&quot;element_pack_global_tooltip_border_radius_mobile&quot;:{&quot;unit&quot;:&quot;px&quot;,&quot;top&quot;:&quot;&quot;,&quot;right&quot;:&quot;&quot;,&quot;bottom&quot;:&quot;&quot;,&quot;left&quot;:&quot;&quot;,&quot;isLinked&quot;:true}}\" data-elementor-post-type=\"product\">\n\t\t\t\t<div class=\"elementor-element elementor-element-93aa4a8 e-con-full e-flex e-con e-parent\" data-id=\"93aa4a8\" data-element_type=\"container\" data-e-type=\"container\">\n\t\t\t\t<div class=\"elementor-element elementor-element-2c3f760 miaoshu elementor-widget elementor-widget-wd_text_block\" data-id=\"2c3f760\" data-element_type=\"widget\" data-e-type=\"widget\" data-widget_type=\"wd_text_block.default\">\n\t\t\t\t<div class=\"elementor-widget-container\">\n\t\t\t\t\t\t\t<div class=\"wd-text-block reset-last-child text-left\">\n\t\t\t\n\t\t\t<h2>Astra Premium Sites - Soluci\u00f3n de plantillas optimizada para la conversi\u00f3n<\/h2>\n<p>Mejore la creaci\u00f3n de su sitio web con <strong>Astra Sitios Premium<\/strong>Astra Premium Sites es una potente colecci\u00f3n de plantillas predise\u00f1adas y optimizadas para la conversi\u00f3n, creadas para el tema Astra y sus creadores de p\u00e1ginas favoritos. Tanto si eres propietario de un negocio como si te dedicas al marketing o al desarrollo, Astra Premium Sites facilita la creaci\u00f3n de sitios web impresionantes y de alto rendimiento con solo unos clics.<\/p>\n\n<h3>\u00bfPor qu\u00e9 elegir Astra Sitios Premium?<\/h3>\n<p>Astra Premium Sites ofrece una forma sencilla de crear sitios web profesionales sin empezar desde cero. Con una amplia biblioteca de plantillas de dise\u00f1o atractivo, puede importar y personalizar r\u00e1pidamente un sitio para que coincida con la visi\u00f3n de su marca. Estas plantillas est\u00e1n dise\u00f1adas para maximizar las conversiones, mejorar la experiencia del usuario y ofrecer un aspecto pulido y moderno que cautive a su p\u00fablico.<\/p>\n\n<h3>Caracter\u00edsticas principales<\/h3>\n<ul>\n    <li><strong>Amplia biblioteca de plantillas:<\/strong> Elija entre una variada colecci\u00f3n de plantillas de dise\u00f1o profesional listas para usar.<\/li>\n    <li><strong>Importaci\u00f3n con un solo clic:<\/strong> Importe plantillas de inicio sin esfuerzo y empiece a personalizarlas en cuesti\u00f3n de minutos.<\/li>\n    <li><strong>Compatibilidad con Page Builder:<\/strong> Funciona a la perfecci\u00f3n con constructores de p\u00e1ginas populares como Elementor, Beaver Builder, Brizy y Gutenberg Editor.<\/li>\n    <li><strong>Dise\u00f1o optimizado para la conversi\u00f3n:<\/strong> Las plantillas est\u00e1n dise\u00f1adas estrat\u00e9gicamente para aumentar las conversiones y mejorar la participaci\u00f3n de los usuarios.<\/li>\n    <li><strong>F\u00e1cil personalizaci\u00f3n:<\/strong> Adapte cada plantilla al estilo y las necesidades de su marca con total flexibilidad.<\/li>\n<\/ul>\n\n<h3>Ventajas de los sitios Astra Premium<\/h3>\n<ul>\n    <li><strong>Soluci\u00f3n que ahorra tiempo:<\/strong> Lance sitios web profesionales r\u00e1pidamente sin la molestia de tener que construirlos desde cero.<\/li>\n    <li><strong>Control creativo total:<\/strong> Personalice las plantillas para que se ajusten perfectamente a la identidad y los objetivos de su marca.<\/li>\n    <li><strong>Amplia compatibilidad:<\/strong> Utilice su constructor de p\u00e1ginas preferido para disfrutar de una experiencia de dise\u00f1o \u00e1gil y familiar.<\/li>\n    <li><strong>Resultados de alta calidad:<\/strong> Cree sitios web visualmente impactantes y orientados a la conversi\u00f3n que conviertan a los visitantes en clientes.<\/li>\n<\/ul>\n\n<h3>Perfecto para<\/h3>\n<p>Astra Premium Sites es ideal para:<\/p>\n<ul>\n    <li>Empresas que buscan una presencia profesional en Internet<\/li>\n    <li>Los profesionales del marketing quieren impulsar las conversiones<\/li>\n    <li>Desarrolladores que buscan soluciones flexibles y listas para usar<\/li>\n    <li>Cualquiera que desee un sitio web moderno y f\u00e1cil de usar<\/li>\n<\/ul>\n\n<h3>Empezar a utilizar Astra Premium Sites<\/h3>\n<p>Lleve su sitio web al siguiente nivel con Astra Premium Sites. Con sus plantillas optimizadas para la conversi\u00f3n, f\u00e1cil personalizaci\u00f3n y compatibilidad con los mejores constructores de p\u00e1ginas, puede crear un sitio web profesional y de alto rendimiento en muy poco tiempo. Empiece a crear hoy mismo y compruebe la diferencia.<\/p>\n\t\t\t\t\t<\/div>\n\t\t\t\t\t\t<\/div>\n\t\t\t\t<\/div>\n\t\t\t\t<\/div>\n\t\t\t\t<\/div>","protected":false},"excerpt":{"rendered":"<p>Astra Premium Sites - Soluci\u00f3n de plantillas optimizadas para la conversi\u00f3n Mejore la creaci\u00f3n de su sitio web con Astra Premium Sites, una potente colecci\u00f3n de sitios predise\u00f1ados,<\/p>","protected":false},"featured_media":6769,"comment_status":"open","ping_status":"closed","template":"","meta":{"_acf_changed":false},"product_brand":[],"product_cat":[49],"product_tag":[],"class_list":{"0":"post-6768","1":"product","2":"type-product","3":"status-publish","4":"has-post-thumbnail","6":"product_cat-plugins","8":"first","9":"instock","10":"sale","11":"downloadable","12":"shipping-taxable","13":"purchasable","14":"product-type-simple"},"acf":[],"yoast_head":"<!-- This site is optimized with the Yoast SEO Premium plugin v25.6 (Yoast SEO v27.1.1) - https:\/\/yoast.com\/product\/yoast-seo-premium-wordpress\/ -->\n<title>Astra Premium Sites - Conversion-Optimized Templates - AllWin Theme \u2013 Free WordPress Themes Download<\/title>\n<meta name=\"description\" content=\"Build professional websites fast with Astra Premium Sites. Import pre-designed, conversion-optimized templates and customize with Elementor, Beaver Builder, and more.\" \/>\n<meta name=\"robots\" content=\"index, follow, max-snippet:-1, max-image-preview:large, max-video-preview:-1\" \/>\n<link rel=\"canonical\" href=\"https:\/\/allwintheme.com\/es\/producto\/sitios-astra-premium\/\" \/>\n<meta property=\"og:locale\" content=\"es_ES\" \/>\n<meta property=\"og:type\" content=\"article\" \/>\n<meta property=\"og:title\" content=\"Astra Premium Sites - Conversion-Optimized Templates\" \/>\n<meta property=\"og:description\" content=\"Build professional websites fast with Astra Premium Sites. Import pre-designed, conversion-optimized templates and customize with Elementor, Beaver Builder, and more.\" \/>\n<meta property=\"og:url\" content=\"https:\/\/allwintheme.com\/es\/producto\/sitios-astra-premium\/\" \/>\n<meta property=\"og:site_name\" content=\"AllWin Theme \u2013 Free WordPress Themes Download\" \/>\n<meta property=\"article:modified_time\" content=\"2025-10-14T13:36:52+00:00\" \/>\n<meta property=\"og:image\" content=\"https:\/\/allwintheme.com\/wp-content\/uploads\/2025\/09\/0re8y0ue.png\" \/>\n\t<meta property=\"og:image:width\" content=\"590\" \/>\n\t<meta property=\"og:image:height\" content=\"300\" \/>\n\t<meta property=\"og:image:type\" content=\"image\/png\" \/>\n<meta name=\"twitter:card\" content=\"summary_large_image\" \/>\n<meta name=\"twitter:label1\" content=\"Tiempo estimado de lectura\" \/>\n\t<meta name=\"twitter:data1\" content=\"2 minutos\" \/>\n<script type=\"application\/ld+json\" class=\"yoast-schema-graph\">{\"@context\":\"https:\/\/schema.org\",\"@graph\":[{\"@type\":\"WebPage\",\"@id\":\"https:\/\/allwintheme.com\/product\/astra-premium-sites\/\",\"url\":\"https:\/\/allwintheme.com\/product\/astra-premium-sites\/\",\"name\":\"Astra Premium Sites - Conversion-Optimized Templates - AllWin Theme \u2013 Free WordPress Themes Download\",\"isPartOf\":{\"@id\":\"https:\/\/allwintheme.com\/#website\"},\"primaryImageOfPage\":{\"@id\":\"https:\/\/allwintheme.com\/product\/astra-premium-sites\/#primaryimage\"},\"image\":{\"@id\":\"https:\/\/allwintheme.com\/product\/astra-premium-sites\/#primaryimage\"},\"thumbnailUrl\":\"https:\/\/allwintheme.com\/wp-content\/uploads\/2025\/09\/0re8y0ue.png\",\"datePublished\":\"2025-09-12T13:38:49+00:00\",\"dateModified\":\"2025-10-14T13:36:52+00:00\",\"description\":\"Build professional websites fast with Astra Premium Sites. Import pre-designed, conversion-optimized templates and customize with Elementor, Beaver Builder, and more.\",\"breadcrumb\":{\"@id\":\"https:\/\/allwintheme.com\/product\/astra-premium-sites\/#breadcrumb\"},\"inLanguage\":\"es-CL\",\"potentialAction\":[{\"@type\":\"ReadAction\",\"target\":[\"https:\/\/allwintheme.com\/product\/astra-premium-sites\/\"]}]},{\"@type\":\"ImageObject\",\"inLanguage\":\"es-CL\",\"@id\":\"https:\/\/allwintheme.com\/product\/astra-premium-sites\/#primaryimage\",\"url\":\"https:\/\/allwintheme.com\/wp-content\/uploads\/2025\/09\/0re8y0ue.png\",\"contentUrl\":\"https:\/\/allwintheme.com\/wp-content\/uploads\/2025\/09\/0re8y0ue.png\",\"width\":590,\"height\":300,\"caption\":\"Astra Premium Sites\"},{\"@type\":\"BreadcrumbList\",\"@id\":\"https:\/\/allwintheme.com\/product\/astra-premium-sites\/#breadcrumb\",\"itemListElement\":[{\"@type\":\"ListItem\",\"position\":1,\"name\":\"Home\",\"item\":\"https:\/\/allwintheme.com\/\"},{\"@type\":\"ListItem\",\"position\":2,\"name\":\"Shop\",\"item\":\"https:\/\/allwintheme.com\/shop\/\"},{\"@type\":\"ListItem\",\"position\":3,\"name\":\"Astra Premium Sites &#8211; Conversion-Optimized Templates\"}]},{\"@type\":\"WebSite\",\"@id\":\"https:\/\/allwintheme.com\/#website\",\"url\":\"https:\/\/allwintheme.com\/\",\"name\":\"Allwintheme\",\"description\":\"Download free WordPress themes for every niche. Blogs, business, eCommerce, portfolio, restaurant and more. All themes are GPL licensed and mobile-ready.\",\"potentialAction\":[{\"@type\":\"SearchAction\",\"target\":{\"@type\":\"EntryPoint\",\"urlTemplate\":\"https:\/\/allwintheme.com\/?s={search_term_string}\"},\"query-input\":{\"@type\":\"PropertyValueSpecification\",\"valueRequired\":true,\"valueName\":\"search_term_string\"}}],\"inLanguage\":\"es-CL\"}]}<\/script>\n<!-- \/ Yoast SEO Premium plugin. -->","yoast_head_json":{"title":"Astra Premium Sites - Conversion-Optimized Templates - AllWin Theme \u2013 Free WordPress Themes Download","description":"Construye sitios web profesionales r\u00e1pidamente con Astra Premium Sites. Importa plantillas predise\u00f1adas y optimizadas para la conversi\u00f3n y personal\u00edzalas con Elementor, Beaver Builder y mucho m\u00e1s.","robots":{"index":"index","follow":"follow","max-snippet":"max-snippet:-1","max-image-preview":"max-image-preview:large","max-video-preview":"max-video-preview:-1"},"canonical":"https:\/\/allwintheme.com\/es\/producto\/sitios-astra-premium\/","og_locale":"es_ES","og_type":"article","og_title":"Astra Premium Sites - Conversion-Optimized Templates","og_description":"Build professional websites fast with Astra Premium Sites. Import pre-designed, conversion-optimized templates and customize with Elementor, Beaver Builder, and more.","og_url":"https:\/\/allwintheme.com\/es\/producto\/sitios-astra-premium\/","og_site_name":"AllWin Theme \u2013 Free WordPress Themes Download","article_modified_time":"2025-10-14T13:36:52+00:00","og_image":[{"width":590,"height":300,"url":"https:\/\/allwintheme.com\/wp-content\/uploads\/2025\/09\/0re8y0ue.png","type":"image\/png"}],"twitter_card":"summary_large_image","twitter_misc":{"Tiempo estimado de lectura":"2 minutos"},"schema":{"@context":"https:\/\/schema.org","@graph":[{"@type":"WebPage","@id":"https:\/\/allwintheme.com\/product\/astra-premium-sites\/","url":"https:\/\/allwintheme.com\/product\/astra-premium-sites\/","name":"Astra Premium Sites - Conversion-Optimized Templates - AllWin Theme \u2013 Free WordPress Themes Download","isPartOf":{"@id":"https:\/\/allwintheme.com\/#website"},"primaryImageOfPage":{"@id":"https:\/\/allwintheme.com\/product\/astra-premium-sites\/#primaryimage"},"image":{"@id":"https:\/\/allwintheme.com\/product\/astra-premium-sites\/#primaryimage"},"thumbnailUrl":"https:\/\/allwintheme.com\/wp-content\/uploads\/2025\/09\/0re8y0ue.png","datePublished":"2025-09-12T13:38:49+00:00","dateModified":"2025-10-14T13:36:52+00:00","description":"Construye sitios web profesionales r\u00e1pidamente con Astra Premium Sites. Importa plantillas predise\u00f1adas y optimizadas para la conversi\u00f3n y personal\u00edzalas con Elementor, Beaver Builder y mucho m\u00e1s.","breadcrumb":{"@id":"https:\/\/allwintheme.com\/product\/astra-premium-sites\/#breadcrumb"},"inLanguage":"es-CL","potentialAction":[{"@type":"ReadAction","target":["https:\/\/allwintheme.com\/product\/astra-premium-sites\/"]}]},{"@type":"ImageObject","inLanguage":"es-CL","@id":"https:\/\/allwintheme.com\/product\/astra-premium-sites\/#primaryimage","url":"https:\/\/allwintheme.com\/wp-content\/uploads\/2025\/09\/0re8y0ue.png","contentUrl":"https:\/\/allwintheme.com\/wp-content\/uploads\/2025\/09\/0re8y0ue.png","width":590,"height":300,"caption":"Astra Premium Sites"},{"@type":"BreadcrumbList","@id":"https:\/\/allwintheme.com\/product\/astra-premium-sites\/#breadcrumb","itemListElement":[{"@type":"ListItem","position":1,"name":"Home","item":"https:\/\/allwintheme.com\/"},{"@type":"ListItem","position":2,"name":"Shop","item":"https:\/\/allwintheme.com\/shop\/"},{"@type":"ListItem","position":3,"name":"Astra Premium Sites &#8211; Conversion-Optimized Templates"}]},{"@type":"WebSite","@id":"https:\/\/allwintheme.com\/#website","url":"https:\/\/allwintheme.com\/","name":"Allwintheme","description":"Descarga gratis temas de WordPress para todos los nichos. Blogs, negocios, comercio electr\u00f3nico, portafolio, restaurante y m\u00e1s. Todos los temas tienen licencia GPL y est\u00e1n preparados para dispositivos m\u00f3viles.","potentialAction":[{"@type":"SearchAction","target":{"@type":"EntryPoint","urlTemplate":"https:\/\/allwintheme.com\/?s={search_term_string}"},"query-input":{"@type":"PropertyValueSpecification","valueRequired":true,"valueName":"search_term_string"}}],"inLanguage":"es-CL"}]}},"_links":{"self":[{"href":"https:\/\/allwintheme.com\/es\/wp-json\/wp\/v2\/product\/6768","targetHints":{"allow":["GET"]}}],"collection":[{"href":"https:\/\/allwintheme.com\/es\/wp-json\/wp\/v2\/product"}],"about":[{"href":"https:\/\/allwintheme.com\/es\/wp-json\/wp\/v2\/types\/product"}],"replies":[{"embeddable":true,"href":"https:\/\/allwintheme.com\/es\/wp-json\/wp\/v2\/comments?post=6768"}],"version-history":[{"count":1,"href":"https:\/\/allwintheme.com\/es\/wp-json\/wp\/v2\/product\/6768\/revisions"}],"predecessor-version":[{"id":10624,"href":"https:\/\/allwintheme.com\/es\/wp-json\/wp\/v2\/product\/6768\/revisions\/10624"}],"wp:featuredmedia":[{"embeddable":true,"href":"https:\/\/allwintheme.com\/es\/wp-json\/wp\/v2\/media\/6769"}],"wp:attachment":[{"href":"https:\/\/allwintheme.com\/es\/wp-json\/wp\/v2\/media?parent=6768"}],"wp:term":[{"taxonomy":"product_brand","embeddable":true,"href":"https:\/\/allwintheme.com\/es\/wp-json\/wp\/v2\/product_brand?post=6768"},{"taxonomy":"product_cat","embeddable":true,"href":"https:\/\/allwintheme.com\/es\/wp-json\/wp\/v2\/product_cat?post=6768"},{"taxonomy":"product_tag","embeddable":true,"href":"https:\/\/allwintheme.com\/es\/wp-json\/wp\/v2\/product_tag?post=6768"}],"curies":[{"name":"wp","href":"https:\/\/api.w.org\/{rel}","templated":true}]}}